{"id":432834,"date":"2026-01-21T19:46:17","date_gmt":"2026-01-21T18:46:17","guid":{"rendered":"https:\/\/www.moskito.cz\/?post_type=product&#038;p=432834"},"modified":"2026-01-22T19:27:57","modified_gmt":"2026-01-22T18:27:57","slug":"zaviraci-nuz-spyderco-manbug-mbkhbs","status":"publish","type":"product","link":"https:\/\/www.moskito.cz\/pl\/produkt\/zaviraci-nuz-spyderco-manbug-mbkhbs\/","title":{"rendered":"Zav\u00edrac\u00ed N\u016f\u017e Spyderco Manbug MBKHBS"},"content":{"rendered":"<div class=\"flex flex-col text-sm pb-25\">\n<article class=\"text-token-text-primary w-full focus:outline-none [--shadow-height:45px] has-data-writing-block:pointer-events-none has-data-writing-block:-mt-(--shadow-height) has-data-writing-block:pt-(--shadow-height) [&amp;:has([data-writing-block])&gt;*]:pointer-events-auto scroll-mt-[calc(var(--header-height)+min(200px,max(70px,20svh)))]\" dir=\"auto\" tabindex=\"-1\" data-turn-id=\"request-WEB:5a31c067-40a2-49cd-ae2f-6812e8325e34-3\" data-testid=\"conversation-turn-8\" data-scroll-anchor=\"true\" data-turn=\"assistant\">\n<div class=\"text-base my-auto mx-auto pb-10 [--thread-content-margin:--spacing(4)] @w-sm\/main:[--thread-content-margin:--spacing(6)] @w-lg\/main:[--thread-content-margin:--spacing(16)] px-(--thread-content-margin)\">\n<div class=\"[--thread-content-max-width:40rem] @w-lg\/main:[--thread-content-max-width:48rem] mx-auto max-w-(--thread-content-max-width) flex-1 group\/turn-messages focus-visible:outline-hidden relative flex w-full min-w-0 flex-col agent-turn\" tabindex=\"-1\">\n<div class=\"flex max-w-full flex-col grow\">\n<div class=\"min-h-8 text-message relative flex w-full flex-col items-end gap-2 text-start break-words whitespace-normal [.text-message+&amp;]:mt-1\" dir=\"auto\" data-message-author-role=\"assistant\" data-message-id=\"fbb41994-342e-4c6d-8c4d-d32f6b97ffac\" data-message-model-slug=\"gpt-5-2\">\n<div class=\"flex w-full flex-col gap-1 empty:hidden first:pt-[1px]\">\n<div class=\"markdown prose dark:prose-invert w-full break-words light markdown-new-styling\">\n<p data-start=\"142\" data-end=\"406\">Jakmile \u010depel otev\u0159e\u0161 typick\u00fdm <strong data-start=\"173\" data-end=\"201\">kulat\u00fdm otvorem Spyderco<\/strong> a zajist\u00ed\u0161 ji osv\u011bd\u010den\u00fdm <strong data-start=\"227\" data-end=\"242\">back lockem<\/strong>, okam\u017eit\u011b poc\u00edt\u00ed\u0161 jistotu a p\u0159ekvapivou kontrolu \u0159ezu. <strong data-start=\"298\" data-end=\"323\">Spyderco Manbug VG-10<\/strong> je extr\u00e9mn\u011b kompaktn\u00ed n\u016f\u017e, kter\u00fd v\u0161ak sv\u00fdm v\u00fdkonem dalece p\u0159esahuje svou velikost.<\/p>\n<p data-start=\"408\" data-end=\"570\">Tento model je ur\u010den pro u\u017eivatele, kte\u0159\u00ed cht\u011bj\u00ed <strong data-start=\"457\" data-end=\"505\">nen\u00e1padn\u00fd, lehk\u00fd a maxim\u00e1ln\u011b funk\u010dn\u00ed EDC n\u016f\u017e<\/strong>, kter\u00fd m\u016f\u017ee\u0161 m\u00edt st\u00e1le u sebe \u2013 v kapse, batohu nebo na kl\u00ed\u010d\u00edch.<\/p>\n<hr data-start=\"572\" data-end=\"575\" \/>\n<h2 data-start=\"577\" data-end=\"601\">Charakter a filozofie<\/h2>\n<p data-start=\"602\" data-end=\"862\"><strong data-start=\"602\" data-end=\"621\">Spyderco Manbug<\/strong> zt\u011bles\u0148uje filozofii mal\u00e9ho pracovn\u00edho n\u00e1stroje, kter\u00fd je <strong data-start=\"680\" data-end=\"708\">v\u017edy p\u0159ipraven k pou\u017eit\u00ed<\/strong>. Jeho charakteristick\u00e1 <strong data-start=\"732\" data-end=\"760\">zahnut\u00e1 (hawkbill) \u010depel<\/strong> poskytuje mimo\u0159\u00e1dn\u011b \u00fa\u010dinn\u00fd tahov\u00fd \u0159ez, ide\u00e1ln\u00ed pro \u0161\u0148\u016fry, karton, p\u00e1sky, plasty i jemn\u00e9 p\u0159esn\u00e9 pr\u00e1ce.<\/p>\n<p data-start=\"864\" data-end=\"1153\">Nerezov\u00e1 ocel <strong data-start=\"878\" data-end=\"887\">VG-10<\/strong> nab\u00edz\u00ed velmi dobr\u00fd kompromis mezi v\u00fddr\u017e\u00ed ost\u0159\u00ed, hou\u017eevnatost\u00ed a odolnost\u00ed proti korozi. Sat\u00e9nov\u00e1 povrchov\u00e1 \u00faprava zvy\u0161uje odolnost a usnad\u0148uje \u00fadr\u017ebu. Lehk\u00e1 <strong data-start=\"1045\" data-end=\"1074\">FRN rukoje\u0165 v \u010dern\u00e9 barv\u011b<\/strong> je ergonomicky tvarovan\u00e1, pevn\u00e1 a d\u00edky texturov\u00e1n\u00ed bezpe\u010dn\u00e1 i v men\u0161\u00edch rukou.<\/p>\n<p data-start=\"1155\" data-end=\"1208\">Manbug je d\u016fkazem, \u017ee <strong data-start=\"1177\" data-end=\"1207\">velikost neznamen\u00e1 omezen\u00ed<\/strong>.<\/p>\n<hr data-start=\"1210\" data-end=\"1213\" \/>\n<h2 data-start=\"1215\" data-end=\"1230\">\ud83c\udfed O v\u00fdrobci<\/h2>\n<p data-start=\"1231\" data-end=\"1469\"><strong data-start=\"1231\" data-end=\"1243\">Spyderco<\/strong> je americk\u00e1 zna\u010dka pat\u0159\u00edc\u00ed ke sv\u011btov\u00e9 \u0161pi\u010dce v oblasti no\u017e\u016f. Je zn\u00e1m\u00e1 sv\u00fdmi technick\u00fdmi inovacemi, d\u016frazem na ergonomii a spoluprac\u00ed s profesion\u00e1ly z praxe. Ka\u017ed\u00fd model je navr\u017een tak, aby skute\u010dn\u011b fungoval v re\u00e1ln\u00e9m pou\u017eit\u00ed.<\/p>\n<hr data-start=\"1471\" data-end=\"1474\" \/>\n<h2 data-start=\"1476\" data-end=\"1503\">\u2699\ufe0f Technick\u00e9 specifikace<\/h2>\n<div class=\"TyagGW_tableContainer\">\n<div class=\"group TyagGW_tableWrapper flex flex-col-reverse w-fit\" tabindex=\"-1\">\n<table class=\"w-fit min-w-(--thread-content-width)\" data-start=\"1505\" data-end=\"1965\">\n<thead data-start=\"1505\" data-end=\"1527\">\n<tr data-start=\"1505\" data-end=\"1527\">\n<th data-start=\"1505\" data-end=\"1516\" data-col-size=\"sm\">Parametr<\/th>\n<th data-start=\"1516\" data-end=\"1527\" data-col-size=\"sm\">Hodnota<\/th>\n<\/tr>\n<\/thead>\n<tbody data-start=\"1548\" data-end=\"1965\">\n<tr data-start=\"1548\" data-end=\"1566\">\n<td data-start=\"1548\" data-end=\"1556\" data-col-size=\"sm\">Model<\/td>\n<td data-start=\"1556\" data-end=\"1566\" data-col-size=\"sm\">MBKHBS<\/td>\n<\/tr>\n<tr data-start=\"1567\" data-end=\"1598\">\n<td data-start=\"1567\" data-end=\"1583\" data-col-size=\"sm\">Celkov\u00e1 d\u00e9lka<\/td>\n<td data-start=\"1583\" data-end=\"1598\" data-col-size=\"sm\">cca 10,9 cm<\/td>\n<\/tr>\n<tr data-start=\"1599\" data-end=\"1628\">\n<td data-start=\"1599\" data-end=\"1614\" data-col-size=\"sm\">D\u00e9lka \u010depele<\/td>\n<td data-start=\"1614\" data-end=\"1628\" data-col-size=\"sm\">cca 4,7 cm<\/td>\n<\/tr>\n<tr data-start=\"1629\" data-end=\"1661\">\n<td data-start=\"1629\" data-end=\"1647\" data-col-size=\"sm\">Tlou\u0161\u0165ka \u010depele<\/td>\n<td data-start=\"1647\" data-end=\"1661\" data-col-size=\"sm\">cca 2,5 mm<\/td>\n<\/tr>\n<tr data-start=\"1662\" data-end=\"1703\">\n<td data-start=\"1662\" data-end=\"1680\" data-col-size=\"sm\">Materi\u00e1l \u010depele<\/td>\n<td data-start=\"1680\" data-end=\"1703\" data-col-size=\"sm\">VG-10 nerezov\u00e1 ocel<\/td>\n<\/tr>\n<tr data-start=\"1704\" data-end=\"1737\">\n<td data-start=\"1704\" data-end=\"1720\" data-col-size=\"sm\">Tvrdost oceli<\/td>\n<td data-start=\"1720\" data-end=\"1737\" data-col-size=\"sm\">cca 58\u201361 HRC<\/td>\n<\/tr>\n<tr data-start=\"1738\" data-end=\"1764\">\n<td data-start=\"1738\" data-end=\"1752\" data-col-size=\"sm\">Tvar \u010depele<\/td>\n<td data-start=\"1752\" data-end=\"1764\" data-col-size=\"sm\">Hawkbill<\/td>\n<\/tr>\n<tr data-start=\"1765\" data-end=\"1793\">\n<td data-start=\"1765\" data-end=\"1774\" data-col-size=\"sm\">V\u00fdbrus<\/td>\n<td data-start=\"1774\" data-end=\"1793\" data-col-size=\"sm\">Full Flat Grind<\/td>\n<\/tr>\n<tr data-start=\"1794\" data-end=\"1819\">\n<td data-start=\"1794\" data-end=\"1810\" data-col-size=\"sm\">Povrch \u010depele<\/td>\n<td data-start=\"1810\" data-end=\"1819\" data-col-size=\"sm\">Sat\u00e9n<\/td>\n<\/tr>\n<tr data-start=\"1820\" data-end=\"1845\">\n<td data-start=\"1820\" data-end=\"1830\" data-col-size=\"sm\">Rukoje\u0165<\/td>\n<td data-start=\"1830\" data-end=\"1845\" data-col-size=\"sm\">FRN \u2013 \u010dern\u00e1<\/td>\n<\/tr>\n<tr data-start=\"1846\" data-end=\"1867\">\n<td data-start=\"1846\" data-end=\"1854\" data-col-size=\"sm\">Z\u00e1mek<\/td>\n<td data-start=\"1854\" data-end=\"1867\" data-col-size=\"sm\">Back Lock<\/td>\n<\/tr>\n<tr data-start=\"1868\" data-end=\"1905\">\n<td data-start=\"1868\" data-end=\"1880\" data-col-size=\"sm\">Otev\u00edr\u00e1n\u00ed<\/td>\n<td data-start=\"1880\" data-end=\"1905\" data-col-size=\"sm\">Kulat\u00fd otvor Spyderco<\/td>\n<\/tr>\n<tr data-start=\"1906\" data-end=\"1919\">\n<td data-start=\"1906\" data-end=\"1913\" data-col-size=\"sm\">Klip<\/td>\n<td data-start=\"1913\" data-end=\"1919\" data-col-size=\"sm\">Ne<\/td>\n<\/tr>\n<tr data-start=\"1920\" data-end=\"1943\">\n<td data-start=\"1920\" data-end=\"1931\" data-col-size=\"sm\">Hmotnost<\/td>\n<td data-start=\"1931\" data-end=\"1943\" data-col-size=\"sm\">cca 19 g<\/td>\n<\/tr>\n<tr data-start=\"1944\" data-end=\"1965\">\n<td data-start=\"1944\" data-end=\"1953\" data-col-size=\"sm\">V\u00fdroba<\/td>\n<td data-start=\"1953\" data-end=\"1965\" data-col-size=\"sm\">Japonsko<\/td>\n<\/tr>\n<\/tbody>\n<\/table>\n<\/div>\n<\/div>\n<hr data-start=\"1967\" data-end=\"1970\" \/>\n<h2 data-start=\"1972\" data-end=\"1990\">\u2705 Hlavn\u00ed v\u00fdhody<\/h2>\n<ul data-start=\"1991\" data-end=\"2243\">\n<li data-start=\"1991\" data-end=\"2052\">\n<p data-start=\"1993\" data-end=\"2052\">Ocel <strong data-start=\"1998\" data-end=\"2007\">VG-10<\/strong> \u2013 spolehliv\u00e1, odoln\u00e1 a snadno udr\u017eovateln\u00e1<\/p>\n<\/li>\n<li data-start=\"2053\" data-end=\"2101\">\n<p data-start=\"2055\" data-end=\"2101\">Hawkbill \u010depel \u2013 v\u00fdjime\u010dn\u011b \u00fa\u010dinn\u00fd tahov\u00fd \u0159ez<\/p>\n<\/li>\n<li data-start=\"2102\" data-end=\"2158\">\n<p data-start=\"2104\" data-end=\"2158\">Velmi n\u00edzk\u00e1 hmotnost \u2013 ide\u00e1ln\u00ed pro ka\u017edodenn\u00ed no\u0161en\u00ed<\/p>\n<\/li>\n<li data-start=\"2159\" data-end=\"2201\">\n<p data-start=\"2161\" data-end=\"2201\">Back Lock \u2013 bezpe\u010dn\u00fd a osv\u011bd\u010den\u00fd z\u00e1mek<\/p>\n<\/li>\n<li data-start=\"2202\" data-end=\"2243\">\n<p data-start=\"2204\" data-end=\"2243\">Kompaktn\u00ed rozm\u011bry \u2013 vejde se kamkoliv<\/p>\n<\/li>\n<\/ul>\n<hr data-start=\"2245\" data-end=\"2248\" \/>\n<h2 data-start=\"2250\" data-end=\"2269\">\u26a0\ufe0f Mo\u017en\u00e1 omezen\u00ed<\/h2>\n<ul data-start=\"2270\" data-end=\"2406\">\n<li data-start=\"2270\" data-end=\"2321\">\n<p data-start=\"2272\" data-end=\"2321\">Mal\u00e1 velikost nemus\u00ed vyhovovat pro hrub\u0161\u00ed pr\u00e1ci<\/p>\n<\/li>\n<li data-start=\"2322\" data-end=\"2378\">\n<p data-start=\"2324\" data-end=\"2378\">Hawkbill tvar nen\u00ed univerz\u00e1ln\u00ed pro v\u0161echny typy \u0159ez\u016f<\/p>\n<\/li>\n<li data-start=\"2379\" data-end=\"2406\">\n<p data-start=\"2381\" data-end=\"2406\">Absence kapesn\u00edho klipu<\/p>\n<\/li>\n<\/ul>\n<hr data-start=\"2408\" data-end=\"2411\" \/>\n<h2 data-start=\"2413\" data-end=\"2433\">\ud83d\udee0\ufe0f \u00dadr\u017eba a p\u00e9\u010de<\/h2>\n<ul data-start=\"2434\" data-end=\"2547\">\n<li data-start=\"2434\" data-end=\"2467\">\n<p data-start=\"2436\" data-end=\"2467\">Po pou\u017eit\u00ed \u010depel ot\u0159i a osu\u0161\u00ed<\/p>\n<\/li>\n<li data-start=\"2468\" data-end=\"2502\">\n<p data-start=\"2470\" data-end=\"2502\">Ob\u010das lehce proma\u017e \u010dep a z\u00e1mek<\/p>\n<\/li>\n<li data-start=\"2503\" data-end=\"2547\">\n<p data-start=\"2505\" data-end=\"2547\">Pravideln\u011b udr\u017euj ost\u0159\u00ed jemn\u00fdm brou\u0161en\u00edm<\/p>\n<\/li>\n<\/ul>\n<hr data-start=\"2549\" data-end=\"2552\" \/>\n<h2 data-start=\"2554\" data-end=\"2590\">\ud83d\udd2a Pro udr\u017een\u00ed ost\u0159\u00ed doporu\u010dujeme<\/h2>\n<p data-start=\"2591\" data-end=\"2706\">Pou\u017e\u00edvat jemn\u00e9 brousky nebo syst\u00e9my umo\u017e\u0148uj\u00edc\u00ed p\u0159esn\u00e9 nastaven\u00ed \u00fahlu, aby nedoch\u00e1zelo k nadm\u011brn\u00e9mu \u00fab\u011bru materi\u00e1lu.<\/p>\n<hr data-start=\"2708\" data-end=\"2711\" \/>\n<h2 data-start=\"2713\" data-end=\"2762\">\ud83d\uded2 Zakoup\u00ed\u0161 na na\u0161ich str\u00e1nk\u00e1ch <strong data-start=\"2748\" data-end=\"2762\">Moskito.cz<\/strong><\/h2>\n<hr data-start=\"2764\" data-end=\"2767\" \/>\n<h2 data-start=\"2769\" data-end=\"2789\">\ud83c\udfaf Doporu\u010deno pro<\/h2>\n<ul data-start=\"2790\" data-end=\"2912\">\n<li data-start=\"2790\" data-end=\"2815\">\n<p data-start=\"2792\" data-end=\"2815\">ka\u017edodenn\u00ed EDC no\u0161en\u00ed<\/p>\n<\/li>\n<li data-start=\"2816\" data-end=\"2839\">\n<p data-start=\"2818\" data-end=\"2839\">jemn\u00e9 a p\u0159esn\u00e9 \u0159ezy<\/p>\n<\/li>\n<li data-start=\"2840\" data-end=\"2885\">\n<p data-start=\"2842\" data-end=\"2885\">u\u017eivatele hledaj\u00edc\u00ed mal\u00fd, ale v\u00fdkonn\u00fd n\u016f\u017e<\/p>\n<\/li>\n<li data-start=\"2886\" data-end=\"2912\">\n<p data-start=\"2888\" data-end=\"2912\">minimalistickou v\u00fdbavu<\/p>\n<\/li>\n<\/ul>\n<hr data-start=\"2914\" data-end=\"2917\" \/>\n<h2 data-start=\"2919\" data-end=\"2943\">\u2b50 Z\u00e1v\u011bre\u010dn\u00e9 hodnocen\u00ed<\/h2>\n<p data-start=\"2944\" data-end=\"3153\"><strong data-start=\"2944\" data-end=\"2969\">Spyderco Manbug VG-10<\/strong> je mal\u00fd, lehk\u00fd a extr\u00e9mn\u011b schopn\u00fd zav\u00edrac\u00ed n\u016f\u017e, kter\u00fd t\u011b nezklame p\u0159i ka\u017edodenn\u00edch \u00fakolech. Nab\u00edz\u00ed kvalitn\u00ed materi\u00e1ly, promy\u0161len\u00fd design a v\u00fdkon, kter\u00fd je na svou velikost p\u0159ekvapiv\u00fd.<\/p>\n<p data-start=\"3155\" data-end=\"3194\"><strong data-start=\"3155\" data-end=\"3194\">Manbug \u2013 mal\u00fd n\u016f\u017e, velk\u00e1 funk\u010dnost.<\/strong><\/p>\n<\/div>\n<\/div>\n<\/div>\n<\/div>\n<\/div>\n<\/div>\n<\/article>\n<\/div>\n","protected":false},"excerpt":{"rendered":"<p data-start=\"2944\" data-end=\"3153\"><strong>Spyderco Manbug VG-10 je mal\u00fd, lehk\u00fd a extr\u00e9mn\u011b schopn\u00fd zav\u00edrac\u00ed n\u016f\u017e, kter\u00fd t\u011b nezklame p\u0159i ka\u017edodenn\u00edch \u00fakolech. Nab\u00edz\u00ed kvalitn\u00ed materi\u00e1ly, promy\u0161len\u00fd design a v\u00fdkon, kter\u00fd je na svou velikost p\u0159ekvapiv\u00fd.<\/strong><\/p>\n<p data-start=\"3155\" data-end=\"3194\"><strong>Manbug \u2013 mal\u00fd n\u016f\u017e, velk\u00e1 funk\u010dnost.<\/strong><\/p>\n","protected":false},"featured_media":432835,"comment_status":"open","ping_status":"closed","template":"","meta":[],"pwb-brand":[567],"product_brand":[],"product_cat":[22,17],"product_tag":[],"class_list":{"0":"post-432834","1":"product","2":"type-product","3":"status-publish","4":"has-post-thumbnail","6":"pwb-brand-spyderco","7":"product_cat-zaviraci-noze","8":"product_cat-noze","10":"first","11":"instock","12":"taxable","13":"shipping-taxable","14":"purchasable","15":"product-type-simple"},"brands":[{"id":567,"name":"Spyderco","slug":"spyderco"}],"_links":{"self":[{"href":"https:\/\/www.moskito.cz\/pl\/wp-json\/wp\/v2\/product\/432834","targetHints":{"allow":["GET"]}}],"collection":[{"href":"https:\/\/www.moskito.cz\/pl\/wp-json\/wp\/v2\/product"}],"about":[{"href":"https:\/\/www.moskito.cz\/pl\/wp-json\/wp\/v2\/types\/product"}],"replies":[{"embeddable":true,"href":"https:\/\/www.moskito.cz\/pl\/wp-json\/wp\/v2\/comments?post=432834"}],"wp:featuredmedia":[{"embeddable":true,"href":"https:\/\/www.moskito.cz\/pl\/wp-json\/wp\/v2\/media\/432835"}],"wp:attachment":[{"href":"https:\/\/www.moskito.cz\/pl\/wp-json\/wp\/v2\/media?parent=432834"}],"wp:term":[{"taxonomy":"pwb-brand","embeddable":true,"href":"https:\/\/www.moskito.cz\/pl\/wp-json\/wp\/v2\/pwb-brand?post=432834"},{"taxonomy":"product_brand","embeddable":true,"href":"https:\/\/www.moskito.cz\/pl\/wp-json\/wp\/v2\/product_brand?post=432834"},{"taxonomy":"product_cat","embeddable":true,"href":"https:\/\/www.moskito.cz\/pl\/wp-json\/wp\/v2\/product_cat?post=432834"},{"taxonomy":"product_tag","embeddable":true,"href":"https:\/\/www.moskito.cz\/pl\/wp-json\/wp\/v2\/product_tag?post=432834"}],"curies":[{"name":"wp","href":"https:\/\/api.w.org\/{rel}","templated":true}]}}