{"id":432875,"date":"2026-01-21T20:01:36","date_gmt":"2026-01-21T19:01:36","guid":{"rendered":"https:\/\/www.moskito.cz\/?post_type=product&#038;p=432875"},"modified":"2026-01-28T20:31:34","modified_gmt":"2026-01-28T19:31:34","slug":"zaviraci-nuz-spyderco-balance-c141gpcbl","status":"publish","type":"product","link":"https:\/\/www.moskito.cz\/pl\/produkt\/zaviraci-nuz-spyderco-balance-c141gpcbl\/","title":{"rendered":"Zav\u00edrac\u00ed N\u016f\u017e Spyderco Balance C141GPCBL"},"content":{"rendered":"<p data-start=\"106\" data-end=\"449\">Jakmile \u010depel otev\u0159e\u0161 typick\u00fdm <strong data-start=\"137\" data-end=\"165\">kulat\u00fdm otvorem Spyderco<\/strong> a zajist\u00ed\u0161 ji pevn\u00fdm <strong data-start=\"187\" data-end=\"225\">Reeve Integral Lockem (frame lock)<\/strong>, okam\u017eit\u011b uc\u00edt\u00ed\u0161 p\u0159esn\u011b to, podle \u010deho n\u016f\u017e dostal sv\u00e9 jm\u00e9no \u2014 <strong data-start=\"288\" data-end=\"311\">dokonalou rovnov\u00e1hu<\/strong>. <strong data-start=\"313\" data-end=\"359\">Spyderco Balance G-10 CPM SPY27 Sprint Run<\/strong> je kompaktn\u00ed n\u016f\u017e, kter\u00fd p\u016fsob\u00ed ne\u010dekan\u011b jist\u011b, stabiln\u011b a velmi kontrolovateln\u011b p\u0159i \u0159ezu.<\/p>\n<p data-start=\"451\" data-end=\"606\">Tento model je ur\u010den pro u\u017eivatele, kte\u0159\u00ed hledaj\u00ed <strong data-start=\"501\" data-end=\"537\">mal\u00fd, ale vysoce schopn\u00fd EDC n\u016f\u017e<\/strong>, s pr\u00e9miov\u00fdmi materi\u00e1ly, precizn\u00edm zpracov\u00e1n\u00edm a jasn\u00fdm charakterem.<\/p>\n<hr data-start=\"608\" data-end=\"611\" \/>\n<h2 data-start=\"613\" data-end=\"637\">Charakter a filozofie<\/h2>\n<p data-start=\"638\" data-end=\"874\"><strong data-start=\"638\" data-end=\"658\">Spyderco Balance<\/strong> je n\u00e1vrhem legend\u00e1rn\u00edho no\u017e\u00ed\u0159e <strong data-start=\"690\" data-end=\"706\">Eda Schemppa<\/strong>, kter\u00fd klade d\u016fraz na ergonomii, p\u0159irozen\u00fd \u00fachop a efektivn\u00ed \u0159ez. Kr\u00e1tk\u00e1, \u0161irok\u00e1 \u010depel s m\u00edrn\u00fdm zak\u0159iven\u00edm poskytuje vynikaj\u00edc\u00ed kontrolu a s\u00edlu \u0159ezu i p\u0159i jemn\u00e9 pr\u00e1ci.<\/p>\n<p data-start=\"876\" data-end=\"1089\">Ocel <strong data-start=\"881\" data-end=\"894\">CPM SPY27<\/strong> je modern\u00ed pr\u00e1\u0161kov\u00e1 ocel vyvinut\u00e1 exkluzivn\u011b pro Spyderco. Nab\u00edz\u00ed skv\u011blou v\u00fddr\u017e ost\u0159\u00ed, dobrou hou\u017eevnatost a vysokou odolnost proti korozi, co\u017e z n\u00ed d\u011bl\u00e1 ide\u00e1ln\u00ed materi\u00e1l pro ka\u017edodenn\u00ed pou\u017eit\u00ed.<\/p>\n<p data-start=\"1091\" data-end=\"1319\">Rukoje\u0165 kombinuje <strong data-start=\"1109\" data-end=\"1133\">koboltov\u011b modr\u00e9 G-10<\/strong> a <strong data-start=\"1136\" data-end=\"1154\">nerezovou ocel<\/strong>, \u010d\u00edm\u017e vznik\u00e1 pevn\u00e1, odoln\u00e1 a vizu\u00e1ln\u011b v\u00fdrazn\u00e1 konstrukce. Tento model je nav\u00edc vyroben jako <strong data-start=\"1247\" data-end=\"1261\">Sprint Run<\/strong>, tedy limitovan\u00e1 edice, kter\u00e1 podtrhuje jeho v\u00fdjime\u010dnost.<\/p>\n<p data-start=\"1321\" data-end=\"1426\">Ka\u017ed\u00fd detail no\u017ee Balance je navr\u017een tak, aby poskytoval <strong data-start=\"1378\" data-end=\"1425\">maxim\u00e1ln\u00ed kontrolu, bezpe\u010dnost a efektivitu<\/strong>.<\/p>\n<hr data-start=\"1428\" data-end=\"1431\" \/>\n<h2 data-start=\"1433\" data-end=\"1448\">\ud83c\udfed O v\u00fdrobci<\/h2>\n<p data-start=\"1449\" data-end=\"1715\"><strong data-start=\"1449\" data-end=\"1461\">Spyderco<\/strong> je americk\u00e1 zna\u010dka pat\u0159\u00edc\u00ed mezi absolutn\u00ed \u0161pi\u010dku ve v\u00fdrob\u011b no\u017e\u016f. Je zn\u00e1m\u00e1 sv\u00fdm inovativn\u00edm p\u0159\u00edstupem, spoluprac\u00ed s renomovan\u00fdmi design\u00e9ry a d\u016frazem na skute\u010dn\u00e9 pou\u017eit\u00ed v praxi. Model Balance je d\u016fkazem precizn\u00edho technick\u00e9ho my\u0161len\u00ed a funk\u010dn\u00edho designu.<\/p>\n<hr data-start=\"1717\" data-end=\"1720\" \/>\n<h2 data-start=\"1722\" data-end=\"1749\">\u2699\ufe0f Technick\u00e9 specifikace<\/h2>\n<div class=\"TyagGW_tableContainer\">\n<div class=\"group TyagGW_tableWrapper flex flex-col-reverse w-fit\" tabindex=\"-1\">\n<table class=\"w-fit min-w-(--thread-content-width)\" data-start=\"1751\" data-end=\"2319\">\n<thead data-start=\"1751\" data-end=\"1773\">\n<tr data-start=\"1751\" data-end=\"1773\">\n<th data-start=\"1751\" data-end=\"1762\" data-col-size=\"sm\">Parametr<\/th>\n<th data-start=\"1762\" data-end=\"1773\" data-col-size=\"sm\">Hodnota<\/th>\n<\/tr>\n<\/thead>\n<tbody data-start=\"1794\" data-end=\"2319\">\n<tr data-start=\"1794\" data-end=\"1815\">\n<td data-start=\"1794\" data-end=\"1802\" data-col-size=\"sm\">Model<\/td>\n<td data-start=\"1802\" data-end=\"1815\" data-col-size=\"sm\">C141GPCBL<\/td>\n<\/tr>\n<tr data-start=\"1816\" data-end=\"1847\">\n<td data-start=\"1816\" data-end=\"1832\" data-col-size=\"sm\">Celkov\u00e1 d\u00e9lka<\/td>\n<td data-start=\"1832\" data-end=\"1847\" data-col-size=\"sm\">cca 11,4 cm<\/td>\n<\/tr>\n<tr data-start=\"1848\" data-end=\"1877\">\n<td data-start=\"1848\" data-end=\"1863\" data-col-size=\"sm\">D\u00e9lka \u010depele<\/td>\n<td data-start=\"1863\" data-end=\"1877\" data-col-size=\"sm\">cca 5,1 cm<\/td>\n<\/tr>\n<tr data-start=\"1878\" data-end=\"1910\">\n<td data-start=\"1878\" data-end=\"1896\" data-col-size=\"sm\">Tlou\u0161\u0165ka \u010depele<\/td>\n<td data-start=\"1896\" data-end=\"1910\" data-col-size=\"sm\">cca 2,0 mm<\/td>\n<\/tr>\n<tr data-start=\"1911\" data-end=\"1942\">\n<td data-start=\"1911\" data-end=\"1929\" data-col-size=\"sm\">Materi\u00e1l \u010depele<\/td>\n<td data-start=\"1929\" data-end=\"1942\" data-col-size=\"sm\">CPM SPY27<\/td>\n<\/tr>\n<tr data-start=\"1943\" data-end=\"1976\">\n<td data-start=\"1943\" data-end=\"1959\" data-col-size=\"sm\">Tvrdost oceli<\/td>\n<td data-start=\"1959\" data-end=\"1976\" data-col-size=\"sm\">cca 60\u201361 HRC<\/td>\n<\/tr>\n<tr data-start=\"1977\" data-end=\"2030\">\n<td data-start=\"1977\" data-end=\"1991\" data-col-size=\"sm\">Tvar \u010depele<\/td>\n<td data-start=\"1991\" data-end=\"2030\" data-col-size=\"sm\">Downturned \/ kr\u00e1tk\u00fd pracovn\u00ed profil<\/td>\n<\/tr>\n<tr data-start=\"2031\" data-end=\"2059\">\n<td data-start=\"2031\" data-end=\"2040\" data-col-size=\"sm\">V\u00fdbrus<\/td>\n<td data-start=\"2040\" data-end=\"2059\" data-col-size=\"sm\">Full Flat Grind<\/td>\n<\/tr>\n<tr data-start=\"2060\" data-end=\"2085\">\n<td data-start=\"2060\" data-end=\"2076\" data-col-size=\"sm\">Povrch \u010depele<\/td>\n<td data-start=\"2076\" data-end=\"2085\" data-col-size=\"sm\">Sat\u00e9n<\/td>\n<\/tr>\n<tr data-start=\"2086\" data-end=\"2134\">\n<td data-start=\"2086\" data-end=\"2096\" data-col-size=\"sm\">Rukoje\u0165<\/td>\n<td data-start=\"2096\" data-end=\"2134\" data-col-size=\"sm\">G-10 (cobalt blue) + nerezov\u00e1 ocel<\/td>\n<\/tr>\n<tr data-start=\"2135\" data-end=\"2179\">\n<td data-start=\"2135\" data-end=\"2143\" data-col-size=\"sm\">Z\u00e1mek<\/td>\n<td data-start=\"2143\" data-end=\"2179\" data-col-size=\"sm\">Reeve Integral Lock (Frame Lock)<\/td>\n<\/tr>\n<tr data-start=\"2180\" data-end=\"2217\">\n<td data-start=\"2180\" data-end=\"2192\" data-col-size=\"sm\">Otev\u00edr\u00e1n\u00ed<\/td>\n<td data-start=\"2192\" data-end=\"2217\" data-col-size=\"sm\">Kulat\u00fd otvor Spyderco<\/td>\n<\/tr>\n<tr data-start=\"2218\" data-end=\"2250\">\n<td data-start=\"2218\" data-end=\"2225\" data-col-size=\"sm\">Klip<\/td>\n<td data-start=\"2225\" data-end=\"2250\" data-col-size=\"sm\">Reverzibiln\u00ed \u2013 tip-up<\/td>\n<\/tr>\n<tr data-start=\"2251\" data-end=\"2274\">\n<td data-start=\"2251\" data-end=\"2262\" data-col-size=\"sm\">Hmotnost<\/td>\n<td data-start=\"2262\" data-end=\"2274\" data-col-size=\"sm\">cca 40 g<\/td>\n<\/tr>\n<tr data-start=\"2275\" data-end=\"2296\">\n<td data-start=\"2275\" data-end=\"2284\" data-col-size=\"sm\">V\u00fdroba<\/td>\n<td data-start=\"2284\" data-end=\"2296\" data-col-size=\"sm\">Japonsko<\/td>\n<\/tr>\n<tr data-start=\"2297\" data-end=\"2319\">\n<td data-start=\"2297\" data-end=\"2305\" data-col-size=\"sm\">Edice<\/td>\n<td data-start=\"2305\" data-end=\"2319\" data-col-size=\"sm\">Sprint Run<\/td>\n<\/tr>\n<\/tbody>\n<\/table>\n<\/div>\n<\/div>\n<hr data-start=\"2321\" data-end=\"2324\" \/>\n<h2 data-start=\"2326\" data-end=\"2344\">\u2705 Hlavn\u00ed v\u00fdhody<\/h2>\n<ul data-start=\"2345\" data-end=\"2584\">\n<li data-start=\"2345\" data-end=\"2400\">\n<p data-start=\"2347\" data-end=\"2400\">Ocel <strong data-start=\"2352\" data-end=\"2365\">CPM SPY27<\/strong> \u2013 modern\u00ed, odoln\u00e1 a dlouho ostr\u00e1<\/p>\n<\/li>\n<li data-start=\"2401\" data-end=\"2452\">\n<p data-start=\"2403\" data-end=\"2452\">V\u00fdborn\u00e1 ergonomie \u2013 n\u016f\u017e perfektn\u011b \u201esed\u00ed\u201c v ruce<\/p>\n<\/li>\n<li data-start=\"2453\" data-end=\"2505\">\n<p data-start=\"2455\" data-end=\"2505\"><strong data-start=\"2455\" data-end=\"2478\">Frame Lock (R.I.L.)<\/strong> \u2013 pevn\u00fd a bezpe\u010dn\u00fd z\u00e1mek<\/p>\n<\/li>\n<li data-start=\"2506\" data-end=\"2552\">\n<p data-start=\"2508\" data-end=\"2552\">Kompaktn\u00ed rozm\u011bry s vysokou kontrolou \u0159ezu<\/p>\n<\/li>\n<li data-start=\"2553\" data-end=\"2584\">\n<p data-start=\"2555\" data-end=\"2584\">Limitovan\u00e1 edice Sprint Run<\/p>\n<\/li>\n<\/ul>\n<hr data-start=\"2586\" data-end=\"2589\" \/>\n<h2 data-start=\"2591\" data-end=\"2610\">\u26a0\ufe0f Mo\u017en\u00e1 omezen\u00ed<\/h2>\n<ul data-start=\"2611\" data-end=\"2746\">\n<li data-start=\"2611\" data-end=\"2656\">\n<p data-start=\"2613\" data-end=\"2656\">Kr\u00e1tk\u00e1 \u010depel nen\u00ed ur\u010dena pro t\u011b\u017ekou pr\u00e1ci<\/p>\n<\/li>\n<li data-start=\"2657\" data-end=\"2698\">\n<p data-start=\"2659\" data-end=\"2698\">Mal\u00e9 rozm\u011bry nemus\u00ed vyhovovat ka\u017ed\u00e9mu<\/p>\n<\/li>\n<li data-start=\"2699\" data-end=\"2746\">\n<p data-start=\"2701\" data-end=\"2746\">Limitovan\u00e1 dostupnost d\u00edky Sprint Run edici<\/p>\n<\/li>\n<\/ul>\n<hr data-start=\"2748\" data-end=\"2751\" \/>\n<h2 data-start=\"2753\" data-end=\"2773\">\ud83d\udee0\ufe0f \u00dadr\u017eba a p\u00e9\u010de<\/h2>\n<ul data-start=\"2774\" data-end=\"2919\">\n<li data-start=\"2774\" data-end=\"2807\">\n<p data-start=\"2776\" data-end=\"2807\">Po pou\u017eit\u00ed \u010depel ot\u0159i a osu\u0161\u00ed<\/p>\n<\/li>\n<li data-start=\"2808\" data-end=\"2842\">\n<p data-start=\"2810\" data-end=\"2842\">Ob\u010das lehce proma\u017e \u010dep a z\u00e1mek<\/p>\n<\/li>\n<li data-start=\"2843\" data-end=\"2888\">\n<p data-start=\"2845\" data-end=\"2888\">Ost\u0159\u00ed udr\u017euj pravideln\u00fdm jemn\u00fdm brou\u0161en\u00edm<\/p>\n<\/li>\n<li data-start=\"2889\" data-end=\"2919\">\n<p data-start=\"2891\" data-end=\"2919\">Skladuj v such\u00e9m prost\u0159ed\u00ed<\/p>\n<\/li>\n<\/ul>\n<hr data-start=\"2921\" data-end=\"2924\" \/>\n<h2 data-start=\"2926\" data-end=\"2962\">\ud83d\udd2a Pro udr\u017een\u00ed ost\u0159\u00ed doporu\u010dujeme<\/h2>\n<p data-start=\"2963\" data-end=\"3084\">Pou\u017e\u00edvat jemn\u00e9 brusn\u00e9 syst\u00e9my s p\u0159esn\u00fdm nastaven\u00edm \u00fahlu, aby byla zachov\u00e1na geometrie ost\u0159\u00ed a maxim\u00e1ln\u00ed \u017eivotnost \u010depele.<\/p>\n<hr data-start=\"3086\" data-end=\"3089\" \/>\n<h2 data-start=\"3091\" data-end=\"3140\">\ud83d\uded2 Zakoup\u00ed\u0161 na na\u0161ich str\u00e1nk\u00e1ch <strong data-start=\"3126\" data-end=\"3140\">Moskito.cz<\/strong><\/h2>\n<hr data-start=\"3142\" data-end=\"3145\" \/>\n<h2 data-start=\"3147\" data-end=\"3167\">\ud83c\udfaf Doporu\u010deno pro<\/h2>\n<ul data-start=\"3168\" data-end=\"3322\">\n<li data-start=\"3168\" data-end=\"3193\">\n<p data-start=\"3170\" data-end=\"3193\">ka\u017edodenn\u00ed EDC no\u0161en\u00ed<\/p>\n<\/li>\n<li data-start=\"3194\" data-end=\"3240\">\n<p data-start=\"3196\" data-end=\"3240\">u\u017eivatele hledaj\u00edc\u00ed mal\u00fd, ale precizn\u00ed n\u016f\u017e<\/p>\n<\/li>\n<li data-start=\"3241\" data-end=\"3280\">\n<p data-start=\"3243\" data-end=\"3280\">fanou\u0161ky limitovan\u00fdch edic Spyderco<\/p>\n<\/li>\n<li data-start=\"3281\" data-end=\"3322\">\n<p data-start=\"3283\" data-end=\"3322\">minimalistickou v\u00fdbavu bez kompromis\u016f<\/p>\n<\/li>\n<\/ul>\n<hr data-start=\"3324\" data-end=\"3327\" \/>\n<h2 data-start=\"3329\" data-end=\"3353\">\u2b50 Z\u00e1v\u011bre\u010dn\u00e9 hodnocen\u00ed<\/h2>\n<p data-start=\"3354\" data-end=\"3548\"><strong data-start=\"3354\" data-end=\"3400\">Spyderco Balance G-10 CPM SPY27 Sprint Run<\/strong> je mal\u00fd, precizn\u00ed a mimo\u0159\u00e1dn\u011b vyv\u00e1\u017een\u00fd zav\u00edrac\u00ed n\u016f\u017e. Nab\u00edz\u00ed \u0161pi\u010dkov\u00e9 materi\u00e1ly, promy\u0161lenou ergonomii a v\u00fdkon, kter\u00fd dalece p\u0159esahuje jeho rozm\u011bry.<\/p>\n<p data-start=\"3550\" data-end=\"3589\"><strong data-start=\"3550\" data-end=\"3589\">Balance \u2013 kdy\u017e na rovnov\u00e1ze z\u00e1le\u017e\u00ed.<\/strong><\/p>\n","protected":false},"excerpt":{"rendered":"<p data-start=\"3354\" data-end=\"3548\"><strong>Spyderco Balance G-10 CPM SPY27 Sprint Run je mal\u00fd, precizn\u00ed a mimo\u0159\u00e1dn\u011b vyv\u00e1\u017een\u00fd zav\u00edrac\u00ed n\u016f\u017e. Nab\u00edz\u00ed \u0161pi\u010dkov\u00e9 materi\u00e1ly, promy\u0161lenou ergonomii a v\u00fdkon, kter\u00fd dalece p\u0159esahuje jeho rozm\u011bry.<\/strong><\/p>\n<p data-start=\"3550\" data-end=\"3589\"><strong>Balance \u2013 kdy\u017e na rovnov\u00e1ze z\u00e1le\u017e\u00ed.<\/strong><\/p>\n<p data-start=\"3550\" data-end=\"3589\"><strong>Doprava zdarma.<\/strong><\/p>\n","protected":false},"featured_media":432876,"comment_status":"open","ping_status":"closed","template":"","meta":[],"pwb-brand":[567],"product_brand":[],"product_cat":[22,17],"product_tag":[],"class_list":{"0":"post-432875","1":"product","2":"type-product","3":"status-publish","4":"has-post-thumbnail","6":"pwb-brand-spyderco","7":"product_cat-zaviraci-noze","8":"product_cat-noze","10":"first","11":"instock","12":"taxable","13":"shipping-taxable","14":"purchasable","15":"product-type-simple"},"brands":[{"id":567,"name":"Spyderco","slug":"spyderco"}],"_links":{"self":[{"href":"https:\/\/www.moskito.cz\/pl\/wp-json\/wp\/v2\/product\/432875","targetHints":{"allow":["GET"]}}],"collection":[{"href":"https:\/\/www.moskito.cz\/pl\/wp-json\/wp\/v2\/product"}],"about":[{"href":"https:\/\/www.moskito.cz\/pl\/wp-json\/wp\/v2\/types\/product"}],"replies":[{"embeddable":true,"href":"https:\/\/www.moskito.cz\/pl\/wp-json\/wp\/v2\/comments?post=432875"}],"wp:featuredmedia":[{"embeddable":true,"href":"https:\/\/www.moskito.cz\/pl\/wp-json\/wp\/v2\/media\/432876"}],"wp:attachment":[{"href":"https:\/\/www.moskito.cz\/pl\/wp-json\/wp\/v2\/media?parent=432875"}],"wp:term":[{"taxonomy":"pwb-brand","embeddable":true,"href":"https:\/\/www.moskito.cz\/pl\/wp-json\/wp\/v2\/pwb-brand?post=432875"},{"taxonomy":"product_brand","embeddable":true,"href":"https:\/\/www.moskito.cz\/pl\/wp-json\/wp\/v2\/product_brand?post=432875"},{"taxonomy":"product_cat","embeddable":true,"href":"https:\/\/www.moskito.cz\/pl\/wp-json\/wp\/v2\/product_cat?post=432875"},{"taxonomy":"product_tag","embeddable":true,"href":"https:\/\/www.moskito.cz\/pl\/wp-json\/wp\/v2\/product_tag?post=432875"}],"curies":[{"name":"wp","href":"https:\/\/api.w.org\/{rel}","templated":true}]}}