{"id":433024,"date":"2026-01-21T21:09:44","date_gmt":"2026-01-21T20:09:44","guid":{"rendered":"https:\/\/www.moskito.cz\/?post_type=product&#038;p=433024"},"modified":"2026-03-18T22:55:58","modified_gmt":"2026-03-18T21:55:58","slug":"zaviraci-nuz-spyderco-dragonfly-2-c28pcbl2","status":"publish","type":"product","link":"https:\/\/www.moskito.cz\/pl\/produkt\/zaviraci-nuz-spyderco-dragonfly-2-c28pcbl2\/","title":{"rendered":"Zav\u00edrac\u00ed N\u016f\u017e Spyderco Dragonfly 2 C28PCBL2"},"content":{"rendered":"<p data-start=\"95\" data-end=\"461\">Jakmile \u010depel otev\u0159e\u0161 typick\u00fdm <strong data-start=\"126\" data-end=\"154\">kulat\u00fdm otvorem Spyderco<\/strong> a zajist\u00ed\u0161 ji spolehliv\u00fdm <strong data-start=\"181\" data-end=\"196\">back lockem<\/strong>, okam\u017eit\u011b poc\u00edt\u00ed\u0161, jak <strong data-start=\"220\" data-end=\"262\">Spyderco Dragonfly\u202f2 v kobaltov\u011b modr\u00e9<\/strong> kombinuje <strong data-start=\"273\" data-end=\"332\">kompaktn\u00ed rozm\u011bry s vynikaj\u00edc\u00ed kontrolou \u0159ezu a v\u00fdkonem<\/strong>, kter\u00fd p\u0159ed\u010d\u00ed jeho velikost. Tento model je navr\u017een tak, aby ti <strong data-start=\"397\" data-end=\"460\">d\u00e1val jistotu p\u0159i ka\u017edodenn\u00edch \u00fakolech i p\u0159i detailn\u00ed pr\u00e1ci<\/strong>.<\/p>\n<p data-start=\"463\" data-end=\"636\">Tento n\u016f\u017e je ur\u010den pro u\u017eivatele, kte\u0159\u00ed cht\u011bj\u00ed <strong data-start=\"510\" data-end=\"553\">lehk\u00e9, precizn\u00ed a spolehliv\u00e9 EDC \u0159e\u0161en\u00ed<\/strong>, kter\u00e9 se pohodln\u011b nos\u00ed a z\u00e1rove\u0148 <strong data-start=\"588\" data-end=\"635\">vy\u0161\u0161\u00ed v\u00fdkon ne\u017e v\u011bt\u0161ina mini no\u017e\u016f sv\u00e9 t\u0159\u00eddy<\/strong>.<\/p>\n<hr data-start=\"638\" data-end=\"641\" \/>\n<h2 data-start=\"643\" data-end=\"669\">Charakter a filozofie<\/h2>\n<p data-start=\"670\" data-end=\"1052\"><strong data-start=\"670\" data-end=\"710\">Spyderco Dragonfly\u202f2 Kobaltov\u011b modr\u00e1<\/strong> vystihuje filozofii mal\u00e9ho, ale velmi schopn\u00e9ho n\u00e1stroje, kter\u00fd je v\u017edy p\u0159ipraven pracovat tam, kde je pot\u0159eba <strong data-start=\"822\" data-end=\"856\">kontrola, p\u0159esnost a \u010dist\u00fd \u0159ez<\/strong>. Modern\u00ed <strong data-start=\"866\" data-end=\"893\">Wharncliffe tvar \u010depele<\/strong> poskytuje v\u00fdjime\u010dnou kontrolu nad ka\u017ed\u00fdm tahem, co\u017e ocen\u00ed\u0161 p\u0159i detailn\u00edch \u00fakolech, p\u0159i otev\u00edr\u00e1n\u00ed bal\u00edk\u016f, \u0159e\u0161en\u00ed prov\u00e1zk\u016f nebo v jin\u00fdch ka\u017edodenn\u00edch situac\u00edch.<\/p>\n<p data-start=\"1054\" data-end=\"1243\">Ostr\u00e1 \u010depel z pr\u00e9miov\u00e9 <strong data-start=\"1077\" data-end=\"1096\">CPM SPY27 oceli<\/strong> nab\u00edz\u00ed <strong data-start=\"1104\" data-end=\"1167\">vynikaj\u00edc\u00ed v\u00fddr\u017e ost\u0159\u00ed, hou\u017eevnatost a odolnost v\u016f\u010di korozi<\/strong>, co\u017e zaji\u0161\u0165uje dlouhou \u017eivotnost a spolehliv\u00fd v\u00fdkon i p\u0159i \u010dast\u00e9m pou\u017e\u00edv\u00e1n\u00ed.<\/p>\n<p data-start=\"1245\" data-end=\"1417\">Ergonomick\u00e1 rukoje\u0165 z <strong data-start=\"1267\" data-end=\"1302\">kobaltov\u011b modr\u00e9ho FRN materi\u00e1lu<\/strong> je lehk\u00e1, pevn\u00e1 a bezpe\u010dn\u00e1 v ruce, co\u017e p\u0159isp\u00edv\u00e1 k celkov\u00e9mu komfortu pou\u017e\u00edv\u00e1n\u00ed a jist\u00e9mu \u00fachytu i p\u0159i del\u0161\u00ed pr\u00e1ci.<\/p>\n<p data-start=\"1419\" data-end=\"1510\">Ka\u017ed\u00fd detail tohoto no\u017ee je pod\u0159\u00edzen <strong data-start=\"1456\" data-end=\"1509\">funk\u010dnosti, spolehlivosti a intuitivn\u00edmu ovl\u00e1d\u00e1n\u00ed<\/strong>.<\/p>\n<hr data-start=\"1512\" data-end=\"1515\" \/>\n<h2 data-start=\"1517\" data-end=\"1534\">\ud83c\udfed O v\u00fdrobci<\/h2>\n<p data-start=\"1535\" data-end=\"1811\"><strong data-start=\"1535\" data-end=\"1547\">Spyderco<\/strong> je zna\u010dka pat\u0159\u00edc\u00ed mezi sv\u011btovou \u0161pi\u010dku v oblasti kapesn\u00edch no\u017e\u016f a EDC n\u00e1stroj\u016f. Je zn\u00e1m\u00e1 sv\u00fdm inovativn\u00edm p\u0159\u00edstupem k designu, d\u016frazem na ergonomii, prakti\u010dnost a schopnost\u00ed spojit modern\u00ed materi\u00e1ly s funk\u010dn\u00ed konstrukc\u00ed, kterou ocen\u00ed profesion\u00e1l i b\u011b\u017en\u00fd u\u017eivatel.<\/p>\n<hr data-start=\"1813\" data-end=\"1816\" \/>\n<h2 data-start=\"1818\" data-end=\"1845\">\u2699\ufe0f Technick\u00e9 specifikace<\/h2>\n<div class=\"TyagGW_tableContainer\">\n<div class=\"group TyagGW_tableWrapper flex flex-col-reverse w-fit\" tabindex=\"-1\">\n<table class=\"w-fit min-w-(--thread-content-width)\" data-start=\"1847\" data-end=\"2479\">\n<thead data-start=\"1847\" data-end=\"1869\">\n<tr data-start=\"1847\" data-end=\"1869\">\n<th data-start=\"1847\" data-end=\"1858\" data-col-size=\"sm\">Parametr<\/th>\n<th data-start=\"1858\" data-end=\"1869\" data-col-size=\"md\">Hodnota<\/th>\n<\/tr>\n<\/thead>\n<tbody data-start=\"1890\" data-end=\"2479\">\n<tr data-start=\"1890\" data-end=\"1961\">\n<td data-start=\"1890\" data-end=\"1898\" data-col-size=\"sm\">Model<\/td>\n<td data-start=\"1898\" data-end=\"1961\" data-col-size=\"md\">Spyderco Dragonfly\u202f2 Kobaltov\u011b modr\u00e1 FRN CPM SPY27 C28PCBL2<\/td>\n<\/tr>\n<tr data-start=\"1962\" data-end=\"1993\">\n<td data-start=\"1962\" data-end=\"1978\" data-col-size=\"sm\">Celkov\u00e1 d\u00e9lka<\/td>\n<td data-start=\"1978\" data-end=\"1993\" data-col-size=\"md\">cca 15,2 cm<\/td>\n<\/tr>\n<tr data-start=\"1994\" data-end=\"2023\">\n<td data-start=\"1994\" data-end=\"2009\" data-col-size=\"sm\">D\u00e9lka \u010depele<\/td>\n<td data-start=\"2009\" data-end=\"2023\" data-col-size=\"md\">cca 6,1 cm<\/td>\n<\/tr>\n<tr data-start=\"2024\" data-end=\"2056\">\n<td data-start=\"2024\" data-end=\"2042\" data-col-size=\"sm\">Tlou\u0161\u0165ka \u010depele<\/td>\n<td data-start=\"2042\" data-end=\"2056\" data-col-size=\"md\">cca 2,5 mm<\/td>\n<\/tr>\n<tr data-start=\"2057\" data-end=\"2102\">\n<td data-start=\"2057\" data-end=\"2075\" data-col-size=\"sm\">Materi\u00e1l \u010depele<\/td>\n<td data-start=\"2075\" data-end=\"2102\" data-col-size=\"md\">CPM SPY27 nerezov\u00e1 ocel<\/td>\n<\/tr>\n<tr data-start=\"2103\" data-end=\"2165\">\n<td data-start=\"2103\" data-end=\"2119\" data-col-size=\"sm\">Tvrdost oceli<\/td>\n<td data-start=\"2119\" data-end=\"2165\" data-col-size=\"md\">v\u00fdborn\u00e1 kombinace odolnosti a v\u00fddr\u017ee ost\u0159\u00ed<\/td>\n<\/tr>\n<tr data-start=\"2166\" data-end=\"2225\">\n<td data-start=\"2166\" data-end=\"2180\" data-col-size=\"sm\">Tvar \u010depele<\/td>\n<td data-start=\"2180\" data-end=\"2225\" data-col-size=\"md\">Wharncliffe \u2013 precizn\u00ed a kontrolovan\u00fd \u0159ez<\/td>\n<\/tr>\n<tr data-start=\"2226\" data-end=\"2254\">\n<td data-start=\"2226\" data-end=\"2235\" data-col-size=\"sm\">V\u00fdbrus<\/td>\n<td data-start=\"2235\" data-end=\"2254\" data-col-size=\"md\">Full Flat Grind<\/td>\n<\/tr>\n<tr data-start=\"2255\" data-end=\"2290\">\n<td data-start=\"2255\" data-end=\"2271\" data-col-size=\"sm\">Povrch \u010depele<\/td>\n<td data-start=\"2271\" data-end=\"2290\" data-col-size=\"md\">sat\u00e9nov\u00e1 \u00faprava<\/td>\n<\/tr>\n<tr data-start=\"2291\" data-end=\"2326\">\n<td data-start=\"2291\" data-end=\"2301\" data-col-size=\"sm\">Rukoje\u0165<\/td>\n<td data-start=\"2301\" data-end=\"2326\" data-col-size=\"md\">FRN \u2013 kobaltov\u011b modr\u00e1<\/td>\n<\/tr>\n<tr data-start=\"2327\" data-end=\"2348\">\n<td data-start=\"2327\" data-end=\"2335\" data-col-size=\"sm\">Z\u00e1mek<\/td>\n<td data-start=\"2335\" data-end=\"2348\" data-col-size=\"md\">Back Lock<\/td>\n<\/tr>\n<tr data-start=\"2349\" data-end=\"2386\">\n<td data-start=\"2349\" data-end=\"2361\" data-col-size=\"sm\">Otev\u00edr\u00e1n\u00ed<\/td>\n<td data-start=\"2361\" data-end=\"2386\" data-col-size=\"md\">kulat\u00fd otvor Spyderco<\/td>\n<\/tr>\n<tr data-start=\"2387\" data-end=\"2419\">\n<td data-start=\"2387\" data-end=\"2394\" data-col-size=\"sm\">Klip<\/td>\n<td data-start=\"2394\" data-end=\"2419\" data-col-size=\"md\">reverzibiln\u00ed \u2013 tip\u2011up<\/td>\n<\/tr>\n<tr data-start=\"2420\" data-end=\"2446\">\n<td data-start=\"2420\" data-end=\"2431\" data-col-size=\"sm\">Hmotnost<\/td>\n<td data-start=\"2431\" data-end=\"2446\" data-col-size=\"md\">velmi n\u00edzk\u00e1<\/td>\n<\/tr>\n<tr data-start=\"2447\" data-end=\"2479\">\n<td data-start=\"2447\" data-end=\"2456\" data-col-size=\"sm\">V\u00fdroba<\/td>\n<td data-start=\"2456\" data-end=\"2479\" data-col-size=\"md\">precizn\u00ed zpracov\u00e1n\u00ed<\/td>\n<\/tr>\n<\/tbody>\n<\/table>\n<\/div>\n<\/div>\n<hr data-start=\"2481\" data-end=\"2484\" \/>\n<h2 data-start=\"2486\" data-end=\"2504\">\u2705 Hlavn\u00ed v\u00fdhody<\/h2>\n<ul data-start=\"2505\" data-end=\"2838\">\n<li data-start=\"2505\" data-end=\"2611\">\n<p data-start=\"2507\" data-end=\"2611\"><strong data-start=\"2507\" data-end=\"2525\">CPM SPY27 ocel<\/strong> \u2013 \u0161pi\u010dkov\u00e1 kombinace v\u00fddr\u017ee ost\u0159\u00ed, hou\u017eevnatosti a odolnosti pro ka\u017edodenn\u00ed pou\u017eit\u00ed<\/p>\n<\/li>\n<li data-start=\"2612\" data-end=\"2663\">\n<p data-start=\"2614\" data-end=\"2663\"><strong data-start=\"2614\" data-end=\"2635\">Wharncliffe \u010depel<\/strong> \u2013 v\u00fdjime\u010dn\u00e1 kontrola \u0159ezu<\/p>\n<\/li>\n<li data-start=\"2664\" data-end=\"2731\">\n<p data-start=\"2666\" data-end=\"2731\"><strong data-start=\"2666\" data-end=\"2686\">Lehk\u00e1 konstrukce<\/strong> \u2013 ide\u00e1ln\u00ed pro ka\u017edodenn\u00ed no\u0161en\u00ed bez z\u00e1t\u011b\u017ee<\/p>\n<\/li>\n<li data-start=\"2732\" data-end=\"2795\">\n<p data-start=\"2734\" data-end=\"2795\"><strong data-start=\"2734\" data-end=\"2761\">Ergonomick\u00e1 FRN rukoje\u0165<\/strong> \u2013 jist\u00fd \u00fachop i p\u0159i del\u0161\u00ed pr\u00e1ci<\/p>\n<\/li>\n<li data-start=\"2796\" data-end=\"2838\">\n<p data-start=\"2798\" data-end=\"2838\"><strong data-start=\"2798\" data-end=\"2811\">Back Lock<\/strong> \u2013 pevn\u00fd a bezpe\u010dn\u00fd z\u00e1mek<\/p>\n<\/li>\n<\/ul>\n<hr data-start=\"2840\" data-end=\"2843\" \/>\n<h2 data-start=\"2845\" data-end=\"2864\">\u26a0\ufe0f Mo\u017en\u00e1 omezen\u00ed<\/h2>\n<ul data-start=\"2865\" data-end=\"3027\">\n<li data-start=\"2865\" data-end=\"2927\">\n<p data-start=\"2867\" data-end=\"2927\"><strong data-start=\"2867\" data-end=\"2885\">Men\u0161\u00ed velikost<\/strong> \u2013 nen\u00ed prim\u00e1rn\u011b ur\u010dena pro t\u011b\u017ekou pr\u00e1ci<\/p>\n<\/li>\n<li data-start=\"2928\" data-end=\"2972\">\n<p data-start=\"2930\" data-end=\"2972\">Back Lock vy\u017eaduje p\u0159i zav\u00edr\u00e1n\u00ed ob\u011b ruce<\/p>\n<\/li>\n<li data-start=\"2973\" data-end=\"3027\">\n<p data-start=\"2975\" data-end=\"3027\">Kompaktn\u00ed rozm\u011bry nemus\u00ed vyhovovat v\u0161em u\u017eivatel\u016fm<\/p>\n<\/li>\n<\/ul>\n<hr data-start=\"3029\" data-end=\"3032\" \/>\n<h2 data-start=\"3034\" data-end=\"3054\">\ud83d\udee0\ufe0f \u00dadr\u017eba a p\u00e9\u010de<\/h2>\n<ul data-start=\"3055\" data-end=\"3284\">\n<li data-start=\"3055\" data-end=\"3138\">\n<p data-start=\"3057\" data-end=\"3138\">Po pou\u017eit\u00ed \u010depel <strong data-start=\"3074\" data-end=\"3090\">osu\u0161\u00ed a ot\u0159i<\/strong>, zejm\u00e9na pokud p\u0159i\u0161la do kontaktu s vlhkost\u00ed.<\/p>\n<\/li>\n<li data-start=\"3139\" data-end=\"3195\">\n<p data-start=\"3141\" data-end=\"3195\">Ob\u010das zkontroluj chod z\u00e1mku a p\u0159\u00edpadn\u011b lehce proma\u017e.<\/p>\n<\/li>\n<li data-start=\"3196\" data-end=\"3284\">\n<p data-start=\"3198\" data-end=\"3284\">Pravideln\u011b udr\u017euj ost\u0159\u00ed jemn\u00fdm brou\u0161en\u00edm, aby bylo st\u00e1le ostr\u00e9 a p\u0159ipraven\u00e9 k pou\u017eit\u00ed.<\/p>\n<\/li>\n<\/ul>\n<hr data-start=\"3286\" data-end=\"3289\" \/>\n<h2 data-start=\"3291\" data-end=\"3329\">\ud83d\udd2a Pro udr\u017een\u00ed ost\u0159\u00ed doporu\u010dujeme<\/h2>\n<p data-start=\"3330\" data-end=\"3482\">Pou\u017e\u00edvat kvalitn\u00ed brusn\u00e9 syst\u00e9my s p\u0159esn\u00fdm nastaven\u00edm \u00fahlu, aby se zajistila spr\u00e1vn\u00e1 geometrie ost\u0159\u00ed a dlouh\u00e1 \u017eivotnost bez zbyte\u010dn\u00e9ho \u00fabytku materi\u00e1lu.<\/p>\n<hr data-start=\"3484\" data-end=\"3487\" \/>\n<h2 data-start=\"3489\" data-end=\"3538\">\ud83d\uded2 Zakoup\u00ed\u0161 na na\u0161ich str\u00e1nk\u00e1ch <strong data-start=\"3524\" data-end=\"3538\">Moskito.cz<\/strong><\/h2>\n<hr data-start=\"3540\" data-end=\"3543\" \/>\n<h2 data-start=\"3545\" data-end=\"3565\">\ud83c\udfaf Doporu\u010deno pro<\/h2>\n<ul data-start=\"3566\" data-end=\"3711\">\n<li data-start=\"3566\" data-end=\"3591\">\n<p data-start=\"3568\" data-end=\"3591\">ka\u017edodenn\u00ed EDC no\u0161en\u00ed<\/p>\n<\/li>\n<li data-start=\"3592\" data-end=\"3620\">\n<p data-start=\"3594\" data-end=\"3620\">detailn\u00ed a precizn\u00ed \u0159ezy<\/p>\n<\/li>\n<li data-start=\"3621\" data-end=\"3647\">\n<p data-start=\"3623\" data-end=\"3647\">minimalistickou v\u00fdbavu<\/p>\n<\/li>\n<li data-start=\"3648\" data-end=\"3711\">\n<p data-start=\"3650\" data-end=\"3711\">u\u017eivatele hledaj\u00edc\u00ed <strong data-start=\"3670\" data-end=\"3709\">kontrolu a p\u0159esnost i u mal\u00e9ho no\u017ee<\/strong><\/p>\n<\/li>\n<\/ul>\n<hr data-start=\"3713\" data-end=\"3716\" \/>\n<h2 data-start=\"3718\" data-end=\"3744\">\u2b50 Z\u00e1v\u011bre\u010dn\u00e9 hodnocen\u00ed<\/h2>\n<p data-start=\"3745\" data-end=\"4044\"><strong data-start=\"3745\" data-end=\"3810\">Spyderco Dragonfly\u202f2 Kobaltov\u011b modr\u00e1 FRN CPM SPY27 (C28PCBL2)<\/strong> je <strong data-start=\"3814\" data-end=\"3852\">lehk\u00e9, v\u00fdborn\u011b vyv\u00e1\u017een\u00e9 a precizn\u00ed<\/strong> zav\u00edrac\u00ed \u0159e\u0161en\u00ed pro ka\u017edodenn\u00ed \u00fakoly. D\u00edky \u0161pi\u010dkov\u00e9 oceli, ergonomii a Wharncliffe profilu \u010depele je ide\u00e1ln\u00ed pro u\u017eivatele, kte\u0159\u00ed ocen\u00ed <strong data-start=\"3989\" data-end=\"4028\">kontrolovan\u00fd, \u010dist\u00fd a efektivn\u00ed \u0159ez<\/strong> bez kompromis\u016f.<\/p>\n<p data-start=\"4046\" data-end=\"4122\"><strong data-start=\"4046\" data-end=\"4122\">Dragonfly\u202f2 Kobaltov\u011b modr\u00e1 \u2013 preciznost, lehkost a v\u00fdkon v ka\u017ed\u00e9m \u0159ezu.<\/strong><\/p>\n","protected":false},"excerpt":{"rendered":"<p data-start=\"3745\" data-end=\"4044\"><strong>Spyderco Dragonfly\u202f2 Kobaltov\u011b modr\u00e1 FRN CPM SPY27 (C28PCBL2) je lehk\u00e9, v\u00fdborn\u011b vyv\u00e1\u017een\u00e9 a precizn\u00ed zav\u00edrac\u00ed \u0159e\u0161en\u00ed pro ka\u017edodenn\u00ed \u00fakoly. D\u00edky \u0161pi\u010dkov\u00e9 oceli, ergonomii a Wharncliffe profilu \u010depele je ide\u00e1ln\u00ed pro u\u017eivatele, kte\u0159\u00ed ocen\u00ed kontrolovan\u00fd, \u010dist\u00fd a efektivn\u00ed \u0159ez bez kompromis\u016f.<\/strong><\/p>\n<p data-start=\"4046\" data-end=\"4122\"><strong>Dragonfly\u202f2 Kobaltov\u011b modr\u00e1 \u2013 preciznost, lehkost a v\u00fdkon v ka\u017ed\u00e9m \u0159ezu.<\/strong><\/p>\n","protected":false},"featured_media":433025,"comment_status":"open","ping_status":"closed","template":"","meta":[],"pwb-brand":[567],"product_brand":[],"product_cat":[22,17],"product_tag":[],"class_list":{"0":"post-433024","1":"product","2":"type-product","3":"status-publish","4":"has-post-thumbnail","6":"pwb-brand-spyderco","7":"product_cat-zaviraci-noze","8":"product_cat-noze","10":"first","11":"instock","12":"taxable","13":"shipping-taxable","14":"purchasable","15":"product-type-simple"},"brands":[{"id":567,"name":"Spyderco","slug":"spyderco"}],"_links":{"self":[{"href":"https:\/\/www.moskito.cz\/pl\/wp-json\/wp\/v2\/product\/433024","targetHints":{"allow":["GET"]}}],"collection":[{"href":"https:\/\/www.moskito.cz\/pl\/wp-json\/wp\/v2\/product"}],"about":[{"href":"https:\/\/www.moskito.cz\/pl\/wp-json\/wp\/v2\/types\/product"}],"replies":[{"embeddable":true,"href":"https:\/\/www.moskito.cz\/pl\/wp-json\/wp\/v2\/comments?post=433024"}],"wp:featuredmedia":[{"embeddable":true,"href":"https:\/\/www.moskito.cz\/pl\/wp-json\/wp\/v2\/media\/433025"}],"wp:attachment":[{"href":"https:\/\/www.moskito.cz\/pl\/wp-json\/wp\/v2\/media?parent=433024"}],"wp:term":[{"taxonomy":"pwb-brand","embeddable":true,"href":"https:\/\/www.moskito.cz\/pl\/wp-json\/wp\/v2\/pwb-brand?post=433024"},{"taxonomy":"product_brand","embeddable":true,"href":"https:\/\/www.moskito.cz\/pl\/wp-json\/wp\/v2\/product_brand?post=433024"},{"taxonomy":"product_cat","embeddable":true,"href":"https:\/\/www.moskito.cz\/pl\/wp-json\/wp\/v2\/product_cat?post=433024"},{"taxonomy":"product_tag","embeddable":true,"href":"https:\/\/www.moskito.cz\/pl\/wp-json\/wp\/v2\/product_tag?post=433024"}],"curies":[{"name":"wp","href":"https:\/\/api.w.org\/{rel}","templated":true}]}}