{"id":433387,"date":"2026-01-22T16:24:40","date_gmt":"2026-01-22T15:24:40","guid":{"rendered":"https:\/\/www.moskito.cz\/?post_type=product&#038;p=433387"},"modified":"2026-01-22T16:28:52","modified_gmt":"2026-01-22T15:28:52","slug":"zaviraci-nuz-cold-steel-stockman-fl-stkmn","status":"publish","type":"product","link":"https:\/\/www.moskito.cz\/pl\/produkt\/zaviraci-nuz-cold-steel-stockman-fl-stkmn\/","title":{"rendered":"Zav\u00edrac\u00ed N\u016f\u017e Cold Steel STOCKMAN FL-STKMN"},"content":{"rendered":"<p data-start=\"0\" data-end=\"438\">Jakmile v\u0161echny t\u0159i \u010depele <strong data-start=\"27\" data-end=\"50\">Cold Steel Stockman<\/strong> rozlo\u017e\u00ed\u0161 jedn\u00edm plynul\u00fdm pohybem a uc\u00edt\u00ed\u0161 jejich hladk\u00fd chod a jist\u00e9 zaji\u0161t\u011bn\u00ed, okam\u017eit\u011b pozn\u00e1\u0161, \u017ee dr\u017e\u00ed\u0161 <strong data-start=\"157\" data-end=\"194\">tradi\u010dn\u00ed a v\u0161estrann\u00fd kapesn\u00ed n\u016f\u017e<\/strong>, kter\u00fd ti poskytne jednu \u010depel pro ka\u017ed\u00fd \u00fakol. Tento klasick\u00fd model se t\u0159emi \u010depelemi kombinuje <strong data-start=\"291\" data-end=\"360\">praktickou v\u0161estrannost s pevnou konstrukc\u00ed a nad\u010dasov\u00fdm designem<\/strong>, tak\u017ee je p\u0159ipraven zvl\u00e1dnout \u0161irokou \u0161k\u00e1lu ka\u017edodenn\u00edch i speci\u00e1ln\u00edch \u00fakol\u016f.<\/p>\n<p data-start=\"440\" data-end=\"625\">Tento n\u016f\u017e je ur\u010den pro u\u017eivatele, kte\u0159\u00ed cht\u011bj\u00ed <strong data-start=\"487\" data-end=\"549\">tradi\u010dn\u00ed m\u011bstsk\u00fd n\u016f\u017e s praktick\u00fdmi \u010depelmi pro r\u016fzn\u00e9 \u00fakony<\/strong>, od \u0159ez\u00e1n\u00ed bal\u00edk\u016f p\u0159es drobn\u00e9 outdoor \u00falohy a\u017e po b\u011b\u017en\u00e9 ka\u017edodenn\u00ed pou\u017eit\u00ed.<\/p>\n<hr data-start=\"627\" data-end=\"630\" \/>\n<h2 data-start=\"632\" data-end=\"656\">Charakter a filozofie<\/h2>\n<p data-start=\"658\" data-end=\"922\">Cold Steel Stockman p\u0159edstavuje filozofii <strong data-start=\"700\" data-end=\"744\">solidn\u00edho a univerz\u00e1ln\u00edho kapesn\u00edho no\u017ee<\/strong>, kter\u00fd nab\u00edz\u00ed v\u00edce funkc\u00ed v kompaktu, kter\u00fd se pohodln\u011b vejde do kapsy. Tradi\u010dn\u00ed konstrukce se t\u0159emi \u010depelemi zaji\u0161\u0165uje, \u017ee m\u00e1\u0161 v\u017edy ten nejvhodn\u011bj\u0161\u00ed n\u00e1stroj pro konkr\u00e9tn\u00ed \u00fakol:<\/p>\n<ul data-start=\"924\" data-end=\"1128\">\n<li data-start=\"924\" data-end=\"995\">\n<p data-start=\"926\" data-end=\"995\"><strong data-start=\"926\" data-end=\"949\">Hlavn\u00ed \u010depel (3,5&#8243;)<\/strong> \u2013 univerz\u00e1ln\u00ed a siln\u00e1 pro b\u011b\u017en\u00e9 \u0159ezn\u00e9 \u00falohy<\/p>\n<\/li>\n<li data-start=\"996\" data-end=\"1062\">\n<p data-start=\"998\" data-end=\"1062\"><strong data-start=\"998\" data-end=\"1022\">St\u0159edn\u00ed \u010depel (2,3&#8243;)<\/strong> \u2013 p\u0159esn\u00e1 a obratn\u00e1 pro detailn\u00ed pr\u00e1ci<\/p>\n<\/li>\n<li data-start=\"1063\" data-end=\"1128\">\n<p data-start=\"1065\" data-end=\"1128\"><strong data-start=\"1065\" data-end=\"1086\">Mal\u00e1 \u010depel (2,0&#8243;)<\/strong> \u2013 ide\u00e1ln\u00ed pro jemn\u00e9 \u00fakony a drobn\u00e9 \u0159ezy<\/p>\n<\/li>\n<\/ul>\n<p data-start=\"1130\" data-end=\"1364\">Ka\u017ed\u00e1 \u010depel je samostatn\u011b zaklapnut\u00e1 a je opat\u0159ena kvalitn\u00edm v\u00fdbrusem, kter\u00fd zaji\u0161\u0165uje <strong data-start=\"1217\" data-end=\"1259\">\u010dist\u00fd tah \u0159ezu a dobrou odolnost ost\u0159\u00ed<\/strong>. Rukoje\u0165 z ryt\u00e9 kosti p\u0159id\u00e1v\u00e1 tradi\u010dn\u00ed vzhled a pevn\u00fd \u00fachop, kter\u00fd z\u016fst\u00e1v\u00e1 jist\u00fd i p\u0159i del\u0161\u00edm pou\u017e\u00edv\u00e1n\u00ed.<\/p>\n<p data-start=\"1366\" data-end=\"1512\">Stockman je p\u0159esn\u011b ten typ no\u017ee, kter\u00fd se hod\u00ed <strong data-start=\"1413\" data-end=\"1448\">do kapsy i do ka\u017edodenn\u00ed v\u00fdbavy<\/strong>, kdy\u017e chce\u0161 m\u00edt v\u00edce mo\u017enost\u00ed bez nutnosti nosit v\u00edce n\u00e1stroj\u016f.<\/p>\n<hr data-start=\"1514\" data-end=\"1517\" \/>\n<h2 data-start=\"1519\" data-end=\"1534\">\ud83c\udfed O v\u00fdrobci<\/h2>\n<p data-start=\"1536\" data-end=\"1909\">Cold Steel je zna\u010dka s dlouhou tradic\u00ed ve v\u00fdrob\u011b <strong data-start=\"1585\" data-end=\"1616\">pevn\u00fdch a spolehliv\u00fdch no\u017e\u016f<\/strong>, kter\u00e9 obstoj\u00ed jak v b\u011b\u017en\u00e9m denn\u00edm nasazen\u00ed, tak ve v\u00fdzv\u00e1ch, kde je pot\u0159eba v\u00fdkon a trvanlivost. Jejich modely jsou navrhov\u00e1ny s d\u016frazem na <strong data-start=\"1757\" data-end=\"1819\">praktick\u00e9 pou\u017eit\u00ed, bezpe\u010dn\u00e9 mechaniky a kvalitn\u00ed materi\u00e1ly<\/strong>. Stockman je uk\u00e1zkou, jak mohou tradi\u010dn\u00ed tvary fungovat i v modern\u00edm ka\u017edodenn\u00edm pou\u017eit\u00ed.<\/p>\n<hr data-start=\"1911\" data-end=\"1914\" \/>\n<h2 data-start=\"1916\" data-end=\"1943\">\u2699\ufe0f Technick\u00e9 specifikace<\/h2>\n<div class=\"TyagGW_tableContainer\">\n<div class=\"group TyagGW_tableWrapper flex flex-col-reverse w-fit\" tabindex=\"-1\">\n<table class=\"w-fit min-w-(--thread-content-width)\" data-start=\"1945\" data-end=\"2678\">\n<thead data-start=\"1945\" data-end=\"1967\">\n<tr data-start=\"1945\" data-end=\"1967\">\n<th data-start=\"1945\" data-end=\"1956\" data-col-size=\"sm\">Parametr<\/th>\n<th data-start=\"1956\" data-end=\"1967\" data-col-size=\"md\">Hodnota<\/th>\n<\/tr>\n<\/thead>\n<tbody data-start=\"1992\" data-end=\"2678\">\n<tr data-start=\"1992\" data-end=\"2035\">\n<td data-start=\"1992\" data-end=\"2000\" data-col-size=\"sm\">Model<\/td>\n<td data-start=\"2000\" data-end=\"2035\" data-col-size=\"md\">Cold Steel Stockman CS-FL-STKMN<\/td>\n<\/tr>\n<tr data-start=\"2036\" data-end=\"2084\">\n<td data-start=\"2036\" data-end=\"2042\" data-col-size=\"sm\">Typ<\/td>\n<td data-start=\"2042\" data-end=\"2084\" data-col-size=\"md\">Zav\u00edrac\u00ed kapesn\u00ed n\u016f\u017e se t\u0159emi \u010depelemi<\/td>\n<\/tr>\n<tr data-start=\"2085\" data-end=\"2130\">\n<td data-start=\"2085\" data-end=\"2101\" data-col-size=\"sm\">Celkov\u00e1 d\u00e9lka<\/td>\n<td data-start=\"2101\" data-end=\"2130\" data-col-size=\"md\">klasick\u00e1 kapesn\u00ed velikost<\/td>\n<\/tr>\n<tr data-start=\"2131\" data-end=\"2174\">\n<td data-start=\"2131\" data-end=\"2146\" data-col-size=\"sm\">D\u00e9lky \u010depel\u00ed<\/td>\n<td data-start=\"2146\" data-end=\"2174\" data-col-size=\"md\">3,5\u2033 \/ 2,3\u2033 \/ 2,0\u2033 (cca)<\/td>\n<\/tr>\n<tr data-start=\"2175\" data-end=\"2224\">\n<td data-start=\"2175\" data-end=\"2193\" data-col-size=\"sm\">Tlou\u0161\u0165ka \u010depel\u00ed<\/td>\n<td data-start=\"2193\" data-end=\"2224\" data-col-size=\"md\">univerz\u00e1ln\u00ed pro b\u011b\u017en\u00e9 \u00falohy<\/td>\n<\/tr>\n<tr data-start=\"2225\" data-end=\"2269\">\n<td data-start=\"2225\" data-end=\"2243\" data-col-size=\"sm\">Materi\u00e1l \u010depel\u00ed<\/td>\n<td data-start=\"2243\" data-end=\"2269\" data-col-size=\"md\">kvalitn\u00ed nerezov\u00e1 ocel<\/td>\n<\/tr>\n<tr data-start=\"2270\" data-end=\"2324\">\n<td data-start=\"2270\" data-end=\"2284\" data-col-size=\"sm\">Tvar \u010depel\u00ed<\/td>\n<td data-start=\"2284\" data-end=\"2324\" data-col-size=\"md\">univerz\u00e1ln\u00ed \/ detailn\u00ed \/ jemn\u00e1 pr\u00e1ce<\/td>\n<\/tr>\n<tr data-start=\"2325\" data-end=\"2366\">\n<td data-start=\"2325\" data-end=\"2334\" data-col-size=\"sm\">V\u00fdbrus<\/td>\n<td data-start=\"2334\" data-end=\"2366\" data-col-size=\"md\">\u00fa\u010dinn\u00fd pro v\u0161estrann\u00e9 \u0159ez\u00e1n\u00ed<\/td>\n<\/tr>\n<tr data-start=\"2367\" data-end=\"2414\">\n<td data-start=\"2367\" data-end=\"2383\" data-col-size=\"sm\">Povrch \u010depel\u00ed<\/td>\n<td data-start=\"2383\" data-end=\"2414\" data-col-size=\"md\">satin \/ matn\u00fd kovov\u00fd vzhled<\/td>\n<\/tr>\n<tr data-start=\"2415\" data-end=\"2470\">\n<td data-start=\"2415\" data-end=\"2425\" data-col-size=\"sm\">Rukoje\u0165<\/td>\n<td data-start=\"2425\" data-end=\"2470\" data-col-size=\"md\">ryt\u00e1 kost \u2013 tradi\u010dn\u00ed vzhled a pevn\u00fd \u00fachop<\/td>\n<\/tr>\n<tr data-start=\"2471\" data-end=\"2517\">\n<td data-start=\"2471\" data-end=\"2479\" data-col-size=\"sm\">Z\u00e1mek<\/td>\n<td data-start=\"2479\" data-end=\"2517\" data-col-size=\"md\">samostatn\u00e9 klouby pro ka\u017edou \u010depel<\/td>\n<\/tr>\n<tr data-start=\"2518\" data-end=\"2542\">\n<td data-start=\"2518\" data-end=\"2530\" data-col-size=\"sm\">Otev\u00edr\u00e1n\u00ed<\/td>\n<td data-start=\"2530\" data-end=\"2542\" data-col-size=\"md\">manu\u00e1ln\u00ed<\/td>\n<\/tr>\n<tr data-start=\"2543\" data-end=\"2597\">\n<td data-start=\"2543\" data-end=\"2550\" data-col-size=\"sm\">Klip<\/td>\n<td data-start=\"2550\" data-end=\"2597\" data-col-size=\"md\">ne (tradi\u010dn\u00ed kapesn\u00ed n\u016f\u017e se t\u0159emi \u010depelemi)<\/td>\n<\/tr>\n<tr data-start=\"2598\" data-end=\"2643\">\n<td data-start=\"2598\" data-end=\"2609\" data-col-size=\"sm\">Hmotnost<\/td>\n<td data-start=\"2609\" data-end=\"2643\" data-col-size=\"md\">vyv\u00e1\u017een\u00e1 pro ka\u017edodenn\u00ed no\u0161en\u00ed<\/td>\n<\/tr>\n<tr data-start=\"2644\" data-end=\"2678\">\n<td data-start=\"2644\" data-end=\"2653\" data-col-size=\"sm\">Ur\u010den\u00ed<\/td>\n<td data-start=\"2653\" data-end=\"2678\" data-col-size=\"md\">EDC, outdoor, utility<\/td>\n<\/tr>\n<\/tbody>\n<\/table>\n<\/div>\n<\/div>\n<hr data-start=\"2680\" data-end=\"2683\" \/>\n<h2 data-start=\"2685\" data-end=\"2703\">\u2705 Hlavn\u00ed v\u00fdhody<\/h2>\n<ul data-start=\"2705\" data-end=\"3026\">\n<li data-start=\"2705\" data-end=\"2776\">\n<p data-start=\"2707\" data-end=\"2776\"><strong data-start=\"2707\" data-end=\"2727\">T\u0159i r\u016fzn\u00e9 \u010depele<\/strong> \u2013 v\u017edy ten spr\u00e1vn\u00fd n\u00e1stroj pro konkr\u00e9tn\u00ed \u00falohu<\/p>\n<\/li>\n<li data-start=\"2777\" data-end=\"2848\">\n<p data-start=\"2779\" data-end=\"2848\"><strong data-start=\"2779\" data-end=\"2807\">Univerz\u00e1ln\u00ed tvary \u010depel\u00ed<\/strong> \u2013 od detailn\u00edch prac\u00ed po siln\u011bj\u0161\u00ed \u0159ezy<\/p>\n<\/li>\n<li data-start=\"2849\" data-end=\"2909\">\n<p data-start=\"2851\" data-end=\"2909\"><strong data-start=\"2851\" data-end=\"2875\">Rukoje\u0165 z ryt\u00e9 kosti<\/strong> \u2013 tradi\u010dn\u00ed vzhled a jist\u00fd \u00fachop<\/p>\n<\/li>\n<li data-start=\"2910\" data-end=\"2957\">\n<p data-start=\"2912\" data-end=\"2957\"><strong data-start=\"2912\" data-end=\"2931\">Klasick\u00fd design<\/strong> \u2013 nad\u010dasov\u00fd a praktick\u00fd<\/p>\n<\/li>\n<li data-start=\"2958\" data-end=\"3026\">\n<p data-start=\"2960\" data-end=\"3026\"><strong data-start=\"2960\" data-end=\"2984\">Spolehliv\u00e9 proveden\u00ed<\/strong> \u2013 solidn\u00ed mechanika a \u010dist\u00fd chod \u010depel\u00ed<\/p>\n<\/li>\n<\/ul>\n<hr data-start=\"3028\" data-end=\"3031\" \/>\n<h2 data-start=\"3033\" data-end=\"3052\">\u26a0\ufe0f Mo\u017en\u00e1 omezen\u00ed<\/h2>\n<ul data-start=\"3054\" data-end=\"3252\">\n<li data-start=\"3054\" data-end=\"3119\">\n<p data-start=\"3056\" data-end=\"3119\">Tradi\u010dn\u00ed konstrukce bez kapesn\u00edho klipu \u2013 m\u00e9n\u011b modern\u00ed no\u0161en\u00ed<\/p>\n<\/li>\n<li data-start=\"3120\" data-end=\"3167\">\n<p data-start=\"3122\" data-end=\"3167\">Nen\u00ed ur\u010den pro velmi t\u011b\u017ek\u00e9 outdoorov\u00e9 \u00fakoly<\/p>\n<\/li>\n<li data-start=\"3168\" data-end=\"3252\">\n<p data-start=\"3170\" data-end=\"3252\">Ryt\u00e1 kost m\u016f\u017ee b\u00fdt m\u00e9n\u011b odoln\u00e1 v\u016f\u010di chemick\u00e9mu p\u016fsoben\u00ed ne\u017e syntetick\u00e9 materi\u00e1ly<\/p>\n<\/li>\n<\/ul>\n<hr data-start=\"3254\" data-end=\"3257\" \/>\n<h2 data-start=\"3259\" data-end=\"3279\">\ud83d\udee0\ufe0f \u00dadr\u017eba a p\u00e9\u010de<\/h2>\n<ul data-start=\"3281\" data-end=\"3603\">\n<li data-start=\"3281\" data-end=\"3356\">\n<p data-start=\"3283\" data-end=\"3356\">Po pou\u017eit\u00ed \u010depel osu\u0161\u00ed a o\u010dist\u00ed, zejm\u00e9na pokud byla vystavena vlhkosti.<\/p>\n<\/li>\n<li data-start=\"3357\" data-end=\"3440\">\n<p data-start=\"3359\" data-end=\"3440\">Pravideln\u011b kontroluj klouby a \u010depy jednotliv\u00fdch \u010depel\u00ed a p\u0159\u00edpadn\u011b lehce proma\u017e.<\/p>\n<\/li>\n<li data-start=\"3441\" data-end=\"3519\">\n<p data-start=\"3443\" data-end=\"3519\">Ost\u0159\u00ed udr\u017euj pravideln\u00fdm jemn\u00fdm brou\u0161en\u00edm, aby bylo st\u00e1le ostr\u00e9 a funk\u010dn\u00ed.<\/p>\n<\/li>\n<li data-start=\"3520\" data-end=\"3603\">\n<p data-start=\"3522\" data-end=\"3603\">Rukoje\u0165 z ryt\u00e9 kosti udr\u017euj suchou a \u010distou, aby si zachovala strukturu a vzhled.<\/p>\n<\/li>\n<\/ul>\n<hr data-start=\"3605\" data-end=\"3608\" \/>\n<h2 data-start=\"3610\" data-end=\"3646\">\ud83d\udd2a Pro udr\u017een\u00ed ost\u0159\u00ed doporu\u010dujeme<\/h2>\n<p data-start=\"3648\" data-end=\"3856\">Pou\u017e\u00edvat kvalitn\u00ed brusn\u00e9 syst\u00e9my s <strong data-start=\"3683\" data-end=\"3707\">p\u0159esn\u00fdm veden\u00edm \u00fahlu<\/strong>, kter\u00e9 zajist\u00ed <strong data-start=\"3723\" data-end=\"3806\">spr\u00e1vnou geometrii ost\u0159\u00ed a dlouhodobou ostrost bez zbyte\u010dn\u00e9ho ub\u00edr\u00e1n\u00ed materi\u00e1lu<\/strong>.<br data-start=\"3807\" data-end=\"3810\" \/>\ud83d\uded2 Zakoup\u00ed\u0161 na na\u0161ich str\u00e1nk\u00e1ch <strong data-start=\"3842\" data-end=\"3856\">Moskito.cz<\/strong><\/p>\n<hr data-start=\"3858\" data-end=\"3861\" \/>\n<h2 data-start=\"3863\" data-end=\"3883\">\ud83c\udfaf Doporu\u010deno pro<\/h2>\n<ul data-start=\"3885\" data-end=\"4035\">\n<li data-start=\"3885\" data-end=\"3910\">\n<p data-start=\"3887\" data-end=\"3910\">ka\u017edodenn\u00ed EDC no\u0161en\u00ed<\/p>\n<\/li>\n<li data-start=\"3911\" data-end=\"3945\">\n<p data-start=\"3913\" data-end=\"3945\">outdoor a volno\u010dasov\u00e9 aktivity<\/p>\n<\/li>\n<li data-start=\"3946\" data-end=\"4003\">\n<p data-start=\"3948\" data-end=\"4003\">u\u017eivatele, kte\u0159\u00ed cht\u011bj\u00ed <strong data-start=\"3972\" data-end=\"4001\">v\u00edce funkc\u00ed v jednom no\u017ei<\/strong><\/p>\n<\/li>\n<li data-start=\"4004\" data-end=\"4035\">\n<p data-start=\"4006\" data-end=\"4035\">b\u011b\u017en\u00e9 \u0159ezn\u00e9 a utility \u00fakoly<\/p>\n<\/li>\n<\/ul>\n<hr data-start=\"4037\" data-end=\"4040\" \/>\n<h2 data-start=\"4042\" data-end=\"4066\">\u2b50 Z\u00e1v\u011bre\u010dn\u00e9 hodnocen\u00ed<\/h2>\n<p data-start=\"4068\" data-end=\"4335\">Cold Steel Stockman CS-FL-STKMN je <strong data-start=\"4103\" data-end=\"4141\">v\u0161estrann\u00fd a praktick\u00fd kapesn\u00ed n\u016f\u017e<\/strong>, kter\u00fd spojuje <strong data-start=\"4157\" data-end=\"4193\">tradi\u010dn\u00ed design se t\u0159emi \u010depelmi<\/strong> a modern\u00edm zpracov\u00e1n\u00edm. D\u00edky r\u016fzn\u00fdm profil\u016fm \u010depel\u00ed a pevn\u00e9 konstrukci se stane skv\u011bl\u00fdm spole\u010dn\u00edkem pro ka\u017edodenn\u00ed \u00fakoly i lehk\u00e9 pr\u00e1ce venku.<\/p>\n<p data-start=\"4337\" data-end=\"4394\"><strong data-start=\"4337\" data-end=\"4394\">Stockman \u2013 klasika, kter\u00e1 zvl\u00e1dne v\u00edc ne\u017e jeden \u00fakol.<\/strong><\/p>\n","protected":false},"excerpt":{"rendered":"<p data-start=\"4068\" data-end=\"4335\"><strong>Cold Steel Stockman CS-FL-STKMN je v\u0161estrann\u00fd a praktick\u00fd kapesn\u00ed n\u016f\u017e, kter\u00fd spojuje tradi\u010dn\u00ed design se t\u0159emi \u010depelmi a modern\u00edm zpracov\u00e1n\u00edm. D\u00edky r\u016fzn\u00fdm profil\u016fm \u010depel\u00ed a pevn\u00e9 konstrukci se stane skv\u011bl\u00fdm spole\u010dn\u00edkem pro ka\u017edodenn\u00ed \u00fakoly i lehk\u00e9 pr\u00e1ce venku.<\/strong><\/p>\n<p data-start=\"4337\" data-end=\"4394\"><strong data-start=\"4337\" data-end=\"4394\">Stockman \u2013 klasika, kter\u00e1 zvl\u00e1dne v\u00edc ne\u017e jeden \u00fakol.<\/strong><\/p>\n","protected":false},"featured_media":433452,"comment_status":"open","ping_status":"closed","template":"","meta":[],"pwb-brand":[211],"product_brand":[],"product_cat":[22,17],"product_tag":[],"class_list":{"0":"post-433387","1":"product","2":"type-product","3":"status-publish","4":"has-post-thumbnail","6":"pwb-brand-cold-steel","7":"product_cat-zaviraci-noze","8":"product_cat-noze","10":"first","11":"instock","12":"taxable","13":"shipping-taxable","14":"purchasable","15":"product-type-simple"},"brands":[{"id":211,"name":"Cold Steel","slug":"cold-steel"}],"_links":{"self":[{"href":"https:\/\/www.moskito.cz\/pl\/wp-json\/wp\/v2\/product\/433387","targetHints":{"allow":["GET"]}}],"collection":[{"href":"https:\/\/www.moskito.cz\/pl\/wp-json\/wp\/v2\/product"}],"about":[{"href":"https:\/\/www.moskito.cz\/pl\/wp-json\/wp\/v2\/types\/product"}],"replies":[{"embeddable":true,"href":"https:\/\/www.moskito.cz\/pl\/wp-json\/wp\/v2\/comments?post=433387"}],"wp:featuredmedia":[{"embeddable":true,"href":"https:\/\/www.moskito.cz\/pl\/wp-json\/wp\/v2\/media\/433452"}],"wp:attachment":[{"href":"https:\/\/www.moskito.cz\/pl\/wp-json\/wp\/v2\/media?parent=433387"}],"wp:term":[{"taxonomy":"pwb-brand","embeddable":true,"href":"https:\/\/www.moskito.cz\/pl\/wp-json\/wp\/v2\/pwb-brand?post=433387"},{"taxonomy":"product_brand","embeddable":true,"href":"https:\/\/www.moskito.cz\/pl\/wp-json\/wp\/v2\/product_brand?post=433387"},{"taxonomy":"product_cat","embeddable":true,"href":"https:\/\/www.moskito.cz\/pl\/wp-json\/wp\/v2\/product_cat?post=433387"},{"taxonomy":"product_tag","embeddable":true,"href":"https:\/\/www.moskito.cz\/pl\/wp-json\/wp\/v2\/product_tag?post=433387"}],"curies":[{"name":"wp","href":"https:\/\/api.w.org\/{rel}","templated":true}]}}