{"id":433572,"date":"2026-01-22T19:49:17","date_gmt":"2026-01-22T18:49:17","guid":{"rendered":"https:\/\/www.moskito.cz\/?post_type=product&#038;p=433572"},"modified":"2026-01-24T10:17:50","modified_gmt":"2026-01-24T09:17:50","slug":"zaviraci-nuz-spyderco-manix-2-xl-c95mpcw2","status":"publish","type":"product","link":"https:\/\/www.moskito.cz\/pl\/produkt\/zaviraci-nuz-spyderco-manix-2-xl-c95mpcw2\/","title":{"rendered":"Zav\u00edrac\u00ed N\u016f\u017e Spyderco Manix 2 XL C95MPCW2"},"content":{"rendered":"<p data-start=\"131\" data-end=\"478\">Jakmile \u010depel otev\u0159e\u0161 typick\u00fdm <strong data-start=\"162\" data-end=\"190\">kulat\u00fdm otvorem Spyderco<\/strong> a zajist\u00ed\u0161 ji robustn\u00edm <strong data-start=\"215\" data-end=\"238\">Ball Bearing Lockem<\/strong>, okam\u017eit\u011b poc\u00edt\u00ed\u0161 <strong data-start=\"257\" data-end=\"297\">s\u00edlu, stabilitu a absolutn\u00ed kontrolu<\/strong>, kterou nab\u00edz\u00ed <strong data-start=\"313\" data-end=\"371\">Spyderco Manix 2 XL s rukojet\u00ed z hn\u011bd\u00e9 pl\u00e1t\u011bn\u00e9 Micarty<\/strong>. Tento n\u016f\u017e p\u016fsob\u00ed masivn\u011b a sebejist\u011b, ale d\u00edky promy\u0161len\u00e9 ergonomii z\u016fst\u00e1v\u00e1 p\u0159ekvapiv\u011b dob\u0159e ovladateln\u00fd.<\/p>\n<p data-start=\"480\" data-end=\"628\">Tento model je ur\u010den pro u\u017eivatele, kte\u0159\u00ed hledaj\u00ed <strong data-start=\"530\" data-end=\"570\">velk\u00fd, maxim\u00e1ln\u011b odoln\u00fd zav\u00edrac\u00ed n\u016f\u017e<\/strong> bez kompromis\u016f v materi\u00e1lech, zpracov\u00e1n\u00ed a \u0159ezn\u00e9m v\u00fdkonu.<\/p>\n<hr data-start=\"630\" data-end=\"633\" \/>\n<h2 data-start=\"635\" data-end=\"661\">Charakter a filozofie<\/h2>\n<p data-start=\"662\" data-end=\"947\"><strong data-start=\"662\" data-end=\"695\">Spyderco Manix 2 XL Reveal 14<\/strong> p\u0159edstavuje filozofii pracovn\u00edho n\u00e1stroje, kter\u00fd je p\u0159ipraven zvl\u00e1dnout <strong data-start=\"768\" data-end=\"822\">n\u00e1ro\u010dn\u00e9 ka\u017edodenn\u00ed pou\u017eit\u00ed, outdoor i tvrd\u0161\u00ed pr\u00e1ci<\/strong>. Oproti standardn\u00ed verzi nab\u00edz\u00ed v\u011bt\u0161\u00ed \u010depel, del\u0161\u00ed dosah a vy\u0161\u0161\u00ed rezervu p\u0159i \u0159ezu, ani\u017e by utrp\u011bla kontrola nebo bezpe\u010dnost.<\/p>\n<p data-start=\"949\" data-end=\"1180\">\u010cepel z n\u00e1strojov\u00e9 oceli <strong data-start=\"974\" data-end=\"990\">CPM CRU-WEAR<\/strong> vynik\u00e1 <strong data-start=\"998\" data-end=\"1088\">extr\u00e9mn\u00ed v\u00fddr\u017e\u00ed ost\u0159\u00ed, vysokou hou\u017eevnatost\u00ed a velmi dobrou odolnost\u00ed proti opot\u0159eben\u00ed<\/strong>. Je ide\u00e1ln\u00ed volbou pro u\u017eivatele, kte\u0159\u00ed n\u016f\u017e skute\u010dn\u011b pou\u017e\u00edvaj\u00ed a vy\u017eaduj\u00ed dlouhodob\u00fd v\u00fdkon.<\/p>\n<p data-start=\"1182\" data-end=\"1406\">Rukoje\u0165 z <strong data-start=\"1192\" data-end=\"1216\">hn\u011bd\u00e9 Canvas Micarty<\/strong> dod\u00e1v\u00e1 no\u017ei p\u0159irozen\u00fd, pracovn\u00ed vzhled a z\u00e1rove\u0148 nab\u00edz\u00ed <strong data-start=\"1273\" data-end=\"1293\">vynikaj\u00edc\u00ed \u00fachop<\/strong>, kter\u00fd se s pou\u017e\u00edv\u00e1n\u00edm je\u0161t\u011b zlep\u0161uje. Micarta je odoln\u00e1, p\u0159\u00edjemn\u00e1 na dotek a spolehliv\u00e1 i v hor\u0161\u00edch podm\u00ednk\u00e1ch.<\/p>\n<p data-start=\"1408\" data-end=\"1555\">Ball Bearing Lock poskytuje <strong data-start=\"1436\" data-end=\"1471\">extr\u00e9mn\u011b pevn\u00e9 zaji\u0161t\u011bn\u00ed \u010depele<\/strong>, vysokou bezpe\u010dnost p\u0159i pr\u00e1ci a z\u00e1rove\u0148 umo\u017e\u0148uje <strong data-start=\"1521\" data-end=\"1554\">plynul\u00e9 ovl\u00e1d\u00e1n\u00ed jednou rukou<\/strong>.<\/p>\n<hr data-start=\"1557\" data-end=\"1560\" \/>\n<h2 data-start=\"1562\" data-end=\"1579\">\ud83c\udfed O v\u00fdrobci<\/h2>\n<p data-start=\"1580\" data-end=\"1837\"><strong data-start=\"1580\" data-end=\"1592\">Spyderco<\/strong> je americk\u00e1 zna\u010dka, kter\u00e1 dlouhodob\u011b pat\u0159\u00ed mezi absolutn\u00ed \u0161pi\u010dku ve v\u00fdrob\u011b zav\u00edrac\u00edch no\u017e\u016f. Je zn\u00e1m\u00e1 sv\u00fdm d\u016frazem na ergonomii, re\u00e1ln\u00e9 pou\u017eit\u00ed a technick\u00e9 inovace. \u0158ada Manix pat\u0159\u00ed mezi jejich nejikoni\u010dt\u011bj\u0161\u00ed modely ur\u010den\u00e9 pro n\u00e1ro\u010dn\u00e9 u\u017eivatele.<\/p>\n<hr data-start=\"1839\" data-end=\"1842\" \/>\n<h2 data-start=\"1844\" data-end=\"1871\">\u2699\ufe0f Technick\u00e9 specifikace<\/h2>\n<div class=\"TyagGW_tableContainer\">\n<div class=\"group TyagGW_tableWrapper flex flex-col-reverse w-fit\" tabindex=\"-1\">\n<table class=\"w-fit min-w-(--thread-content-width)\" data-start=\"1873\" data-end=\"2409\">\n<thead data-start=\"1873\" data-end=\"1895\">\n<tr data-start=\"1873\" data-end=\"1895\">\n<th data-start=\"1873\" data-end=\"1884\" data-col-size=\"sm\">Parametr<\/th>\n<th data-start=\"1884\" data-end=\"1895\" data-col-size=\"sm\">Hodnota<\/th>\n<\/tr>\n<\/thead>\n<tbody data-start=\"1916\" data-end=\"2409\">\n<tr data-start=\"1916\" data-end=\"1966\">\n<td data-start=\"1916\" data-end=\"1924\" data-col-size=\"sm\">Model<\/td>\n<td data-start=\"1924\" data-end=\"1966\" data-col-size=\"sm\">Spyderco Manix 2 XL Reveal 14 C95MPCW2<\/td>\n<\/tr>\n<tr data-start=\"1967\" data-end=\"1996\">\n<td data-start=\"1967\" data-end=\"1983\" data-col-size=\"sm\">Celkov\u00e1 d\u00e9lka<\/td>\n<td data-col-size=\"sm\" data-start=\"1983\" data-end=\"1996\">cca 23 cm<\/td>\n<\/tr>\n<tr data-start=\"1997\" data-end=\"2026\">\n<td data-start=\"1997\" data-end=\"2012\" data-col-size=\"sm\">D\u00e9lka \u010depele<\/td>\n<td data-col-size=\"sm\" data-start=\"2012\" data-end=\"2026\">cca 9,9 cm<\/td>\n<\/tr>\n<tr data-start=\"2027\" data-end=\"2059\">\n<td data-start=\"2027\" data-end=\"2045\" data-col-size=\"sm\">Tlou\u0161\u0165ka \u010depele<\/td>\n<td data-col-size=\"sm\" data-start=\"2045\" data-end=\"2059\">cca 3,2 mm<\/td>\n<\/tr>\n<tr data-start=\"2060\" data-end=\"2094\">\n<td data-start=\"2060\" data-end=\"2078\" data-col-size=\"sm\">Materi\u00e1l \u010depele<\/td>\n<td data-start=\"2078\" data-end=\"2094\" data-col-size=\"sm\">CPM CRU-WEAR<\/td>\n<\/tr>\n<tr data-start=\"2095\" data-end=\"2147\">\n<td data-start=\"2095\" data-end=\"2111\" data-col-size=\"sm\">Tvrdost oceli<\/td>\n<td data-start=\"2111\" data-end=\"2147\" data-col-size=\"sm\">vysok\u00e1 \u2013 zam\u011b\u0159en\u00e1 na v\u00fddr\u017e ost\u0159\u00ed<\/td>\n<\/tr>\n<tr data-start=\"2148\" data-end=\"2176\">\n<td data-start=\"2148\" data-end=\"2162\" data-col-size=\"sm\">Tvar \u010depele<\/td>\n<td data-col-size=\"sm\" data-start=\"2162\" data-end=\"2176\">Leaf-shape<\/td>\n<\/tr>\n<tr data-start=\"2177\" data-end=\"2205\">\n<td data-start=\"2177\" data-end=\"2186\" data-col-size=\"sm\">V\u00fdbrus<\/td>\n<td data-start=\"2186\" data-end=\"2205\" data-col-size=\"sm\">Full Flat Grind<\/td>\n<\/tr>\n<tr data-start=\"2206\" data-end=\"2231\">\n<td data-start=\"2206\" data-end=\"2222\" data-col-size=\"sm\">Povrch \u010depele<\/td>\n<td data-col-size=\"sm\" data-start=\"2222\" data-end=\"2231\">sat\u00e9n<\/td>\n<\/tr>\n<tr data-start=\"2232\" data-end=\"2266\">\n<td data-start=\"2232\" data-end=\"2242\" data-col-size=\"sm\">Rukoje\u0165<\/td>\n<td data-col-size=\"sm\" data-start=\"2242\" data-end=\"2266\">hn\u011bd\u00e1 Canvas Micarta<\/td>\n<\/tr>\n<tr data-start=\"2267\" data-end=\"2296\">\n<td data-start=\"2267\" data-end=\"2275\" data-col-size=\"sm\">Z\u00e1mek<\/td>\n<td data-col-size=\"sm\" data-start=\"2275\" data-end=\"2296\">Ball Bearing Lock<\/td>\n<\/tr>\n<tr data-start=\"2297\" data-end=\"2334\">\n<td data-start=\"2297\" data-end=\"2309\" data-col-size=\"sm\">Otev\u00edr\u00e1n\u00ed<\/td>\n<td data-col-size=\"sm\" data-start=\"2309\" data-end=\"2334\">kulat\u00fd otvor Spyderco<\/td>\n<\/tr>\n<tr data-start=\"2335\" data-end=\"2367\">\n<td data-start=\"2335\" data-end=\"2342\" data-col-size=\"sm\">Klip<\/td>\n<td data-start=\"2342\" data-end=\"2367\" data-col-size=\"sm\">reverzibiln\u00ed \u2013 tip-up<\/td>\n<\/tr>\n<tr data-start=\"2368\" data-end=\"2392\">\n<td data-start=\"2368\" data-end=\"2379\" data-col-size=\"sm\">Hmotnost<\/td>\n<td data-start=\"2379\" data-end=\"2392\" data-col-size=\"sm\">cca 145 g<\/td>\n<\/tr>\n<tr data-start=\"2393\" data-end=\"2409\">\n<td data-start=\"2393\" data-end=\"2402\" data-col-size=\"sm\">V\u00fdroba<\/td>\n<td data-start=\"2402\" data-end=\"2409\" data-col-size=\"sm\">USA<\/td>\n<\/tr>\n<\/tbody>\n<\/table>\n<\/div>\n<\/div>\n<hr data-start=\"2411\" data-end=\"2414\" \/>\n<h2 data-start=\"2416\" data-end=\"2434\">\u2705 Hlavn\u00ed v\u00fdhody<\/h2>\n<ul data-start=\"2435\" data-end=\"2726\">\n<li data-start=\"2435\" data-end=\"2493\">\n<p data-start=\"2437\" data-end=\"2493\"><strong data-start=\"2437\" data-end=\"2453\">CPM CRU-WEAR<\/strong> \u2013 extr\u00e9mn\u00ed v\u00fddr\u017e ost\u0159\u00ed a hou\u017eevnatost<\/p>\n<\/li>\n<li data-start=\"2494\" data-end=\"2541\">\n<p data-start=\"2496\" data-end=\"2541\"><strong data-start=\"2496\" data-end=\"2511\">Velk\u00e1 \u010depel<\/strong> \u2013 vysok\u00fd v\u00fdkon a dosah \u0159ezu<\/p>\n<\/li>\n<li data-start=\"2542\" data-end=\"2605\">\n<p data-start=\"2544\" data-end=\"2605\"><strong data-start=\"2544\" data-end=\"2565\">Ball Bearing Lock<\/strong> \u2013 maxim\u00e1ln\u00ed bezpe\u010dnost a plynul\u00fd chod<\/p>\n<\/li>\n<li data-start=\"2606\" data-end=\"2672\">\n<p data-start=\"2608\" data-end=\"2672\"><strong data-start=\"2608\" data-end=\"2634\">Canvas Micarta rukoje\u0165<\/strong> \u2013 skv\u011bl\u00fd \u00fachop a pracovn\u00ed charakter<\/p>\n<\/li>\n<li data-start=\"2673\" data-end=\"2726\">\n<p data-start=\"2675\" data-end=\"2726\"><strong data-start=\"2675\" data-end=\"2696\">V\u00fdborn\u00e1 ergonomie<\/strong> \u2013 jistota i p\u0159i del\u0161\u00ed pr\u00e1ci<\/p>\n<\/li>\n<\/ul>\n<hr data-start=\"2728\" data-end=\"2731\" \/>\n<h2 data-start=\"2733\" data-end=\"2752\">\u26a0\ufe0f Mo\u017en\u00e1 omezen\u00ed<\/h2>\n<ul data-start=\"2753\" data-end=\"2898\">\n<li data-start=\"2753\" data-end=\"2808\">\n<p data-start=\"2755\" data-end=\"2808\">V\u011bt\u0161\u00ed rozm\u011bry nejsou ide\u00e1ln\u00ed pro minimalistick\u00e9 EDC<\/p>\n<\/li>\n<li data-start=\"2809\" data-end=\"2849\">\n<p data-start=\"2811\" data-end=\"2849\">Vy\u0161\u0161\u00ed hmotnost oproti men\u0161\u00edm model\u016fm<\/p>\n<\/li>\n<li data-start=\"2850\" data-end=\"2898\">\n<p data-start=\"2852\" data-end=\"2898\">CRU-WEAR vy\u017eaduje z\u00e1kladn\u00ed p\u00e9\u010di proti korozi<\/p>\n<\/li>\n<\/ul>\n<hr data-start=\"2900\" data-end=\"2903\" \/>\n<h2 data-start=\"2905\" data-end=\"2925\">\ud83d\udee0\ufe0f \u00dadr\u017eba a p\u00e9\u010de<\/h2>\n<ul data-start=\"2926\" data-end=\"3117\">\n<li data-start=\"2926\" data-end=\"2959\">\n<p data-start=\"2928\" data-end=\"2959\">Po pou\u017eit\u00ed \u010depel ot\u0159i a osu\u0161\u00ed<\/p>\n<\/li>\n<li data-start=\"2960\" data-end=\"3016\">\n<p data-start=\"2962\" data-end=\"3016\">P\u0159i del\u0161\u00edm pou\u017e\u00edv\u00e1n\u00ed ve vlhku lehce konzervuj olejem<\/p>\n<\/li>\n<li data-start=\"3017\" data-end=\"3052\">\n<p data-start=\"3019\" data-end=\"3052\">Pravideln\u011b kontroluj chod z\u00e1mku<\/p>\n<\/li>\n<li data-start=\"3053\" data-end=\"3117\">\n<p data-start=\"3055\" data-end=\"3117\">Ost\u0159\u00ed udr\u017euj jemn\u00fdm brou\u0161en\u00edm bez zbyte\u010dn\u00e9ho \u00fab\u011bru materi\u00e1lu<\/p>\n<\/li>\n<\/ul>\n<hr data-start=\"3119\" data-end=\"3122\" \/>\n<h2 data-start=\"3124\" data-end=\"3162\">\ud83d\udd2a Pro udr\u017een\u00ed ost\u0159\u00ed doporu\u010dujeme<\/h2>\n<p data-start=\"3163\" data-end=\"3289\">Pou\u017e\u00edvat kvalitn\u00ed brusn\u00e9 syst\u00e9my s p\u0159esn\u00fdm veden\u00edm \u00fahlu, kter\u00e9 zachovaj\u00ed geometrii ost\u0159\u00ed a maxim\u00e1ln\u00ed v\u00fddr\u017e oceli CPM CRU-WEAR.<\/p>\n<hr data-start=\"3291\" data-end=\"3294\" \/>\n<h2 data-start=\"3296\" data-end=\"3345\">\ud83d\uded2 Zakoup\u00ed\u0161 na na\u0161ich str\u00e1nk\u00e1ch <strong data-start=\"3331\" data-end=\"3345\">Moskito.cz<\/strong><\/h2>\n<hr data-start=\"3347\" data-end=\"3350\" \/>\n<h2 data-start=\"3352\" data-end=\"3372\">\ud83c\udfaf Doporu\u010deno pro<\/h2>\n<ul data-start=\"3373\" data-end=\"3538\">\n<li data-start=\"3373\" data-end=\"3388\">\n<p data-start=\"3375\" data-end=\"3388\">n\u00e1ro\u010dn\u00e9 EDC<\/p>\n<\/li>\n<li data-start=\"3389\" data-end=\"3409\">\n<p data-start=\"3391\" data-end=\"3409\">pracovn\u00ed pou\u017eit\u00ed<\/p>\n<\/li>\n<li data-start=\"3410\" data-end=\"3433\">\n<p data-start=\"3412\" data-end=\"3433\">outdoor a bushcraft<\/p>\n<\/li>\n<li data-start=\"3434\" data-end=\"3498\">\n<p data-start=\"3436\" data-end=\"3498\">u\u017eivatele hledaj\u00edc\u00ed <strong data-start=\"3456\" data-end=\"3496\">velk\u00fd a extr\u00e9mn\u011b odoln\u00fd zav\u00edrac\u00ed n\u016f\u017e<\/strong><\/p>\n<\/li>\n<li data-start=\"3499\" data-end=\"3538\">\n<p data-start=\"3501\" data-end=\"3538\">fanou\u0161ky pr\u00e9miov\u00fdch ocel\u00ed a Micarty<\/p>\n<\/li>\n<\/ul>\n<hr data-start=\"3540\" data-end=\"3543\" \/>\n<h2 data-start=\"3545\" data-end=\"3571\">\u2b50 Z\u00e1v\u011bre\u010dn\u00e9 hodnocen\u00ed<\/h2>\n<p data-start=\"3572\" data-end=\"3811\"><strong data-start=\"3572\" data-end=\"3629\">Spyderco Manix 2 XL Brown Canvas Micarta CPM CRU-WEAR<\/strong> je <strong data-start=\"3633\" data-end=\"3690\">robustn\u00ed, v\u00fdkonn\u00fd a maxim\u00e1ln\u011b spolehliv\u00fd zav\u00edrac\u00ed n\u016f\u017e<\/strong>, kter\u00fd bez probl\u00e9m\u016f zvl\u00e1dne i tvrd\u0161\u00ed zach\u00e1zen\u00ed. Nab\u00edz\u00ed \u0161pi\u010dkov\u00e9 materi\u00e1ly, vynikaj\u00edc\u00ed ergonomii a jistotu v ka\u017ed\u00e9m \u0159ezu.<\/p>\n<p data-start=\"3813\" data-end=\"3862\"><strong data-start=\"3813\" data-end=\"3862\">Manix 2 XL \u2013 kdy\u017e chce\u0161 v\u00fdkon bez kompromis\u016f.<\/strong><\/p>\n","protected":false},"excerpt":{"rendered":"<p data-start=\"3572\" data-end=\"3811\"><strong>Spyderco Manix 2 XL Brown Canvas Micarta CPM CRU-WEAR je robustn\u00ed, v\u00fdkonn\u00fd a maxim\u00e1ln\u011b spolehliv\u00fd zav\u00edrac\u00ed n\u016f\u017e, kter\u00fd bez probl\u00e9m\u016f zvl\u00e1dne i tvrd\u0161\u00ed zach\u00e1zen\u00ed. Nab\u00edz\u00ed \u0161pi\u010dkov\u00e9 materi\u00e1ly, vynikaj\u00edc\u00ed ergonomii a jistotu v ka\u017ed\u00e9m \u0159ezu.<\/strong><\/p>\n<p data-start=\"3813\" data-end=\"3862\"><strong>Manix 2 XL \u2013 kdy\u017e chce\u0161 v\u00fdkon bez kompromis\u016f.<\/strong><\/p>\n<p data-start=\"3813\" data-end=\"3862\"><strong>Doprava zdarma.<\/strong><\/p>\n","protected":false},"featured_media":433573,"comment_status":"open","ping_status":"closed","template":"","meta":[],"pwb-brand":[567],"product_brand":[],"product_cat":[22,17],"product_tag":[],"class_list":{"0":"post-433572","1":"product","2":"type-product","3":"status-publish","4":"has-post-thumbnail","6":"pwb-brand-spyderco","7":"product_cat-zaviraci-noze","8":"product_cat-noze","10":"first","11":"instock","12":"taxable","13":"shipping-taxable","14":"purchasable","15":"product-type-simple"},"brands":[{"id":567,"name":"Spyderco","slug":"spyderco"}],"_links":{"self":[{"href":"https:\/\/www.moskito.cz\/pl\/wp-json\/wp\/v2\/product\/433572","targetHints":{"allow":["GET"]}}],"collection":[{"href":"https:\/\/www.moskito.cz\/pl\/wp-json\/wp\/v2\/product"}],"about":[{"href":"https:\/\/www.moskito.cz\/pl\/wp-json\/wp\/v2\/types\/product"}],"replies":[{"embeddable":true,"href":"https:\/\/www.moskito.cz\/pl\/wp-json\/wp\/v2\/comments?post=433572"}],"wp:featuredmedia":[{"embeddable":true,"href":"https:\/\/www.moskito.cz\/pl\/wp-json\/wp\/v2\/media\/433573"}],"wp:attachment":[{"href":"https:\/\/www.moskito.cz\/pl\/wp-json\/wp\/v2\/media?parent=433572"}],"wp:term":[{"taxonomy":"pwb-brand","embeddable":true,"href":"https:\/\/www.moskito.cz\/pl\/wp-json\/wp\/v2\/pwb-brand?post=433572"},{"taxonomy":"product_brand","embeddable":true,"href":"https:\/\/www.moskito.cz\/pl\/wp-json\/wp\/v2\/product_brand?post=433572"},{"taxonomy":"product_cat","embeddable":true,"href":"https:\/\/www.moskito.cz\/pl\/wp-json\/wp\/v2\/product_cat?post=433572"},{"taxonomy":"product_tag","embeddable":true,"href":"https:\/\/www.moskito.cz\/pl\/wp-json\/wp\/v2\/product_tag?post=433572"}],"curies":[{"name":"wp","href":"https:\/\/api.w.org\/{rel}","templated":true}]}}