{"id":436575,"date":"2026-02-09T16:20:16","date_gmt":"2026-02-09T15:20:16","guid":{"rendered":"https:\/\/www.moskito.cz\/?post_type=product&#038;p=436575"},"modified":"2026-02-09T16:21:35","modified_gmt":"2026-02-09T15:21:35","slug":"vystrelovaci-nuz-microtech-dirac-od-green-225-10apod","status":"publish","type":"product","link":"https:\/\/www.moskito.cz\/pl\/produkt\/vystrelovaci-nuz-microtech-dirac-od-green-225-10apod\/","title":{"rendered":"Vyst\u0159elovac\u00ed N\u016f\u017e Microtech Dirac OD Green 225-10APOD"},"content":{"rendered":"<p data-start=\"304\" data-end=\"767\">Jakmile vezme\u0161 do ruky <strong data-start=\"327\" data-end=\"411\">vyst\u0159elovac\u00ed n\u016f\u017e Microtech Dirac OD Green Automatic Knife Apocalyptic 225\u201110APOD<\/strong>, okam\u017eit\u011b pozn\u00e1\u0161, \u017ee dr\u017e\u00ed\u0161 <strong data-start=\"439\" data-end=\"487\">precizn\u011b zpracovan\u00fd taktick\u00fd automatick\u00fd n\u016f\u017e<\/strong> s v\u00fdjime\u010dn\u00fdm designem a v\u00fdkonem. Tento model je charakteristick\u00fd kombinac\u00ed kompaktn\u00edch rozm\u011br\u016f, ergonomick\u00e9 rukojeti v <strong data-start=\"607\" data-end=\"619\">OD Green<\/strong> barv\u011b a v\u00fdraznou <strong data-start=\"637\" data-end=\"678\">apocalyptic povrchovou \u00fapravou \u010depele<\/strong>, kter\u00e1 dod\u00e1v\u00e1 no\u017ei tvrd\u00fd, taktick\u00fd vzhled a z\u00e1rove\u0148 poskytuje zv\u00fd\u0161enou odolnost povrchu.<\/p>\n<hr data-start=\"769\" data-end=\"772\" \/>\n<p data-start=\"774\" data-end=\"802\">\ud83d\udd25 <strong data-start=\"777\" data-end=\"802\">Charakter a filozofie<\/strong><\/p>\n<p data-start=\"804\" data-end=\"1063\">Microtech Dirac je navr\u017een pro ty, kdo vy\u017eaduj\u00ed <strong data-start=\"852\" data-end=\"919\">rychlou aktivaci, precizn\u00ed chod a okam\u017eitou p\u0159ipravenost k akci<\/strong>. D\u00edky dvoustrann\u00e9 (double edge) \u010depeli s apocalyptic finisherem je n\u016f\u017e v\u0161estrann\u00fd \u2014 vhodn\u00fd jak pro taktick\u00e9 nasazen\u00ed, tak pro ka\u017edodenn\u00ed \u00fakoly.<\/p>\n<p data-start=\"1065\" data-end=\"1290\">Unik\u00e1tn\u00ed <strong data-start=\"1074\" data-end=\"1109\">OTF (Out\u2011The\u2011Front) mechanismus<\/strong> umo\u017e\u0148uje vysunut\u00ed a zasunut\u00ed \u010depele jednozna\u010dn\u011b svi\u017en\u011b a spolehliv\u011b jedin\u00fdm pohybem palcem. Mechanismus je navr\u017een tak, aby minimalizoval t\u0159en\u00ed i opot\u0159eben\u00ed i p\u0159i \u010dast\u00e9m pou\u017e\u00edv\u00e1n\u00ed.<\/p>\n<p data-start=\"1292\" data-end=\"1444\">Ergonomick\u00e1 rukoje\u0165 z <strong data-start=\"1314\" data-end=\"1354\">leteck\u00e9ho hlin\u00edku 6061\u2011T6 v OD Green<\/strong> zaji\u0161\u0165uje jist\u00fd \u00fachop i v n\u00e1ro\u010dn\u00fdch podm\u00ednk\u00e1ch a poskytuje tak vysok\u00fd komfort manipulace.<\/p>\n<hr data-start=\"1446\" data-end=\"1449\" \/>\n<p data-start=\"1451\" data-end=\"1467\">\ud83c\udfed <strong data-start=\"1454\" data-end=\"1467\">O v\u00fdrobci<\/strong><\/p>\n<p data-start=\"1469\" data-end=\"1756\">Microtech Knives je americk\u00e1 zna\u010dka specializuj\u00edc\u00ed se na pr\u00e9miov\u00e9 automatick\u00e9 no\u017ee s vysok\u00fdmi standardy p\u0159esnosti, spolehlivosti a materi\u00e1lov\u00e9 kvality. Model Dirac p\u0159edstavuje jednu z nejnov\u011bj\u0161\u00edch generac\u00ed OTF design\u016f od Microtech, kter\u00e1 kombinuje intuitivn\u00ed pou\u017eit\u00ed s taktick\u00fdm v\u00fdkonem.<\/p>\n<hr data-start=\"1758\" data-end=\"1761\" \/>\n<p data-start=\"1763\" data-end=\"1791\">\u2699\ufe0f <strong data-start=\"1766\" data-end=\"1791\">Technick\u00e9 specifikace<\/strong><\/p>\n<div class=\"TyagGW_tableContainer\">\n<div class=\"group TyagGW_tableWrapper flex flex-col-reverse w-fit\" tabindex=\"-1\">\n<table class=\"w-fit min-w-(--thread-content-width)\" data-start=\"1793\" data-end=\"2379\">\n<thead data-start=\"1793\" data-end=\"1815\">\n<tr data-start=\"1793\" data-end=\"1815\">\n<th class=\"\" data-start=\"1793\" data-end=\"1804\" data-col-size=\"sm\">Parametr<\/th>\n<th class=\"\" data-start=\"1804\" data-end=\"1815\" data-col-size=\"md\">Hodnota<\/th>\n<\/tr>\n<\/thead>\n<tbody data-start=\"1839\" data-end=\"2379\">\n<tr data-start=\"1839\" data-end=\"1918\">\n<td data-start=\"1839\" data-end=\"1851\" data-col-size=\"sm\"><strong data-start=\"1841\" data-end=\"1850\">Model<\/strong><\/td>\n<td data-start=\"1851\" data-end=\"1918\" data-col-size=\"md\">Microtech Dirac OD Green Automatic Knife Apocalyptic 225\u201110APOD<\/td>\n<\/tr>\n<tr data-start=\"1919\" data-end=\"1969\">\n<td data-start=\"1919\" data-end=\"1929\" data-col-size=\"sm\"><strong data-start=\"1921\" data-end=\"1928\">Typ<\/strong><\/td>\n<td data-start=\"1929\" data-end=\"1969\" data-col-size=\"md\">Vyst\u0159elovac\u00ed n\u016f\u017e \/ OTF \/ Automatick\u00fd<\/td>\n<\/tr>\n<tr data-start=\"1970\" data-end=\"2004\">\n<td data-start=\"1970\" data-end=\"1990\" data-col-size=\"sm\"><strong data-start=\"1972\" data-end=\"1989\">Celkov\u00e1 d\u00e9lka<\/strong><\/td>\n<td data-start=\"1990\" data-end=\"2004\" data-col-size=\"md\">cca 184 mm<\/td>\n<\/tr>\n<tr data-start=\"2005\" data-end=\"2037\">\n<td data-start=\"2005\" data-end=\"2024\" data-col-size=\"sm\"><strong data-start=\"2007\" data-end=\"2023\">D\u00e9lka \u010depele<\/strong><\/td>\n<td data-start=\"2024\" data-end=\"2037\" data-col-size=\"md\">cca 74 mm<\/td>\n<\/tr>\n<tr data-start=\"2038\" data-end=\"2082\">\n<td data-start=\"2038\" data-end=\"2060\" data-col-size=\"sm\"><strong data-start=\"2040\" data-end=\"2059\">Materi\u00e1l \u010depele<\/strong><\/td>\n<td data-start=\"2060\" data-end=\"2082\" data-col-size=\"md\">Pr\u00e9miov\u00e1 ocel M390<\/td>\n<\/tr>\n<tr data-start=\"2083\" data-end=\"2127\">\n<td data-start=\"2083\" data-end=\"2101\" data-col-size=\"sm\"><strong data-start=\"2085\" data-end=\"2100\">Tvar \u010depele<\/strong><\/td>\n<td data-start=\"2101\" data-end=\"2127\" data-col-size=\"md\">Dvoudob\u00e1 (double edge)<\/td>\n<\/tr>\n<tr data-start=\"2128\" data-end=\"2163\">\n<td data-start=\"2128\" data-end=\"2148\" data-col-size=\"sm\"><strong data-start=\"2130\" data-end=\"2147\">Povrch \u010depele<\/strong><\/td>\n<td data-start=\"2148\" data-end=\"2163\" data-col-size=\"md\">Apocalyptic<\/td>\n<\/tr>\n<tr data-start=\"2164\" data-end=\"2199\">\n<td data-start=\"2164\" data-end=\"2182\" data-col-size=\"sm\"><strong data-start=\"2166\" data-end=\"2181\">Mechanismus<\/strong><\/td>\n<td data-start=\"2182\" data-end=\"2199\" data-col-size=\"md\">Dvoj\u010dinn\u00fd OTF<\/td>\n<\/tr>\n<tr data-start=\"2200\" data-end=\"2250\">\n<td data-start=\"2200\" data-end=\"2224\" data-col-size=\"sm\"><strong data-start=\"2202\" data-end=\"2223\">Materi\u00e1l rukojeti<\/strong><\/td>\n<td data-start=\"2224\" data-end=\"2250\" data-col-size=\"md\">Leteck\u00fd hlin\u00edk 6061\u2011T6<\/td>\n<\/tr>\n<tr data-start=\"2251\" data-end=\"2295\">\n<td data-start=\"2251\" data-end=\"2270\" data-col-size=\"sm\"><strong data-start=\"2253\" data-end=\"2269\">Kapesn\u00ed klip<\/strong><\/td>\n<td data-start=\"2270\" data-end=\"2295\" data-col-size=\"md\">Tip\u2011down \/ deep carry<\/td>\n<\/tr>\n<tr data-start=\"2296\" data-end=\"2334\">\n<td data-start=\"2296\" data-end=\"2308\" data-col-size=\"sm\"><strong data-start=\"2298\" data-end=\"2307\">Barva<\/strong><\/td>\n<td data-start=\"2308\" data-end=\"2334\" data-col-size=\"md\">OD Green \/ Apocalyptic<\/td>\n<\/tr>\n<tr data-start=\"2335\" data-end=\"2379\">\n<td data-start=\"2335\" data-end=\"2351\" data-col-size=\"sm\"><strong data-start=\"2337\" data-end=\"2350\">Kategorie<\/strong><\/td>\n<td data-start=\"2351\" data-end=\"2379\" data-col-size=\"md\">Taktick\u00fd \/ Profesion\u00e1ln\u00ed<\/td>\n<\/tr>\n<\/tbody>\n<\/table>\n<\/div>\n<\/div>\n<p data-start=\"2381\" data-end=\"2472\"><em data-start=\"2381\" data-end=\"2472\">Rozm\u011bry jsou orienta\u010dn\u00ed podle standardn\u00edch specifikac\u00ed Microtech Dirac 225\u201110APOD model\u016f.<\/em><\/p>\n<hr data-start=\"2474\" data-end=\"2477\" \/>\n<p data-start=\"2479\" data-end=\"2498\">\u2705 <strong data-start=\"2481\" data-end=\"2498\">Hlavn\u00ed v\u00fdhody<\/strong><\/p>\n<ul data-start=\"2500\" data-end=\"2784\">\n<li data-start=\"2500\" data-end=\"2560\">\n<p data-start=\"2502\" data-end=\"2560\">Kompaktn\u00ed, taktick\u00fd a snadno ovladateln\u00fd OTF mechanismus<\/p>\n<\/li>\n<li data-start=\"2561\" data-end=\"2616\">\n<p data-start=\"2563\" data-end=\"2616\">Pr\u00e9miov\u00e1 M390 ocel s apocalyptic povrchovou \u00fapravou<\/p>\n<\/li>\n<li data-start=\"2617\" data-end=\"2680\">\n<p data-start=\"2619\" data-end=\"2680\">\u0158ezy z obou stran \u2014 dvoub\u0159it\u00e1 \u010depel pro univerz\u00e1ln\u00ed pou\u017eit\u00ed<\/p>\n<\/li>\n<li data-start=\"2681\" data-end=\"2722\">\n<p data-start=\"2683\" data-end=\"2722\">Ergonomick\u00e1 rukoje\u0165 s pevnou texturou<\/p>\n<\/li>\n<li data-start=\"2723\" data-end=\"2784\">\n<p data-start=\"2725\" data-end=\"2784\">N\u00edzk\u00e1 hmotnost a ide\u00e1ln\u00ed rozm\u011bry pro EDC i taktick\u00e9 \u00fakoly<\/p>\n<\/li>\n<\/ul>\n<p data-start=\"2786\" data-end=\"2806\">\u26a0\ufe0f <strong data-start=\"2789\" data-end=\"2806\">Mo\u017en\u00e1 omezen\u00ed<\/strong><\/p>\n<ul data-start=\"2808\" data-end=\"2970\">\n<li data-start=\"2808\" data-end=\"2833\">\n<p data-start=\"2810\" data-end=\"2833\">Vy\u0161\u0161\u00ed po\u0159izovac\u00ed cena<\/p>\n<\/li>\n<li data-start=\"2834\" data-end=\"2914\">\n<p data-start=\"2836\" data-end=\"2914\">Dvoub\u0159it\u00e1 \u010depel nemus\u00ed b\u00fdt vhodn\u00e1 pro ka\u017edodenn\u00ed \u00falohy v n\u011bkter\u00fdch oblastech<\/p>\n<\/li>\n<li data-start=\"2915\" data-end=\"2970\">\n<p data-start=\"2917\" data-end=\"2970\">Automatick\u00fd mechanismus vy\u017eaduje pravidelnou \u00fadr\u017ebu<\/p>\n<\/li>\n<\/ul>\n<hr data-start=\"2972\" data-end=\"2975\" \/>\n<p data-start=\"2977\" data-end=\"2998\">\ud83d\udee0\ufe0f <strong data-start=\"2981\" data-end=\"2998\">\u00dadr\u017eba a p\u00e9\u010de<\/strong><\/p>\n<ul data-start=\"3000\" data-end=\"3385\">\n<li data-start=\"3000\" data-end=\"3074\">\n<p data-start=\"3002\" data-end=\"3074\">Po pou\u017eit\u00ed <strong data-start=\"3013\" data-end=\"3037\">\u010depel o\u010disti a osu\u0161i<\/strong>, aby se zachovala dlouh\u00e1 \u017eivotnost<\/p>\n<\/li>\n<li data-start=\"3075\" data-end=\"3145\">\n<p data-start=\"3077\" data-end=\"3145\"><strong data-start=\"3077\" data-end=\"3111\">Rukoje\u0165 udr\u017euj suchou a \u010distou<\/strong>, zejm\u00e9na po kontaktu s vlhkost\u00ed<\/p>\n<\/li>\n<li data-start=\"3146\" data-end=\"3210\">\n<p data-start=\"3148\" data-end=\"3210\"><strong data-start=\"3148\" data-end=\"3173\">P\u0159i del\u0161\u00edm skladov\u00e1n\u00ed<\/strong> lehce nama\u017e \u010depel ochrann\u00fdm olejem<\/p>\n<\/li>\n<li data-start=\"3211\" data-end=\"3385\">\n<p data-start=\"3213\" data-end=\"3385\">Na brou\u0161en\u00ed ost\u0159\u00ed doporu\u010dujeme <strong data-start=\"3244\" data-end=\"3310\">Spyderco Tri\u2011Angle Sharpmaker Complete Sharpening System 204MF<\/strong> \u2013 ide\u00e1ln\u00ed i pro hladk\u00e1 ost\u0159\u00ed. \ud83d\uded2 Koup\u00ed\u0161 na na\u0161ich str\u00e1nk\u00e1ch <strong data-start=\"3371\" data-end=\"3385\">Moskito.cz<\/strong><\/p>\n<\/li>\n<\/ul>\n<hr data-start=\"3387\" data-end=\"3390\" \/>\n<p data-start=\"3392\" data-end=\"3413\">\ud83c\udfaf <strong data-start=\"3395\" data-end=\"3413\">Doporu\u010deno pro<\/strong><\/p>\n<ul data-start=\"3415\" data-end=\"3591\">\n<li data-start=\"3415\" data-end=\"3449\">\n<p data-start=\"3417\" data-end=\"3449\">Profesion\u00e1ln\u00ed taktick\u00e9 pou\u017eit\u00ed<\/p>\n<\/li>\n<li data-start=\"3450\" data-end=\"3490\">\n<p data-start=\"3452\" data-end=\"3490\">Ka\u017edodenn\u00ed EDC i outdoorov\u00e9 aktivity<\/p>\n<\/li>\n<li data-start=\"3491\" data-end=\"3534\">\n<p data-start=\"3493\" data-end=\"3534\">Sb\u011bratele kvalitn\u00edch automatick\u00fdch no\u017e\u016f<\/p>\n<\/li>\n<li data-start=\"3535\" data-end=\"3591\">\n<p data-start=\"3537\" data-end=\"3591\">U\u017eivatel\u00e9 hledaj\u00edc\u00ed kompaktn\u00ed a spolehliv\u00fd OTF model<\/p>\n<\/li>\n<\/ul>\n<hr data-start=\"3593\" data-end=\"3596\" \/>\n<p data-start=\"3598\" data-end=\"3623\">\u2b50 <strong data-start=\"3600\" data-end=\"3623\">Z\u00e1v\u011bre\u010dn\u00e9 hodnocen\u00ed<\/strong><\/p>\n<p data-start=\"3625\" data-end=\"3886\">Microtech Dirac OD Green Automatic Knife Apocalyptic 225\u201110APOD je <strong data-start=\"3692\" data-end=\"3753\">kompaktn\u00ed, v\u00fdkonn\u00fd a precizn\u011b zpracovan\u00fd vyst\u0159elovac\u00ed n\u016f\u017e<\/strong>, kter\u00fd spojuje rychlost, spolehlivost a taktick\u00fd v\u00fdkon v jednom. Skv\u011ble sed\u00ed do ruky a je ide\u00e1ln\u00ed volbou pro n\u00e1ro\u010dn\u00e9 u\u017eivatele \ud83d\udd2a\ud83d\udd25.<\/p>\n","protected":false},"excerpt":{"rendered":"<p><strong>Microtech Dirac OD Green Automatic Knife Apocalyptic 225\u201110APOD je kompaktn\u00ed, v\u00fdkonn\u00fd a precizn\u011b zpracovan\u00fd vyst\u0159elovac\u00ed n\u016f\u017e, kter\u00fd spojuje rychlost, spolehlivost a taktick\u00fd v\u00fdkon v jednom. Skv\u011ble sed\u00ed do ruky a je ide\u00e1ln\u00ed volbou pro n\u00e1ro\u010dn\u00e9 u\u017eivatele \ud83d\udd2a\ud83d\udd25.<\/strong><\/p>\n<p><strong>Doprava zdarma.<\/strong><\/p>\n","protected":false},"featured_media":436576,"comment_status":"open","ping_status":"closed","template":"","meta":[],"pwb-brand":[431],"product_brand":[],"product_cat":[2019,17],"product_tag":[],"class_list":{"0":"post-436575","1":"product","2":"type-product","3":"status-publish","4":"has-post-thumbnail","6":"pwb-brand-microtech","7":"product_cat-vystrelovaci-noze","8":"product_cat-noze","10":"first","11":"instock","12":"taxable","13":"shipping-taxable","14":"purchasable","15":"product-type-simple"},"brands":[{"id":431,"name":"Microtech","slug":"microtech"}],"_links":{"self":[{"href":"https:\/\/www.moskito.cz\/pl\/wp-json\/wp\/v2\/product\/436575","targetHints":{"allow":["GET"]}}],"collection":[{"href":"https:\/\/www.moskito.cz\/pl\/wp-json\/wp\/v2\/product"}],"about":[{"href":"https:\/\/www.moskito.cz\/pl\/wp-json\/wp\/v2\/types\/product"}],"replies":[{"embeddable":true,"href":"https:\/\/www.moskito.cz\/pl\/wp-json\/wp\/v2\/comments?post=436575"}],"wp:featuredmedia":[{"embeddable":true,"href":"https:\/\/www.moskito.cz\/pl\/wp-json\/wp\/v2\/media\/436576"}],"wp:attachment":[{"href":"https:\/\/www.moskito.cz\/pl\/wp-json\/wp\/v2\/media?parent=436575"}],"wp:term":[{"taxonomy":"pwb-brand","embeddable":true,"href":"https:\/\/www.moskito.cz\/pl\/wp-json\/wp\/v2\/pwb-brand?post=436575"},{"taxonomy":"product_brand","embeddable":true,"href":"https:\/\/www.moskito.cz\/pl\/wp-json\/wp\/v2\/product_brand?post=436575"},{"taxonomy":"product_cat","embeddable":true,"href":"https:\/\/www.moskito.cz\/pl\/wp-json\/wp\/v2\/product_cat?post=436575"},{"taxonomy":"product_tag","embeddable":true,"href":"https:\/\/www.moskito.cz\/pl\/wp-json\/wp\/v2\/product_tag?post=436575"}],"curies":[{"name":"wp","href":"https:\/\/api.w.org\/{rel}","templated":true}]}}