{"id":436873,"date":"2026-02-12T13:51:15","date_gmt":"2026-02-12T12:51:15","guid":{"rendered":"https:\/\/www.moskito.cz\/produkt\/noz-wyrzutowy-combat-troodon-gen-iii-interceptor-1217-2rds\/"},"modified":"2026-02-12T14:07:51","modified_gmt":"2026-02-12T13:07:51","slug":"noz-wyrzutowy-combat-troodon-gen-iii-interceptor-1217-2rds","status":"publish","type":"product","link":"https:\/\/www.moskito.cz\/pl\/produkt\/noz-wyrzutowy-combat-troodon-gen-iii-interceptor-1217-2rds\/","title":{"rendered":"N\u00f3\u017c wyrzutowy COMBAT TROODON GEN III INTERCEPTOR 1217-2RDS"},"content":{"rendered":"<div class=\"min-h-8 text-message relative flex w-full flex-col items-end gap-2 text-start break-words whitespace-normal [.text-message+&amp;]:mt-1\" dir=\"auto\" data-message-author-role=\"assistant\" data-message-id=\"79e1b839-faaf-4c12-b305-1453c6f69434\" data-message-model-slug=\"gpt-5-2\">\n<div class=\"flex w-full flex-col gap-1 empty:hidden first:pt-[1px]\">\n<div class=\"markdown prose dark:prose-invert w-full wrap-break-word light markdown-new-styling\">\n<p data-start=\"0\" data-end=\"355\">Gdy tylko we\u017amiesz do r\u0119ki <strong data-start=\"23\" data-end=\"99\">Microtech Combat Troodon\u00ae Gen III Interceptor 1217-2RDS<\/strong>, natychmiast poczujesz moc i precyzj\u0119 najnowszej generacji legendarnej platformy OTF. Model ten \u0142\u0105czy agresywne ostrze Interceptor z ulepszonym mechanizmem Gen III i wytrzyma\u0142\u0105 konstrukcj\u0105, kt\u00f3ra jest gotowa na trudne warunki i intensywne u\u017cytkowanie. <\/p>\n<p data-start=\"357\" data-end=\"489\">Wersja 1217-2RDS zachwyca wyr\u00f3\u017cniaj\u0105c\u0105 si\u0119 kolorystyk\u0105 r\u0119koje\u015bci i dwukolorowym wyko\u0144czeniem ostrza, kt\u00f3re podkre\u015bla taktyczny charakter no\u017ca.<\/p>\n<hr data-start=\"491\" data-end=\"494\">\n<p data-start=\"496\" data-end=\"524\">\ud83d\udd25 <strong data-start=\"499\" data-end=\"524\">Charakter i filozofia<\/strong><\/p>\n<p data-start=\"526\" data-end=\"750\">Combat Troodon\u00ae Gen III stanowi technologiczny post\u0119p w ramach tej kultowej linii. W por\u00f3wnaniu do poprzednich generacji, oferuje jeszcze p\u0142ynniejsze dzia\u0142anie, zoptymalizowan\u0105 konstrukcj\u0119 wewn\u0119trzn\u0105 i wi\u0119ksz\u0105 sp\u00f3jno\u015b\u0107 w wysuwaniu i chowaniu ostrza. <\/p>\n<p data-start=\"752\" data-end=\"928\">Ostrze Interceptor ma charakterystyczny, dynamiczny profil z ostrym czubkiem i d\u0142ug\u0105 kraw\u0119dzi\u0105 tn\u0105c\u0105. \u0141\u0105czy w sobie wysok\u0105 penetracj\u0119 z wytrzyma\u0142o\u015bci\u0105 czubka, dzi\u0119ki czemu jest charakterystycznym i pot\u0119\u017cnym narz\u0119dziem. <\/p>\n<p data-start=\"930\" data-end=\"1109\">Mechanizm OTF o podw\u00f3jnym dzia\u0142aniu pozwala na szybkie wysuwanie i chowanie broni jednym ruchem kciuka. Suwak zosta\u0142 zaprojektowany tak, aby zapewni\u0107 pewien op\u00f3r &#8211; zwi\u0119kszaj\u0105c bezpiecze\u0144stwo podczas obs\u0142ugi. <\/p>\n<hr data-start=\"1111\" data-end=\"1114\">\n<p data-start=\"1116\" data-end=\"1132\"><strong data-start=\"1119\" data-end=\"1132\">O producencie<\/strong><\/p>\n<p data-start=\"1134\" data-end=\"1434\">Microtech Knives to ameryka\u0144ska marka za\u0142o\u017cona przez Anthony&#8217;ego (Tony&#8217;ego) Marfiona, kt\u00f3ra od ponad trzech dekad jest jednym z wiod\u0105cych na \u015bwiecie producent\u00f3w no\u017cy automatycznych i OTF. Ka\u017cdy model jest w 100% produkowany i montowany w USA, z naciskiem na precyzyjn\u0105 obr\u00f3bk\u0119 CNC, wysokiej jako\u015bci materia\u0142y i innowacyjne rozwi\u0105zania projektowe. <\/p>\n<p data-start=\"1436\" data-end=\"1576\">Seria Combat Troodon\u00ae jest jednym z najtrwalszych i najpot\u0119\u017cniejszych modeli w ofercie marki i od dawna jest ulubie\u0144cem zar\u00f3wno profesjonalist\u00f3w, jak i kolekcjoner\u00f3w.<\/p>\n<hr data-start=\"1578\" data-end=\"1581\">\n<p data-start=\"1583\" data-end=\"1610\">\ud83d\udde1\ufe0f <strong data-start=\"1587\" data-end=\"1610\">Blade &#8211; Interceptor<\/strong><\/p>\n<p data-start=\"1612\" data-end=\"1843\">Ostrze Interceptor jest jednoostrzowe o charakterystycznej geometrii, fa\u0142szywej kraw\u0119dzi i agresywnym wygl\u0105dzie. Wysoki szlif p\u0142aski zapewnia doskona\u0142e w\u0142a\u015bciwo\u015bci tn\u0105ce, a solidna konstrukcja zapewnia niezb\u0119dn\u0105 wytrzyma\u0142o\u015b\u0107. <\/p>\n<p data-start=\"1845\" data-end=\"1876\">Zastosowana stal <strong data-start=\"1858\" data-end=\"1875\">B\u00f6hler M390MK<\/strong>:<\/p>\n<ul data-start=\"1878\" data-end=\"2046\">\n<li data-start=\"1878\" data-end=\"1918\">\n<p data-start=\"1880\" data-end=\"1918\">sproszkowana martenzytyczna stal nierdzewna<\/p>\n<\/li>\n<li data-start=\"1919\" data-end=\"1955\">\n<p data-start=\"1921\" data-end=\"1955\">Wysoka odporno\u015b\u0107 na zu\u017cycie<\/p>\n<\/li>\n<li data-start=\"1956\" data-end=\"1981\">\n<p data-start=\"1958\" data-end=\"1981\">Doskona\u0142a retencja ostrza<\/p>\n<\/li>\n<li data-start=\"1982\" data-end=\"2014\">\n<p data-start=\"1984\" data-end=\"2014\">Wysoka odporno\u015b\u0107 na korozj\u0119<\/p>\n<\/li>\n<li data-start=\"2015\" data-end=\"2046\">\n<p data-start=\"2017\" data-end=\"2046\">twardo\u015b\u0107 oko\u0142o 59-61 HRC<\/p>\n<\/li>\n<\/ul>\n<p data-start=\"2048\" data-end=\"2161\">Ten ekskluzywny wariant M390 jest produkowany specjalnie dla Microtech i jest jedn\u0105 z najlepszych stali no\u017cowych.<\/p>\n<hr data-start=\"2163\" data-end=\"2166\">\n<p data-start=\"2168\" data-end=\"2195\"><strong data-start=\"2171\" data-end=\"2195\">Uchwyt i konstrukcja<\/strong><\/p>\n<p data-start=\"2197\" data-end=\"2287\">R\u0119koje\u015b\u0107 wykonana jest z aluminium <strong data-start=\"2227\" data-end=\"2238\">6061-T6<\/strong>, obrabianego CNC z wysok\u0105 precyzj\u0105.<\/p>\n<ul data-start=\"2289\" data-end=\"2521\">\n<li data-start=\"2289\" data-end=\"2330\">\n<p data-start=\"2291\" data-end=\"2330\">Ergonomiczne frezowanie zapewniaj\u0105ce pewny chwyt<\/p>\n<\/li>\n<li data-start=\"2331\" data-end=\"2373\">\n<p data-start=\"2333\" data-end=\"2373\">Charakterystyczna tekstura i antypo\u015blizgowe wyko\u0144czenia<\/p>\n<\/li>\n<li data-start=\"2374\" data-end=\"2409\">\n<p data-start=\"2376\" data-end=\"2409\">W\u0105ski profil dla wygodnego dopasowania<\/p>\n<\/li>\n<li data-start=\"2410\" data-end=\"2472\">\n<p data-start=\"2412\" data-end=\"2472\">Odwracalny klips do g\u0142\u0119bokiego noszenia (z prawej\/lewej strony, ko\u0144c\u00f3wk\u0105 w d\u00f3\u0142)<\/p>\n<\/li>\n<li data-start=\"2473\" data-end=\"2521\">\n<p data-start=\"2475\" data-end=\"2521\">Zintegrowany \u0142amacz szk\u0142a z w\u0119glika wolframu<\/p>\n<\/li>\n<\/ul>\n<p data-start=\"2523\" data-end=\"2634\">Kolorystyka modelu 1217-2RDS nadaje mu charakterystyczny i nowoczesny wygl\u0105d przy zachowaniu w pe\u0142ni profesjonalnej funkcjonalno\u015bci.<\/p>\n<hr data-start=\"2636\" data-end=\"2639\">\n<p data-start=\"2641\" data-end=\"2669\">\u2699\ufe0f <strong data-start=\"2644\" data-end=\"2669\">Dane techniczne<\/strong><\/p>\n<div class=\"TyagGW_tableContainer\">\n<div class=\"group TyagGW_tableWrapper flex flex-col-reverse w-fit\" tabindex=\"-1\">\n<table class=\"w-fit min-w-(--thread-content-width)\" data-start=\"2671\" data-end=\"3234\">\n<thead data-start=\"2671\" data-end=\"2693\">\n<tr data-start=\"2671\" data-end=\"2693\">\n<th class=\"\" data-start=\"2671\" data-end=\"2682\" data-col-size=\"sm\">Parametr<\/th>\n<th class=\"\" data-start=\"2682\" data-end=\"2693\" data-col-size=\"sm\">Warto\u015b\u0107<\/th>\n<\/tr>\n<\/thead>\n<tbody data-start=\"2718\" data-end=\"3234\">\n<tr data-start=\"2718\" data-end=\"2765\">\n<td data-start=\"2718\" data-end=\"2726\" data-col-size=\"sm\">Model<\/td>\n<td data-start=\"2726\" data-end=\"2765\" data-col-size=\"sm\">Combat Troodon\u00ae Gen III Interceptor<\/td>\n<\/tr>\n<tr data-start=\"2766\" data-end=\"2790\">\n<td data-start=\"2766\" data-end=\"2777\" data-col-size=\"sm\">Mark<\/td>\n<td data-start=\"2777\" data-end=\"2790\" data-col-size=\"sm\">1217-2RDS<\/td>\n<\/tr>\n<tr data-start=\"2791\" data-end=\"2834\">\n<td data-start=\"2791\" data-end=\"2797\" data-col-size=\"sm\">Typ<\/td>\n<td data-start=\"2797\" data-end=\"2834\" data-col-size=\"sm\">N\u00f3\u017c wyrzutowy \/ OTF \/ taktyczny<\/td>\n<\/tr>\n<tr data-start=\"2835\" data-end=\"2865\">\n<td data-start=\"2835\" data-end=\"2851\" data-col-size=\"sm\">Ca\u0142kowita d\u0142ugo\u015b\u0107<\/td>\n<td data-start=\"2851\" data-end=\"2865\" data-col-size=\"sm\">ok. 238 mm<\/td>\n<\/tr>\n<tr data-start=\"2866\" data-end=\"2895\">\n<td data-start=\"2866\" data-end=\"2881\" data-col-size=\"sm\">D\u0142ugo\u015b\u0107 ostrza<\/td>\n<td data-start=\"2881\" data-end=\"2895\" data-col-size=\"sm\">ok. 102 mm<\/td>\n<\/tr>\n<tr data-start=\"2896\" data-end=\"2928\">\n<td data-start=\"2896\" data-end=\"2914\" data-col-size=\"sm\">Grubo\u015b\u0107 ostrza<\/td>\n<td data-start=\"2914\" data-end=\"2928\" data-col-size=\"sm\">ok. 3,3 mm<\/td>\n<\/tr>\n<tr data-start=\"2929\" data-end=\"2960\">\n<td data-start=\"2929\" data-end=\"2946\" data-col-size=\"sm\">D\u0142ugo\u015b\u0107 uchwytu<\/td>\n<td data-start=\"2946\" data-end=\"2960\" data-col-size=\"sm\">ok. 140 mm<\/td>\n<\/tr>\n<tr data-start=\"2961\" data-end=\"2985\">\n<td data-start=\"2961\" data-end=\"2972\" data-col-size=\"sm\">Waga<\/td>\n<td data-start=\"2972\" data-end=\"2985\" data-col-size=\"sm\">ok. 142 g<\/td>\n<\/tr>\n<tr data-start=\"2986\" data-end=\"3021\">\n<td data-start=\"2986\" data-end=\"3004\" data-col-size=\"sm\">Materia\u0142 ostrza<\/td>\n<td data-start=\"3004\" data-end=\"3021\" data-col-size=\"sm\">B\u00f6hler M390MK<\/td>\n<\/tr>\n<tr data-start=\"3022\" data-end=\"3049\">\n<td data-start=\"3022\" data-end=\"3032\" data-col-size=\"sm\">Twardo\u015b\u0107<\/td>\n<td data-start=\"3032\" data-end=\"3049\" data-col-size=\"sm\">ok. 59-61 HRC<\/td>\n<\/tr>\n<tr data-start=\"3050\" data-end=\"3067\">\n<td data-start=\"3050\" data-end=\"3059\" data-col-size=\"sm\">Przycinanie<\/td>\n<td data-start=\"3059\" data-end=\"3067\" data-col-size=\"sm\">P\u0142aski<\/td>\n<\/tr>\n<tr data-start=\"3068\" data-end=\"3109\">\n<td data-start=\"3068\" data-end=\"3082\" data-col-size=\"sm\">Mechanizm<\/td>\n<td data-start=\"3082\" data-end=\"3109\" data-col-size=\"sm\">OTF dwustronnego dzia\u0142ania (Gen III)<\/td>\n<\/tr>\n<tr data-start=\"3110\" data-end=\"3148\">\n<td data-start=\"3110\" data-end=\"3130\" data-col-size=\"sm\">Materia\u0142 r\u0119koje\u015bci<\/td>\n<td data-start=\"3130\" data-end=\"3148\" data-col-size=\"sm\">Aluminium 6061-T6<\/td>\n<\/tr>\n<tr data-start=\"3149\" data-end=\"3180\">\n<td data-start=\"3149\" data-end=\"3156\" data-col-size=\"sm\">Klips<\/td>\n<td data-start=\"3156\" data-end=\"3180\" data-col-size=\"sm\">Prawa\/lewa, ko\u0144c\u00f3wka w d\u00f3\u0142<\/td>\n<\/tr>\n<tr data-start=\"3181\" data-end=\"3202\">\n<td data-start=\"3181\" data-end=\"3195\" data-col-size=\"sm\">Kraj pochodzenia<\/td>\n<td data-start=\"3195\" data-end=\"3202\" data-col-size=\"sm\">USA<\/td>\n<\/tr>\n<tr data-start=\"3203\" data-end=\"3234\">\n<td data-start=\"3203\" data-end=\"3214\" data-col-size=\"sm\">Projektant<\/td>\n<td data-start=\"3214\" data-end=\"3234\" data-col-size=\"sm\">Anthony Marfione<\/td>\n<\/tr>\n<\/tbody>\n<\/table>\n<\/div>\n<\/div>\n<hr data-start=\"3236\" data-end=\"3239\">\n<p data-start=\"3241\" data-end=\"3260\">\u2705 <strong data-start=\"3243\" data-end=\"3260\">G\u0142\u00f3wne korzy\u015bci<\/strong><\/p>\n<ul data-start=\"3262\" data-end=\"3483\">\n<li data-start=\"3262\" data-end=\"3299\">\n<p data-start=\"3264\" data-end=\"3299\">Ulepszony mechanizm OTF III generacji<\/p>\n<\/li>\n<li data-start=\"3300\" data-end=\"3354\">\n<p data-start=\"3302\" data-end=\"3354\">Agresywny profil Interceptor o wysokiej penetracji<\/p>\n<\/li>\n<li data-start=\"3355\" data-end=\"3402\">\n<p data-start=\"3357\" data-end=\"3402\">Wysokiej jako\u015bci stal M390MK o d\u0142ugiej \u017cywotno\u015bci ostrza<\/p>\n<\/li>\n<li data-start=\"3403\" data-end=\"3430\">\n<p data-start=\"3405\" data-end=\"3430\">Solidna konstrukcja CNC<\/p>\n<\/li>\n<li data-start=\"3431\" data-end=\"3453\">\n<p data-start=\"3433\" data-end=\"3453\">Odwracalne noszenie<\/p>\n<\/li>\n<li data-start=\"3454\" data-end=\"3483\">\n<p data-start=\"3456\" data-end=\"3483\">Wyr\u00f3\u017cniaj\u0105ca si\u0119 kolorystyka<\/p>\n<\/li>\n<\/ul>\n<hr data-start=\"3485\" data-end=\"3488\">\n<p data-start=\"3490\" data-end=\"3510\">\u26a0\ufe0f <strong data-start=\"3493\" data-end=\"3510\">Mo\u017cliwe ograniczenia<\/strong><\/p>\n<ul data-start=\"3512\" data-end=\"3713\">\n<li data-start=\"3512\" data-end=\"3557\">\n<p data-start=\"3514\" data-end=\"3557\">Wi\u0119ksze wymiary w por\u00f3wnaniu do kompaktowych no\u017cy EDC<\/p>\n<\/li>\n<li data-start=\"3558\" data-end=\"3602\">\n<p data-start=\"3560\" data-end=\"3602\">Wi\u0119ksza waga dzi\u0119ki solidnej konstrukcji<\/p>\n<\/li>\n<li data-start=\"3603\" data-end=\"3658\">\n<p data-start=\"3605\" data-end=\"3658\">Mechanizm automatyczny wymaga regularnej konserwacji<\/p>\n<\/li>\n<li data-start=\"3659\" data-end=\"3713\">\n<p data-start=\"3661\" data-end=\"3713\">Wy\u017csza kategoria cenowa odpowiadaj\u0105ca klasie premium<\/p>\n<\/li>\n<\/ul>\n<hr data-start=\"3715\" data-end=\"3718\">\n<p data-start=\"3720\" data-end=\"3741\">\ud83d\udee0\ufe0f <strong data-start=\"3724\" data-end=\"3741\">Konserwacja i piel\u0119gnacja<\/strong><\/p>\n<ul data-start=\"3743\" data-end=\"4114\">\n<li data-start=\"3743\" data-end=\"3813\">\n<p data-start=\"3745\" data-end=\"3813\">Wyczy\u015b\u0107 i wysusz ostrze po u\u017cyciu, aby zachowa\u0107 jego trwa\u0142o\u015b\u0107.<\/p>\n<\/li>\n<li data-start=\"3814\" data-end=\"3880\">\n<p data-start=\"3816\" data-end=\"3880\">Uchwyt nale\u017cy utrzymywa\u0107 w stanie suchym i czystym, zw\u0142aszcza po kontakcie z wilgoci\u0105.<\/p>\n<\/li>\n<li data-start=\"3881\" data-end=\"3941\">\n<p data-start=\"3883\" data-end=\"3941\">W celu d\u0142u\u017cszego przechowywania nale\u017cy lekko nasmarowa\u0107 ostrze olejem ochronnym<\/p>\n<\/li>\n<li data-start=\"3942\" data-end=\"4114\">\n<p data-start=\"3944\" data-end=\"4114\">Do ostrzenia no\u017cy polecamy ostrza\u0142k\u0119 <strong data-start=\"3975\" data-end=\"4041\">Spyderco Tri-Angle Sharpmaker Complete Sharpening System 204MF<\/strong> &#8211; idealn\u0105 r\u00f3wnie\u017c do ostrzy g\u0142adkich. Kup na naszej stronie Moskito.cz <\/p>\n<\/li>\n<\/ul>\n<p data-start=\"4116\" data-end=\"4196\">Regularna piel\u0119gnacja zapewni d\u0142ugotrwa\u0142\u0105 niezawodno\u015b\u0107 mechanizmu i maksymaln\u0105 ostro\u015b\u0107.<\/p>\n<hr data-start=\"4198\" data-end=\"4201\">\n<p data-start=\"4203\" data-end=\"4224\">\ud83c\udfaf <strong data-start=\"4206\" data-end=\"4224\">Polecane dla<\/strong><\/p>\n<ul data-start=\"4226\" data-end=\"4408\">\n<li data-start=\"4226\" data-end=\"4260\">\n<p data-start=\"4228\" data-end=\"4260\">Profesjonalne zastosowanie taktyczne<\/p>\n<\/li>\n<li data-start=\"4261\" data-end=\"4296\">\n<p data-start=\"4263\" data-end=\"4296\">Si\u0142y zbrojne i si\u0142y bezpiecze\u0144stwa<\/p>\n<\/li>\n<li data-start=\"4297\" data-end=\"4326\">\n<p data-start=\"4299\" data-end=\"4326\">Wymagaj\u0105cy u\u017cytkownicy zewn\u0119trzni<\/p>\n<\/li>\n<li data-start=\"4327\" data-end=\"4359\">\n<p data-start=\"4329\" data-end=\"4359\">Kolekcjonerzy nowoczesnych no\u017cy OTF<\/p>\n<\/li>\n<li data-start=\"4360\" data-end=\"4408\">\n<p data-start=\"4362\" data-end=\"4408\">U\u017cytkownicy poszukuj\u0105cy solidnego i wyr\u00f3\u017cniaj\u0105cego si\u0119 modelu<\/p>\n<\/li>\n<\/ul>\n<hr data-start=\"4410\" data-end=\"4413\">\n<p data-start=\"4415\" data-end=\"4440\">\u2b50 <strong data-start=\"4417\" data-end=\"4440\">Ocena ko\u0144cowa<\/strong><\/p>\n<p data-start=\"4442\" data-end=\"4761\">Microtech Combat Troodon\u00ae Gen III Interceptor 1217-2RDS to po\u0142\u0105czenie agresywnego designu, doskona\u0142ych materia\u0142\u00f3w i ulepszonego mechanizmu OTF. Wytrzyma\u0142a konstrukcja, najwy\u017cszej jako\u015bci stal i precyzyjna ameryka\u0144ska produkcja sprawiaj\u0105, \u017ce jest to pot\u0119\u017cne narz\u0119dzie dla wymagaj\u0105cych u\u017cytkownik\u00f3w, kt\u00f3rzy oczekuj\u0105 maksymalnej jako\u015bci bez kompromis\u00f3w \ud83d\udd2a\ud83d\udd25 <\/p>\n<\/div>\n<\/div>\n<\/div>\n","protected":false},"excerpt":{"rendered":"<p><strong>Microtech Combat Troodon\u00ae Gen III Interceptor 1217-2RDS to po\u0142\u0105czenie agresywnego designu, doskona\u0142ych materia\u0142\u00f3w i ulepszonego mechanizmu OTF. Wytrzyma\u0142a konstrukcja, najwy\u017cszej jako\u015bci stal i precyzyjna ameryka\u0144ska produkcja sprawiaj\u0105, \u017ce jest to pot\u0119\u017cne narz\u0119dzie dla wymagaj\u0105cych u\u017cytkownik\u00f3w, kt\u00f3rzy oczekuj\u0105 maksymalnej jako\u015bci bez kompromis\u00f3w \ud83d\udd2a\ud83d\udd25 <\/strong><\/p>\n<p><strong>Darmowa wysy\u0142ka.<\/strong><\/p>\n","protected":false},"featured_media":436836,"comment_status":"open","ping_status":"closed","template":"","meta":[],"pwb-brand":[3279],"product_brand":[],"product_cat":[3344,3296],"product_tag":[],"class_list":{"0":"post-436873","1":"product","2":"type-product","3":"status-publish","4":"has-post-thumbnail","6":"pwb-brand-microtech-pl","7":"product_cat-noze-strzeleckie","8":"product_cat-noze-pl","10":"first","11":"instock","12":"taxable","13":"shipping-taxable","14":"purchasable","15":"product-type-simple"},"brands":[{"id":3279,"name":"Microtech","slug":"microtech-pl"}],"_links":{"self":[{"href":"https:\/\/www.moskito.cz\/pl\/wp-json\/wp\/v2\/product\/436873","targetHints":{"allow":["GET"]}}],"collection":[{"href":"https:\/\/www.moskito.cz\/pl\/wp-json\/wp\/v2\/product"}],"about":[{"href":"https:\/\/www.moskito.cz\/pl\/wp-json\/wp\/v2\/types\/product"}],"replies":[{"embeddable":true,"href":"https:\/\/www.moskito.cz\/pl\/wp-json\/wp\/v2\/comments?post=436873"}],"wp:featuredmedia":[{"embeddable":true,"href":"https:\/\/www.moskito.cz\/pl\/wp-json\/wp\/v2\/media\/436836"}],"wp:attachment":[{"href":"https:\/\/www.moskito.cz\/pl\/wp-json\/wp\/v2\/media?parent=436873"}],"wp:term":[{"taxonomy":"pwb-brand","embeddable":true,"href":"https:\/\/www.moskito.cz\/pl\/wp-json\/wp\/v2\/pwb-brand?post=436873"},{"taxonomy":"product_brand","embeddable":true,"href":"https:\/\/www.moskito.cz\/pl\/wp-json\/wp\/v2\/product_brand?post=436873"},{"taxonomy":"product_cat","embeddable":true,"href":"https:\/\/www.moskito.cz\/pl\/wp-json\/wp\/v2\/product_cat?post=436873"},{"taxonomy":"product_tag","embeddable":true,"href":"https:\/\/www.moskito.cz\/pl\/wp-json\/wp\/v2\/product_tag?post=436873"}],"curies":[{"name":"wp","href":"https:\/\/api.w.org\/{rel}","templated":true}]}}