{"id":436881,"date":"2026-02-12T13:36:18","date_gmt":"2026-02-12T12:36:18","guid":{"rendered":"https:\/\/www.moskito.cz\/produkt\/noz-wyrzutowy-microtech-combat-troodon-gen-iii-interceptor-1217-1tas\/"},"modified":"2026-02-12T14:07:59","modified_gmt":"2026-02-12T13:07:59","slug":"noz-wyrzutowy-microtech-combat-troodon-gen-iii-interceptor-1217-1tas","status":"publish","type":"product","link":"https:\/\/www.moskito.cz\/pl\/produkt\/noz-wyrzutowy-microtech-combat-troodon-gen-iii-interceptor-1217-1tas\/","title":{"rendered":"N\u00f3\u017c wyrzutowy Microtech Combat Troodon Gen III Interceptor 1217-1TAS"},"content":{"rendered":"<div class=\"min-h-8 text-message relative flex w-full flex-col items-end gap-2 text-start break-words whitespace-normal [.text-message+&amp;]:mt-1\" dir=\"auto\" data-message-author-role=\"assistant\" data-message-id=\"ab8f92cc-1aaf-4121-b934-5bf6ee69c9bf\" data-message-model-slug=\"gpt-5-2\">\n<div class=\"flex w-full flex-col gap-1 empty:hidden first:pt-[1px]\">\n<div class=\"markdown prose dark:prose-invert w-full wrap-break-word light markdown-new-styling\">\n<p data-start=\"0\" data-end=\"415\">Bior\u0105c do r\u0119ki n\u00f3\u017c <strong data-start=\"23\" data-end=\"101\">Microtech Combat Troodon\u00ae Gen III Interceptor\u00ae Signature Series 1217-10TAS<\/strong>, trzymasz w r\u0119ku szczytowe osi\u0105gni\u0119cie in\u017cynierii precyzyjnej w kategorii no\u017cy automatycznych OTF (Out The Front). Model ten stanowi najwi\u0119kszy wariant w rodzinie no\u017cy automatycznych Microtech i \u0142\u0105czy w sobie solidn\u0105 konstrukcj\u0119, niezwykle szybki mechanizm i ostrze Interceptor nowej generacji w jednym wyj\u0105tkowym narz\u0119dziu taktycznym. <\/p>\n<p data-start=\"417\" data-end=\"685\">Combat Troodon Gen III jest o oko\u0142o 25% wi\u0119kszy od flagowego modelu Troodon, co zapewnia mu jeszcze wi\u0119ksz\u0105 stabilno\u015b\u0107 i pewno\u015b\u0107 dzia\u0142ania. Ka\u017cdy egzemplarz jest w 100% wykonany i zmontowany w USA pod kierownictwem Anthony&#8217;ego &#8222;Tony&#8217;ego&#8221; Marfione &#8211; za\u0142o\u017cyciela i w\u0142a\u015bciciela Microtech Knives. <\/p>\n<hr data-start=\"687\" data-end=\"690\">\n<p data-start=\"692\" data-end=\"720\">\ud83d\udd25 <strong data-start=\"695\" data-end=\"720\">Charakter i filozofia<\/strong><\/p>\n<p data-start=\"722\" data-end=\"996\">Od ponad trzech dekad no\u017ce Microtech wyznaczaj\u0105 standardy precyzji, innowacyjno\u015bci i niezawodno\u015bci. Marka za\u0142o\u017cona przez Anthony&#8217;ego Marfiona wywar\u0142a g\u0142\u0119boki wp\u0142yw na \u015bwiat no\u017cy automatycznych i OTF i sta\u0142a si\u0119 wyborem profesjonalist\u00f3w, si\u0142 zbrojnych, zespo\u0142\u00f3w ratowniczych i wymagaj\u0105cych kolekcjoner\u00f3w. <\/p>\n<p data-start=\"998\" data-end=\"1212\">Nazwa <em data-start=\"1004\" data-end=\"1013\">Troodon<\/em> pochodzi z j\u0119zyka greckiego i oznacza &#8222;rani\u0105cy z\u0105b&#8221;. Pierwotnie odnosi\u0142a si\u0119 do drapie\u017cnego dinozaura &#8211; i r\u00f3wnie dobrze opisuje charakter tego wytrzyma\u0142ego no\u017ca OTF zaprojektowanego z my\u015bl\u0105 o wszechstronno\u015bci i maksymalnej wydajno\u015bci. <\/p>\n<p data-start=\"1214\" data-end=\"1519\">Gen III oferuje ulepszony mechanizm podw\u00f3jnego dzia\u0142ania (D\/A) z niezwykle szybkim wysuwaniem i chowaniem ostrza. Ze wzgl\u0119d\u00f3w bezpiecze\u0144stwa suwak wymaga pewnej si\u0142y do pokonania oporu spr\u0119\u017cyny, co przyczynia si\u0119 do bezpieczniejszej obs\u0142ugi. Konstrukcja jest w pe\u0142ni obur\u0119czna i wygodna zar\u00f3wno dla prawo-, jak i lewor\u0119cznych u\u017cytkownik\u00f3w.  <\/p>\n<hr data-start=\"1521\" data-end=\"1524\">\n<p data-start=\"1526\" data-end=\"1542\"><strong data-start=\"1529\" data-end=\"1542\">O producencie<\/strong><\/p>\n<p data-start=\"1544\" data-end=\"1714\">Microtech Knives to ameryka\u0144ska marka znana z precyzyjnej produkcji CNC, innowacji w mechanizmach OTF i stosowania najwy\u017cszej jako\u015bci materia\u0142\u00f3w. Ka\u017cdy n\u00f3\u017c jest produkowany i montowany w USA. <\/p>\n<p data-start=\"1716\" data-end=\"2028\">Model nale\u017cy do <strong data-start=\"1731\" data-end=\"1751\">Signature Series<\/strong> &#8211; elitarnej linii produkt\u00f3w zaprojektowanej dla klient\u00f3w poszukuj\u0105cych bardziej ekskluzywnego designu ni\u017c standardowa Core Series. Typowe cechy to logo sztyletu na r\u0119koje\u015bci i podpis Anthony&#8217;ego Marfione na klipsie. Seria Signature cz\u0119sto wykorzystuje najwy\u017csze dost\u0119pne materia\u0142y i specjalne wyko\u0144czenia.  <\/p>\n<hr data-start=\"2030\" data-end=\"2033\">\n<p data-start=\"2035\" data-end=\"2062\">\ud83d\udde1\ufe0f <strong data-start=\"2039\" data-end=\"2062\">Blade &#8211; Interceptor<\/strong><\/p>\n<p data-start=\"2064\" data-end=\"2228\">Ostrze Interceptor jest jednosieczne z charakterystyczn\u0105 geometri\u0105, charakterystycznymi z\u0105bkami grzbietowymi i fa\u0142szyw\u0105 kraw\u0119dzi\u0105 dla lepszej penetracji i agresywnego wygl\u0105du.<\/p>\n<p data-start=\"2230\" data-end=\"2458\">Wyko\u0144czenie Black (Two-Tone) \u0142\u0105czy w sobie powlekane na czarno zadziory i pe\u0142ni\u0119 z satynow\u0105 reszt\u0105 ostrza. Wysoki p\u0142aski szlif zapewnia doskona\u0142\u0105 wydajno\u015b\u0107 ci\u0119cia, a szerokie ziarno i solidna konstrukcja zapewniaj\u0105 wysok\u0105 trwa\u0142o\u015b\u0107. <\/p>\n<p data-start=\"2460\" data-end=\"2562\">Zastosowana stal to <strong data-start=\"2473\" data-end=\"2490\">B\u00f6hler M390MK<\/strong>, ekskluzywna wersja opracowana we wsp\u00f3\u0142pracy mi\u0119dzy in\u017cynierami Microtech i B\u00f6hler:<\/p>\n<ul data-start=\"2564\" data-end=\"2822\">\n<li data-start=\"2564\" data-end=\"2616\">\n<p data-start=\"2566\" data-end=\"2616\">Zwi\u0119kszona zawarto\u015b\u0107 w\u0119gla i \u015bci\u015blejsza kontrola produkcji<\/p>\n<\/li>\n<li data-start=\"2617\" data-end=\"2659\">\n<p data-start=\"2619\" data-end=\"2659\">19 % chromu, 1,95 % w\u0119gla, 4 % wanadu<\/p>\n<\/li>\n<li data-start=\"2660\" data-end=\"2685\">\n<p data-start=\"2662\" data-end=\"2685\">Twardo\u015b\u0107 ok. 59-61 HRC<\/p>\n<\/li>\n<li data-start=\"2686\" data-end=\"2731\">\n<p data-start=\"2688\" data-end=\"2731\">Wysoka odporno\u015b\u0107 na zu\u017cycie i korozj\u0119<\/p>\n<\/li>\n<li data-start=\"2732\" data-end=\"2774\">\n<p data-start=\"2734\" data-end=\"2774\">Doskona\u0142e utrzymanie ostrza i \u0142atwe polerowanie<\/p>\n<\/li>\n<li data-start=\"2775\" data-end=\"2822\">\n<p data-start=\"2777\" data-end=\"2822\">Odporno\u015b\u0107 na powstawanie zadzior\u00f3w podczas szlifowania<\/p>\n<\/li>\n<\/ul>\n<p data-start=\"2824\" data-end=\"2897\">Ta sproszkowana stal martenzytyczna jest por\u00f3wnywalna z CPM 20CV lub CTS-204P.<\/p>\n<hr data-start=\"2899\" data-end=\"2902\">\n<p data-start=\"2904\" data-end=\"2931\"><strong data-start=\"2907\" data-end=\"2931\">Uchwyt i konstrukcja<\/strong><\/p>\n<p data-start=\"2933\" data-end=\"3065\">R\u0119koje\u015b\u0107 jest precyzyjnie obrabiana CNC z aluminium <strong data-start=\"2988\" data-end=\"2999\">6061-T6<\/strong>. Opalona anodyzacja zapewnia taktyczny wygl\u0105d i wysok\u0105 trwa\u0142o\u015b\u0107 powierzchni. <\/p>\n<ul data-start=\"3067\" data-end=\"3415\">\n<li data-start=\"3067\" data-end=\"3107\">\n<p data-start=\"3069\" data-end=\"3107\">Frezowana tekstura 3D zapewniaj\u0105ca pewny chwyt<\/p>\n<\/li>\n<li data-start=\"3108\" data-end=\"3140\">\n<p data-start=\"3110\" data-end=\"3140\">G\u0142\u0119bokie zaciski zapobiegaj\u0105ce po\u015blizgowi<\/p>\n<\/li>\n<li data-start=\"3141\" data-end=\"3178\">\n<p data-start=\"3143\" data-end=\"3178\">W\u0105ski profil dla wygodnego dopasowania<\/p>\n<\/li>\n<li data-start=\"3179\" data-end=\"3228\">\n<p data-start=\"3181\" data-end=\"3228\">G\u0142\u0119boki klips do przenoszenia (z prawej\/lewej strony, tip-down)<\/p>\n<\/li>\n<li data-start=\"3229\" data-end=\"3311\">\n<p data-start=\"3231\" data-end=\"3311\">Zintegrowana g\u0142adka kulka u\u0142atwia wk\u0142adanie do kieszeni bez uszkadzania tkaniny<\/p>\n<\/li>\n<li data-start=\"3312\" data-end=\"3367\">\n<p data-start=\"3314\" data-end=\"3367\">Podpis Anthony&#8217;ego Marfione i data produkcji na klipie<\/p>\n<\/li>\n<li data-start=\"3368\" data-end=\"3415\">\n<p data-start=\"3370\" data-end=\"3415\">T\u0142uczek do szk\u0142a z kulk\u0105 z w\u0119glika wolframu<\/p>\n<\/li>\n<\/ul>\n<hr data-start=\"3417\" data-end=\"3420\">\n<p data-start=\"3422\" data-end=\"3450\">\u2699\ufe0f <strong data-start=\"3425\" data-end=\"3450\">Dane techniczne<\/strong><\/p>\n<div class=\"TyagGW_tableContainer\">\n<div class=\"group TyagGW_tableWrapper flex flex-col-reverse w-fit\" tabindex=\"-1\">\n<table class=\"w-fit min-w-(--thread-content-width)\" data-start=\"3452\" data-end=\"4152\">\n<thead data-start=\"3452\" data-end=\"3474\">\n<tr data-start=\"3452\" data-end=\"3474\">\n<th class=\"\" data-start=\"3452\" data-end=\"3463\" data-col-size=\"sm\">Parametr<\/th>\n<th class=\"\" data-start=\"3463\" data-end=\"3474\" data-col-size=\"md\">Warto\u015b\u0107<\/th>\n<\/tr>\n<\/thead>\n<tbody data-start=\"3499\" data-end=\"4152\">\n<tr data-start=\"3499\" data-end=\"3557\">\n<td data-start=\"3499\" data-end=\"3507\" data-col-size=\"sm\">Model<\/td>\n<td data-start=\"3507\" data-end=\"3557\" data-col-size=\"md\">Combat Troodon\u00ae Gen III Interceptor\u00ae Signature<\/td>\n<\/tr>\n<tr data-start=\"3558\" data-end=\"3591\">\n<td data-start=\"3558\" data-end=\"3577\" data-col-size=\"sm\">Numer produktu<\/td>\n<td data-start=\"3577\" data-end=\"3591\" data-col-size=\"md\">1217-10TAS<\/td>\n<\/tr>\n<tr data-start=\"3592\" data-end=\"3618\">\n<td data-start=\"3592\" data-end=\"3608\" data-col-size=\"sm\">D\u0142ugo\u015b\u0107 ca\u0142kowita<\/td>\n<td data-start=\"3608\" data-end=\"3618\" data-col-size=\"md\">238 mm<\/td>\n<\/tr>\n<tr data-start=\"3619\" data-end=\"3644\">\n<td data-start=\"3619\" data-end=\"3634\" data-col-size=\"sm\">D\u0142ugo\u015b\u0107 ostrza<\/td>\n<td data-start=\"3634\" data-end=\"3644\" data-col-size=\"md\">102 mm<\/td>\n<\/tr>\n<tr data-start=\"3645\" data-end=\"3673\">\n<td data-start=\"3645\" data-end=\"3663\" data-col-size=\"sm\">Grubo\u015b\u0107 ostrza<\/td>\n<td data-start=\"3663\" data-end=\"3673\" data-col-size=\"md\">3,3 mm<\/td>\n<\/tr>\n<tr data-start=\"3674\" data-end=\"3701\">\n<td data-start=\"3674\" data-end=\"3691\" data-col-size=\"sm\">D\u0142ugo\u015b\u0107 uchwytu<\/td>\n<td data-start=\"3691\" data-end=\"3701\" data-col-size=\"md\">140 mm<\/td>\n<\/tr>\n<tr data-start=\"3702\" data-end=\"3733\">\n<td data-start=\"3702\" data-end=\"3722\" data-col-size=\"sm\">Grubo\u015b\u0107 uchwytu<\/td>\n<td data-start=\"3722\" data-end=\"3733\" data-col-size=\"md\">14,2 mm<\/td>\n<\/tr>\n<tr data-start=\"3734\" data-end=\"3754\">\n<td data-start=\"3734\" data-end=\"3745\" data-col-size=\"sm\">Waga<\/td>\n<td data-start=\"3745\" data-end=\"3754\" data-col-size=\"md\">142 g<\/td>\n<\/tr>\n<tr data-start=\"3755\" data-end=\"3790\">\n<td data-start=\"3755\" data-end=\"3773\" data-col-size=\"sm\">Materia\u0142 ostrza<\/td>\n<td data-start=\"3773\" data-end=\"3790\" data-col-size=\"md\">B\u00f6hler M390MK<\/td>\n<\/tr>\n<tr data-start=\"3791\" data-end=\"3818\">\n<td data-start=\"3791\" data-end=\"3801\" data-col-size=\"sm\">Twardo\u015b\u0107<\/td>\n<td data-start=\"3801\" data-end=\"3818\" data-col-size=\"md\">ok. 59-61 HRC<\/td>\n<\/tr>\n<tr data-start=\"3819\" data-end=\"3836\">\n<td data-start=\"3819\" data-end=\"3828\" data-col-size=\"sm\">Przycinanie<\/td>\n<td data-start=\"3828\" data-end=\"3836\" data-col-size=\"md\">P\u0142aski<\/td>\n<\/tr>\n<tr data-start=\"3837\" data-end=\"3873\">\n<td data-start=\"3837\" data-end=\"3853\" data-col-size=\"sm\">Powierzchnia ostrza<\/td>\n<td data-start=\"3853\" data-end=\"3873\" data-col-size=\"md\">Czarny (dwukolorowy)<\/td>\n<\/tr>\n<tr data-start=\"3874\" data-end=\"3912\">\n<td data-start=\"3874\" data-end=\"3894\" data-col-size=\"sm\">Materia\u0142 r\u0119koje\u015bci<\/td>\n<td data-start=\"3894\" data-end=\"3912\" data-col-size=\"md\">Aluminium 6061-T6<\/td>\n<\/tr>\n<tr data-start=\"3913\" data-end=\"3937\">\n<td data-start=\"3913\" data-end=\"3930\" data-col-size=\"sm\">Kolor uchwytu<\/td>\n<td data-start=\"3930\" data-end=\"3937\" data-col-size=\"md\">Tan<\/td>\n<\/tr>\n<tr data-start=\"3938\" data-end=\"3982\">\n<td data-start=\"3938\" data-end=\"3952\" data-col-size=\"sm\">Mechanizm<\/td>\n<td data-start=\"3952\" data-end=\"3982\" data-col-size=\"md\">Podw\u00f3jnego dzia\u0142ania OTF (blokada suwad\u0142a)<\/td>\n<\/tr>\n<tr data-start=\"3983\" data-end=\"4028\">\n<td data-start=\"3983\" data-end=\"3995\" data-col-size=\"sm\">Otwieranie<\/td>\n<td data-start=\"3995\" data-end=\"4028\" data-col-size=\"md\">Automatyczne &#8211; suwak kciukowy<\/td>\n<\/tr>\n<tr data-start=\"4029\" data-end=\"4060\">\n<td data-start=\"4029\" data-end=\"4036\" data-col-size=\"sm\">Klip<\/td>\n<td data-start=\"4036\" data-end=\"4060\" data-col-size=\"md\">Prawy\/lewy, Tip-down<\/td>\n<\/tr>\n<tr data-start=\"4061\" data-end=\"4091\">\n<td data-start=\"4061\" data-end=\"4071\" data-col-size=\"sm\">Producent<\/td>\n<td data-start=\"4071\" data-end=\"4091\" data-col-size=\"md\">No\u017ce Microtech<\/td>\n<\/tr>\n<tr data-start=\"4092\" data-end=\"4113\">\n<td data-start=\"4092\" data-end=\"4106\" data-col-size=\"sm\">Kraj pochodzenia<\/td>\n<td data-start=\"4106\" data-end=\"4113\" data-col-size=\"md\">USA<\/td>\n<\/tr>\n<tr data-start=\"4114\" data-end=\"4152\">\n<td data-start=\"4114\" data-end=\"4125\" data-col-size=\"sm\">Projektant<\/td>\n<td data-start=\"4125\" data-end=\"4152\" data-col-size=\"md\">Anthony (Tony) Marfione<\/td>\n<\/tr>\n<\/tbody>\n<\/table>\n<\/div>\n<\/div>\n<hr data-start=\"4154\" data-end=\"4157\">\n<p data-start=\"4159\" data-end=\"4178\">\u2705 <strong data-start=\"4161\" data-end=\"4178\">G\u0142\u00f3wne korzy\u015bci<\/strong><\/p>\n<ul data-start=\"4180\" data-end=\"4467\">\n<li data-start=\"4180\" data-end=\"4244\">\n<p data-start=\"4182\" data-end=\"4244\">Najnowszy mechanizm OTF III generacji z niezwykle szybkim dzia\u0142aniem<\/p>\n<\/li>\n<li data-start=\"4245\" data-end=\"4294\">\n<p data-start=\"4247\" data-end=\"4294\">Ekskluzywna stal M390MK o d\u0142ugiej \u017cywotno\u015bci ostrza<\/p>\n<\/li>\n<li data-start=\"4295\" data-end=\"4339\">\n<p data-start=\"4297\" data-end=\"4339\">Ostrze przechwytuj\u0105ce o doskona\u0142ej penetracji<\/p>\n<\/li>\n<li data-start=\"4340\" data-end=\"4385\">\n<p data-start=\"4342\" data-end=\"4385\">Solidna konstrukcja CNC z aluminium 6061-T6<\/p>\n<\/li>\n<li data-start=\"4386\" data-end=\"4439\">\n<p data-start=\"4388\" data-end=\"4439\">Projekt Signature Series z podpisem za\u0142o\u017cyciela<\/p>\n<\/li>\n<li data-start=\"4440\" data-end=\"4467\">\n<p data-start=\"4442\" data-end=\"4467\">W pe\u0142ni odwracalne noszenie<\/p>\n<\/li>\n<\/ul>\n<hr data-start=\"4469\" data-end=\"4472\">\n<p data-start=\"4474\" data-end=\"4494\">\u26a0\ufe0f <strong data-start=\"4477\" data-end=\"4494\">Mo\u017cliwe ograniczenia<\/strong><\/p>\n<ul data-start=\"4496\" data-end=\"4721\">\n<li data-start=\"4496\" data-end=\"4554\">\n<p data-start=\"4498\" data-end=\"4554\">Wi\u0119kszy rozmiar i wy\u017csza waga ni\u017c w przypadku konwencjonalnych no\u017cy EDC<\/p>\n<\/li>\n<li data-start=\"4555\" data-end=\"4609\">\n<p data-start=\"4557\" data-end=\"4609\">Wy\u017csza kategoria cenowa odpowiadaj\u0105ca klasie premium<\/p>\n<\/li>\n<li data-start=\"4610\" data-end=\"4665\">\n<p data-start=\"4612\" data-end=\"4665\">Mechanizm automatyczny wymaga regularnej konserwacji<\/p>\n<\/li>\n<li data-start=\"4666\" data-end=\"4721\">\n<p data-start=\"4668\" data-end=\"4721\">Wy\u017cszy op\u00f3r suwaka mo\u017ce wymaga\u0107 mocniejszego docisku<\/p>\n<\/li>\n<\/ul>\n<hr data-start=\"4723\" data-end=\"4726\">\n<p data-start=\"4728\" data-end=\"4749\">\ud83d\udee0\ufe0f <strong data-start=\"4732\" data-end=\"4749\">Konserwacja i piel\u0119gnacja<\/strong><\/p>\n<ul data-start=\"4751\" data-end=\"5186\">\n<li data-start=\"4751\" data-end=\"4821\">\n<p data-start=\"4753\" data-end=\"4821\">Wyczy\u015b\u0107 i wysusz ostrze po u\u017cyciu, aby zachowa\u0107 jego trwa\u0142o\u015b\u0107.<\/p>\n<\/li>\n<li data-start=\"4822\" data-end=\"4888\">\n<p data-start=\"4824\" data-end=\"4888\">Uchwyt nale\u017cy utrzymywa\u0107 w stanie suchym i czystym, zw\u0142aszcza po kontakcie z wilgoci\u0105.<\/p>\n<\/li>\n<li data-start=\"4889\" data-end=\"4949\">\n<p data-start=\"4891\" data-end=\"4949\">W celu d\u0142u\u017cszego przechowywania nale\u017cy lekko nasmarowa\u0107 ostrze olejem ochronnym<\/p>\n<\/li>\n<li data-start=\"4950\" data-end=\"5013\">\n<p data-start=\"4952\" data-end=\"5013\">Regularnie czy\u015b\u0107 mechanizm z brudu i od czasu do czasu lekko go smaruj.<\/p>\n<\/li>\n<li data-start=\"5014\" data-end=\"5186\">\n<p data-start=\"5016\" data-end=\"5186\">Do ostrzenia no\u017cy polecamy ostrza\u0142k\u0119 <strong data-start=\"5047\" data-end=\"5113\">Spyderco Tri-Angle Sharpmaker Complete Sharpening System 204MF<\/strong> &#8211; idealn\u0105 r\u00f3wnie\u017c do ostrzy g\u0142adkich. Kup na naszej stronie Moskito.cz <\/p>\n<\/li>\n<\/ul>\n<p data-start=\"5188\" data-end=\"5272\">Regularna piel\u0119gnacja zapewni d\u0142ugotrwa\u0142\u0105 niezawodno\u015b\u0107 mechanizmu i maksymaln\u0105 \u017cywotno\u015b\u0107 ostrza.<\/p>\n<hr data-start=\"5274\" data-end=\"5277\">\n<p data-start=\"5279\" data-end=\"5300\">\ud83c\udfaf <strong data-start=\"5282\" data-end=\"5300\">Polecane dla<\/strong><\/p>\n<ul data-start=\"5302\" data-end=\"5493\">\n<li data-start=\"5302\" data-end=\"5336\">\n<p data-start=\"5304\" data-end=\"5336\">Profesjonalne zastosowanie taktyczne<\/p>\n<\/li>\n<li data-start=\"5337\" data-end=\"5372\">\n<p data-start=\"5339\" data-end=\"5372\">Si\u0142y zbrojne i si\u0142y bezpiecze\u0144stwa<\/p>\n<\/li>\n<li data-start=\"5373\" data-end=\"5402\">\n<p data-start=\"5375\" data-end=\"5402\">Wymagaj\u0105cy u\u017cytkownicy zewn\u0119trzni<\/p>\n<\/li>\n<li data-start=\"5403\" data-end=\"5440\">\n<p data-start=\"5405\" data-end=\"5440\">Modele z serii Collectors Signature Series<\/p>\n<\/li>\n<li data-start=\"5441\" data-end=\"5493\">\n<p data-start=\"5443\" data-end=\"5493\">U\u017cytkownicy oczekuj\u0105cy maksymalnej wydajno\u015bci i wytrzyma\u0142o\u015bci<\/p>\n<\/li>\n<\/ul>\n<hr data-start=\"5495\" data-end=\"5498\">\n<p data-start=\"5500\" data-end=\"5525\">\u2b50 <strong data-start=\"5502\" data-end=\"5525\">Ocena ko\u0144cowa<\/strong><\/p>\n<p data-start=\"5527\" data-end=\"5769\">Microtech Combat Troodon\u00ae Gen III Interceptor\u00ae Signature 1217-10TAS to szczytowe osi\u0105gni\u0119cie w\u015br\u00f3d nowoczesnych no\u017cy OTF. \u0141\u0105czy w sobie ameryka\u0144sk\u0105 produkcj\u0119, ekskluzywn\u0105 stal M390MK, precyzyjn\u0105 konstrukcj\u0119 CNC i charakterystyczny agresywny design Interceptor. <\/p>\n<p data-start=\"5771\" data-end=\"5894\" data-is-last-node=\"\" data-is-only-node=\"\">Jest to zaawansowany technologicznie, solidny i presti\u017cowy model zaprojektowany dla tych, kt\u00f3rzy wymagaj\u0105 absolutnej jako\u015bci bez kompromis\u00f3w \ud83d\udd2a\ud83d\udd25<\/p>\n<\/div>\n<\/div>\n<\/div>\n","protected":false},"excerpt":{"rendered":"<p data-start=\"5527\" data-end=\"5769\"><strong>Microtech Combat Troodon\u00ae Gen III Interceptor\u00ae Signature 1217-10TAS to szczytowe osi\u0105gni\u0119cie w\u015br\u00f3d nowoczesnych no\u017cy OTF. \u0141\u0105czy w sobie ameryka\u0144sk\u0105 produkcj\u0119, ekskluzywn\u0105 stal M390MK, precyzyjn\u0105 konstrukcj\u0119 CNC i charakterystyczny agresywny design Interceptor. <\/strong><\/p>\n<p data-start=\"5771\" data-end=\"5894\" data-is-last-node=\"\" data-is-only-node=\"\"><strong>Jest to zaawansowany technologicznie, solidny i presti\u017cowy model zaprojektowany dla tych, kt\u00f3rzy wymagaj\u0105 absolutnej jako\u015bci bez kompromis\u00f3w \ud83d\udd2a\ud83d\udd25<\/strong><\/p>\n<p data-start=\"5771\" data-end=\"5894\" data-is-last-node=\"\" data-is-only-node=\"\"><strong>Darmowa wysy\u0142ka.<\/strong><\/p>\n","protected":false},"featured_media":436779,"comment_status":"open","ping_status":"closed","template":"","meta":[],"pwb-brand":[3279],"product_brand":[],"product_cat":[3344,3296],"product_tag":[],"class_list":{"0":"post-436881","1":"product","2":"type-product","3":"status-publish","4":"has-post-thumbnail","6":"pwb-brand-microtech-pl","7":"product_cat-noze-strzeleckie","8":"product_cat-noze-pl","10":"first","11":"instock","12":"taxable","13":"shipping-taxable","14":"purchasable","15":"product-type-simple"},"brands":[{"id":3279,"name":"Microtech","slug":"microtech-pl"}],"_links":{"self":[{"href":"https:\/\/www.moskito.cz\/pl\/wp-json\/wp\/v2\/product\/436881","targetHints":{"allow":["GET"]}}],"collection":[{"href":"https:\/\/www.moskito.cz\/pl\/wp-json\/wp\/v2\/product"}],"about":[{"href":"https:\/\/www.moskito.cz\/pl\/wp-json\/wp\/v2\/types\/product"}],"replies":[{"embeddable":true,"href":"https:\/\/www.moskito.cz\/pl\/wp-json\/wp\/v2\/comments?post=436881"}],"wp:featuredmedia":[{"embeddable":true,"href":"https:\/\/www.moskito.cz\/pl\/wp-json\/wp\/v2\/media\/436779"}],"wp:attachment":[{"href":"https:\/\/www.moskito.cz\/pl\/wp-json\/wp\/v2\/media?parent=436881"}],"wp:term":[{"taxonomy":"pwb-brand","embeddable":true,"href":"https:\/\/www.moskito.cz\/pl\/wp-json\/wp\/v2\/pwb-brand?post=436881"},{"taxonomy":"product_brand","embeddable":true,"href":"https:\/\/www.moskito.cz\/pl\/wp-json\/wp\/v2\/product_brand?post=436881"},{"taxonomy":"product_cat","embeddable":true,"href":"https:\/\/www.moskito.cz\/pl\/wp-json\/wp\/v2\/product_cat?post=436881"},{"taxonomy":"product_tag","embeddable":true,"href":"https:\/\/www.moskito.cz\/pl\/wp-json\/wp\/v2\/product_tag?post=436881"}],"curies":[{"name":"wp","href":"https:\/\/api.w.org\/{rel}","templated":true}]}}