{"id":436912,"date":"2020-07-28T15:26:33","date_gmt":"2020-07-28T14:26:33","guid":{"rendered":"https:\/\/www.moskito.cz\/produkt\/noz-wyrzutowy-microtech-dirac-delta-227-1-ta\/"},"modified":"2026-02-12T14:22:52","modified_gmt":"2026-02-12T13:22:52","slug":"noz-wyrzutowy-microtech-dirac-delta-227-1-ta","status":"publish","type":"product","link":"https:\/\/www.moskito.cz\/pl\/produkt\/noz-wyrzutowy-microtech-dirac-delta-227-1-ta\/","title":{"rendered":"N\u00f3\u017c wyrzutowy Microtech Dirac Delta 227-1 TA"},"content":{"rendered":"<p data-start=\"0\" data-end=\"371\">Gdy tylko we\u017amiesz do r\u0119ki n\u00f3\u017c <strong data-start=\"23\" data-end=\"84\">Microtech Dirac Delta\u00ae D\/E 227-1 TA (br\u0105zowe aluminium, czarny)<\/strong>, od razu b\u0119dziesz wiedzia\u0142, \u017ce trzymasz w r\u0119ku wi\u0119ksz\u0105, mocniejsz\u0105 wersj\u0119 kultowej serii Dirac. Ten automatyczny n\u00f3\u017c OTF dzia\u0142a w trybie D\/A (Double Action) i jest wyposa\u017cony w niezwykle szybki mechanizm wysuwania ostrza. Suwak znajduje si\u0119 z boku r\u0119koje\u015bci, zapewniaj\u0105c bardziej naturaln\u0105 i ergonomiczn\u0105 kontrol\u0119.  <\/p>\n<p data-start=\"373\" data-end=\"487\">Model ten zosta\u0142 w 100% wyprodukowany i zmontowany w USA oraz zaprojektowany przez Anthony&#8217;ego Marfiona &#8211; knifemakera i w\u0142a\u015bciciela Microtech Knives.<\/p>\n<hr data-start=\"489\" data-end=\"492\">\n<p data-start=\"494\" data-end=\"522\">\ud83d\udd25 <strong data-start=\"497\" data-end=\"522\">Charakter i filozofia<\/strong><\/p>\n<p data-start=\"524\" data-end=\"736\">Dirac Delta\u00ae to powi\u0119kszona wersja pierwszego modelu D\/A OTF firmy Microtech z zamontowanym z boku, zag\u0142\u0119bionym suwakiem. Posiada nowoczesny, ergonomiczny uchwyt z delikatnie zakrzywionymi liniami inspirowanymi legendarn\u0105 seri\u0105 HALO\u00ae. <\/p>\n<p data-start=\"738\" data-end=\"978\">D\u0142ugo\u015b\u0107 ca\u0142kowita wynosz\u0105ca 9,25&#8243; (235 mm) sprawia, \u017ce jest to idealny kompromis pomi\u0119dzy pe\u0142nowymiarowym narz\u0119dziem taktycznym a wygodnym no\u017cem EDC. Solidna konstrukcja, p\u0142ynna praca i charakterystyczne symetryczne ostrze D\/E nadaj\u0105 Dirac Delta mocny i pewny charakter. <\/p>\n<hr data-start=\"980\" data-end=\"983\">\n<p data-start=\"985\" data-end=\"1001\"><strong data-start=\"988\" data-end=\"1001\">O producencie<\/strong><\/p>\n<p data-start=\"1003\" data-end=\"1124\">Microtech to ameryka\u0144ska marka z ponad 30-letnim do\u015bwiadczeniem w zakresie innowacji w dziedzinie no\u017cy automatycznych. Typowe cechy to: <\/p>\n<ul data-start=\"1126\" data-end=\"1268\">\n<li data-start=\"1126\" data-end=\"1179\">\n<p data-start=\"1128\" data-end=\"1179\">w\u0142asne opatentowane \u015bruby (opatentowany sprz\u0119t)<\/p>\n<\/li>\n<li data-start=\"1180\" data-end=\"1214\">\n<p data-start=\"1182\" data-end=\"1214\">Innowacyjny mechanizm wewn\u0119trzny<\/p>\n<\/li>\n<li data-start=\"1215\" data-end=\"1244\">\n<p data-start=\"1217\" data-end=\"1244\">Zintegrowany wy\u0142\u0105cznik szyby<\/p>\n<\/li>\n<li data-start=\"1245\" data-end=\"1268\">\n<p data-start=\"1247\" data-end=\"1268\">Precyzyjna produkcja CNC<\/p>\n<\/li>\n<\/ul>\n<p data-start=\"1270\" data-end=\"1363\">Ka\u017cdy n\u00f3\u017c jest w ca\u0142o\u015bci wykonany w USA z dba\u0142o\u015bci\u0105 o jako\u015b\u0107, szczeg\u00f3\u0142y i d\u0142ugoterminow\u0105 niezawodno\u015b\u0107.<\/p>\n<hr data-start=\"1365\" data-end=\"1368\">\n<p data-start=\"1370\" data-end=\"1396\">\ud83d\udde1\ufe0f <strong data-start=\"1374\" data-end=\"1396\">Ostrze &#8211; Sztylet D\/E<\/strong><\/p>\n<p data-start=\"1398\" data-end=\"1647\">Ostrze <strong data-start=\"1409\" data-end=\"1437\">sztyletu D\/E (Double Edge)<\/strong> jest szlifowane po obu stronach i ma wyra\u017ane \u015brodkowe \u017cebro dla dodatkowej wytrzyma\u0142o\u015bci. Po obu stronach znajduj\u0105 si\u0119 d\u0142ugie reliefowe\/odp\u0142ywowe rowki, kt\u00f3re przyczyniaj\u0105 si\u0119 do wytrzyma\u0142o\u015bci konstrukcji i charakterystycznego wygl\u0105du. <\/p>\n<p data-start=\"1649\" data-end=\"1725\"><strong data-start=\"1666\" data-end=\"1714\">Wyko\u0144czenie w kolorze czarnym (matowa warstwa nanokompozytowa)<\/strong> zapewnia:<\/p>\n<ul data-start=\"1727\" data-end=\"1837\">\n<li data-start=\"1727\" data-end=\"1754\">\n<p data-start=\"1729\" data-end=\"1754\">Wysoka twardo\u015b\u0107 powierzchni<\/p>\n<\/li>\n<li data-start=\"1755\" data-end=\"1770\">\n<p data-start=\"1757\" data-end=\"1770\">niskie tarcie<\/p>\n<\/li>\n<li data-start=\"1771\" data-end=\"1805\">\n<p data-start=\"1773\" data-end=\"1805\">Doskona\u0142a odporno\u015b\u0107 na korozj\u0119<\/p>\n<\/li>\n<li data-start=\"1806\" data-end=\"1837\">\n<p data-start=\"1808\" data-end=\"1837\">nieodblaskowy, taktyczny wygl\u0105d<\/p>\n<\/li>\n<\/ul>\n<p data-start=\"1839\" data-end=\"1945\">Wysoki p\u0142aski szlif zapewnia doskona\u0142e w\u0142a\u015bciwo\u015bci tn\u0105ce przy zachowaniu wysokiej penetracji i wytrzyma\u0142o\u015bci.<\/p>\n<p data-start=\"1947\" data-end=\"2124\">Pot\u0119\u017cny mechanizm wysuwania i chowania ostrza wymaga pewnej si\u0142y do pokonania oporu spr\u0119\u017cyny &#8211; ze wzgl\u0119d\u00f3w bezpiecze\u0144stwa. Konstrukcja umo\u017cliwia wygodne u\u017cytkowanie zar\u00f3wno przez osoby prawo-, jak i lewor\u0119czne. <\/p>\n<hr data-start=\"2126\" data-end=\"2129\">\n<p data-start=\"2131\" data-end=\"2168\"><strong data-start=\"2134\" data-end=\"2168\">Stal &#8211; B\u00f6hler M390 Microclean\u00ae<\/strong><\/p>\n<p data-start=\"2170\" data-end=\"2262\">Zastosowana stal <strong data-start=\"2183\" data-end=\"2203\">M390 Microclean\u00ae<\/strong> to wysokowydajna martenzytyczna stal chromowo-proszkowa:<\/p>\n<ul data-start=\"2264\" data-end=\"2354\">\n<li data-start=\"2264\" data-end=\"2286\">\n<p data-start=\"2266\" data-end=\"2286\">20,0 % chromu (Cr)<\/p>\n<\/li>\n<li data-start=\"2287\" data-end=\"2307\">\n<p data-start=\"2289\" data-end=\"2307\">1,9 % w\u0119gla (C)<\/p>\n<\/li>\n<li data-start=\"2308\" data-end=\"2328\">\n<p data-start=\"2310\" data-end=\"2328\">4,0 % wanadu (V)<\/p>\n<\/li>\n<li data-start=\"2329\" data-end=\"2354\">\n<p data-start=\"2331\" data-end=\"2354\">twardo\u015b\u0107 ok. 59-61 HRC<\/p>\n<\/li>\n<\/ul>\n<p data-start=\"2356\" data-end=\"2369\">Charakteryzuje si\u0119:<\/p>\n<ul data-start=\"2371\" data-end=\"2553\">\n<li data-start=\"2371\" data-end=\"2418\">\n<p data-start=\"2373\" data-end=\"2418\">Wyj\u0105tkowo wysoka odporno\u015b\u0107 na zu\u017cycie<\/p>\n<\/li>\n<li data-start=\"2419\" data-end=\"2448\">\n<p data-start=\"2421\" data-end=\"2448\">Wysoka odporno\u015b\u0107 na korozj\u0119<\/p>\n<\/li>\n<li data-start=\"2449\" data-end=\"2474\">\n<p data-start=\"2451\" data-end=\"2474\">D\u0142uga retencja ostrza<\/p>\n<\/li>\n<li data-start=\"2475\" data-end=\"2504\">\n<p data-start=\"2477\" data-end=\"2504\">minimalna konserwacja<\/p>\n<\/li>\n<li data-start=\"2505\" data-end=\"2553\">\n<p data-start=\"2507\" data-end=\"2553\">odporno\u015b\u0107 na powstawanie zadzior\u00f3w podczas szlifowania<\/p>\n<\/li>\n<\/ul>\n<p data-start=\"2555\" data-end=\"2641\">Jest on por\u00f3wnywalny z CPM 20CV lub CTS-204P i jest produkowany przez B\u00f6hler Edelstahl w Austrii.<\/p>\n<hr data-start=\"2643\" data-end=\"2646\">\n<p data-start=\"2648\" data-end=\"2675\"><strong data-start=\"2651\" data-end=\"2675\">Uchwyt i konstrukcja<\/strong><\/p>\n<p data-start=\"2677\" data-end=\"2772\">Uchwyt jest precyzyjnie obrabiany CNC z anodyzowanego aluminium <strong data-start=\"2746\" data-end=\"2757\">6061-T6<\/strong> w kolorze br\u0105zowym.<\/p>\n<ul data-start=\"2774\" data-end=\"3120\">\n<li data-start=\"2774\" data-end=\"2811\">\n<p data-start=\"2776\" data-end=\"2811\">Frezowana tekstura antypo\u015blizgowa 3D<\/p>\n<\/li>\n<li data-start=\"2812\" data-end=\"2856\">\n<p data-start=\"2814\" data-end=\"2856\">Z\u0105bkowanie na g\u00f3rze i na dole uchwytu<\/p>\n<\/li>\n<li data-start=\"2857\" data-end=\"2908\">\n<p data-start=\"2859\" data-end=\"2908\">Wg\u0142\u0119biony suwak boczny dla bardziej naturalnego chwytu<\/p>\n<\/li>\n<li data-start=\"2909\" data-end=\"2948\">\n<p data-start=\"2911\" data-end=\"2948\">W\u0105ski profil dla wygodnego noszenia EDC<\/p>\n<\/li>\n<li data-start=\"2949\" data-end=\"2998\">\n<p data-start=\"2951\" data-end=\"2998\">G\u0142\u0119boki klips do przenoszenia (z prawej\/lewej strony, tip-down)<\/p>\n<\/li>\n<li data-start=\"2999\" data-end=\"3057\">\n<p data-start=\"3001\" data-end=\"3057\">Klips z logo Microtech, numerem seryjnym i dat\u0105 produkcji<\/p>\n<\/li>\n<li data-start=\"3058\" data-end=\"3120\">\n<p data-start=\"3060\" data-end=\"3120\">T\u0142uczek do szk\u0142a &#8211; stalowa ko\u0144c\u00f3wka z kulk\u0105 z w\u0119glika wolframu<\/p>\n<\/li>\n<\/ul>\n<hr data-start=\"3122\" data-end=\"3125\">\n<p data-start=\"3127\" data-end=\"3155\">\u2699\ufe0f <strong data-start=\"3130\" data-end=\"3155\">Dane techniczne<\/strong><\/p>\n<div class=\"TyagGW_tableContainer\">\n<div class=\"group TyagGW_tableWrapper flex flex-col-reverse w-fit\" tabindex=\"-1\">\n<table class=\"w-fit min-w-(--thread-content-width)\" data-start=\"3157\" data-end=\"3784\">\n<thead data-start=\"3157\" data-end=\"3179\">\n<tr data-start=\"3157\" data-end=\"3179\">\n<th class=\"\" data-start=\"3157\" data-end=\"3168\" data-col-size=\"sm\">Parametr<\/th>\n<th class=\"\" data-start=\"3168\" data-end=\"3179\" data-col-size=\"sm\">Warto\u015b\u0107<\/th>\n<\/tr>\n<\/thead>\n<tbody data-start=\"3204\" data-end=\"3784\">\n<tr data-start=\"3204\" data-end=\"3232\">\n<td data-start=\"3204\" data-end=\"3212\" data-col-size=\"sm\">Model<\/td>\n<td data-start=\"3212\" data-end=\"3232\" data-col-size=\"sm\">Dirac Delta\u00ae D\/E<\/td>\n<\/tr>\n<tr data-start=\"3233\" data-end=\"3264\">\n<td data-start=\"3233\" data-end=\"3252\" data-col-size=\"sm\">Numer produktu<\/td>\n<td data-start=\"3252\" data-end=\"3264\" data-col-size=\"sm\">227-1 TA<\/td>\n<\/tr>\n<tr data-start=\"3265\" data-end=\"3291\">\n<td data-start=\"3265\" data-end=\"3281\" data-col-size=\"sm\">D\u0142ugo\u015b\u0107 ca\u0142kowita<\/td>\n<td data-start=\"3281\" data-end=\"3291\" data-col-size=\"sm\">235 mm<\/td>\n<\/tr>\n<tr data-start=\"3292\" data-end=\"3318\">\n<td data-start=\"3292\" data-end=\"3307\" data-col-size=\"sm\">D\u0142ugo\u015b\u0107 ostrza<\/td>\n<td data-start=\"3307\" data-end=\"3318\" data-col-size=\"sm\">95,2 mm<\/td>\n<\/tr>\n<tr data-start=\"3319\" data-end=\"3347\">\n<td data-start=\"3319\" data-end=\"3337\" data-col-size=\"sm\">Grubo\u015b\u0107 ostrza<\/td>\n<td data-start=\"3337\" data-end=\"3347\" data-col-size=\"sm\">3,0 mm<\/td>\n<\/tr>\n<tr data-start=\"3348\" data-end=\"3375\">\n<td data-start=\"3348\" data-end=\"3365\" data-col-size=\"sm\">D\u0142ugo\u015b\u0107 uchwytu<\/td>\n<td data-start=\"3365\" data-end=\"3375\" data-col-size=\"sm\">140 mm<\/td>\n<\/tr>\n<tr data-start=\"3376\" data-end=\"3407\">\n<td data-start=\"3376\" data-end=\"3396\" data-col-size=\"sm\">Grubo\u015b\u0107 uchwytu<\/td>\n<td data-start=\"3396\" data-end=\"3407\" data-col-size=\"sm\">12,7 mm<\/td>\n<\/tr>\n<tr data-start=\"3408\" data-end=\"3428\">\n<td data-start=\"3408\" data-end=\"3419\" data-col-size=\"sm\">Waga<\/td>\n<td data-start=\"3419\" data-end=\"3428\" data-col-size=\"sm\">129 g<\/td>\n<\/tr>\n<tr data-start=\"3429\" data-end=\"3474\">\n<td data-start=\"3429\" data-end=\"3447\" data-col-size=\"sm\">Materia\u0142 ostrza<\/td>\n<td data-start=\"3447\" data-end=\"3474\" data-col-size=\"sm\">B\u00f6hler M390 Microclean\u00ae<\/td>\n<\/tr>\n<tr data-start=\"3475\" data-end=\"3502\">\n<td data-start=\"3475\" data-end=\"3485\" data-col-size=\"sm\">Twardo\u015b\u0107<\/td>\n<td data-start=\"3485\" data-end=\"3502\" data-col-size=\"sm\">ok. 59-61 HRC<\/td>\n<\/tr>\n<tr data-start=\"3503\" data-end=\"3520\">\n<td data-start=\"3503\" data-end=\"3512\" data-col-size=\"sm\">Przycinanie<\/td>\n<td data-start=\"3512\" data-end=\"3520\" data-col-size=\"sm\">P\u0142aski<\/td>\n<\/tr>\n<tr data-start=\"3521\" data-end=\"3546\">\n<td data-start=\"3521\" data-end=\"3537\" data-col-size=\"sm\">Powierzchnia ostrza<\/td>\n<td data-start=\"3537\" data-end=\"3546\" data-col-size=\"sm\">Czarny<\/td>\n<\/tr>\n<tr data-start=\"3547\" data-end=\"3585\">\n<td data-start=\"3547\" data-end=\"3567\" data-col-size=\"sm\">Materia\u0142 r\u0119koje\u015bci<\/td>\n<td data-start=\"3567\" data-end=\"3585\" data-col-size=\"sm\">Aluminium 6061-T6<\/td>\n<\/tr>\n<tr data-start=\"3586\" data-end=\"3610\">\n<td data-start=\"3586\" data-end=\"3603\" data-col-size=\"sm\">Kolor uchwytu<\/td>\n<td data-start=\"3603\" data-end=\"3610\" data-col-size=\"sm\">Tan<\/td>\n<\/tr>\n<tr data-start=\"3611\" data-end=\"3649\">\n<td data-start=\"3611\" data-end=\"3625\" data-col-size=\"sm\">Mechanizm<\/td>\n<td data-start=\"3625\" data-end=\"3649\" data-col-size=\"sm\">D\/A OTF &#8211; blokada suwaka<\/td>\n<\/tr>\n<tr data-start=\"3650\" data-end=\"3698\">\n<td data-start=\"3650\" data-end=\"3662\" data-col-size=\"sm\">Otwieranie<\/td>\n<td data-start=\"3662\" data-end=\"3698\" data-col-size=\"sm\">Automatyczne &#8211; suwak push\/pull<\/td>\n<\/tr>\n<tr data-start=\"3699\" data-end=\"3730\">\n<td data-start=\"3699\" data-end=\"3706\" data-col-size=\"sm\">Klips<\/td>\n<td data-start=\"3706\" data-end=\"3730\" data-col-size=\"sm\">Prawy\/lewy, ko\u0144c\u00f3wka w d\u00f3\u0142<\/td>\n<\/tr>\n<tr data-start=\"3731\" data-end=\"3762\">\n<td data-start=\"3731\" data-end=\"3742\" data-col-size=\"sm\">Projektant<\/td>\n<td data-start=\"3742\" data-end=\"3762\" data-col-size=\"sm\">Anthony Marfione<\/td>\n<\/tr>\n<tr data-start=\"3763\" data-end=\"3784\">\n<td data-start=\"3763\" data-end=\"3777\" data-col-size=\"sm\">Kraj pochodzenia<\/td>\n<td data-start=\"3777\" data-end=\"3784\" data-col-size=\"sm\">USA<\/td>\n<\/tr>\n<\/tbody>\n<\/table>\n<\/div>\n<\/div>\n<hr data-start=\"3786\" data-end=\"3789\">\n<p data-start=\"3791\" data-end=\"3810\">\u2705 <strong data-start=\"3793\" data-end=\"3810\">G\u0142\u00f3wne korzy\u015bci<\/strong><\/p>\n<ul data-start=\"3812\" data-end=\"4035\">\n<li data-start=\"3812\" data-end=\"3851\">\n<p data-start=\"3814\" data-end=\"3851\">Niezwykle szybki mechanizm C\/A OTF<\/p>\n<\/li>\n<li data-start=\"3852\" data-end=\"3898\">\n<p data-start=\"3854\" data-end=\"3898\">Symetryczne ostrze D\/E o wysokiej penetracji<\/p>\n<\/li>\n<li data-start=\"3899\" data-end=\"3933\">\n<p data-start=\"3901\" data-end=\"3933\">Stal Premium M390 Microclean<\/p>\n<\/li>\n<li data-start=\"3934\" data-end=\"3982\">\n<p data-start=\"3936\" data-end=\"3982\">Ergonomiczny uchwyt z wpuszczonym suwakiem<\/p>\n<\/li>\n<li data-start=\"3983\" data-end=\"4010\">\n<p data-start=\"3985\" data-end=\"4010\">W pe\u0142ni odwracalne noszenie<\/p>\n<\/li>\n<li data-start=\"4011\" data-end=\"4035\">\n<p data-start=\"4013\" data-end=\"4035\">100% ameryka\u0144ska produkcja<\/p>\n<\/li>\n<\/ul>\n<hr data-start=\"4037\" data-end=\"4040\">\n<p data-start=\"4042\" data-end=\"4062\">\u26a0\ufe0f <strong data-start=\"4045\" data-end=\"4062\">Mo\u017cliwe ograniczenia<\/strong><\/p>\n<ul data-start=\"4064\" data-end=\"4236\">\n<li data-start=\"4064\" data-end=\"4125\">\n<p data-start=\"4066\" data-end=\"4125\">Podw\u00f3jne ostrze nie jest idealne do wszystkich rodzaj\u00f3w typowych prac<\/p>\n<\/li>\n<li data-start=\"4126\" data-end=\"4181\">\n<p data-start=\"4128\" data-end=\"4181\">Mechanizm automatyczny wymaga regularnej konserwacji<\/p>\n<\/li>\n<li data-start=\"4182\" data-end=\"4236\">\n<p data-start=\"4184\" data-end=\"4236\">Wy\u017csza kategoria cenowa odpowiadaj\u0105ca klasie premium<\/p>\n<\/li>\n<\/ul>\n<hr data-start=\"4238\" data-end=\"4241\">\n<p data-start=\"4243\" data-end=\"4264\">\ud83d\udee0\ufe0f <strong data-start=\"4247\" data-end=\"4264\">Konserwacja i piel\u0119gnacja<\/strong><\/p>\n<ul data-start=\"4266\" data-end=\"4637\">\n<li data-start=\"4266\" data-end=\"4336\">\n<p data-start=\"4268\" data-end=\"4336\">Wyczy\u015b\u0107 i wysusz ostrze po u\u017cyciu, aby zachowa\u0107 jego trwa\u0142o\u015b\u0107.<\/p>\n<\/li>\n<li data-start=\"4337\" data-end=\"4403\">\n<p data-start=\"4339\" data-end=\"4403\">Uchwyt nale\u017cy utrzymywa\u0107 w stanie suchym i czystym, zw\u0142aszcza po kontakcie z wilgoci\u0105.<\/p>\n<\/li>\n<li data-start=\"4404\" data-end=\"4464\">\n<p data-start=\"4406\" data-end=\"4464\">W celu d\u0142u\u017cszego przechowywania nale\u017cy lekko nasmarowa\u0107 ostrze olejem ochronnym<\/p>\n<\/li>\n<li data-start=\"4465\" data-end=\"4637\">\n<p data-start=\"4467\" data-end=\"4637\">Do ostrzenia no\u017cy polecamy ostrza\u0142k\u0119 <strong data-start=\"4498\" data-end=\"4564\">Spyderco Tri-Angle Sharpmaker Complete Sharpening System 204MF<\/strong> &#8211; idealn\u0105 r\u00f3wnie\u017c do ostrzy g\u0142adkich. Kup na naszej stronie Moskito.cz <\/p>\n<\/li>\n<\/ul>\n<p data-start=\"4639\" data-end=\"4717\">Regularna konserwacja zapewnia niezawodne dzia\u0142anie mechanizmu i d\u0142ugotrwa\u0142\u0105 ostro\u015b\u0107.<\/p>\n<hr data-start=\"4719\" data-end=\"4722\">\n<p data-start=\"4724\" data-end=\"4745\">\ud83c\udfaf <strong data-start=\"4727\" data-end=\"4745\">Polecane dla<\/strong><\/p>\n<ul data-start=\"4747\" data-end=\"4891\">\n<li data-start=\"4747\" data-end=\"4772\">\n<p data-start=\"4749\" data-end=\"4772\">Wymagaj\u0105cy u\u017cytkownicy EDC<\/p>\n<\/li>\n<li data-start=\"4773\" data-end=\"4807\">\n<p data-start=\"4775\" data-end=\"4807\">Profesjonalne zastosowanie taktyczne<\/p>\n<\/li>\n<li data-start=\"4808\" data-end=\"4843\">\n<p data-start=\"4810\" data-end=\"4843\">Kolekcjonerzy modeli premium OTF<\/p>\n<\/li>\n<li data-start=\"4844\" data-end=\"4891\">\n<p data-start=\"4846\" data-end=\"4891\">U\u017cytkownicy preferuj\u0105cy symetryczne ostrze D\/E<\/p>\n<\/li>\n<\/ul>\n<hr data-start=\"4893\" data-end=\"4896\">\n<p data-start=\"4898\" data-end=\"4923\">\u2b50 <strong data-start=\"4900\" data-end=\"4923\">Ocena ko\u0144cowa<\/strong><\/p>\n<p data-start=\"4925\" data-end=\"5216\" data-is-last-node=\"\" data-is-only-node=\"\">Microtech Dirac Delta\u00ae 227-1 TA \u0142\u0105czy w sobie agresywne symetryczne ostrze, nowoczesn\u0105 ergonomi\u0119 i niezwykle szybki mechanizm OTF. Dzi\u0119ki najwy\u017cszej jako\u015bci stali M390, ameryka\u0144skiej produkcji i precyzyjnemu wykonaniu, jest to pot\u0119\u017cny i presti\u017cowy model dla u\u017cytkownik\u00f3w poszukuj\u0105cych jako\u015bci bez kompromis\u00f3w \ud83d\udd2a\ud83d\udd25 <\/p>\n","protected":false},"excerpt":{"rendered":"<p><strong>Microtech Dirac Delta\u00ae 227-1 TA \u0142\u0105czy w sobie agresywne symetryczne ostrze, nowoczesn\u0105 ergonomi\u0119 i niezwykle szybki mechanizm OTF. Dzi\u0119ki najwy\u017cszej jako\u015bci stali M390, ameryka\u0144skiej produkcji i precyzyjnemu wykonaniu, jest to pot\u0119\u017cny i presti\u017cowy model dla u\u017cytkownik\u00f3w poszukuj\u0105cych jako\u015bci bez kompromis\u00f3w \ud83d\udd2a\ud83d\udd25 <\/strong><\/p>\n<p><strong>Darmowa wysy\u0142ka.<\/strong><\/p>\n","protected":false},"featured_media":436839,"comment_status":"open","ping_status":"closed","template":"","meta":[],"pwb-brand":[3279],"product_brand":[],"product_cat":[3344,3296],"product_tag":[],"class_list":{"0":"post-436912","1":"product","2":"type-product","3":"status-publish","4":"has-post-thumbnail","6":"pwb-brand-microtech-pl","7":"product_cat-noze-strzeleckie","8":"product_cat-noze-pl","10":"first","11":"instock","12":"taxable","13":"shipping-taxable","14":"purchasable","15":"product-type-simple"},"brands":[{"id":3279,"name":"Microtech","slug":"microtech-pl"}],"_links":{"self":[{"href":"https:\/\/www.moskito.cz\/pl\/wp-json\/wp\/v2\/product\/436912","targetHints":{"allow":["GET"]}}],"collection":[{"href":"https:\/\/www.moskito.cz\/pl\/wp-json\/wp\/v2\/product"}],"about":[{"href":"https:\/\/www.moskito.cz\/pl\/wp-json\/wp\/v2\/types\/product"}],"replies":[{"embeddable":true,"href":"https:\/\/www.moskito.cz\/pl\/wp-json\/wp\/v2\/comments?post=436912"}],"wp:featuredmedia":[{"embeddable":true,"href":"https:\/\/www.moskito.cz\/pl\/wp-json\/wp\/v2\/media\/436839"}],"wp:attachment":[{"href":"https:\/\/www.moskito.cz\/pl\/wp-json\/wp\/v2\/media?parent=436912"}],"wp:term":[{"taxonomy":"pwb-brand","embeddable":true,"href":"https:\/\/www.moskito.cz\/pl\/wp-json\/wp\/v2\/pwb-brand?post=436912"},{"taxonomy":"product_brand","embeddable":true,"href":"https:\/\/www.moskito.cz\/pl\/wp-json\/wp\/v2\/product_brand?post=436912"},{"taxonomy":"product_cat","embeddable":true,"href":"https:\/\/www.moskito.cz\/pl\/wp-json\/wp\/v2\/product_cat?post=436912"},{"taxonomy":"product_tag","embeddable":true,"href":"https:\/\/www.moskito.cz\/pl\/wp-json\/wp\/v2\/product_tag?post=436912"}],"curies":[{"name":"wp","href":"https:\/\/api.w.org\/{rel}","templated":true}]}}