{"id":437003,"date":"2026-02-12T14:50:14","date_gmt":"2026-02-12T13:50:14","guid":{"rendered":"https:\/\/www.moskito.cz\/produkt\/noz-wyrzutowy-microtech-dirac-delta-227-10apnc\/"},"modified":"2026-02-12T16:09:31","modified_gmt":"2026-02-12T15:09:31","slug":"noz-wyrzutowy-microtech-dirac-delta-227-10apnc","status":"publish","type":"product","link":"https:\/\/www.moskito.cz\/pl\/produkt\/noz-wyrzutowy-microtech-dirac-delta-227-10apnc\/","title":{"rendered":"N\u00f3\u017c wyrzutowy Microtech Dirac Delta 227-10APNC"},"content":{"rendered":"<p data-start=\"0\" data-end=\"390\">Gdy tylko we\u017amiesz do r\u0119ki <strong data-start=\"23\" data-end=\"112\">Microtech Dirac Delta\u00ae D\/E OTF 227-10APNC &#8211; Natural Clear Aluminum \/ Apocalyptic M390<\/strong>, od razu poczujesz po\u0142\u0105czenie technicznej precyzji i surowej estetyki. Model ten jest powi\u0119kszon\u0105 i mocniejsz\u0105 wersj\u0105 pierwszej platformy Dirac DAC OTF z boczn\u0105 zmian\u0105 bieg\u00f3w, teraz w atrakcyjnym wyko\u0144czeniu Natural Clear Aluminum z apokaliptycznym wyko\u0144czeniem ostrza. <\/p>\n<p data-start=\"392\" data-end=\"461\">Zaprojektowany przez Anthony&#8217;ego (Tony) Marfiona i w 100% wyprodukowany i zmontowany w USA.<\/p>\n<hr data-start=\"463\" data-end=\"466\">\n<p data-start=\"468\" data-end=\"496\">\ud83d\udd25 <strong data-start=\"471\" data-end=\"496\">Charakter i filozofia<\/strong><\/p>\n<p data-start=\"498\" data-end=\"708\">Dirac Delta\u00ae to nowoczesna interpretacja taktycznego no\u017ca OTF z naciskiem na ergonomi\u0119 i szybko\u015b\u0107. Zamontowany z boku, zag\u0142\u0119biony suwak pozwala na bardziej naturalne podparcie kciuka i wygodniejsz\u0105 obs\u0142ug\u0119 w por\u00f3wnaniu z tradycyjnymi g\u00f3rnymi suwakami. <\/p>\n<p data-start=\"710\" data-end=\"936\">Model ten dzia\u0142a w trybie <strong data-start=\"733\" data-end=\"756\">D\/A (Double Action)<\/strong> &#8211; ostrze wysuwane i chowane jest jednym ruchem kciuka. Mechanizm ten jest niezwykle szybki, ale jednocze\u015bnie wymaga kontrolowanego nacisku w celu pokonania oporu spr\u0119\u017cyny, co przyczynia si\u0119 do zwi\u0119kszenia bezpiecze\u0144stwa. <\/p>\n<p data-start=\"938\" data-end=\"1049\">Ca\u0142kowita d\u0142ugo\u015b\u0107 wynosz\u0105ca oko\u0142o 235 mm sprawia, \u017ce jest to w pe\u0142ni funkcjonalne narz\u0119dzie taktyczne, kt\u00f3re mo\u017cna nosi\u0107 jako EDC.<\/p>\n<hr data-start=\"1051\" data-end=\"1054\">\n<p data-start=\"1056\" data-end=\"1072\"><strong data-start=\"1059\" data-end=\"1072\">O producencie<\/strong><\/p>\n<p data-start=\"1074\" data-end=\"1202\">Microtech Knives to ameryka\u0144ska marka z ponad trzydziestoletni\u0105 histori\u0105 w produkcji wysokiej klasy no\u017cy automatycznych. Typowe cechy to: <\/p>\n<ul data-start=\"1204\" data-end=\"1355\">\n<li data-start=\"1204\" data-end=\"1229\">\n<p data-start=\"1206\" data-end=\"1229\">Precyzyjna obr\u00f3bka CNC<\/p>\n<\/li>\n<li data-start=\"1230\" data-end=\"1261\">\n<p data-start=\"1232\" data-end=\"1261\">Opatentowane zapi\u0119cia<\/p>\n<\/li>\n<li data-start=\"1262\" data-end=\"1295\">\n<p data-start=\"1264\" data-end=\"1295\">Innowacyjne mechanizmy wewn\u0119trzne<\/p>\n<\/li>\n<li data-start=\"1296\" data-end=\"1325\">\n<p data-start=\"1298\" data-end=\"1325\">Zintegrowany wy\u0142\u0105cznik szyby<\/p>\n<\/li>\n<li data-start=\"1326\" data-end=\"1355\">\n<p data-start=\"1328\" data-end=\"1355\">Sta\u0142a kontrola jako\u015bci<\/p>\n<\/li>\n<\/ul>\n<p data-start=\"1357\" data-end=\"1431\">Ka\u017cdy element jest produkowany i montowany w USA pod kierownictwem Anthony&#8217;ego Marfione.<\/p>\n<hr data-start=\"1433\" data-end=\"1436\">\n<p data-start=\"1438\" data-end=\"1486\">\ud83d\udde1\ufe0f <strong data-start=\"1442\" data-end=\"1486\">Ostrze &#8211; sztylet D\/E z apokaliptycznym wyko\u0144czeniem<\/strong><\/p>\n<p data-start=\"1488\" data-end=\"1693\">Ostrze <strong data-start=\"1499\" data-end=\"1527\">D\/E (Double Edge) Dagger<\/strong> jest symetrycznie szlifowane po obu stronach z charakterystycznym centralnym \u017cebrem dla zwi\u0119kszenia wytrzyma\u0142o\u015bci. Pod\u0142u\u017cne rowki zwi\u0119kszaj\u0105 stabilno\u015b\u0107 konstrukcji i podkre\u015blaj\u0105 agresywny wygl\u0105d. <\/p>\n<p data-start=\"1695\" data-end=\"1821\"><strong data-start=\"1712\" data-end=\"1727\">Apokaliptyczne<\/strong> wyko\u0144czenie nadaje ostrzu surowy, &#8222;bitewny&#8221; wygl\u0105d, jednocze\u015bnie pomagaj\u0105c zamaskowa\u0107 drobne \u015blady u\u017cytkowania.<\/p>\n<p data-start=\"1823\" data-end=\"1854\">Wysoki p\u0142aski kr\u00f3j zapewnia:<\/p>\n<ul data-start=\"1856\" data-end=\"1925\">\n<li data-start=\"1856\" data-end=\"1884\">\n<p data-start=\"1858\" data-end=\"1884\">doskona\u0142e w\u0142a\u015bciwo\u015bci tn\u0105ce<\/p>\n<\/li>\n<li data-start=\"1885\" data-end=\"1907\">\n<p data-start=\"1887\" data-end=\"1907\">wysoka penetracja<\/p>\n<\/li>\n<li data-start=\"1908\" data-end=\"1925\">\n<p data-start=\"1910\" data-end=\"1925\">wytrzyma\u0142o\u015b\u0107 ko\u0144c\u00f3wki<\/p>\n<\/li>\n<\/ul>\n<hr data-start=\"1927\" data-end=\"1930\">\n<p data-start=\"1932\" data-end=\"1957\"><strong data-start=\"1935\" data-end=\"1957\">Stal &#8211; B\u00f6hler M390<\/strong><\/p>\n<p data-start=\"1959\" data-end=\"2043\">Zastosowana stal to sproszkowana martenzytyczna stal nierdzewna <strong data-start=\"1972\" data-end=\"1987\">B\u00f6hler M390<\/strong> klasy premium:<\/p>\n<ul data-start=\"2045\" data-end=\"2136\">\n<li data-start=\"2045\" data-end=\"2064\">\n<p data-start=\"2047\" data-end=\"2064\">oko\u0142o 20% chromu<\/p>\n<\/li>\n<li data-start=\"2065\" data-end=\"2085\">\n<p data-start=\"2067\" data-end=\"2085\">ok. 1,9 % w\u0119gla<\/p>\n<\/li>\n<li data-start=\"2086\" data-end=\"2104\">\n<p data-start=\"2088\" data-end=\"2104\">ok. 4% wanadu<\/p>\n<\/li>\n<li data-start=\"2105\" data-end=\"2136\">\n<p data-start=\"2107\" data-end=\"2136\">twardo\u015b\u0107 oko\u0142o 59-61 HRC<\/p>\n<\/li>\n<\/ul>\n<p data-start=\"2138\" data-end=\"2151\">Charakteryzuje si\u0119:<\/p>\n<ul data-start=\"2153\" data-end=\"2278\">\n<li data-start=\"2153\" data-end=\"2192\">\n<p data-start=\"2155\" data-end=\"2192\">ekstremalna odporno\u015b\u0107 na zu\u017cycie<\/p>\n<\/li>\n<li data-start=\"2193\" data-end=\"2222\">\n<p data-start=\"2195\" data-end=\"2222\">Wysoka odporno\u015b\u0107 na korozj\u0119<\/p>\n<\/li>\n<li data-start=\"2223\" data-end=\"2248\">\n<p data-start=\"2225\" data-end=\"2248\">D\u0142uga retencja ostrza<\/p>\n<\/li>\n<li data-start=\"2249\" data-end=\"2278\">\n<p data-start=\"2251\" data-end=\"2278\">minimalna konserwacja<\/p>\n<\/li>\n<\/ul>\n<p data-start=\"2280\" data-end=\"2338\">Jest to jedna z najbardziej szanowanych stali w nowoczesnej produkcji sztu\u0107c\u00f3w.<\/p>\n<hr data-start=\"2340\" data-end=\"2343\">\n<p data-start=\"2345\" data-end=\"2384\"><strong data-start=\"2348\" data-end=\"2384\">Uchwyt &#8211; naturalne, przezroczyste aluminium<\/strong><\/p>\n<p data-start=\"2386\" data-end=\"2520\">Uchwyt wykonany jest z anodyzowanego aluminium <strong data-start=\"2430\" data-end=\"2441\">6061-T6<\/strong> w kolorze Natural Clear Aluminum, co zapewnia czysty, techniczny i elegancki wygl\u0105d.<\/p>\n<ul data-start=\"2522\" data-end=\"2831\">\n<li data-start=\"2522\" data-end=\"2563\">\n<p data-start=\"2524\" data-end=\"2563\">Tekstura antypo\u015blizgowa 3D frezowana CNC<\/p>\n<\/li>\n<li data-start=\"2564\" data-end=\"2608\">\n<p data-start=\"2566\" data-end=\"2608\">Z\u0105bkowanie na g\u00f3rze i na dole uchwytu<\/p>\n<\/li>\n<li data-start=\"2609\" data-end=\"2660\">\n<p data-start=\"2611\" data-end=\"2660\">Wpuszczony suwak boczny dla naturalnej kontroli<\/p>\n<\/li>\n<li data-start=\"2661\" data-end=\"2691\">\n<p data-start=\"2663\" data-end=\"2691\">Smuk\u0142y profil odpowiedni do EDC<\/p>\n<\/li>\n<li data-start=\"2692\" data-end=\"2734\">\n<p data-start=\"2694\" data-end=\"2734\">G\u0142\u0119boki klips do przenoszenia (prawy\/lewy, tip-down)<\/p>\n<\/li>\n<li data-start=\"2735\" data-end=\"2783\">\n<p data-start=\"2737\" data-end=\"2783\">Klips z logo, numerem seryjnym i dat\u0105 produkcji<\/p>\n<\/li>\n<li data-start=\"2784\" data-end=\"2831\">\n<p data-start=\"2786\" data-end=\"2831\">T\u0142uczek do szk\u0142a z kulk\u0105 z w\u0119glika wolframu<\/p>\n<\/li>\n<\/ul>\n<hr data-start=\"2833\" data-end=\"2836\">\n<p data-start=\"2838\" data-end=\"2866\">\u2699\ufe0f <strong data-start=\"2841\" data-end=\"2866\">Dane techniczne<\/strong><\/p>\n<div class=\"TyagGW_tableContainer\">\n<div class=\"group TyagGW_tableWrapper flex flex-col-reverse w-fit\" tabindex=\"-1\">\n<table class=\"w-fit min-w-(--thread-content-width)\" data-start=\"2868\" data-end=\"3527\">\n<thead data-start=\"2868\" data-end=\"2890\">\n<tr data-start=\"2868\" data-end=\"2890\">\n<th class=\"\" data-start=\"2868\" data-end=\"2879\" data-col-size=\"sm\">Parametr<\/th>\n<th class=\"\" data-start=\"2879\" data-end=\"2890\" data-col-size=\"sm\">Warto\u015b\u0107<\/th>\n<\/tr>\n<\/thead>\n<tbody data-start=\"2915\" data-end=\"3527\">\n<tr data-start=\"2915\" data-end=\"2947\">\n<td data-start=\"2915\" data-end=\"2923\" data-col-size=\"sm\">Model<\/td>\n<td data-start=\"2923\" data-end=\"2947\" data-col-size=\"sm\">Dirac Delta\u00ae D\/E OTF<\/td>\n<\/tr>\n<tr data-start=\"2948\" data-end=\"2981\">\n<td data-start=\"2948\" data-end=\"2967\" data-col-size=\"sm\">Numer produktu<\/td>\n<td data-start=\"2967\" data-end=\"2981\" data-col-size=\"sm\">227-10APNC<\/td>\n<\/tr>\n<tr data-start=\"2982\" data-end=\"3012\">\n<td data-start=\"2982\" data-end=\"2998\" data-col-size=\"sm\">Ca\u0142kowita d\u0142ugo\u015b\u0107<\/td>\n<td data-start=\"2998\" data-end=\"3012\" data-col-size=\"sm\">ok. 235 mm<\/td>\n<\/tr>\n<tr data-start=\"3013\" data-end=\"3041\">\n<td data-start=\"3013\" data-end=\"3028\" data-col-size=\"sm\">D\u0142ugo\u015b\u0107 ostrza<\/td>\n<td data-start=\"3028\" data-end=\"3041\" data-col-size=\"sm\">ok. 95 mm<\/td>\n<\/tr>\n<tr data-start=\"3042\" data-end=\"3074\">\n<td data-start=\"3042\" data-end=\"3060\" data-col-size=\"sm\">Grubo\u015b\u0107 ostrza<\/td>\n<td data-start=\"3060\" data-end=\"3074\" data-col-size=\"sm\">ok. 3,0 mm<\/td>\n<\/tr>\n<tr data-start=\"3075\" data-end=\"3106\">\n<td data-start=\"3075\" data-end=\"3092\" data-col-size=\"sm\">D\u0142ugo\u015b\u0107 uchwytu<\/td>\n<td data-start=\"3092\" data-end=\"3106\" data-col-size=\"sm\">ok. 140 mm<\/td>\n<\/tr>\n<tr data-start=\"3107\" data-end=\"3142\">\n<td data-start=\"3107\" data-end=\"3127\" data-col-size=\"sm\">Grubo\u015b\u0107 uchwytu<\/td>\n<td data-start=\"3127\" data-end=\"3142\" data-col-size=\"sm\">ok. 12,7 mm<\/td>\n<\/tr>\n<tr data-start=\"3143\" data-end=\"3167\">\n<td data-start=\"3143\" data-end=\"3154\" data-col-size=\"sm\">Waga<\/td>\n<td data-start=\"3154\" data-end=\"3167\" data-col-size=\"sm\">ok. 129 g<\/td>\n<\/tr>\n<tr data-start=\"3168\" data-end=\"3201\">\n<td data-start=\"3168\" data-end=\"3186\" data-col-size=\"sm\">Materia\u0142 ostrza<\/td>\n<td data-start=\"3186\" data-end=\"3201\" data-col-size=\"sm\">B\u00f6hler M390<\/td>\n<\/tr>\n<tr data-start=\"3202\" data-end=\"3229\">\n<td data-start=\"3202\" data-end=\"3212\" data-col-size=\"sm\">Twardo\u015b\u0107<\/td>\n<td data-start=\"3212\" data-end=\"3229\" data-col-size=\"sm\">ok. 59-61 HRC<\/td>\n<\/tr>\n<tr data-start=\"3230\" data-end=\"3247\">\n<td data-start=\"3230\" data-end=\"3239\" data-col-size=\"sm\">Przycinanie<\/td>\n<td data-start=\"3239\" data-end=\"3247\" data-col-size=\"sm\">P\u0142aski<\/td>\n<\/tr>\n<tr data-start=\"3248\" data-end=\"3279\">\n<td data-start=\"3248\" data-end=\"3264\" data-col-size=\"sm\">Powierzchnia ostrza<\/td>\n<td data-start=\"3264\" data-end=\"3279\" data-col-size=\"sm\">Apokaliptyczny<\/td>\n<\/tr>\n<tr data-start=\"3280\" data-end=\"3318\">\n<td data-start=\"3280\" data-end=\"3300\" data-col-size=\"sm\">Materia\u0142 r\u0119koje\u015bci<\/td>\n<td data-start=\"3300\" data-end=\"3318\" data-col-size=\"sm\">Aluminium 6061-T6<\/td>\n<\/tr>\n<tr data-start=\"3319\" data-end=\"3353\">\n<td data-start=\"3319\" data-end=\"3336\" data-col-size=\"sm\">Kolor uchwytu<\/td>\n<td data-start=\"3336\" data-end=\"3353\" data-col-size=\"sm\">Naturalny przezroczysty<\/td>\n<\/tr>\n<tr data-start=\"3354\" data-end=\"3392\">\n<td data-start=\"3354\" data-end=\"3368\" data-col-size=\"sm\">Mechanizm<\/td>\n<td data-start=\"3368\" data-end=\"3392\" data-col-size=\"sm\">D\/A OTF &#8211; blokada suwaka<\/td>\n<\/tr>\n<tr data-start=\"3393\" data-end=\"3441\">\n<td data-start=\"3393\" data-end=\"3405\" data-col-size=\"sm\">Otwieranie<\/td>\n<td data-start=\"3405\" data-end=\"3441\" data-col-size=\"sm\">Automatyczne &#8211; suwak push\/pull<\/td>\n<\/tr>\n<tr data-start=\"3442\" data-end=\"3473\">\n<td data-start=\"3442\" data-end=\"3449\" data-col-size=\"sm\">Klips<\/td>\n<td data-start=\"3449\" data-end=\"3473\" data-col-size=\"sm\">Prawy\/lewy, ko\u0144c\u00f3wka w d\u00f3\u0142<\/td>\n<\/tr>\n<tr data-start=\"3474\" data-end=\"3505\">\n<td data-start=\"3474\" data-end=\"3485\" data-col-size=\"sm\">Projektant<\/td>\n<td data-start=\"3485\" data-end=\"3505\" data-col-size=\"sm\">Anthony Marfione<\/td>\n<\/tr>\n<tr data-start=\"3506\" data-end=\"3527\">\n<td data-start=\"3506\" data-end=\"3520\" data-col-size=\"sm\">Kraj pochodzenia<\/td>\n<td data-start=\"3520\" data-end=\"3527\" data-col-size=\"sm\">USA<\/td>\n<\/tr>\n<\/tbody>\n<\/table>\n<\/div>\n<\/div>\n<hr data-start=\"3529\" data-end=\"3532\">\n<p data-start=\"3534\" data-end=\"3553\">\u2705 <strong data-start=\"3536\" data-end=\"3553\">G\u0142\u00f3wne korzy\u015bci<\/strong><\/p>\n<ul data-start=\"3555\" data-end=\"3787\">\n<li data-start=\"3555\" data-end=\"3594\">\n<p data-start=\"3557\" data-end=\"3594\">Niezwykle szybki mechanizm C\/A OTF<\/p>\n<\/li>\n<li data-start=\"3595\" data-end=\"3641\">\n<p data-start=\"3597\" data-end=\"3641\">Symetryczne ostrze D\/E o wysokiej penetracji<\/p>\n<\/li>\n<li data-start=\"3642\" data-end=\"3664\">\n<p data-start=\"3644\" data-end=\"3664\">Wysokiej jako\u015bci stal M390<\/p>\n<\/li>\n<li data-start=\"3665\" data-end=\"3714\">\n<p data-start=\"3667\" data-end=\"3714\">Apokaliptyczna powierzchnia maskuj\u0105ca \u015blady u\u017cytkowania<\/p>\n<\/li>\n<li data-start=\"3715\" data-end=\"3745\">\n<p data-start=\"3717\" data-end=\"3745\">Ergonomiczny suwak boczny<\/p>\n<\/li>\n<li data-start=\"3746\" data-end=\"3787\">\n<p data-start=\"3748\" data-end=\"3787\">Lekka, ale wytrzyma\u0142a aluminiowa konstrukcja<\/p>\n<\/li>\n<\/ul>\n<hr data-start=\"3789\" data-end=\"3792\">\n<p data-start=\"3794\" data-end=\"3814\">\u26a0\ufe0f <strong data-start=\"3797\" data-end=\"3814\">Mo\u017cliwe ograniczenia<\/strong><\/p>\n<ul data-start=\"3816\" data-end=\"3988\">\n<li data-start=\"3816\" data-end=\"3870\">\n<p data-start=\"3818\" data-end=\"3870\">Podw\u00f3jna kraw\u0119d\u017a nie jest idealna do wszystkich typowych zada\u0144<\/p>\n<\/li>\n<li data-start=\"3871\" data-end=\"3926\">\n<p data-start=\"3873\" data-end=\"3926\">Mechanizm automatyczny wymaga regularnej konserwacji<\/p>\n<\/li>\n<li data-start=\"3927\" data-end=\"3988\">\n<p data-start=\"3929\" data-end=\"3988\">Wy\u017csza kategoria cenowa odpowiadaj\u0105ca najwy\u017cszej jako\u015bci wykonania<\/p>\n<\/li>\n<\/ul>\n<hr data-start=\"3990\" data-end=\"3993\">\n<p data-start=\"3995\" data-end=\"4016\">\ud83d\udee0\ufe0f <strong data-start=\"3999\" data-end=\"4016\">Konserwacja i piel\u0119gnacja<\/strong><\/p>\n<ul data-start=\"4018\" data-end=\"4389\">\n<li data-start=\"4018\" data-end=\"4088\">\n<p data-start=\"4020\" data-end=\"4088\">Wyczy\u015b\u0107 i wysusz ostrze po u\u017cyciu, aby zachowa\u0107 jego trwa\u0142o\u015b\u0107.<\/p>\n<\/li>\n<li data-start=\"4089\" data-end=\"4155\">\n<p data-start=\"4091\" data-end=\"4155\">Uchwyt nale\u017cy utrzymywa\u0107 w stanie suchym i czystym, zw\u0142aszcza po kontakcie z wilgoci\u0105.<\/p>\n<\/li>\n<li data-start=\"4156\" data-end=\"4216\">\n<p data-start=\"4158\" data-end=\"4216\">W celu d\u0142u\u017cszego przechowywania nale\u017cy lekko nasmarowa\u0107 ostrze olejem ochronnym<\/p>\n<\/li>\n<li data-start=\"4217\" data-end=\"4389\">\n<p data-start=\"4219\" data-end=\"4389\">Do ostrzenia no\u017cy polecamy ostrza\u0142k\u0119 <strong data-start=\"4250\" data-end=\"4316\">Spyderco Tri-Angle Sharpmaker Complete Sharpening System 204MF<\/strong> &#8211; idealn\u0105 r\u00f3wnie\u017c do ostrzy g\u0142adkich. Kup na naszej stronie Moskito.cz <\/p>\n<\/li>\n<\/ul>\n<p data-start=\"4391\" data-end=\"4458\">Regularna piel\u0119gnacja zapewnia d\u0142ugotrwa\u0142\u0105 niezawodno\u015b\u0107 i maksymaln\u0105 wydajno\u015b\u0107.<\/p>\n<hr data-start=\"4460\" data-end=\"4463\">\n<p data-start=\"4465\" data-end=\"4486\">\ud83c\udfaf <strong data-start=\"4468\" data-end=\"4486\">Polecane dla<\/strong><\/p>\n<ul data-start=\"4488\" data-end=\"4642\">\n<li data-start=\"4488\" data-end=\"4513\">\n<p data-start=\"4490\" data-end=\"4513\">Wymagaj\u0105cy u\u017cytkownicy EDC<\/p>\n<\/li>\n<li data-start=\"4514\" data-end=\"4548\">\n<p data-start=\"4516\" data-end=\"4548\">Profesjonalne zastosowanie taktyczne<\/p>\n<\/li>\n<li data-start=\"4549\" data-end=\"4590\">\n<p data-start=\"4551\" data-end=\"4590\">Kolekcjonerzy modeli premium Microtech<\/p>\n<\/li>\n<li data-start=\"4591\" data-end=\"4642\">\n<p data-start=\"4593\" data-end=\"4642\">U\u017cytkownicy preferuj\u0105cy symetryczn\u0105 geometri\u0119 D\/E<\/p>\n<\/li>\n<\/ul>\n<hr data-start=\"4644\" data-end=\"4647\">\n<p data-start=\"4649\" data-end=\"4674\">\u2b50 <strong data-start=\"4651\" data-end=\"4674\">Ocena ko\u0144cowa<\/strong><\/p>\n<p data-start=\"4676\" data-end=\"4944\" data-is-last-node=\"\" data-is-only-node=\"\">Microtech Dirac Delta\u00ae D\/E 227-10APNC \u0142\u0105czy nowoczesn\u0105 ergonomi\u0119, agresywne symetryczne ostrze i stal M390 premium z unikalnym apokaliptycznym wygl\u0105dem. Rezultatem jest zaawansowany technicznie, szybki i efektowny wizualnie n\u00f3\u017c OTF dla tych, kt\u00f3rzy chc\u0105 wydajno\u015bci i stylu bez kompromis\u00f3w \ud83d\udd2a\ud83d\udd25 <\/p>\n","protected":false},"excerpt":{"rendered":"<p><strong>Microtech Dirac Delta\u00ae D\/E 227-10APNC \u0142\u0105czy nowoczesn\u0105 ergonomi\u0119, agresywne symetryczne ostrze i stal M390 premium z unikalnym apokaliptycznym wygl\u0105dem. Rezultatem jest zaawansowany technicznie, szybki i efektowny wizualnie n\u00f3\u017c OTF dla tych, kt\u00f3rzy chc\u0105 wydajno\u015bci i stylu bez kompromis\u00f3w \ud83d\udd2a\ud83d\udd25 <\/strong><\/p>\n<p><strong>Darmowa wysy\u0142ka.<\/strong><\/p>\n","protected":false},"featured_media":436922,"comment_status":"open","ping_status":"closed","template":"","meta":[],"pwb-brand":[3279],"product_brand":[],"product_cat":[3344,3296],"product_tag":[],"class_list":{"0":"post-437003","1":"product","2":"type-product","3":"status-publish","4":"has-post-thumbnail","6":"pwb-brand-microtech-pl","7":"product_cat-noze-strzeleckie","8":"product_cat-noze-pl","10":"first","11":"instock","12":"taxable","13":"shipping-taxable","14":"purchasable","15":"product-type-simple"},"brands":[{"id":3279,"name":"Microtech","slug":"microtech-pl"}],"_links":{"self":[{"href":"https:\/\/www.moskito.cz\/pl\/wp-json\/wp\/v2\/product\/437003","targetHints":{"allow":["GET"]}}],"collection":[{"href":"https:\/\/www.moskito.cz\/pl\/wp-json\/wp\/v2\/product"}],"about":[{"href":"https:\/\/www.moskito.cz\/pl\/wp-json\/wp\/v2\/types\/product"}],"replies":[{"embeddable":true,"href":"https:\/\/www.moskito.cz\/pl\/wp-json\/wp\/v2\/comments?post=437003"}],"wp:featuredmedia":[{"embeddable":true,"href":"https:\/\/www.moskito.cz\/pl\/wp-json\/wp\/v2\/media\/436922"}],"wp:attachment":[{"href":"https:\/\/www.moskito.cz\/pl\/wp-json\/wp\/v2\/media?parent=437003"}],"wp:term":[{"taxonomy":"pwb-brand","embeddable":true,"href":"https:\/\/www.moskito.cz\/pl\/wp-json\/wp\/v2\/pwb-brand?post=437003"},{"taxonomy":"product_brand","embeddable":true,"href":"https:\/\/www.moskito.cz\/pl\/wp-json\/wp\/v2\/product_brand?post=437003"},{"taxonomy":"product_cat","embeddable":true,"href":"https:\/\/www.moskito.cz\/pl\/wp-json\/wp\/v2\/product_cat?post=437003"},{"taxonomy":"product_tag","embeddable":true,"href":"https:\/\/www.moskito.cz\/pl\/wp-json\/wp\/v2\/product_tag?post=437003"}],"curies":[{"name":"wp","href":"https:\/\/api.w.org\/{rel}","templated":true}]}}