{"id":437099,"date":"2026-02-13T15:19:03","date_gmt":"2026-02-13T14:19:03","guid":{"rendered":"https:\/\/www.moskito.cz\/produkt\/noz-wyrzutowy-microtech-stitch-169-2nc\/"},"modified":"2026-02-13T15:39:37","modified_gmt":"2026-02-13T14:39:37","slug":"noz-wyrzutowy-microtech-stitch-169-2nc","status":"publish","type":"product","link":"https:\/\/www.moskito.cz\/pl\/produkt\/noz-wyrzutowy-microtech-stitch-169-2nc\/","title":{"rendered":"N\u00f3\u017c wyrzutowy Microtech STITCH 169-2NC"},"content":{"rendered":"<h1 data-start=\"0\" data-end=\"81\">Microtech STITCH\u00ae S\/E OTF 169-2NC &#8211; Black Part Serrate \/ Natural Clear Aluminum<\/h1>\n<p data-start=\"83\" data-end=\"439\">Gdy tylko we\u017amiesz do r\u0119ki n\u00f3\u017c <strong data-start=\"106\" data-end=\"189\">Microtech STITCH\u00ae S\/E OTF 169-2NC &#8211; Black Part Serrate \/ Natural Clear Aluminum<\/strong>, natychmiast poczujesz po\u0142\u0105czenie brutalnej si\u0142y i precyzyjnego ameryka\u0144skiego rzemios\u0142a. Model ten przenosi kultowy design Stitch na automatyczn\u0105 platform\u0119 OTF i posiada cz\u0119\u015bciowo z\u0105bkowane ostrze dla maksymalnej wszechstronno\u015bci w codziennym i taktycznym u\u017cytkowaniu. <\/p>\n<p data-start=\"441\" data-end=\"510\">Zaprojektowany przez Anthony&#8217;ego (Tony) Marfiona i w 100% wyprodukowany i zmontowany w USA.<\/p>\n<hr data-start=\"512\" data-end=\"515\">\n<h2 data-start=\"517\" data-end=\"544\">\ud83d\udd25 Charakter i filozofia<\/h2>\n<p data-start=\"546\" data-end=\"763\">STITCH\u00ae to wytrzyma\u0142y n\u00f3\u017c taktyczny OTF zbudowany z naciskiem na wydajno\u015b\u0107, pewno\u015b\u0107 chwytu i szybko\u015b\u0107 reakcji. W por\u00f3wnaniu z bardziej subtelnymi modelami, sprawia wra\u017cenie solidniejszego i pewniejszego &#8211; narz\u0119dzia gotowego na trudniejsze warunki. <\/p>\n<p data-start=\"765\" data-end=\"983\">Model dzia\u0142a w trybie D\/A (Double Action) &#8211; ostrze wysuwane i chowane jest jednym ruchem kciuka za pomoc\u0105 bocznego suwaka. Mechanizm ten jest niezwykle szybki i wymaga kontrolowanego nacisku, co wp\u0142ywa na bezpiecze\u0144stwo podczas przenoszenia. <\/p>\n<p data-start=\"985\" data-end=\"1102\">Ca\u0142kowita d\u0142ugo\u015b\u0107 wynosz\u0105ca oko\u0142o 216 mm sprawia, \u017ce jest to w pe\u0142ni funkcjonalne narz\u0119dzie robocze i taktyczne, kt\u00f3re mo\u017cna nosi\u0107 jako EDC.<\/p>\n<hr data-start=\"1104\" data-end=\"1107\">\n<h2 data-start=\"1109\" data-end=\"1124\">\ud83c\udfed O producencie<\/h2>\n<p data-start=\"1126\" data-end=\"1279\"><strong data-start=\"1126\" data-end=\"1167\"><span class=\"hover:entity-accent entity-underline inline cursor-pointer align-baseline\"><span class=\"whitespace-normal\">Microtech Knives<\/span><\/span><\/strong> to ameryka\u0144ska marka z ponad 30-letni\u0105 histori\u0105 w produkcji wysokiej klasy no\u017cy automatycznych. Typowe cechy to: <\/p>\n<ul data-start=\"1281\" data-end=\"1432\">\n<li data-start=\"1281\" data-end=\"1306\">\n<p data-start=\"1283\" data-end=\"1306\">Precyzyjna obr\u00f3bka CNC<\/p>\n<\/li>\n<li data-start=\"1307\" data-end=\"1338\">\n<p data-start=\"1309\" data-end=\"1338\">Opatentowane zapi\u0119cia<\/p>\n<\/li>\n<li data-start=\"1339\" data-end=\"1372\">\n<p data-start=\"1341\" data-end=\"1372\">Innowacyjne mechanizmy wewn\u0119trzne<\/p>\n<\/li>\n<li data-start=\"1373\" data-end=\"1402\">\n<p data-start=\"1375\" data-end=\"1402\">Zintegrowany wy\u0142\u0105cznik szyby<\/p>\n<\/li>\n<li data-start=\"1403\" data-end=\"1432\">\n<p data-start=\"1405\" data-end=\"1432\">Sta\u0142a kontrola jako\u015bci<\/p>\n<\/li>\n<\/ul>\n<p data-start=\"1434\" data-end=\"1508\">Ka\u017cdy element jest produkowany i montowany w USA pod kierownictwem Anthony&#8217;ego Marfione.<\/p>\n<hr data-start=\"1510\" data-end=\"1513\">\n<h2 data-start=\"1515\" data-end=\"1563\">\ud83d\udde1\ufe0f Ostrze &#8211; S\/E Part Serrate z czarnym wyko\u0144czeniem<\/h2>\n<p data-start=\"1565\" data-end=\"1702\">Ostrze typu S\/E (Single Edge) \u0142\u0105czy w sobie g\u0142adkie ostrze z cz\u0119\u015bciowo z\u0105bkowan\u0105 cz\u0119\u015bci\u0105 (Part Serrate), co znacznie rozszerza jego praktyczne zastosowanie.<\/p>\n<p data-start=\"1704\" data-end=\"1731\">G\u0142adka cz\u0119\u015b\u0107 jest idealna do:<\/p>\n<ul data-start=\"1733\" data-end=\"1795\">\n<li data-start=\"1733\" data-end=\"1756\">\n<p data-start=\"1735\" data-end=\"1756\">Precyzyjne i czyste ci\u0119cia<\/p>\n<\/li>\n<li data-start=\"1757\" data-end=\"1776\">\n<p data-start=\"1759\" data-end=\"1776\">typowe zadania EDC<\/p>\n<\/li>\n<li data-start=\"1777\" data-end=\"1795\">\n<p data-start=\"1779\" data-end=\"1795\">szczeg\u00f3\u0142owa praca<\/p>\n<\/li>\n<\/ul>\n<p data-start=\"1797\" data-end=\"1825\">Z\u0105bkowana cz\u0119\u015b\u0107 poradzi sobie:<\/p>\n<ul data-start=\"1827\" data-end=\"1895\">\n<li data-start=\"1827\" data-end=\"1845\">\n<p data-start=\"1829\" data-end=\"1845\">liny i sznury<\/p>\n<\/li>\n<li data-start=\"1846\" data-end=\"1857\">\n<p data-start=\"1848\" data-end=\"1857\">paski<\/p>\n<\/li>\n<li data-start=\"1858\" data-end=\"1895\">\n<p data-start=\"1860\" data-end=\"1895\">tekstylia i materia\u0142y w\u0142\u00f3kniste<\/p>\n<\/li>\n<\/ul>\n<p data-start=\"1897\" data-end=\"1977\">Czarne wyko\u0144czenie zmniejsza odblaski i nadaje no\u017cowi taktyczny, techniczny wygl\u0105d.<\/p>\n<p data-start=\"1979\" data-end=\"2010\">Wysoki p\u0142aski kr\u00f3j zapewnia:<\/p>\n<ul data-start=\"2012\" data-end=\"2087\">\n<li data-start=\"2012\" data-end=\"2040\">\n<p data-start=\"2014\" data-end=\"2040\">doskona\u0142e w\u0142a\u015bciwo\u015bci tn\u0105ce<\/p>\n<\/li>\n<li data-start=\"2041\" data-end=\"2069\">\n<p data-start=\"2043\" data-end=\"2069\">Dobra kontrola ci\u0119cia<\/p>\n<\/li>\n<li data-start=\"2070\" data-end=\"2087\">\n<p data-start=\"2072\" data-end=\"2087\">wytrzyma\u0142o\u015b\u0107 ko\u0144c\u00f3wki<\/p>\n<\/li>\n<\/ul>\n<hr data-start=\"2089\" data-end=\"2092\">\n<h2 data-start=\"2094\" data-end=\"2118\">Stal &#8211; B\u00f6hler M390<\/h2>\n<p data-start=\"2120\" data-end=\"2229\">Ostrze wykonane jest z najwy\u017cszej jako\u015bci stali proszkowej <strong data-start=\"2164\" data-end=\"2179\">B\u00f6hler M390<\/strong>, kt\u00f3ra jest jedn\u0105 z najlepszych w produkcji nowoczesnych no\u017cy.<\/p>\n<div class=\"contain-inline-size rounded-2xl corner-superellipse\/1.1 relative bg-token-sidebar-surface-primary\">\n<div class=\"sticky top-[calc(var(--sticky-padding-top)+9*var(--spacing))]\">\n<div class=\"absolute end-0 bottom-0 flex h-9 items-center pe-2\">\n<div class=\"bg-token-bg-elevated-secondary text-token-text-secondary flex items-center gap-4 rounded-sm px-2 font-sans text-xs\"><\/div>\n<\/div>\n<\/div>\n<div class=\"overflow-y-auto p-4\" dir=\"ltr\"><code class=\"whitespace-pre!\">cca <span class=\"hljs-number\">20<\/span> <span class=\"hljs-comment\">% chromu  <\/span><br \/>\ncca <span class=\"hljs-number\">1<\/span>,<span class=\"hljs-number\">9<\/span> <span class=\"hljs-comment\">% uhl\u00edku  <\/span><br \/>\ncca <span class=\"hljs-number\">4<\/span> <span class=\"hljs-comment\">% vanadu  <\/span><br \/>\ntvrdost p\u0159ibli\u017en\u011b <span class=\"hljs-number\">59<\/span>\u2013<span class=\"hljs-number\">61<\/span> HRC<br \/>\n<\/code><\/div>\n<\/div>\n<p data-start=\"2332\" data-end=\"2345\">Charakteryzuje si\u0119:<\/p>\n<ul data-start=\"2347\" data-end=\"2472\">\n<li data-start=\"2347\" data-end=\"2386\">\n<p data-start=\"2349\" data-end=\"2386\">ekstremalna odporno\u015b\u0107 na zu\u017cycie<\/p>\n<\/li>\n<li data-start=\"2387\" data-end=\"2416\">\n<p data-start=\"2389\" data-end=\"2416\">Wysoka odporno\u015b\u0107 na korozj\u0119<\/p>\n<\/li>\n<li data-start=\"2417\" data-end=\"2442\">\n<p data-start=\"2419\" data-end=\"2442\">D\u0142uga retencja ostrza<\/p>\n<\/li>\n<li data-start=\"2443\" data-end=\"2472\">\n<p data-start=\"2445\" data-end=\"2472\">minimalna konserwacja<\/p>\n<\/li>\n<\/ul>\n<p data-start=\"2474\" data-end=\"2527\">Jest to jedna z najbardziej cenionych stali w segmencie premium.<\/p>\n<hr data-start=\"2529\" data-end=\"2532\">\n<h2 data-start=\"2534\" data-end=\"2572\">Uchwyt &#8211; naturalne, przezroczyste aluminium<\/h2>\n<p data-start=\"2574\" data-end=\"2708\">Uchwyt jest wykonany z anodyzowanego aluminium 6061-T6 w kolorze Natural Clear Aluminum, co zapewnia czysty, techniczny i profesjonalny wygl\u0105d.<\/p>\n<ul data-start=\"2710\" data-end=\"3021\">\n<li data-start=\"2710\" data-end=\"2751\">\n<p data-start=\"2712\" data-end=\"2751\">Tekstura antypo\u015blizgowa 3D frezowana CNC<\/p>\n<\/li>\n<li data-start=\"2752\" data-end=\"2814\">\n<p data-start=\"2754\" data-end=\"2814\">Ergonomiczny kszta\u0142t inspirowany oryginalnym projektem Stitch<\/p>\n<\/li>\n<li data-start=\"2815\" data-end=\"2856\">\n<p data-start=\"2817\" data-end=\"2856\">Boczny suwak dla naturalnej kontroli<\/p>\n<\/li>\n<li data-start=\"2857\" data-end=\"2887\">\n<p data-start=\"2859\" data-end=\"2887\">Smuk\u0142a, ale solidna konstrukcja<\/p>\n<\/li>\n<li data-start=\"2888\" data-end=\"2930\">\n<p data-start=\"2890\" data-end=\"2930\">G\u0142\u0119boki klips do przenoszenia (prawy\/lewy, tip-down)<\/p>\n<\/li>\n<li data-start=\"2931\" data-end=\"2973\">\n<p data-start=\"2933\" data-end=\"2973\">Klips z numerem seryjnym i dat\u0105 produkcji<\/p>\n<\/li>\n<li data-start=\"2974\" data-end=\"3021\">\n<p data-start=\"2976\" data-end=\"3021\">T\u0142uczek do szk\u0142a z kulk\u0105 z w\u0119glika wolframu<\/p>\n<\/li>\n<\/ul>\n<p data-start=\"3023\" data-end=\"3103\">Rezultatem jest lekka, ale niezwykle wytrzyma\u0142a konstrukcja odpowiednia do codziennego noszenia.<\/p>\n<hr data-start=\"3105\" data-end=\"3108\">\n<h2 data-start=\"3110\" data-end=\"3137\">\u2699\ufe0f Specyfikacja techniczna<\/h2>\n<div class=\"TyagGW_tableContainer\">\n<div class=\"group TyagGW_tableWrapper flex flex-col-reverse w-fit\" tabindex=\"-1\">\n<table class=\"w-fit min-w-(--thread-content-width)\" data-start=\"3139\" data-end=\"3785\">\n<thead data-start=\"3139\" data-end=\"3161\">\n<tr data-start=\"3139\" data-end=\"3161\">\n<th class=\"\" data-start=\"3139\" data-end=\"3150\" data-col-size=\"sm\">Parametr<\/th>\n<th class=\"\" data-start=\"3150\" data-end=\"3161\" data-col-size=\"sm\">Warto\u015b\u0107<\/th>\n<\/tr>\n<\/thead>\n<tbody data-start=\"3188\" data-end=\"3785\">\n<tr data-start=\"3188\" data-end=\"3215\">\n<td data-start=\"3188\" data-end=\"3196\" data-col-size=\"sm\">Model<\/td>\n<td data-start=\"3196\" data-end=\"3215\" data-col-size=\"sm\">STITCH\u00ae S\/E OTF<\/td>\n<\/tr>\n<tr data-start=\"3216\" data-end=\"3246\">\n<td data-start=\"3216\" data-end=\"3235\" data-col-size=\"sm\">Numer produktu<\/td>\n<td data-start=\"3235\" data-end=\"3246\" data-col-size=\"sm\">169-2NC<\/td>\n<\/tr>\n<tr data-start=\"3247\" data-end=\"3277\">\n<td data-start=\"3247\" data-end=\"3263\" data-col-size=\"sm\">Ca\u0142kowita d\u0142ugo\u015b\u0107<\/td>\n<td data-start=\"3263\" data-end=\"3277\" data-col-size=\"sm\">ok. 216 mm<\/td>\n<\/tr>\n<tr data-start=\"3278\" data-end=\"3306\">\n<td data-start=\"3278\" data-end=\"3293\" data-col-size=\"sm\">D\u0142ugo\u015b\u0107 ostrza<\/td>\n<td data-start=\"3293\" data-end=\"3306\" data-col-size=\"sm\">ok. 95 mm<\/td>\n<\/tr>\n<tr data-start=\"3307\" data-end=\"3339\">\n<td data-start=\"3307\" data-end=\"3325\" data-col-size=\"sm\">Grubo\u015b\u0107 ostrza<\/td>\n<td data-start=\"3325\" data-end=\"3339\" data-col-size=\"sm\">ok. 3,2 mm<\/td>\n<\/tr>\n<tr data-start=\"3340\" data-end=\"3371\">\n<td data-start=\"3340\" data-end=\"3357\" data-col-size=\"sm\">D\u0142ugo\u015b\u0107 uchwytu<\/td>\n<td data-start=\"3357\" data-end=\"3371\" data-col-size=\"sm\">ok. 127 mm<\/td>\n<\/tr>\n<tr data-start=\"3372\" data-end=\"3396\">\n<td data-start=\"3372\" data-end=\"3383\" data-col-size=\"sm\">Waga<\/td>\n<td data-start=\"3383\" data-end=\"3396\" data-col-size=\"sm\">ok. 130 g<\/td>\n<\/tr>\n<tr data-start=\"3397\" data-end=\"3430\">\n<td data-start=\"3397\" data-end=\"3415\" data-col-size=\"sm\">Materia\u0142 ostrza<\/td>\n<td data-start=\"3415\" data-end=\"3430\" data-col-size=\"sm\">B\u00f6hler M390<\/td>\n<\/tr>\n<tr data-start=\"3431\" data-end=\"3458\">\n<td data-start=\"3431\" data-end=\"3441\" data-col-size=\"sm\">Twardo\u015b\u0107<\/td>\n<td data-start=\"3441\" data-end=\"3458\" data-col-size=\"sm\">ok. 59-61 HRC<\/td>\n<\/tr>\n<tr data-start=\"3459\" data-end=\"3476\">\n<td data-start=\"3459\" data-end=\"3468\" data-col-size=\"sm\">Przycinanie<\/td>\n<td data-start=\"3468\" data-end=\"3476\" data-col-size=\"sm\">P\u0142aski<\/td>\n<\/tr>\n<tr data-start=\"3477\" data-end=\"3502\">\n<td data-start=\"3477\" data-end=\"3493\" data-col-size=\"sm\">Powierzchnia ostrza<\/td>\n<td data-start=\"3493\" data-end=\"3502\" data-col-size=\"sm\">Czarny<\/td>\n<\/tr>\n<tr data-start=\"3503\" data-end=\"3537\">\n<td data-start=\"3503\" data-end=\"3515\" data-col-size=\"sm\">Typ ostrza<\/td>\n<td data-start=\"3515\" data-end=\"3537\" data-col-size=\"sm\">Cz\u0119\u015bciowo z\u0105bkowane<\/td>\n<\/tr>\n<tr data-start=\"3538\" data-end=\"3576\">\n<td data-start=\"3538\" data-end=\"3558\" data-col-size=\"sm\">Materia\u0142 r\u0119koje\u015bci<\/td>\n<td data-start=\"3558\" data-end=\"3576\" data-col-size=\"sm\">Aluminium 6061-T6<\/td>\n<\/tr>\n<tr data-start=\"3577\" data-end=\"3611\">\n<td data-start=\"3577\" data-end=\"3594\" data-col-size=\"sm\">Kolor uchwytu<\/td>\n<td data-start=\"3594\" data-end=\"3611\" data-col-size=\"sm\">Naturalny przezroczysty<\/td>\n<\/tr>\n<tr data-start=\"3612\" data-end=\"3650\">\n<td data-start=\"3612\" data-end=\"3626\" data-col-size=\"sm\">Mechanizm<\/td>\n<td data-start=\"3626\" data-end=\"3650\" data-col-size=\"sm\">D\/A OTF &#8211; blokada suwaka<\/td>\n<\/tr>\n<tr data-start=\"3651\" data-end=\"3699\">\n<td data-start=\"3651\" data-end=\"3663\" data-col-size=\"sm\">Otwieranie<\/td>\n<td data-start=\"3663\" data-end=\"3699\" data-col-size=\"sm\">Automatyczne &#8211; suwak push\/pull<\/td>\n<\/tr>\n<tr data-start=\"3700\" data-end=\"3731\">\n<td data-start=\"3700\" data-end=\"3707\" data-col-size=\"sm\">Klips<\/td>\n<td data-start=\"3707\" data-end=\"3731\" data-col-size=\"sm\">Prawa\/lewa, ko\u0144c\u00f3wka w d\u00f3\u0142<\/td>\n<\/tr>\n<tr data-start=\"3732\" data-end=\"3763\">\n<td data-start=\"3732\" data-end=\"3743\" data-col-size=\"sm\">Projektant<\/td>\n<td data-start=\"3743\" data-end=\"3763\" data-col-size=\"sm\">Anthony Marfione<\/td>\n<\/tr>\n<tr data-start=\"3764\" data-end=\"3785\">\n<td data-start=\"3764\" data-end=\"3778\" data-col-size=\"sm\">Kraj pochodzenia<\/td>\n<td data-start=\"3778\" data-end=\"3785\" data-col-size=\"sm\">USA<\/td>\n<\/tr>\n<\/tbody>\n<\/table>\n<\/div>\n<\/div>\n<hr data-start=\"3787\" data-end=\"3790\">\n<h2 data-start=\"3792\" data-end=\"3810\">\u2705 G\u0142\u00f3wne korzy\u015bci<\/h2>\n<ul data-start=\"3812\" data-end=\"4028\">\n<li data-start=\"3812\" data-end=\"3851\">\n<p data-start=\"3814\" data-end=\"3851\">Niezwykle szybki mechanizm C\/A OTF<\/p>\n<\/li>\n<li data-start=\"3852\" data-end=\"3907\">\n<p data-start=\"3854\" data-end=\"3907\">Uniwersalne po\u0142\u0105czenie g\u0142adkiego i z\u0105bkowanego ostrza<\/p>\n<\/li>\n<li data-start=\"3908\" data-end=\"3930\">\n<p data-start=\"3910\" data-end=\"3930\">Wysokiej jako\u015bci stal M390<\/p>\n<\/li>\n<li data-start=\"3931\" data-end=\"3963\">\n<p data-start=\"3933\" data-end=\"3963\">Taktyczne czarne wyko\u0144czenie ostrza<\/p>\n<\/li>\n<li data-start=\"3964\" data-end=\"3993\">\n<p data-start=\"3966\" data-end=\"3993\">Ergonomiczny i bezpieczny uchwyt<\/p>\n<\/li>\n<li data-start=\"3994\" data-end=\"4028\">\n<p data-start=\"3996\" data-end=\"4028\">Lekka, ale wytrzyma\u0142a konstrukcja<\/p>\n<\/li>\n<\/ul>\n<hr data-start=\"4030\" data-end=\"4033\">\n<h2 data-start=\"4035\" data-end=\"4054\">\u26a0\ufe0f Mo\u017cliwe ograniczenia<\/h2>\n<ul data-start=\"4056\" data-end=\"4232\">\n<li data-start=\"4056\" data-end=\"4114\">\n<p data-start=\"4058\" data-end=\"4114\">Cz\u0119\u015bciowe z\u0105bkowanie mo\u017ce nie odpowiada\u0107 ka\u017cdemu u\u017cytkownikowi<\/p>\n<\/li>\n<li data-start=\"4115\" data-end=\"4170\">\n<p data-start=\"4117\" data-end=\"4170\">Mechanizm automatyczny wymaga regularnej konserwacji<\/p>\n<\/li>\n<li data-start=\"4171\" data-end=\"4232\">\n<p data-start=\"4173\" data-end=\"4232\">Wy\u017csza kategoria cenowa odpowiadaj\u0105ca najwy\u017cszej jako\u015bci wykonania<\/p>\n<\/li>\n<\/ul>\n<hr data-start=\"4234\" data-end=\"4237\">\n<h2 data-start=\"4239\" data-end=\"4259\">\ud83d\udee0\ufe0f Konserwacja i piel\u0119gnacja<\/h2>\n<ul data-start=\"4261\" data-end=\"4620\">\n<li data-start=\"4261\" data-end=\"4331\">\n<p data-start=\"4263\" data-end=\"4331\">Wyczy\u015b\u0107 i wysusz ostrze po u\u017cyciu, aby zachowa\u0107 jego trwa\u0142o\u015b\u0107.<\/p>\n<\/li>\n<li data-start=\"4332\" data-end=\"4398\">\n<p data-start=\"4334\" data-end=\"4398\">Uchwyt nale\u017cy utrzymywa\u0107 w stanie suchym i czystym, zw\u0142aszcza po kontakcie z wilgoci\u0105.<\/p>\n<\/li>\n<li data-start=\"4399\" data-end=\"4459\">\n<p data-start=\"4401\" data-end=\"4459\">W celu d\u0142u\u017cszego przechowywania nale\u017cy lekko nasmarowa\u0107 ostrze olejem ochronnym<\/p>\n<\/li>\n<li data-start=\"4460\" data-end=\"4620\">\n<p data-start=\"4462\" data-end=\"4620\">Do ostrzenia no\u017cy polecamy ostrza\u0142k\u0119 <strong data-start=\"4493\" data-end=\"4532\">Spyderco Tri-Angle Sharpmaker 204MF<\/strong> &#8211; idealn\u0105 do ostrzy kombinowanych z z\u0105bkowaniem. Kup na naszej stronie Moskito.cz <\/p>\n<\/li>\n<\/ul>\n<p data-start=\"4622\" data-end=\"4689\">Regularna piel\u0119gnacja zapewnia d\u0142ugotrwa\u0142\u0105 niezawodno\u015b\u0107 i maksymaln\u0105 wydajno\u015b\u0107.<\/p>\n<hr data-start=\"4691\" data-end=\"4694\">\n<h2 data-start=\"4696\" data-end=\"4716\">\ud83c\udfaf Polecane dla<\/h2>\n<ul data-start=\"4718\" data-end=\"4863\">\n<li data-start=\"4718\" data-end=\"4743\">\n<p data-start=\"4720\" data-end=\"4743\">Wymagaj\u0105cy u\u017cytkownicy EDC<\/p>\n<\/li>\n<li data-start=\"4744\" data-end=\"4778\">\n<p data-start=\"4746\" data-end=\"4778\">Profesjonalne zastosowanie taktyczne<\/p>\n<\/li>\n<li data-start=\"4779\" data-end=\"4821\">\n<p data-start=\"4781\" data-end=\"4821\">U\u017cytkownicy wymagaj\u0105cy uniwersalnego ostrza<\/p>\n<\/li>\n<li data-start=\"4822\" data-end=\"4863\">\n<p data-start=\"4824\" data-end=\"4863\">Kolektory modeli premium firmy Microtech<\/p>\n<\/li>\n<\/ul>\n<hr data-start=\"4865\" data-end=\"4868\">\n<h2 data-start=\"4870\" data-end=\"4894\">\u2b50 Ocena ko\u0144cowa<\/h2>\n<p data-start=\"4896\" data-end=\"5148\" data-is-last-node=\"\" data-is-only-node=\"\">Microtech STITCH\u00ae S\/E OTF 169-2NC \u0142\u0105czy agresywny design, praktyczn\u0105 kombinacj\u0119 ostrza i najwy\u017cszej jako\u015bci stal M390 z precyzyjn\u0105 ameryka\u0144sk\u0105 produkcj\u0105. Rezultatem jest szybki, wytrzyma\u0142y i efektowny wizualnie n\u00f3\u017c OTF dla tych, kt\u00f3rzy chc\u0105 maksymalnej wydajno\u015bci bez kompromis\u00f3w \ud83d\udd2a\ud83d\udd25. <\/p>\n","protected":false},"excerpt":{"rendered":"<p><strong>Microtech STITCH\u00ae S\/E OTF 169-2NC \u0142\u0105czy agresywny design, praktyczn\u0105 kombinacj\u0119 ostrza i najwy\u017cszej jako\u015bci stal M390 z precyzyjn\u0105 ameryka\u0144sk\u0105 produkcj\u0105. Rezultatem jest szybki, wytrzyma\u0142y i efektowny wizualnie n\u00f3\u017c OTF dla tych, kt\u00f3rzy chc\u0105 maksymalnej wydajno\u015bci bez kompromis\u00f3w \ud83d\udd2a\ud83d\udd25. <\/strong><\/p>\n<p><strong>Darmowa wysy\u0142ka.<\/strong><\/p>\n","protected":false},"featured_media":437017,"comment_status":"open","ping_status":"closed","template":"","meta":[],"pwb-brand":[3279],"product_brand":[],"product_cat":[3344,3296],"product_tag":[],"class_list":{"0":"post-437099","1":"product","2":"type-product","3":"status-publish","4":"has-post-thumbnail","6":"pwb-brand-microtech-pl","7":"product_cat-noze-strzeleckie","8":"product_cat-noze-pl","10":"first","11":"instock","12":"taxable","13":"shipping-taxable","14":"purchasable","15":"product-type-simple"},"brands":[{"id":3279,"name":"Microtech","slug":"microtech-pl"}],"_links":{"self":[{"href":"https:\/\/www.moskito.cz\/pl\/wp-json\/wp\/v2\/product\/437099","targetHints":{"allow":["GET"]}}],"collection":[{"href":"https:\/\/www.moskito.cz\/pl\/wp-json\/wp\/v2\/product"}],"about":[{"href":"https:\/\/www.moskito.cz\/pl\/wp-json\/wp\/v2\/types\/product"}],"replies":[{"embeddable":true,"href":"https:\/\/www.moskito.cz\/pl\/wp-json\/wp\/v2\/comments?post=437099"}],"wp:featuredmedia":[{"embeddable":true,"href":"https:\/\/www.moskito.cz\/pl\/wp-json\/wp\/v2\/media\/437017"}],"wp:attachment":[{"href":"https:\/\/www.moskito.cz\/pl\/wp-json\/wp\/v2\/media?parent=437099"}],"wp:term":[{"taxonomy":"pwb-brand","embeddable":true,"href":"https:\/\/www.moskito.cz\/pl\/wp-json\/wp\/v2\/pwb-brand?post=437099"},{"taxonomy":"product_brand","embeddable":true,"href":"https:\/\/www.moskito.cz\/pl\/wp-json\/wp\/v2\/product_brand?post=437099"},{"taxonomy":"product_cat","embeddable":true,"href":"https:\/\/www.moskito.cz\/pl\/wp-json\/wp\/v2\/product_cat?post=437099"},{"taxonomy":"product_tag","embeddable":true,"href":"https:\/\/www.moskito.cz\/pl\/wp-json\/wp\/v2\/product_tag?post=437099"}],"curies":[{"name":"wp","href":"https:\/\/api.w.org\/{rel}","templated":true}]}}