{"id":437151,"date":"2023-11-15T16:12:09","date_gmt":"2023-11-15T15:12:09","guid":{"rendered":"https:\/\/www.moskito.cz\/produkt\/noz-wyrzutowy-microtech-borka-stitch-apocalyptic-169-10apnc\/"},"modified":"2026-02-13T16:18:23","modified_gmt":"2026-02-13T15:18:23","slug":"noz-wyrzutowy-microtech-borka-stitch-apocalyptic-169-10apnc","status":"publish","type":"product","link":"https:\/\/www.moskito.cz\/pl\/produkt\/noz-wyrzutowy-microtech-borka-stitch-apocalyptic-169-10apnc\/","title":{"rendered":"N\u00f3\u017c wyrzutowy Microtech\/Borka Stitch Apocalyptic 169-10APNC"},"content":{"rendered":"<h1 data-start=\"0\" data-end=\"91\"><strong data-start=\"2\" data-end=\"91\">Microtech\/Borka STITCH\u00ae Apocalyptic OTF 169-10APNC &#8211; Natural Clear \/ Apocalyptic M390<\/strong><\/h1>\n<p data-start=\"93\" data-end=\"491\">Gdy tylko we\u017amiesz do r\u0119ki n\u00f3\u017c <strong data-start=\"116\" data-end=\"205\">Microtech\/Borka STITCH\u00ae Apocalyptic OTF 169-10APNC &#8211; Natural Clear \/ Apocalyptic M390<\/strong>, od razu poczujesz po\u0142\u0105czenie technicznej precyzji, surowej estetyki i mocnego taktycznego charakteru. Model ten, b\u0119d\u0105cy owocem wsp\u00f3\u0142pracy firm <strong data-start=\"343\" data-end=\"356\">Microtech<\/strong> i <strong data-start=\"381\" data-end=\"397\">Borka Blades<\/strong>, zapewnia solidne wykonanie, charakterystyczny wygl\u0105d i najwy\u017csz\u0105 wszechstronno\u015b\u0107 w zastosowaniach EDC i taktycznych. <\/p>\n<p data-start=\"493\" data-end=\"591\">Zaprojektowany przez Anthony&#8217;ego (Tony) Marfiona we wsp\u00f3\u0142pracy z Borka Blades i w 100% wyprodukowany i zmontowany w USA.<\/p>\n<hr data-start=\"593\" data-end=\"596\">\n<h2 data-start=\"598\" data-end=\"625\">\ud83d\udd25 Charakter i filozofia<\/h2>\n<p data-start=\"627\" data-end=\"935\">STITCH\u00ae Apocalyptic to interpretacja klasycznego no\u017ca OTF z naciskiem na moc, szybk\u0105 aktywacj\u0119 i agresywny styl wizualny. Boczny, wpuszczany suwak zapewnia naturalne podparcie kciuka i wygodn\u0105 kontrol\u0119 bez irytuj\u0105cego &#8222;po\u015blizgu&#8221;. Model ten \u0142\u0105czy w sobie praktyczno\u015b\u0107 no\u017ca taktycznego z artystycznym i surowym wygl\u0105dem.  <\/p>\n<p data-start=\"937\" data-end=\"1170\">Model ten dzia\u0142a w trybie D\/A (Double Action) &#8211; ostrze wysuwane i chowane jest jednym ruchem kciuka. Mechanizm ten jest niezwykle szybki, ale jednocze\u015bnie wymaga kontrolowanego nacisku w celu pokonania oporu spr\u0119\u017cyny, co zwi\u0119ksza bezpiecze\u0144stwo podczas obs\u0142ugi. <\/p>\n<p data-start=\"1172\" data-end=\"1283\">Ca\u0142kowita d\u0142ugo\u015b\u0107 wynosz\u0105ca oko\u0142o 226 mm sprawia, \u017ce jest to pe\u0142nowymiarowe narz\u0119dzie taktyczne, kt\u00f3re mo\u017cna nosi\u0107 jako EDC.<\/p>\n<hr data-start=\"1285\" data-end=\"1288\">\n<h2 data-start=\"1290\" data-end=\"1305\">\ud83c\udfed O producencie<\/h2>\n<p data-start=\"1307\" data-end=\"1425\"><strong data-start=\"1307\" data-end=\"1348\"><span class=\"hover:entity-accent entity-underline inline cursor-pointer align-baseline\"><span class=\"whitespace-normal\">No\u017ce Microtech<\/span><\/span><\/strong> i <strong data-start=\"1351\" data-end=\"1367\">Borka Blades<\/strong> to legendy w dziedzinie sztuki i projektowania no\u017cy.<\/p>\n<p data-start=\"1427\" data-end=\"1523\">Microtech Knives to marka z ponad 30-letni\u0105 tradycj\u0105 w produkcji no\u017cy automatycznych, znana z:<\/p>\n<ul data-start=\"1525\" data-end=\"1677\">\n<li data-start=\"1525\" data-end=\"1550\">\n<p data-start=\"1527\" data-end=\"1550\">Precyzyjna obr\u00f3bka CNC<\/p>\n<\/li>\n<li data-start=\"1551\" data-end=\"1582\">\n<p data-start=\"1553\" data-end=\"1582\">Opatentowane zapi\u0119cia<\/p>\n<\/li>\n<li data-start=\"1583\" data-end=\"1616\">\n<p data-start=\"1585\" data-end=\"1616\">Innowacyjne mechanizmy wewn\u0119trzne<\/p>\n<\/li>\n<li data-start=\"1617\" data-end=\"1646\">\n<p data-start=\"1619\" data-end=\"1646\">Zintegrowany wy\u0142\u0105cznik szyby<\/p>\n<\/li>\n<li data-start=\"1647\" data-end=\"1677\">\n<p data-start=\"1649\" data-end=\"1677\">Sta\u0142a kontrola jako\u015bci<\/p>\n<\/li>\n<\/ul>\n<p data-start=\"1679\" data-end=\"1761\">Borka Blades dodaje do projektu wyra\u017an\u0105 estetyczn\u0105 autentyczno\u015b\u0107 i unikaln\u0105 stylistyk\u0119.<\/p>\n<p data-start=\"1763\" data-end=\"1837\">Ka\u017cdy element jest produkowany i montowany w USA pod kierownictwem Anthony&#8217;ego Marfione.<\/p>\n<hr data-start=\"1839\" data-end=\"1842\">\n<h2 data-start=\"1844\" data-end=\"1890\">\ud83d\udde1\ufe0f Ostrze &#8211; W\u0142\u00f3cznia D\/E z apokaliptycznym wyko\u0144czeniem<\/h2>\n<p data-start=\"1892\" data-end=\"2125\">Ostrze D\/E (Double Edge) Spear jest symetrycznie szlifowane po obu stronach z wyra\u017anym centralnym \u017cebrem dla zwi\u0119kszenia wytrzyma\u0142o\u015bci. Konstrukcja inspirowana jest klasycznymi sztyletami taktycznymi, \u0142\u0105cz\u0105c agresywn\u0105 geometri\u0119 z praktyczn\u0105 wszechstronno\u015bci\u0105. <\/p>\n<p data-start=\"2127\" data-end=\"2248\">Apokaliptyczne wyko\u0144czenie nadaje ostrzu solidny, &#8222;bitewny&#8221; wygl\u0105d, jednocze\u015bnie pomagaj\u0105c zamaskowa\u0107 drobne \u015blady u\u017cytkowania.<\/p>\n<p data-start=\"2250\" data-end=\"2281\">Wysoki p\u0142aski kr\u00f3j zapewnia:<\/p>\n<ul data-start=\"2283\" data-end=\"2352\">\n<li data-start=\"2283\" data-end=\"2311\">\n<p data-start=\"2285\" data-end=\"2311\">doskona\u0142e w\u0142a\u015bciwo\u015bci tn\u0105ce<\/p>\n<\/li>\n<li data-start=\"2312\" data-end=\"2334\">\n<p data-start=\"2314\" data-end=\"2334\">wysoka penetracja<\/p>\n<\/li>\n<li data-start=\"2335\" data-end=\"2352\">\n<p data-start=\"2337\" data-end=\"2352\">wytrzyma\u0142o\u015b\u0107 ko\u0144c\u00f3wki<\/p>\n<\/li>\n<\/ul>\n<hr data-start=\"2354\" data-end=\"2357\">\n<h2 data-start=\"2359\" data-end=\"2383\">Stal &#8211; B\u00f6hler M390<\/h2>\n<p data-start=\"2385\" data-end=\"2495\">Zastosowana stal <strong data-start=\"2398\" data-end=\"2439\"><span class=\"hover:entity-accent entity-underline inline cursor-pointer align-baseline\"><span class=\"whitespace-normal\">B\u00f6hler M390<\/span><\/span><\/strong> to najwy\u017cszej jako\u015bci sproszkowana martenzytyczna stal nierdzewna:<\/p>\n<ul data-start=\"2497\" data-end=\"2588\">\n<li data-start=\"2497\" data-end=\"2516\">\n<p data-start=\"2499\" data-end=\"2516\">oko\u0142o 20% chromu<\/p>\n<\/li>\n<li data-start=\"2517\" data-end=\"2537\">\n<p data-start=\"2519\" data-end=\"2537\">ok. 1,9 % w\u0119gla<\/p>\n<\/li>\n<li data-start=\"2538\" data-end=\"2556\">\n<p data-start=\"2540\" data-end=\"2556\">ok. 4% wanadu<\/p>\n<\/li>\n<li data-start=\"2557\" data-end=\"2588\">\n<p data-start=\"2559\" data-end=\"2588\">twardo\u015b\u0107 oko\u0142o 59-61 HRC<\/p>\n<\/li>\n<\/ul>\n<p data-start=\"2590\" data-end=\"2603\">Charakteryzuje si\u0119:<\/p>\n<ul data-start=\"2605\" data-end=\"2730\">\n<li data-start=\"2605\" data-end=\"2644\">\n<p data-start=\"2607\" data-end=\"2644\">ekstremalna odporno\u015b\u0107 na zu\u017cycie<\/p>\n<\/li>\n<li data-start=\"2645\" data-end=\"2674\">\n<p data-start=\"2647\" data-end=\"2674\">Wysoka odporno\u015b\u0107 na korozj\u0119<\/p>\n<\/li>\n<li data-start=\"2675\" data-end=\"2700\">\n<p data-start=\"2677\" data-end=\"2700\">D\u0142uga retencja ostrza<\/p>\n<\/li>\n<li data-start=\"2701\" data-end=\"2730\">\n<p data-start=\"2703\" data-end=\"2730\">minimalna konserwacja<\/p>\n<\/li>\n<\/ul>\n<p data-start=\"2732\" data-end=\"2790\">Jest to jedna z najbardziej szanowanych stali w nowoczesnej produkcji sztu\u0107c\u00f3w.<\/p>\n<hr data-start=\"2792\" data-end=\"2795\">\n<h2 data-start=\"2797\" data-end=\"2835\">Uchwyt &#8211; naturalne, przezroczyste aluminium<\/h2>\n<p data-start=\"2837\" data-end=\"2967\">Uchwyt jest wykonany z anodyzowanego aluminium 6061-T6 w kolorze Natural Clear Aluminum, co zapewnia czysty, techniczny i elegancki wygl\u0105d.<\/p>\n<ul data-start=\"2969\" data-end=\"3278\">\n<li data-start=\"2969\" data-end=\"3010\">\n<p data-start=\"2971\" data-end=\"3010\">Tekstura antypo\u015blizgowa 3D frezowana CNC<\/p>\n<\/li>\n<li data-start=\"3011\" data-end=\"3055\">\n<p data-start=\"3013\" data-end=\"3055\">Z\u0105bkowanie na g\u00f3rze i na dole uchwytu<\/p>\n<\/li>\n<li data-start=\"3056\" data-end=\"3107\">\n<p data-start=\"3058\" data-end=\"3107\">Wpuszczony suwak boczny dla naturalnej kontroli<\/p>\n<\/li>\n<li data-start=\"3108\" data-end=\"3138\">\n<p data-start=\"3110\" data-end=\"3138\">Smuk\u0142y profil odpowiedni do EDC<\/p>\n<\/li>\n<li data-start=\"3139\" data-end=\"3181\">\n<p data-start=\"3141\" data-end=\"3181\">G\u0142\u0119boki klips do przenoszenia (prawy\/lewy, tip-down)<\/p>\n<\/li>\n<li data-start=\"3182\" data-end=\"3230\">\n<p data-start=\"3184\" data-end=\"3230\">Klips z logo, numerem seryjnym i dat\u0105 produkcji<\/p>\n<\/li>\n<li data-start=\"3231\" data-end=\"3278\">\n<p data-start=\"3233\" data-end=\"3278\">T\u0142uczek do szk\u0142a z kulk\u0105 z w\u0119glika wolframu<\/p>\n<\/li>\n<\/ul>\n<hr data-start=\"3280\" data-end=\"3283\">\n<h2 data-start=\"3285\" data-end=\"3312\">\u2699\ufe0f Specyfikacja techniczna<\/h2>\n<div class=\"TyagGW_tableContainer\">\n<div class=\"group TyagGW_tableWrapper flex flex-col-reverse w-fit\" tabindex=\"-1\">\n<table class=\"w-fit min-w-(--thread-content-width)\" data-start=\"3314\" data-end=\"3964\">\n<thead data-start=\"3314\" data-end=\"3344\">\n<tr data-start=\"3314\" data-end=\"3344\">\n<th class=\"\" data-start=\"3314\" data-end=\"3329\" data-col-size=\"sm\"><strong data-start=\"3316\" data-end=\"3328\">Parametr<\/strong><\/th>\n<th class=\"\" data-start=\"3329\" data-end=\"3344\" data-col-size=\"sm\"><strong data-start=\"3331\" data-end=\"3342\">Warto\u015b\u0107<\/strong><\/th>\n<\/tr>\n<\/thead>\n<tbody data-start=\"3376\" data-end=\"3964\">\n<tr data-start=\"3376\" data-end=\"3411\">\n<td data-start=\"3376\" data-end=\"3384\" data-col-size=\"sm\">Model<\/td>\n<td data-start=\"3384\" data-end=\"3411\" data-col-size=\"sm\">STITCH\u00ae Apocalyptic OTF<\/td>\n<\/tr>\n<tr data-start=\"3412\" data-end=\"3445\">\n<td data-start=\"3412\" data-end=\"3431\" data-col-size=\"sm\">Numer produktu<\/td>\n<td data-start=\"3431\" data-end=\"3445\" data-col-size=\"sm\">169-10APNC<\/td>\n<\/tr>\n<tr data-start=\"3446\" data-end=\"3476\">\n<td data-start=\"3446\" data-end=\"3462\" data-col-size=\"sm\">Ca\u0142kowita d\u0142ugo\u015b\u0107<\/td>\n<td data-start=\"3462\" data-end=\"3476\" data-col-size=\"sm\">ok. 226 mm<\/td>\n<\/tr>\n<tr data-start=\"3477\" data-end=\"3505\">\n<td data-start=\"3477\" data-end=\"3492\" data-col-size=\"sm\">D\u0142ugo\u015b\u0107 ostrza<\/td>\n<td data-start=\"3492\" data-end=\"3505\" data-col-size=\"sm\">ok. 95 mm<\/td>\n<\/tr>\n<tr data-start=\"3506\" data-end=\"3538\">\n<td data-start=\"3506\" data-end=\"3524\" data-col-size=\"sm\">Grubo\u015b\u0107 ostrza<\/td>\n<td data-start=\"3524\" data-end=\"3538\" data-col-size=\"sm\">ok. 3,0 mm<\/td>\n<\/tr>\n<tr data-start=\"3539\" data-end=\"3570\">\n<td data-start=\"3539\" data-end=\"3556\" data-col-size=\"sm\">D\u0142ugo\u015b\u0107 uchwytu<\/td>\n<td data-start=\"3556\" data-end=\"3570\" data-col-size=\"sm\">ok. 131 mm<\/td>\n<\/tr>\n<tr data-start=\"3571\" data-end=\"3595\">\n<td data-start=\"3571\" data-end=\"3582\" data-col-size=\"sm\">Waga<\/td>\n<td data-start=\"3582\" data-end=\"3595\" data-col-size=\"sm\">ok. 135 g<\/td>\n<\/tr>\n<tr data-start=\"3596\" data-end=\"3629\">\n<td data-start=\"3596\" data-end=\"3614\" data-col-size=\"sm\">Materia\u0142 ostrza<\/td>\n<td data-start=\"3614\" data-end=\"3629\" data-col-size=\"sm\">B\u00f6hler M390<\/td>\n<\/tr>\n<tr data-start=\"3630\" data-end=\"3657\">\n<td data-start=\"3630\" data-end=\"3640\" data-col-size=\"sm\">Twardo\u015b\u0107<\/td>\n<td data-start=\"3640\" data-end=\"3657\" data-col-size=\"sm\">ok. 59-61 HRC<\/td>\n<\/tr>\n<tr data-start=\"3658\" data-end=\"3675\">\n<td data-start=\"3658\" data-end=\"3667\" data-col-size=\"sm\">Przycinanie<\/td>\n<td data-start=\"3667\" data-end=\"3675\" data-col-size=\"sm\">P\u0142aski<\/td>\n<\/tr>\n<tr data-start=\"3676\" data-end=\"3707\">\n<td data-start=\"3676\" data-end=\"3692\" data-col-size=\"sm\">Powierzchnia ostrza<\/td>\n<td data-start=\"3692\" data-end=\"3707\" data-col-size=\"sm\">Apokaliptyczny<\/td>\n<\/tr>\n<tr data-start=\"3708\" data-end=\"3746\">\n<td data-start=\"3708\" data-end=\"3728\" data-col-size=\"sm\">Materia\u0142 r\u0119koje\u015bci<\/td>\n<td data-start=\"3728\" data-end=\"3746\" data-col-size=\"sm\">Aluminium 6061-T6<\/td>\n<\/tr>\n<tr data-start=\"3747\" data-end=\"3781\">\n<td data-start=\"3747\" data-end=\"3764\" data-col-size=\"sm\">Kolor uchwytu<\/td>\n<td data-start=\"3764\" data-end=\"3781\" data-col-size=\"sm\">Naturalny przezroczysty<\/td>\n<\/tr>\n<tr data-start=\"3782\" data-end=\"3820\">\n<td data-start=\"3782\" data-end=\"3796\" data-col-size=\"sm\">Mechanizm<\/td>\n<td data-start=\"3796\" data-end=\"3820\" data-col-size=\"sm\">D\/A OTF &#8211; blokada suwaka<\/td>\n<\/tr>\n<tr data-start=\"3821\" data-end=\"3865\">\n<td data-start=\"3821\" data-end=\"3833\" data-col-size=\"sm\">Otwieranie<\/td>\n<td data-start=\"3833\" data-end=\"3865\" data-col-size=\"sm\">Automatyczne &#8211; suwak boczny<\/td>\n<\/tr>\n<tr data-start=\"3866\" data-end=\"3897\">\n<td data-start=\"3866\" data-end=\"3873\" data-col-size=\"sm\">Klips<\/td>\n<td data-start=\"3873\" data-end=\"3897\" data-col-size=\"sm\">Prawa\/lewa, ko\u0144c\u00f3wka w d\u00f3\u0142<\/td>\n<\/tr>\n<tr data-start=\"3898\" data-end=\"3942\">\n<td data-start=\"3898\" data-end=\"3907\" data-col-size=\"sm\">Projekt<\/td>\n<td data-start=\"3907\" data-end=\"3942\" data-col-size=\"sm\">Anthony Marfione &amp; Borka Blades<\/td>\n<\/tr>\n<tr data-start=\"3943\" data-end=\"3964\">\n<td data-start=\"3943\" data-end=\"3957\" data-col-size=\"sm\">Kraj pochodzenia<\/td>\n<td data-start=\"3957\" data-end=\"3964\" data-col-size=\"sm\">USA<\/td>\n<\/tr>\n<\/tbody>\n<\/table>\n<\/div>\n<\/div>\n<hr data-start=\"3966\" data-end=\"3969\">\n<h2 data-start=\"3971\" data-end=\"3989\">\u2705 G\u0142\u00f3wne korzy\u015bci<\/h2>\n<ul data-start=\"3991\" data-end=\"4263\">\n<li data-start=\"3991\" data-end=\"4030\">\n<p data-start=\"3993\" data-end=\"4030\">Niezwykle szybki mechanizm C\/A OTF<\/p>\n<\/li>\n<li data-start=\"4031\" data-end=\"4077\">\n<p data-start=\"4033\" data-end=\"4077\">Symetryczne ostrze D\/E o wysokiej penetracji<\/p>\n<\/li>\n<li data-start=\"4078\" data-end=\"4100\">\n<p data-start=\"4080\" data-end=\"4100\">Wysokiej jako\u015bci stal M390<\/p>\n<\/li>\n<li data-start=\"4101\" data-end=\"4150\">\n<p data-start=\"4103\" data-end=\"4150\">Apokaliptyczna powierzchnia maskuj\u0105ca \u015blady u\u017cytkowania<\/p>\n<\/li>\n<li data-start=\"4151\" data-end=\"4181\">\n<p data-start=\"4153\" data-end=\"4181\">Ergonomiczny suwak boczny<\/p>\n<\/li>\n<li data-start=\"4182\" data-end=\"4223\">\n<p data-start=\"4184\" data-end=\"4223\">Lekka, ale wytrzyma\u0142a aluminiowa konstrukcja<\/p>\n<\/li>\n<li data-start=\"4224\" data-end=\"4263\">\n<p data-start=\"4226\" data-end=\"4263\">Wsp\u00f3\u0142praca projektowa z Borka Blades<\/p>\n<\/li>\n<\/ul>\n<hr data-start=\"4265\" data-end=\"4268\">\n<h2 data-start=\"4270\" data-end=\"4289\">\u26a0\ufe0f Mo\u017cliwe ograniczenia<\/h2>\n<ul data-start=\"4291\" data-end=\"4469\">\n<li data-start=\"4291\" data-end=\"4351\">\n<p data-start=\"4293\" data-end=\"4351\">Podw\u00f3jne ostrza mog\u0105 nie by\u0107 idealne do wszystkich typowych zada\u0144<\/p>\n<\/li>\n<li data-start=\"4352\" data-end=\"4407\">\n<p data-start=\"4354\" data-end=\"4407\">Mechanizm automatyczny wymaga regularnej konserwacji<\/p>\n<\/li>\n<li data-start=\"4408\" data-end=\"4469\">\n<p data-start=\"4410\" data-end=\"4469\">Wy\u017csza kategoria cenowa odpowiadaj\u0105ca najwy\u017cszej jako\u015bci wykonania<\/p>\n<\/li>\n<\/ul>\n<hr data-start=\"4471\" data-end=\"4474\">\n<h2 data-start=\"4476\" data-end=\"4496\">\ud83d\udee0\ufe0f Konserwacja i piel\u0119gnacja<\/h2>\n<ul data-start=\"4498\" data-end=\"4865\">\n<li data-start=\"4498\" data-end=\"4568\">\n<p data-start=\"4500\" data-end=\"4568\">Wyczy\u015b\u0107 i wysusz ostrze po u\u017cyciu, aby zachowa\u0107 jego trwa\u0142o\u015b\u0107.<\/p>\n<\/li>\n<li data-start=\"4569\" data-end=\"4635\">\n<p data-start=\"4571\" data-end=\"4635\">Uchwyt nale\u017cy utrzymywa\u0107 w stanie suchym i czystym, zw\u0142aszcza po kontakcie z wilgoci\u0105.<\/p>\n<\/li>\n<li data-start=\"4636\" data-end=\"4696\">\n<p data-start=\"4638\" data-end=\"4696\">W celu d\u0142u\u017cszego przechowywania nale\u017cy lekko nasmarowa\u0107 ostrze olejem ochronnym<\/p>\n<\/li>\n<li data-start=\"4697\" data-end=\"4865\">\n<p data-start=\"4699\" data-end=\"4865\">Do ostrzenia no\u017cy polecamy ostrza\u0142k\u0119 Spyderco Tri-Angle Sharpmaker Complete Sharpening System 204MF &#8211; idealn\u0105 r\u00f3wnie\u017c do ostrzy g\u0142adkich. Kup na naszej stronie Moskito.cz <\/p>\n<\/li>\n<\/ul>\n<p data-start=\"4867\" data-end=\"4934\">Regularna piel\u0119gnacja zapewnia d\u0142ugotrwa\u0142\u0105 niezawodno\u015b\u0107 i maksymaln\u0105 wydajno\u015b\u0107.<\/p>\n<hr data-start=\"4936\" data-end=\"4939\">\n<h2 data-start=\"4941\" data-end=\"4961\">\ud83c\udfaf Polecane dla<\/h2>\n<ul data-start=\"4963\" data-end=\"5114\">\n<li data-start=\"4963\" data-end=\"4988\">\n<p data-start=\"4965\" data-end=\"4988\">Wymagaj\u0105cy u\u017cytkownicy EDC<\/p>\n<\/li>\n<li data-start=\"4989\" data-end=\"5023\">\n<p data-start=\"4991\" data-end=\"5023\">Profesjonalne zastosowanie taktyczne<\/p>\n<\/li>\n<li data-start=\"5024\" data-end=\"5065\">\n<p data-start=\"5026\" data-end=\"5065\">Kolekcjonerzy modeli premium Microtech<\/p>\n<\/li>\n<li data-start=\"5066\" data-end=\"5114\">\n<p data-start=\"5068\" data-end=\"5114\">Fani limitowanych kolaboracji projektowych<\/p>\n<\/li>\n<\/ul>\n<hr data-start=\"5116\" data-end=\"5119\">\n<h2 data-start=\"5121\" data-end=\"5145\">\u2b50 Ocena ko\u0144cowa<\/h2>\n<p data-start=\"5147\" data-end=\"5455\" data-is-last-node=\"\" data-is-only-node=\"\"><strong data-start=\"5147\" data-end=\"5201\">Microtech\/Borka STITCH\u00ae Apocalyptic OTF 169-10APNC<\/strong> \u0142\u0105czy w sobie nowoczesn\u0105 ergonomi\u0119, agresywne symetryczne ostrze i najwy\u017cszej jako\u015bci stal M390 z wizualnie uderzaj\u0105cym apokaliptycznym wygl\u0105dem i wzornictwem Borka Blades. Rezultatem jest zaawansowany technicznie, szybki i charakterystyczny n\u00f3\u017c OTF dla tych, kt\u00f3rzy chc\u0105 wydajno\u015bci i stylu bez kompromis\u00f3w \ud83d\udd2a\ud83d\udd25. <\/p>\n","protected":false},"excerpt":{"rendered":"<p><strong>Microtech\/Borka STITCH\u00ae Apocalyptic OTF 169-10APNC \u0142\u0105czy w sobie nowoczesn\u0105 ergonomi\u0119, agresywne symetryczne ostrze i najwy\u017cszej jako\u015bci stal M390 z wizualnie uderzaj\u0105cym apokaliptycznym wygl\u0105dem i wzornictwem Borka Blades. Rezultatem jest zaawansowany technicznie, szybki i charakterystyczny n\u00f3\u017c OTF dla tych, kt\u00f3rzy chc\u0105 wydajno\u015bci i stylu bez kompromis\u00f3w \ud83d\udd2a\ud83d\udd25. <\/strong><\/p>\n<p><strong>Darmowa wysy\u0142ka.<\/strong><\/p>\n","protected":false},"featured_media":437152,"comment_status":"open","ping_status":"closed","template":"","meta":[],"pwb-brand":[3279],"product_brand":[],"product_cat":[3344,3296],"product_tag":[3671],"class_list":{"0":"post-437151","1":"product","2":"type-product","3":"status-publish","4":"has-post-thumbnail","6":"pwb-brand-microtech-pl","7":"product_cat-noze-strzeleckie","8":"product_cat-noze-pl","9":"product_tag-b2b-pl","11":"first","12":"outofstock","13":"taxable","14":"shipping-taxable","15":"purchasable","16":"product-type-simple"},"brands":[{"id":3279,"name":"Microtech","slug":"microtech-pl"}],"_links":{"self":[{"href":"https:\/\/www.moskito.cz\/pl\/wp-json\/wp\/v2\/product\/437151","targetHints":{"allow":["GET"]}}],"collection":[{"href":"https:\/\/www.moskito.cz\/pl\/wp-json\/wp\/v2\/product"}],"about":[{"href":"https:\/\/www.moskito.cz\/pl\/wp-json\/wp\/v2\/types\/product"}],"replies":[{"embeddable":true,"href":"https:\/\/www.moskito.cz\/pl\/wp-json\/wp\/v2\/comments?post=437151"}],"wp:featuredmedia":[{"embeddable":true,"href":"https:\/\/www.moskito.cz\/pl\/wp-json\/wp\/v2\/media\/437152"}],"wp:attachment":[{"href":"https:\/\/www.moskito.cz\/pl\/wp-json\/wp\/v2\/media?parent=437151"}],"wp:term":[{"taxonomy":"pwb-brand","embeddable":true,"href":"https:\/\/www.moskito.cz\/pl\/wp-json\/wp\/v2\/pwb-brand?post=437151"},{"taxonomy":"product_brand","embeddable":true,"href":"https:\/\/www.moskito.cz\/pl\/wp-json\/wp\/v2\/product_brand?post=437151"},{"taxonomy":"product_cat","embeddable":true,"href":"https:\/\/www.moskito.cz\/pl\/wp-json\/wp\/v2\/product_cat?post=437151"},{"taxonomy":"product_tag","embeddable":true,"href":"https:\/\/www.moskito.cz\/pl\/wp-json\/wp\/v2\/product_tag?post=437151"}],"curies":[{"name":"wp","href":"https:\/\/api.w.org\/{rel}","templated":true}]}}