{"id":437182,"date":"2026-02-13T15:41:15","date_gmt":"2026-02-13T14:41:15","guid":{"rendered":"https:\/\/www.moskito.cz\/produkt\/noz-microtech-169rl-1flgtta\/"},"modified":"2026-02-13T16:18:35","modified_gmt":"2026-02-13T15:18:35","slug":"noz-microtech-169rl-1flgtta","status":"publish","type":"product","link":"https:\/\/www.moskito.cz\/pl\/produkt\/noz-microtech-169rl-1flgtta\/","title":{"rendered":"N\u00f3\u017c Microtech 169RL-1FLGTTA"},"content":{"rendered":"<h1 data-start=\"0\" data-end=\"85\"><strong data-start=\"2\" data-end=\"85\">Microtech STITCH\u00ae 169RL-1FLGTTA &#8211; dwukolorowy czarny \/ M390MK (wz\u00f3r ostrzy Borka)<\/strong><\/h1>\n<p data-start=\"87\" data-end=\"427\">Gdy tylko we\u017amiesz do r\u0119ki <strong data-start=\"110\" data-end=\"177\"><span class=\"hover:entity-accent entity-underline inline cursor-pointer align-baseline\"><span class=\"whitespace-normal\">Microtech STITCH 169RL-1FLGTTA<\/span><\/span> &#8211; Two Tone Black \/ M390MK<\/strong>, od razu poczujesz po\u0142\u0105czenie precyzyjnej mechaniki i charakterystycznej stylistyki, kt\u00f3ra powsta\u0142a we wsp\u00f3\u0142pracy z renomowan\u0105 pracowni\u0105 sztu\u0107c\u00f3w <strong data-start=\"310\" data-end=\"326\">Borka Blades<\/strong>. Stitch w wersji z zamkni\u0119ciem przenosi moc legendarnego modelu do kompaktowego i niezawodnego formatu EDC. <\/p>\n<p data-start=\"429\" data-end=\"527\">Zaprojektowany przez Anthony&#8217;ego (Tony) Marfiona we wsp\u00f3\u0142pracy z Borka Blades i w 100% wyprodukowany i zmontowany w USA.<\/p>\n<hr data-start=\"529\" data-end=\"532\">\n<h2 data-start=\"534\" data-end=\"561\">\ud83d\udd25 Charakter i filozofia<\/h2>\n<p data-start=\"563\" data-end=\"831\">Microtech Stitch\u00ae w wersji zamykanej przeznaczony jest do codziennego u\u017cytku, ale z naciskiem na solidno\u015b\u0107, pewno\u015b\u0107 chwytu i szybk\u0105 obs\u0142ug\u0119. Design dwukolorowego korpusu wygl\u0105da technicznie i nowocze\u015bnie, a ergonomia i wywa\u017cenie no\u017ca zapewniaj\u0105 wygodny i pewny chwyt w d\u0142oni. <\/p>\n<p data-start=\"833\" data-end=\"1074\">Model ten dzia\u0142a w oparciu o niezawodn\u0105 blokad\u0119 <strong data-start=\"862\" data-end=\"876\">liner-lock<\/strong> z p\u0142ynnym otwarciem <strong data-start=\"911\" data-end=\"923\">flippera<\/strong>, co pozwala na roz\u0142o\u017cenie ostrza jednym p\u0142ynnym ruchem. Otwieranie jest szybkie i pewne, a blokada dok\u0142adnie zabezpiecza ostrze w pozycji roboczej. <\/p>\n<p data-start=\"1076\" data-end=\"1195\">Ca\u0142kowita d\u0142ugo\u015b\u0107 po wy\u0142\u0105czeniu sprawia, \u017ce jest to wygodne i praktyczne narz\u0119dzie EDC, kt\u00f3re mo\u017cna \u0142atwo nosi\u0107 w kieszeni i na pasku.<\/p>\n<hr data-start=\"1197\" data-end=\"1200\">\n<h2 data-start=\"1202\" data-end=\"1217\">\ud83c\udfed O producencie<\/h2>\n<p data-start=\"1219\" data-end=\"1399\"><strong data-start=\"1219\" data-end=\"1260\"><span class=\"hover:entity-accent entity-underline inline cursor-pointer align-baseline\"><span class=\"whitespace-normal\">Microtech Knives<\/span><\/span><\/strong> to ameryka\u0144ska marka z ponad 30-letni\u0105 histori\u0105 w produkcji wysokiej klasy no\u017cy, kt\u00f3ra jest synonimem innowacyjno\u015bci, jako\u015bci i precyzji wykonania.<\/p>\n<p data-start=\"1401\" data-end=\"1441\">Typowe cechy produkt\u00f3w Microtech to:<\/p>\n<ul data-start=\"1443\" data-end=\"1606\">\n<li data-start=\"1443\" data-end=\"1468\">\n<p data-start=\"1445\" data-end=\"1468\">Precyzyjna obr\u00f3bka CNC<\/p>\n<\/li>\n<li data-start=\"1469\" data-end=\"1502\">\n<p data-start=\"1471\" data-end=\"1502\">Opatentowane elementy konstrukcyjne<\/p>\n<\/li>\n<li data-start=\"1503\" data-end=\"1536\">\n<p data-start=\"1505\" data-end=\"1536\">Innowacyjne mechanizmy wewn\u0119trzne<\/p>\n<\/li>\n<li data-start=\"1537\" data-end=\"1566\">\n<p data-start=\"1539\" data-end=\"1566\">Sta\u0142a kontrola jako\u015bci<\/p>\n<\/li>\n<li data-start=\"1567\" data-end=\"1606\">\n<p data-start=\"1569\" data-end=\"1606\">Pe\u0142na produkcja i monta\u017c w USA<\/p>\n<\/li>\n<\/ul>\n<p data-start=\"1608\" data-end=\"1673\">Ka\u017cdy element jest produkowany i testowany pod kierownictwem Anthony&#8217;ego Marfione.<\/p>\n<hr data-start=\"1675\" data-end=\"1678\">\n<h2 data-start=\"1680\" data-end=\"1718\">\ud83d\udde1\ufe0f Blade &#8211; dwukolorowa czer\u0144 z M390MK<\/h2>\n<p data-start=\"1720\" data-end=\"2001\">Ostrze no\u017ca wykonane z wysokiej jako\u015bci stali nierdzewnej <strong data-start=\"1769\" data-end=\"1810\"><span class=\"hover:entity-accent entity-underline inline cursor-pointer align-baseline\"><span class=\"whitespace-normal\">B\u00f6hler M390MK<\/span><\/span><\/strong>kt\u00f3ra jest jedn\u0105 z najlepszych w produkcji nowoczesnych sztu\u0107c\u00f3w. Wyko\u0144czenie Two Tone nadaje ostrzu elegancki, a jednocze\u015bnie taktyczny wygl\u0105d &#8211; po\u0142\u0105czenie matowych i b\u0142yszcz\u0105cych powierzchni podkre\u015bla geometri\u0119 i szczeg\u00f3\u0142y ci\u0119cia. <\/p>\n<p data-start=\"2003\" data-end=\"2017\">Zalety ostrza:<\/p>\n<ul data-start=\"2019\" data-end=\"2135\">\n<li data-start=\"2019\" data-end=\"2043\">\n<p data-start=\"2021\" data-end=\"2043\">Wysoka retencja ostrza<\/p>\n<\/li>\n<li data-start=\"2044\" data-end=\"2081\">\n<p data-start=\"2046\" data-end=\"2081\">Doskona\u0142a odporno\u015b\u0107 na zu\u017cycie<\/p>\n<\/li>\n<li data-start=\"2082\" data-end=\"2113\">\n<p data-start=\"2084\" data-end=\"2113\">Doskona\u0142a odporno\u015b\u0107 na korozj\u0119<\/p>\n<\/li>\n<li data-start=\"2114\" data-end=\"2135\">\n<p data-start=\"2116\" data-end=\"2135\">\u0142atwa konserwacja<\/p>\n<\/li>\n<\/ul>\n<p data-start=\"2137\" data-end=\"2168\">Wysoki p\u0142aski kr\u00f3j zapewnia:<\/p>\n<ul data-start=\"2170\" data-end=\"2238\">\n<li data-start=\"2170\" data-end=\"2198\">\n<p data-start=\"2172\" data-end=\"2198\">doskona\u0142e w\u0142a\u015bciwo\u015bci tn\u0105ce<\/p>\n<\/li>\n<li data-start=\"2199\" data-end=\"2220\">\n<p data-start=\"2201\" data-end=\"2220\">Dobra odporno\u015b\u0107 na przebicie<\/p>\n<\/li>\n<li data-start=\"2221\" data-end=\"2238\">\n<p data-start=\"2223\" data-end=\"2238\">wytrzyma\u0142o\u015b\u0107 ko\u0144c\u00f3wki<\/p>\n<\/li>\n<\/ul>\n<hr data-start=\"2240\" data-end=\"2243\">\n<h2 data-start=\"2245\" data-end=\"2271\">Stal &#8211; B\u00f6hler M390MK<\/h2>\n<p data-start=\"2273\" data-end=\"2352\">Stal M390MK to ewolucja legendarnej stali proszkowej M390 o zmodyfikowanym sk\u0142adzie:<\/p>\n<ul data-start=\"2354\" data-end=\"2498\">\n<li data-start=\"2354\" data-end=\"2397\">\n<p data-start=\"2356\" data-end=\"2397\">wy\u017csza stabilno\u015b\u0107 podczas obr\u00f3bki cieplnej<\/p>\n<\/li>\n<li data-start=\"2398\" data-end=\"2430\">\n<p data-start=\"2400\" data-end=\"2430\">drobniejsza struktura materia\u0142u<\/p>\n<\/li>\n<li data-start=\"2431\" data-end=\"2498\">\n<p data-start=\"2433\" data-end=\"2498\">Nieco lepsza retencja ostrza przy zachowaniu odporno\u015bci na korozj\u0119<\/p>\n<\/li>\n<\/ul>\n<p data-start=\"2500\" data-end=\"2611\">Stal ta jest popularna w\u015br\u00f3d producent\u00f3w no\u017cy i wymagaj\u0105cych u\u017cytkownik\u00f3w ze wzgl\u0119du na po\u0142\u0105czenie twardo\u015bci, trwa\u0142o\u015bci i \u0142atwo\u015bci konserwacji.<\/p>\n<hr data-start=\"2613\" data-end=\"2616\">\n<h2 data-start=\"2618\" data-end=\"2678\">\ud83e\udde9 Uchwyt &#8211; dwukolorowe czarne aluminium z elementami Borka Design<\/h2>\n<p data-start=\"2680\" data-end=\"2823\">R\u0119koje\u015b\u0107 jest precyzyjnie obrabiana CNC z anodyzowanego aluminium z dwukolorowym czarnym wyko\u0144czeniem, kt\u00f3re jest technicznie i estetycznie wywa\u017cone.<\/p>\n<p data-start=\"2825\" data-end=\"2852\">G\u0142\u00f3wne cechy uchwytu:<\/p>\n<ul data-start=\"2854\" data-end=\"3097\">\n<li data-start=\"2854\" data-end=\"2891\">\n<p data-start=\"2856\" data-end=\"2891\">Frezowana tekstura antypo\u015blizgowa 3D<\/p>\n<\/li>\n<li data-start=\"2892\" data-end=\"2936\">\n<p data-start=\"2894\" data-end=\"2936\">Ergonomiczny kszta\u0142t zapewniaj\u0105cy pewny chwyt<\/p>\n<\/li>\n<li data-start=\"2937\" data-end=\"2975\">\n<p data-start=\"2939\" data-end=\"2975\">P\u0142etwa do szybkiego otwierania ostrza<\/p>\n<\/li>\n<li data-start=\"2976\" data-end=\"3021\">\n<p data-start=\"2978\" data-end=\"3021\">Stylowe elementy wzornictwa od <strong data-start=\"3005\" data-end=\"3021\">Borka Blades<\/strong><\/p>\n<\/li>\n<li data-start=\"3022\" data-end=\"3064\">\n<p data-start=\"3024\" data-end=\"3064\">G\u0142\u0119boki klips do przenoszenia (prawy\/lewy, tip-down)<\/p>\n<\/li>\n<li data-start=\"3065\" data-end=\"3097\">\n<p data-start=\"3067\" data-end=\"3097\">Numer seryjny i marka producenta<\/p>\n<\/li>\n<\/ul>\n<p data-start=\"3099\" data-end=\"3219\">Rezultatem jest solidny, ale elegancki uchwyt, kt\u00f3ry dopasowuje si\u0119 do d\u0142oni i zapewnia pewno\u015b\u0107 nawet przy wymagaj\u0105cym u\u017cytkowaniu.<\/p>\n<hr data-start=\"3221\" data-end=\"3224\">\n<h2 data-start=\"3226\" data-end=\"3253\">\u2699\ufe0f Specyfikacja techniczna<\/h2>\n<div class=\"TyagGW_tableContainer\">\n<div class=\"group TyagGW_tableWrapper flex flex-col-reverse w-fit\" tabindex=\"-1\">\n<table class=\"w-fit min-w-(--thread-content-width)\" data-start=\"3255\" data-end=\"3871\">\n<thead data-start=\"3255\" data-end=\"3285\">\n<tr data-start=\"3255\" data-end=\"3285\">\n<th class=\"\" data-start=\"3255\" data-end=\"3270\" data-col-size=\"sm\"><strong data-start=\"3257\" data-end=\"3269\">Parametr<\/strong><\/th>\n<th class=\"\" data-start=\"3270\" data-end=\"3285\" data-col-size=\"sm\"><strong data-start=\"3272\" data-end=\"3283\">Warto\u015b\u0107<\/strong><\/th>\n<\/tr>\n<\/thead>\n<tbody data-start=\"3317\" data-end=\"3871\">\n<tr data-start=\"3317\" data-end=\"3336\">\n<td data-start=\"3317\" data-end=\"3325\" data-col-size=\"sm\">Model<\/td>\n<td data-start=\"3325\" data-end=\"3336\" data-col-size=\"sm\">STITCH\u00ae<\/td>\n<\/tr>\n<tr data-start=\"3337\" data-end=\"3373\">\n<td data-start=\"3337\" data-end=\"3356\" data-col-size=\"sm\">Numer produktu<\/td>\n<td data-start=\"3356\" data-end=\"3373\" data-col-size=\"sm\">169RL-1FLGTTA<\/td>\n<\/tr>\n<tr data-start=\"3374\" data-end=\"3415\">\n<td data-start=\"3374\" data-end=\"3401\" data-col-size=\"sm\">Ca\u0142kowita d\u0142ugo\u015b\u0107 (otwarta)<\/td>\n<td data-start=\"3401\" data-end=\"3415\" data-col-size=\"sm\">ok. 217 mm<\/td>\n<\/tr>\n<tr data-start=\"3416\" data-end=\"3444\">\n<td data-start=\"3416\" data-end=\"3431\" data-col-size=\"sm\">D\u0142ugo\u015b\u0107 ostrza<\/td>\n<td data-start=\"3431\" data-end=\"3444\" data-col-size=\"sm\">ok. 93 mm<\/td>\n<\/tr>\n<tr data-start=\"3445\" data-end=\"3477\">\n<td data-start=\"3445\" data-end=\"3463\" data-col-size=\"sm\">Grubo\u015b\u0107 ostrza<\/td>\n<td data-start=\"3463\" data-end=\"3477\" data-col-size=\"sm\">ok. 3,0 mm<\/td>\n<\/tr>\n<tr data-start=\"3478\" data-end=\"3509\">\n<td data-start=\"3478\" data-end=\"3495\" data-col-size=\"sm\">D\u0142ugo\u015b\u0107 uchwytu<\/td>\n<td data-start=\"3495\" data-end=\"3509\" data-col-size=\"sm\">ok. 117 mm<\/td>\n<\/tr>\n<tr data-start=\"3510\" data-end=\"3534\">\n<td data-start=\"3510\" data-end=\"3521\" data-col-size=\"sm\">Waga<\/td>\n<td data-start=\"3521\" data-end=\"3534\" data-col-size=\"sm\">ok. 120 g<\/td>\n<\/tr>\n<tr data-start=\"3535\" data-end=\"3570\">\n<td data-start=\"3535\" data-end=\"3553\" data-col-size=\"sm\">Materia\u0142 ostrza<\/td>\n<td data-start=\"3553\" data-end=\"3570\" data-col-size=\"sm\">B\u00f6hler M390MK<\/td>\n<\/tr>\n<tr data-start=\"3571\" data-end=\"3588\">\n<td data-start=\"3571\" data-end=\"3580\" data-col-size=\"sm\">Przycinanie<\/td>\n<td data-start=\"3580\" data-end=\"3588\" data-col-size=\"sm\">P\u0142aski<\/td>\n<\/tr>\n<tr data-start=\"3589\" data-end=\"3623\">\n<td data-start=\"3589\" data-end=\"3605\" data-col-size=\"sm\">Powierzchnia ostrza<\/td>\n<td data-start=\"3605\" data-end=\"3623\" data-col-size=\"sm\">Dwukolorowa czer\u0144<\/td>\n<\/tr>\n<tr data-start=\"3624\" data-end=\"3662\">\n<td data-start=\"3624\" data-end=\"3644\" data-col-size=\"sm\">Materia\u0142 r\u0119koje\u015bci<\/td>\n<td data-start=\"3644\" data-end=\"3662\" data-col-size=\"sm\">Aluminium 6061-T6<\/td>\n<\/tr>\n<tr data-start=\"3663\" data-end=\"3698\">\n<td data-start=\"3663\" data-end=\"3680\" data-col-size=\"sm\">Kolor uchwytu<\/td>\n<td data-start=\"3680\" data-end=\"3698\" data-col-size=\"sm\">Dwukolorowy czarny<\/td>\n<\/tr>\n<tr data-start=\"3699\" data-end=\"3737\">\n<td data-start=\"3699\" data-end=\"3713\" data-col-size=\"sm\">Mechanizm<\/td>\n<td data-start=\"3713\" data-end=\"3737\" data-col-size=\"sm\">Klapka \/ blokada wk\u0142adki<\/td>\n<\/tr>\n<tr data-start=\"3738\" data-end=\"3772\">\n<td data-start=\"3738\" data-end=\"3750\" data-col-size=\"sm\">Otwarcie<\/td>\n<td data-start=\"3750\" data-end=\"3772\" data-col-size=\"sm\">R\u0119czne &#8211; klapka<\/td>\n<\/tr>\n<tr data-start=\"3773\" data-end=\"3804\">\n<td data-start=\"3773\" data-end=\"3780\" data-col-size=\"sm\">Klips<\/td>\n<td data-start=\"3780\" data-end=\"3804\" data-col-size=\"sm\">Prawa\/lewa, ko\u0144c\u00f3wka w d\u00f3\u0142<\/td>\n<\/tr>\n<tr data-start=\"3805\" data-end=\"3849\">\n<td data-start=\"3805\" data-end=\"3814\" data-col-size=\"sm\">Projekt<\/td>\n<td data-start=\"3814\" data-end=\"3849\" data-col-size=\"sm\">Anthony Marfione &amp; Borka Blades<\/td>\n<\/tr>\n<tr data-start=\"3850\" data-end=\"3871\">\n<td data-start=\"3850\" data-end=\"3864\" data-col-size=\"sm\">Kraj pochodzenia<\/td>\n<td data-start=\"3864\" data-end=\"3871\" data-col-size=\"sm\">USA<\/td>\n<\/tr>\n<\/tbody>\n<\/table>\n<\/div>\n<\/div>\n<hr data-start=\"3873\" data-end=\"3876\">\n<h2 data-start=\"3878\" data-end=\"3896\">\u2705 G\u0142\u00f3wne korzy\u015bci<\/h2>\n<ul data-start=\"3898\" data-end=\"4141\">\n<li data-start=\"3898\" data-end=\"3949\">\n<p data-start=\"3900\" data-end=\"3949\">Wysokiej jako\u015bci stal M390MK o doskona\u0142ej retencji ostrza<\/p>\n<\/li>\n<li data-start=\"3950\" data-end=\"3985\">\n<p data-start=\"3952\" data-end=\"3985\">Elegancki dwukolorowy czarny design<\/p>\n<\/li>\n<li data-start=\"3986\" data-end=\"4029\">\n<p data-start=\"3988\" data-end=\"4029\">Szybkie i niezawodne otwieranie klapki<\/p>\n<\/li>\n<li data-start=\"4030\" data-end=\"4061\">\n<p data-start=\"4032\" data-end=\"4061\">Ergonomiczny i wytrzyma\u0142y uchwyt<\/p>\n<\/li>\n<li data-start=\"4062\" data-end=\"4101\">\n<p data-start=\"4064\" data-end=\"4101\">G\u0142\u0119boki klips zapewniaj\u0105cy wygodne dopasowanie<\/p>\n<\/li>\n<li data-start=\"4102\" data-end=\"4141\">\n<p data-start=\"4104\" data-end=\"4141\">Wsp\u00f3\u0142praca projektowa z Borka Blades<\/p>\n<\/li>\n<\/ul>\n<hr data-start=\"4143\" data-end=\"4146\">\n<h2 data-start=\"4148\" data-end=\"4167\">\u26a0\ufe0f Mo\u017cliwe ograniczenia<\/h2>\n<ul data-start=\"4169\" data-end=\"4380\">\n<li data-start=\"4169\" data-end=\"4257\">\n<p data-start=\"4171\" data-end=\"4257\">R\u0119czne otwieranie mo\u017ce nie odpowiada\u0107 wszystkim u\u017cytkownikom wymagaj\u0105cym automatycznego uruchamiania.<\/p>\n<\/li>\n<li data-start=\"4258\" data-end=\"4328\">\n<p data-start=\"4260\" data-end=\"4328\">Wy\u017csza kategoria cenowa odpowiadaj\u0105ca materia\u0142om i wzornictwu premium<\/p>\n<\/li>\n<li data-start=\"4329\" data-end=\"4380\">\n<p data-start=\"4331\" data-end=\"4380\">Solidna konstrukcja mo\u017ce by\u0107 bardziej widoczna w kieszeni<\/p>\n<\/li>\n<\/ul>\n<hr data-start=\"4382\" data-end=\"4385\">\n<h2 data-start=\"4387\" data-end=\"4407\">\ud83d\udee0\ufe0f Konserwacja i piel\u0119gnacja<\/h2>\n<ul data-start=\"4409\" data-end=\"4840\">\n<li data-start=\"4409\" data-end=\"4479\">\n<p data-start=\"4411\" data-end=\"4479\">Wyczy\u015b\u0107 i wysusz ostrze po u\u017cyciu, aby zachowa\u0107 jego trwa\u0142o\u015b\u0107.<\/p>\n<\/li>\n<li data-start=\"4480\" data-end=\"4546\">\n<p data-start=\"4482\" data-end=\"4546\">Uchwyt nale\u017cy utrzymywa\u0107 w stanie suchym i czystym, zw\u0142aszcza po kontakcie z wilgoci\u0105.<\/p>\n<\/li>\n<li data-start=\"4547\" data-end=\"4607\">\n<p data-start=\"4549\" data-end=\"4607\">W celu d\u0142u\u017cszego przechowywania nale\u017cy lekko nasmarowa\u0107 ostrze olejem ochronnym<\/p>\n<\/li>\n<li data-start=\"4608\" data-end=\"4669\">\n<p data-start=\"4610\" data-end=\"4669\">Regularnie sprawdzaj zamek i w razie potrzeby czy\u015b\u0107 go z brudu.<\/p>\n<\/li>\n<li data-start=\"4670\" data-end=\"4840\">\n<p data-start=\"4672\" data-end=\"4840\">Do ostrzenia ostrza zalecamy <strong data-start=\"4703\" data-end=\"4769\">Spyderco Tri-Angle Sharpmaker Complete Sharpening System 204MF<\/strong> &#8211; idealny do g\u0142adkich ostrzy. Kup na naszej stronie Moskito.cz <\/p>\n<\/li>\n<\/ul>\n<p data-start=\"4842\" data-end=\"4909\">Regularna piel\u0119gnacja zapewnia d\u0142ugotrwa\u0142\u0105 niezawodno\u015b\u0107 i maksymaln\u0105 wydajno\u015b\u0107.<\/p>\n<hr data-start=\"4911\" data-end=\"4914\">\n<h2 data-start=\"4916\" data-end=\"4936\">\ud83c\udfaf Polecane dla<\/h2>\n<ul data-start=\"4938\" data-end=\"5082\">\n<li data-start=\"4938\" data-end=\"4963\">\n<p data-start=\"4940\" data-end=\"4963\">Wymagaj\u0105cy u\u017cytkownicy EDC<\/p>\n<\/li>\n<li data-start=\"4964\" data-end=\"4993\">\n<p data-start=\"4966\" data-end=\"4993\">Kolekcjonerzy no\u017cy premium<\/p>\n<\/li>\n<li data-start=\"4994\" data-end=\"5029\">\n<p data-start=\"4996\" data-end=\"5029\">Fani wsp\u00f3\u0142pracy projektowej<\/p>\n<\/li>\n<li data-start=\"5030\" data-end=\"5082\">\n<p data-start=\"5032\" data-end=\"5082\">U\u017cytkownicy wymagaj\u0105cy najwy\u017cszej jako\u015bci stali i konstrukcji<\/p>\n<\/li>\n<\/ul>\n<hr data-start=\"5084\" data-end=\"5087\">\n<h2 data-start=\"5089\" data-end=\"5113\">\u2b50 Ocena ko\u0144cowa<\/h2>\n<p data-start=\"5115\" data-end=\"5415\" data-is-last-node=\"\" data-is-only-node=\"\"><strong data-start=\"5115\" data-end=\"5150\">Microtech STITCH\u00ae 169RL-1FLGTTA<\/strong> stanowi wyj\u0105tkowe po\u0142\u0105czenie wzornictwa, materia\u0142\u00f3w i precyzji in\u017cynieryjnej. Dzi\u0119ki najwy\u017cszej jako\u015bci stali M390MK, wsp\u00f3\u0142pracy z Borka Blades i solidnej ergonomii, jest to stylowy i wysoce funkcjonalny n\u00f3\u017c do zamykania dla tych, kt\u00f3rzy chc\u0105 wydajno\u015bci, estetyki i jako\u015bci bez kompromis\u00f3w \ud83d\udd2a\ud83d\udd25 <\/p>\n","protected":false},"excerpt":{"rendered":"<p><strong>Microtech STITCH\u00ae 169RL-1FLGTTA stanowi wyj\u0105tkowe po\u0142\u0105czenie wzornictwa, materia\u0142\u00f3w i precyzji in\u017cynieryjnej. Dzi\u0119ki najwy\u017cszej jako\u015bci stali M390MK, wsp\u00f3\u0142pracy z Borka Blades i solidnej ergonomii, jest to stylowy i wysoce funkcjonalny n\u00f3\u017c do zamykania dla tych, kt\u00f3rzy chc\u0105 wydajno\u015bci, estetyki i jako\u015bci bez kompromis\u00f3w \ud83d\udd2a\ud83d\udd25 <\/strong><\/p>\n<p><strong>Darmowa wysy\u0142ka.<\/strong><\/p>\n","protected":false},"featured_media":437044,"comment_status":"open","ping_status":"closed","template":"","meta":[],"pwb-brand":[3279],"product_brand":[],"product_cat":[3307,3296],"product_tag":[],"class_list":{"0":"post-437182","1":"product","2":"type-product","3":"status-publish","4":"has-post-thumbnail","6":"pwb-brand-microtech-pl","7":"product_cat-zamykanie-nozy","8":"product_cat-noze-pl","10":"first","11":"instock","12":"taxable","13":"shipping-taxable","14":"purchasable","15":"product-type-simple"},"brands":[{"id":3279,"name":"Microtech","slug":"microtech-pl"}],"_links":{"self":[{"href":"https:\/\/www.moskito.cz\/pl\/wp-json\/wp\/v2\/product\/437182","targetHints":{"allow":["GET"]}}],"collection":[{"href":"https:\/\/www.moskito.cz\/pl\/wp-json\/wp\/v2\/product"}],"about":[{"href":"https:\/\/www.moskito.cz\/pl\/wp-json\/wp\/v2\/types\/product"}],"replies":[{"embeddable":true,"href":"https:\/\/www.moskito.cz\/pl\/wp-json\/wp\/v2\/comments?post=437182"}],"wp:featuredmedia":[{"embeddable":true,"href":"https:\/\/www.moskito.cz\/pl\/wp-json\/wp\/v2\/media\/437044"}],"wp:attachment":[{"href":"https:\/\/www.moskito.cz\/pl\/wp-json\/wp\/v2\/media?parent=437182"}],"wp:term":[{"taxonomy":"pwb-brand","embeddable":true,"href":"https:\/\/www.moskito.cz\/pl\/wp-json\/wp\/v2\/pwb-brand?post=437182"},{"taxonomy":"product_brand","embeddable":true,"href":"https:\/\/www.moskito.cz\/pl\/wp-json\/wp\/v2\/product_brand?post=437182"},{"taxonomy":"product_cat","embeddable":true,"href":"https:\/\/www.moskito.cz\/pl\/wp-json\/wp\/v2\/product_cat?post=437182"},{"taxonomy":"product_tag","embeddable":true,"href":"https:\/\/www.moskito.cz\/pl\/wp-json\/wp\/v2\/product_tag?post=437182"}],"curies":[{"name":"wp","href":"https:\/\/api.w.org\/{rel}","templated":true}]}}