{"id":437191,"date":"2026-02-13T16:19:09","date_gmt":"2026-02-13T15:19:09","guid":{"rendered":"https:\/\/www.moskito.cz\/produkt\/noz-wyrzutowy-microtech-glykon-185-1nc\/"},"modified":"2026-02-14T09:55:20","modified_gmt":"2026-02-14T08:55:20","slug":"noz-wyrzutowy-microtech-glykon-185-1nc","status":"publish","type":"product","link":"https:\/\/www.moskito.cz\/pl\/produkt\/noz-wyrzutowy-microtech-glykon-185-1nc\/","title":{"rendered":"N\u00f3\u017c wyrzutowy Microtech Glykon 185-1NC"},"content":{"rendered":"<h1 data-start=\"263\" data-end=\"331\"><strong data-start=\"265\" data-end=\"331\">Microtech Glykon T\/E OTF 185-1NC &#8211; naturalny przezroczysty \/ czarny grot<\/strong><\/h1>\n<p data-start=\"333\" data-end=\"685\">Gdy tylko we\u017amiesz do r\u0119ki n\u00f3\u017c <strong data-start=\"356\" data-end=\"422\">Microtech Glykon T\/E OTF 185-1NC &#8211; Natural Clear \/ Black Blade<\/strong>, od razu poczujesz po\u0142\u0105czenie precyzyjnej mechaniki i solidnej estetyki. Model ten jest unikaln\u0105 wersj\u0105 legendarnego no\u017ca Glykon OTF, charakteryzuj\u0105c\u0105 si\u0119 techniczn\u0105 konstrukcj\u0105 i atrakcyjnymi kontrastami mi\u0119dzy czarnym ostrzem a naturaln\u0105 anodyzowan\u0105 r\u0119koje\u015bci\u0105. <\/p>\n<p data-start=\"687\" data-end=\"762\">Zaprojektowany przez Anthony&#8217;ego (Tony) Marfiona i w 100% wyprodukowany i zmontowany w USA \ud83c\uddfa\ud83c\uddf8.<\/p>\n<hr data-start=\"764\" data-end=\"767\">\n<h2 data-start=\"769\" data-end=\"796\">\ud83d\udd25 Charakter i filozofia<\/h2>\n<p data-start=\"798\" data-end=\"1059\">Glykon to interpretacja taktycznego no\u017ca OTF skoncentrowana na wszechstronnej funkcjonalno\u015bci, agresywnym designie i intuicyjnej obs\u0142udze. Zamontowany z boku, zag\u0142\u0119biony suwak zapewnia naturalne podparcie dla kciuka i wygodn\u0105 obs\u0142ug\u0119 &#8211; niezale\u017cnie od tego, czy wykonujesz szybkie otwarcie, czy kontrolowane wycofanie. <\/p>\n<p data-start=\"1061\" data-end=\"1275\">Model dzia\u0142a w trybie <strong data-start=\"1084\" data-end=\"1107\">D\/A (Double Action)<\/strong> &#8211; ostrze wysuwa si\u0119 i chowa jednym ruchem kciuka. Mechanizm jest dynamiczny i szybki, a jednocze\u015bnie zapewnia bezpiecze\u0144stwo dzi\u0119ki spr\u0119\u017cynowemu oporowi, kt\u00f3ry wymaga kontrolowanego nacisku. <\/p>\n<p data-start=\"1277\" data-end=\"1382\">Ca\u0142kowita d\u0142ugo\u015b\u0107 sprawia, \u017ce jest to narz\u0119dzie pe\u0142ne taktycznego potencja\u0142u, kt\u00f3re nadal dobrze nadaje si\u0119 do noszenia jako EDC.<\/p>\n<hr data-start=\"1384\" data-end=\"1387\">\n<h2 data-start=\"1389\" data-end=\"1404\">\ud83c\udfed O producencie<\/h2>\n<p data-start=\"1406\" data-end=\"1564\"><strong data-start=\"1406\" data-end=\"1447\"><span class=\"hover:entity-accent entity-underline inline cursor-pointer align-baseline\"><span class=\"whitespace-normal\">Microtech Knives<\/span><\/span><\/strong> to ameryka\u0144ska marka z ponad 30-letni\u0105 tradycj\u0105 w produkcji wysokiej klasy no\u017cy automatycznych i OTF. Typowe cechy to: <\/p>\n<ul data-start=\"1566\" data-end=\"1717\">\n<li data-start=\"1566\" data-end=\"1591\">\n<p data-start=\"1568\" data-end=\"1591\">Precyzyjna obr\u00f3bka CNC<\/p>\n<\/li>\n<li data-start=\"1592\" data-end=\"1623\">\n<p data-start=\"1594\" data-end=\"1623\">Opatentowane zapi\u0119cia<\/p>\n<\/li>\n<li data-start=\"1624\" data-end=\"1657\">\n<p data-start=\"1626\" data-end=\"1657\">Innowacyjne mechanizmy wewn\u0119trzne<\/p>\n<\/li>\n<li data-start=\"1658\" data-end=\"1687\">\n<p data-start=\"1660\" data-end=\"1687\">Zintegrowany wy\u0142\u0105cznik szyby<\/p>\n<\/li>\n<li data-start=\"1688\" data-end=\"1717\">\n<p data-start=\"1690\" data-end=\"1717\">Sta\u0142a kontrola jako\u015bci<\/p>\n<\/li>\n<\/ul>\n<p data-start=\"1719\" data-end=\"1793\">Ka\u017cdy element jest produkowany i montowany w USA pod kierownictwem Anthony&#8217;ego Marfione.<\/p>\n<hr data-start=\"1795\" data-end=\"1798\">\n<h2 data-start=\"1800\" data-end=\"1843\">\ud83d\udde1\ufe0f Ostrze &#8211; T\/E (Tanto\/Edge) Czarne ostrze<\/h2>\n<p data-start=\"1845\" data-end=\"2003\">Ostrze <strong data-start=\"1856\" data-end=\"1876\">T\/E (Tanto Edge)<\/strong> \u0142\u0105czy w sobie ostry czubek i proste ci\u0119cie dla maksymalnej penetracji i wytrzyma\u0142o\u015bci kraw\u0119dzi, kt\u00f3re s\u0105 charakterystyczne dla tego stylu no\u017ca.<\/p>\n<p data-start=\"2005\" data-end=\"2174\"><strong data-start=\"2022\" data-end=\"2037\">Czarne<\/strong> wyko\u0144czenie <strong data-start=\"2022\" data-end=\"2037\">ostrza<\/strong> zmniejsza odblaski i dodaje no\u017cowi taktycznego charakteru. Ten typ ostrza doskonale sprawdza si\u0119 w zadaniach, w kt\u00f3rych wymagana jest si\u0142a, penetracja i proste ci\u0119cie. <\/p>\n<p data-start=\"2176\" data-end=\"2207\">Wysoki p\u0142aski kr\u00f3j zapewnia:<\/p>\n<ul data-start=\"2209\" data-end=\"2276\">\n<li data-start=\"2209\" data-end=\"2237\">\n<p data-start=\"2211\" data-end=\"2237\">doskona\u0142e w\u0142a\u015bciwo\u015bci tn\u0105ce<\/p>\n<\/li>\n<li data-start=\"2238\" data-end=\"2260\">\n<p data-start=\"2240\" data-end=\"2260\">wysoka penetracja<\/p>\n<\/li>\n<li data-start=\"2261\" data-end=\"2276\">\n<p data-start=\"2263\" data-end=\"2276\">wytrzyma\u0142o\u015b\u0107 ko\u0144c\u00f3wki<\/p>\n<\/li>\n<\/ul>\n<hr data-start=\"2278\" data-end=\"2281\">\n<h2 data-start=\"2283\" data-end=\"2318\">Stal &#8211; stal nierdzewna klasy premium<\/h2>\n<p data-start=\"2320\" data-end=\"2619\">Stal u\u017cyta w no\u017cu Glykon nale\u017cy do segmentu premium stali no\u017cowych &#8211; charakteryzuje si\u0119 wysok\u0105 odporno\u015bci\u0105 na zu\u017cycie i korozj\u0119, d\u0142ug\u0105 \u017cywotno\u015bci\u0105 ostrza i niskimi wymaganiami konserwacyjnymi. W\u0142a\u015bciwo\u015bci te s\u0105 typowe dla nowoczesnych stali proszkowych stosowanych w no\u017cach Microtech klasy premium. <\/p>\n<hr data-start=\"2621\" data-end=\"2624\">\n<h2 data-start=\"2626\" data-end=\"2664\">Uchwyt &#8211; naturalne, przezroczyste aluminium<\/h2>\n<p data-start=\"2666\" data-end=\"2796\">Uchwyt jest wykonany z anodyzowanego aluminium 6061-T6 w kolorze Natural Clear Aluminum, co zapewnia czysty, techniczny i elegancki wygl\u0105d.<\/p>\n<ul data-start=\"2798\" data-end=\"3105\">\n<li data-start=\"2798\" data-end=\"2839\">\n<p data-start=\"2800\" data-end=\"2839\">Tekstura antypo\u015blizgowa 3D frezowana CNC<\/p>\n<\/li>\n<li data-start=\"2840\" data-end=\"2884\">\n<p data-start=\"2842\" data-end=\"2884\">Z\u0105bkowanie na g\u00f3rze i na dole uchwytu<\/p>\n<\/li>\n<li data-start=\"2885\" data-end=\"2936\">\n<p data-start=\"2887\" data-end=\"2936\">Wpuszczony suwak boczny dla naturalnej kontroli<\/p>\n<\/li>\n<li data-start=\"2937\" data-end=\"2967\">\n<p data-start=\"2939\" data-end=\"2967\">Smuk\u0142y profil odpowiedni do EDC<\/p>\n<\/li>\n<li data-start=\"2968\" data-end=\"3010\">\n<p data-start=\"2970\" data-end=\"3010\">G\u0142\u0119boki klips do przenoszenia (prawy\/lewy, tip-down)<\/p>\n<\/li>\n<li data-start=\"3011\" data-end=\"3059\">\n<p data-start=\"3013\" data-end=\"3059\">Klips z logo, numerem seryjnym i dat\u0105 produkcji<\/p>\n<\/li>\n<li data-start=\"3060\" data-end=\"3105\">\n<p data-start=\"3062\" data-end=\"3105\">T\u0142uczek do szk\u0142a z kulk\u0105 z w\u0119glika wolframu<\/p>\n<\/li>\n<\/ul>\n<p data-start=\"3107\" data-end=\"3230\">Powierzchnia Natural Clear lepiej maskuje tak\u017ce drobne otarcia powsta\u0142e podczas codziennego u\u017cytkowania.<\/p>\n<hr data-start=\"3232\" data-end=\"3235\">\n<h2 data-start=\"3237\" data-end=\"3264\">\u2699\ufe0f Specyfikacja techniczna<\/h2>\n<blockquote data-start=\"3266\" data-end=\"3340\">\n<p data-start=\"3268\" data-end=\"3340\"><em data-start=\"3268\" data-end=\"3340\">Uwaga: Warto\u015bci s\u0105 przybli\u017cone i mog\u0105 si\u0119 r\u00f3\u017cni\u0107 w zale\u017cno\u015bci od serii.<\/em><\/p>\n<\/blockquote>\n<div class=\"TyagGW_tableContainer\">\n<div class=\"group TyagGW_tableWrapper flex flex-col-reverse w-fit\" tabindex=\"-1\">\n<table class=\"w-fit min-w-(--thread-content-width)\" data-start=\"3342\" data-end=\"3933\">\n<thead data-start=\"3342\" data-end=\"3372\">\n<tr data-start=\"3342\" data-end=\"3372\">\n<th class=\"\" data-start=\"3342\" data-end=\"3357\" data-col-size=\"sm\"><strong data-start=\"3344\" data-end=\"3356\">Parametr<\/strong><\/th>\n<th class=\"\" data-start=\"3357\" data-end=\"3372\" data-col-size=\"sm\"><strong data-start=\"3359\" data-end=\"3370\">Warto\u015b\u0107<\/strong><\/th>\n<\/tr>\n<\/thead>\n<tbody data-start=\"3404\" data-end=\"3933\">\n<tr data-start=\"3404\" data-end=\"3430\">\n<td data-start=\"3404\" data-end=\"3412\" data-col-size=\"sm\">Model<\/td>\n<td data-start=\"3412\" data-end=\"3430\" data-col-size=\"sm\">Glykon T\/E OTF<\/td>\n<\/tr>\n<tr data-start=\"3431\" data-end=\"3461\">\n<td data-start=\"3431\" data-end=\"3450\" data-col-size=\"sm\">Numer produktu<\/td>\n<td data-start=\"3450\" data-end=\"3461\" data-col-size=\"sm\">185-1NC<\/td>\n<\/tr>\n<tr data-start=\"3462\" data-end=\"3496\">\n<td data-start=\"3462\" data-end=\"3478\" data-col-size=\"sm\">Ca\u0142kowita d\u0142ugo\u015b\u0107<\/td>\n<td data-start=\"3478\" data-end=\"3496\" data-col-size=\"sm\">ok. 220-230 mm<\/td>\n<\/tr>\n<tr data-start=\"3497\" data-end=\"3528\">\n<td data-start=\"3497\" data-end=\"3512\" data-col-size=\"sm\">D\u0142ugo\u015b\u0107 ostrza<\/td>\n<td data-start=\"3512\" data-end=\"3528\" data-col-size=\"sm\">ok. 90-95 mm<\/td>\n<\/tr>\n<tr data-start=\"3529\" data-end=\"3565\">\n<td data-start=\"3529\" data-end=\"3547\" data-col-size=\"sm\">Grubo\u015b\u0107 ostrza<\/td>\n<td data-start=\"3547\" data-end=\"3565\" data-col-size=\"sm\">ok. 3,0-3,5 mm<\/td>\n<\/tr>\n<tr data-start=\"3566\" data-end=\"3601\">\n<td data-start=\"3566\" data-end=\"3583\" data-col-size=\"sm\">D\u0142ugo\u015b\u0107 uchwytu<\/td>\n<td data-start=\"3583\" data-end=\"3601\" data-col-size=\"sm\">ok. 130-135 mm<\/td>\n<\/tr>\n<tr data-start=\"3602\" data-end=\"3630\">\n<td data-start=\"3602\" data-end=\"3613\" data-col-size=\"sm\">Waga<\/td>\n<td data-start=\"3613\" data-end=\"3630\" data-col-size=\"sm\">ok. 130-140 g<\/td>\n<\/tr>\n<tr data-start=\"3631\" data-end=\"3663\">\n<td data-start=\"3631\" data-end=\"3643\" data-col-size=\"sm\">Typ ostrza<\/td>\n<td data-start=\"3643\" data-end=\"3663\" data-col-size=\"sm\">T\/E (Tanto Edge)<\/td>\n<\/tr>\n<tr data-start=\"3664\" data-end=\"3689\">\n<td data-start=\"3664\" data-end=\"3680\" data-col-size=\"sm\">Powierzchnia ostrza<\/td>\n<td data-start=\"3680\" data-end=\"3689\" data-col-size=\"sm\">Czarny<\/td>\n<\/tr>\n<tr data-start=\"3690\" data-end=\"3728\">\n<td data-start=\"3690\" data-end=\"3710\" data-col-size=\"sm\">Materia\u0142 r\u0119koje\u015bci<\/td>\n<td data-start=\"3710\" data-end=\"3728\" data-col-size=\"sm\">Aluminium 6061-T6<\/td>\n<\/tr>\n<tr data-start=\"3729\" data-end=\"3763\">\n<td data-start=\"3729\" data-end=\"3746\" data-col-size=\"sm\">Kolor uchwytu<\/td>\n<td data-start=\"3746\" data-end=\"3763\" data-col-size=\"sm\">Naturalny przezroczysty<\/td>\n<\/tr>\n<tr data-start=\"3764\" data-end=\"3802\">\n<td data-start=\"3764\" data-end=\"3778\" data-col-size=\"sm\">Mechanizm<\/td>\n<td data-start=\"3778\" data-end=\"3802\" data-col-size=\"sm\">D\/A OTF &#8211; blokada suwaka<\/td>\n<\/tr>\n<tr data-start=\"3803\" data-end=\"3847\">\n<td data-start=\"3803\" data-end=\"3815\" data-col-size=\"sm\">Otwieranie<\/td>\n<td data-start=\"3815\" data-end=\"3847\" data-col-size=\"sm\">Automatyczne &#8211; suwak boczny<\/td>\n<\/tr>\n<tr data-start=\"3848\" data-end=\"3879\">\n<td data-start=\"3848\" data-end=\"3855\" data-col-size=\"sm\">Klips<\/td>\n<td data-start=\"3855\" data-end=\"3879\" data-col-size=\"sm\">Prawa\/lewa, ko\u0144c\u00f3wka w d\u00f3\u0142<\/td>\n<\/tr>\n<tr data-start=\"3880\" data-end=\"3911\">\n<td data-start=\"3880\" data-end=\"3891\" data-col-size=\"sm\">Projektant<\/td>\n<td data-start=\"3891\" data-end=\"3911\" data-col-size=\"sm\">Anthony Marfione<\/td>\n<\/tr>\n<tr data-start=\"3912\" data-end=\"3933\">\n<td data-start=\"3912\" data-end=\"3926\" data-col-size=\"sm\">Kraj pochodzenia<\/td>\n<td data-start=\"3926\" data-end=\"3933\" data-col-size=\"sm\">USA<\/td>\n<\/tr>\n<\/tbody>\n<\/table>\n<\/div>\n<\/div>\n<hr data-start=\"3935\" data-end=\"3938\">\n<h2 data-start=\"3940\" data-end=\"3958\">\u2705 G\u0142\u00f3wne korzy\u015bci<\/h2>\n<ul data-start=\"3960\" data-end=\"4214\">\n<li data-start=\"3960\" data-end=\"3999\">\n<p data-start=\"3962\" data-end=\"3999\">Niezwykle szybki mechanizm C\/A OTF<\/p>\n<\/li>\n<li data-start=\"4000\" data-end=\"4041\">\n<p data-start=\"4002\" data-end=\"4041\">Ostrze T\/E tanto o wysokiej penetracji<\/p>\n<\/li>\n<li data-start=\"4042\" data-end=\"4093\">\n<p data-start=\"4044\" data-end=\"4093\">Najwy\u017cszej jako\u015bci stal nierdzewna o doskona\u0142ej retencji ostrza<\/p>\n<\/li>\n<li data-start=\"4094\" data-end=\"4141\">\n<p data-start=\"4096\" data-end=\"4141\">Czarna powierzchnia maskuj\u0105ca odblaski i zu\u017cycie<\/p>\n<\/li>\n<li data-start=\"4142\" data-end=\"4172\">\n<p data-start=\"4144\" data-end=\"4172\">Ergonomiczny suwak boczny<\/p>\n<\/li>\n<li data-start=\"4173\" data-end=\"4214\">\n<p data-start=\"4175\" data-end=\"4214\">Lekka, ale wytrzyma\u0142a aluminiowa konstrukcja<\/p>\n<\/li>\n<\/ul>\n<hr data-start=\"4216\" data-end=\"4219\">\n<h2 data-start=\"4221\" data-end=\"4240\">\u26a0\ufe0f Mo\u017cliwe ograniczenia<\/h2>\n<ul data-start=\"4242\" data-end=\"4408\">\n<li data-start=\"4242\" data-end=\"4297\">\n<p data-start=\"4244\" data-end=\"4297\">Mechanizm automatyczny wymaga regularnej konserwacji<\/p>\n<\/li>\n<li data-start=\"4298\" data-end=\"4359\">\n<p data-start=\"4300\" data-end=\"4359\">Wy\u017csza kategoria cenowa odpowiadaj\u0105ca najwy\u017cszej jako\u015bci wykonania<\/p>\n<\/li>\n<li data-start=\"4360\" data-end=\"4408\">\n<p data-start=\"4362\" data-end=\"4408\">Ma\u015blane ostrze nie jest idealne do drobnych, precyzyjnych ci\u0119\u0107<\/p>\n<\/li>\n<\/ul>\n<hr data-start=\"4410\" data-end=\"4413\">\n<h2 data-start=\"4415\" data-end=\"4435\">\ud83d\udee0\ufe0f Konserwacja i piel\u0119gnacja<\/h2>\n<ul data-start=\"4437\" data-end=\"4754\">\n<li data-start=\"4437\" data-end=\"4507\">\n<p data-start=\"4439\" data-end=\"4507\">Wyczy\u015b\u0107 i wysusz ostrze po u\u017cyciu, aby zachowa\u0107 jego trwa\u0142o\u015b\u0107.<\/p>\n<\/li>\n<li data-start=\"4508\" data-end=\"4574\">\n<p data-start=\"4510\" data-end=\"4574\">Uchwyt nale\u017cy utrzymywa\u0107 w stanie suchym i czystym, zw\u0142aszcza po kontakcie z wilgoci\u0105.<\/p>\n<\/li>\n<li data-start=\"4575\" data-end=\"4635\">\n<p data-start=\"4577\" data-end=\"4635\">W celu d\u0142u\u017cszego przechowywania nale\u017cy lekko nasmarowa\u0107 ostrze olejem ochronnym<\/p>\n<\/li>\n<li data-start=\"4636\" data-end=\"4688\">\n<p data-start=\"4638\" data-end=\"4688\">Regularnie sprawdzaj mechanizm i usuwaj wszelkie zabrudzenia<\/p>\n<\/li>\n<li data-start=\"4689\" data-end=\"4754\">\n<p data-start=\"4691\" data-end=\"4754\">Do ostrzenia ostrza zalecamy wysokiej jako\u015bci system zapewniaj\u0105cy g\u0142adk\u0105 kraw\u0119d\u017a<\/p>\n<\/li>\n<\/ul>\n<p data-start=\"4756\" data-end=\"4823\">Regularna piel\u0119gnacja zapewnia d\u0142ugotrwa\u0142\u0105 niezawodno\u015b\u0107 i maksymaln\u0105 wydajno\u015b\u0107.<\/p>\n<hr data-start=\"4825\" data-end=\"4828\">\n<h2 data-start=\"4830\" data-end=\"4850\">\ud83c\udfaf Polecane dla<\/h2>\n<ul data-start=\"4852\" data-end=\"5006\">\n<li data-start=\"4852\" data-end=\"4877\">\n<p data-start=\"4854\" data-end=\"4877\">Wymagaj\u0105cy u\u017cytkownicy EDC<\/p>\n<\/li>\n<li data-start=\"4878\" data-end=\"4912\">\n<p data-start=\"4880\" data-end=\"4912\">Profesjonalne zastosowanie taktyczne<\/p>\n<\/li>\n<li data-start=\"4913\" data-end=\"4954\">\n<p data-start=\"4915\" data-end=\"4954\">Kolekcjonerzy modeli premium Microtech<\/p>\n<\/li>\n<li data-start=\"4955\" data-end=\"5006\">\n<p data-start=\"4957\" data-end=\"5006\">U\u017cytkownicy preferuj\u0105cy charakterystyczn\u0105 estetyk\u0119 taktyczn\u0105<\/p>\n<\/li>\n<\/ul>\n<hr data-start=\"5008\" data-end=\"5011\">\n<h2 data-start=\"5013\" data-end=\"5037\">\u2b50 Ocena ko\u0144cowa<\/h2>\n<p data-start=\"5039\" data-end=\"5355\"><strong data-start=\"5039\" data-end=\"5075\">Microtech Glykon T\/E OTF 185-1NC<\/strong> \u0142\u0105czy w sobie agresywne ostrze, szybki mechanizm OTF i precyzyjn\u0105 ameryka\u0144sk\u0105 produkcj\u0119 z estetycznym kontrastem mi\u0119dzy czarnym ostrzem i naturaln\u0105 przezroczyst\u0105 r\u0119koje\u015bci\u0105. Rezultatem jest zaawansowany technicznie, szybki i imponuj\u0105cy wizualnie n\u00f3\u017c automatyczny dla tych, kt\u00f3rzy chc\u0105 wydajno\u015bci i stylu bez kompromis\u00f3w \ud83d\udd2a\ud83d\udd25. <\/p>\n","protected":false},"excerpt":{"rendered":"<p><strong>Microtech Glykon T\/E OTF 185-1NC \u0142\u0105czy w sobie agresywne ostrze, szybki mechanizm OTF i precyzyjn\u0105 ameryka\u0144sk\u0105 produkcj\u0119 z estetycznym kontrastem mi\u0119dzy czarnym ostrzem i naturaln\u0105 przezroczyst\u0105 r\u0119koje\u015bci\u0105. Rezultatem jest zaawansowany technicznie, szybki i imponuj\u0105cy wizualnie n\u00f3\u017c automatyczny dla tych, kt\u00f3rzy chc\u0105 wydajno\u015bci i stylu bez kompromis\u00f3w \ud83d\udd2a\ud83d\udd25. <\/strong><\/p>\n<p><strong>Darmowa wysy\u0142ka.<\/strong><\/p>\n","protected":false},"featured_media":437109,"comment_status":"open","ping_status":"closed","template":"","meta":[],"pwb-brand":[3279],"product_brand":[],"product_cat":[3344,3296],"product_tag":[],"class_list":{"0":"post-437191","1":"product","2":"type-product","3":"status-publish","4":"has-post-thumbnail","6":"pwb-brand-microtech-pl","7":"product_cat-noze-strzeleckie","8":"product_cat-noze-pl","10":"first","11":"instock","12":"taxable","13":"shipping-taxable","14":"purchasable","15":"product-type-simple"},"brands":[{"id":3279,"name":"Microtech","slug":"microtech-pl"}],"_links":{"self":[{"href":"https:\/\/www.moskito.cz\/pl\/wp-json\/wp\/v2\/product\/437191","targetHints":{"allow":["GET"]}}],"collection":[{"href":"https:\/\/www.moskito.cz\/pl\/wp-json\/wp\/v2\/product"}],"about":[{"href":"https:\/\/www.moskito.cz\/pl\/wp-json\/wp\/v2\/types\/product"}],"replies":[{"embeddable":true,"href":"https:\/\/www.moskito.cz\/pl\/wp-json\/wp\/v2\/comments?post=437191"}],"wp:featuredmedia":[{"embeddable":true,"href":"https:\/\/www.moskito.cz\/pl\/wp-json\/wp\/v2\/media\/437109"}],"wp:attachment":[{"href":"https:\/\/www.moskito.cz\/pl\/wp-json\/wp\/v2\/media?parent=437191"}],"wp:term":[{"taxonomy":"pwb-brand","embeddable":true,"href":"https:\/\/www.moskito.cz\/pl\/wp-json\/wp\/v2\/pwb-brand?post=437191"},{"taxonomy":"product_brand","embeddable":true,"href":"https:\/\/www.moskito.cz\/pl\/wp-json\/wp\/v2\/product_brand?post=437191"},{"taxonomy":"product_cat","embeddable":true,"href":"https:\/\/www.moskito.cz\/pl\/wp-json\/wp\/v2\/product_cat?post=437191"},{"taxonomy":"product_tag","embeddable":true,"href":"https:\/\/www.moskito.cz\/pl\/wp-json\/wp\/v2\/product_tag?post=437191"}],"curies":[{"name":"wp","href":"https:\/\/api.w.org\/{rel}","templated":true}]}}