{"id":437305,"date":"2026-02-09T19:36:39","date_gmt":"2026-02-09T18:36:39","guid":{"rendered":"https:\/\/www.moskito.cz\/produkt\/noz-spyderco-essenza-c272albkp\/"},"modified":"2026-02-15T11:39:09","modified_gmt":"2026-02-15T10:39:09","slug":"noz-spyderco-essenza-c272albkp","status":"publish","type":"product","link":"https:\/\/www.moskito.cz\/pl\/produkt\/noz-spyderco-essenza-c272albkp\/","title":{"rendered":"N\u00f3\u017c Spyderco Essenza C272ALBKP"},"content":{"rendered":"<div class=\"flex flex-col text-sm pb-25\">\n<article class=\"text-token-text-primary w-full focus:outline-none [--shadow-height:45px] has-data-writing-block:pointer-events-none has-data-writing-block:-mt-(--shadow-height) has-data-writing-block:pt-(--shadow-height) [&amp;:has([data-writing-block])&gt;*]:pointer-events-auto scroll-mt-[calc(var(--header-height)+min(200px,max(70px,20svh)))]\" dir=\"auto\" tabindex=\"-1\" data-turn-id=\"request-WEB:a32a4206-734b-4a83-b1e2-42833545ac64-8\" data-testid=\"conversation-turn-18\" data-scroll-anchor=\"true\" data-turn=\"assistant\">\n<div class=\"text-base my-auto mx-auto pb-10 [--thread-content-margin:--spacing(4)] @w-sm\/main:[--thread-content-margin:--spacing(6)] @w-lg\/main:[--thread-content-margin:--spacing(16)] px-(--thread-content-margin)\">\n<div class=\"[--thread-content-max-width:40rem] @w-lg\/main:[--thread-content-max-width:48rem] mx-auto max-w-(--thread-content-max-width) flex-1 group\/turn-messages focus-visible:outline-hidden relative flex w-full min-w-0 flex-col agent-turn\" tabindex=\"-1\">\n<div class=\"flex max-w-full flex-col grow\">\n<div class=\"min-h-8 text-message relative flex w-full flex-col items-end gap-2 text-start break-words whitespace-normal [.text-message+&amp;]:mt-1\" dir=\"auto\" data-message-author-role=\"assistant\" data-message-id=\"90d053d4-647e-41dd-a078-066020e44e54\" data-message-model-slug=\"gpt-5-2\">\n<div class=\"flex w-full flex-col gap-1 empty:hidden first:pt-[1px]\">\n<div class=\"markdown prose dark:prose-invert w-full wrap-break-word light markdown-new-styling\">\n<p data-start=\"107\" data-end=\"444\">Gdy chwycisz <strong data-start=\"123\" data-end=\"153\">Spyderco Essenza C272ALBKP<\/strong> w d\u0142o\u0144, natychmiast poczujesz to, czego oczekujesz od najlepszego no\u017ca EDC &#8211; <strong data-start=\"222\" data-end=\"279\">r\u00f3wnowag\u0119 mi\u0119dzy wydajno\u015bci\u0105, prostot\u0105 i doskona\u0142\u0105 ergonomi\u0105<\/strong> w kompaktowej obudowie. Essenza to jedna z najnowszych propozycji Spyderco, oferuj\u0105ca nowoczesne materia\u0142y i intuicyjne sterowanie bez uszczerbku dla funkcjonalno\u015bci. <\/p>\n<p data-start=\"446\" data-end=\"690\">Ten n\u00f3\u017c zosta\u0142 zaprojektowany dla u\u017cytkownik\u00f3w, kt\u00f3rzy chc\u0105 eleganckiego, praktycznego i wysoce niezawodnego no\u017ca do codziennego noszenia. Idealnie pasuje do kieszeni i d\u0142oni, jest natychmiast gotowy do u\u017cycia i oferuje wydajno\u015b\u0107, na kt\u00f3rej mo\u017cna polega\u0107. <\/p>\n<hr data-start=\"692\" data-end=\"695\">\n<h2 data-start=\"697\" data-end=\"721\">Charakter i filozofia<\/h2>\n<p data-start=\"723\" data-end=\"961\">Spyderco Essenza zosta\u0142 zaprojektowany z jasn\u0105 wizj\u0105 &#8211; <strong data-start=\"768\" data-end=\"843\">r\u00f3wnowaga, prostota i wygoda w po\u0142\u0105czeniu z wysok\u0105 wydajno\u015bci\u0105 ci\u0119cia<\/strong>. Nie chodzi tu o przesadzony design czy techniczne &#8222;zabawy&#8221;, ale o prawdziwe narz\u0119dzie, kt\u00f3re wykonuje swoj\u0105 prac\u0119 przy minimalnym wysi\u0142ku. <\/p>\n<p data-start=\"963\" data-end=\"1295\">Pokryte czarn\u0105 pow\u0142ok\u0105 ostrze wykonane jest z wysokiej jako\u015bci stali nierdzewnej <strong data-start=\"1025\" data-end=\"1038\">CPM S45VN<\/strong>, kt\u00f3ra jest wysokowydajn\u0105 stal\u0105 o doskona\u0142ej odporno\u015bci na zu\u017cycie, doskona\u0142ym utrzymywaniu kraw\u0119dzi i wysokiej odporno\u015bci na korozj\u0119. Sprawia to, \u017ce Essenza jest gotowa do wykonywania szerokiego zakresu zada\u0144 zwi\u0105zanych z ci\u0119ciem &#8211; od zwyk\u0142ych codziennych zada\u0144 po bardziej wymagaj\u0105ce technicznie ci\u0119cia. <\/p>\n<p data-start=\"1297\" data-end=\"1546\">Ostrze <strong data-start=\"1318\" data-end=\"1333\">w kszta\u0142cie li\u015bcia<\/strong> zapewnia doskona\u0142\u0105 wszechstronno\u015b\u0107 i kontrol\u0119 &#8211; idealne zar\u00f3wno do precyzyjnych ci\u0119\u0107 napr\u0119\u017caj\u0105cych, jak i ci\u0119\u0107 si\u0142owych w materia\u0142ach o wi\u0119kszej g\u0119sto\u015bci. Zoptymalizowane ci\u0119cie zapewnia p\u0142ynne ci\u0119cie bez niepotrzebnego &#8222;zaczepiania&#8221;. <\/p>\n<p data-start=\"1548\" data-end=\"1775\">Ergonomiczny uchwyt o niebiesko-czarnym zabarwieniu zosta\u0142 zaprojektowany tak, aby idealnie pasowa\u0142 do d\u0142oni, nawet podczas d\u0142ugotrwa\u0142ego u\u017cytkowania. Drobno teksturowane wyko\u0144czenie r\u0119koje\u015bci zwi\u0119ksza przyczepno\u015b\u0107, zapewniaj\u0105c pewny chwyt nawet w trudnych warunkach. <\/p>\n<p data-start=\"1777\" data-end=\"1977\">Elementy steruj\u0105ce no\u017ca s\u0105 intuicyjne &#8211; tradycyjny <strong data-start=\"1816\" data-end=\"1839\">okr\u0105g\u0142y otw\u00f3r Spyderco<\/strong> umo\u017cliwia szybkie i p\u0142ynne otwieranie jedn\u0105 r\u0119k\u0105, a blokada <strong data-start=\"1898\" data-end=\"1912\">Frame Lock<\/strong> zapewnia stabilne i bezpieczne zablokowanie ostrza podczas ci\u0119cia.<\/p>\n<hr data-start=\"1979\" data-end=\"1982\">\n<h2 data-start=\"1984\" data-end=\"1999\">\ud83c\udfed O producencie<\/h2>\n<p data-start=\"2001\" data-end=\"2385\">Spyderco to marka z bogat\u0105 histori\u0105 innowacji w dziedzinie no\u017cy do zamykania. Od pierwszego opatentowanego projektu otwieranego jedn\u0105 r\u0119k\u0105 po dzisiejsze nowoczesne modele, Spyderco stoi za wieloma prze\u0142omowymi projektami, kt\u00f3re zdefiniowa\u0142y spos\u00f3b, w jaki dzi\u015b my\u015blimy o no\u017cach EDC. Essenza to kolejny krok w tej tradycji &#8211; proste, skuteczne i niezawodne narz\u0119dzie do codziennego u\u017cytku.  <\/p>\n<hr data-start=\"2387\" data-end=\"2390\">\n<h2 data-start=\"2392\" data-end=\"2419\">\u2699\ufe0f Specyfikacja techniczna<\/h2>\n<div class=\"TyagGW_tableContainer\">\n<div class=\"group TyagGW_tableWrapper flex flex-col-reverse w-fit\" tabindex=\"-1\">\n<table class=\"w-fit min-w-(--thread-content-width)\" data-start=\"2421\" data-end=\"3012\">\n<thead data-start=\"2421\" data-end=\"2443\">\n<tr data-start=\"2421\" data-end=\"2443\">\n<th class=\"\" data-start=\"2421\" data-end=\"2432\" data-col-size=\"sm\">Parametr<\/th>\n<th class=\"\" data-start=\"2432\" data-end=\"2443\" data-col-size=\"md\">Warto\u015b\u0107<\/th>\n<\/tr>\n<\/thead>\n<tbody data-start=\"2467\" data-end=\"3012\">\n<tr data-start=\"2467\" data-end=\"2541\">\n<td data-start=\"2467\" data-end=\"2475\" data-col-size=\"sm\">Model<\/td>\n<td data-start=\"2475\" data-end=\"2541\" data-col-size=\"md\">Spyderco Essenza &#8211; czarne ostrze, niebiesko-czarna r\u0119koje\u015b\u0107 (C272ALBKP)<\/td>\n<\/tr>\n<tr data-start=\"2542\" data-end=\"2564\">\n<td data-start=\"2542\" data-end=\"2548\" data-col-size=\"sm\">Typ<\/td>\n<td data-start=\"2548\" data-end=\"2564\" data-col-size=\"md\">N\u00f3\u017c zamykaj\u0105cy<\/td>\n<\/tr>\n<tr data-start=\"2565\" data-end=\"2596\">\n<td data-start=\"2565\" data-end=\"2581\" data-col-size=\"sm\">Ca\u0142kowita d\u0142ugo\u015b\u0107<\/td>\n<td data-start=\"2581\" data-end=\"2596\" data-col-size=\"md\">ok. 18,4 cm<\/td>\n<\/tr>\n<tr data-start=\"2597\" data-end=\"2626\">\n<td data-start=\"2597\" data-end=\"2612\" data-col-size=\"sm\">D\u0142ugo\u015b\u0107 ostrza<\/td>\n<td data-start=\"2612\" data-end=\"2626\" data-col-size=\"md\">ok. 8,1 cm<\/td>\n<\/tr>\n<tr data-start=\"2627\" data-end=\"2659\">\n<td data-start=\"2627\" data-end=\"2645\" data-col-size=\"sm\">Grubo\u015b\u0107 ostrza<\/td>\n<td data-start=\"2645\" data-end=\"2659\" data-col-size=\"md\">ok. 3,4 mm<\/td>\n<\/tr>\n<tr data-start=\"2660\" data-end=\"2691\">\n<td data-start=\"2660\" data-end=\"2678\" data-col-size=\"sm\">Materia\u0142 ostrza<\/td>\n<td data-start=\"2678\" data-end=\"2691\" data-col-size=\"md\">CPM S45VN<\/td>\n<\/tr>\n<tr data-start=\"2692\" data-end=\"2721\">\n<td data-start=\"2692\" data-end=\"2706\" data-col-size=\"sm\">Kszta\u0142t ostrza<\/td>\n<td data-start=\"2706\" data-end=\"2721\" data-col-size=\"md\">W kszta\u0142cie li\u015bcia<\/td>\n<\/tr>\n<tr data-start=\"2722\" data-end=\"2750\">\n<td data-start=\"2722\" data-end=\"2731\" data-col-size=\"sm\">Przycinanie<\/td>\n<td data-start=\"2731\" data-end=\"2750\" data-col-size=\"md\">Pe\u0142ny szlif p\u0142aski<\/td>\n<\/tr>\n<tr data-start=\"2751\" data-end=\"2780\">\n<td data-start=\"2751\" data-end=\"2767\" data-col-size=\"sm\">Powierzchnia ostrza<\/td>\n<td data-start=\"2767\" data-end=\"2780\" data-col-size=\"md\">Czarny DLC<\/td>\n<\/tr>\n<tr data-start=\"2781\" data-end=\"2799\">\n<td data-start=\"2781\" data-end=\"2789\" data-col-size=\"sm\">Jedzenie<\/td>\n<td data-start=\"2789\" data-end=\"2799\" data-col-size=\"md\">G\u0142adki<\/td>\n<\/tr>\n<tr data-start=\"2800\" data-end=\"2840\">\n<td data-start=\"2800\" data-end=\"2810\" data-col-size=\"sm\">Uchwyt<\/td>\n<td data-start=\"2810\" data-end=\"2840\" data-col-size=\"md\">aluminium \/ niebiesko-czarne wyko\u0144czenie<\/td>\n<\/tr>\n<tr data-start=\"2841\" data-end=\"2863\">\n<td data-start=\"2841\" data-end=\"2849\" data-col-size=\"sm\">Zamek<\/td>\n<td data-start=\"2849\" data-end=\"2863\" data-col-size=\"md\">Frame Lock<\/td>\n<\/tr>\n<tr data-start=\"2864\" data-end=\"2899\">\n<td data-start=\"2864\" data-end=\"2876\" data-col-size=\"sm\">Otwarcie<\/td>\n<td data-start=\"2876\" data-end=\"2899\" data-col-size=\"md\">Spyderco Round Hole<\/td>\n<\/tr>\n<tr data-start=\"2900\" data-end=\"2944\">\n<td data-start=\"2900\" data-end=\"2907\" data-col-size=\"sm\">Klips<\/td>\n<td data-start=\"2907\" data-end=\"2944\" data-col-size=\"md\">4-pozycyjny (L\/R, g\u00f3ra\/d\u00f3\u0142)<\/td>\n<\/tr>\n<tr data-start=\"2945\" data-end=\"2969\">\n<td data-start=\"2945\" data-end=\"2956\" data-col-size=\"sm\">Waga<\/td>\n<td data-start=\"2956\" data-end=\"2969\" data-col-size=\"md\">ok. 105 g<\/td>\n<\/tr>\n<tr data-start=\"2970\" data-end=\"3012\">\n<td data-start=\"2970\" data-end=\"2982\" data-col-size=\"sm\">Kategoria<\/td>\n<td data-start=\"2982\" data-end=\"3012\" data-col-size=\"md\">Elegancki n\u00f3\u017c zamykany EDC<\/td>\n<\/tr>\n<\/tbody>\n<\/table>\n<\/div>\n<\/div>\n<hr data-start=\"3014\" data-end=\"3017\">\n<h2 data-start=\"3019\" data-end=\"3037\">\u2705 G\u0142\u00f3wne korzy\u015bci<\/h2>\n<ul data-start=\"3039\" data-end=\"3362\">\n<li data-start=\"3039\" data-end=\"3125\">\n<p data-start=\"3041\" data-end=\"3125\"><strong data-start=\"3041\" data-end=\"3068\">Wysokiej jako\u015bci stal CPM S45VN<\/strong> &#8211; doskona\u0142a r\u00f3wnowaga mi\u0119dzy ostro\u015bci\u0105, trwa\u0142o\u015bci\u0105 i konserwacj\u0105<\/p>\n<\/li>\n<li data-start=\"3126\" data-end=\"3193\">\n<p data-start=\"3128\" data-end=\"3193\"><strong data-start=\"3128\" data-end=\"3159\">Kompaktowa i wygodna konstrukcja<\/strong> &#8211; idealna do codziennego noszenia<\/p>\n<\/li>\n<li data-start=\"3194\" data-end=\"3251\">\n<p data-start=\"3196\" data-end=\"3251\"><strong data-start=\"3196\" data-end=\"3210\">Frame Lock<\/strong> &#8211; solidna i bezpieczna blokada ostrza<\/p>\n<\/li>\n<li data-start=\"3252\" data-end=\"3311\">\n<p data-start=\"3254\" data-end=\"3311\"><strong data-start=\"3254\" data-end=\"3277\">Spyderco Round Hole<\/strong> &#8211; szybkie i intuicyjne otwieranie<\/p>\n<\/li>\n<li data-start=\"3312\" data-end=\"3362\">\n<p data-start=\"3314\" data-end=\"3362\"><strong data-start=\"3314\" data-end=\"3333\">4-pozycyjny klips<\/strong> &#8211; elastyczne opcje noszenia<\/p>\n<\/li>\n<\/ul>\n<hr data-start=\"3364\" data-end=\"3367\">\n<h2 data-start=\"3369\" data-end=\"3388\">\u26a0\ufe0f Mo\u017cliwe ograniczenia<\/h2>\n<ul data-start=\"3390\" data-end=\"3631\">\n<li data-start=\"3390\" data-end=\"3481\">\n<p data-start=\"3392\" data-end=\"3481\"><strong data-start=\"3392\" data-end=\"3410\">Mniejszy rozmiar<\/strong> &#8211; dla niekt\u00f3rych u\u017cytkownik\u00f3w mo\u017ce nie by\u0107 idealny do wymagaj\u0105cych zada\u0144 na \u015bwie\u017cym powietrzu<\/p>\n<\/li>\n<li data-start=\"3482\" data-end=\"3549\">\n<p data-start=\"3484\" data-end=\"3549\"><strong data-start=\"3484\" data-end=\"3513\">Konstrukcja zorientowana na EDC<\/strong> &#8211; nie jest to wytrzyma\u0142y n\u00f3\u017c &#8222;roboczy&#8221;<\/p>\n<\/li>\n<li data-start=\"3550\" data-end=\"3631\">\n<p data-start=\"3552\" data-end=\"3631\"><strong data-start=\"3552\" data-end=\"3576\">Wyko\u0144czenie DLC<\/strong> &#8211; mo\u017ce stopniowo \u015bciera\u0107 si\u0119 na kraw\u0119dziach podczas intensywnej pracy<\/p>\n<\/li>\n<\/ul>\n<hr data-start=\"3633\" data-end=\"3636\">\n<h2 data-start=\"3638\" data-end=\"3658\">\ud83d\udee0\ufe0f Konserwacja i piel\u0119gnacja<\/h2>\n<ul data-start=\"3660\" data-end=\"3868\">\n<li data-start=\"3660\" data-end=\"3719\">\n<p data-start=\"3662\" data-end=\"3719\">Wysuszy\u0107 ostrze po u\u017cyciu, zw\u0142aszcza w kontakcie z wilgoci\u0105.<\/p>\n<\/li>\n<li data-start=\"3720\" data-end=\"3785\">\n<p data-start=\"3722\" data-end=\"3785\">Regularnie sprawdzaj dzia\u0142anie blokady ramy i mechanizmu otwierania.<\/p>\n<\/li>\n<li data-start=\"3786\" data-end=\"3868\">\n<p data-start=\"3788\" data-end=\"3868\">Konserwacja ostrza poprzez regularne ostrzenie w celu utrzymania ostro\u015bci po d\u0142ugim okresie u\u017cytkowania.<\/p>\n<\/li>\n<\/ul>\n<hr data-start=\"3870\" data-end=\"3873\">\n<h2 data-start=\"3875\" data-end=\"3917\">Zalecane akcesoria do ostrzenia<\/h2>\n<p data-start=\"3919\" data-end=\"4093\"><strong data-start=\"3919\" data-end=\"3985\">Spyderco Tri-Angle Sharpmaker Complete Sharpening System 204MF<\/strong> &#8211; prosty i skuteczny system do utrzymania precyzyjnego ostrza Essenza.<br data-start=\"4063\" data-end=\"4066\">\ud83d\uded2 Kup na <strong data-start=\"4079\" data-end=\"4093\">Moskito.cz<\/strong><\/p>\n<hr data-start=\"4095\" data-end=\"4098\">\n<h2 data-start=\"4100\" data-end=\"4120\">\ud83c\udfaf Polecane dla<\/h2>\n<ul data-start=\"4122\" data-end=\"4316\">\n<li data-start=\"4122\" data-end=\"4147\">\n<p data-start=\"4124\" data-end=\"4147\">Codzienne noszenie EDC<\/p>\n<\/li>\n<li data-start=\"4148\" data-end=\"4202\">\n<p data-start=\"4150\" data-end=\"4202\">u\u017cytkownicy, kt\u00f3rzy potrzebuj\u0105 kompaktowego, ale mocnego no\u017ca<\/p>\n<\/li>\n<li data-start=\"4203\" data-end=\"4242\">\n<p data-start=\"4205\" data-end=\"4242\">Ci, kt\u00f3rzy ceni\u0105 sobie wygodn\u0105 ergonomi\u0119<\/p>\n<\/li>\n<li data-start=\"4243\" data-end=\"4271\">\n<p data-start=\"4245\" data-end=\"4271\">Fani Spyderco<\/p>\n<\/li>\n<li data-start=\"4272\" data-end=\"4316\">\n<p data-start=\"4274\" data-end=\"4316\">Praktyczne ci\u0119cia materia\u0142\u00f3w w rozmiarze dziennym<\/p>\n<\/li>\n<\/ul>\n<hr data-start=\"4318\" data-end=\"4321\">\n<h2 data-start=\"4323\" data-end=\"4347\">\u2b50 Ocena ko\u0144cowa<\/h2>\n<p data-start=\"4349\" data-end=\"4639\">Spyderco Essenza C272ALBKP &#8211; czarne ostrze z niebiesko-czarn\u0105 r\u0119koje\u015bci\u0105 to <strong data-start=\"4416\" data-end=\"4463\">stylowy, wygodny i niezawodny n\u00f3\u017c zamykany<\/strong>, kt\u00f3ry stanie si\u0119 \u015bwietnym partnerem w codziennych zadaniach. Wyposa\u017cony w najwy\u017cszej jako\u015bci stal, intuicyjn\u0105 mechanik\u0119 i ergonomiczn\u0105 konstrukcj\u0119, Essenza oferuje wysok\u0105 wydajno\u015b\u0107 ci\u0119cia w kompaktowej obudowie. <\/p>\n<p data-start=\"4641\" data-end=\"4701\">Essenza &#8211; <strong data-start=\"4651\" data-end=\"4696\">elegancja, funkcjonalno\u015b\u0107 i pewno\u015b\u0107 siebie w ka\u017cdym kroju.<\/strong> \ud83d\udd2a\ud83d\udcbc<\/p>\n<\/div>\n<\/div>\n<\/div>\n<\/div>\n<div class=\"z-0 flex min-h-[46px] justify-start\"><\/div>\n<\/div>\n<\/div>\n<\/article>\n<\/div>\n<div class=\"pointer-events-none h-px w-px absolute bottom-0\" aria-hidden=\"true\" data-edge=\"true\"><\/div>\n","protected":false},"excerpt":{"rendered":"<div class=\"flex max-w-full flex-col grow\">\n<div class=\"min-h-8 text-message relative flex w-full flex-col items-end gap-2 text-start break-words whitespace-normal [.text-message+&amp;]:mt-1\" dir=\"auto\" data-message-author-role=\"assistant\" data-message-id=\"90d053d4-647e-41dd-a078-066020e44e54\" data-message-model-slug=\"gpt-5-2\">\n<div class=\"flex w-full flex-col gap-1 empty:hidden first:pt-[1px]\">\n<div class=\"markdown prose dark:prose-invert w-full wrap-break-word light markdown-new-styling\">\n<p data-start=\"4349\" data-end=\"4639\"><strong>Spyderco Essenza C272ALBKP &#8211; czarne ostrze z niebiesko-czarn\u0105 r\u0119koje\u015bci\u0105 to stylowy, wygodny i niezawodny n\u00f3\u017c zamykany, kt\u00f3ry stanie si\u0119 \u015bwietnym partnerem w codziennych zadaniach. Wyposa\u017cony w najwy\u017cszej jako\u015bci stal, intuicyjn\u0105 mechanik\u0119 i ergonomiczn\u0105 konstrukcj\u0119, Essenza oferuje wysok\u0105 wydajno\u015b\u0107 ci\u0119cia w kompaktowej obudowie. <\/strong><\/p>\n<p data-start=\"4641\" data-end=\"4701\"><strong>Essenza &#8211; elegancja, funkcjonalno\u015b\u0107 i pewno\u015b\u0107 siebie w ka\u017cdym kroju. \ud83d\udd2a\ud83d\udcbc <\/strong><\/p>\n<\/div>\n<\/div>\n<\/div>\n<\/div>\n<div class=\"z-0 flex min-h-[46px] justify-start\"><strong>Darmowa wysy\u0142ka.<\/strong><\/div>\n","protected":false},"featured_media":436726,"comment_status":"open","ping_status":"closed","template":"","meta":[],"pwb-brand":[3432],"product_brand":[],"product_cat":[3307,3296],"product_tag":[],"class_list":{"0":"post-437305","1":"product","2":"type-product","3":"status-publish","4":"has-post-thumbnail","6":"pwb-brand-spyderco-pl","7":"product_cat-zamykanie-nozy","8":"product_cat-noze-pl","10":"first","11":"instock","12":"taxable","13":"shipping-taxable","14":"purchasable","15":"product-type-simple"},"brands":[{"id":3432,"name":"Spyderco","slug":"spyderco-pl"}],"_links":{"self":[{"href":"https:\/\/www.moskito.cz\/pl\/wp-json\/wp\/v2\/product\/437305","targetHints":{"allow":["GET"]}}],"collection":[{"href":"https:\/\/www.moskito.cz\/pl\/wp-json\/wp\/v2\/product"}],"about":[{"href":"https:\/\/www.moskito.cz\/pl\/wp-json\/wp\/v2\/types\/product"}],"replies":[{"embeddable":true,"href":"https:\/\/www.moskito.cz\/pl\/wp-json\/wp\/v2\/comments?post=437305"}],"wp:featuredmedia":[{"embeddable":true,"href":"https:\/\/www.moskito.cz\/pl\/wp-json\/wp\/v2\/media\/436726"}],"wp:attachment":[{"href":"https:\/\/www.moskito.cz\/pl\/wp-json\/wp\/v2\/media?parent=437305"}],"wp:term":[{"taxonomy":"pwb-brand","embeddable":true,"href":"https:\/\/www.moskito.cz\/pl\/wp-json\/wp\/v2\/pwb-brand?post=437305"},{"taxonomy":"product_brand","embeddable":true,"href":"https:\/\/www.moskito.cz\/pl\/wp-json\/wp\/v2\/product_brand?post=437305"},{"taxonomy":"product_cat","embeddable":true,"href":"https:\/\/www.moskito.cz\/pl\/wp-json\/wp\/v2\/product_cat?post=437305"},{"taxonomy":"product_tag","embeddable":true,"href":"https:\/\/www.moskito.cz\/pl\/wp-json\/wp\/v2\/product_tag?post=437305"}],"curies":[{"name":"wp","href":"https:\/\/api.w.org\/{rel}","templated":true}]}}