{"id":437353,"date":"2026-02-15T11:52:54","date_gmt":"2026-02-15T10:52:54","guid":{"rendered":"https:\/\/www.moskito.cz\/produkt\/noz-do-zamykania-spyderco-para-3-salt-c223gbkylmcp\/"},"modified":"2026-02-15T12:03:29","modified_gmt":"2026-02-15T11:03:29","slug":"noz-do-zamykania-spyderco-para-3-salt-c223gbkylmcp","status":"publish","type":"product","link":"https:\/\/www.moskito.cz\/pl\/produkt\/noz-do-zamykania-spyderco-para-3-salt-c223gbkylmcp\/","title":{"rendered":"N\u00f3\u017c do zamykania Spyderco Para 3 Salt C223GBKYLMCP"},"content":{"rendered":"<p data-start=\"114\" data-end=\"436\">Gdy tylko we\u017amiesz do r\u0119ki n\u00f3\u017c <strong data-start=\"137\" data-end=\"187\">Spyderco Para 3 Salt CPM MagnaCut C223GBKYLMCP<\/strong>, od razu poczujesz kompaktowy rozmiar, precyzyjne dzia\u0142anie i pewno\u015b\u0107, jak\u0105 daje blokada Compression Lock. Model ten \u0142\u0105czy w sobie legendarn\u0105 platform\u0119 Para 3 z nowoczesn\u0105 stal\u0105 CPM MagnaCut i charakterystyczn\u0105 \u017c\u00f3\u0142to-czarn\u0105 r\u0119koje\u015bci\u0105 G10, kt\u00f3ra wyr\u00f3\u017cnia si\u0119 zar\u00f3wno pod wzgl\u0119dem funkcjonalnym, jak i wizualnym. <\/p>\n<p data-start=\"438\" data-end=\"551\">Zaprojektowany przez Erica Glessera i Sala Glessera i wyprodukowany w USA przez <strong data-start=\"509\" data-end=\"550\"><span class=\"hover:entity-accent entity-underline inline cursor-pointer align-baseline\"><span class=\"whitespace-normal\">Spyderco<\/span><\/span><\/strong>.<\/p>\n<hr data-start=\"553\" data-end=\"556\">\n<p data-start=\"558\" data-end=\"586\">\ud83d\udd25 <strong data-start=\"561\" data-end=\"586\">Charakter i filozofia<\/strong><\/p>\n<p data-start=\"588\" data-end=\"754\">Para 3 Salt to kompaktowy n\u00f3\u017c EDC zaprojektowany z my\u015bl\u0105 o maksymalnej wydajno\u015bci w codziennym u\u017cytkowaniu. Dzi\u0119ki kr\u00f3tszemu ostrzu oferuje doskona\u0142\u0105 kontrol\u0119 i wystarczaj\u0105c\u0105 si\u0142\u0119 ci\u0119cia. <\/p>\n<p data-start=\"756\" data-end=\"811\">W modelu tym zastosowano blokad\u0119 <strong data-start=\"770\" data-end=\"790\">Compression Lock<\/strong>:<\/p>\n<p data-start=\"813\" data-end=\"906\">wysoka wytrzyma\u0142o\u015b\u0107<br data-start=\"829\" data-end=\"832\">bezpieczne odblokowywanie bez wk\u0142adania palc\u00f3w w \u015bcie\u017ck\u0119 ostrza<br data-start=\"887\" data-end=\"890\">p\u0142ynna praca<\/p>\n<p data-start=\"908\" data-end=\"1013\">Ca\u0142kowita d\u0142ugo\u015b\u0107 wynosz\u0105ca 18,5 cm sprawia, \u017ce jest to idealny kompromis mi\u0119dzy kompaktowo\u015bci\u0105 a w pe\u0142ni funkcjonalnym narz\u0119dziem roboczym.<\/p>\n<hr data-start=\"1015\" data-end=\"1018\">\n<p data-start=\"1020\" data-end=\"1036\"><strong data-start=\"1023\" data-end=\"1036\">O producencie<\/strong><\/p>\n<p data-start=\"1038\" data-end=\"1102\">Spyderco to ameryka\u0144ska marka za\u0142o\u017cona w 1976 roku. Typowe cechy: <\/p>\n<p data-start=\"1104\" data-end=\"1235\">Ikoniczny okr\u0105g\u0142y otw\u00f3r na ostrze<br data-start=\"1134\" data-end=\"1137\">Nacisk na ergonomi\u0119 i funkcjonalno\u015b\u0107<br data-start=\"1167\" data-end=\"1170\">Wsp\u00f3\u0142praca z wiod\u0105cymi metalurgami<br data-start=\"1201\" data-end=\"1204\">Kluczowe modele produkowane w USA<\/p>\n<p data-start=\"1237\" data-end=\"1298\">Para 3 to jedna z najpopularniejszych platform EDC marki.<\/p>\n<hr data-start=\"1300\" data-end=\"1303\">\n<p data-start=\"1305\" data-end=\"1352\">\ud83d\udde1\ufe0f <strong data-start=\"1309\" data-end=\"1352\">Ostrze &#8211; Drop Point z pe\u0142nym p\u0142askim szlifem<\/strong><\/p>\n<p data-start=\"1354\" data-end=\"1440\">Ostrze <strong data-start=\"1365\" data-end=\"1379\">Drop Point<\/strong> zapewnia wszechstronno\u015b\u0107 i precyzyjn\u0105 kontrol\u0119 ko\u0144c\u00f3wki.<\/p>\n<p data-start=\"1442\" data-end=\"1469\">Pe\u0142ny p\u0142aski kr\u00f3j zapewnia:<\/p>\n<p data-start=\"1471\" data-end=\"1565\">doskona\u0142e w\u0142a\u015bciwo\u015bci tn\u0105ce<br data-start=\"1495\" data-end=\"1498\">p\u0142ynna penetracja materia\u0142u<br data-start=\"1522\" data-end=\"1525\">zr\u00f3wnowa\u017cony stosunek wytrzyma\u0142o\u015bci do wydajno\u015bci<\/p>\n<p data-start=\"1567\" data-end=\"1664\">Ostrze o wysoko\u015bci 3,3 cm i grubo\u015bci 4 mm nadaje no\u017cowi solidny charakter przy zachowaniu dobrej si\u0142y ci\u0119cia.<\/p>\n<hr data-start=\"1666\" data-end=\"1669\">\n<p data-start=\"1671\" data-end=\"1697\"><strong data-start=\"1674\" data-end=\"1697\">Stal &#8211; CPM MagnaCut<\/strong><\/p>\n<p data-start=\"1699\" data-end=\"1760\">CPM MagnaCut to nowoczesna stal proszkowa zaprojektowana do \u0142\u0105czenia:<\/p>\n<p data-start=\"1762\" data-end=\"1840\">wysoka odporno\u015b\u0107 na korozj\u0119<br data-start=\"1791\" data-end=\"1794\">d\u0142uga \u017cywotno\u015b\u0107 ostrza<br data-start=\"1814\" data-end=\"1817\">doskona\u0142a wytrzyma\u0142o\u015b\u0107<\/p>\n<p data-start=\"1842\" data-end=\"1894\">Nadaje si\u0119 do wymagaj\u0105cych zastosowa\u0144 EDC i mokrych \u015brodowisk.<\/p>\n<hr data-start=\"1896\" data-end=\"1899\">\n<p data-start=\"1901\" data-end=\"1933\">\ud83e\udde9 <strong data-start=\"1904\" data-end=\"1933\">Uchwyt &#8211; \u017c\u00f3\u0142to-czarny G10<\/strong><\/p>\n<p data-start=\"1935\" data-end=\"1970\">R\u0119koje\u015b\u0107 wykonana jest z wytrzyma\u0142ego tworzywa G10:<\/p>\n<p data-start=\"1972\" data-end=\"2139\">wytrzyma\u0142y materia\u0142 kompozytowy<br data-start=\"1997\" data-end=\"2000\">teksturowana powierzchnia zapewniaj\u0105ca pewny chwyt<br data-start=\"2034\" data-end=\"2037\">odporno\u015b\u0107 na wilgo\u0107 i napr\u0119\u017cenia mechaniczne<br data-start=\"2083\" data-end=\"2086\">charakterystyczne \u017c\u00f3\u0142to-czarne po\u0142\u0105czenie zapewniaj\u0105ce lepsz\u0105 widoczno\u015b\u0107<\/p>\n<p data-start=\"2141\" data-end=\"2188\">Czteropozycyjny klips umo\u017cliwia noszenie w prawej i lewej r\u0119ce.<\/p>\n<hr data-start=\"2190\" data-end=\"2193\">\n<p data-start=\"2195\" data-end=\"2223\">\u2699\ufe0f <strong data-start=\"2198\" data-end=\"2223\">Dane techniczne<\/strong><\/p>\n<div class=\"TyagGW_tableContainer\">\n<div class=\"group TyagGW_tableWrapper flex flex-col-reverse w-fit\" tabindex=\"-1\">\n<table class=\"w-fit min-w-(--thread-content-width)\" data-start=\"2225\" data-end=\"2681\">\n<thead data-start=\"2225\" data-end=\"2243\">\n<tr data-start=\"2225\" data-end=\"2243\">\n<th class=\"\" data-start=\"2225\" data-end=\"2234\" data-col-size=\"sm\">Parametr<\/th>\n<th class=\"\" data-start=\"2234\" data-end=\"2243\" data-col-size=\"sm\">Warto\u015b\u0107<\/th>\n<\/tr>\n<\/thead>\n<tbody data-start=\"2252\" data-end=\"2681\">\n<tr data-start=\"2252\" data-end=\"2269\">\n<td data-start=\"2252\" data-end=\"2259\" data-col-size=\"sm\">Marka<\/td>\n<td data-start=\"2259\" data-end=\"2269\" data-col-size=\"sm\">Spyderco<\/td>\n<\/tr>\n<tr data-start=\"2270\" data-end=\"2291\">\n<td data-start=\"2270\" data-end=\"2276\" data-col-size=\"sm\">Kolor<\/td>\n<td data-start=\"2276\" data-end=\"2291\" data-col-size=\"sm\">\u017c\u00f3\u0142ty , czarny<\/td>\n<\/tr>\n<tr data-start=\"2292\" data-end=\"2328\">\n<td data-start=\"2292\" data-end=\"2300\" data-col-size=\"sm\">Projektant<\/td>\n<td data-start=\"2300\" data-end=\"2328\" data-col-size=\"sm\">Eric Glesser , Sal Glesser<\/td>\n<\/tr>\n<tr data-start=\"2329\" data-end=\"2349\">\n<td data-start=\"2329\" data-end=\"2344\" data-col-size=\"sm\">Mo\u017cliwo\u015b\u0107 grawerowania<\/td>\n<td data-start=\"2344\" data-end=\"2349\" data-col-size=\"sm\">Tak<\/td>\n<\/tr>\n<tr data-start=\"2350\" data-end=\"2398\">\n<td data-start=\"2350\" data-end=\"2387\" data-col-size=\"sm\">Gwarancja na wady materia\u0142owe i produkcyjne<\/td>\n<td data-col-size=\"sm\" data-start=\"2387\" data-end=\"2398\">Do\u017cywotnia<\/td>\n<\/tr>\n<tr data-start=\"2399\" data-end=\"2423\">\n<td data-start=\"2399\" data-end=\"2405\" data-col-size=\"sm\">Seria<\/td>\n<td data-start=\"2405\" data-end=\"2423\" data-col-size=\"sm\">Paragraf 3 , S\u00f3l<\/td>\n<\/tr>\n<tr data-start=\"2424\" data-end=\"2451\">\n<td data-start=\"2424\" data-end=\"2436\" data-col-size=\"sm\">Kraj pochodzenia<\/td>\n<td data-start=\"2436\" data-end=\"2451\" data-col-size=\"sm\">Stany Zjednoczone<\/td>\n<\/tr>\n<tr data-start=\"2452\" data-end=\"2482\">\n<td data-start=\"2452\" data-end=\"2466\" data-col-size=\"sm\">Numer artyku\u0142u<\/td>\n<td data-col-size=\"sm\" data-start=\"2466\" data-end=\"2482\">SPC223GBKYLMCP<\/td>\n<\/tr>\n<tr data-start=\"2483\" data-end=\"2504\">\n<td data-start=\"2483\" data-end=\"2496\" data-col-size=\"sm\">Wysoko\u015b\u0107 ostrza<\/td>\n<td data-start=\"2496\" data-end=\"2504\" data-col-size=\"sm\">3,3 cm<\/td>\n<\/tr>\n<tr data-start=\"2505\" data-end=\"2526\">\n<td data-start=\"2505\" data-end=\"2518\" data-col-size=\"sm\">D\u0142ugo\u015b\u0107 ostrza<\/td>\n<td data-start=\"2518\" data-end=\"2526\" data-col-size=\"sm\">7,6 cm<\/td>\n<\/tr>\n<tr data-start=\"2527\" data-end=\"2547\">\n<td data-start=\"2527\" data-end=\"2539\" data-col-size=\"sm\">D\u0142ugo\u015b\u0107 ostrza<\/td>\n<td data-start=\"2539\" data-end=\"2547\" data-col-size=\"sm\">6,7 cm<\/td>\n<\/tr>\n<tr data-start=\"2548\" data-end=\"2570\">\n<td data-start=\"2548\" data-end=\"2564\" data-col-size=\"sm\">Grubo\u015b\u0107 ostrza<\/td>\n<td data-start=\"2564\" data-end=\"2570\" data-col-size=\"sm\">4 mm<\/td>\n<\/tr>\n<tr data-start=\"2571\" data-end=\"2592\">\n<td data-start=\"2571\" data-end=\"2585\" data-col-size=\"sm\">D\u0142ugo\u015b\u0107 zamkni\u0119cia<\/td>\n<td data-col-size=\"sm\" data-start=\"2585\" data-end=\"2592\">11 cm<\/td>\n<\/tr>\n<tr data-start=\"2593\" data-end=\"2616\">\n<td data-start=\"2593\" data-end=\"2607\" data-col-size=\"sm\">D\u0142ugo\u015b\u0107 ca\u0142kowita<\/td>\n<td data-start=\"2607\" data-end=\"2616\" data-col-size=\"sm\">18,5 cm<\/td>\n<\/tr>\n<tr data-start=\"2617\" data-end=\"2632\">\n<td data-start=\"2617\" data-end=\"2626\" data-col-size=\"sm\">Waga<\/td>\n<td data-start=\"2626\" data-end=\"2632\" data-col-size=\"sm\">97 g<\/td>\n<\/tr>\n<tr data-start=\"2633\" data-end=\"2656\">\n<td data-start=\"2633\" data-end=\"2651\" data-col-size=\"sm\">Materia\u0142 r\u0119koje\u015bci<\/td>\n<td data-start=\"2651\" data-end=\"2656\" data-col-size=\"sm\">G10<\/td>\n<\/tr>\n<tr data-start=\"2657\" data-end=\"2681\">\n<td data-start=\"2657\" data-end=\"2667\" data-col-size=\"sm\">Rodzaj stali<\/td>\n<td data-start=\"2667\" data-end=\"2681\" data-col-size=\"sm\">CPM Magnacut<\/td>\n<\/tr>\n<\/tbody>\n<\/table>\n<\/div>\n<\/div>\n<hr data-start=\"2683\" data-end=\"2686\">\n<p data-start=\"2688\" data-end=\"2707\">\u2705 <strong data-start=\"2690\" data-end=\"2707\">G\u0142\u00f3wne korzy\u015bci<\/strong><\/p>\n<p data-start=\"2709\" data-end=\"2845\">Najwy\u017cszej jako\u015bci stal CPM MagnaCut<br data-start=\"2735\" data-end=\"2738\">Niezawodna blokada kompresji<br data-start=\"2765\" data-end=\"2768\">Kompaktowy i ergonomiczny format<br data-start=\"2798\" data-end=\"2801\">Wyr\u00f3\u017cniaj\u0105ca si\u0119 kolorystyka<br data-start=\"2826\" data-end=\"2829\">Wyprodukowano w USA<\/p>\n<hr data-start=\"2847\" data-end=\"2850\">\n<p data-start=\"2852\" data-end=\"2872\">\u26a0\ufe0f <strong data-start=\"2855\" data-end=\"2872\">Mo\u017cliwe ograniczenia<\/strong><\/p>\n<p data-start=\"2874\" data-end=\"2957\">Otwieranie r\u0119czne<br data-start=\"2892\" data-end=\"2895\">Wytrzyma\u0142e ostrze o grubo\u015bci 4 mm<br data-start=\"2927\" data-end=\"2930\">Kategoria cenowa Premium<\/p>\n<hr data-start=\"2959\" data-end=\"2962\">\n<p data-start=\"2964\" data-end=\"2985\">\ud83d\udee0\ufe0f <strong data-start=\"2968\" data-end=\"2985\">Konserwacja i piel\u0119gnacja<\/strong><\/p>\n<p data-start=\"2987\" data-end=\"3055\">Wyczy\u015b\u0107 i wysusz ostrze po u\u017cyciu, aby zachowa\u0107 jego trwa\u0142o\u015b\u0107.<\/p>\n<p data-start=\"3057\" data-end=\"3121\">Uchwyt nale\u017cy utrzymywa\u0107 w stanie suchym i czystym, zw\u0142aszcza po kontakcie z wilgoci\u0105.<\/p>\n<p data-start=\"3123\" data-end=\"3181\">W celu d\u0142u\u017cszego przechowywania nale\u017cy lekko nasmarowa\u0107 ostrze olejem ochronnym<\/p>\n<p data-start=\"3183\" data-end=\"3349\">Do ostrzenia no\u017cy polecamy ostrza\u0142k\u0119 Spyderco Tri-Angle Sharpmaker Complete Sharpening System 204MF &#8211; idealn\u0105 r\u00f3wnie\u017c do ostrzy g\u0142adkich. Kup na naszej stronie Moskito.cz <\/p>\n<p data-start=\"3351\" data-end=\"3418\">Regularna piel\u0119gnacja zapewnia d\u0142ugotrwa\u0142\u0105 niezawodno\u015b\u0107 i maksymaln\u0105 wydajno\u015b\u0107.<\/p>\n<hr data-start=\"3420\" data-end=\"3423\">\n<p data-start=\"3425\" data-end=\"3446\">\ud83c\udfaf <strong data-start=\"3428\" data-end=\"3446\">Polecane dla<\/strong><\/p>\n<p data-start=\"3448\" data-end=\"3550\">Wymagaj\u0105cy u\u017cytkownicy EDC<br data-start=\"3469\" data-end=\"3472\">Aktywno\u015b\u0107 na \u015bwie\u017cym powietrzu i w wodzie<br data-start=\"3496\" data-end=\"3499\">Zastosowanie profesjonalne<br data-start=\"3520\" data-end=\"3523\">Wentylatory platformy Para 3<\/p>\n<hr data-start=\"3552\" data-end=\"3555\">\n<p data-start=\"3557\" data-end=\"3582\">\u2b50 <strong data-start=\"3559\" data-end=\"3582\">Ocena ko\u0144cowa<\/strong><\/p>\n<p data-start=\"3584\" data-end=\"3822\" data-is-last-node=\"\" data-is-only-node=\"\">Spyderco Para 3 Salt CPM MagnaCut C223GBKYLMCP \u0142\u0105czy kompaktowe wymiary, nowoczesn\u0105 stal malowan\u0105 proszkowo i solidn\u0105 blokad\u0119 Compression Lock w wysoce funkcjonalny n\u00f3\u017c EDC. Rezultatem jest zaawansowane technicznie, trwa\u0142e i wyr\u00f3\u017cniaj\u0105ce si\u0119 narz\u0119dzie pracy bez kompromis\u00f3w \ud83d\udd2a\ud83d\udfe1\u26ab <\/p>\n","protected":false},"excerpt":{"rendered":"<p><strong>Spyderco Para 3 Salt CPM MagnaCut C223GBKYLMCP \u0142\u0105czy kompaktowe wymiary, nowoczesn\u0105 stal malowan\u0105 proszkowo i solidn\u0105 blokad\u0119 Compression Lock w wysoce funkcjonalny n\u00f3\u017c EDC. Rezultatem jest zaawansowane technicznie, trwa\u0142e i wyr\u00f3\u017cniaj\u0105ce si\u0119 narz\u0119dzie pracy bez kompromis\u00f3w \ud83d\udd2a\ud83d\udfe1\u26ab <\/strong><\/p>\n<p><strong>Darmowa wysy\u0142ka.<\/strong><\/p>\n","protected":false},"featured_media":437298,"comment_status":"open","ping_status":"closed","template":"","meta":[],"pwb-brand":[3432],"product_brand":[],"product_cat":[3307,3296],"product_tag":[],"class_list":{"0":"post-437353","1":"product","2":"type-product","3":"status-publish","4":"has-post-thumbnail","6":"pwb-brand-spyderco-pl","7":"product_cat-zamykanie-nozy","8":"product_cat-noze-pl","10":"first","11":"instock","12":"taxable","13":"shipping-taxable","14":"purchasable","15":"product-type-simple"},"brands":[{"id":3432,"name":"Spyderco","slug":"spyderco-pl"}],"_links":{"self":[{"href":"https:\/\/www.moskito.cz\/pl\/wp-json\/wp\/v2\/product\/437353","targetHints":{"allow":["GET"]}}],"collection":[{"href":"https:\/\/www.moskito.cz\/pl\/wp-json\/wp\/v2\/product"}],"about":[{"href":"https:\/\/www.moskito.cz\/pl\/wp-json\/wp\/v2\/types\/product"}],"replies":[{"embeddable":true,"href":"https:\/\/www.moskito.cz\/pl\/wp-json\/wp\/v2\/comments?post=437353"}],"wp:featuredmedia":[{"embeddable":true,"href":"https:\/\/www.moskito.cz\/pl\/wp-json\/wp\/v2\/media\/437298"}],"wp:attachment":[{"href":"https:\/\/www.moskito.cz\/pl\/wp-json\/wp\/v2\/media?parent=437353"}],"wp:term":[{"taxonomy":"pwb-brand","embeddable":true,"href":"https:\/\/www.moskito.cz\/pl\/wp-json\/wp\/v2\/pwb-brand?post=437353"},{"taxonomy":"product_brand","embeddable":true,"href":"https:\/\/www.moskito.cz\/pl\/wp-json\/wp\/v2\/product_brand?post=437353"},{"taxonomy":"product_cat","embeddable":true,"href":"https:\/\/www.moskito.cz\/pl\/wp-json\/wp\/v2\/product_cat?post=437353"},{"taxonomy":"product_tag","embeddable":true,"href":"https:\/\/www.moskito.cz\/pl\/wp-json\/wp\/v2\/product_tag?post=437353"}],"curies":[{"name":"wp","href":"https:\/\/api.w.org\/{rel}","templated":true}]}}