{"id":437422,"date":"2026-02-15T15:43:48","date_gmt":"2026-02-15T14:43:48","guid":{"rendered":"https:\/\/www.moskito.cz\/produkt\/noz-zamykajacy-byrd-cara-cara-2-by03bkps2\/"},"modified":"2026-02-15T16:08:02","modified_gmt":"2026-02-15T15:08:02","slug":"noz-zamykajacy-byrd-cara-cara-2-by03bkps2","status":"publish","type":"product","link":"https:\/\/www.moskito.cz\/pl\/produkt\/noz-zamykajacy-byrd-cara-cara-2-by03bkps2\/","title":{"rendered":"N\u00f3\u017c zamykaj\u0105cy Byrd Cara Cara 2 BY03BKPS2"},"content":{"rendered":"<p data-start=\"120\" data-end=\"371\">Gdy tylko we\u017amiesz do r\u0119ki <strong data-start=\"143\" data-end=\"173\">Byrd Cara Cara 2 BY03BKPS2<\/strong>, od razu rozpoznasz solidn\u0105 konstrukcj\u0119 i roboczy charakter tego modelu. Cara Cara 2 to wi\u0119kszy n\u00f3\u017c EDC ze stalow\u0105 r\u0119koje\u015bci\u0105 i czernionym ostrzem kombinowanym, zaprojektowany do niezawodnego codziennego u\u017cytku. <\/p>\n<p data-start=\"373\" data-end=\"478\">Model ten jest produkowany przez Byrd, mark\u0119 ameryka\u0144skiej firmy <strong data-start=\"436\" data-end=\"477\"><span class=\"hover:entity-accent entity-underline inline cursor-pointer align-baseline\"><span class=\"whitespace-normal\">Spyderco<\/span><\/span><\/strong>.<\/p>\n<hr data-start=\"480\" data-end=\"483\">\n<p data-start=\"485\" data-end=\"513\">\ud83d\udd25 <strong data-start=\"488\" data-end=\"513\">Charakter i filozofia<\/strong><\/p>\n<p data-start=\"515\" data-end=\"684\">Cara Cara 2 zosta\u0142 zaprojektowany jako wytrzyma\u0142e narz\u0119dzie robocze. Jego wi\u0119kszy rozmiar i solidna konstrukcja sprawiaj\u0105, \u017ce jest to idealny wyb\u00f3r dla u\u017cytkownik\u00f3w, kt\u00f3rzy potrzebuj\u0105 bardziej wytrzyma\u0142ego no\u017ca do zamykania. <\/p>\n<p data-start=\"686\" data-end=\"890\">W modelu tym zastosowano blokad\u0119 <strong data-start=\"700\" data-end=\"728\">Back Lock<\/strong>, kt\u00f3ra znana jest ze swojej wytrzyma\u0142o\u015bci i bezpiecze\u0144stwa dzia\u0142ania. Otwieranie odbywa si\u0119 za pomoc\u0105 typowego otworu Byrda w kszta\u0142cie komety, umo\u017cliwiaj\u0105cego obs\u0142ug\u0119 jedn\u0105 r\u0119k\u0105. <\/p>\n<hr data-start=\"892\" data-end=\"895\">\n<p data-start=\"897\" data-end=\"913\"><strong data-start=\"900\" data-end=\"913\">O producencie<\/strong><\/p>\n<p data-start=\"915\" data-end=\"1101\">Byrd to bardziej przyst\u0119pna cenowo linia produkt\u00f3w Spyderco. Zachowuje ergonomiczne zasady i funkcjonalny design typowy dla marki macierzystej, ale oferuje bardziej przyst\u0119pne cenowo rozwi\u0105zania materia\u0142owe. <\/p>\n<p data-start=\"1103\" data-end=\"1126\">Producent: Spyderco, USA.<\/p>\n<hr data-start=\"1128\" data-end=\"1131\">\n<p data-start=\"1133\" data-end=\"1190\"><strong data-start=\"1137\" data-end=\"1190\">Ostrze<\/strong> \ud83d\udde1\ufe0f <strong data-start=\"1137\" data-end=\"1190\">&#8211; Ostrze kombinowane z ca\u0142kowicie p\u0142askim ci\u0119ciem<\/strong><\/p>\n<p data-start=\"1192\" data-end=\"1282\">Ostrze ma <strong data-start=\"1201\" data-end=\"1241\">kombinowan\u0105 kraw\u0119d\u017a<\/strong> &#8211; cz\u0119\u015bciowo g\u0142adk\u0105, cz\u0119\u015bciowo z\u0105bkowan\u0105.<\/p>\n<p data-start=\"1284\" data-end=\"1291\">Zalety:<\/p>\n<p data-start=\"1293\" data-end=\"1438\">G\u0142adka cz\u0119\u015b\u0107 do precyzyjnych ci\u0119\u0107<br data-start=\"1320\" data-end=\"1323\">Z\u0105bkowana cz\u0119\u015b\u0107 do lin, pas\u00f3w i materia\u0142\u00f3w w\u0142\u00f3knistych<br data-start=\"1377\" data-end=\"1380\">Pe\u0142ny p\u0142aski szlif dla wydajnego ci\u0119cia<\/p>\n<p data-start=\"1440\" data-end=\"1519\">Czarne wyko\u0144czenie ostrza dodaje taktycznego wygl\u0105du i pomaga zmniejszy\u0107 odblaski.<\/p>\n<hr data-start=\"1521\" data-end=\"1524\">\n<p data-start=\"1526\" data-end=\"1548\"><strong data-start=\"1529\" data-end=\"1548\">Stal &#8211; 8Cr13MoV<\/strong><\/p>\n<p data-start=\"1550\" data-end=\"1633\">Zastosowana stal <strong data-start=\"1563\" data-end=\"1575\">to 8Cr13MoV<\/strong>, sprawdzona stal nierdzewna odpowiednia do codziennego u\u017cytku.<\/p>\n<p data-start=\"1635\" data-end=\"1651\">Charakterystyka:<\/p>\n<p data-start=\"1653\" data-end=\"1752\">dobra odporno\u015b\u0107 na korozj\u0119<br data-start=\"1680\" data-end=\"1683\">\u0142atwe ostrzenie<br data-start=\"1698\" data-end=\"1701\">zr\u00f3wnowa\u017cony stosunek mi\u0119dzy wytrzyma\u0142o\u015bci\u0105 a zachowaniem kraw\u0119dzi<\/p>\n<p data-start=\"1754\" data-end=\"1826\">Jest to idealne rozwi\u0105zanie dla u\u017cytkownik\u00f3w poszukuj\u0105cych praktycznego no\u017ca o niskich wymaganiach konserwacyjnych.<\/p>\n<hr data-start=\"1828\" data-end=\"1831\">\n<p data-start=\"1833\" data-end=\"1879\"><strong data-start=\"1836\" data-end=\"1879\">Uchwyt &#8211; stal nierdzewna oksydowana na czarno<\/strong><\/p>\n<p data-start=\"1881\" data-end=\"1945\">R\u0119koje\u015b\u0107 wykonana jest ze stali nierdzewnej pokrytej czarn\u0105 oksyd\u0105.<\/p>\n<p data-start=\"1947\" data-end=\"2035\">Mocna i wytrzyma\u0142a konstrukcja<br data-start=\"1974\" data-end=\"1977\">odporno\u015b\u0107 na zu\u017cycie<br data-start=\"2001\" data-end=\"2004\">klasyczny stalowy dotyk w d\u0142oni<\/p>\n<p data-start=\"2037\" data-end=\"2120\">4-pozycyjny, odwracalny klips pozwala na noszenie zar\u00f3wno praw\u0105, jak i lew\u0105 r\u0119k\u0105.<\/p>\n<hr data-start=\"2122\" data-end=\"2125\">\n<p data-start=\"2127\" data-end=\"2155\">\u2699\ufe0f <strong data-start=\"2130\" data-end=\"2155\">Dane techniczne<\/strong><\/p>\n<p data-start=\"2157\" data-end=\"2691\">Numer artyku\u0142u: BY03BKPS2<br data-start=\"2182\" data-end=\"2185\">Nazwa: Byrd Cara Cara2 Stainless Black Blade, CombinationEdge<br data-start=\"2246\" data-end=\"2249\">Rodzaj stali: 8Cr13MoV<br data-start=\"2268\" data-end=\"2271\">D\u0142ugo\u015b\u0107 ostrza: 95,0 mm \/ 3,75&#8243;<br data-start=\"2300\" data-end=\"2303\">Grubo\u015b\u0107 ostrza: 3.0 mm \/ 0.118&#8243;<br data-start=\"2335\" data-end=\"2338\">D\u0142ugo\u015b\u0107 ca\u0142kowita: 217.0 mm \/ 8.53&#8243;<br data-start=\"2369\" data-end=\"2372\">D\u0142ugo\u015b\u0107 po z\u0142o\u017ceniu: 121.0 mm \/ 4.78&#8243;<br data-start=\"2413\" data-end=\"2416\">Waga: 153.0 g \/ 5.4 oz<br data-start=\"2442\" data-end=\"2445\">Typ ostrza: kombinowane (cz\u0119\u015bciowo z\u0105bkowane)<br data-start=\"2489\" data-end=\"2492\">Szlif: W pe\u0142ni p\u0142aski szlif<br data-start=\"2526\" data-end=\"2529\">Typ blokady: Odwr\u00f3cona blokada<br data-start=\"2552\" data-end=\"2555\">Typ r\u0119koje\u015bci: Stal nierdzewna z czarn\u0105 pow\u0142ok\u0105 oksydacyjn\u0105<br data-start=\"2609\" data-end=\"2612\">Klips: 4-pozycyjny obur\u0119czny (sk\u0142adany g\u00f3ra\/d\u00f3\u0142)<br data-start=\"2664\" data-end=\"2667\">Producent: Spyderco, USA<\/p>\n<hr data-start=\"2693\" data-end=\"2696\">\n<p data-start=\"2698\" data-end=\"2717\">\u2705 <strong data-start=\"2700\" data-end=\"2717\">G\u0142\u00f3wne korzy\u015bci<\/strong><\/p>\n<p data-start=\"2719\" data-end=\"2867\">Wytrzyma\u0142a stalowa konstrukcja<br data-start=\"2746\" data-end=\"2749\">Ostrze kombinowane do uniwersalnych zastosowa\u0144<br data-start=\"2790\" data-end=\"2793\">Niezawodna blokada Back Lock<br data-start=\"2813\" data-end=\"2816\">\u0141atwa do ostrzenia stal 8Cr13MoV<br data-start=\"2848\" data-end=\"2851\">4 pozycyjny klips<\/p>\n<hr data-start=\"2869\" data-end=\"2872\">\n<p data-start=\"2874\" data-end=\"2894\">\u26a0\ufe0f <strong data-start=\"2877\" data-end=\"2894\">Mo\u017cliwe ograniczenia<\/strong><\/p>\n<p data-start=\"2896\" data-end=\"3088\">Wi\u0119ksza waga w por\u00f3wnaniu z lekkimi modelami FRN lub G10<br data-start=\"2945\" data-end=\"2948\">Ostrze kombinowane mo\u017ce nie odpowiada\u0107 entuzjastom ostrzy g\u0142adkich<br data-start=\"3012\" data-end=\"3015\">Stal \u015bredniej jako\u015bci wymaga cz\u0119stszego ostrzenia przy intensywnym u\u017cytkowaniu.<\/p>\n<hr data-start=\"3090\" data-end=\"3093\">\n<p data-start=\"3095\" data-end=\"3116\">\ud83d\udee0\ufe0f <strong data-start=\"3099\" data-end=\"3116\">Konserwacja i piel\u0119gnacja<\/strong><\/p>\n<p data-start=\"3118\" data-end=\"3186\">Wyczy\u015b\u0107 i wysusz ostrze po u\u017cyciu, aby zachowa\u0107 jego trwa\u0142o\u015b\u0107.<\/p>\n<p data-start=\"3188\" data-end=\"3252\">Uchwyt nale\u017cy utrzymywa\u0107 w stanie suchym i czystym, zw\u0142aszcza po kontakcie z wilgoci\u0105.<\/p>\n<p data-start=\"3254\" data-end=\"3312\">W celu d\u0142u\u017cszego przechowywania nale\u017cy lekko nasmarowa\u0107 ostrze olejem ochronnym<\/p>\n<p data-start=\"3314\" data-end=\"3489\">Do ostrzenia ostrza zalecamy Spyderco Tri-Angle Sharpmaker Complete Sharpening System 204MF &#8211; idealny zar\u00f3wno do g\u0142adkich, jak i z\u0105bkowanych sekcji. Kup na naszej stronie Moskito.cz <\/p>\n<p data-start=\"3491\" data-end=\"3558\">Regularna piel\u0119gnacja zapewnia d\u0142ugotrwa\u0142\u0105 niezawodno\u015b\u0107 i maksymaln\u0105 wydajno\u015b\u0107.<\/p>\n<hr data-start=\"3560\" data-end=\"3563\">\n<p data-start=\"3565\" data-end=\"3586\">\ud83c\udfaf <strong data-start=\"3568\" data-end=\"3586\">Polecane dla<\/strong><\/p>\n<p data-start=\"3588\" data-end=\"3727\">Codzienna praca<br data-start=\"3615\" data-end=\"3618\">U\u017cytkownicy preferuj\u0105cy solidne konstrukcje stalowe<br data-start=\"3668\" data-end=\"3671\">Praca na zewn\u0105trz i w warsztacie<br data-start=\"3686\" data-end=\"3689\">Praca z linami i materia\u0142ami w\u0142\u00f3knistymi<\/p>\n<hr data-start=\"3729\" data-end=\"3732\">\n<p data-start=\"3734\" data-end=\"3759\">\u2b50 <strong data-start=\"3736\" data-end=\"3759\">Ocena ko\u0144cowa<\/strong><\/p>\n<p data-start=\"3761\" data-end=\"3974\" data-is-last-node=\"\" data-is-only-node=\"\">Byrd Cara Cara 2 BY03BKPS2 to solidny, praktyczny i niedrogi n\u00f3\u017c roboczy z kombinowanym ostrzem i solidn\u0105 stalow\u0105 konstrukcj\u0105. Oferuje niezawodno\u015b\u0107, wszechstronno\u015b\u0107 i funkcjonalny design do codziennego u\u017cytku \ud83d\udd2a\ud83d\udda4 <\/p>\n","protected":false},"excerpt":{"rendered":"<p><strong>Byrd Cara Cara 2 BY03BKPS2 to solidny, praktyczny i niedrogi n\u00f3\u017c roboczy z kombinowanym ostrzem i solidn\u0105 stalow\u0105 konstrukcj\u0105. Oferuje niezawodno\u015b\u0107, wszechstronno\u015b\u0107 i funkcjonalny design do codziennego u\u017cytku \ud83d\udd2a\ud83d\udda4 <\/strong><\/p>\n","protected":false},"featured_media":437377,"comment_status":"open","ping_status":"closed","template":"","meta":[],"pwb-brand":[4040],"product_brand":[],"product_cat":[3307,3296],"product_tag":[],"class_list":{"0":"post-437422","1":"product","2":"type-product","3":"status-publish","4":"has-post-thumbnail","6":"pwb-brand-byrd-pl","7":"product_cat-zamykanie-nozy","8":"product_cat-noze-pl","10":"first","11":"instock","12":"taxable","13":"shipping-taxable","14":"purchasable","15":"product-type-simple"},"brands":[{"id":4040,"name":"Byrd","slug":"byrd-pl"}],"_links":{"self":[{"href":"https:\/\/www.moskito.cz\/pl\/wp-json\/wp\/v2\/product\/437422","targetHints":{"allow":["GET"]}}],"collection":[{"href":"https:\/\/www.moskito.cz\/pl\/wp-json\/wp\/v2\/product"}],"about":[{"href":"https:\/\/www.moskito.cz\/pl\/wp-json\/wp\/v2\/types\/product"}],"replies":[{"embeddable":true,"href":"https:\/\/www.moskito.cz\/pl\/wp-json\/wp\/v2\/comments?post=437422"}],"wp:featuredmedia":[{"embeddable":true,"href":"https:\/\/www.moskito.cz\/pl\/wp-json\/wp\/v2\/media\/437377"}],"wp:attachment":[{"href":"https:\/\/www.moskito.cz\/pl\/wp-json\/wp\/v2\/media?parent=437422"}],"wp:term":[{"taxonomy":"pwb-brand","embeddable":true,"href":"https:\/\/www.moskito.cz\/pl\/wp-json\/wp\/v2\/pwb-brand?post=437422"},{"taxonomy":"product_brand","embeddable":true,"href":"https:\/\/www.moskito.cz\/pl\/wp-json\/wp\/v2\/product_brand?post=437422"},{"taxonomy":"product_cat","embeddable":true,"href":"https:\/\/www.moskito.cz\/pl\/wp-json\/wp\/v2\/product_cat?post=437422"},{"taxonomy":"product_tag","embeddable":true,"href":"https:\/\/www.moskito.cz\/pl\/wp-json\/wp\/v2\/product_tag?post=437422"}],"curies":[{"name":"wp","href":"https:\/\/api.w.org\/{rel}","templated":true}]}}