{"id":437675,"date":"2026-02-16T15:58:14","date_gmt":"2026-02-16T14:58:14","guid":{"rendered":"https:\/\/www.moskito.cz\/produkt\/noz-wyrzutowy-microtech-socom-elite-stonewash-160a-11od\/"},"modified":"2026-02-16T18:31:02","modified_gmt":"2026-02-16T17:31:02","slug":"noz-wyrzutowy-microtech-socom-elite-stonewash-160a-11od","status":"publish","type":"product","link":"https:\/\/www.moskito.cz\/pl\/produkt\/noz-wyrzutowy-microtech-socom-elite-stonewash-160a-11od\/","title":{"rendered":"N\u00f3\u017c wyrzutowy Microtech SOCOM ELITE STONEWASH 160A-11OD"},"content":{"rendered":"<p data-start=\"0\" data-end=\"84\"><strong data-start=\"0\" data-end=\"84\">icrotech SOCOM ELITE S\/E AUTO 160A-11OD &#8211; OD Green \/ Stonewash cz\u0119\u015bciowo z\u0105bkowany<\/strong><\/p>\n<p data-start=\"86\" data-end=\"436\">Gdy tylko we\u017amiesz do r\u0119ki n\u00f3\u017c <strong data-start=\"109\" data-end=\"153\">Microtech SOCOM ELITE S\/E AUTO 160A-11OD<\/strong>, od razu poczujesz solidn\u0105 konstrukcj\u0119, precyzyjny mechanizm i taktyczny charakter, kt\u00f3ry jest typowy dla tego modelu. Ten wariant \u0142\u0105czy w sobie wytrzyma\u0142\u0105 powierzchni\u0119 r\u0119koje\u015bci w kolorze OD green z cz\u0119\u015bciowo z\u0105bkowanym ostrzem typu stonewashed &#8211; idealnym do wszechstronnego u\u017cytku taktycznego i terenowego. <\/p>\n<p data-start=\"438\" data-end=\"517\">Zaprojektowany przez Anthony&#8217;ego (Tony) Marfiona i w ca\u0142o\u015bci wyprodukowany i zmontowany w \ud83c\uddfa\ud83c\uddf8 USA.<\/p>\n<p data-start=\"519\" data-end=\"547\">\ud83d\udd25 <strong data-start=\"522\" data-end=\"547\">Charakter i filozofia<\/strong><\/p>\n<p data-start=\"549\" data-end=\"818\">Microtech SOCOM ELITE zosta\u0142 zaprojektowany jako niezawodny, wytrzyma\u0142y i mocny n\u00f3\u017c automatyczny do profesjonalnych zastosowa\u0144 taktycznych i wymagaj\u0105cego EDC. Model S\/E (Single Edge) z cz\u0119\u015bciowo z\u0105bkowanym ostrzem oferuje idealne po\u0142\u0105czenie g\u0142adkiej i z\u0105bkowanej kraw\u0119dzi do wszechstronnego ci\u0119cia. <\/p>\n<p data-start=\"820\" data-end=\"983\">Automatyczny mechanizm z bocznym suwakiem zapewnia p\u0142ynne, intuicyjne otwieranie i chowanie ostrza &#8211; zar\u00f3wno w sytuacjach stresowych, jak i podczas codziennego u\u017cytkowania.<\/p>\n<p data-start=\"985\" data-end=\"1001\"><strong data-start=\"988\" data-end=\"1001\">O producencie<\/strong><\/p>\n<p data-start=\"1003\" data-end=\"1161\"><span class=\"hover:entity-accent entity-underline inline cursor-pointer align-baseline\"><span class=\"whitespace-normal\">Microtech Knives<\/span><\/span> to ameryka\u0144ska marka z ponad 30-letni\u0105 tradycj\u0105 w produkcji wysokiej klasy no\u017cy automatycznych i OTF. Typowe cechy obejmuj\u0105: <\/p>\n<ul data-start=\"1163\" data-end=\"1317\">\n<li data-start=\"1163\" data-end=\"1188\">\n<p data-start=\"1165\" data-end=\"1188\">Precyzyjna obr\u00f3bka CNC<\/p>\n<\/li>\n<li data-start=\"1189\" data-end=\"1223\">\n<p data-start=\"1191\" data-end=\"1223\">Opatentowane mechanizmy wewn\u0119trzne<\/p>\n<\/li>\n<li data-start=\"1224\" data-end=\"1253\">\n<p data-start=\"1226\" data-end=\"1253\">Sta\u0142a kontrola jako\u015bci<\/p>\n<\/li>\n<li data-start=\"1254\" data-end=\"1287\">\n<p data-start=\"1256\" data-end=\"1287\">Innowacyjne rozwi\u0105zania projektowe<\/p>\n<\/li>\n<li data-start=\"1288\" data-end=\"1317\">\n<p data-start=\"1290\" data-end=\"1317\">Wyr\u00f3\u017cniaj\u0105ca si\u0119 estetyka taktyczna<\/p>\n<\/li>\n<\/ul>\n<p data-start=\"1319\" data-end=\"1416\">Ka\u017cdy element jest r\u0119cznie wykonywany i montowany w USA pod kierownictwem <span class=\"hover:entity-accent entity-underline inline cursor-pointer align-baseline\"><span class=\"whitespace-normal\">Anthony&#8217;ego Marfione<\/span><\/span>.<\/p>\n<p data-start=\"1418\" data-end=\"1464\">\ud83d\udde1\ufe0f <strong data-start=\"1422\" data-end=\"1464\">Ostrze &#8211; Stonewash Cz\u0119\u015bciowo z\u0105bkowane S\/E<\/strong><\/p>\n<p data-start=\"1466\" data-end=\"1500\">Ta konfiguracja ostrza \u0142\u0105czy w sobie:<\/p>\n<ul data-start=\"1502\" data-end=\"1695\">\n<li data-start=\"1502\" data-end=\"1551\">\n<p data-start=\"1504\" data-end=\"1551\"><strong data-start=\"1504\" data-end=\"1526\">g\u0142adkie ostrze (S\/E)<\/strong> do czystych, precyzyjnych ci\u0119\u0107<\/p>\n<\/li>\n<li data-start=\"1552\" data-end=\"1695\">\n<p data-start=\"1554\" data-end=\"1695\"><strong data-start=\"1554\" data-end=\"1590\">sekcja z\u0105bkowana (cz\u0119\u015bciowo z\u0105bkowana)<\/strong> do wydajnych zada\u0144 na w\u0142\u00f3knistych lub sztywniejszych materia\u0142ach &#8211; na przyk\u0142ad linach, pasach lub w\u0142\u00f3knach tekstylnych<\/p>\n<\/li>\n<\/ul>\n<p data-start=\"1697\" data-end=\"1724\">Wyko\u0144czenie Stonewash:<\/p>\n<ul data-start=\"1726\" data-end=\"1825\">\n<li data-start=\"1726\" data-end=\"1745\">\n<p data-start=\"1728\" data-end=\"1745\">redukuje odblaski<\/p>\n<\/li>\n<li data-start=\"1746\" data-end=\"1777\">\n<p data-start=\"1748\" data-end=\"1777\">maski wizualne<\/p>\n<\/li>\n<li data-start=\"1778\" data-end=\"1825\">\n<p data-start=\"1780\" data-end=\"1825\">nadaje no\u017cowi niepozorny taktyczny matowy wygl\u0105d<\/p>\n<\/li>\n<\/ul>\n<p data-start=\"1827\" data-end=\"1933\">Profil ten jest idealny dla u\u017cytkownik\u00f3w, kt\u00f3rzy potrzebuj\u0105 wszechstronnego ostrza o po\u0142\u0105czonych mo\u017cliwo\u015bciach ci\u0119cia.<\/p>\n<p data-start=\"1935\" data-end=\"1971\"><strong data-start=\"1938\" data-end=\"1971\">Stal &#8211; najwy\u017cszej jako\u015bci stal nierdzewna<\/strong><\/p>\n<p data-start=\"1973\" data-end=\"2045\">U\u017cywana stal nale\u017cy do segmentu premium materia\u0142\u00f3w na sztu\u0107ce &#8211; oferuje:<\/p>\n<ul data-start=\"2047\" data-end=\"2142\">\n<li data-start=\"2047\" data-end=\"2072\">\n<p data-start=\"2049\" data-end=\"2072\">Wysoka retencja ostrza<\/p>\n<\/li>\n<li data-start=\"2073\" data-end=\"2104\">\n<p data-start=\"2075\" data-end=\"2104\">Dobra odporno\u015b\u0107 na korozj\u0119<\/p>\n<\/li>\n<li data-start=\"2105\" data-end=\"2142\">\n<p data-start=\"2107\" data-end=\"2142\">Wysoka odporno\u015b\u0107 na zu\u017cycie<\/p>\n<\/li>\n<\/ul>\n<p data-start=\"2144\" data-end=\"2262\">Takie po\u0142\u0105czenie zapewnia niezawodne dzia\u0142anie nawet w wymagaj\u0105cych zadaniach i d\u0142ug\u0105 \u017cywotno\u015b\u0107 ostrza w codziennym u\u017cytkowaniu.<\/p>\n<p data-start=\"2264\" data-end=\"2298\"><strong data-start=\"2267\" data-end=\"2298\">Uchwyt &#8211; aluminium w kolorze OD Green<\/strong><\/p>\n<p data-start=\"2300\" data-end=\"2500\">R\u0119koje\u015b\u0107 wykonana jest z anodyzowanego aluminium 6061-T6 w kolorze <strong data-start=\"2362\" data-end=\"2374\">zielonym OD<\/strong>, nadaj\u0105c temu modelowi charakterystyczny taktyczny charakter i praktyczn\u0105 kombinacj\u0119 kolor\u00f3w do zastosowa\u0144 outdoorowych i taktycznych.<\/p>\n<ul data-start=\"2502\" data-end=\"2714\">\n<li data-start=\"2502\" data-end=\"2543\">\n<p data-start=\"2504\" data-end=\"2543\">Tekstura antypo\u015blizgowa 3D frezowana CNC<\/p>\n<\/li>\n<li data-start=\"2544\" data-end=\"2572\">\n<p data-start=\"2546\" data-end=\"2572\">Wpuszczany suwak boczny<\/p>\n<\/li>\n<li data-start=\"2573\" data-end=\"2600\">\n<p data-start=\"2575\" data-end=\"2600\">Jimping zapewniaj\u0105cy pewny chwyt<\/p>\n<\/li>\n<li data-start=\"2601\" data-end=\"2657\">\n<p data-start=\"2603\" data-end=\"2657\">Obur\u0119czny, g\u0142\u0119boki klips (prawy\/lewy, tip-down)<\/p>\n<\/li>\n<li data-start=\"2658\" data-end=\"2714\">\n<p data-start=\"2660\" data-end=\"2714\">Dodatkowe informacje, takie jak numer seryjny i data produkcji<\/p>\n<\/li>\n<\/ul>\n<p data-start=\"2716\" data-end=\"2811\">Zielony kolor OD jest zar\u00f3wno praktyczny, jak i stylowy i pomaga zamaskowa\u0107 drobne zadrapania spowodowane normalnym zu\u017cyciem.<\/p>\n<p data-start=\"2813\" data-end=\"2854\">\u2699\ufe0f <strong data-start=\"2816\" data-end=\"2854\">Dane techniczne (orientacyjne)<\/strong><\/p>\n<p data-start=\"2856\" data-end=\"2905\"><em data-start=\"2856\" data-end=\"2905\">Parametry mog\u0105 si\u0119 r\u00f3\u017cni\u0107 w zale\u017cno\u015bci od konkretnej serii.<\/em><\/p>\n<div class=\"TyagGW_tableContainer\">\n<div class=\"group TyagGW_tableWrapper flex flex-col-reverse w-fit\" tabindex=\"-1\">\n<table class=\"w-fit min-w-(--thread-content-width)\" data-start=\"2907\" data-end=\"3469\">\n<thead data-start=\"2907\" data-end=\"2927\">\n<tr data-start=\"2907\" data-end=\"2927\">\n<th class=\"\" data-start=\"2907\" data-end=\"2916\" data-col-size=\"sm\">Parametr<\/th>\n<th class=\"\" data-start=\"2916\" data-end=\"2927\" data-col-size=\"sm\">Warto\u015b\u0107<\/th>\n<\/tr>\n<\/thead>\n<tbody data-start=\"2940\" data-end=\"3469\">\n<tr data-start=\"2940\" data-end=\"2970\">\n<td data-start=\"2940\" data-end=\"2946\" data-col-size=\"sm\">Model<\/td>\n<td data-start=\"2946\" data-end=\"2970\" data-col-size=\"sm\">SOCOM ELITE S\/E AUTO<\/td>\n<\/tr>\n<tr data-start=\"2971\" data-end=\"3001\">\n<td data-start=\"2971\" data-end=\"2988\" data-col-size=\"sm\">Numer produktu<\/td>\n<td data-start=\"2988\" data-end=\"3001\" data-col-size=\"sm\">160A-11OD<\/td>\n<\/tr>\n<tr data-start=\"3002\" data-end=\"3034\">\n<td data-start=\"3002\" data-end=\"3016\" data-col-size=\"sm\">D\u0142ugo\u015b\u0107 ca\u0142kowita<\/td>\n<td data-start=\"3016\" data-end=\"3034\" data-col-size=\"sm\">ok. 225-235 mm<\/td>\n<\/tr>\n<tr data-start=\"3035\" data-end=\"3065\">\n<td data-start=\"3035\" data-end=\"3048\" data-col-size=\"sm\">D\u0142ugo\u015b\u0107 ostrza<\/td>\n<td data-start=\"3048\" data-end=\"3065\" data-col-size=\"sm\">ok. 95-100 mm<\/td>\n<\/tr>\n<tr data-start=\"3066\" data-end=\"3100\">\n<td data-start=\"3066\" data-end=\"3082\" data-col-size=\"sm\">Grubo\u015b\u0107 ostrza<\/td>\n<td data-start=\"3082\" data-end=\"3100\" data-col-size=\"sm\">ok. 3,3-3,8 mm<\/td>\n<\/tr>\n<tr data-start=\"3101\" data-end=\"3134\">\n<td data-start=\"3101\" data-end=\"3116\" data-col-size=\"sm\">D\u0142ugo\u015b\u0107 uchwytu<\/td>\n<td data-start=\"3116\" data-end=\"3134\" data-col-size=\"sm\">ok. 125-135 mm<\/td>\n<\/tr>\n<tr data-start=\"3135\" data-end=\"3161\">\n<td data-start=\"3135\" data-end=\"3144\" data-col-size=\"sm\">Waga<\/td>\n<td data-start=\"3144\" data-end=\"3161\" data-col-size=\"sm\">ok. 140-150 g<\/td>\n<\/tr>\n<tr data-start=\"3162\" data-end=\"3207\">\n<td data-start=\"3162\" data-end=\"3172\" data-col-size=\"sm\">Typ ostrza<\/td>\n<td data-start=\"3172\" data-end=\"3207\" data-col-size=\"sm\">Cz\u0119\u015bciowo z\u0105bkowane Stonewash, S\/E<\/td>\n<\/tr>\n<tr data-start=\"3208\" data-end=\"3237\">\n<td data-start=\"3208\" data-end=\"3222\" data-col-size=\"sm\">Powierzchnia ostrza<\/td>\n<td data-start=\"3222\" data-end=\"3237\" data-col-size=\"sm\">Kamieniowana<\/td>\n<\/tr>\n<tr data-start=\"3238\" data-end=\"3274\">\n<td data-start=\"3238\" data-end=\"3256\" data-col-size=\"sm\">Materia\u0142 r\u0119koje\u015bci<\/td>\n<td data-start=\"3256\" data-end=\"3274\" data-col-size=\"sm\">Aluminium 6061-T6<\/td>\n<\/tr>\n<tr data-start=\"3275\" data-end=\"3302\">\n<td data-start=\"3275\" data-end=\"3290\" data-col-size=\"sm\">Kolor uchwytu<\/td>\n<td data-start=\"3290\" data-end=\"3302\" data-col-size=\"sm\">OD Zielony<\/td>\n<\/tr>\n<tr data-start=\"3303\" data-end=\"3347\">\n<td data-start=\"3303\" data-end=\"3315\" data-col-size=\"sm\">Mechanizm<\/td>\n<td data-start=\"3315\" data-end=\"3347\" data-col-size=\"sm\">Automatyczny &#8211; suwak boczny<\/td>\n<\/tr>\n<tr data-start=\"3348\" data-end=\"3384\">\n<td data-start=\"3348\" data-end=\"3358\" data-col-size=\"sm\">Otwieranie<\/td>\n<td data-start=\"3358\" data-end=\"3384\" data-col-size=\"sm\">Automatyczne &#8211; zamek przesuwny<\/td>\n<\/tr>\n<tr data-start=\"3385\" data-end=\"3419\">\n<td data-start=\"3385\" data-end=\"3390\" data-col-size=\"sm\">Klips<\/td>\n<td data-start=\"3390\" data-end=\"3419\" data-col-size=\"sm\">Obur\u0119czny, do g\u0142\u0119bokiego noszenia<\/td>\n<\/tr>\n<tr data-start=\"3420\" data-end=\"3449\">\n<td data-start=\"3420\" data-end=\"3429\" data-col-size=\"sm\">Projektant<\/td>\n<td data-start=\"3429\" data-end=\"3449\" data-col-size=\"sm\">Anthony Marfione<\/td>\n<\/tr>\n<tr data-start=\"3450\" data-end=\"3469\">\n<td data-start=\"3450\" data-end=\"3462\" data-col-size=\"sm\">Kraj pochodzenia<\/td>\n<td data-start=\"3462\" data-end=\"3469\" data-col-size=\"sm\">USA<\/td>\n<\/tr>\n<\/tbody>\n<\/table>\n<\/div>\n<\/div>\n<p data-start=\"3471\" data-end=\"3490\">\u2705 <strong data-start=\"3473\" data-end=\"3490\">G\u0142\u00f3wne korzy\u015bci<\/strong><\/p>\n<ul data-start=\"3492\" data-end=\"3759\">\n<li data-start=\"3492\" data-end=\"3539\">\n<p data-start=\"3494\" data-end=\"3539\">Szybki i niezawodny mechanizm automatyczny<\/p>\n<\/li>\n<li data-start=\"3540\" data-end=\"3583\">\n<p data-start=\"3542\" data-end=\"3583\">Uniwersalne ostrze z \u0142\u0105czon\u0105 kraw\u0119dzi\u0105<\/p>\n<\/li>\n<li data-start=\"3584\" data-end=\"3634\">\n<p data-start=\"3586\" data-end=\"3634\">Powierzchnia Stonewash maskuje odblaski i zadrapania<\/p>\n<\/li>\n<li data-start=\"3635\" data-end=\"3677\">\n<p data-start=\"3637\" data-end=\"3677\">Wysokiej jako\u015bci stal o doskona\u0142ej retencji ostrza<\/p>\n<\/li>\n<li data-start=\"3678\" data-end=\"3719\">\n<p data-start=\"3680\" data-end=\"3719\">Uchwyt w kolorze OD green o taktycznym wygl\u0105dzie<\/p>\n<\/li>\n<li data-start=\"3720\" data-end=\"3759\">\n<p data-start=\"3722\" data-end=\"3759\">Ergonomiczna tekstura zapewniaj\u0105ca pewny chwyt<\/p>\n<\/li>\n<\/ul>\n<p data-start=\"3761\" data-end=\"3781\">\u26a0\ufe0f <strong data-start=\"3764\" data-end=\"3781\">Mo\u017cliwe ograniczenia<\/strong><\/p>\n<ul data-start=\"3783\" data-end=\"3949\">\n<li data-start=\"3783\" data-end=\"3841\">\n<p data-start=\"3785\" data-end=\"3841\">Cz\u0119\u015bciowo z\u0105bkowane ostrze wymaga specjalistycznego szlifowania<\/p>\n<\/li>\n<li data-start=\"3842\" data-end=\"3895\">\n<p data-start=\"3844\" data-end=\"3895\">Wy\u017cszy poziom cen odpowiadaj\u0105cy produkcji premium<\/p>\n<\/li>\n<li data-start=\"3896\" data-end=\"3949\">\n<p data-start=\"3898\" data-end=\"3949\">Mechanizm automatyczny wymaga regularnej konserwacji<\/p>\n<\/li>\n<\/ul>\n<p data-start=\"3951\" data-end=\"3972\">\ud83d\udee0\ufe0f <strong data-start=\"3955\" data-end=\"3972\">Konserwacja i piel\u0119gnacja<\/strong><\/p>\n<ul data-start=\"3974\" data-end=\"4153\">\n<li data-start=\"3974\" data-end=\"4009\">\n<p data-start=\"3976\" data-end=\"4009\">Wyczy\u015b\u0107 i wysusz ostrze po u\u017cyciu<\/p>\n<\/li>\n<li data-start=\"4010\" data-end=\"4044\">\n<p data-start=\"4012\" data-end=\"4044\">Uchwyt powinien by\u0107 suchy i czysty<\/p>\n<\/li>\n<li data-start=\"4045\" data-end=\"4097\">\n<p data-start=\"4047\" data-end=\"4097\">Regularnie sprawdzaj mechanizm i usuwaj wszelkie zabrudzenia<\/p>\n<\/li>\n<li data-start=\"4098\" data-end=\"4153\">\n<p data-start=\"4100\" data-end=\"4153\">Do szlifowania cz\u0119\u015bci z\u0105bkowanych nale\u017cy u\u017cywa\u0107 odpowiednich narz\u0119dzi<\/p>\n<\/li>\n<\/ul>\n<p data-start=\"4155\" data-end=\"4221\">W\u0142a\u015bciwa piel\u0119gnacja zapewnia d\u0142ugotrwa\u0142\u0105 niezawodno\u015b\u0107 i wysok\u0105 wydajno\u015b\u0107 no\u017ca.<\/p>\n<p data-start=\"4223\" data-end=\"4244\">\ud83c\udfaf <strong data-start=\"4226\" data-end=\"4244\">Polecane dla<\/strong><\/p>\n<ul data-start=\"4246\" data-end=\"4403\">\n<li data-start=\"4246\" data-end=\"4280\">\n<p data-start=\"4248\" data-end=\"4280\">Profesjonalne zastosowanie taktyczne<\/p>\n<\/li>\n<li data-start=\"4281\" data-end=\"4306\">\n<p data-start=\"4283\" data-end=\"4306\">Wymagaj\u0105cy u\u017cytkownicy EDC<\/p>\n<\/li>\n<li data-start=\"4307\" data-end=\"4359\">\n<p data-start=\"4309\" data-end=\"4359\">Aktywno\u015bci na \u015bwie\u017cym powietrzu wymagaj\u0105ce uniwersalnego ostrza<\/p>\n<\/li>\n<li data-start=\"4360\" data-end=\"4403\">\n<p data-start=\"4362\" data-end=\"4403\">Kolekcjonerzy wysokiej jako\u015bci no\u017cy automatycznych<\/p>\n<\/li>\n<\/ul>\n<p data-start=\"4405\" data-end=\"4430\">\u2b50 <strong data-start=\"4407\" data-end=\"4430\">Ocena ko\u0144cowa<\/strong><\/p>\n<p data-start=\"4432\" data-end=\"4761\"><strong data-start=\"4432\" data-end=\"4476\">Microtech SOCOM ELITE S\/E AUTO 160A-11OD<\/strong> w kolorze OD Green z cz\u0119\u015bciowo z\u0105bkowanym ostrzem stonewash to wszechstronny i precyzyjnie wykonany n\u00f3\u017c automatyczny, kt\u00f3ry \u0142\u0105czy w sobie wydajno\u015b\u0107 taktyczn\u0105, solidn\u0105 konstrukcj\u0119 i wszechstronne mo\u017cliwo\u015bci ci\u0119cia. Jest to doskona\u0142y wyb\u00f3r dla tych, kt\u00f3rzy chc\u0105 wydajno\u015bci i niezawodno\u015bci bez kompromis\u00f3w \ud83d\udd2a\ud83d\udd25 <\/p>\n","protected":false},"excerpt":{"rendered":"<p><strong>Microtech SOCOM ELITE S\/E AUTO 160A-11OD w kolorze OD Green z cz\u0119\u015bciowo z\u0105bkowanym ostrzem stonewash to wszechstronny i precyzyjnie wykonany n\u00f3\u017c automatyczny, kt\u00f3ry \u0142\u0105czy w sobie wydajno\u015b\u0107 taktyczn\u0105, solidn\u0105 konstrukcj\u0119 i wszechstronne mo\u017cliwo\u015bci ci\u0119cia. Jest to doskona\u0142y wyb\u00f3r dla tych, kt\u00f3rzy chc\u0105 wydajno\u015bci i niezawodno\u015bci bez kompromis\u00f3w \ud83d\udd2a\ud83d\udd25 <\/strong><\/p>\n<p><strong>Darmowa wysy\u0142ka.<\/strong><\/p>\n","protected":false},"featured_media":437548,"comment_status":"open","ping_status":"closed","template":"","meta":[],"pwb-brand":[3279],"product_brand":[],"product_cat":[3344,3296],"product_tag":[],"class_list":{"0":"post-437675","1":"product","2":"type-product","3":"status-publish","4":"has-post-thumbnail","6":"pwb-brand-microtech-pl","7":"product_cat-noze-strzeleckie","8":"product_cat-noze-pl","10":"first","11":"instock","12":"taxable","13":"shipping-taxable","14":"purchasable","15":"product-type-simple"},"brands":[{"id":3279,"name":"Microtech","slug":"microtech-pl"}],"_links":{"self":[{"href":"https:\/\/www.moskito.cz\/pl\/wp-json\/wp\/v2\/product\/437675","targetHints":{"allow":["GET"]}}],"collection":[{"href":"https:\/\/www.moskito.cz\/pl\/wp-json\/wp\/v2\/product"}],"about":[{"href":"https:\/\/www.moskito.cz\/pl\/wp-json\/wp\/v2\/types\/product"}],"replies":[{"embeddable":true,"href":"https:\/\/www.moskito.cz\/pl\/wp-json\/wp\/v2\/comments?post=437675"}],"wp:featuredmedia":[{"embeddable":true,"href":"https:\/\/www.moskito.cz\/pl\/wp-json\/wp\/v2\/media\/437548"}],"wp:attachment":[{"href":"https:\/\/www.moskito.cz\/pl\/wp-json\/wp\/v2\/media?parent=437675"}],"wp:term":[{"taxonomy":"pwb-brand","embeddable":true,"href":"https:\/\/www.moskito.cz\/pl\/wp-json\/wp\/v2\/pwb-brand?post=437675"},{"taxonomy":"product_brand","embeddable":true,"href":"https:\/\/www.moskito.cz\/pl\/wp-json\/wp\/v2\/product_brand?post=437675"},{"taxonomy":"product_cat","embeddable":true,"href":"https:\/\/www.moskito.cz\/pl\/wp-json\/wp\/v2\/product_cat?post=437675"},{"taxonomy":"product_tag","embeddable":true,"href":"https:\/\/www.moskito.cz\/pl\/wp-json\/wp\/v2\/product_tag?post=437675"}],"curies":[{"name":"wp","href":"https:\/\/api.w.org\/{rel}","templated":true}]}}