{"id":437679,"date":"2026-02-16T15:29:24","date_gmt":"2026-02-16T14:29:24","guid":{"rendered":"https:\/\/www.moskito.cz\/produkt\/noz-wyrzutowy-microtech-combat-troodon-iii-1142-3ta\/"},"modified":"2026-02-16T18:31:08","modified_gmt":"2026-02-16T17:31:08","slug":"noz-wyrzutowy-microtech-combat-troodon-iii-1142-3ta","status":"publish","type":"product","link":"https:\/\/www.moskito.cz\/pl\/produkt\/noz-wyrzutowy-microtech-combat-troodon-iii-1142-3ta\/","title":{"rendered":"N\u00f3\u017c wyrzutowy Microtech Combat Troodon III 1142-3TA"},"content":{"rendered":"<p data-start=\"0\" data-end=\"83\"><strong data-start=\"0\" data-end=\"83\">Microtech Combat Troodon D\/E Gen III 1142-3TA &#8211; czarna r\u0119koje\u015b\u0107 Full Serrate \/ Tan Handle<\/strong><\/p>\n<p data-start=\"85\" data-end=\"435\">Gdy tylko we\u017amiesz do r\u0119ki n\u00f3\u017c <strong data-start=\"108\" data-end=\"157\">Microtech Combat Troodon D\/E Gen III 1142-3TA<\/strong>, od razu poczujesz precyzyjn\u0105 mechanik\u0119 i agresywny taktyczny charakter, kt\u00f3ry charakteryzuje ten model. Ta wersja \u0142\u0105czy w sobie czarne, w pe\u0142ni z\u0105bkowane ostrze z br\u0105zow\u0105 anodyzowan\u0105 r\u0119koje\u015bci\u0105, tworz\u0105c silny kontrast wizualny, a tak\u017ce funkcjonalne narz\u0119dzie gotowe do szerokiego zakresu zada\u0144. <\/p>\n<p data-start=\"437\" data-end=\"516\">Zaprojektowany przez Anthony&#8217;ego (Tony) Marfiona i w ca\u0142o\u015bci wyprodukowany i zmontowany w \ud83c\uddfa\ud83c\uddf8 USA.<\/p>\n<p data-start=\"518\" data-end=\"546\">\ud83d\udd25 <strong data-start=\"521\" data-end=\"546\">Charakter i filozofia<\/strong><\/p>\n<p data-start=\"548\" data-end=\"931\">Combat Troodon to jeden z najpot\u0119\u017cniejszych modeli OTF firmy Microtech, a jego wariant Gen III zapewnia ulepszon\u0105 konstrukcj\u0119 i wydajno\u015b\u0107. Pe\u0142ne z\u0105bkowane ostrze D\/E (Double Edge) zapewnia maksymaln\u0105 penetracj\u0119 i doskonale radzi sobie z ci\u0119ciem materia\u0142\u00f3w, w kt\u00f3rych z\u0105bkowana kraw\u0119d\u017a jest korzystna &#8211; takich jak liny, ta\u015bmy lub sztywne tkaniny. Model ten zosta\u0142 zaprojektowany z my\u015bl\u0105 o wymagaj\u0105cych sytuacjach taktycznych i trudnych zastosowaniach EDC.  <\/p>\n<p data-start=\"933\" data-end=\"1082\">Wg\u0142\u0119biony suwak boczny zapewnia naturaln\u0105, intuicyjn\u0105 kontrol\u0119, kt\u00f3ra umo\u017cliwia szybkie wysuwanie i bezpieczne chowanie ostrza jednym p\u0142ynnym ruchem.<\/p>\n<p data-start=\"1084\" data-end=\"1100\"><strong data-start=\"1087\" data-end=\"1100\">O producencie<\/strong><\/p>\n<p data-start=\"1102\" data-end=\"1256\"><span class=\"hover:entity-accent entity-underline inline cursor-pointer align-baseline\"><span class=\"whitespace-normal\">Microtech Knives<\/span><\/span> to ameryka\u0144ska marka z ponad 30-letni\u0105 tradycj\u0105 w produkcji najwy\u017cszej jako\u015bci no\u017cy OTF i automatycznych. Typowe cechy to: <\/p>\n<ul data-start=\"1258\" data-end=\"1397\">\n<li data-start=\"1258\" data-end=\"1283\">\n<p data-start=\"1260\" data-end=\"1283\">Precyzyjna obr\u00f3bka CNC<\/p>\n<\/li>\n<li data-start=\"1284\" data-end=\"1318\">\n<p data-start=\"1286\" data-end=\"1318\">Opatentowane mechanizmy wewn\u0119trzne<\/p>\n<\/li>\n<li data-start=\"1319\" data-end=\"1340\">\n<p data-start=\"1321\" data-end=\"1340\">Innowacyjna konstrukcja<\/p>\n<\/li>\n<li data-start=\"1341\" data-end=\"1367\">\n<p data-start=\"1343\" data-end=\"1367\">\u015acis\u0142a kontrola jako\u015bci<\/p>\n<\/li>\n<li data-start=\"1368\" data-end=\"1397\">\n<p data-start=\"1370\" data-end=\"1397\">Wyr\u00f3\u017cniaj\u0105ca si\u0119 estetyka taktyczna<\/p>\n<\/li>\n<\/ul>\n<p data-start=\"1399\" data-end=\"1490\">Ka\u017cdy element jest produkowany i montowany w USA pod kierownictwem <span class=\"hover:entity-accent entity-underline inline cursor-pointer align-baseline\"><span class=\"whitespace-normal\">Anthony Marfione<\/span><\/span>.<\/p>\n<p data-start=\"1492\" data-end=\"1536\">\ud83d\udde1\ufe0f <strong data-start=\"1496\" data-end=\"1536\">Ostrze &#8211; D\/E Full Serrate Black Blade<\/strong><\/p>\n<p data-start=\"1538\" data-end=\"1619\">Ostrze z obustronnym ostrzem i w pe\u0142ni z\u0105bkowanym profilem umo\u017cliwia:<\/p>\n<ul data-start=\"1621\" data-end=\"1738\">\n<li data-start=\"1621\" data-end=\"1644\">\n<p data-start=\"1623\" data-end=\"1644\">ekstremalna odporno\u015b\u0107 na przebicie<\/p>\n<\/li>\n<li data-start=\"1645\" data-end=\"1692\">\n<p data-start=\"1647\" data-end=\"1692\">doskona\u0142e ci\u0119cie w\u0142\u00f3kien i sztywnych materia\u0142\u00f3w<\/p>\n<\/li>\n<li data-start=\"1693\" data-end=\"1738\">\n<p data-start=\"1695\" data-end=\"1738\">sta\u0142a wydajno\u015b\u0107 niezale\u017cnie od rodzaju ci\u0119cia<\/p>\n<\/li>\n<\/ul>\n<p data-start=\"1740\" data-end=\"1812\">Czarne wyko\u0144czenie zmniejsza odblaski i dodaje no\u017cowi taktycznego charakteru.<\/p>\n<p data-start=\"1814\" data-end=\"1951\">Z\u0105bkowane ostrze jest skuteczne tam, gdzie g\u0142adkie ostrze traci wydajno\u015b\u0107 &#8211; na przyk\u0142ad podczas ci\u0119cia lin, balast\u00f3w lub innych materia\u0142\u00f3w \u015bciernych.<\/p>\n<p data-start=\"1953\" data-end=\"1989\"><strong data-start=\"1956\" data-end=\"1989\">Stal &#8211; najwy\u017cszej jako\u015bci stal nierdzewna<\/strong><\/p>\n<p data-start=\"1991\" data-end=\"2069\">Zastosowana stal nale\u017cy do segmentu premium materia\u0142\u00f3w na sztu\u0107ce &#8211; charakteryzuje si\u0119:<\/p>\n<ul data-start=\"2071\" data-end=\"2164\">\n<li data-start=\"2071\" data-end=\"2109\">\n<p data-start=\"2073\" data-end=\"2109\">Wysoka odporno\u015b\u0107 na zu\u017cycie<\/p>\n<\/li>\n<li data-start=\"2110\" data-end=\"2138\">\n<p data-start=\"2112\" data-end=\"2138\">Dobra odporno\u015b\u0107 na korozj\u0119<\/p>\n<\/li>\n<li data-start=\"2139\" data-end=\"2164\">\n<p data-start=\"2141\" data-end=\"2164\">D\u0142uga retencja ostrza<\/p>\n<\/li>\n<\/ul>\n<p data-start=\"2166\" data-end=\"2232\">Takie po\u0142\u0105czenie zapewnia niezawodn\u0105 wydajno\u015b\u0107 nawet w wymagaj\u0105cych zadaniach.<\/p>\n<p data-start=\"2234\" data-end=\"2272\"><strong data-start=\"2237\" data-end=\"2272\">Uchwyt &#8211; aluminium anodowane na kolor br\u0105zowy<\/strong><\/p>\n<p data-start=\"2274\" data-end=\"2385\">Uchwyt wykonany jest z anodyzowanego aluminium 6061-T6 w kolorze br\u0105zowym, kt\u00f3ry wygl\u0105da solidnie i jednocze\u015bnie jest praktyczny.<\/p>\n<ul data-start=\"2387\" data-end=\"2602\">\n<li data-start=\"2387\" data-end=\"2428\">\n<p data-start=\"2389\" data-end=\"2428\">Tekstura antypo\u015blizgowa 3D frezowana CNC<\/p>\n<\/li>\n<li data-start=\"2429\" data-end=\"2459\">\n<p data-start=\"2431\" data-end=\"2459\">Jimping dla lepszej kontroli<\/p>\n<\/li>\n<li data-start=\"2460\" data-end=\"2488\">\n<p data-start=\"2462\" data-end=\"2488\">Wpuszczany suwak boczny<\/p>\n<\/li>\n<li data-start=\"2489\" data-end=\"2545\">\n<p data-start=\"2491\" data-end=\"2545\">Obur\u0119czny, g\u0142\u0119boki klips (prawy\/lewy, tip-down)<\/p>\n<\/li>\n<li data-start=\"2546\" data-end=\"2602\">\n<p data-start=\"2548\" data-end=\"2602\">Dodatkowe informacje, takie jak numer seryjny i data produkcji<\/p>\n<\/li>\n<\/ul>\n<p data-start=\"2604\" data-end=\"2699\">Opalony kolor jest praktyczny, dobrze komponuje si\u0119 ze sprz\u0119tem taktycznym i dobrze maskuje drobne zadrapania.<\/p>\n<p data-start=\"2701\" data-end=\"2742\">\u2699\ufe0f <strong data-start=\"2704\" data-end=\"2742\">Dane techniczne (orientacyjne)<\/strong><\/p>\n<p data-start=\"2744\" data-end=\"2793\"><em data-start=\"2744\" data-end=\"2793\">Parametry mog\u0105 si\u0119 r\u00f3\u017cni\u0107 w zale\u017cno\u015bci od konkretnej serii.<\/em><\/p>\n<div class=\"TyagGW_tableContainer\">\n<div class=\"group TyagGW_tableWrapper flex flex-col-reverse w-fit\" tabindex=\"-1\">\n<table class=\"w-fit min-w-(--thread-content-width)\" data-start=\"2795\" data-end=\"3331\">\n<thead data-start=\"2795\" data-end=\"2813\">\n<tr data-start=\"2795\" data-end=\"2813\">\n<th class=\"\" data-start=\"2795\" data-end=\"2804\" data-col-size=\"sm\">Parametr<\/th>\n<th class=\"\" data-start=\"2804\" data-end=\"2813\" data-col-size=\"sm\">Warto\u015b\u0107<\/th>\n<\/tr>\n<\/thead>\n<tbody data-start=\"2824\" data-end=\"3331\">\n<tr data-start=\"2824\" data-end=\"2860\">\n<td data-start=\"2824\" data-end=\"2830\" data-col-size=\"sm\">Model<\/td>\n<td data-start=\"2830\" data-end=\"2860\" data-col-size=\"sm\">Combat Troodon D\/E Gen III<\/td>\n<\/tr>\n<tr data-start=\"2861\" data-end=\"2890\">\n<td data-start=\"2861\" data-end=\"2878\" data-col-size=\"sm\">Numer produktu<\/td>\n<td data-start=\"2878\" data-end=\"2890\" data-col-size=\"sm\">1142-3TA<\/td>\n<\/tr>\n<tr data-start=\"2891\" data-end=\"2923\">\n<td data-start=\"2891\" data-end=\"2905\" data-col-size=\"sm\">Ca\u0142kowita d\u0142ugo\u015b\u0107<\/td>\n<td data-start=\"2905\" data-end=\"2923\" data-col-size=\"sm\">ok. 230-240 mm<\/td>\n<\/tr>\n<tr data-start=\"2924\" data-end=\"2954\">\n<td data-start=\"2924\" data-end=\"2937\" data-col-size=\"sm\">D\u0142ugo\u015b\u0107 ostrza<\/td>\n<td data-start=\"2937\" data-end=\"2954\" data-col-size=\"sm\">ok. 95-100 mm<\/td>\n<\/tr>\n<tr data-start=\"2955\" data-end=\"2989\">\n<td data-start=\"2955\" data-end=\"2971\" data-col-size=\"sm\">Grubo\u015b\u0107 ostrza<\/td>\n<td data-start=\"2971\" data-end=\"2989\" data-col-size=\"sm\">ok. 3,0-3,5 mm<\/td>\n<\/tr>\n<tr data-start=\"2990\" data-end=\"3023\">\n<td data-start=\"2990\" data-end=\"3005\" data-col-size=\"sm\">D\u0142ugo\u015b\u0107 uchwytu<\/td>\n<td data-start=\"3005\" data-end=\"3023\" data-col-size=\"sm\">ok. 135-140 mm<\/td>\n<\/tr>\n<tr data-start=\"3024\" data-end=\"3050\">\n<td data-start=\"3024\" data-end=\"3033\" data-col-size=\"sm\">Waga<\/td>\n<td data-start=\"3033\" data-end=\"3050\" data-col-size=\"sm\">ok. 150-160 g<\/td>\n<\/tr>\n<tr data-start=\"3051\" data-end=\"3082\">\n<td data-start=\"3051\" data-end=\"3061\" data-col-size=\"sm\">Typ ostrza<\/td>\n<td data-start=\"3061\" data-end=\"3082\" data-col-size=\"sm\">D\/E Pe\u0142ne z\u0105bkowane<\/td>\n<\/tr>\n<tr data-start=\"3083\" data-end=\"3106\">\n<td data-start=\"3083\" data-end=\"3097\" data-col-size=\"sm\">Powierzchnia ostrza<\/td>\n<td data-start=\"3097\" data-end=\"3106\" data-col-size=\"sm\">Czarny<\/td>\n<\/tr>\n<tr data-start=\"3107\" data-end=\"3143\">\n<td data-start=\"3107\" data-end=\"3125\" data-col-size=\"sm\">Materia\u0142 r\u0119koje\u015bci<\/td>\n<td data-start=\"3125\" data-end=\"3143\" data-col-size=\"sm\">Aluminium 6061-T6<\/td>\n<\/tr>\n<tr data-start=\"3144\" data-end=\"3166\">\n<td data-start=\"3144\" data-end=\"3159\" data-col-size=\"sm\">Kolor uchwytu<\/td>\n<td data-start=\"3159\" data-end=\"3166\" data-col-size=\"sm\">Tan<\/td>\n<\/tr>\n<tr data-start=\"3167\" data-end=\"3203\">\n<td data-start=\"3167\" data-end=\"3179\" data-col-size=\"sm\">Mechanizm<\/td>\n<td data-start=\"3179\" data-end=\"3203\" data-col-size=\"sm\">D\/A OTF &#8211; blokada suwaka<\/td>\n<\/tr>\n<tr data-start=\"3204\" data-end=\"3246\">\n<td data-start=\"3204\" data-end=\"3214\" data-col-size=\"sm\">Otwieranie<\/td>\n<td data-start=\"3214\" data-end=\"3246\" data-col-size=\"sm\">Automatyczne &#8211; suwak boczny<\/td>\n<\/tr>\n<tr data-start=\"3247\" data-end=\"3281\">\n<td data-start=\"3247\" data-end=\"3252\" data-col-size=\"sm\">Klips<\/td>\n<td data-start=\"3252\" data-end=\"3281\" data-col-size=\"sm\">Obur\u0119czny, do g\u0142\u0119bokiego noszenia<\/td>\n<\/tr>\n<tr data-start=\"3282\" data-end=\"3311\">\n<td data-start=\"3282\" data-end=\"3291\" data-col-size=\"sm\">Projektant<\/td>\n<td data-start=\"3291\" data-end=\"3311\" data-col-size=\"sm\">Anthony Marfione<\/td>\n<\/tr>\n<tr data-start=\"3312\" data-end=\"3331\">\n<td data-start=\"3312\" data-end=\"3324\" data-col-size=\"sm\">Kraj pochodzenia<\/td>\n<td data-start=\"3324\" data-end=\"3331\" data-col-size=\"sm\">USA<\/td>\n<\/tr>\n<\/tbody>\n<\/table>\n<\/div>\n<\/div>\n<p data-start=\"3333\" data-end=\"3352\">\u2705 <strong data-start=\"3335\" data-end=\"3352\">G\u0142\u00f3wne korzy\u015bci<\/strong><\/p>\n<ul data-start=\"3354\" data-end=\"3643\">\n<li data-start=\"3354\" data-end=\"3397\">\n<p data-start=\"3356\" data-end=\"3397\">Szybki i niezawodny mechanizm C\/A OTF<\/p>\n<\/li>\n<li data-start=\"3398\" data-end=\"3447\">\n<p data-start=\"3400\" data-end=\"3447\">Pe\u0142ne z\u0105bkowane ostrze D\/E o wysokiej penetracji<\/p>\n<\/li>\n<li data-start=\"3448\" data-end=\"3482\">\n<p data-start=\"3450\" data-end=\"3482\">Czarna powierzchnia redukuj\u0105ca odblaski<\/p>\n<\/li>\n<li data-start=\"3483\" data-end=\"3532\">\n<p data-start=\"3485\" data-end=\"3532\">Wysokiej jako\u015bci stal nierdzewna dobrze trzymaj\u0105ca ostrze<\/p>\n<\/li>\n<li data-start=\"3533\" data-end=\"3580\">\n<p data-start=\"3535\" data-end=\"3580\">Ergonomiczny uchwyt z teksturowan\u0105 powierzchni\u0105<\/p>\n<\/li>\n<li data-start=\"3581\" data-end=\"3643\">\n<p data-start=\"3583\" data-end=\"3643\">Wytrzyma\u0142a i lekka konstrukcja odpowiednia do codziennego u\u017cytku<\/p>\n<\/li>\n<\/ul>\n<p data-start=\"3645\" data-end=\"3665\">\u26a0\ufe0f <strong data-start=\"3648\" data-end=\"3665\">Mo\u017cliwe ograniczenia<\/strong><\/p>\n<ul data-start=\"3667\" data-end=\"3828\">\n<li data-start=\"3667\" data-end=\"3718\">\n<p data-start=\"3669\" data-end=\"3718\">Z\u0105bkowane ostrza s\u0105 trudniejsze w konserwacji i ostrzeniu<\/p>\n<\/li>\n<li data-start=\"3719\" data-end=\"3774\">\n<p data-start=\"3721\" data-end=\"3774\">Wy\u017csza kategoria cenowa odpowiadaj\u0105ca produkcji premium<\/p>\n<\/li>\n<li data-start=\"3775\" data-end=\"3828\">\n<p data-start=\"3777\" data-end=\"3828\">Mechanizm automatyczny wymaga regularnej konserwacji<\/p>\n<\/li>\n<\/ul>\n<p data-start=\"3830\" data-end=\"3851\">\ud83d\udee0\ufe0f <strong data-start=\"3834\" data-end=\"3851\">Konserwacja i piel\u0119gnacja<\/strong><\/p>\n<ul data-start=\"3853\" data-end=\"4044\">\n<li data-start=\"3853\" data-end=\"3888\">\n<p data-start=\"3855\" data-end=\"3888\">Wyczy\u015b\u0107 i wysusz ostrze po u\u017cyciu<\/p>\n<\/li>\n<li data-start=\"3889\" data-end=\"3923\">\n<p data-start=\"3891\" data-end=\"3923\">Uchwyt powinien by\u0107 suchy i czysty<\/p>\n<\/li>\n<li data-start=\"3924\" data-end=\"3976\">\n<p data-start=\"3926\" data-end=\"3976\">Regularnie sprawdzaj mechanizm i usuwaj wszelkie zabrudzenia<\/p>\n<\/li>\n<li data-start=\"3977\" data-end=\"4044\">\n<p data-start=\"3979\" data-end=\"4044\">Do szlifowania z\u0105bkowanych ostrzy zalecane s\u0105 specjalistyczne narz\u0119dzia<\/p>\n<\/li>\n<\/ul>\n<p data-start=\"4046\" data-end=\"4112\">W\u0142a\u015bciwa piel\u0119gnacja zapewnia d\u0142ugotrwa\u0142\u0105 niezawodno\u015b\u0107 i wysok\u0105 wydajno\u015b\u0107 no\u017ca.<\/p>\n<p data-start=\"4114\" data-end=\"4135\">\ud83c\udfaf <strong data-start=\"4117\" data-end=\"4135\">Polecane dla<\/strong><\/p>\n<ul data-start=\"4137\" data-end=\"4320\">\n<li data-start=\"4137\" data-end=\"4171\">\n<p data-start=\"4139\" data-end=\"4171\">Profesjonalne zastosowanie taktyczne<\/p>\n<\/li>\n<li data-start=\"4172\" data-end=\"4232\">\n<p data-start=\"4174\" data-end=\"4232\">U\u017cytkownicy, kt\u00f3rzy cz\u0119sto maj\u0105 do czynienia ze sztywnymi lub w\u0142\u00f3knistymi materia\u0142ami<\/p>\n<\/li>\n<li data-start=\"4233\" data-end=\"4268\">\n<p data-start=\"4235\" data-end=\"4268\">Kolekcjonerzy modeli premium OTF<\/p>\n<\/li>\n<li data-start=\"4269\" data-end=\"4320\">\n<p data-start=\"4271\" data-end=\"4320\">U\u017cytkownicy preferuj\u0105cy odwa\u017cne kombinacje kolor\u00f3w<\/p>\n<\/li>\n<\/ul>\n<p data-start=\"4322\" data-end=\"4347\">\u2b50 <strong data-start=\"4324\" data-end=\"4347\">Ocena ko\u0144cowa<\/strong><\/p>\n<p data-start=\"4349\" data-end=\"4625\"><strong data-start=\"4349\" data-end=\"4398\">Microtech Combat Troodon D\/E Gen III 1142-3TA<\/strong> w kolorze Black Full Serrate \/ Tan to najwy\u017cszej jako\u015bci taktyczny n\u00f3\u017c OTF z agresywnym z\u0105bkowanym ostrzem, wytrzyma\u0142\u0105 konstrukcj\u0105 i precyzyjn\u0105 ameryka\u0144sk\u0105 produkcj\u0105. To wyb\u00f3r dla tych, kt\u00f3rzy chc\u0105 wydajno\u015bci, stylu i funkcjonalno\u015bci bez kompromis\u00f3w \ud83d\udd2a\ud83d\udd25 <\/p>\n","protected":false},"excerpt":{"rendered":"<p><strong>Microtech Combat Troodon D\/E Gen III 1142-3TA w kolorze Black Full Serrate \/ Tan to najwy\u017cszej jako\u015bci taktyczny n\u00f3\u017c OTF z agresywnym z\u0105bkowanym ostrzem, wytrzyma\u0142\u0105 konstrukcj\u0105 i precyzyjn\u0105 ameryka\u0144sk\u0105 produkcj\u0105. To wyb\u00f3r dla tych, kt\u00f3rzy chc\u0105 wydajno\u015bci, stylu i funkcjonalno\u015bci bez kompromis\u00f3w \ud83d\udd2a\ud83d\udd25 <\/strong><\/p>\n<p><strong>Darmowa wysy\u0142ka.<\/strong><\/p>\n","protected":false},"featured_media":437531,"comment_status":"open","ping_status":"closed","template":"","meta":[],"pwb-brand":[3279],"product_brand":[],"product_cat":[3344,3296],"product_tag":[],"class_list":{"0":"post-437679","1":"product","2":"type-product","3":"status-publish","4":"has-post-thumbnail","6":"pwb-brand-microtech-pl","7":"product_cat-noze-strzeleckie","8":"product_cat-noze-pl","10":"first","11":"instock","12":"taxable","13":"shipping-taxable","14":"purchasable","15":"product-type-simple"},"brands":[{"id":3279,"name":"Microtech","slug":"microtech-pl"}],"_links":{"self":[{"href":"https:\/\/www.moskito.cz\/pl\/wp-json\/wp\/v2\/product\/437679","targetHints":{"allow":["GET"]}}],"collection":[{"href":"https:\/\/www.moskito.cz\/pl\/wp-json\/wp\/v2\/product"}],"about":[{"href":"https:\/\/www.moskito.cz\/pl\/wp-json\/wp\/v2\/types\/product"}],"replies":[{"embeddable":true,"href":"https:\/\/www.moskito.cz\/pl\/wp-json\/wp\/v2\/comments?post=437679"}],"wp:featuredmedia":[{"embeddable":true,"href":"https:\/\/www.moskito.cz\/pl\/wp-json\/wp\/v2\/media\/437531"}],"wp:attachment":[{"href":"https:\/\/www.moskito.cz\/pl\/wp-json\/wp\/v2\/media?parent=437679"}],"wp:term":[{"taxonomy":"pwb-brand","embeddable":true,"href":"https:\/\/www.moskito.cz\/pl\/wp-json\/wp\/v2\/pwb-brand?post=437679"},{"taxonomy":"product_brand","embeddable":true,"href":"https:\/\/www.moskito.cz\/pl\/wp-json\/wp\/v2\/product_brand?post=437679"},{"taxonomy":"product_cat","embeddable":true,"href":"https:\/\/www.moskito.cz\/pl\/wp-json\/wp\/v2\/product_cat?post=437679"},{"taxonomy":"product_tag","embeddable":true,"href":"https:\/\/www.moskito.cz\/pl\/wp-json\/wp\/v2\/product_tag?post=437679"}],"curies":[{"name":"wp","href":"https:\/\/api.w.org\/{rel}","templated":true}]}}