{"id":437683,"date":"2026-02-16T15:08:12","date_gmt":"2026-02-16T14:08:12","guid":{"rendered":"https:\/\/www.moskito.cz\/produkt\/noz-wyrzutowy-microtech-combat-troodon-gen-iii-stonewashed-1142-10rd\/"},"modified":"2026-02-16T18:31:15","modified_gmt":"2026-02-16T17:31:15","slug":"noz-wyrzutowy-microtech-combat-troodon-gen-iii-stonewashed-1142-10rd","status":"publish","type":"product","link":"https:\/\/www.moskito.cz\/pl\/produkt\/noz-wyrzutowy-microtech-combat-troodon-gen-iii-stonewashed-1142-10rd\/","title":{"rendered":"N\u00f3\u017c wyrzutowy Microtech Combat Troodon Gen III Stonewashed 1142-10RD"},"content":{"rendered":"<p data-start=\"85\" data-end=\"414\">Kiedy we\u017amiesz do r\u0119ki n\u00f3\u017c <strong data-start=\"108\" data-end=\"158\">Microtech Combat Troodon Gen III D\/E 1142-10RD<\/strong>, od razu poczujesz po\u0142\u0105czenie precyzyjnej mechaniki i dynamicznego taktycznego designu. Model ten jest pot\u0119\u017cn\u0105 wersj\u0105 legendarnego no\u017ca Troodon OTF, w kt\u00f3rym kontrast mi\u0119dzy charakterystyczn\u0105 czerwon\u0105 r\u0119koje\u015bci\u0105 a dyskretnym ostrzem stonewashed jest zar\u00f3wno stylowy, jak i funkcjonalny. <\/p>\n<p data-start=\"416\" data-end=\"495\">Zaprojektowany przez Anthony&#8217;ego (Tony) Marfiona i w ca\u0142o\u015bci wyprodukowany i zmontowany w \ud83c\uddfa\ud83c\uddf8 USA.<\/p>\n<p data-start=\"497\" data-end=\"525\">\ud83d\udd25 <strong data-start=\"500\" data-end=\"525\">Charakter i filozofia<\/strong><\/p>\n<p data-start=\"527\" data-end=\"768\">Combat Troodon Gen III to synonim mocy, niezawodno\u015bci i taktycznej wszechstronno\u015bci w no\u017cach OTF. Wersja D\/E (Double Edge) oferuje symetryczne ostrze z kraw\u0119dzi\u0105 tn\u0105c\u0105 po obu stronach, zwi\u0119kszaj\u0105c penetracj\u0119 i wszechstronno\u015b\u0107 ci\u0119cia podczas prac taktycznych. <\/p>\n<p data-start=\"770\" data-end=\"980\">Zag\u0142\u0119biony suwak boczny zapewnia p\u0142ynn\u0105 i intuicyjn\u0105 obs\u0142ug\u0119 &#8211; ostrze wysuwa si\u0119 i chowa jednym ruchem. Ca\u0142y mechanizm zosta\u0142 zaprojektowany tak, aby by\u0142 szybki, niezawodny i zapewnia\u0142 pewno\u015b\u0107 przy ka\u017cdym u\u017cyciu. <\/p>\n<p data-start=\"982\" data-end=\"998\"><strong data-start=\"985\" data-end=\"998\">O producencie<\/strong><\/p>\n<p data-start=\"1000\" data-end=\"1159\"><span class=\"hover:entity-accent entity-underline inline cursor-pointer align-baseline\"><span class=\"whitespace-normal\">Microtech Knives<\/span><\/span> to ameryka\u0144ski producent z ponad 30-letni\u0105 tradycj\u0105 w produkcji wysokiej klasy no\u017cy automatycznych i OTF. Typowe cechy obejmuj\u0105: <\/p>\n<ul data-start=\"1161\" data-end=\"1339\">\n<li data-start=\"1161\" data-end=\"1186\">\n<p data-start=\"1163\" data-end=\"1186\">Precyzyjna obr\u00f3bka CNC<\/p>\n<\/li>\n<li data-start=\"1187\" data-end=\"1221\">\n<p data-start=\"1189\" data-end=\"1221\">Opatentowane mechanizmy wewn\u0119trzne<\/p>\n<\/li>\n<li data-start=\"1222\" data-end=\"1255\">\n<p data-start=\"1224\" data-end=\"1255\">Innowacyjne rozwi\u0105zania projektowe<\/p>\n<\/li>\n<li data-start=\"1256\" data-end=\"1285\">\n<p data-start=\"1258\" data-end=\"1285\">Sta\u0142a kontrola jako\u015bci<\/p>\n<\/li>\n<li data-start=\"1286\" data-end=\"1339\">\n<p data-start=\"1288\" data-end=\"1339\">Wyr\u00f3\u017cniaj\u0105ca si\u0119 konstrukcja skoncentrowana na funkcjonalno\u015bci taktycznej<\/p>\n<\/li>\n<\/ul>\n<p data-start=\"1341\" data-end=\"1438\">Ka\u017cdy element jest r\u0119cznie wykonywany i montowany w USA pod kierownictwem <span class=\"hover:entity-accent entity-underline inline cursor-pointer align-baseline\"><span class=\"whitespace-normal\">Anthony&#8217;ego Marfione<\/span><\/span>.<\/p>\n<p data-start=\"1440\" data-end=\"1486\">\ud83d\udde1\ufe0f <strong data-start=\"1444\" data-end=\"1486\">Ostrze &#8211; D\/E (podw\u00f3jna kraw\u0119d\u017a), Stonewashed<\/strong><\/p>\n<p data-start=\"1488\" data-end=\"1543\">Ostrze D\/E zapewnia kraw\u0119d\u017a tn\u0105c\u0105 po obu stronach, umo\u017cliwiaj\u0105c:<\/p>\n<ul data-start=\"1545\" data-end=\"1640\">\n<li data-start=\"1545\" data-end=\"1567\">\n<p data-start=\"1547\" data-end=\"1567\">wysoka penetracja<\/p>\n<\/li>\n<li data-start=\"1568\" data-end=\"1595\">\n<p data-start=\"1570\" data-end=\"1595\">szybkie i wydajne ci\u0119cie<\/p>\n<\/li>\n<li data-start=\"1596\" data-end=\"1640\">\n<p data-start=\"1598\" data-end=\"1640\">Symetryczna geometria do zada\u0144 taktycznych<\/p>\n<\/li>\n<\/ul>\n<p data-start=\"1642\" data-end=\"1671\">Kamienne wyko\u0144czenie:<\/p>\n<ul data-start=\"1673\" data-end=\"1771\">\n<li data-start=\"1673\" data-end=\"1692\">\n<p data-start=\"1675\" data-end=\"1692\">redukuje odblaski<\/p>\n<\/li>\n<li data-start=\"1693\" data-end=\"1733\">\n<p data-start=\"1695\" data-end=\"1733\">maskuje drobne zadrapania wynikaj\u0105ce z u\u017cytkowania<\/p>\n<\/li>\n<li data-start=\"1734\" data-end=\"1771\">\n<p data-start=\"1736\" data-end=\"1771\">zapewnia estetyczny, dyskretny wygl\u0105d<\/p>\n<\/li>\n<\/ul>\n<p data-start=\"1773\" data-end=\"1819\">Symetryczne ostrze zapewnia wysok\u0105 jako\u015b\u0107 ci\u0119cia:<\/p>\n<ul data-start=\"1821\" data-end=\"1908\">\n<li data-start=\"1821\" data-end=\"1849\">\n<p data-start=\"1823\" data-end=\"1849\">doskona\u0142e w\u0142a\u015bciwo\u015bci tn\u0105ce<\/p>\n<\/li>\n<li data-start=\"1850\" data-end=\"1888\">\n<p data-start=\"1852\" data-end=\"1888\">R\u00f3wnomierny rozk\u0142ad si\u0142y podczas ci\u0119cia<\/p>\n<\/li>\n<li data-start=\"1889\" data-end=\"1908\">\n<p data-start=\"1891\" data-end=\"1908\">stabilno\u015b\u0107 ko\u0144c\u00f3wki<\/p>\n<\/li>\n<\/ul>\n<p data-start=\"1910\" data-end=\"1946\"><strong data-start=\"1913\" data-end=\"1946\">Stal &#8211; najwy\u017cszej jako\u015bci stal nierdzewna<\/strong><\/p>\n<p data-start=\"1948\" data-end=\"2016\">Model ten wykorzystuje wysokiej klasy materia\u0142y, z kt\u00f3rych wykonano sztu\u0107ce:<\/p>\n<ul data-start=\"2018\" data-end=\"2142\">\n<li data-start=\"2018\" data-end=\"2043\">\n<p data-start=\"2020\" data-end=\"2043\">Wysoka retencja ostrza<\/p>\n<\/li>\n<li data-start=\"2044\" data-end=\"2084\">\n<p data-start=\"2046\" data-end=\"2084\">Doskona\u0142a odporno\u015b\u0107 na zu\u017cycie<\/p>\n<\/li>\n<li data-start=\"2085\" data-end=\"2113\">\n<p data-start=\"2087\" data-end=\"2113\">Dobra odporno\u015b\u0107 na korozj\u0119<\/p>\n<\/li>\n<li data-start=\"2114\" data-end=\"2142\">\n<p data-start=\"2116\" data-end=\"2142\">niskie koszty utrzymania<\/p>\n<\/li>\n<\/ul>\n<p data-start=\"2144\" data-end=\"2209\">Taka stal zapewnia d\u0142ugotrwa\u0142\u0105 wydajno\u015b\u0107 nawet w bardziej wymagaj\u0105cych zastosowaniach.<\/p>\n<p data-start=\"2211\" data-end=\"2249\"><strong data-start=\"2214\" data-end=\"2249\">Uchwyt &#8211; aluminium anodowane na czerwono<\/strong><\/p>\n<p data-start=\"2251\" data-end=\"2394\">R\u0119koje\u015b\u0107 wykonana jest z anodyzowanego aluminium 6061-T6 w czerwonym wyko\u0144czeniu, kt\u00f3re wygl\u0105da stylowo i dobrze kontrastuje z niepozornym ostrzem.<\/p>\n<ul data-start=\"2396\" data-end=\"2647\">\n<li data-start=\"2396\" data-end=\"2437\">\n<p data-start=\"2398\" data-end=\"2437\">Tekstura antypo\u015blizgowa 3D frezowana CNC<\/p>\n<\/li>\n<li data-start=\"2438\" data-end=\"2481\">\n<p data-start=\"2440\" data-end=\"2481\">Z\u0105bkowanie na g\u00f3rze i na dole uchwytu<\/p>\n<\/li>\n<li data-start=\"2482\" data-end=\"2533\">\n<p data-start=\"2484\" data-end=\"2533\">Wpuszczony suwak boczny dla naturalnej kontroli<\/p>\n<\/li>\n<li data-start=\"2534\" data-end=\"2590\">\n<p data-start=\"2536\" data-end=\"2590\">Obur\u0119czny g\u0142\u0119boki klips do przenoszenia (prawy\/lewy, tip-down)<\/p>\n<\/li>\n<li data-start=\"2591\" data-end=\"2647\">\n<p data-start=\"2593\" data-end=\"2647\">Dodatkowe informacje, takie jak numer seryjny i data produkcji<\/p>\n<\/li>\n<\/ul>\n<p data-start=\"2649\" data-end=\"2782\">Czerwony kolor jest zar\u00f3wno efektowny wizualnie, jak i praktyczny &#8211; dobrze \u0142\u0105czy si\u0119 ze sprz\u0119tem taktycznym i maskuje \u015blady codziennego noszenia.<\/p>\n<p data-start=\"2784\" data-end=\"2825\">\u2699\ufe0f <strong data-start=\"2787\" data-end=\"2825\">Dane techniczne (orientacyjne)<\/strong><\/p>\n<p data-start=\"2827\" data-end=\"2876\"><em data-start=\"2827\" data-end=\"2876\">Parametry mog\u0105 si\u0119 r\u00f3\u017cni\u0107 w zale\u017cno\u015bci od konkretnej serii.<\/em><\/p>\n<div class=\"TyagGW_tableContainer\">\n<div class=\"group TyagGW_tableWrapper flex flex-col-reverse w-fit\" tabindex=\"-1\">\n<table class=\"w-fit min-w-(--thread-content-width)\" data-start=\"2878\" data-end=\"3421\">\n<thead data-start=\"2878\" data-end=\"2896\">\n<tr data-start=\"2878\" data-end=\"2896\">\n<th class=\"\" data-start=\"2878\" data-end=\"2887\" data-col-size=\"sm\">Parametr<\/th>\n<th class=\"\" data-start=\"2887\" data-end=\"2896\" data-col-size=\"sm\">Warto\u015b\u0107<\/th>\n<\/tr>\n<\/thead>\n<tbody data-start=\"2907\" data-end=\"3421\">\n<tr data-start=\"2907\" data-end=\"2943\">\n<td data-start=\"2907\" data-end=\"2913\" data-col-size=\"sm\">Model<\/td>\n<td data-start=\"2913\" data-end=\"2943\" data-col-size=\"sm\">Combat Troodon Gen III D\/E<\/td>\n<\/tr>\n<tr data-start=\"2944\" data-end=\"2974\">\n<td data-start=\"2944\" data-end=\"2961\" data-col-size=\"sm\">Numer produktu<\/td>\n<td data-start=\"2961\" data-end=\"2974\" data-col-size=\"sm\">1142-10RD<\/td>\n<\/tr>\n<tr data-start=\"2975\" data-end=\"3007\">\n<td data-start=\"2975\" data-end=\"2989\" data-col-size=\"sm\">Ca\u0142kowita d\u0142ugo\u015b\u0107<\/td>\n<td data-start=\"2989\" data-end=\"3007\" data-col-size=\"sm\">ok. 230-240 mm<\/td>\n<\/tr>\n<tr data-start=\"3008\" data-end=\"3038\">\n<td data-start=\"3008\" data-end=\"3021\" data-col-size=\"sm\">D\u0142ugo\u015b\u0107 ostrza<\/td>\n<td data-start=\"3021\" data-end=\"3038\" data-col-size=\"sm\">ok. 95-100 mm<\/td>\n<\/tr>\n<tr data-start=\"3039\" data-end=\"3073\">\n<td data-start=\"3039\" data-end=\"3055\" data-col-size=\"sm\">Grubo\u015b\u0107 ostrza<\/td>\n<td data-start=\"3055\" data-end=\"3073\" data-col-size=\"sm\">ok. 3,0-3,5 mm<\/td>\n<\/tr>\n<tr data-start=\"3074\" data-end=\"3107\">\n<td data-start=\"3074\" data-end=\"3089\" data-col-size=\"sm\">D\u0142ugo\u015b\u0107 uchwytu<\/td>\n<td data-start=\"3089\" data-end=\"3107\" data-col-size=\"sm\">ok. 135-140 mm<\/td>\n<\/tr>\n<tr data-start=\"3108\" data-end=\"3134\">\n<td data-start=\"3108\" data-end=\"3117\" data-col-size=\"sm\">Waga<\/td>\n<td data-start=\"3117\" data-end=\"3134\" data-col-size=\"sm\">ok. 150-160 g<\/td>\n<\/tr>\n<tr data-start=\"3135\" data-end=\"3166\">\n<td data-start=\"3135\" data-end=\"3145\" data-col-size=\"sm\">Typ ostrza<\/td>\n<td data-start=\"3145\" data-end=\"3166\" data-col-size=\"sm\">D\/E (podw\u00f3jna kraw\u0119d\u017a)<\/td>\n<\/tr>\n<tr data-start=\"3167\" data-end=\"3196\">\n<td data-start=\"3167\" data-end=\"3181\" data-col-size=\"sm\">Powierzchnia ostrza<\/td>\n<td data-start=\"3181\" data-end=\"3196\" data-col-size=\"sm\">Kamieniowana<\/td>\n<\/tr>\n<tr data-start=\"3197\" data-end=\"3233\">\n<td data-start=\"3197\" data-end=\"3215\" data-col-size=\"sm\">Materia\u0142 r\u0119koje\u015bci<\/td>\n<td data-start=\"3215\" data-end=\"3233\" data-col-size=\"sm\">Aluminium 6061-T6<\/td>\n<\/tr>\n<tr data-start=\"3234\" data-end=\"3256\">\n<td data-start=\"3234\" data-end=\"3249\" data-col-size=\"sm\">Kolor uchwytu<\/td>\n<td data-start=\"3249\" data-end=\"3256\" data-col-size=\"sm\">Czerwony<\/td>\n<\/tr>\n<tr data-start=\"3257\" data-end=\"3293\">\n<td data-start=\"3257\" data-end=\"3269\" data-col-size=\"sm\">Mechanizm<\/td>\n<td data-start=\"3269\" data-end=\"3293\" data-col-size=\"sm\">D\/A OTF &#8211; blokada suwaka<\/td>\n<\/tr>\n<tr data-start=\"3294\" data-end=\"3336\">\n<td data-start=\"3294\" data-end=\"3304\" data-col-size=\"sm\">Otwieranie<\/td>\n<td data-start=\"3304\" data-end=\"3336\" data-col-size=\"sm\">Automatyczne &#8211; suwak boczny<\/td>\n<\/tr>\n<tr data-start=\"3337\" data-end=\"3371\">\n<td data-start=\"3337\" data-end=\"3342\" data-col-size=\"sm\">Klips<\/td>\n<td data-start=\"3342\" data-end=\"3371\" data-col-size=\"sm\">Obur\u0119czny, do g\u0142\u0119bokiego noszenia<\/td>\n<\/tr>\n<tr data-start=\"3372\" data-end=\"3401\">\n<td data-start=\"3372\" data-end=\"3381\" data-col-size=\"sm\">Projektant<\/td>\n<td data-start=\"3381\" data-end=\"3401\" data-col-size=\"sm\">Anthony Marfione<\/td>\n<\/tr>\n<tr data-start=\"3402\" data-end=\"3421\">\n<td data-start=\"3402\" data-end=\"3414\" data-col-size=\"sm\">Kraj pochodzenia<\/td>\n<td data-start=\"3414\" data-end=\"3421\" data-col-size=\"sm\">USA<\/td>\n<\/tr>\n<\/tbody>\n<\/table>\n<\/div>\n<\/div>\n<p data-start=\"3423\" data-end=\"3442\">\u2705 <strong data-start=\"3425\" data-end=\"3442\">G\u0142\u00f3wne korzy\u015bci<\/strong><\/p>\n<ul data-start=\"3444\" data-end=\"3746\">\n<li data-start=\"3444\" data-end=\"3484\">\n<p data-start=\"3446\" data-end=\"3484\">Wydajny i szybki mechanizm C\/A OTF<\/p>\n<\/li>\n<li data-start=\"3485\" data-end=\"3543\">\n<p data-start=\"3487\" data-end=\"3543\">Ostrze D\/E o wysokiej penetracji i uniwersalnej wydajno\u015bci<\/p>\n<\/li>\n<li data-start=\"3544\" data-end=\"3616\">\n<p data-start=\"3546\" data-end=\"3616\">Kamienista powierzchnia zmniejsza odblaski i optycznie maskuje zu\u017cycie<\/p>\n<\/li>\n<li data-start=\"3617\" data-end=\"3667\">\n<p data-start=\"3619\" data-end=\"3667\">Wysokiej jako\u015bci stal nierdzewna o du\u017cej wytrzyma\u0142o\u015bci ostrza<\/p>\n<\/li>\n<li data-start=\"3668\" data-end=\"3717\">\n<p data-start=\"3670\" data-end=\"3717\">Ergonomiczny uchwyt z antypo\u015blizgow\u0105 tekstur\u0105<\/p>\n<\/li>\n<li data-start=\"3718\" data-end=\"3746\">\n<p data-start=\"3720\" data-end=\"3746\">Solidna i lekka konstrukcja<\/p>\n<\/li>\n<\/ul>\n<p data-start=\"3748\" data-end=\"3768\">\u26a0\ufe0f <strong data-start=\"3751\" data-end=\"3768\">Mo\u017cliwe ograniczenia<\/strong><\/p>\n<ul data-start=\"3770\" data-end=\"3946\">\n<li data-start=\"3770\" data-end=\"3831\">\n<p data-start=\"3772\" data-end=\"3831\">Wy\u017csza kategoria cenowa odpowiadaj\u0105ca najwy\u017cszej jako\u015bci wykonania<\/p>\n<\/li>\n<li data-start=\"3832\" data-end=\"3890\">\n<p data-start=\"3834\" data-end=\"3890\">Podw\u00f3jna kraw\u0119d\u017a nie jest idealna do niekt\u00f3rych precyzyjnych zada\u0144 ci\u0119cia<\/p>\n<\/li>\n<li data-start=\"3891\" data-end=\"3946\">\n<p data-start=\"3893\" data-end=\"3946\">Mechanizm automatyczny wymaga regularnej konserwacji<\/p>\n<\/li>\n<\/ul>\n<p data-start=\"3948\" data-end=\"3969\">\ud83d\udee0\ufe0f <strong data-start=\"3952\" data-end=\"3969\">Konserwacja i piel\u0119gnacja<\/strong><\/p>\n<ul data-start=\"3971\" data-end=\"4223\">\n<li data-start=\"3971\" data-end=\"4006\">\n<p data-start=\"3973\" data-end=\"4006\">Wyczy\u015b\u0107 i wysusz ostrze po u\u017cyciu<\/p>\n<\/li>\n<li data-start=\"4007\" data-end=\"4041\">\n<p data-start=\"4009\" data-end=\"4041\">Uchwyt powinien by\u0107 suchy i czysty<\/p>\n<\/li>\n<li data-start=\"4042\" data-end=\"4094\">\n<p data-start=\"4044\" data-end=\"4094\">Regularnie sprawdzaj mechanizm i usuwaj wszelkie zabrudzenia<\/p>\n<\/li>\n<li data-start=\"4095\" data-end=\"4155\">\n<p data-start=\"4097\" data-end=\"4155\">W celu d\u0142u\u017cszego przechowywania nale\u017cy lekko nasmarowa\u0107 ostrze olejem ochronnym<\/p>\n<\/li>\n<li data-start=\"4156\" data-end=\"4223\">\n<p data-start=\"4158\" data-end=\"4223\">Do ostrzenia ostrza zalecamy wysokiej jako\u015bci system zapewniaj\u0105cy g\u0142adk\u0105 kraw\u0119d\u017a<\/p>\n<\/li>\n<\/ul>\n<p data-start=\"4225\" data-end=\"4293\">Staranna konserwacja zapewnia d\u0142ugotrwa\u0142\u0105 niezawodno\u015b\u0107 i wysok\u0105 wydajno\u015b\u0107 no\u017ca.<\/p>\n<p data-start=\"4295\" data-end=\"4316\">\ud83c\udfaf <strong data-start=\"4298\" data-end=\"4316\">Polecane dla<\/strong><\/p>\n<ul data-start=\"4318\" data-end=\"4462\">\n<li data-start=\"4318\" data-end=\"4343\">\n<p data-start=\"4320\" data-end=\"4343\">Wymagaj\u0105cy u\u017cytkownicy EDC<\/p>\n<\/li>\n<li data-start=\"4344\" data-end=\"4378\">\n<p data-start=\"4346\" data-end=\"4378\">Profesjonalne zastosowanie taktyczne<\/p>\n<\/li>\n<li data-start=\"4379\" data-end=\"4412\">\n<p data-start=\"4381\" data-end=\"4412\">Kolekcjonerzy no\u017cy premium OTF<\/p>\n<\/li>\n<li data-start=\"4413\" data-end=\"4462\">\n<p data-start=\"4415\" data-end=\"4462\">U\u017cytkownicy preferuj\u0105cy wyr\u00f3\u017cniaj\u0105cy si\u0119 kolor uchwytu<\/p>\n<\/li>\n<\/ul>\n<p data-start=\"4464\" data-end=\"4489\">\u2b50 <strong data-start=\"4466\" data-end=\"4489\">Ocena ko\u0144cowa<\/strong><\/p>\n<p data-start=\"4491\" data-end=\"4780\"><strong data-start=\"4491\" data-end=\"4541\">Microtech Combat Troodon Gen III D\/E 1142-10RD<\/strong> \u0142\u0105czy w sobie wysok\u0105 wydajno\u015b\u0107 taktyczn\u0105, precyzyjn\u0105 ameryka\u0144sk\u0105 produkcj\u0119 i atrakcyjny wizualnie kontrast mi\u0119dzy czerwon\u0105 r\u0119koje\u015bci\u0105 a dyskretnym ostrzem. Ka\u017cdy, kto chce niezawodnego i wytrzyma\u0142ego no\u017ca OTF bez kompromis\u00f3w, doceni ten model \ud83d\udd2a\ud83d\udd25. <\/p>\n","protected":false},"excerpt":{"rendered":"<p><strong>Microtech Combat Troodon Gen III D\/E 1142-10RD \u0142\u0105czy w sobie wysok\u0105 wydajno\u015b\u0107 taktyczn\u0105, precyzyjn\u0105 ameryka\u0144sk\u0105 produkcj\u0119 i atrakcyjny wizualnie kontrast mi\u0119dzy czerwon\u0105 r\u0119koje\u015bci\u0105 a dyskretnym ostrzem. Ka\u017cdy, kto chce niezawodnego i wytrzyma\u0142ego no\u017ca OTF bez kompromis\u00f3w, doceni ten model \ud83d\udd2a\ud83d\udd25. <\/strong><\/p>\n<p><strong>Darmowa wysy\u0142ka.<\/strong><\/p>\n","protected":false},"featured_media":437496,"comment_status":"open","ping_status":"closed","template":"","meta":[],"pwb-brand":[3279],"product_brand":[],"product_cat":[3344,3296],"product_tag":[],"class_list":{"0":"post-437683","1":"product","2":"type-product","3":"status-publish","4":"has-post-thumbnail","6":"pwb-brand-microtech-pl","7":"product_cat-noze-strzeleckie","8":"product_cat-noze-pl","10":"first","11":"instock","12":"taxable","13":"shipping-taxable","14":"purchasable","15":"product-type-simple"},"brands":[{"id":3279,"name":"Microtech","slug":"microtech-pl"}],"_links":{"self":[{"href":"https:\/\/www.moskito.cz\/pl\/wp-json\/wp\/v2\/product\/437683","targetHints":{"allow":["GET"]}}],"collection":[{"href":"https:\/\/www.moskito.cz\/pl\/wp-json\/wp\/v2\/product"}],"about":[{"href":"https:\/\/www.moskito.cz\/pl\/wp-json\/wp\/v2\/types\/product"}],"replies":[{"embeddable":true,"href":"https:\/\/www.moskito.cz\/pl\/wp-json\/wp\/v2\/comments?post=437683"}],"wp:featuredmedia":[{"embeddable":true,"href":"https:\/\/www.moskito.cz\/pl\/wp-json\/wp\/v2\/media\/437496"}],"wp:attachment":[{"href":"https:\/\/www.moskito.cz\/pl\/wp-json\/wp\/v2\/media?parent=437683"}],"wp:term":[{"taxonomy":"pwb-brand","embeddable":true,"href":"https:\/\/www.moskito.cz\/pl\/wp-json\/wp\/v2\/pwb-brand?post=437683"},{"taxonomy":"product_brand","embeddable":true,"href":"https:\/\/www.moskito.cz\/pl\/wp-json\/wp\/v2\/product_brand?post=437683"},{"taxonomy":"product_cat","embeddable":true,"href":"https:\/\/www.moskito.cz\/pl\/wp-json\/wp\/v2\/product_cat?post=437683"},{"taxonomy":"product_tag","embeddable":true,"href":"https:\/\/www.moskito.cz\/pl\/wp-json\/wp\/v2\/product_tag?post=437683"}],"curies":[{"name":"wp","href":"https:\/\/api.w.org\/{rel}","templated":true}]}}