{"id":437694,"date":"2026-02-16T14:51:55","date_gmt":"2026-02-16T13:51:55","guid":{"rendered":"https:\/\/www.moskito.cz\/produkt\/noz-wyrzutowy-microtech-combat-troodon-gen-iii-1143-2ta\/"},"modified":"2026-02-16T18:31:28","modified_gmt":"2026-02-16T17:31:28","slug":"noz-wyrzutowy-microtech-combat-troodon-gen-iii-1143-2ta","status":"publish","type":"product","link":"https:\/\/www.moskito.cz\/pl\/produkt\/noz-wyrzutowy-microtech-combat-troodon-gen-iii-1143-2ta\/","title":{"rendered":"N\u00f3\u017c wyrzutowy Microtech Combat Troodon Gen III 1143-2TA"},"content":{"rendered":"<p data-start=\"0\" data-end=\"84\"><strong data-start=\"0\" data-end=\"84\">Microtech Auto Combat Troodon S\/E Gen III 1143-2TA &#8211; br\u0105zowe aluminium \/ Drop Point<\/strong><\/p>\n<p data-start=\"86\" data-end=\"417\">Gdy tylko we\u017amiesz do r\u0119ki <strong data-start=\"109\" data-end=\"163\">Microtech Auto Combat Troodon S\/E Gen III 1143-2TA<\/strong>, natychmiast poczujesz moc i solidny taktyczny charakter, kt\u00f3ry charakteryzuje ten kultowy model OTF. Ten wariant \u0142\u0105czy w sobie br\u0105zow\u0105 aluminiow\u0105 r\u0119koje\u015b\u0107 z precyzyjnym ostrzem drop point, kt\u00f3re zapewnia wszechstronn\u0105 wydajno\u015b\u0107 w zadaniach taktycznych i codziennym noszeniu. <\/p>\n<p data-start=\"419\" data-end=\"532\">Zaprojektowany przez Anthony&#8217;ego (Tony) Marfiona i ca\u0142kowicie wyprodukowany i zmontowany w <span class=\"hover:entity-accent entity-underline inline cursor-pointer align-baseline\"><span class=\"whitespace-normal\">USA<\/span><\/span> \ud83c\uddfa\ud83c\uddf8.<\/p>\n<p data-start=\"534\" data-end=\"562\">\ud83d\udd25 <strong data-start=\"537\" data-end=\"562\">Charakter i filozofia<\/strong><\/p>\n<p data-start=\"564\" data-end=\"779\">Combat Troodon to synonim wydajno\u015bci i niezawodno\u015bci w no\u017cach automatycznych. Wersja S\/E (Single Edge) Gen III zosta\u0142a zaprojektowana z my\u015bl\u0105 o p\u0142ynnym ci\u0119ciu z du\u017c\u0105 si\u0142\u0105, mocnym ostrzem i szybkim dost\u0119pem do ostrza jednym ruchem. <\/p>\n<p data-start=\"781\" data-end=\"1032\">Wg\u0142\u0119biony boczny suwak zapewnia naturaln\u0105 i intuicyjn\u0105 obs\u0142ug\u0119 &#8211; niezale\u017cnie od tego, czy wysuwasz ostrze szybkim ruchem, czy bezpiecznie wsuwasz je z powrotem do korpusu r\u0119koje\u015bci. Mechanizm zosta\u0142 zaprojektowany tak, aby by\u0142 dynamiczny, a jednocze\u015bnie kontrolowalny i pewny w dzia\u0142aniu. <\/p>\n<p data-start=\"1034\" data-end=\"1050\"><strong data-start=\"1037\" data-end=\"1050\">O producencie<\/strong><\/p>\n<p data-start=\"1052\" data-end=\"1162\"><span class=\"hover:entity-accent entity-underline inline cursor-pointer align-baseline\"><span class=\"whitespace-normal\">Microtech Knives<\/span><\/span> jest jednym z najbardziej szanowanych producent\u00f3w no\u017cy taktycznych i OTF na \u015bwiecie:<\/p>\n<ul data-start=\"1164\" data-end=\"1292\">\n<li data-start=\"1164\" data-end=\"1191\">\n<p data-start=\"1166\" data-end=\"1191\">Precyzyjna obr\u00f3bka CNC<\/p>\n<\/li>\n<li data-start=\"1192\" data-end=\"1230\">\n<p data-start=\"1194\" data-end=\"1230\">Opatentowane mechanizmy wewn\u0119trzne<\/p>\n<\/li>\n<li data-start=\"1231\" data-end=\"1262\">\n<p data-start=\"1233\" data-end=\"1262\">Sta\u0142a kontrola jako\u015bci<\/p>\n<\/li>\n<li data-start=\"1263\" data-end=\"1292\">\n<p data-start=\"1265\" data-end=\"1292\">Silny nacisk na innowacje<\/p>\n<\/li>\n<\/ul>\n<p data-start=\"1294\" data-end=\"1395\">Ka\u017cdy element jest r\u0119cznie wykonywany i montowany w USA pod kierownictwem <strong data-start=\"1353\" data-end=\"1394\"><span class=\"hover:entity-accent entity-underline inline cursor-pointer align-baseline\"><span class=\"whitespace-normal\">Anthony&#8217;ego Marfione<\/span><\/span><\/strong>.<\/p>\n<p data-start=\"1397\" data-end=\"1427\">\ud83d\udde1\ufe0f <strong data-start=\"1401\" data-end=\"1427\">Ostrze &#8211; Drop Point S\/E<\/strong><\/p>\n<p data-start=\"1429\" data-end=\"1516\">Ostrze drop point zapewnia wszechstronny, mocny i uniwersalny profil, kt\u00f3ry doskonale nadaje si\u0119 do..:<\/p>\n<ul data-start=\"1518\" data-end=\"1577\">\n<li data-start=\"1518\" data-end=\"1539\">\n<p data-start=\"1520\" data-end=\"1539\">kontrolowane ci\u0119cia<\/p>\n<\/li>\n<li data-start=\"1540\" data-end=\"1556\">\n<p data-start=\"1542\" data-end=\"1556\">zadania punktowe<\/p>\n<\/li>\n<li data-start=\"1557\" data-end=\"1577\">\n<p data-start=\"1559\" data-end=\"1577\">codzienne u\u017cytkowanie<\/p>\n<\/li>\n<\/ul>\n<p data-start=\"1579\" data-end=\"1785\">Ostrze z pojedyncz\u0105 kraw\u0119dzi\u0105 (S\/E) jest g\u0142adkie, agresywne i zoptymalizowane pod k\u0105tem wydajno\u015bci bez zb\u0119dnych kompromis\u00f3w. Profil Drop Point r\u00f3wnomiernie rozprowadza si\u0142\u0119 wzd\u0142u\u017c ca\u0142ego ostrza, zwi\u0119kszaj\u0105c stabilno\u015b\u0107 i wytrzyma\u0142o\u015b\u0107 czubka. <\/p>\n<p data-start=\"1787\" data-end=\"1886\"><strong data-start=\"1809\" data-end=\"1830\">Matowe<\/strong> wyko\u0144czenie zmniejsza odblaski i maskuje drobne zadrapania wynikaj\u0105ce z u\u017cytkowania.<\/p>\n<p data-start=\"1888\" data-end=\"1924\"><strong data-start=\"1891\" data-end=\"1924\">Stal &#8211; najwy\u017cszej jako\u015bci stal tn\u0105ca<\/strong><\/p>\n<p data-start=\"1926\" data-end=\"1967\">W modelu tym zastosowano najwy\u017cszej jako\u015bci stal nierdzewn\u0105:<\/p>\n<ul data-start=\"1969\" data-end=\"2063\">\n<li data-start=\"1969\" data-end=\"1994\">\n<p data-start=\"1971\" data-end=\"1994\">Wysoka retencja ostrza<\/p>\n<\/li>\n<li data-start=\"1995\" data-end=\"2034\">\n<p data-start=\"1997\" data-end=\"2034\">Doskona\u0142a odporno\u015b\u0107 na zu\u017cycie<\/p>\n<\/li>\n<li data-start=\"2035\" data-end=\"2063\">\n<p data-start=\"2037\" data-end=\"2063\">Dobra odporno\u015b\u0107 na korozj\u0119<\/p>\n<\/li>\n<\/ul>\n<p data-start=\"2065\" data-end=\"2180\">Materia\u0142y te s\u0105 powszechnie stosowane w modelach Microtech klasy premium i zapewniaj\u0105 d\u0142ugotrwa\u0142\u0105 wydajno\u015b\u0107 bez konieczno\u015bci cz\u0119stego ostrzenia.<\/p>\n<p data-start=\"2182\" data-end=\"2222\"><strong data-start=\"2185\" data-end=\"2222\">Uchwyt &#8211; aluminium anodowane na br\u0105zowo<\/strong><\/p>\n<p data-start=\"2224\" data-end=\"2407\">R\u0119koje\u015b\u0107 wykonana jest z anodyzowanego aluminium 6061-T6 w br\u0105zowym wyko\u0144czeniu, kt\u00f3re wygl\u0105da zar\u00f3wno profesjonalnie, jak i elegancko. Teksturowana powierzchnia zwi\u0119ksza przyczepno\u015b\u0107 i og\u00f3lny komfort podczas u\u017cytkowania. <\/p>\n<ul data-start=\"2409\" data-end=\"2589\">\n<li data-start=\"2409\" data-end=\"2450\">\n<p data-start=\"2411\" data-end=\"2450\">Tekstura antypo\u015blizgowa 3D frezowana CNC<\/p>\n<\/li>\n<li data-start=\"2451\" data-end=\"2479\">\n<p data-start=\"2453\" data-end=\"2479\">Wpuszczany suwak boczny<\/p>\n<\/li>\n<li data-start=\"2480\" data-end=\"2536\">\n<p data-start=\"2482\" data-end=\"2536\">Obur\u0119czny, g\u0142\u0119boki klips (prawy\/lewy, tip-down)<\/p>\n<\/li>\n<li data-start=\"2537\" data-end=\"2589\">\n<p data-start=\"2539\" data-end=\"2589\">Wytrzyma\u0142a konstrukcja odpowiednia do cz\u0119stego u\u017cytkowania<\/p>\n<\/li>\n<\/ul>\n<p data-start=\"2591\" data-end=\"2683\">Br\u0105zowy kolor nadaje no\u017cowi oryginalnego charakteru i jednocze\u015bnie lepiej ukrywa drobne \u015blady zu\u017cycia.<\/p>\n<p data-start=\"2685\" data-end=\"2726\">\u2699\ufe0f <strong data-start=\"2688\" data-end=\"2726\">Dane techniczne (orientacyjne)<\/strong><\/p>\n<p data-start=\"2728\" data-end=\"2777\"><em data-start=\"2728\" data-end=\"2777\">Parametry mog\u0105 si\u0119 r\u00f3\u017cni\u0107 w zale\u017cno\u015bci od konkretnej serii.<\/em><\/p>\n<div class=\"TyagGW_tableContainer\">\n<div class=\"group TyagGW_tableWrapper flex flex-col-reverse w-fit\" tabindex=\"-1\">\n<table class=\"w-fit min-w-(--thread-content-width)\" data-start=\"2779\" data-end=\"3325\">\n<thead data-start=\"2779\" data-end=\"2797\">\n<tr data-start=\"2779\" data-end=\"2797\">\n<th class=\"\" data-start=\"2779\" data-end=\"2788\" data-col-size=\"sm\">Parametr<\/th>\n<th class=\"\" data-start=\"2788\" data-end=\"2797\" data-col-size=\"sm\">Warto\u015b\u0107<\/th>\n<\/tr>\n<\/thead>\n<tbody data-start=\"2808\" data-end=\"3325\">\n<tr data-start=\"2808\" data-end=\"2847\">\n<td data-start=\"2808\" data-end=\"2814\" data-col-size=\"sm\">Model<\/td>\n<td data-start=\"2814\" data-end=\"2847\" data-col-size=\"sm\">Auto Combat Troodon S\/E Gen III<\/td>\n<\/tr>\n<tr data-start=\"2848\" data-end=\"2875\">\n<td data-start=\"2848\" data-end=\"2865\" data-col-size=\"sm\">Numer produktu<\/td>\n<td data-start=\"2865\" data-end=\"2875\" data-col-size=\"sm\">1143-2TA<\/td>\n<\/tr>\n<tr data-start=\"2876\" data-end=\"2908\">\n<td data-start=\"2876\" data-end=\"2890\" data-col-size=\"sm\">Ca\u0142kowita d\u0142ugo\u015b\u0107<\/td>\n<td data-col-size=\"sm\" data-start=\"2890\" data-end=\"2908\">ok. 230-240 mm<\/td>\n<\/tr>\n<tr data-start=\"2909\" data-end=\"2939\">\n<td data-start=\"2909\" data-end=\"2922\" data-col-size=\"sm\">D\u0142ugo\u015b\u0107 ostrza<\/td>\n<td data-start=\"2922\" data-end=\"2939\" data-col-size=\"sm\">ok. 95-100 mm<\/td>\n<\/tr>\n<tr data-start=\"2940\" data-end=\"2974\">\n<td data-start=\"2940\" data-end=\"2956\" data-col-size=\"sm\">Grubo\u015b\u0107 ostrza<\/td>\n<td data-col-size=\"sm\" data-start=\"2956\" data-end=\"2974\">ok. 3,0-3,6 mm<\/td>\n<\/tr>\n<tr data-start=\"2975\" data-end=\"3008\">\n<td data-start=\"2975\" data-end=\"2990\" data-col-size=\"sm\">D\u0142ugo\u015b\u0107 uchwytu<\/td>\n<td data-start=\"2990\" data-end=\"3008\" data-col-size=\"sm\">ok. 135-140 mm<\/td>\n<\/tr>\n<tr data-start=\"3009\" data-end=\"3035\">\n<td data-start=\"3009\" data-end=\"3018\" data-col-size=\"sm\">Waga<\/td>\n<td data-col-size=\"sm\" data-start=\"3018\" data-end=\"3035\">ok. 150-160 g<\/td>\n<\/tr>\n<tr data-start=\"3036\" data-end=\"3065\">\n<td data-start=\"3036\" data-end=\"3046\" data-col-size=\"sm\">Typ ostrza<\/td>\n<td data-start=\"3046\" data-end=\"3065\" data-col-size=\"sm\">Drop Point, S\/E<\/td>\n<\/tr>\n<tr data-start=\"3066\" data-end=\"3100\">\n<td data-start=\"3066\" data-end=\"3080\" data-col-size=\"sm\">Powierzchnia ostrza<\/td>\n<td data-col-size=\"sm\" data-start=\"3080\" data-end=\"3100\">Stonewashed\/Matt<\/td>\n<\/tr>\n<tr data-start=\"3101\" data-end=\"3137\">\n<td data-start=\"3101\" data-end=\"3119\" data-col-size=\"sm\">Materia\u0142 r\u0119koje\u015bci<\/td>\n<td data-start=\"3119\" data-end=\"3137\" data-col-size=\"sm\">Aluminium 6061-T6<\/td>\n<\/tr>\n<tr data-start=\"3138\" data-end=\"3162\">\n<td data-start=\"3138\" data-end=\"3153\" data-col-size=\"sm\">Kolor uchwytu<\/td>\n<td data-start=\"3153\" data-end=\"3162\" data-col-size=\"sm\">Br\u0105zowy<\/td>\n<\/tr>\n<tr data-start=\"3163\" data-end=\"3199\">\n<td data-start=\"3163\" data-end=\"3175\" data-col-size=\"sm\">Mechanizm<\/td>\n<td data-start=\"3175\" data-end=\"3199\" data-col-size=\"sm\">D\/A OTF &#8211; blokada suwaka<\/td>\n<\/tr>\n<tr data-start=\"3200\" data-end=\"3240\">\n<td data-start=\"3200\" data-end=\"3210\" data-col-size=\"sm\">Otwieranie<\/td>\n<td data-start=\"3210\" data-end=\"3240\" data-col-size=\"sm\">Automatyczny suwak boczny<\/td>\n<\/tr>\n<tr data-start=\"3241\" data-end=\"3275\">\n<td data-start=\"3241\" data-end=\"3246\" data-col-size=\"sm\">Klips<\/td>\n<td data-start=\"3246\" data-end=\"3275\" data-col-size=\"sm\">Obur\u0119czny, do g\u0142\u0119bokiego noszenia<\/td>\n<\/tr>\n<tr data-start=\"3276\" data-end=\"3305\">\n<td data-start=\"3276\" data-end=\"3285\" data-col-size=\"sm\">Projektant<\/td>\n<td data-start=\"3285\" data-end=\"3305\" data-col-size=\"sm\">Anthony Marfione<\/td>\n<\/tr>\n<tr data-start=\"3306\" data-end=\"3325\">\n<td data-start=\"3306\" data-end=\"3318\" data-col-size=\"sm\">Kraj pochodzenia<\/td>\n<td data-start=\"3318\" data-end=\"3325\" data-col-size=\"sm\">USA<\/td>\n<\/tr>\n<\/tbody>\n<\/table>\n<\/div>\n<\/div>\n<p data-start=\"3327\" data-end=\"3346\">\u2705 <strong data-start=\"3329\" data-end=\"3346\">G\u0142\u00f3wne korzy\u015bci<\/strong><\/p>\n<ul data-start=\"3348\" data-end=\"3544\">\n<li data-start=\"3348\" data-end=\"3387\">\n<p data-start=\"3350\" data-end=\"3387\">Szybki i niezawodny mechanizm OTF<\/p>\n<\/li>\n<li data-start=\"3388\" data-end=\"3420\">\n<p data-start=\"3390\" data-end=\"3420\">Uniwersalne ostrze drop point<\/p>\n<\/li>\n<li data-start=\"3421\" data-end=\"3478\">\n<p data-start=\"3423\" data-end=\"3478\">Wytrzyma\u0142a konstrukcja odpowiednia do zastosowa\u0144 taktycznych i EDC<\/p>\n<\/li>\n<li data-start=\"3479\" data-end=\"3506\">\n<p data-start=\"3481\" data-end=\"3506\">Trwa\u0142e wyko\u0144czenie<\/p>\n<\/li>\n<li data-start=\"3507\" data-end=\"3544\">\n<p data-start=\"3509\" data-end=\"3544\">Ergonomiczny i teksturowany uchwyt<\/p>\n<\/li>\n<\/ul>\n<p data-start=\"3546\" data-end=\"3566\">\u26a0\ufe0f <strong data-start=\"3549\" data-end=\"3566\">Mo\u017cliwe ograniczenia<\/strong><\/p>\n<ul data-start=\"3568\" data-end=\"3730\">\n<li data-start=\"3568\" data-end=\"3621\">\n<p data-start=\"3570\" data-end=\"3621\">Wy\u017cszy poziom cen odpowiadaj\u0105cy no\u017cowi premium<\/p>\n<\/li>\n<li data-start=\"3622\" data-end=\"3674\">\n<p data-start=\"3624\" data-end=\"3674\">Wi\u0119kszy rozmiar nie jest idealny do bardzo lekkiego EDC<\/p>\n<\/li>\n<li data-start=\"3675\" data-end=\"3730\">\n<p data-start=\"3677\" data-end=\"3730\">Mechanizm automatyczny wymaga regularnej konserwacji<\/p>\n<\/li>\n<\/ul>\n<p data-start=\"3732\" data-end=\"3753\">\ud83d\udee0\ufe0f <strong data-start=\"3736\" data-end=\"3753\">Konserwacja i piel\u0119gnacja<\/strong><\/p>\n<ul data-start=\"3755\" data-end=\"3944\">\n<li data-start=\"3755\" data-end=\"3792\">\n<p data-start=\"3757\" data-end=\"3792\">Wyczy\u015b\u0107 i wysusz ostrze po u\u017cyciu<\/p>\n<\/li>\n<li data-start=\"3793\" data-end=\"3835\">\n<p data-start=\"3795\" data-end=\"3835\">Uchwyt powinien by\u0107 suchy i wolny od zanieczyszcze\u0144<\/p>\n<\/li>\n<li data-start=\"3836\" data-end=\"3883\">\n<p data-start=\"3838\" data-end=\"3883\">Regularnie sprawdzaj i czy\u015b\u0107 mechanizm<\/p>\n<\/li>\n<li data-start=\"3884\" data-end=\"3944\">\n<p data-start=\"3886\" data-end=\"3944\">W celu d\u0142u\u017cszego przechowywania nale\u017cy lekko nasmarowa\u0107 ostrze olejem ochronnym<\/p>\n<\/li>\n<\/ul>\n<p data-start=\"3946\" data-end=\"4013\">Regularna piel\u0119gnacja zapewnia d\u0142ugotrwa\u0142\u0105 niezawodno\u015b\u0107 i maksymaln\u0105 wydajno\u015b\u0107.<\/p>\n<p data-start=\"4015\" data-end=\"4036\">\ud83c\udfaf <strong data-start=\"4018\" data-end=\"4036\">Polecane dla<\/strong><\/p>\n<ul data-start=\"4038\" data-end=\"4179\">\n<li data-start=\"4038\" data-end=\"4063\">\n<p data-start=\"4040\" data-end=\"4063\">Profesjonali\u015bci taktyczni<\/p>\n<\/li>\n<li data-start=\"4064\" data-end=\"4089\">\n<p data-start=\"4066\" data-end=\"4089\">Wymagaj\u0105cy u\u017cytkownicy EDC<\/p>\n<\/li>\n<li data-start=\"4090\" data-end=\"4125\">\n<p data-start=\"4092\" data-end=\"4125\">Kolekcjonerzy modeli premium OTF<\/p>\n<\/li>\n<li data-start=\"4126\" data-end=\"4179\">\n<p data-start=\"4128\" data-end=\"4179\">U\u017cytkownicy preferuj\u0105cy wydajne i wszechstronne narz\u0119dzie<\/p>\n<\/li>\n<\/ul>\n<p data-start=\"4181\" data-end=\"4206\">\u2b50 <strong data-start=\"4183\" data-end=\"4206\">Ocena ko\u0144cowa<\/strong><\/p>\n<p data-start=\"4208\" data-end=\"4512\"><strong data-start=\"4208\" data-end=\"4262\">Microtech Auto Combat Troodon S\/E Gen III 1143-2TA<\/strong> to mocny, niezawodny i wszechstronny automatyczny n\u00f3\u017c OTF o charakterystycznym taktycznym charakterze. Po\u0142\u0105czenie wytrzyma\u0142ej konstrukcji, szybkiego mechanizmu i wszechstronnego ostrza drop point sprawia, \u017ce jest to doskona\u0142y wyb\u00f3r dla tych, kt\u00f3rzy chc\u0105 wydajno\u015bci i stylu bez kompromis\u00f3w \ud83d\udd2a\ud83d\udd25 <\/p>\n","protected":false},"excerpt":{"rendered":"<p><strong>Microtech Auto Combat Troodon S\/E Gen III 1143-2TA to mocny, niezawodny i wszechstronny automatyczny n\u00f3\u017c OTF o charakterystycznym taktycznym charakterze. Po\u0142\u0105czenie wytrzyma\u0142ej konstrukcji, szybkiego mechanizmu i wszechstronnego ostrza drop point sprawia, \u017ce jest to doskona\u0142y wyb\u00f3r dla tych, kt\u00f3rzy chc\u0105 wydajno\u015bci i stylu bez kompromis\u00f3w \ud83d\udd2a\ud83d\udd25 <\/strong><\/p>\n<p><strong>Darmowa wysy\u0142ka.<\/strong><\/p>\n","protected":false},"featured_media":437479,"comment_status":"open","ping_status":"closed","template":"","meta":[],"pwb-brand":[3279],"product_brand":[],"product_cat":[3344,3296],"product_tag":[],"class_list":{"0":"post-437694","1":"product","2":"type-product","3":"status-publish","4":"has-post-thumbnail","6":"pwb-brand-microtech-pl","7":"product_cat-noze-strzeleckie","8":"product_cat-noze-pl","10":"first","11":"instock","12":"taxable","13":"shipping-taxable","14":"purchasable","15":"product-type-simple"},"brands":[{"id":3279,"name":"Microtech","slug":"microtech-pl"}],"_links":{"self":[{"href":"https:\/\/www.moskito.cz\/pl\/wp-json\/wp\/v2\/product\/437694","targetHints":{"allow":["GET"]}}],"collection":[{"href":"https:\/\/www.moskito.cz\/pl\/wp-json\/wp\/v2\/product"}],"about":[{"href":"https:\/\/www.moskito.cz\/pl\/wp-json\/wp\/v2\/types\/product"}],"replies":[{"embeddable":true,"href":"https:\/\/www.moskito.cz\/pl\/wp-json\/wp\/v2\/comments?post=437694"}],"wp:featuredmedia":[{"embeddable":true,"href":"https:\/\/www.moskito.cz\/pl\/wp-json\/wp\/v2\/media\/437479"}],"wp:attachment":[{"href":"https:\/\/www.moskito.cz\/pl\/wp-json\/wp\/v2\/media?parent=437694"}],"wp:term":[{"taxonomy":"pwb-brand","embeddable":true,"href":"https:\/\/www.moskito.cz\/pl\/wp-json\/wp\/v2\/pwb-brand?post=437694"},{"taxonomy":"product_brand","embeddable":true,"href":"https:\/\/www.moskito.cz\/pl\/wp-json\/wp\/v2\/product_brand?post=437694"},{"taxonomy":"product_cat","embeddable":true,"href":"https:\/\/www.moskito.cz\/pl\/wp-json\/wp\/v2\/product_cat?post=437694"},{"taxonomy":"product_tag","embeddable":true,"href":"https:\/\/www.moskito.cz\/pl\/wp-json\/wp\/v2\/product_tag?post=437694"}],"curies":[{"name":"wp","href":"https:\/\/api.w.org\/{rel}","templated":true}]}}