{"id":437699,"date":"2026-02-16T14:38:47","date_gmt":"2026-02-16T13:38:47","guid":{"rendered":"https:\/\/www.moskito.cz\/produkt\/noz-wyrzutowy-microtech-glykon-stonewashed-185-10\/"},"modified":"2026-02-16T18:31:31","modified_gmt":"2026-02-16T17:31:31","slug":"noz-wyrzutowy-microtech-glykon-stonewashed-185-10","status":"publish","type":"product","link":"https:\/\/www.moskito.cz\/pl\/produkt\/noz-wyrzutowy-microtech-glykon-stonewashed-185-10\/","title":{"rendered":"N\u00f3\u017c wyrzutowy Microtech Glykon Stonewashed 185-10"},"content":{"rendered":"<p data-start=\"72\" data-end=\"376\">Gdy tylko we\u017amiesz do r\u0119ki n\u00f3\u017c Microtech Glykon T\/E OTF 185-10 &#8211; Black Handle \/ Stonewashed Blade, od razu poczujesz po\u0142\u0105czenie precyzyjnej mechaniki i wytrzyma\u0142ej konstrukcji taktycznej. Ta konfiguracja \u0142\u0105czy w sobie matow\u0105 czarn\u0105 r\u0119koje\u015b\u0107 z wytrzyma\u0142ym ostrzem stonewashed, kt\u00f3re sprawia wra\u017cenie technicznego, dyskretnego i jednocze\u015bnie niezwykle funkcjonalnego. <\/p>\n<p data-start=\"378\" data-end=\"487\">Zaprojektowany przez Anthony&#8217;ego (Tony) Marfiona i w 100% wyprodukowany i zmontowany w <span class=\"hover:entity-accent entity-underline inline cursor-pointer align-baseline\"><span class=\"whitespace-normal\">USA<\/span><\/span> \ud83c\uddfa\ud83c\uddf8.<\/p>\n<p data-start=\"489\" data-end=\"517\">\ud83d\udd25 <strong data-start=\"492\" data-end=\"517\">Charakter i filozofia<\/strong><\/p>\n<p data-start=\"519\" data-end=\"747\">Glykon to nowoczesna interpretacja taktycznego no\u017ca OTF skoncentrowana na niezawodno\u015bci, mocy i intuicyjnej kontroli. Wg\u0142\u0119biony boczny suwak zapewnia naturalne podparcie dla kciuka i p\u0142ynn\u0105 manipulacj\u0119 podczas wysuwania i chowania ostrza. <\/p>\n<p data-start=\"749\" data-end=\"941\">Model dzia\u0142a w trybie D\/A (Double Action) &#8211; ostrze wysuwane i chowane jest jednym ruchem kciuka. Mechanizm ten jest szybki, dynamiczny, a jednocze\u015bnie kontrolowany dzi\u0119ki precyzyjnie wyregulowanemu oporowi spr\u0119\u017cyny. <\/p>\n<p data-start=\"943\" data-end=\"1043\">Og\u00f3lna konstrukcja oferuje w pe\u0142ni funkcjonalne narz\u0119dzie taktyczne, kt\u00f3re jest nadal wygodne do noszenia jako EDC.<\/p>\n<p data-start=\"1045\" data-end=\"1061\"><strong data-start=\"1048\" data-end=\"1061\">O producencie<\/strong><\/p>\n<p data-start=\"1063\" data-end=\"1217\"><span class=\"hover:entity-accent entity-underline inline cursor-pointer align-baseline\"><span class=\"whitespace-normal\">Microtech Knives<\/span><\/span> to ameryka\u0144ska marka z ponad 30-letni\u0105 tradycj\u0105 w produkcji wysokiej klasy no\u017cy automatycznych i OTF. Typowe cechy to: <\/p>\n<ul data-start=\"1219\" data-end=\"1370\">\n<li data-start=\"1219\" data-end=\"1244\">\n<p data-start=\"1221\" data-end=\"1244\">Precyzyjna obr\u00f3bka CNC<\/p>\n<\/li>\n<li data-start=\"1245\" data-end=\"1276\">\n<p data-start=\"1247\" data-end=\"1276\">Opatentowane zapi\u0119cia<\/p>\n<\/li>\n<li data-start=\"1277\" data-end=\"1310\">\n<p data-start=\"1279\" data-end=\"1310\">Innowacyjne mechanizmy wewn\u0119trzne<\/p>\n<\/li>\n<li data-start=\"1311\" data-end=\"1340\">\n<p data-start=\"1313\" data-end=\"1340\">Zintegrowany wy\u0142\u0105cznik szyby<\/p>\n<\/li>\n<li data-start=\"1341\" data-end=\"1370\">\n<p data-start=\"1343\" data-end=\"1370\">Sta\u0142a kontrola jako\u015bci<\/p>\n<\/li>\n<\/ul>\n<p data-start=\"1372\" data-end=\"1463\">Ka\u017cdy element jest produkowany i montowany w USA pod kierownictwem <span class=\"hover:entity-accent entity-underline inline cursor-pointer align-baseline\"><span class=\"whitespace-normal\">Anthony Marfione<\/span><\/span>.<\/p>\n<p data-start=\"1465\" data-end=\"1509\">\ud83d\udde1\ufe0f <strong data-start=\"1469\" data-end=\"1509\">Ostrze &#8211; T\/E (Tanto Edge) Stonewashed<\/strong><\/p>\n<p data-start=\"1511\" data-end=\"1662\">Ostrze T\/E (Tanto Edge) \u0142\u0105czy w sobie ostry czubek i proste ci\u0119cie dla maksymalnej penetracji i wytrzyma\u0142o\u015bci czubka, kt\u00f3re s\u0105 charakterystyczne dla profilu tanto.<\/p>\n<p data-start=\"1664\" data-end=\"1693\">Kamienne wyko\u0144czenie:<\/p>\n<ul data-start=\"1695\" data-end=\"1803\">\n<li data-start=\"1695\" data-end=\"1735\">\n<p data-start=\"1697\" data-end=\"1735\">maskuje drobne zadrapania wynikaj\u0105ce z u\u017cytkowania<\/p>\n<\/li>\n<li data-start=\"1736\" data-end=\"1755\">\n<p data-start=\"1738\" data-end=\"1755\">redukuje odblaski<\/p>\n<\/li>\n<li data-start=\"1756\" data-end=\"1803\">\n<p data-start=\"1758\" data-end=\"1803\">Zwi\u0119ksza odporno\u015b\u0107 na zu\u017cycie wizualne<\/p>\n<\/li>\n<\/ul>\n<p data-start=\"1805\" data-end=\"1836\">Wysoki p\u0142aski kr\u00f3j zapewnia:<\/p>\n<ul data-start=\"1838\" data-end=\"1907\">\n<li data-start=\"1838\" data-end=\"1866\">\n<p data-start=\"1840\" data-end=\"1866\">doskona\u0142e w\u0142a\u015bciwo\u015bci tn\u0105ce<\/p>\n<\/li>\n<li data-start=\"1867\" data-end=\"1889\">\n<p data-start=\"1869\" data-end=\"1889\">wysoka penetracja<\/p>\n<\/li>\n<li data-start=\"1890\" data-end=\"1907\">\n<p data-start=\"1892\" data-end=\"1907\">wytrzyma\u0142o\u015b\u0107 ko\u0144c\u00f3wki<\/p>\n<\/li>\n<\/ul>\n<p data-start=\"1909\" data-end=\"1945\"><strong data-start=\"1912\" data-end=\"1945\">Stal &#8211; najwy\u017cszej jako\u015bci stal nierdzewna<\/strong><\/p>\n<p data-start=\"1947\" data-end=\"2028\">Zastosowana stal nale\u017cy do segmentu premium nowoczesnych materia\u0142\u00f3w tn\u0105cych. Oferuje: <\/p>\n<ul data-start=\"2030\" data-end=\"2150\">\n<li data-start=\"2030\" data-end=\"2067\">\n<p data-start=\"2032\" data-end=\"2067\">Wysoka odporno\u015b\u0107 na zu\u017cycie<\/p>\n<\/li>\n<li data-start=\"2068\" data-end=\"2097\">\n<p data-start=\"2070\" data-end=\"2097\">Doskona\u0142a odporno\u015b\u0107 na korozj\u0119<\/p>\n<\/li>\n<li data-start=\"2098\" data-end=\"2123\">\n<p data-start=\"2100\" data-end=\"2123\">D\u0142uga retencja ostrza<\/p>\n<\/li>\n<li data-start=\"2124\" data-end=\"2150\">\n<p data-start=\"2126\" data-end=\"2150\">niskie koszty utrzymania<\/p>\n<\/li>\n<\/ul>\n<p data-start=\"2152\" data-end=\"2253\">W\u0142a\u015bciwo\u015bci te s\u0105 typowe dla proszkowych stali metalurgicznych stosowanych w modelach premium firmy Microtech.<\/p>\n<p data-start=\"2255\" data-end=\"2286\"><strong data-start=\"2258\" data-end=\"2286\">Uchwyt &#8211; czarne aluminium<\/strong><\/p>\n<p data-start=\"2288\" data-end=\"2418\">R\u0119koje\u015b\u0107 wykonana jest z anodyzowanego aluminium 6061-T6 w kolorze czarnym, co nadaje no\u017cowi czysty taktyczny wygl\u0105d i wysok\u0105 trwa\u0142o\u015b\u0107.<\/p>\n<ul data-start=\"2420\" data-end=\"2729\">\n<li data-start=\"2420\" data-end=\"2461\">\n<p data-start=\"2422\" data-end=\"2461\">Tekstura antypo\u015blizgowa 3D frezowana CNC<\/p>\n<\/li>\n<li data-start=\"2462\" data-end=\"2506\">\n<p data-start=\"2464\" data-end=\"2506\">Z\u0105bkowanie na g\u00f3rze i na dole uchwytu<\/p>\n<\/li>\n<li data-start=\"2507\" data-end=\"2558\">\n<p data-start=\"2509\" data-end=\"2558\">Wpuszczony suwak boczny dla naturalnej kontroli<\/p>\n<\/li>\n<li data-start=\"2559\" data-end=\"2589\">\n<p data-start=\"2561\" data-end=\"2589\">Smuk\u0142y profil odpowiedni do EDC<\/p>\n<\/li>\n<li data-start=\"2590\" data-end=\"2632\">\n<p data-start=\"2592\" data-end=\"2632\">G\u0142\u0119boki klips do przenoszenia (prawy\/lewy, tip-down)<\/p>\n<\/li>\n<li data-start=\"2633\" data-end=\"2681\">\n<p data-start=\"2635\" data-end=\"2681\">Klips z logo, numerem seryjnym i dat\u0105 produkcji<\/p>\n<\/li>\n<li data-start=\"2682\" data-end=\"2729\">\n<p data-start=\"2684\" data-end=\"2729\">T\u0142uczek do szk\u0142a z kulk\u0105 z w\u0119glika wolframu<\/p>\n<\/li>\n<\/ul>\n<p data-start=\"2731\" data-end=\"2807\">Matowe czarne wyko\u0144czenie jest praktyczne, dyskretne i dobrze maskuje \u015blady u\u017cytkowania.<\/p>\n<p data-start=\"2809\" data-end=\"2837\">\u2699\ufe0f <strong data-start=\"2812\" data-end=\"2837\">Dane techniczne<\/strong><\/p>\n<p data-start=\"2839\" data-end=\"2911\"><em data-start=\"2839\" data-end=\"2911\">Uwaga: Warto\u015bci s\u0105 przybli\u017cone i mog\u0105 si\u0119 r\u00f3\u017cni\u0107 w zale\u017cno\u015bci od serii.<\/em><\/p>\n<div class=\"TyagGW_tableContainer\">\n<div class=\"group TyagGW_tableWrapper flex flex-col-reverse w-fit\" tabindex=\"-1\">\n<table class=\"w-fit min-w-(--thread-content-width)\" data-start=\"2913\" data-end=\"3404\">\n<thead data-start=\"2913\" data-end=\"2931\">\n<tr data-start=\"2913\" data-end=\"2931\">\n<th class=\"\" data-start=\"2913\" data-end=\"2922\" data-col-size=\"sm\">Parametr<\/th>\n<th class=\"\" data-start=\"2922\" data-end=\"2931\" data-col-size=\"sm\">Warto\u015b\u0107<\/th>\n<\/tr>\n<\/thead>\n<tbody data-start=\"2942\" data-end=\"3404\">\n<tr data-start=\"2942\" data-end=\"2964\">\n<td data-start=\"2942\" data-end=\"2948\" data-col-size=\"sm\">Model<\/td>\n<td data-col-size=\"sm\" data-start=\"2948\" data-end=\"2964\">Glykon T\/E OTF<\/td>\n<\/tr>\n<tr data-start=\"2965\" data-end=\"2990\">\n<td data-start=\"2965\" data-end=\"2982\" data-col-size=\"sm\">Numer produktu<\/td>\n<td data-col-size=\"sm\" data-start=\"2982\" data-end=\"2990\">185-10<\/td>\n<\/tr>\n<tr data-start=\"2991\" data-end=\"3021\">\n<td data-start=\"2991\" data-end=\"3005\" data-col-size=\"sm\">Ca\u0142kowita d\u0142ugo\u015b\u0107<\/td>\n<td data-col-size=\"sm\" data-start=\"3005\" data-end=\"3021\">ok. 220-230 mm<\/td>\n<\/tr>\n<tr data-start=\"3022\" data-end=\"3049\">\n<td data-start=\"3022\" data-end=\"3035\" data-col-size=\"sm\">D\u0142ugo\u015b\u0107 ostrza<\/td>\n<td data-col-size=\"sm\" data-start=\"3035\" data-end=\"3049\">ok. 90-95 mm<\/td>\n<\/tr>\n<tr data-start=\"3050\" data-end=\"3082\">\n<td data-start=\"3050\" data-end=\"3066\" data-col-size=\"sm\">Grubo\u015b\u0107 ostrza<\/td>\n<td data-col-size=\"sm\" data-start=\"3066\" data-end=\"3082\">ok. 3,0-3,5 mm<\/td>\n<\/tr>\n<tr data-start=\"3083\" data-end=\"3114\">\n<td data-start=\"3083\" data-end=\"3098\" data-col-size=\"sm\">D\u0142ugo\u015b\u0107 uchwytu<\/td>\n<td data-col-size=\"sm\" data-start=\"3098\" data-end=\"3114\">ok. 130-135 mm<\/td>\n<\/tr>\n<tr data-start=\"3115\" data-end=\"3139\">\n<td data-start=\"3115\" data-end=\"3124\" data-col-size=\"sm\">Waga<\/td>\n<td data-col-size=\"sm\" data-start=\"3124\" data-end=\"3139\">ok. 130-140 g<\/td>\n<\/tr>\n<tr data-start=\"3140\" data-end=\"3168\">\n<td data-start=\"3140\" data-end=\"3150\" data-col-size=\"sm\">Typ ostrza<\/td>\n<td data-start=\"3150\" data-end=\"3168\" data-col-size=\"sm\">T\/E (Tanto Edge)<\/td>\n<\/tr>\n<tr data-start=\"3169\" data-end=\"3196\">\n<td data-start=\"3169\" data-end=\"3183\" data-col-size=\"sm\">Powierzchnia ostrza<\/td>\n<td data-col-size=\"sm\" data-start=\"3183\" data-end=\"3196\">Kamieniowana<\/td>\n<\/tr>\n<tr data-start=\"3197\" data-end=\"3231\">\n<td data-start=\"3197\" data-end=\"3215\" data-col-size=\"sm\">Materia\u0142 r\u0119koje\u015bci<\/td>\n<td data-col-size=\"sm\" data-start=\"3215\" data-end=\"3231\">Aluminium 6061-T6<\/td>\n<\/tr>\n<tr data-start=\"3232\" data-end=\"3254\">\n<td data-start=\"3232\" data-end=\"3247\" data-col-size=\"sm\">Kolor uchwytu<\/td>\n<td data-col-size=\"sm\" data-start=\"3247\" data-end=\"3254\">Czarny<\/td>\n<\/tr>\n<tr data-start=\"3255\" data-end=\"3289\">\n<td data-start=\"3255\" data-end=\"3267\" data-col-size=\"sm\">Mechanizm<\/td>\n<td data-col-size=\"sm\" data-start=\"3267\" data-end=\"3289\">D\/A OTF &#8211; blokada suwaka<\/td>\n<\/tr>\n<tr data-start=\"3290\" data-end=\"3330\">\n<td data-start=\"3290\" data-end=\"3300\" data-col-size=\"sm\">Otwieranie<\/td>\n<td data-col-size=\"sm\" data-start=\"3300\" data-end=\"3330\">Automatyczne &#8211; suwak boczny<\/td>\n<\/tr>\n<tr data-start=\"3331\" data-end=\"3358\">\n<td data-start=\"3331\" data-end=\"3336\" data-col-size=\"sm\">Klips<\/td>\n<td data-start=\"3336\" data-end=\"3358\" data-col-size=\"sm\">Prawa\/lewa, ko\u0144c\u00f3wka w d\u00f3\u0142<\/td>\n<\/tr>\n<tr data-start=\"3359\" data-end=\"3386\">\n<td data-start=\"3359\" data-end=\"3368\" data-col-size=\"sm\">Projektant<\/td>\n<td data-col-size=\"sm\" data-start=\"3368\" data-end=\"3386\">Anthony Marfione<\/td>\n<\/tr>\n<tr data-start=\"3387\" data-end=\"3404\">\n<td data-start=\"3387\" data-end=\"3399\" data-col-size=\"sm\">Kraj pochodzenia<\/td>\n<td data-col-size=\"sm\" data-start=\"3399\" data-end=\"3404\">USA<\/td>\n<\/tr>\n<\/tbody>\n<\/table>\n<\/div>\n<\/div>\n<p data-start=\"3406\" data-end=\"3425\">\u2705 <strong data-start=\"3408\" data-end=\"3425\">G\u0142\u00f3wne korzy\u015bci<\/strong><\/p>\n<ul data-start=\"3427\" data-end=\"3675\">\n<li data-start=\"3427\" data-end=\"3466\">\n<p data-start=\"3429\" data-end=\"3466\">Niezwykle szybki mechanizm C\/A OTF<\/p>\n<\/li>\n<li data-start=\"3467\" data-end=\"3508\">\n<p data-start=\"3469\" data-end=\"3508\">Ostrze T\/E tanto o wysokiej penetracji<\/p>\n<\/li>\n<li data-start=\"3509\" data-end=\"3554\">\n<p data-start=\"3511\" data-end=\"3554\">Powierzchnia odporna na zu\u017cycie<\/p>\n<\/li>\n<li data-start=\"3555\" data-end=\"3605\">\n<p data-start=\"3557\" data-end=\"3605\">Wysokiej jako\u015bci stal nierdzewna o d\u0142ugiej \u017cywotno\u015bci ostrza<\/p>\n<\/li>\n<li data-start=\"3606\" data-end=\"3636\">\n<p data-start=\"3608\" data-end=\"3636\">Ergonomiczny suwak boczny<\/p>\n<\/li>\n<li data-start=\"3637\" data-end=\"3675\">\n<p data-start=\"3639\" data-end=\"3675\">Mocna i lekka aluminiowa konstrukcja<\/p>\n<\/li>\n<\/ul>\n<p data-start=\"3677\" data-end=\"3697\">\u26a0\ufe0f <strong data-start=\"3680\" data-end=\"3697\">Mo\u017cliwe ograniczenia<\/strong><\/p>\n<ul data-start=\"3699\" data-end=\"3865\">\n<li data-start=\"3699\" data-end=\"3754\">\n<p data-start=\"3701\" data-end=\"3754\">Mechanizm automatyczny wymaga regularnej konserwacji<\/p>\n<\/li>\n<li data-start=\"3755\" data-end=\"3810\">\n<p data-start=\"3757\" data-end=\"3810\">Wy\u017csza kategoria cenowa odpowiadaj\u0105ca produkcji premium<\/p>\n<\/li>\n<li data-start=\"3811\" data-end=\"3865\">\n<p data-start=\"3813\" data-end=\"3865\">Wytrzyma\u0142a ko\u0144c\u00f3wka nie jest idealna do bardzo precyzyjnych ci\u0119\u0107<\/p>\n<\/li>\n<\/ul>\n<p data-start=\"3867\" data-end=\"3888\">\ud83d\udee0\ufe0f <strong data-start=\"3871\" data-end=\"3888\">Konserwacja i piel\u0119gnacja<\/strong><\/p>\n<ul data-start=\"3890\" data-end=\"4132\">\n<li data-start=\"3890\" data-end=\"3925\">\n<p data-start=\"3892\" data-end=\"3925\">Wyczy\u015b\u0107 i wysusz ostrze po u\u017cyciu<\/p>\n<\/li>\n<li data-start=\"3926\" data-end=\"3960\">\n<p data-start=\"3928\" data-end=\"3960\">Uchwyt powinien by\u0107 czysty i suchy<\/p>\n<\/li>\n<li data-start=\"3961\" data-end=\"4021\">\n<p data-start=\"3963\" data-end=\"4021\">W celu d\u0142u\u017cszego przechowywania nale\u017cy lekko nasmarowa\u0107 ostrze olejem ochronnym<\/p>\n<\/li>\n<li data-start=\"4022\" data-end=\"4074\">\n<p data-start=\"4024\" data-end=\"4074\">Regularnie sprawdzaj mechanizm i usuwaj wszelkie zabrudzenia<\/p>\n<\/li>\n<li data-start=\"4075\" data-end=\"4132\">\n<p data-start=\"4077\" data-end=\"4132\">Dobrej jako\u015bci system zapewniaj\u0105cy p\u0142ynne szlifowanie<\/p>\n<\/li>\n<\/ul>\n<p data-start=\"4134\" data-end=\"4201\">Regularna piel\u0119gnacja zapewnia d\u0142ugotrwa\u0142\u0105 niezawodno\u015b\u0107 i maksymaln\u0105 wydajno\u015b\u0107.<\/p>\n<p data-start=\"4203\" data-end=\"4224\">\ud83c\udfaf <strong data-start=\"4206\" data-end=\"4224\">Polecane dla<\/strong><\/p>\n<ul data-start=\"4226\" data-end=\"4372\">\n<li data-start=\"4226\" data-end=\"4251\">\n<p data-start=\"4228\" data-end=\"4251\">Wymagaj\u0105cy u\u017cytkownicy EDC<\/p>\n<\/li>\n<li data-start=\"4252\" data-end=\"4286\">\n<p data-start=\"4254\" data-end=\"4286\">Profesjonalne zastosowanie taktyczne<\/p>\n<\/li>\n<li data-start=\"4287\" data-end=\"4320\">\n<p data-start=\"4289\" data-end=\"4320\">Kolekcjonerzy no\u017cy premium OTF<\/p>\n<\/li>\n<li data-start=\"4321\" data-end=\"4372\">\n<p data-start=\"4323\" data-end=\"4372\">U\u017cytkownicy preferuj\u0105cy dyskretny wygl\u0105d taktyczny<\/p>\n<\/li>\n<\/ul>\n<p data-start=\"4374\" data-end=\"4399\">\u2b50 <strong data-start=\"4376\" data-end=\"4399\">Ocena ko\u0144cowa<\/strong><\/p>\n<p data-start=\"4401\" data-end=\"4719\">Microtech Glykon T\/E OTF 185-10 w konfiguracji Black Handle \/ Stonewashed Blade to doskonale wywa\u017cone po\u0142\u0105czenie agresywnej wydajno\u015bci, precyzyjnej ameryka\u0144skiej produkcji i praktycznej trwa\u0142o\u015bci do codziennego u\u017cytku. To nowoczesne narz\u0119dzie taktyczne, kt\u00f3re oferuje szybko\u015b\u0107, niezawodno\u015b\u0107 i wyrazisty charakter bez kompromis\u00f3w \ud83d\udd2a\ud83d\udd25 <\/p>\n","protected":false},"excerpt":{"rendered":"<p><strong>Microtech Glykon T\/E OTF 185-10 w konfiguracji Black Handle \/ Stonewashed Blade to doskonale wywa\u017cone po\u0142\u0105czenie agresywnej wydajno\u015bci, precyzyjnej ameryka\u0144skiej produkcji i praktycznej trwa\u0142o\u015bci do codziennego u\u017cytku. To nowoczesne narz\u0119dzie taktyczne, kt\u00f3re oferuje szybko\u015b\u0107, niezawodno\u015b\u0107 i wyrazisty charakter bez kompromis\u00f3w \ud83d\udd2a\ud83d\udd25 <\/strong><\/p>\n<p><strong>Darmowa wysy\u0142ka.<\/strong><\/p>\n","protected":false},"featured_media":437439,"comment_status":"open","ping_status":"closed","template":"","meta":[],"pwb-brand":[3279],"product_brand":[],"product_cat":[3344,3296],"product_tag":[],"class_list":{"0":"post-437699","1":"product","2":"type-product","3":"status-publish","4":"has-post-thumbnail","6":"pwb-brand-microtech-pl","7":"product_cat-noze-strzeleckie","8":"product_cat-noze-pl","10":"first","11":"instock","12":"taxable","13":"shipping-taxable","14":"purchasable","15":"product-type-simple"},"brands":[{"id":3279,"name":"Microtech","slug":"microtech-pl"}],"_links":{"self":[{"href":"https:\/\/www.moskito.cz\/pl\/wp-json\/wp\/v2\/product\/437699","targetHints":{"allow":["GET"]}}],"collection":[{"href":"https:\/\/www.moskito.cz\/pl\/wp-json\/wp\/v2\/product"}],"about":[{"href":"https:\/\/www.moskito.cz\/pl\/wp-json\/wp\/v2\/types\/product"}],"replies":[{"embeddable":true,"href":"https:\/\/www.moskito.cz\/pl\/wp-json\/wp\/v2\/comments?post=437699"}],"wp:featuredmedia":[{"embeddable":true,"href":"https:\/\/www.moskito.cz\/pl\/wp-json\/wp\/v2\/media\/437439"}],"wp:attachment":[{"href":"https:\/\/www.moskito.cz\/pl\/wp-json\/wp\/v2\/media?parent=437699"}],"wp:term":[{"taxonomy":"pwb-brand","embeddable":true,"href":"https:\/\/www.moskito.cz\/pl\/wp-json\/wp\/v2\/pwb-brand?post=437699"},{"taxonomy":"product_brand","embeddable":true,"href":"https:\/\/www.moskito.cz\/pl\/wp-json\/wp\/v2\/product_brand?post=437699"},{"taxonomy":"product_cat","embeddable":true,"href":"https:\/\/www.moskito.cz\/pl\/wp-json\/wp\/v2\/product_cat?post=437699"},{"taxonomy":"product_tag","embeddable":true,"href":"https:\/\/www.moskito.cz\/pl\/wp-json\/wp\/v2\/product_tag?post=437699"}],"curies":[{"name":"wp","href":"https:\/\/api.w.org\/{rel}","templated":true}]}}