{"id":437721,"date":"2026-02-16T19:11:05","date_gmt":"2026-02-16T18:11:05","guid":{"rendered":"https:\/\/www.moskito.cz\/?post_type=product&#038;p=437721"},"modified":"2026-02-16T19:11:05","modified_gmt":"2026-02-16T18:11:05","slug":"spyderco-paring-knife-k05sbk","status":"publish","type":"product","link":"https:\/\/www.moskito.cz\/pl\/produkt\/spyderco-paring-knife-k05sbk\/","title":{"rendered":"Spyderco paring knife K05SBK"},"content":{"rendered":"<div class=\"flex flex-col text-sm pb-25\">\n<article class=\"text-token-text-primary w-full focus:outline-none [--shadow-height:45px] has-data-writing-block:pointer-events-none has-data-writing-block:-mt-(--shadow-height) has-data-writing-block:pt-(--shadow-height) [&amp;:has([data-writing-block])&gt;*]:pointer-events-auto scroll-mt-[calc(var(--header-height)+min(200px,max(70px,20svh)))]\" dir=\"auto\" tabindex=\"-1\" data-turn-id=\"request-WEB:246d06aa-5a58-4d2c-9c0d-ac492c8be918-4\" data-testid=\"conversation-turn-10\" data-scroll-anchor=\"true\" data-turn=\"assistant\">\n<div class=\"text-base my-auto mx-auto pb-10 [--thread-content-margin:--spacing(4)] @w-sm\/main:[--thread-content-margin:--spacing(6)] @w-lg\/main:[--thread-content-margin:--spacing(16)] px-(--thread-content-margin)\">\n<div class=\"[--thread-content-max-width:40rem] @w-lg\/main:[--thread-content-max-width:48rem] mx-auto max-w-(--thread-content-max-width) flex-1 group\/turn-messages focus-visible:outline-hidden relative flex w-full min-w-0 flex-col agent-turn\" tabindex=\"-1\">\n<div class=\"flex max-w-full flex-col grow\">\n<div class=\"min-h-8 text-message relative flex w-full flex-col items-end gap-2 text-start break-words whitespace-normal [.text-message+&amp;]:mt-1\" dir=\"auto\" data-message-author-role=\"assistant\" data-message-id=\"05e789df-9bd1-421e-8ed1-2c9ac78c9210\" data-message-model-slug=\"gpt-5-2\">\n<div class=\"flex w-full flex-col gap-1 empty:hidden first:pt-[1px]\">\n<div class=\"markdown prose dark:prose-invert w-full wrap-break-word light markdown-new-styling\">\n<p data-start=\"78\" data-end=\"373\">Jakmile vezme\u0161 do ruky <strong data-start=\"101\" data-end=\"120\">Spyderco K05SBK<\/strong>, okam\u017eit\u011b poc\u00edt\u00ed\u0161 lehkost, tenk\u00fd profil \u010depele a typickou \u0159ezivost, kterou jsou kuchy\u0148sk\u00e9 no\u017ee Spyderco zn\u00e1m\u00e9. Tento model je kompaktn\u00ed paring \/ utility n\u016f\u017e navr\u017een\u00fd pro p\u0159esnou a efektivn\u00ed pr\u00e1ci v kuchyni \u2013 ide\u00e1ln\u00ed pro ovoce, zeleninu i jemn\u00e9 kr\u00e1jen\u00ed.<\/p>\n<p data-start=\"375\" data-end=\"395\">Vyrobeno v Japonsku.<\/p>\n<hr data-start=\"397\" data-end=\"400\" \/>\n<p data-start=\"402\" data-end=\"430\">\ud83d\udd25 <strong data-start=\"405\" data-end=\"430\">Charakter a filozofie<\/strong><\/p>\n<p data-start=\"432\" data-end=\"624\">K05SBK je navr\u017een jako praktick\u00fd pracovn\u00ed n\u00e1stroj bez zbyte\u010dn\u00fdch ozdob. Lehk\u00e1 konstrukce, tenk\u00e1 \u010depel a agresivn\u00ed \u0159ezn\u00fd v\u00fdkon z n\u011bj d\u011blaj\u00ed perfektn\u00edho pomocn\u00edka pro ka\u017edodenn\u00ed kuchy\u0148sk\u00e9 \u00fakoly.<\/p>\n<p data-start=\"626\" data-end=\"807\">Pln\u011b vroubkovan\u00e9 ost\u0159\u00ed SpyderEdge\u2122 zaji\u0161\u0165uje dlouhou \u017eivotnost ost\u0159\u00ed a v\u00fdborn\u00fd v\u00fdkon zejm\u00e9na p\u0159i kr\u00e1jen\u00ed potravin s pevn\u011bj\u0161\u00ed slupkou nebo m\u011bkk\u00fdm vnit\u0159kem (raj\u010data, citrusy, pe\u010divo).<\/p>\n<p data-start=\"809\" data-end=\"854\">Je to n\u016f\u017e, kter\u00fd \u0159e\u017ee hned od prvn\u00edho dotyku.<\/p>\n<hr data-start=\"856\" data-end=\"859\" \/>\n<p data-start=\"861\" data-end=\"877\">\ud83c\udfed <strong data-start=\"864\" data-end=\"877\">O v\u00fdrobci<\/strong><\/p>\n<p data-start=\"879\" data-end=\"1086\"><strong data-start=\"879\" data-end=\"920\"><span class=\"hover:entity-accent entity-underline inline cursor-pointer align-baseline\"><span class=\"whitespace-normal\">Spyderco<\/span><\/span><\/strong> je americk\u00e1 zna\u010dka zalo\u017een\u00e1 v roce 1976 Salem Glesserem. P\u0159esto\u017ee je zn\u00e1m\u00e1 p\u0159edev\u0161\u00edm zav\u00edrac\u00edmi no\u017ei, jej\u00ed kuchy\u0148sk\u00e1 \u0159ada pat\u0159\u00ed mezi dlouhodob\u011b cen\u011bn\u00e9 produkty d\u00edky:<\/p>\n<ul data-start=\"1088\" data-end=\"1178\">\n<li data-start=\"1088\" data-end=\"1116\">\n<p data-start=\"1090\" data-end=\"1116\">extr\u00e9mn\u011b tenk\u00fdm v\u00fdbrus\u016fm<\/p>\n<\/li>\n<li data-start=\"1117\" data-end=\"1137\">\n<p data-start=\"1119\" data-end=\"1137\">vysok\u00e9 \u0159ezivosti<\/p>\n<\/li>\n<li data-start=\"1138\" data-end=\"1158\">\n<p data-start=\"1140\" data-end=\"1158\">lehk\u00e9 konstrukci<\/p>\n<\/li>\n<li data-start=\"1159\" data-end=\"1178\">\n<p data-start=\"1161\" data-end=\"1178\">japonsk\u00e9 v\u00fdrob\u011b<\/p>\n<\/li>\n<\/ul>\n<p data-start=\"1180\" data-end=\"1235\">Kuchy\u0148sk\u00e9 modely Spyderco jsou zam\u011b\u0159en\u00e9 \u010dist\u011b na v\u00fdkon.<\/p>\n<hr data-start=\"1237\" data-end=\"1240\" \/>\n<p data-start=\"1242\" data-end=\"1283\">\ud83d\udde1\ufe0f <strong data-start=\"1246\" data-end=\"1283\">\u010cepel \u2013 Drop Point se SpyderEdge\u2122<\/strong><\/p>\n<p data-start=\"1285\" data-end=\"1318\">\u010cepel typu <strong data-start=\"1296\" data-end=\"1310\">Drop Point<\/strong> nab\u00edz\u00ed:<\/p>\n<ul data-start=\"1320\" data-end=\"1401\">\n<li data-start=\"1320\" data-end=\"1345\">\n<p data-start=\"1322\" data-end=\"1345\">p\u0159irozen\u00fd oblouk \u0159ezu<\/p>\n<\/li>\n<li data-start=\"1346\" data-end=\"1377\">\n<p data-start=\"1348\" data-end=\"1377\">dobrou kontrolu nad \u0161pi\u010dkou<\/p>\n<\/li>\n<li data-start=\"1378\" data-end=\"1401\">\n<p data-start=\"1380\" data-end=\"1401\">univerz\u00e1ln\u00ed pou\u017eit\u00ed<\/p>\n<\/li>\n<\/ul>\n<p data-start=\"1403\" data-end=\"1484\">Pln\u011b vroubkovan\u00e9 ost\u0159\u00ed <strong data-start=\"1426\" data-end=\"1441\">SpyderEdge\u2122<\/strong> vyu\u017e\u00edv\u00e1 dvoustup\u0148ov\u00fd syst\u00e9m zoubk\u016f, kter\u00fd:<\/p>\n<ul data-start=\"1486\" data-end=\"1593\">\n<li data-start=\"1486\" data-end=\"1513\">\n<p data-start=\"1488\" data-end=\"1513\">zvy\u0161uje agresivitu \u0159ezu<\/p>\n<\/li>\n<li data-start=\"1514\" data-end=\"1544\">\n<p data-start=\"1516\" data-end=\"1544\">prodlu\u017euje funk\u010dn\u00ed ostrost<\/p>\n<\/li>\n<li data-start=\"1545\" data-end=\"1593\">\n<p data-start=\"1547\" data-end=\"1593\">minimalizuje skluz p\u0159i kontaktu s potravinou<\/p>\n<\/li>\n<\/ul>\n<p data-start=\"1595\" data-end=\"1672\">D\u00e9lka \u010depele cca 114 mm je ide\u00e1ln\u00ed pro p\u0159esnou pr\u00e1ci i men\u0161\u00ed kuchy\u0148sk\u00e9 \u00fakony.<\/p>\n<hr data-start=\"1674\" data-end=\"1677\" \/>\n<p data-start=\"1679\" data-end=\"1699\">\ud83d\udd2c <strong data-start=\"1682\" data-end=\"1699\">Ocel \u2013 MBS-26<\/strong><\/p>\n<p data-start=\"1701\" data-end=\"1756\">\u010cepel je vyrobena z japonsk\u00e9 nerezov\u00e9 oceli <strong data-start=\"1745\" data-end=\"1755\">MBS-26<\/strong>.<\/p>\n<p data-start=\"1758\" data-end=\"1779\">Tvrdost cca 58\u201359 HRC<\/p>\n<p data-start=\"1781\" data-end=\"1797\">Charakteristika:<\/p>\n<ul data-start=\"1799\" data-end=\"1897\">\n<li data-start=\"1799\" data-end=\"1836\">\n<p data-start=\"1801\" data-end=\"1836\">velmi dobr\u00e1 odolnost proti korozi<\/p>\n<\/li>\n<li data-start=\"1837\" data-end=\"1856\">\n<p data-start=\"1839\" data-end=\"1856\">v\u00fdborn\u00e1 ostrost<\/p>\n<\/li>\n<li data-start=\"1857\" data-end=\"1874\">\n<p data-start=\"1859\" data-end=\"1874\">snadn\u00e1 \u00fadr\u017eba<\/p>\n<\/li>\n<li data-start=\"1875\" data-end=\"1897\">\n<p data-start=\"1877\" data-end=\"1897\">dobr\u00e1 hou\u017eevnatost<\/p>\n<\/li>\n<\/ul>\n<p data-start=\"1899\" data-end=\"1986\">Ocel je kalena tak, aby poskytovala maxim\u00e1ln\u00ed \u0159ezivost p\u0159i zachov\u00e1n\u00ed dlouh\u00e9 \u017eivotnosti.<\/p>\n<hr data-start=\"1988\" data-end=\"1991\" \/>\n<p data-start=\"1993\" data-end=\"2028\">\ud83e\udde9 <strong data-start=\"1996\" data-end=\"2028\">Rukoje\u0165 \u2013 \u010cern\u00fd polypropylen<\/strong><\/p>\n<p data-start=\"2030\" data-end=\"2084\">Rukoje\u0165 je vyrobena z lehk\u00e9ho polypropylenu, kter\u00fd je:<\/p>\n<ul data-start=\"2086\" data-end=\"2174\">\n<li data-start=\"2086\" data-end=\"2110\">\n<p data-start=\"2088\" data-end=\"2110\">odoln\u00fd v\u016f\u010di vlhkosti<\/p>\n<\/li>\n<li data-start=\"2111\" data-end=\"2125\">\n<p data-start=\"2113\" data-end=\"2125\">hygienick\u00fd<\/p>\n<\/li>\n<li data-start=\"2126\" data-end=\"2147\">\n<p data-start=\"2128\" data-end=\"2147\">snadno omyvateln\u00fd<\/p>\n<\/li>\n<li data-start=\"2148\" data-end=\"2174\">\n<p data-start=\"2150\" data-end=\"2174\">lehk\u00fd a dob\u0159e vyv\u00e1\u017een\u00fd<\/p>\n<\/li>\n<\/ul>\n<p data-start=\"2176\" data-end=\"2246\">Texturovan\u00fd povrch zaji\u0161\u0165uje jist\u00fd \u00fachop i p\u0159i pr\u00e1ci s mokr\u00fdma rukama.<\/p>\n<hr data-start=\"2248\" data-end=\"2251\" \/>\n<p data-start=\"2253\" data-end=\"2281\">\u2699\ufe0f <strong data-start=\"2256\" data-end=\"2281\">Technick\u00e9 specifikace<\/strong><\/p>\n<div class=\"TyagGW_tableContainer\">\n<div class=\"group TyagGW_tableWrapper flex flex-col-reverse w-fit\" tabindex=\"-1\">\n<table class=\"w-fit min-w-(--thread-content-width)\" data-start=\"2283\" data-end=\"2703\">\n<thead data-start=\"2283\" data-end=\"2305\">\n<tr data-start=\"2283\" data-end=\"2305\">\n<th class=\"\" data-start=\"2283\" data-end=\"2294\" data-col-size=\"sm\">Parametr<\/th>\n<th class=\"\" data-start=\"2294\" data-end=\"2305\" data-col-size=\"sm\">Hodnota<\/th>\n<\/tr>\n<\/thead>\n<tbody data-start=\"2332\" data-end=\"2703\">\n<tr data-start=\"2332\" data-end=\"2350\">\n<td data-start=\"2332\" data-end=\"2340\" data-col-size=\"sm\">Model<\/td>\n<td data-start=\"2340\" data-end=\"2350\" data-col-size=\"sm\">K05SBK<\/td>\n<\/tr>\n<tr data-start=\"2351\" data-end=\"2389\">\n<td data-start=\"2351\" data-end=\"2363\" data-col-size=\"sm\">Kategorie<\/td>\n<td data-col-size=\"sm\" data-start=\"2363\" data-end=\"2389\">Paring \/ Utility Knife<\/td>\n<\/tr>\n<tr data-start=\"2390\" data-end=\"2420\">\n<td data-start=\"2390\" data-end=\"2406\" data-col-size=\"sm\">Celkov\u00e1 d\u00e9lka<\/td>\n<td data-start=\"2406\" data-end=\"2420\" data-col-size=\"sm\">cca 224 mm<\/td>\n<\/tr>\n<tr data-start=\"2421\" data-end=\"2450\">\n<td data-start=\"2421\" data-end=\"2436\" data-col-size=\"sm\">D\u00e9lka \u010depele<\/td>\n<td data-start=\"2436\" data-end=\"2450\" data-col-size=\"sm\">cca 114 mm<\/td>\n<\/tr>\n<tr data-start=\"2451\" data-end=\"2483\">\n<td data-start=\"2451\" data-end=\"2469\" data-col-size=\"sm\">Tlou\u0161\u0165ka \u010depele<\/td>\n<td data-start=\"2469\" data-end=\"2483\" data-col-size=\"sm\">cca 1,5 mm<\/td>\n<\/tr>\n<tr data-start=\"2484\" data-end=\"2510\">\n<td data-start=\"2484\" data-end=\"2495\" data-col-size=\"sm\">Hmotnost<\/td>\n<td data-start=\"2495\" data-end=\"2510\" data-col-size=\"sm\">cca 45\u201350 g<\/td>\n<\/tr>\n<tr data-start=\"2511\" data-end=\"2539\">\n<td data-start=\"2511\" data-end=\"2529\" data-col-size=\"sm\">Materi\u00e1l \u010depele<\/td>\n<td data-col-size=\"sm\" data-start=\"2529\" data-end=\"2539\">MBS-26<\/td>\n<\/tr>\n<tr data-start=\"2540\" data-end=\"2567\">\n<td data-start=\"2540\" data-end=\"2550\" data-col-size=\"sm\">Tvrdost<\/td>\n<td data-start=\"2550\" data-end=\"2567\" data-col-size=\"sm\">cca 58\u201359 HRC<\/td>\n<\/tr>\n<tr data-start=\"2568\" data-end=\"2611\">\n<td data-start=\"2568\" data-end=\"2580\" data-col-size=\"sm\">Typ ost\u0159\u00ed<\/td>\n<td data-start=\"2580\" data-end=\"2611\" data-col-size=\"sm\">Pln\u011b serrated (SpyderEdge\u2122)<\/td>\n<\/tr>\n<tr data-start=\"2612\" data-end=\"2639\">\n<td data-start=\"2612\" data-end=\"2625\" data-col-size=\"sm\">Typ \u010depele<\/td>\n<td data-col-size=\"sm\" data-start=\"2625\" data-end=\"2639\">Drop Point<\/td>\n<\/tr>\n<tr data-start=\"2640\" data-end=\"2676\">\n<td data-start=\"2640\" data-end=\"2660\" data-col-size=\"sm\">Materi\u00e1l rukojeti<\/td>\n<td data-col-size=\"sm\" data-start=\"2660\" data-end=\"2676\">Polypropylen<\/td>\n<\/tr>\n<tr data-start=\"2677\" data-end=\"2703\">\n<td data-start=\"2677\" data-end=\"2691\" data-col-size=\"sm\">Zem\u011b p\u016fvodu<\/td>\n<td data-col-size=\"sm\" data-start=\"2691\" data-end=\"2703\">Japonsko<\/td>\n<\/tr>\n<\/tbody>\n<\/table>\n<\/div>\n<\/div>\n<hr data-start=\"2705\" data-end=\"2708\" \/>\n<p data-start=\"2710\" data-end=\"2729\">\u2705 <strong data-start=\"2712\" data-end=\"2729\">Hlavn\u00ed v\u00fdhody<\/strong><\/p>\n<ul data-start=\"2731\" data-end=\"2884\">\n<li data-start=\"2731\" data-end=\"2766\">\n<p data-start=\"2733\" data-end=\"2766\">Extr\u00e9mn\u011b lehk\u00fd a dob\u0159e vyv\u00e1\u017een\u00fd<\/p>\n<\/li>\n<li data-start=\"2767\" data-end=\"2802\">\n<p data-start=\"2769\" data-end=\"2802\">Dlouhodob\u011b ostr\u00e9 serrated ost\u0159\u00ed<\/p>\n<\/li>\n<li data-start=\"2803\" data-end=\"2843\">\n<p data-start=\"2805\" data-end=\"2843\">V\u00fdborn\u00fd na raj\u010data, citrusy i pe\u010divo<\/p>\n<\/li>\n<li data-start=\"2844\" data-end=\"2866\">\n<p data-start=\"2846\" data-end=\"2866\">Odoln\u00fd v\u016f\u010di korozi<\/p>\n<\/li>\n<li data-start=\"2867\" data-end=\"2884\">\n<p data-start=\"2869\" data-end=\"2884\">Snadn\u00e1 \u00fadr\u017eba<\/p>\n<\/li>\n<\/ul>\n<hr data-start=\"2886\" data-end=\"2889\" \/>\n<p data-start=\"2891\" data-end=\"2911\">\u26a0\ufe0f <strong data-start=\"2894\" data-end=\"2911\">Mo\u017en\u00e1 omezen\u00ed<\/strong><\/p>\n<ul data-start=\"2913\" data-end=\"3044\">\n<li data-start=\"2913\" data-end=\"2957\">\n<p data-start=\"2915\" data-end=\"2957\">Serrated ost\u0159\u00ed je n\u00e1ro\u010dn\u011bj\u0161\u00ed na brou\u0161en\u00ed<\/p>\n<\/li>\n<li data-start=\"2958\" data-end=\"2998\">\n<p data-start=\"2960\" data-end=\"2998\">Nevhodn\u00fd pro sek\u00e1n\u00ed nebo t\u011b\u017e\u0161\u00ed pr\u00e1ci<\/p>\n<\/li>\n<li data-start=\"2999\" data-end=\"3044\">\n<p data-start=\"3001\" data-end=\"3044\">Jednoduch\u00fd design bez luxusn\u00edch materi\u00e1l\u016f<\/p>\n<\/li>\n<\/ul>\n<hr data-start=\"3046\" data-end=\"3049\" \/>\n<p data-start=\"3051\" data-end=\"3072\">\ud83d\udee0\ufe0f <strong data-start=\"3055\" data-end=\"3072\">\u00dadr\u017eba a p\u00e9\u010de<\/strong><\/p>\n<ul data-start=\"3074\" data-end=\"3249\">\n<li data-start=\"3074\" data-end=\"3105\">\n<p data-start=\"3076\" data-end=\"3105\">Po pou\u017eit\u00ed opl\u00e1chni a osu\u0161i<\/p>\n<\/li>\n<li data-start=\"3106\" data-end=\"3134\">\n<p data-start=\"3108\" data-end=\"3134\">Doporu\u010duje se ru\u010dn\u00ed myt\u00ed<\/p>\n<\/li>\n<li data-start=\"3135\" data-end=\"3203\">\n<p data-start=\"3137\" data-end=\"3203\">Pro brou\u0161en\u00ed serrated ost\u0159\u00ed pou\u017e\u00edvej ku\u017eelov\u00fd diamantov\u00fd brousek<\/p>\n<\/li>\n<li data-start=\"3204\" data-end=\"3249\">\n<p data-start=\"3206\" data-end=\"3249\">Nenech\u00e1vej dlouhodob\u011b ve vlhk\u00e9m prost\u0159ed\u00ed<\/p>\n<\/li>\n<\/ul>\n<p data-start=\"3251\" data-end=\"3314\">Pravideln\u00e1 p\u00e9\u010de zajist\u00ed dlouhou \u017eivotnost a maxim\u00e1ln\u00ed \u0159ezivost.<\/p>\n<hr data-start=\"3316\" data-end=\"3319\" \/>\n<p data-start=\"3321\" data-end=\"3342\">\ud83c\udfaf <strong data-start=\"3324\" data-end=\"3342\">Doporu\u010deno pro<\/strong><\/p>\n<ul data-start=\"3344\" data-end=\"3464\">\n<li data-start=\"3344\" data-end=\"3372\">\n<p data-start=\"3346\" data-end=\"3372\">Kr\u00e1jen\u00ed ovoce a zeleniny<\/p>\n<\/li>\n<li data-start=\"3373\" data-end=\"3402\">\n<p data-start=\"3375\" data-end=\"3402\">Raj\u010data, citrusy, papriky<\/p>\n<\/li>\n<li data-start=\"3403\" data-end=\"3429\">\n<p data-start=\"3405\" data-end=\"3429\">Lehk\u00e9 porcov\u00e1n\u00ed pe\u010diva<\/p>\n<\/li>\n<li data-start=\"3430\" data-end=\"3464\">\n<p data-start=\"3432\" data-end=\"3464\">Dom\u00e1c\u00ed i profesion\u00e1ln\u00ed kuchyni<\/p>\n<\/li>\n<\/ul>\n<hr data-start=\"3466\" data-end=\"3469\" \/>\n<p data-start=\"3471\" data-end=\"3496\">\u2b50 <strong data-start=\"3473\" data-end=\"3496\">Z\u00e1v\u011bre\u010dn\u00e9 hodnocen\u00ed<\/strong><\/p>\n<p data-start=\"3498\" data-end=\"3742\" data-is-last-node=\"\" data-is-only-node=\"\">Spyderco K05SBK je lehk\u00fd, extr\u00e9mn\u011b \u0159eziv\u00fd kuchy\u0148sk\u00fd n\u016f\u017e navr\u017een\u00fd pro ka\u017edodenn\u00ed pou\u017eit\u00ed. D\u00edky tenk\u00e9 \u010depeli, kvalitn\u00ed japonsk\u00e9 oceli a agresivn\u00edmu serrated ost\u0159\u00ed nab\u00edz\u00ed v\u00fdkon, kter\u00fd v\u00fdrazn\u011b p\u0159evy\u0161uje b\u011b\u017en\u00e9 kuchy\u0148sk\u00e9 no\u017ee ve stejn\u00e9 kategorii \ud83c\udf45\ud83d\udd2a<\/p>\n<\/div>\n<\/div>\n<\/div>\n<\/div>\n<div class=\"z-0 flex min-h-[46px] justify-start\"><\/div>\n<\/div>\n<\/div>\n<\/article>\n<\/div>\n<div class=\"pointer-events-none h-px w-px absolute bottom-0\" aria-hidden=\"true\" data-edge=\"true\"><\/div>\n","protected":false},"excerpt":{"rendered":"<p><strong>Spyderco K05SBK je lehk\u00fd, extr\u00e9mn\u011b \u0159eziv\u00fd kuchy\u0148sk\u00fd n\u016f\u017e navr\u017een\u00fd pro ka\u017edodenn\u00ed pou\u017eit\u00ed. D\u00edky tenk\u00e9 \u010depeli, kvalitn\u00ed japonsk\u00e9 oceli a agresivn\u00edmu serrated ost\u0159\u00ed nab\u00edz\u00ed v\u00fdkon, kter\u00fd v\u00fdrazn\u011b p\u0159evy\u0161uje b\u011b\u017en\u00e9 kuchy\u0148sk\u00e9 no\u017ee ve stejn\u00e9 kategorii \ud83c\udf45\ud83d\udd2a<\/strong><\/p>\n","protected":false},"featured_media":437722,"comment_status":"open","ping_status":"closed","template":"","meta":[],"pwb-brand":[567],"product_brand":[],"product_cat":[23,21,17],"product_tag":[],"class_list":{"0":"post-437721","1":"product","2":"type-product","3":"status-publish","4":"has-post-thumbnail","6":"pwb-brand-spyderco","7":"product_cat-pevne-noze","8":"product_cat-kuchynske-noze","9":"product_cat-noze","11":"first","12":"instock","13":"taxable","14":"shipping-taxable","15":"purchasable","16":"product-type-simple"},"brands":[{"id":567,"name":"Spyderco","slug":"spyderco"}],"_links":{"self":[{"href":"https:\/\/www.moskito.cz\/pl\/wp-json\/wp\/v2\/product\/437721","targetHints":{"allow":["GET"]}}],"collection":[{"href":"https:\/\/www.moskito.cz\/pl\/wp-json\/wp\/v2\/product"}],"about":[{"href":"https:\/\/www.moskito.cz\/pl\/wp-json\/wp\/v2\/types\/product"}],"replies":[{"embeddable":true,"href":"https:\/\/www.moskito.cz\/pl\/wp-json\/wp\/v2\/comments?post=437721"}],"wp:featuredmedia":[{"embeddable":true,"href":"https:\/\/www.moskito.cz\/pl\/wp-json\/wp\/v2\/media\/437722"}],"wp:attachment":[{"href":"https:\/\/www.moskito.cz\/pl\/wp-json\/wp\/v2\/media?parent=437721"}],"wp:term":[{"taxonomy":"pwb-brand","embeddable":true,"href":"https:\/\/www.moskito.cz\/pl\/wp-json\/wp\/v2\/pwb-brand?post=437721"},{"taxonomy":"product_brand","embeddable":true,"href":"https:\/\/www.moskito.cz\/pl\/wp-json\/wp\/v2\/product_brand?post=437721"},{"taxonomy":"product_cat","embeddable":true,"href":"https:\/\/www.moskito.cz\/pl\/wp-json\/wp\/v2\/product_cat?post=437721"},{"taxonomy":"product_tag","embeddable":true,"href":"https:\/\/www.moskito.cz\/pl\/wp-json\/wp\/v2\/product_tag?post=437721"}],"curies":[{"name":"wp","href":"https:\/\/api.w.org\/{rel}","templated":true}]}}