{"id":437896,"date":"2026-02-18T11:59:38","date_gmt":"2026-02-18T10:59:38","guid":{"rendered":"https:\/\/www.moskito.cz\/?post_type=product&#038;p=437896"},"modified":"2026-02-18T11:59:40","modified_gmt":"2026-02-18T10:59:40","slug":"zaviraci-nuz-microtech-socom-elite-apokalyptic-160-10aprd","status":"publish","type":"product","link":"https:\/\/www.moskito.cz\/pl\/produkt\/zaviraci-nuz-microtech-socom-elite-apokalyptic-160-10aprd\/","title":{"rendered":"Zav\u00edrac\u00ed N\u016f\u017e Microtech Socom Elite Apokalyptic 160-10APRD"},"content":{"rendered":"<p data-start=\"115\" data-end=\"479\">Jakmile vezme\u0161 do ruky zav\u00edrac\u00ed n\u016f\u017e <strong data-start=\"151\" data-end=\"187\">Microtech Socom Elite 160-10APRD<\/strong>, okam\u017eit\u011b poc\u00edt\u00ed\u0161 preciznost zpracov\u00e1n\u00ed, v\u00fdraznou hmotnost a nekompromisn\u00ed taktick\u00fd charakter. Tento model pat\u0159\u00ed mezi pr\u00e9miov\u00e9 zav\u00edrac\u00ed no\u017ee od americk\u00e9 zna\u010dky <span class=\"hover:entity-accent entity-underline inline cursor-pointer align-baseline\"><span class=\"whitespace-normal\">Microtech Knives<\/span><\/span> a je navr\u017een pro n\u00e1ro\u010dn\u00e9 u\u017eivatele vy\u017eaduj\u00edc\u00ed v\u00fdkon, odolnost a spolehlivost v ka\u017ed\u00e9 situaci.<\/p>\n<p data-start=\"481\" data-end=\"508\">Vyrobeno a sestaveno v USA.<\/p>\n<p data-start=\"510\" data-end=\"538\">\ud83d\udd25 <strong data-start=\"513\" data-end=\"538\">Charakter a filozofie<\/strong><\/p>\n<p data-start=\"540\" data-end=\"780\">Socom Elite je robustn\u00ed zav\u00edrac\u00ed n\u016f\u017e ur\u010den\u00fd pro u\u017eivatele, kte\u0159\u00ed cht\u011bj\u00ed \u0161pi\u010dkov\u00fd v\u0161estrann\u00fd n\u00e1stroj s taktick\u00fdm charakterem. Model kombinuje s\u00edlu, pevnost a ergonomii tak, aby poskytl jist\u00fd \u00fachop a maxim\u00e1ln\u00ed kontrolu v n\u00e1ro\u010dn\u00fdch podm\u00ednk\u00e1ch.<\/p>\n<p data-start=\"782\" data-end=\"917\">\u010cepel typu <strong data-start=\"793\" data-end=\"802\">Tanto<\/strong> je ide\u00e1ln\u00ed pro pr\u016frazn\u00e9 a \u0159ezn\u00e9 \u00fakony, zat\u00edmco precizn\u00ed mechanismus zaji\u0161\u0165uje jist\u00e9 a hladk\u00e9 otev\u00edr\u00e1n\u00ed i zav\u00edr\u00e1n\u00ed.<\/p>\n<p data-start=\"919\" data-end=\"935\">\ud83c\udfed <strong data-start=\"922\" data-end=\"935\">O v\u00fdrobci<\/strong><\/p>\n<p data-start=\"937\" data-end=\"1076\">Microtech je americk\u00e1 zna\u010dka zalo\u017een\u00e1 v roce 1994 design\u00e9rem <span class=\"hover:entity-accent entity-underline inline cursor-pointer align-baseline\"><span class=\"whitespace-normal\">Tony Marfione<\/span><\/span>. Mezi jej\u00ed charakteristick\u00e9 znaky pat\u0159\u00ed:<\/p>\n<ul data-start=\"1078\" data-end=\"1225\">\n<li data-start=\"1078\" data-end=\"1111\">\n<p data-start=\"1080\" data-end=\"1111\">Specializace na pr\u00e9miov\u00e9 no\u017ee<\/p>\n<\/li>\n<li data-start=\"1112\" data-end=\"1135\">\n<p data-start=\"1114\" data-end=\"1135\">Precizn\u00ed CNC v\u00fdroba<\/p>\n<\/li>\n<li data-start=\"1136\" data-end=\"1173\">\n<p data-start=\"1138\" data-end=\"1173\">D\u016fraz na mechanickou spolehlivost<\/p>\n<\/li>\n<li data-start=\"1174\" data-end=\"1208\">\n<p data-start=\"1176\" data-end=\"1208\">Pou\u017eit\u00ed prvot\u0159\u00eddn\u00edch materi\u00e1l\u016f<\/p>\n<\/li>\n<li data-start=\"1209\" data-end=\"1225\">\n<p data-start=\"1211\" data-end=\"1225\">V\u00fdroba v USA<\/p>\n<\/li>\n<\/ul>\n<p data-start=\"1227\" data-end=\"1320\">Modely z \u0159ady Socom jsou cen\u011bny pro sv\u00e9 v\u00fdkonn\u00e9 \u010depele, pevn\u00e9 mechanismy a dlouhou \u017eivotnost.<\/p>\n<p data-start=\"1322\" data-end=\"1343\">\ud83d\udde1\ufe0f <strong data-start=\"1326\" data-end=\"1343\">\u010cepel \u2013 Tanto<\/strong><\/p>\n<p data-start=\"1345\" data-end=\"1458\">\u010cepel typu <strong data-start=\"1356\" data-end=\"1365\">Tanto<\/strong> je navr\u017eena pro vysokou pevnost hrotu, vynikaj\u00edc\u00ed pr\u016fraznost a univerz\u00e1ln\u00ed \u0159ezn\u00e9 schopnosti.<\/p>\n<p data-start=\"1460\" data-end=\"1477\">Profil poskytuje:<\/p>\n<ul data-start=\"1479\" data-end=\"1617\">\n<li data-start=\"1479\" data-end=\"1505\">\n<p data-start=\"1481\" data-end=\"1505\">extr\u00e9mn\u00ed pevnost hrotu<\/p>\n<\/li>\n<li data-start=\"1506\" data-end=\"1531\">\n<p data-start=\"1508\" data-end=\"1531\">stabiln\u00ed \u0159eznou hranu<\/p>\n<\/li>\n<li data-start=\"1532\" data-end=\"1575\">\n<p data-start=\"1534\" data-end=\"1575\">dobr\u00e9 vlastnosti p\u0159i pr\u016frazn\u00fdch \u00fakonech<\/p>\n<\/li>\n<li data-start=\"1576\" data-end=\"1617\">\n<p data-start=\"1578\" data-end=\"1617\">praktick\u00e9 vyu\u017eit\u00ed v r\u016fzn\u00fdch situac\u00edch<\/p>\n<\/li>\n<\/ul>\n<p data-start=\"1619\" data-end=\"1752\">Povrchov\u00e1 \u00faprava <strong data-start=\"1636\" data-end=\"1661\">Apokalyptick\u00fd Kamenn\u00fd<\/strong> dod\u00e1v\u00e1 \u010depeli surov\u00fd charakter, zvy\u0161uje odolnost proti odlesk\u016fm a chr\u00e1n\u00ed proti opot\u0159eben\u00ed.<\/p>\n<p data-start=\"1754\" data-end=\"1779\">\ud83d\udd2c <strong data-start=\"1757\" data-end=\"1779\">Ocel \u2013 B\u00f6hler M390<\/strong><\/p>\n<p data-start=\"1781\" data-end=\"1858\">M390 je pr\u00e9miov\u00e1 pr\u00e1\u0161kov\u00e1 nerezov\u00e1 ocel zn\u00e1m\u00e1 sv\u00fdmi vynikaj\u00edc\u00edmi vlastnostmi.<\/p>\n<p data-start=\"1860\" data-end=\"1885\">Tvrdost cca <strong data-start=\"1872\" data-end=\"1885\">60\u201362 HRC<\/strong><\/p>\n<p data-start=\"1887\" data-end=\"1903\">Charakteristika:<\/p>\n<ul data-start=\"1905\" data-end=\"2047\">\n<li data-start=\"1905\" data-end=\"1929\">\n<p data-start=\"1907\" data-end=\"1929\">v\u00fdborn\u00e9 dr\u017een\u00ed ost\u0159\u00ed<\/p>\n<\/li>\n<li data-start=\"1930\" data-end=\"1962\">\n<p data-start=\"1932\" data-end=\"1962\">vysok\u00e1 odolnost proti korozi<\/p>\n<\/li>\n<li data-start=\"1963\" data-end=\"2003\">\n<p data-start=\"1965\" data-end=\"2003\">dlouhodob\u00e1 odolnost proti opot\u0159eben\u00ed<\/p>\n<\/li>\n<li data-start=\"2004\" data-end=\"2047\">\n<p data-start=\"2006\" data-end=\"2047\">stabiln\u00ed ost\u0159\u00ed i p\u0159i n\u00e1ro\u010dn\u00e9m pou\u017e\u00edv\u00e1n\u00ed<\/p>\n<\/li>\n<\/ul>\n<p data-start=\"2049\" data-end=\"2129\">Tato ocel je pova\u017eov\u00e1na za jednu z nejlep\u0161\u00edch voln\u011b dostupn\u00fdch no\u017e\u00ed\u0159sk\u00fdch ocel\u00ed.<\/p>\n<p data-start=\"2131\" data-end=\"2170\">\ud83e\udde9 <strong data-start=\"2134\" data-end=\"2170\">Rukoje\u0165 \u2013 \u010cerven\u00fd hlin\u00edk 6061-T6<\/strong><\/p>\n<p data-start=\"2172\" data-end=\"2264\">Rukoje\u0165 je vyrobena z anodizovan\u00e9ho leteck\u00e9ho hlin\u00edku s vysokou pevnost\u00ed a n\u00edzkou hmotnost\u00ed.<\/p>\n<p data-start=\"2266\" data-end=\"2277\">Vlastnosti:<\/p>\n<ul data-start=\"2279\" data-end=\"2427\">\n<li data-start=\"2279\" data-end=\"2309\">\n<p data-start=\"2281\" data-end=\"2309\">vysok\u00e1 mechanick\u00e1 odolnost<\/p>\n<\/li>\n<li data-start=\"2310\" data-end=\"2348\">\n<p data-start=\"2312\" data-end=\"2348\">ergonomick\u00fd profil pro jist\u00fd \u00fachop<\/p>\n<\/li>\n<li data-start=\"2349\" data-end=\"2387\">\n<p data-start=\"2351\" data-end=\"2387\">trak\u010dn\u00ed textura pro lep\u0161\u00ed kontrolu<\/p>\n<\/li>\n<li data-start=\"2388\" data-end=\"2427\">\n<p data-start=\"2390\" data-end=\"2427\">odolnost v\u016f\u010di vlhkosti i opot\u0159eben\u00ed<\/p>\n<\/li>\n<\/ul>\n<p data-start=\"2429\" data-end=\"2500\">Reverzibiln\u00ed kapesn\u00ed klip umo\u017e\u0148uje pohodln\u00e9 no\u0161en\u00ed na r\u016fzn\u00fdch pozic\u00edch.<\/p>\n<p data-start=\"2502\" data-end=\"2532\">\u2699\ufe0f <strong data-start=\"2505\" data-end=\"2530\">Technick\u00e9 specifikace<\/strong><\/p>\n<div class=\"TyagGW_tableContainer\">\n<div class=\"group TyagGW_tableWrapper flex flex-col-reverse w-fit\" tabindex=\"-1\">\n<table class=\"w-fit min-w-(--thread-content-width)\" data-start=\"2533\" data-end=\"3052\">\n<thead data-start=\"2533\" data-end=\"2553\">\n<tr data-start=\"2533\" data-end=\"2553\">\n<th class=\"\" data-start=\"2533\" data-end=\"2542\" data-col-size=\"sm\">Parametr<\/th>\n<th class=\"\" data-start=\"2542\" data-end=\"2553\" data-col-size=\"sm\">Hodnota<\/th>\n<\/tr>\n<\/thead>\n<tbody data-start=\"2564\" data-end=\"3052\">\n<tr data-start=\"2564\" data-end=\"2585\">\n<td data-start=\"2564\" data-end=\"2570\" data-col-size=\"sm\">Model<\/td>\n<td data-start=\"2570\" data-end=\"2585\" data-col-size=\"sm\">Socom Elite<\/td>\n<\/tr>\n<tr data-start=\"2586\" data-end=\"2617\">\n<td data-start=\"2586\" data-end=\"2603\" data-col-size=\"sm\">Produktov\u00e9 \u010d\u00edslo<\/td>\n<td data-start=\"2603\" data-end=\"2617\" data-col-size=\"sm\">160-10APRD<\/td>\n<\/tr>\n<tr data-start=\"2618\" data-end=\"2646\">\n<td data-start=\"2618\" data-end=\"2632\" data-col-size=\"sm\">Celkov\u00e1 d\u00e9lka<\/td>\n<td data-start=\"2632\" data-end=\"2646\" data-col-size=\"sm\">cca 230 mm<\/td>\n<\/tr>\n<tr data-start=\"2647\" data-end=\"2673\">\n<td data-start=\"2647\" data-end=\"2660\" data-col-size=\"sm\">D\u00e9lka \u010depele<\/td>\n<td data-start=\"2660\" data-end=\"2673\" data-col-size=\"sm\">cca 101 mm<\/td>\n<\/tr>\n<tr data-start=\"2674\" data-end=\"2704\">\n<td data-start=\"2674\" data-end=\"2690\" data-col-size=\"sm\">Tlou\u0161\u0165ka \u010depele<\/td>\n<td data-start=\"2690\" data-end=\"2704\" data-col-size=\"sm\">cca 4,2 mm<\/td>\n<\/tr>\n<tr data-start=\"2705\" data-end=\"2734\">\n<td data-start=\"2705\" data-end=\"2720\" data-col-size=\"sm\">D\u00e9lka rukojeti<\/td>\n<td data-start=\"2720\" data-end=\"2734\" data-col-size=\"sm\">cca 135 mm<\/td>\n<\/tr>\n<tr data-start=\"2735\" data-end=\"2757\">\n<td data-start=\"2735\" data-end=\"2744\" data-col-size=\"sm\">Hmotnost<\/td>\n<td data-start=\"2744\" data-end=\"2757\" data-col-size=\"sm\">cca 150 g<\/td>\n<\/tr>\n<tr data-start=\"2758\" data-end=\"2789\">\n<td data-start=\"2758\" data-end=\"2774\" data-col-size=\"sm\">Materi\u00e1l \u010depele<\/td>\n<td data-start=\"2774\" data-end=\"2789\" data-col-size=\"sm\">B\u00f6hler M390<\/td>\n<\/tr>\n<tr data-start=\"2790\" data-end=\"2815\">\n<td data-start=\"2790\" data-end=\"2798\" data-col-size=\"sm\">Tvrdost<\/td>\n<td data-start=\"2798\" data-end=\"2815\" data-col-size=\"sm\">cca 60\u201362 HRC<\/td>\n<\/tr>\n<tr data-start=\"2816\" data-end=\"2836\">\n<td data-start=\"2816\" data-end=\"2827\" data-col-size=\"sm\">Typ \u010depele<\/td>\n<td data-start=\"2827\" data-end=\"2836\" data-col-size=\"sm\">Tanto<\/td>\n<\/tr>\n<tr data-start=\"2837\" data-end=\"2876\">\n<td data-start=\"2837\" data-end=\"2851\" data-col-size=\"sm\">Povrch \u010depele<\/td>\n<td data-start=\"2851\" data-end=\"2876\" data-col-size=\"sm\">Apokalyptick\u00fd Kamenn\u00fd<\/td>\n<\/tr>\n<tr data-start=\"2877\" data-end=\"2913\">\n<td data-start=\"2877\" data-end=\"2895\" data-col-size=\"sm\">Materi\u00e1l rukojeti<\/td>\n<td data-start=\"2895\" data-end=\"2913\" data-col-size=\"sm\">Hlin\u00edk 6061-T6<\/td>\n<\/tr>\n<tr data-start=\"2914\" data-end=\"2940\">\n<td data-start=\"2914\" data-end=\"2929\" data-col-size=\"sm\">Barva rukojeti<\/td>\n<td data-start=\"2929\" data-end=\"2940\" data-col-size=\"sm\">\u010cerven\u00e1<\/td>\n<\/tr>\n<tr data-start=\"2941\" data-end=\"2980\">\n<td data-start=\"2941\" data-end=\"2953\" data-col-size=\"sm\">Mechanismus<\/td>\n<td data-start=\"2953\" data-end=\"2980\" data-col-size=\"sm\">Locking liner \/ flipper<\/td>\n<\/tr>\n<tr data-start=\"2981\" data-end=\"3010\">\n<td data-start=\"2981\" data-end=\"2991\" data-col-size=\"sm\">Otev\u00edr\u00e1n\u00ed<\/td>\n<td data-start=\"2991\" data-end=\"3010\" data-col-size=\"sm\">Flipper \/ pivot<\/td>\n<\/tr>\n<tr data-start=\"3011\" data-end=\"3032\">\n<td data-start=\"3011\" data-end=\"3016\" data-col-size=\"sm\">Klip<\/td>\n<td data-start=\"3016\" data-end=\"3032\" data-col-size=\"sm\">Reverzibiln\u00ed<\/td>\n<\/tr>\n<tr data-start=\"3033\" data-end=\"3052\">\n<td data-start=\"3033\" data-end=\"3045\" data-col-size=\"sm\">Zem\u011b p\u016fvodu<\/td>\n<td data-start=\"3045\" data-end=\"3052\" data-col-size=\"sm\">USA<\/td>\n<\/tr>\n<\/tbody>\n<\/table>\n<\/div>\n<\/div>\n<p data-start=\"3054\" data-end=\"3073\">\u2705 <strong data-start=\"3056\" data-end=\"3073\">Hlavn\u00ed v\u00fdhody<\/strong><\/p>\n<ul data-start=\"3075\" data-end=\"3266\">\n<li data-start=\"3075\" data-end=\"3119\">\n<p data-start=\"3077\" data-end=\"3119\">Pr\u00e9miov\u00e1 ocel s vynikaj\u00edc\u00edm dr\u017een\u00ed ost\u0159\u00ed<\/p>\n<\/li>\n<li data-start=\"3120\" data-end=\"3151\">\n<p data-start=\"3122\" data-end=\"3151\">Robustn\u00ed a pevn\u00e1 konstrukce<\/p>\n<\/li>\n<li data-start=\"3152\" data-end=\"3189\">\n<p data-start=\"3154\" data-end=\"3189\">V\u00fdkonn\u00fd a ergonomick\u00fd tvar \u010depele<\/p>\n<\/li>\n<li data-start=\"3190\" data-end=\"3225\">\n<p data-start=\"3192\" data-end=\"3225\">Spolehliv\u00fd mechanismus zav\u00edr\u00e1n\u00ed<\/p>\n<\/li>\n<li data-start=\"3226\" data-end=\"3266\">\n<p data-start=\"3228\" data-end=\"3266\">Elegantn\u00ed design s v\u00fdraznou rukojet\u00ed<\/p>\n<\/li>\n<\/ul>\n<p data-start=\"3268\" data-end=\"3288\">\u26a0\ufe0f <strong data-start=\"3271\" data-end=\"3288\">Mo\u017en\u00e1 omezen\u00ed<\/strong><\/p>\n<ul data-start=\"3290\" data-end=\"3461\">\n<li data-start=\"3290\" data-end=\"3358\">\n<p data-start=\"3292\" data-end=\"3358\">V\u011bt\u0161\u00ed rozm\u011bry pro n\u011bkoho nemus\u00ed b\u00fdt ide\u00e1ln\u00ed pro nen\u00e1padn\u00e9 no\u0161en\u00ed<\/p>\n<\/li>\n<li data-start=\"3359\" data-end=\"3403\">\n<p data-start=\"3361\" data-end=\"3403\">Vy\u0161\u0161\u00ed hmotnost oproti men\u0161\u00edm EDC model\u016fm<\/p>\n<\/li>\n<li data-start=\"3404\" data-end=\"3461\">\n<p data-start=\"3406\" data-end=\"3461\">\u010cepel typu Tanto nen\u00ed ide\u00e1ln\u00ed pro n\u011bkter\u00e9 jemn\u00e9 pr\u00e1ce<\/p>\n<\/li>\n<\/ul>\n<p data-start=\"3463\" data-end=\"3484\">\ud83d\udee0\ufe0f <strong data-start=\"3467\" data-end=\"3484\">\u00dadr\u017eba a p\u00e9\u010de<\/strong><\/p>\n<p data-start=\"3486\" data-end=\"3519\">Po pou\u017eit\u00ed \u010depel o\u010disti a osu\u0161i<\/p>\n<p data-start=\"3521\" data-end=\"3585\">Mechanismus udr\u017euj \u010dist\u00fd a pravideln\u011b lehce ma\u017e vhodn\u00fdm olejem<\/p>\n<p data-start=\"3587\" data-end=\"3625\">Rukoje\u0165 udr\u017euj suchou a bez ne\u010distot<\/p>\n<p data-start=\"3627\" data-end=\"3935\">Pro brou\u0161en\u00ed doporu\u010dujeme <strong data-start=\"3653\" data-end=\"3719\">Spyderco Tri-Angle Sharpmaker Complete Sharpening System 204MF<\/strong> od zna\u010dky <span class=\"hover:entity-accent entity-underline inline cursor-pointer align-baseline\"><span class=\"whitespace-normal\">Spyderco<\/span><\/span>, kter\u00fd je vhodn\u00fd pro p\u0159esn\u00e9 a \u0161etrn\u00e9 ost\u0159en\u00ed pr\u00e9miov\u00fdch ocel\u00ed. Tento brusn\u00fd syst\u00e9m zakoup\u00ed\u0161 na str\u00e1nk\u00e1ch <span class=\"hover:entity-accent entity-underline inline cursor-pointer align-baseline\"><span class=\"whitespace-normal\">Moskito.cz<\/span><\/span> \u2192 <a class=\"decorated-link\" href=\"https:\/\/www.moskito.cz\" target=\"_new\" rel=\"noopener\" data-start=\"3913\" data-end=\"3935\">https:\/\/www.moskito.cz<\/a><\/p>\n<p data-start=\"3937\" data-end=\"4004\">Pravideln\u00e1 p\u00e9\u010de zajist\u00ed dlouhodobou spolehlivost a maxim\u00e1ln\u00ed v\u00fdkon.<\/p>\n<p data-start=\"4006\" data-end=\"4027\">\ud83c\udfaf <strong data-start=\"4009\" data-end=\"4027\">Doporu\u010deno pro<\/strong><\/p>\n<ul data-start=\"4029\" data-end=\"4148\">\n<li data-start=\"4029\" data-end=\"4049\">\n<p data-start=\"4031\" data-end=\"4049\">Taktick\u00e9 pou\u017eit\u00ed<\/p>\n<\/li>\n<li data-start=\"4050\" data-end=\"4079\">\n<p data-start=\"4052\" data-end=\"4079\">N\u00e1ro\u010dn\u00e9 pracovn\u00ed nasazen\u00ed<\/p>\n<\/li>\n<li data-start=\"4080\" data-end=\"4107\">\n<p data-start=\"4082\" data-end=\"4107\">Profesion\u00e1ln\u00ed u\u017eivatele<\/p>\n<\/li>\n<li data-start=\"4108\" data-end=\"4148\">\n<p data-start=\"4110\" data-end=\"4148\">Sb\u011bratele pr\u00e9miov\u00fdch zav\u00edrac\u00edch no\u017e\u016f<\/p>\n<\/li>\n<\/ul>\n<p data-start=\"4150\" data-end=\"4175\">\u2b50 <strong data-start=\"4152\" data-end=\"4175\">Z\u00e1v\u011bre\u010dn\u00e9 hodnocen\u00ed<\/strong><\/p>\n<p data-start=\"4177\" data-end=\"4423\">Zav\u00edrac\u00ed n\u016f\u017e <strong data-start=\"4190\" data-end=\"4226\">Microtech Socom Elite 160-10APRD<\/strong> spojuje pr\u00e9miov\u00e9 materi\u00e1ly, precizn\u00ed konstrukci a siln\u00fd v\u00fdkon v kompaktn\u00edm form\u00e1tu. Je to univerz\u00e1ln\u00ed n\u00e1stroj navr\u017een\u00fd pro u\u017eivatele, kte\u0159\u00ed necht\u011bj\u00ed kompromisy mezi kvalitou, v\u00fdkonem a designem.<\/p>\n","protected":false},"excerpt":{"rendered":"<p><strong>Zav\u00edrac\u00ed n\u016f\u017e Microtech Socom Elite 160-10APRD spojuje pr\u00e9miov\u00e9 materi\u00e1ly, precizn\u00ed konstrukci a siln\u00fd v\u00fdkon v kompaktn\u00edm form\u00e1tu. Je to univerz\u00e1ln\u00ed n\u00e1stroj navr\u017een\u00fd pro u\u017eivatele, kte\u0159\u00ed necht\u011bj\u00ed kompromisy mezi kvalitou, v\u00fdkonem a designem.<\/strong><\/p>\n<p><strong>Doprava zdarma.<\/strong><\/p>\n","protected":false},"featured_media":437897,"comment_status":"open","ping_status":"closed","template":"","meta":[],"pwb-brand":[431],"product_brand":[],"product_cat":[22,17],"product_tag":[],"class_list":{"0":"post-437896","1":"product","2":"type-product","3":"status-publish","4":"has-post-thumbnail","6":"pwb-brand-microtech","7":"product_cat-zaviraci-noze","8":"product_cat-noze","10":"first","11":"instock","12":"taxable","13":"shipping-taxable","14":"purchasable","15":"product-type-simple"},"brands":[{"id":431,"name":"Microtech","slug":"microtech"}],"_links":{"self":[{"href":"https:\/\/www.moskito.cz\/pl\/wp-json\/wp\/v2\/product\/437896","targetHints":{"allow":["GET"]}}],"collection":[{"href":"https:\/\/www.moskito.cz\/pl\/wp-json\/wp\/v2\/product"}],"about":[{"href":"https:\/\/www.moskito.cz\/pl\/wp-json\/wp\/v2\/types\/product"}],"replies":[{"embeddable":true,"href":"https:\/\/www.moskito.cz\/pl\/wp-json\/wp\/v2\/comments?post=437896"}],"wp:featuredmedia":[{"embeddable":true,"href":"https:\/\/www.moskito.cz\/pl\/wp-json\/wp\/v2\/media\/437897"}],"wp:attachment":[{"href":"https:\/\/www.moskito.cz\/pl\/wp-json\/wp\/v2\/media?parent=437896"}],"wp:term":[{"taxonomy":"pwb-brand","embeddable":true,"href":"https:\/\/www.moskito.cz\/pl\/wp-json\/wp\/v2\/pwb-brand?post=437896"},{"taxonomy":"product_brand","embeddable":true,"href":"https:\/\/www.moskito.cz\/pl\/wp-json\/wp\/v2\/product_brand?post=437896"},{"taxonomy":"product_cat","embeddable":true,"href":"https:\/\/www.moskito.cz\/pl\/wp-json\/wp\/v2\/product_cat?post=437896"},{"taxonomy":"product_tag","embeddable":true,"href":"https:\/\/www.moskito.cz\/pl\/wp-json\/wp\/v2\/product_tag?post=437896"}],"curies":[{"name":"wp","href":"https:\/\/api.w.org\/{rel}","templated":true}]}}