{"id":438720,"date":"2026-02-23T15:31:32","date_gmt":"2026-02-23T14:31:32","guid":{"rendered":"https:\/\/www.moskito.cz\/?post_type=product&#038;p=438720"},"modified":"2026-03-23T13:54:32","modified_gmt":"2026-03-23T12:54:32","slug":"benchmade-classic-hat-caramel-black","status":"publish","type":"product","link":"https:\/\/www.moskito.cz\/pl\/produkt\/benchmade-classic-hat-caramel-black\/","title":{"rendered":"Benchmade Classic hat Caramel\/Black"},"content":{"rendered":"<p>Klasick\u00e1 k\u0161iltovka <strong>BENCHMADE Camel\/Black 50162<\/strong> se vyzna\u010duje vy\u0161\u00edvan\u00fdm logem, pohodln\u00fdm snapback zap\u00edn\u00e1n\u00edm a prody\u0161nou s\u00ed\u0165ovanou konstrukc\u00ed.<\/p>\n<p><strong>Vlastnosti<\/strong>:<br \/>\nUniverz\u00e1ln\u00ed trucker k\u0161iltovka, ide\u00e1ln\u00ed pro celoro\u010dn\u00ed no\u0161en\u00ed.<br \/>\nBarva: karamelov\u011b-\u010dern\u00e1, inspirovan\u00e1 p\u0159\u00edrodn\u00edmi t\u00f3ny.<br \/>\nIkonick\u00fd dopln\u011bk pro milovn\u00edky a sb\u011bratele no\u017e\u016f.<br \/>\nVy\u0161\u00edvan\u00e9 logo Benchmade.<br \/>\nNastaviteln\u00fd snapback design pro dokonal\u00e9 p\u0159izp\u016fsoben\u00ed.<br \/>\nPrody\u0161n\u00e1 s\u00ed\u0165ovan\u00e1 tkanina pro celodenn\u00ed pohodl\u00ed.<\/p>\n","protected":false},"excerpt":{"rendered":"<p>Klasick\u00e1 k\u0161iltovka BENCHMADE Camel\/Black 50162 se vyzna\u010duje vy\u0161\u00edvan\u00fdm logem, pohodln\u00fdm snapback zap\u00edn\u00e1n\u00edm a prody\u0161nou s\u00ed\u0165ovanou konstrukc\u00ed. Vlastnosti: Univerz\u00e1ln\u00ed trucker k\u0161iltovka, ide\u00e1ln\u00ed pro celoro\u010dn\u00ed no\u0161en\u00ed. Barva: karamelov\u011b-\u010dern\u00e1, inspirovan\u00e1 p\u0159\u00edrodn\u00edmi t\u00f3ny. Ikonick\u00fd dopln\u011bk pro milovn\u00edky a sb\u011bratele no\u017e\u016f. Vy\u0161\u00edvan\u00e9 logo Benchmade. Nastaviteln\u00fd snapback design pro dokonal\u00e9 p\u0159izp\u016fsoben\u00ed. Prody\u0161n\u00e1 s\u00ed\u0165ovan\u00e1 tkanina pro celodenn\u00ed pohodl\u00ed.<\/p>\n","protected":false},"featured_media":438721,"comment_status":"open","ping_status":"closed","template":"","meta":[],"pwb-brand":[3960],"product_brand":[],"product_cat":[22,17],"product_tag":[],"class_list":{"0":"post-438720","1":"product","2":"type-product","3":"status-publish","4":"has-post-thumbnail","6":"pwb-brand-benchmade","7":"product_cat-zaviraci-noze","8":"product_cat-noze","10":"first","11":"instock","12":"taxable","13":"shipping-taxable","14":"purchasable","15":"product-type-simple"},"brands":[{"id":3960,"name":"Benchmade","slug":"benchmade"}],"_links":{"self":[{"href":"https:\/\/www.moskito.cz\/pl\/wp-json\/wp\/v2\/product\/438720","targetHints":{"allow":["GET"]}}],"collection":[{"href":"https:\/\/www.moskito.cz\/pl\/wp-json\/wp\/v2\/product"}],"about":[{"href":"https:\/\/www.moskito.cz\/pl\/wp-json\/wp\/v2\/types\/product"}],"replies":[{"embeddable":true,"href":"https:\/\/www.moskito.cz\/pl\/wp-json\/wp\/v2\/comments?post=438720"}],"wp:featuredmedia":[{"embeddable":true,"href":"https:\/\/www.moskito.cz\/pl\/wp-json\/wp\/v2\/media\/438721"}],"wp:attachment":[{"href":"https:\/\/www.moskito.cz\/pl\/wp-json\/wp\/v2\/media?parent=438720"}],"wp:term":[{"taxonomy":"pwb-brand","embeddable":true,"href":"https:\/\/www.moskito.cz\/pl\/wp-json\/wp\/v2\/pwb-brand?post=438720"},{"taxonomy":"product_brand","embeddable":true,"href":"https:\/\/www.moskito.cz\/pl\/wp-json\/wp\/v2\/product_brand?post=438720"},{"taxonomy":"product_cat","embeddable":true,"href":"https:\/\/www.moskito.cz\/pl\/wp-json\/wp\/v2\/product_cat?post=438720"},{"taxonomy":"product_tag","embeddable":true,"href":"https:\/\/www.moskito.cz\/pl\/wp-json\/wp\/v2\/product_tag?post=438720"}],"curies":[{"name":"wp","href":"https:\/\/api.w.org\/{rel}","templated":true}]}}