{"id":439838,"date":"2022-04-17T12:44:58","date_gmt":"2022-04-17T11:44:58","guid":{"rendered":"https:\/\/www.moskito.cz\/produkt\/miecz-samurajski-boker-magnum-akito\/"},"modified":"2026-03-02T13:59:49","modified_gmt":"2026-03-02T12:59:49","slug":"miecz-samurajski-boker-magnum-akito","status":"publish","type":"product","link":"https:\/\/www.moskito.cz\/pl\/produkt\/miecz-samurajski-boker-magnum-akito\/","title":{"rendered":"Miecz samurajski B\u00f6ker Magnum Akito"},"content":{"rendered":"<p>Miecz samurajski B\u00f6ker Magnum Akito<\/p>\n<p>Magnum Akito to prawdziwie funkcjonalny miecz. Nadaje si\u0119 nie tylko do kata (form \u0107wicze\u0144) lub Iaito (\u0107wicze\u0144 rysunkowych), ale tak\u017ce do tameshigiri (test\u00f3w ci\u0119cia). Aby wykona\u0107 testy ci\u0119cia, potrzebne jest bardzo wysokiej jako\u015bci, ostre ostrze, aby utrzyma\u0107 kraw\u0119d\u017a. Ostrze Akito jest wykonane z hartowanej w glinie stali w\u0119glowej 1045 z prawdziwym hamonem (lini\u0105 temperamentu). Og\u00f3lna konstrukcja jest bardzo solidna. Ostrze jest ci\u0105g\u0142e prawie do ko\u0144ca r\u0119koje\u015bci i jest zabezpieczone dwoma mekugi. Ten funkcjonalny miecz jest dostarczany z pi\u0119knie lakierowan\u0105 drewnian\u0105 pochw\u0105 wraz z tradycyjnymi oczkami (Kurigata i Shito-Dome).      <\/p>\n<p>D\u0142ugo\u015b\u0107 ca\u0142kowita: 102 cm<br \/>\nD\u0142ugo\u015b\u0107 ostrza: 72,5 cm<br \/>\nWaga: 1120 g<br \/>\nGrubo\u015b\u0107 ostrza: 7,6 mm<br \/>\nMateria\u0142 ostrza: stal w\u0119glowa 1045<\/p>\n<p>Magnum Akito to prawdziwie funkcjonalny miecz. Nadaje si\u0119 nie tylko do kata (form \u0107wicze\u0144) lub Iaito (\u0107wicze\u0144 rysunkowych), ale tak\u017ce do tameshigiri (test\u00f3w ci\u0119cia). Aby wykona\u0107 testy ci\u0119cia, potrzebne jest bardzo wysokiej jako\u015bci, ostre i zachowuj\u0105ce kraw\u0119d\u017a ostrze. Ostrze Akito wykonane jest z hartowanej w glinie stali w\u0119glowej 1045 z prawdziwym hamonem (lini\u0105 hartowania). Og\u00f3lna struktura jest bardzo solidna. Ostrze jest ci\u0105g\u0142e prawie do ko\u0144ca r\u0119koje\u015bci i jest zabezpieczone dwoma mekugis. Ten funkcjonalny miecz jest dostarczany z pi\u0119knie lakierowan\u0105 drewnian\u0105 pochw\u0105, wraz z tradycyjnymi oczkami (Kurigata i Shito-Dome).      <\/p>\n<p>Typ:<br \/>\nFunktionsschwert<br \/>\nCa\u0142kowita d\u0142ugo\u015b\u0107:<br \/>\n102,00 cm<br \/>\nD\u0142ugo\u015b\u0107 ostrza:<br \/>\n72,50 cm<br \/>\nGrubo\u015b\u0107 ostrza:<br \/>\n7,60 mm<br \/>\nWaga:<br \/>\n1120,00 g<br \/>\nMateria\u0142 ostrza:<br \/>\nStal w\u0119glowa<br \/>\nWykonane w:<br \/>\nAzja<br \/>\nKolor:<br \/>\nCzarny<br \/>\nKolor ostrza:<br \/>\nNiepowlekany<br \/>\nMateria\u0142 os\u0142ony:<br \/>\nDrewno<br \/>\nNumer przedmiotu:<br \/>\n05ZS9126<\/p>\n","protected":false},"excerpt":{"rendered":"<p>Z biegiem czasu fabryka no\u017cy <strong>B\u00f6ker<\/strong> rozwin\u0119\u0142a si\u0119 w \u015bwiatowego lidera innowacji i najwi\u0119kszego w Europie producenta no\u017cy sportowych, taktycznych i no\u017cy kolekcjonerskich.<\/p>\n","protected":false},"featured_media":439840,"comment_status":"open","ping_status":"closed","template":"","meta":[],"pwb-brand":[3423],"product_brand":[],"product_cat":[3417,3387],"product_tag":[3671],"class_list":{"0":"post-439838","1":"product","2":"type-product","3":"status-publish","4":"has-post-thumbnail","6":"pwb-brand-bokera","7":"product_cat-katany-i-miecze","8":"product_cat-repliki-mieczy-sztyletow","9":"product_tag-b2b-pl","11":"first","12":"instock","13":"taxable","14":"shipping-taxable","15":"purchasable","16":"product-type-simple"},"brands":[{"id":3423,"name":"Bokera","slug":"bokera"}],"_links":{"self":[{"href":"https:\/\/www.moskito.cz\/pl\/wp-json\/wp\/v2\/product\/439838","targetHints":{"allow":["GET"]}}],"collection":[{"href":"https:\/\/www.moskito.cz\/pl\/wp-json\/wp\/v2\/product"}],"about":[{"href":"https:\/\/www.moskito.cz\/pl\/wp-json\/wp\/v2\/types\/product"}],"replies":[{"embeddable":true,"href":"https:\/\/www.moskito.cz\/pl\/wp-json\/wp\/v2\/comments?post=439838"}],"wp:featuredmedia":[{"embeddable":true,"href":"https:\/\/www.moskito.cz\/pl\/wp-json\/wp\/v2\/media\/439840"}],"wp:attachment":[{"href":"https:\/\/www.moskito.cz\/pl\/wp-json\/wp\/v2\/media?parent=439838"}],"wp:term":[{"taxonomy":"pwb-brand","embeddable":true,"href":"https:\/\/www.moskito.cz\/pl\/wp-json\/wp\/v2\/pwb-brand?post=439838"},{"taxonomy":"product_brand","embeddable":true,"href":"https:\/\/www.moskito.cz\/pl\/wp-json\/wp\/v2\/product_brand?post=439838"},{"taxonomy":"product_cat","embeddable":true,"href":"https:\/\/www.moskito.cz\/pl\/wp-json\/wp\/v2\/product_cat?post=439838"},{"taxonomy":"product_tag","embeddable":true,"href":"https:\/\/www.moskito.cz\/pl\/wp-json\/wp\/v2\/product_tag?post=439838"}],"curies":[{"name":"wp","href":"https:\/\/api.w.org\/{rel}","templated":true}]}}