{"id":439864,"date":"2024-09-26T13:01:18","date_gmt":"2024-09-26T12:01:18","guid":{"rendered":"https:\/\/www.moskito.cz\/produkt\/noz-skladany-boker-plus-wasabi-cocobolo-01bo631\/"},"modified":"2026-03-02T14:00:09","modified_gmt":"2026-03-02T13:00:09","slug":"noz-skladany-boker-plus-wasabi-cocobolo-01bo631","status":"publish","type":"product","link":"https:\/\/www.moskito.cz\/pl\/produkt\/noz-skladany-boker-plus-wasabi-cocobolo-01bo631\/","title":{"rendered":"N\u00f3\u017c sk\u0142adany B\u00f6ker Plus Wasabi Cocobolo 01BO631"},"content":{"rendered":"<p>N\u00f3\u017c sk\u0142adany <strong>B\u00f6ker Plus<\/strong> Wasabi Cocobolo 01BO631.<\/p>\n<p>Japo\u0144ski knifemaker Kansei Matsuno jest mistrzem w swoim fachu, a jego projekty bez w\u0105tpienia maj\u0105 sw\u00f3j w\u0142asny styl. Sprytne po\u0142\u0105czenie element\u00f3w japo\u0144skiego stylu z cechami nowoczesnego scyzoryka dla d\u017centelmena od razu przyku\u0142o nasz\u0105 uwag\u0119. <\/p>\n<p>Smuk\u0142a i lekka konstrukcja B\u00f6ker Plus Wasabi w po\u0142\u0105czeniu z prostym designem i klasycznym japo\u0144skim ostrzem tworz\u0105 elegancki n\u00f3\u017c do codziennego u\u017cytku. Ostrze z \u0142o\u017cyskiem kulkowym otwiera si\u0119 za pomoc\u0105 przedniego flippera i jest utrzymywane w pozycji otwartej przez w\u0142asn\u0105 kulk\u0119 blokuj\u0105c\u0105. Do wykonania ostrza u\u017cyto sprawdzonej stali 440C. R\u0119koje\u015b\u0107 z p\u0142ytkami ze stali nierdzewnej i frezowanym zapi\u0119ciem. Z \u0142uskami wykonanymi z wyselekcjonowanego drewna Cocobolo.    <\/p>\n<p>Typ artyku\u0142u: Scyzoryk<br \/>\nMarka: Boker Plus<br \/>\nD\u0142ugo\u015b\u0107 ca\u0142kowita: 17,60 cm<br \/>\nD\u0142ugo\u015b\u0107 ostrza: 7,20 cm<br \/>\nGrubo\u015b\u0107 ostrza: 2,10 mm<br \/>\nWaga: 45,00 g<br \/>\nProjektant: Kansei Matsuno<br \/>\nMateria\u0142 ostrza: 440C<br \/>\nMateria\u0142 r\u0119koje\u015bci: drewno Cocobolo<br \/>\nWspomaganie otwierania: Pinball<br \/>\nOtwieranie: R\u0119czne<br \/>\nZamkni\u0119cie: Slip joint<br \/>\nNumer artyku\u0142u: 01BO631<\/p>\n<p>&nbsp;<\/p>\n","protected":false},"excerpt":{"rendered":"<p><strong>Japo\u0144ski knifemaker Kansei Matsuno jest mistrzem w swoim fachu, a jego projekty bez w\u0105tpienia maj\u0105 sw\u00f3j w\u0142asny styl. Sprytne po\u0142\u0105czenie element\u00f3w japo\u0144skiego stylu z cechami nowoczesnego scyzoryka dla d\u017centelmena od razu przyku\u0142o nasz\u0105 uwag\u0119. <\/strong><\/p>\n","protected":false},"featured_media":365641,"comment_status":"closed","ping_status":"closed","template":"","meta":[],"pwb-brand":[3423],"product_brand":[],"product_cat":[3296,3307],"product_tag":[],"class_list":{"0":"post-439864","1":"product","2":"type-product","3":"status-publish","4":"has-post-thumbnail","6":"pwb-brand-bokera","7":"product_cat-noze-pl","8":"product_cat-zamykanie-nozy","10":"first","11":"outofstock","12":"taxable","13":"shipping-taxable","14":"purchasable","15":"product-type-simple"},"brands":[{"id":3423,"name":"Bokera","slug":"bokera"}],"_links":{"self":[{"href":"https:\/\/www.moskito.cz\/pl\/wp-json\/wp\/v2\/product\/439864","targetHints":{"allow":["GET"]}}],"collection":[{"href":"https:\/\/www.moskito.cz\/pl\/wp-json\/wp\/v2\/product"}],"about":[{"href":"https:\/\/www.moskito.cz\/pl\/wp-json\/wp\/v2\/types\/product"}],"replies":[{"embeddable":true,"href":"https:\/\/www.moskito.cz\/pl\/wp-json\/wp\/v2\/comments?post=439864"}],"wp:featuredmedia":[{"embeddable":true,"href":"https:\/\/www.moskito.cz\/pl\/wp-json\/wp\/v2\/media\/365641"}],"wp:attachment":[{"href":"https:\/\/www.moskito.cz\/pl\/wp-json\/wp\/v2\/media?parent=439864"}],"wp:term":[{"taxonomy":"pwb-brand","embeddable":true,"href":"https:\/\/www.moskito.cz\/pl\/wp-json\/wp\/v2\/pwb-brand?post=439864"},{"taxonomy":"product_brand","embeddable":true,"href":"https:\/\/www.moskito.cz\/pl\/wp-json\/wp\/v2\/product_brand?post=439864"},{"taxonomy":"product_cat","embeddable":true,"href":"https:\/\/www.moskito.cz\/pl\/wp-json\/wp\/v2\/product_cat?post=439864"},{"taxonomy":"product_tag","embeddable":true,"href":"https:\/\/www.moskito.cz\/pl\/wp-json\/wp\/v2\/product_tag?post=439864"}],"curies":[{"name":"wp","href":"https:\/\/api.w.org\/{rel}","templated":true}]}}