{"id":439886,"date":"2022-07-07T21:10:38","date_gmt":"2022-07-07T20:10:38","guid":{"rendered":"https:\/\/www.moskito.cz\/produkt\/naprawiono-wspolczynnik-ekstrema-noza-nk3-czarny\/"},"modified":"2026-03-04T12:08:05","modified_gmt":"2026-03-04T11:08:05","slug":"naprawiono-wspolczynnik-ekstrema-noza-nk3-czarny","status":"publish","type":"product","link":"https:\/\/www.moskito.cz\/pl\/produkt\/naprawiono-wspolczynnik-ekstrema-noza-nk3-czarny\/","title":{"rendered":"Naprawiono wsp\u00f3\u0142czynnik ekstrema no\u017ca NK3 CZARNY"},"content":{"rendered":"<p>Naprawiono wsp\u00f3\u0142czynnik <strong>ekstrema no\u017ca<\/strong> NK3 CZARNY<\/p>\n<p><strong>N<\/strong>.<strong>K.3<\/strong> to mniejszy n\u00f3\u017c, kt\u00f3ry rozszerza rodzin\u0119 no\u017cy do szyi Extrema Ratio. N.K.3 jest wi\u0119kszy ni\u017c N.K.1 i N.K.2, ma ostrze tanto o d\u0142ugo\u015bci 70 mm i otw\u00f3r odprowadzaj\u0105cy krew.  Konstrukcja r\u0119koje\u015bci zapobiega przypadkowym zranieniom podczas rysowania. Rowek na grzbiecie ostrza jest odpowiedni dla palca wskazuj\u0105cego lub kciuka u\u017cytkownika, w zale\u017cno\u015bci od stylu pracy. Dzi\u0119ki swojej og\u00f3lnej konstrukcji N.K.3 jest zar\u00f3wno ofensywny, dzi\u0119ki bardzo skutecznym ciosom tn\u0105cym, jak i przydatny do pracy z niewielk\u0105 precyzj\u0105. Do\u0142\u0105czona kabura Kydex z mechanizmem szybkiego uwalniania jest wyposa\u017cona w pasek z paracordu do noszenia na szyi. Mo\u017cna go r\u00f3wnie\u017c przymocowa\u0107 za pomoc\u0105 systemu MOLLE do kamizelek taktycznych lub dowolnej kompatybilnej z Cordury os\u0142ony Extrema Ratio. Dost\u0119pne, ale nie wchodz\u0105 w sk\u0142ad zestawu: BELT-CLIP (do mocowania kabury do paska), polimerowy SYSTEM POD KOSZUL\u0104 (do ukrytego noszenia). Dost\u0119pne wersje: N.K.3 BLACK, N.K.3 DESERT WARFARE, N.K.3   KAMIE\u0143 MYTY.<\/p>\n<p>WAGA G.: 82<br \/>\nWAGA OZ.: 2.8<br \/>\nD\u0141UGO\u015a\u0106 OSTRZA (MM): 70<br \/>\nD\u0141UGO\u015a\u0106 OSTRZA (IN): 2,75<br \/>\nD\u0141UGO\u015a\u0106 CA\u0141KOWITA (MM): 153<br \/>\nD\u0141UGO\u015a\u0106 CA\u0141KOWITA (IN): 6<br \/>\nGRUBO\u015a\u0106 OSTRZA (MM): 6,3<br \/>\nGRUBO\u015a\u0106 OSTRZA (IN): 0,25<br \/>\nMATERIA\u0141 OSTRZA: STAL B\u00d6HLER N690 (58HRC)<br \/>\nWYKO\u0143CZENIE OSTRZA: CZARNE<br \/>\nKRATKA G\u0141\u00d3WNA: P\u0141ASKA<br \/>\nMATERIA\u0141 R\u0118KOJE\u015aCI: STAL B\u00d6HLER N690 (58HRC)<\/p>\n","protected":false},"excerpt":{"rendered":"<p>Z siedzib\u0105 w Prato we W\u0142oszech, <strong>Extrema Ratio<\/strong> projektuje i produkuje wysokiej jako\u015bci no\u017ce bojowe, wojskowe, kuchenne, my\u015bliwskie i taktyczne od 1997 roku i cieszy si\u0119 reputacj\u0105 doskona\u0142o\u015bci, kt\u00f3ra nie ma sobie r\u00f3wnych w bran\u017cy no\u017cy wojskowych i taktycznych.<\/p>\n","protected":false},"featured_media":439887,"comment_status":"open","ping_status":"closed","template":"","meta":[],"pwb-brand":[3666],"product_brand":[],"product_cat":[3297,3296],"product_tag":[3671],"class_list":{"0":"post-439886","1":"product","2":"type-product","3":"status-publish","4":"has-post-thumbnail","6":"pwb-brand-stosunek-ekstremow","7":"product_cat-solidne-noze","8":"product_cat-noze-pl","9":"product_tag-b2b-pl","11":"first","12":"outofstock","13":"taxable","14":"shipping-taxable","15":"purchasable","16":"product-type-simple"},"brands":[{"id":3666,"name":"Stosunek ekstrem\u00f3w","slug":"stosunek-ekstremow"}],"_links":{"self":[{"href":"https:\/\/www.moskito.cz\/pl\/wp-json\/wp\/v2\/product\/439886","targetHints":{"allow":["GET"]}}],"collection":[{"href":"https:\/\/www.moskito.cz\/pl\/wp-json\/wp\/v2\/product"}],"about":[{"href":"https:\/\/www.moskito.cz\/pl\/wp-json\/wp\/v2\/types\/product"}],"replies":[{"embeddable":true,"href":"https:\/\/www.moskito.cz\/pl\/wp-json\/wp\/v2\/comments?post=439886"}],"wp:featuredmedia":[{"embeddable":true,"href":"https:\/\/www.moskito.cz\/pl\/wp-json\/wp\/v2\/media\/439887"}],"wp:attachment":[{"href":"https:\/\/www.moskito.cz\/pl\/wp-json\/wp\/v2\/media?parent=439886"}],"wp:term":[{"taxonomy":"pwb-brand","embeddable":true,"href":"https:\/\/www.moskito.cz\/pl\/wp-json\/wp\/v2\/pwb-brand?post=439886"},{"taxonomy":"product_brand","embeddable":true,"href":"https:\/\/www.moskito.cz\/pl\/wp-json\/wp\/v2\/product_brand?post=439886"},{"taxonomy":"product_cat","embeddable":true,"href":"https:\/\/www.moskito.cz\/pl\/wp-json\/wp\/v2\/product_cat?post=439886"},{"taxonomy":"product_tag","embeddable":true,"href":"https:\/\/www.moskito.cz\/pl\/wp-json\/wp\/v2\/product_tag?post=439886"}],"curies":[{"name":"wp","href":"https:\/\/api.w.org\/{rel}","templated":true}]}}