{"id":440449,"date":"2026-03-26T18:51:11","date_gmt":"2026-03-26T17:51:11","guid":{"rendered":"https:\/\/www.moskito.cz\/?post_type=product&#038;p=440449"},"modified":"2026-03-26T18:51:13","modified_gmt":"2026-03-26T17:51:13","slug":"zaviraci-nuz-emerson-cqc-8-flipper-sf","status":"publish","type":"product","link":"https:\/\/www.moskito.cz\/pl\/produkt\/zaviraci-nuz-emerson-cqc-8-flipper-sf\/","title":{"rendered":"Zav\u00edrac\u00ed N\u016f\u017e Emerson CQC-8 Flipper SF"},"content":{"rendered":"<div class=\"flex flex-col text-sm pb-25\">\n<section class=\"text-token-text-primary w-full focus:outline-none [--shadow-height:45px] has-data-writing-block:pointer-events-none has-data-writing-block:-mt-(--shadow-height) has-data-writing-block:pt-(--shadow-height) [&amp;:has([data-writing-block])&gt;*]:pointer-events-auto scroll-mt-[calc(var(--header-height)+min(200px,max(70px,20svh)))]\" dir=\"auto\" data-turn-id=\"request-WEB:84a5b5bc-a6e5-4f85-bc88-91f86c76cbc9-6\" data-testid=\"conversation-turn-14\" data-scroll-anchor=\"true\" data-turn=\"assistant\">\n<div class=\"text-base my-auto mx-auto pb-10 [--thread-content-margin:var(--thread-content-margin-xs,calc(var(--spacing)*4))] @w-sm\/main:[--thread-content-margin:var(--thread-content-margin-sm,calc(var(--spacing)*6))] @w-lg\/main:[--thread-content-margin:var(--thread-content-margin-lg,calc(var(--spacing)*16))] px-(--thread-content-margin)\">\n<div class=\"[--thread-content-max-width:40rem] @w-lg\/main:[--thread-content-max-width:48rem] mx-auto max-w-(--thread-content-max-width) flex-1 group\/turn-messages focus-visible:outline-hidden relative flex w-full min-w-0 flex-col agent-turn\">\n<div class=\"flex max-w-full flex-col gap-4 grow\">\n<div class=\"min-h-8 text-message relative flex w-full flex-col items-end gap-2 text-start break-words whitespace-normal outline-none keyboard-focused:focus-ring [.text-message+&amp;]:mt-1\" dir=\"auto\" tabindex=\"0\" data-message-author-role=\"assistant\" data-message-id=\"8aec1186-4a68-4a94-98bb-a15b5637d7bf\" data-message-model-slug=\"gpt-5-3\" data-turn-start-message=\"true\">\n<div class=\"flex w-full flex-col gap-1 empty:hidden\">\n<div class=\"markdown prose dark:prose-invert w-full wrap-break-word light markdown-new-styling\">\n<p data-start=\"0\" data-end=\"145\">Zav\u00edrac\u00ed n\u016f\u017e <strong data-start=\"13\" data-end=\"41\">Emerson CQC-8 Flipper SF<\/strong> je robustn\u00ed taktick\u00fd n\u016f\u017e navr\u017een\u00fd pro profesion\u00e1ln\u00ed pou\u017eit\u00ed i ka\u017edodenn\u00ed no\u0161en\u00ed v n\u00e1ro\u010dn\u00fdch podm\u00ednk\u00e1ch.<\/p>\n<p data-start=\"147\" data-end=\"550\">Design vych\u00e1z\u00ed z legend\u00e1rn\u00edho modelu CQC-8, kter\u00fd pat\u0159\u00ed mezi nejikoni\u010dt\u011bj\u0161\u00ed no\u017ee zna\u010dky Emerson. Tento model byl p\u016fvodn\u011b vyvinut pro pot\u0159eby speci\u00e1ln\u00edch jednotek a je zn\u00e1m\u00fd svou ergonomi\u00ed, rychlost\u00ed pou\u017eit\u00ed a efektivitou v re\u00e1ln\u00e9m nasazen\u00ed. Verze Flipper SF p\u0159id\u00e1v\u00e1 modern\u00ed zp\u016fsob otev\u00edr\u00e1n\u00ed pomoc\u00ed flipperu, p\u0159i\u010dem\u017e zachov\u00e1v\u00e1 typickou filozofii zna\u010dky \u2014 jednoduchost, spolehlivost a maxim\u00e1ln\u00ed funk\u010dnost.<\/p>\n<p data-start=\"552\" data-end=\"768\">\u010cepel je vyrobena z oceli 154CM, kter\u00e1 nab\u00edz\u00ed vyv\u00e1\u017een\u00fd pom\u011br mezi odolnost\u00ed, v\u00fddr\u017e\u00ed ost\u0159\u00ed a snadnou \u00fadr\u017ebou. Clip-point profil poskytuje velmi dobrou kontrolu p\u0159i \u0159ezu a univerz\u00e1ln\u00ed vyu\u017eit\u00ed v \u0161irok\u00e9m spektru situac\u00ed.<\/p>\n<p data-start=\"770\" data-end=\"943\">Rukoje\u0165 z G-10 zaji\u0161\u0165uje jist\u00fd a stabiln\u00ed \u00fachop i v n\u00e1ro\u010dn\u00fdch podm\u00ednk\u00e1ch. Konstrukce s liner lock pojistkou a robustn\u00edmi linery garantuje pevnost a dlouhodobou spolehlivost.<\/p>\n<p data-start=\"945\" data-end=\"1044\">CQC-8 Flipper SF je ide\u00e1ln\u00ed n\u00e1stroj pro dynamick\u00e9 pou\u017eit\u00ed \u2014 od b\u011b\u017en\u00e9ho EDC a\u017e po taktick\u00e9 nasazen\u00ed.<\/p>\n<hr data-start=\"1046\" data-end=\"1049\" \/>\n<h2 data-section-id=\"1baaq9y\" data-start=\"1051\" data-end=\"1075\">Charakter a filozofie<\/h2>\n<p data-start=\"1076\" data-end=\"1205\">CQC-8 Flipper SF je navr\u017een jako plnohodnotn\u00fd pracovn\u00ed n\u016f\u017e pro u\u017eivatele, kte\u0159\u00ed vy\u017eaduj\u00ed maxim\u00e1ln\u00ed kontrolu, rychlost a odolnost.<\/p>\n<p data-start=\"1207\" data-end=\"1322\">Ocel 154CM p\u0159edstavuje osv\u011bd\u010den\u00fd standard v taktick\u00fdch no\u017e\u00edch a nab\u00edz\u00ed praktickou rovnov\u00e1hu mezi v\u00fdkonem a \u00fadr\u017ebou.<\/p>\n<p data-start=\"1324\" data-end=\"1420\">Tvar \u010depele typu clip-point umo\u017e\u0148uje p\u0159esnou pr\u00e1ci i efektivn\u00ed \u0159ez\u00e1n\u00ed v n\u00e1ro\u010dn\u011bj\u0161\u00edch podm\u00ednk\u00e1ch.<\/p>\n<p data-start=\"1422\" data-end=\"1519\">Ergonomick\u00e1 rukoje\u0165 minimalizuje \u00fanavu ruky a zaji\u0161\u0165uje jist\u00e9 dr\u017een\u00ed i p\u0159i dlouhodob\u00e9m pou\u017e\u00edv\u00e1n\u00ed.<\/p>\n<hr data-start=\"1521\" data-end=\"1524\" \/>\n<h2 data-section-id=\"z259b9\" data-start=\"1526\" data-end=\"1541\">\ud83c\udfed O v\u00fdrobci<\/h2>\n<p data-start=\"1542\" data-end=\"1708\"><strong data-start=\"1542\" data-end=\"1560\">Emerson Knives<\/strong> je americk\u00e1 zna\u010dka zalo\u017een\u00e1 no\u017e\u00ed\u0159em Ernestem Emersonem, kter\u00e1 se specializuje na taktick\u00e9 no\u017ee pro arm\u00e1du, bezpe\u010dnostn\u00ed slo\u017eky i civiln\u00ed u\u017eivatele.<\/p>\n<p data-start=\"1710\" data-end=\"1930\">Ernest Emerson za\u010dal s v\u00fdrobou no\u017e\u016f na zak\u00e1zku ji\u017e v roce 1979 ve sv\u00e9 gar\u00e1\u017ei. D\u00edky kombinaci technick\u00fdch znalost\u00ed, design\u00e9rsk\u00e9ho citu a zku\u0161enost\u00ed z oblasti boje zbl\u00edzka se stal jedn\u00edm z nejuzn\u00e1van\u011bj\u0161\u00edch no\u017e\u00ed\u0159\u016f na sv\u011bt\u011b.<\/p>\n<p data-start=\"1932\" data-end=\"2177\">Jeho pr\u00e1ce byly vystaveny v presti\u017en\u00edch instituc\u00edch jako Metropolitan Museum of Art a Smithsonian Institution. Jako instruktor bojov\u00fdch technik tr\u00e9noval elitn\u00ed jednotky po cel\u00e9m sv\u011bt\u011b \u2014 od americk\u00fdch Navy SEAL a\u017e po lond\u00fdnskou parlamentn\u00ed gardu.<\/p>\n<p data-start=\"2179\" data-end=\"2406\">Je rovn\u011b\u017e autorem \u0159ady publikac\u00ed a zakladatelem tr\u00e9ninkov\u00e9ho centra Black Shamrock Combat Academy v Los Angeles. Pat\u0159\u00ed mezi velmi \u00fazkou skupinu no\u017e\u00ed\u0159\u016f, kte\u0159\u00ed kombinuj\u00ed praktick\u00e9 bojov\u00e9 zku\u0161enosti s v\u00fdrobou profesion\u00e1ln\u00edch no\u017e\u016f.<\/p>\n<hr data-start=\"2408\" data-end=\"2411\" \/>\n<h2 data-section-id=\"1qwgnog\" data-start=\"2413\" data-end=\"2440\">\u2699\ufe0f Technick\u00e9 specifikace<\/h2>\n<p data-start=\"2441\" data-end=\"2474\"><em data-start=\"2441\" data-end=\"2474\">(p\u0159epo\u010det na metrick\u00e9 jednotky)<\/em><\/p>\n<div class=\"TyagGW_tableContainer\">\n<div class=\"group TyagGW_tableWrapper flex flex-col-reverse w-fit\" tabindex=\"-1\">\n<table class=\"w-fit min-w-(--thread-content-width)\" data-start=\"2476\" data-end=\"2949\">\n<thead data-start=\"2476\" data-end=\"2498\">\n<tr data-start=\"2476\" data-end=\"2498\">\n<th class=\"\" data-start=\"2476\" data-end=\"2487\" data-col-size=\"sm\">Parametr<\/th>\n<th class=\"\" data-start=\"2487\" data-end=\"2498\" data-col-size=\"sm\">Hodnota<\/th>\n<\/tr>\n<\/thead>\n<tbody data-start=\"2521\" data-end=\"2949\">\n<tr data-start=\"2521\" data-end=\"2556\">\n<td data-start=\"2521\" data-end=\"2537\" data-col-size=\"sm\">Celkov\u00e1 d\u00e9lka<\/td>\n<td data-start=\"2537\" data-end=\"2556\" data-col-size=\"sm\">cca <strong data-start=\"2543\" data-end=\"2554\">23,5 cm<\/strong><\/td>\n<\/tr>\n<tr data-start=\"2557\" data-end=\"2590\">\n<td data-start=\"2557\" data-end=\"2572\" data-col-size=\"sm\">D\u00e9lka \u010depele<\/td>\n<td data-start=\"2572\" data-end=\"2590\" data-col-size=\"sm\">cca <strong data-start=\"2578\" data-end=\"2588\">9,5 cm<\/strong><\/td>\n<\/tr>\n<tr data-start=\"2591\" data-end=\"2626\">\n<td data-start=\"2591\" data-end=\"2607\" data-col-size=\"sm\">Zav\u0159en\u00e1 d\u00e9lka<\/td>\n<td data-start=\"2607\" data-end=\"2626\" data-col-size=\"sm\">cca <strong data-start=\"2613\" data-end=\"2624\">14,0 cm<\/strong><\/td>\n<\/tr>\n<tr data-start=\"2627\" data-end=\"2663\">\n<td data-start=\"2627\" data-end=\"2645\" data-col-size=\"sm\">Tlou\u0161\u0165ka \u010depele<\/td>\n<td data-start=\"2645\" data-end=\"2663\" data-col-size=\"sm\">cca <strong data-start=\"2651\" data-end=\"2661\">3,2 mm<\/strong><\/td>\n<\/tr>\n<tr data-start=\"2664\" data-end=\"2691\">\n<td data-start=\"2664\" data-end=\"2682\" data-col-size=\"sm\">Materi\u00e1l \u010depele<\/td>\n<td data-start=\"2682\" data-end=\"2691\" data-col-size=\"sm\">154CM<\/td>\n<\/tr>\n<tr data-start=\"2692\" data-end=\"2721\">\n<td data-start=\"2692\" data-end=\"2708\" data-col-size=\"sm\">Tvrdost oceli<\/td>\n<td data-start=\"2708\" data-end=\"2721\" data-col-size=\"sm\">57\u201359 HRC<\/td>\n<\/tr>\n<tr data-start=\"2722\" data-end=\"2750\">\n<td data-start=\"2722\" data-end=\"2736\" data-col-size=\"sm\">Tvar \u010depele<\/td>\n<td data-start=\"2736\" data-end=\"2750\" data-col-size=\"sm\">Clip-point<\/td>\n<\/tr>\n<tr data-start=\"2751\" data-end=\"2792\">\n<td data-start=\"2751\" data-end=\"2760\" data-col-size=\"sm\">V\u00fdbrus<\/td>\n<td data-start=\"2760\" data-end=\"2792\" data-col-size=\"sm\">V-Grind \/ Chisel (dle verze)<\/td>\n<\/tr>\n<tr data-start=\"2793\" data-end=\"2821\">\n<td data-start=\"2793\" data-end=\"2813\" data-col-size=\"sm\">Materi\u00e1l rukojeti<\/td>\n<td data-start=\"2813\" data-end=\"2821\" data-col-size=\"sm\">G-10<\/td>\n<\/tr>\n<tr data-start=\"2822\" data-end=\"2847\">\n<td data-start=\"2822\" data-end=\"2833\" data-col-size=\"sm\">Pojistka<\/td>\n<td data-start=\"2833\" data-end=\"2847\" data-col-size=\"sm\">Liner Lock<\/td>\n<\/tr>\n<tr data-start=\"2848\" data-end=\"2876\">\n<td data-start=\"2848\" data-end=\"2859\" data-col-size=\"sm\">Hmotnost<\/td>\n<td data-start=\"2859\" data-end=\"2876\" data-col-size=\"sm\">cca <strong data-start=\"2865\" data-end=\"2874\">162 g<\/strong><\/td>\n<\/tr>\n<tr data-start=\"2877\" data-end=\"2924\">\n<td data-start=\"2877\" data-end=\"2888\" data-col-size=\"sm\">Typ no\u017ee<\/td>\n<td data-start=\"2888\" data-end=\"2924\" data-col-size=\"sm\">Zav\u00edrac\u00ed (flipper, kapesn\u00ed klip)<\/td>\n<\/tr>\n<tr data-start=\"2925\" data-end=\"2949\">\n<td data-start=\"2925\" data-end=\"2937\" data-col-size=\"sm\">Charakter<\/td>\n<td data-start=\"2937\" data-end=\"2949\" data-col-size=\"sm\">Taktick\u00fd<\/td>\n<\/tr>\n<\/tbody>\n<\/table>\n<\/div>\n<\/div>\n<hr data-start=\"2951\" data-end=\"2954\" \/>\n<h2 data-section-id=\"14b0e0x\" data-start=\"2956\" data-end=\"2974\">\u2705 Hlavn\u00ed v\u00fdhody<\/h2>\n<ul data-start=\"2975\" data-end=\"3210\">\n<li data-section-id=\"1umw6d5\" data-start=\"2975\" data-end=\"3020\">Ikonick\u00fd design CQC-8 \u2013 prov\u011b\u0159en\u00fd v praxi<\/li>\n<li data-section-id=\"zepqlh\" data-start=\"3021\" data-end=\"3065\">Flipper pro rychl\u00e9 a intuitivn\u00ed otev\u0159en\u00ed<\/li>\n<li data-section-id=\"jwaule\" data-start=\"3066\" data-end=\"3116\">Ocel 154CM \u2013 snadn\u00e1 \u00fadr\u017eba a dobr\u00e1 v\u00fddr\u017e ost\u0159\u00ed<\/li>\n<li data-section-id=\"g2y24q\" data-start=\"3117\" data-end=\"3167\">Robustn\u00ed konstrukce vhodn\u00e1 pro n\u00e1ro\u010dn\u00e9 pou\u017eit\u00ed<\/li>\n<li data-section-id=\"xn9cd9\" data-start=\"3168\" data-end=\"3210\">Ergonomick\u00e1 rukoje\u0165 G-10 \u2013 jist\u00fd \u00fachop<\/li>\n<\/ul>\n<hr data-start=\"3212\" data-end=\"3215\" \/>\n<h2 data-section-id=\"1p6p4te\" data-start=\"3217\" data-end=\"3236\">\u26a0\ufe0f Mo\u017en\u00e1 omezen\u00ed<\/h2>\n<ul data-start=\"3237\" data-end=\"3384\">\n<li data-section-id=\"1qy18y0\" data-start=\"3237\" data-end=\"3279\">Vy\u0161\u0161\u00ed hmotnost oproti lehk\u00fdm EDC no\u017e\u016fm<\/li>\n<li data-section-id=\"31p0gm\" data-start=\"3280\" data-end=\"3337\">Ni\u017e\u0161\u00ed odolnost v\u016f\u010di korozi ne\u017e modern\u00ed pr\u00e1\u0161kov\u00e9 oceli<\/li>\n<li data-section-id=\"1q1bvua\" data-start=\"3338\" data-end=\"3384\">Specifick\u00fd design nemus\u00ed vyhovovat ka\u017ed\u00e9mu<\/li>\n<\/ul>\n<hr data-start=\"3386\" data-end=\"3389\" \/>\n<h2 data-section-id=\"1fc2qpi\" data-start=\"3391\" data-end=\"3411\">\ud83d\udee0\ufe0f \u00dadr\u017eba a p\u00e9\u010de<\/h2>\n<ul data-start=\"3412\" data-end=\"3575\">\n<li data-section-id=\"1ih18cj\" data-start=\"3412\" data-end=\"3447\">Po pou\u017eit\u00ed \u010depel o\u010disti a osu\u0161\u00ed<\/li>\n<li data-section-id=\"4tm0xw\" data-start=\"3448\" data-end=\"3489\">Pravideln\u011b kontroluj ost\u0159\u00ed a pojistku<\/li>\n<li data-section-id=\"1jmccfj\" data-start=\"3490\" data-end=\"3522\">Promaz\u00e1vej \u010dep a mechanismus<\/li>\n<li data-section-id=\"gb515n\" data-start=\"3523\" data-end=\"3545\">Udr\u017euj n\u016f\u017e v suchu<\/li>\n<li data-section-id=\"1m43596\" data-start=\"3546\" data-end=\"3575\">Kontroluj dota\u017een\u00ed \u0161roub\u016f<\/li>\n<\/ul>\n<hr data-start=\"3577\" data-end=\"3580\" \/>\n<h2 data-section-id=\"74672s\" data-start=\"3582\" data-end=\"3618\">\ud83d\udd2a Pro udr\u017een\u00ed ost\u0159\u00ed doporu\u010dujeme<\/h2>\n<p data-start=\"3619\" data-end=\"3765\">Pro zachov\u00e1n\u00ed maxim\u00e1ln\u00ed ostrosti nitrogenov\u00e9 oceli doporu\u010dujeme pou\u017e\u00edvat kvalitn\u00ed brusn\u00fd syst\u00e9m, kter\u00fd umo\u017en\u00ed rychlou a p\u0159esnou \u00fadr\u017ebu i v ter\u00e9nu.<\/p>\n<p data-start=\"3767\" data-end=\"3862\">Ide\u00e1ln\u00ed volbou je Spyderco Tri-Angle Sharpmaker Complete Sharpening System 204MF, kter\u00fd nab\u00edz\u00ed:<\/p>\n<ul data-start=\"3864\" data-end=\"4023\">\n<li data-section-id=\"3cyx38\" data-start=\"3864\" data-end=\"3910\">p\u0159esn\u00e9 a konzistentn\u00ed veden\u00ed \u00fahlu brou\u0161en\u00ed<\/li>\n<li data-section-id=\"1wd3cvn\" data-start=\"3911\" data-end=\"3960\">\u0161etrnou \u00fadr\u017ebu bez nadm\u011brn\u00e9ho \u00fab\u011bru materi\u00e1lu<\/li>\n<li data-section-id=\"1jcxbgp\" data-start=\"3961\" data-end=\"4023\">jednoduch\u00e9 a bezpe\u010dn\u00e9 pou\u017eit\u00ed i pro m\u00e9n\u011b zku\u0161en\u00e9 u\u017eivatele<\/li>\n<\/ul>\n<p data-start=\"4025\" data-end=\"4089\">D\u00edky tomu si \u010depel zachov\u00e1 spolehliv\u00fd v\u00fdkon a dlouhou \u017eivotnost.<\/p>\n<p data-start=\"4091\" data-end=\"4132\">\ud83d\uded2 Zakoup\u00edte na na\u0161ich str\u00e1nk\u00e1ch Moskito.<\/p>\n<hr data-start=\"4134\" data-end=\"4137\" \/>\n<h2 data-section-id=\"4dnjoh\" data-start=\"4139\" data-end=\"4159\">\ud83c\udfaf Doporu\u010deno pro<\/h2>\n<ul data-start=\"4160\" data-end=\"4298\">\n<li data-section-id=\"tpx7we\" data-start=\"4160\" data-end=\"4187\">Ka\u017edodenn\u00ed no\u0161en\u00ed (EDC)<\/li>\n<li data-section-id=\"t12m2n\" data-start=\"4188\" data-end=\"4219\">Taktick\u00e9 a slu\u017eebn\u00ed pou\u017eit\u00ed<\/li>\n<li data-section-id=\"12rqkjl\" data-start=\"4220\" data-end=\"4242\">Outdoor a survival<\/li>\n<li data-section-id=\"bxtp0e\" data-start=\"4243\" data-end=\"4270\">Profesion\u00e1ln\u00ed u\u017eivatele<\/li>\n<li data-section-id=\"111oshb\" data-start=\"4271\" data-end=\"4298\">Fanou\u0161ky zna\u010dky Emerson<\/li>\n<\/ul>\n<hr data-start=\"4300\" data-end=\"4303\" \/>\n<h2 data-section-id=\"1b63n2x\" data-start=\"4305\" data-end=\"4329\">\u2b50 Z\u00e1v\u011bre\u010dn\u00e9 hodnocen\u00ed<\/h2>\n<p data-start=\"4330\" data-end=\"4480\">Emerson CQC-8 Flipper SF je legend\u00e1rn\u00ed taktick\u00fd n\u016f\u017e v modern\u00edm proveden\u00ed, kter\u00fd kombinuje osv\u011bd\u010den\u00fd design s praktick\u00fdmi prvky pro ka\u017edodenn\u00ed pou\u017eit\u00ed.<\/p>\n<p data-start=\"4482\" data-end=\"4592\">D\u00edky robustn\u00ed konstrukci, ergonomii a rychl\u00e9mu otev\u00edr\u00e1n\u00ed p\u0159edstavuje spolehliv\u00fd n\u00e1stroj pro n\u00e1ro\u010dn\u00e9 u\u017eivatele.<\/p>\n<p data-start=\"4594\" data-end=\"4667\" data-is-last-node=\"\" data-is-only-node=\"\">CQC-8 Flipper \u2013 klasika prov\u011b\u0159en\u00e1 prax\u00ed, p\u0159ipraven\u00e1 na ka\u017edou situaci. \ud83d\udd25<\/p>\n<\/div>\n<\/div>\n<\/div>\n<\/div>\n<div class=\"z-0 flex min-h-[46px] justify-start\"><\/div>\n<\/div>\n<\/div>\n<\/section>\n<\/div>\n<div class=\"pointer-events-none h-px w-px absolute bottom-0\" aria-hidden=\"true\" data-edge=\"true\"><\/div>\n","protected":false},"excerpt":{"rendered":"<div class=\"flex flex-col text-sm pb-25\">\n<section class=\"text-token-text-primary w-full focus:outline-none [--shadow-height:45px] has-data-writing-block:pointer-events-none has-data-writing-block:-mt-(--shadow-height) has-data-writing-block:pt-(--shadow-height) [&amp;:has([data-writing-block])&gt;*]:pointer-events-auto scroll-mt-[calc(var(--header-height)+min(200px,max(70px,20svh)))]\" dir=\"auto\" data-turn-id=\"request-WEB:84a5b5bc-a6e5-4f85-bc88-91f86c76cbc9-6\" data-testid=\"conversation-turn-14\" data-scroll-anchor=\"true\" data-turn=\"assistant\">\n<div class=\"text-base my-auto mx-auto pb-10 [--thread-content-margin:var(--thread-content-margin-xs,calc(var(--spacing)*4))] @w-sm\/main:[--thread-content-margin:var(--thread-content-margin-sm,calc(var(--spacing)*6))] @w-lg\/main:[--thread-content-margin:var(--thread-content-margin-lg,calc(var(--spacing)*16))] px-(--thread-content-margin)\">\n<div class=\"[--thread-content-max-width:40rem] @w-lg\/main:[--thread-content-max-width:48rem] mx-auto max-w-(--thread-content-max-width) flex-1 group\/turn-messages focus-visible:outline-hidden relative flex w-full min-w-0 flex-col agent-turn\">\n<div class=\"flex max-w-full flex-col gap-4 grow\">\n<div class=\"min-h-8 text-message relative flex w-full flex-col items-end gap-2 text-start break-words whitespace-normal outline-none keyboard-focused:focus-ring [.text-message+&amp;]:mt-1\" dir=\"auto\" tabindex=\"0\" data-message-author-role=\"assistant\" data-message-id=\"8aec1186-4a68-4a94-98bb-a15b5637d7bf\" data-message-model-slug=\"gpt-5-3\" data-turn-start-message=\"true\">\n<div class=\"flex w-full flex-col gap-1 empty:hidden\">\n<div class=\"markdown prose dark:prose-invert w-full wrap-break-word light markdown-new-styling\">\n<p data-start=\"4330\" data-end=\"4480\"><strong>Emerson CQC-8 Flipper SF je legend\u00e1rn\u00ed taktick\u00fd n\u016f\u017e v modern\u00edm proveden\u00ed, kter\u00fd kombinuje osv\u011bd\u010den\u00fd design s praktick\u00fdmi prvky pro ka\u017edodenn\u00ed pou\u017eit\u00ed.<\/strong><\/p>\n<p data-start=\"4482\" data-end=\"4592\"><strong>D\u00edky robustn\u00ed konstrukci, ergonomii a rychl\u00e9mu otev\u00edr\u00e1n\u00ed p\u0159edstavuje spolehliv\u00fd n\u00e1stroj pro n\u00e1ro\u010dn\u00e9 u\u017eivatele.<\/strong><\/p>\n<p data-start=\"4594\" data-end=\"4667\" data-is-last-node=\"\" data-is-only-node=\"\"><strong>CQC-8 Flipper \u2013 klasika prov\u011b\u0159en\u00e1 prax\u00ed, p\u0159ipraven\u00e1 na ka\u017edou situaci. \ud83d\udd25<\/strong><\/p>\n<\/div>\n<\/div>\n<\/div>\n<\/div>\n<div class=\"z-0 flex min-h-[46px] justify-start\"><strong>Doprava zdarma.<\/strong><\/div>\n<\/div>\n<\/div>\n<\/section>\n<\/div>\n<div class=\"pointer-events-none h-px w-px absolute bottom-0\" aria-hidden=\"true\" data-edge=\"true\"><\/div>\n<div aria-hidden=\"true\" data-edge=\"true\"><\/div>\n","protected":false},"featured_media":440450,"comment_status":"open","ping_status":"closed","template":"","meta":[],"pwb-brand":[248],"product_brand":[],"product_cat":[22,17],"product_tag":[],"class_list":{"0":"post-440449","1":"product","2":"type-product","3":"status-publish","4":"has-post-thumbnail","6":"pwb-brand-emerson","7":"product_cat-zaviraci-noze","8":"product_cat-noze","10":"first","11":"instock","12":"taxable","13":"shipping-taxable","14":"purchasable","15":"product-type-simple"},"brands":[{"id":248,"name":"Emerson","slug":"emerson"}],"_links":{"self":[{"href":"https:\/\/www.moskito.cz\/pl\/wp-json\/wp\/v2\/product\/440449","targetHints":{"allow":["GET"]}}],"collection":[{"href":"https:\/\/www.moskito.cz\/pl\/wp-json\/wp\/v2\/product"}],"about":[{"href":"https:\/\/www.moskito.cz\/pl\/wp-json\/wp\/v2\/types\/product"}],"replies":[{"embeddable":true,"href":"https:\/\/www.moskito.cz\/pl\/wp-json\/wp\/v2\/comments?post=440449"}],"wp:featuredmedia":[{"embeddable":true,"href":"https:\/\/www.moskito.cz\/pl\/wp-json\/wp\/v2\/media\/440450"}],"wp:attachment":[{"href":"https:\/\/www.moskito.cz\/pl\/wp-json\/wp\/v2\/media?parent=440449"}],"wp:term":[{"taxonomy":"pwb-brand","embeddable":true,"href":"https:\/\/www.moskito.cz\/pl\/wp-json\/wp\/v2\/pwb-brand?post=440449"},{"taxonomy":"product_brand","embeddable":true,"href":"https:\/\/www.moskito.cz\/pl\/wp-json\/wp\/v2\/product_brand?post=440449"},{"taxonomy":"product_cat","embeddable":true,"href":"https:\/\/www.moskito.cz\/pl\/wp-json\/wp\/v2\/product_cat?post=440449"},{"taxonomy":"product_tag","embeddable":true,"href":"https:\/\/www.moskito.cz\/pl\/wp-json\/wp\/v2\/product_tag?post=440449"}],"curies":[{"name":"wp","href":"https:\/\/api.w.org\/{rel}","templated":true}]}}