{"id":441898,"date":"2026-04-27T16:48:51","date_gmt":"2026-04-27T15:48:51","guid":{"rendered":"https:\/\/www.moskito.cz\/?post_type=product&#038;p=441898"},"modified":"2026-04-27T16:48:53","modified_gmt":"2026-04-27T15:48:53","slug":"vystrelovaci-nuz-microtech-combat-troodon-gen-iii-bowie-apocalyptic-1146-10ap","status":"publish","type":"product","link":"https:\/\/www.moskito.cz\/pl\/produkt\/vystrelovaci-nuz-microtech-combat-troodon-gen-iii-bowie-apocalyptic-1146-10ap\/","title":{"rendered":"Vyst\u0159elovac\u00ed N\u016f\u017e Microtech COMBAT TROODON GEN III BOWIE APOCALYPTIC 1146-10AP"},"content":{"rendered":"<section class=\"text-token-text-primary w-full focus:outline-none [--shadow-height:45px] has-data-writing-block:pointer-events-none has-data-writing-block:-mt-(--shadow-height) has-data-writing-block:pt-(--shadow-height) [&amp;:has([data-writing-block])&gt;*]:pointer-events-auto [content-visibility:auto] supports-[content-visibility:auto]:[contain-intrinsic-size:auto_100lvh] R6Vx5W_threadScrollVars scroll-mb-[calc(var(--scroll-root-safe-area-inset-bottom,0px)+var(--thread-response-height))] scroll-mt-[calc(var(--header-height)+min(200px,max(70px,20svh)))]\" dir=\"auto\" data-turn-id=\"request-WEB:63bdf771-2b4b-4bd7-8319-de01735f8779-1\" data-testid=\"conversation-turn-4\" data-scroll-anchor=\"false\" data-turn=\"assistant\">\n<div class=\"text-base my-auto mx-auto pb-10 [--thread-content-margin:var(--thread-content-margin-xs,calc(var(--spacing)*4))] @w-sm\/main:[--thread-content-margin:var(--thread-content-margin-sm,calc(var(--spacing)*6))] @w-lg\/main:[--thread-content-margin:var(--thread-content-margin-lg,calc(var(--spacing)*16))] px-(--thread-content-margin)\">\n<div class=\"[--thread-content-max-width:40rem] @w-lg\/main:[--thread-content-max-width:48rem] mx-auto max-w-(--thread-content-max-width) flex-1 group\/turn-messages focus-visible:outline-hidden relative flex w-full min-w-0 flex-col agent-turn\">\n<div class=\"flex max-w-full flex-col gap-4 grow\">\n<div class=\"min-h-8 text-message relative flex w-full flex-col items-end gap-2 text-start break-words whitespace-normal outline-none keyboard-focused:focus-ring [.text-message+&amp;]:mt-1\" dir=\"auto\" tabindex=\"0\" data-message-author-role=\"assistant\" data-message-id=\"a5837cb3-5abc-4d69-b29f-d469342c12a1\" data-message-model-slug=\"gpt-5-3\" data-turn-start-message=\"true\">\n<div class=\"flex w-full flex-col gap-1 empty:hidden\">\n<div class=\"markdown prose dark:prose-invert w-full wrap-break-word light markdown-new-styling\">\n<p data-start=\"0\" data-end=\"246\">Vyst\u0159elovac\u00ed n\u016f\u017e Microtech Combat Troodon Gen III Bowie Apocalyptic Standard Black 1146-10AP je pr\u00e9miov\u00fd OTF automatick\u00fd model, kter\u00fd spojuje extr\u00e9mn\u00ed robustnost, vysok\u00fd v\u00fdkon a typickou preciznost zna\u010dky Microtech v agresivn\u00edm taktick\u00e9m designu.<\/p>\n<p data-start=\"248\" data-end=\"578\">Model Combat Troodon pat\u0159\u00ed mezi nejv\u011bt\u0161\u00ed a nejodoln\u011bj\u0161\u00ed no\u017ee v portfoliu zna\u010dky <span class=\"hover:entity-accent entity-underline inline cursor-pointer align-baseline\"><span class=\"whitespace-normal\">Microtech Knives<\/span><\/span> a jeho t\u0159et\u00ed generace p\u0159in\u00e1\u0161\u00ed v\u00fdrazn\u011b vylep\u0161en\u00fd mechanismus, pevn\u011bj\u0161\u00ed konstrukci a celkov\u011b kultivovan\u011bj\u0161\u00ed chod. Oproti men\u0161\u00edm OTF model\u016fm je Combat Troodon navr\u017een pro n\u00e1ro\u010dn\u011bj\u0161\u00ed pou\u017eit\u00ed a maxim\u00e1ln\u00ed spolehlivost.<\/p>\n<p data-start=\"580\" data-end=\"824\">Dominantn\u00edm prvkem t\u00e9to varianty je \u010depel o d\u00e9lce p\u0159ibli\u017en\u011b 9,5 cm ve tvaru Bowie, kter\u00e1 nab\u00edz\u00ed v\u00fdbornou kombinaci \u0159ezivosti, pr\u016fraznosti a kontroly p\u0159i pr\u00e1ci. Tento tvar je univerz\u00e1ln\u011bj\u0161\u00ed ne\u017e d\u00fdkov\u00fd profil a l\u00e9pe se hod\u00ed pro praktick\u00e9 vyu\u017eit\u00ed.<\/p>\n<p data-start=\"826\" data-end=\"1027\">Jakmile n\u016f\u017e vezmete do ruky, okam\u017eit\u011b vynikne jeho robustnost a jistota \u00fachopu. Oproti men\u0161\u00edm model\u016fm p\u016fsob\u00ed v\u00fdrazn\u011b masivn\u011bji, co\u017e ocen\u00edte p\u0159i n\u00e1ro\u010dn\u011bj\u0161\u00edch \u00fakolech, kde je pot\u0159eba maxim\u00e1ln\u00ed stabilita.<\/p>\n<p data-start=\"1029\" data-end=\"1202\">\u010cepel je vyrobena z pr\u00e9miov\u00e9 pr\u00e1\u0161kov\u00e9 oceli M390, kter\u00e1 nab\u00edz\u00ed vynikaj\u00edc\u00ed dr\u017een\u00ed ost\u0159\u00ed, vysokou odolnost proti korozi a pat\u0159\u00ed mezi absolutn\u00ed \u0161pi\u010dku v no\u017e\u00ed\u0159sk\u00fdch materi\u00e1lech.<\/p>\n<p data-start=\"1204\" data-end=\"1349\">Povrchov\u00e1 \u00faprava Apocalyptic (stonewash) dod\u00e1v\u00e1 no\u017ei surov\u00fd, \u201epou\u017eit\u00fd\u201c vzhled a z\u00e1rove\u0148 efektivn\u011b maskuje drobn\u00e9 \u0161kr\u00e1bance vznikl\u00e9 p\u0159i pou\u017e\u00edv\u00e1n\u00ed.<\/p>\n<p data-start=\"1351\" data-end=\"1559\">Automatick\u00fd mechanismus OTF (out-the-front) je dvoj\u010dinn\u00fd, co\u017e znamen\u00e1, \u017ee \u010depel se vysouv\u00e1 i zasouv\u00e1 pomoc\u00ed jednoho ovl\u00e1dac\u00edho prvku. Generace III p\u0159in\u00e1\u0161\u00ed hlad\u0161\u00ed chod, men\u0161\u00ed v\u016fle a celkov\u011b vy\u0161\u0161\u00ed spolehlivost.<\/p>\n<p data-start=\"1561\" data-end=\"1688\">Rukoje\u0165 z eloxovan\u00e9ho hlin\u00edku (6061-T6) je ergonomicky tvarovan\u00e1, robustn\u00ed a navr\u017een\u00e1 pro jist\u00fd \u00fachop i v n\u00e1ro\u010dn\u00fdch podm\u00ednk\u00e1ch.<\/p>\n<p data-start=\"1690\" data-end=\"1864\">Celkov\u00e1 d\u00e9lka no\u017ee \u010din\u00ed p\u0159ibli\u017en\u011b 24 cm a hmotnost kolem 150 g, co\u017e z n\u011bj d\u011bl\u00e1 v\u011bt\u0161\u00ed a v\u00fdrazn\u011bj\u0161\u00ed n\u00e1stroj vhodn\u00fd sp\u00ed\u0161e pro n\u00e1ro\u010dn\u011bj\u0161\u00ed pou\u017eit\u00ed ne\u017e nen\u00e1padn\u00e9 ka\u017edodenn\u00ed no\u0161en\u00ed.<\/p>\n<p data-start=\"1866\" data-end=\"1942\">N\u016f\u017e se dod\u00e1v\u00e1 v typick\u00e9m balen\u00ed Microtech s krabi\u010dkou a dokumentac\u00ed v\u00fdrobce.<\/p>\n<p data-start=\"1944\" data-end=\"2081\">Microtech Combat Troodon Gen III je n\u016f\u017e, kter\u00fd p\u0159edstavuje maxim\u00e1ln\u00ed v\u00fdkon, odolnost a technologickou vysp\u011blost v kategorii OTF automat\u016f.<\/p>\n<hr data-start=\"2083\" data-end=\"2086\" \/>\n<h2 data-section-id=\"1baaq9y\" data-start=\"2088\" data-end=\"2112\">Charakter a filozofie<\/h2>\n<p data-start=\"2113\" data-end=\"2194\">Combat Troodon Gen III je evoluce jednoho z nejodoln\u011bj\u0161\u00edch OTF model\u016f Microtech<\/p>\n<p data-start=\"2196\" data-end=\"2243\">Navr\u017een pro maxim\u00e1ln\u00ed v\u00fdkon a n\u00e1ro\u010dn\u00e9 pou\u017eit\u00ed<\/p>\n<p data-start=\"2245\" data-end=\"2287\">D\u016fraz na robustnost, s\u00edlu a spolehlivost<\/p>\n<p data-start=\"2289\" data-end=\"2327\">Taktick\u00fd design s minimem kompromis\u016f<\/p>\n<hr data-start=\"2329\" data-end=\"2332\" \/>\n<h2 data-section-id=\"z259b9\" data-start=\"2334\" data-end=\"2349\">\ud83c\udfed O v\u00fdrobci<\/h2>\n<p data-start=\"2350\" data-end=\"2455\"><span class=\"hover:entity-accent entity-underline inline cursor-pointer align-baseline\"><span class=\"whitespace-normal\">Microtech Knives<\/span><\/span> je americk\u00e1 zna\u010dka specializuj\u00edc\u00ed se na pr\u00e9miov\u00e9 automatick\u00e9 no\u017ee<\/p>\n<p data-start=\"2457\" data-end=\"2514\">Pat\u0159\u00ed mezi \u0161pi\u010dku v oblasti OTF i side-opening automat\u016f<\/p>\n<p data-start=\"2516\" data-end=\"2585\">Zn\u00e1m\u00e1 precizn\u00edm zpracov\u00e1n\u00edm, inovacemi a vysokou kvalitou materi\u00e1l\u016f<\/p>\n<hr data-start=\"2587\" data-end=\"2590\" \/>\n<h2 data-section-id=\"1qwgnog\" data-start=\"2592\" data-end=\"2619\">\u2699\ufe0f Technick\u00e9 specifikace<\/h2>\n<div class=\"TyagGW_tableContainer\">\n<div class=\"group TyagGW_tableWrapper flex flex-col-reverse w-fit\" tabindex=\"-1\">\n<table class=\"w-fit min-w-(--thread-content-width)\" data-start=\"2620\" data-end=\"2999\">\n<thead data-start=\"2620\" data-end=\"2640\">\n<tr data-start=\"2620\" data-end=\"2640\">\n<th class=\"\" data-start=\"2620\" data-end=\"2629\" data-col-size=\"sm\">Parametr<\/th>\n<th class=\"\" data-start=\"2629\" data-end=\"2640\" data-col-size=\"sm\">Hodnota<\/th>\n<\/tr>\n<\/thead>\n<tbody data-start=\"2651\" data-end=\"2999\">\n<tr data-start=\"2651\" data-end=\"2678\">\n<td data-start=\"2651\" data-end=\"2665\" data-col-size=\"sm\">Celkov\u00e1 d\u00e9lka<\/td>\n<td data-start=\"2665\" data-end=\"2678\" data-col-size=\"sm\">cca 24 cm<\/td>\n<\/tr>\n<tr data-start=\"2679\" data-end=\"2706\">\n<td data-start=\"2679\" data-end=\"2692\" data-col-size=\"sm\">D\u00e9lka \u010depele<\/td>\n<td data-start=\"2692\" data-end=\"2706\" data-col-size=\"sm\">cca 9,5 cm<\/td>\n<\/tr>\n<tr data-start=\"2707\" data-end=\"2737\">\n<td data-start=\"2707\" data-end=\"2722\" data-col-size=\"sm\">D\u00e9lka rukojeti<\/td>\n<td data-start=\"2722\" data-end=\"2737\" data-col-size=\"sm\">cca 14,5 cm<\/td>\n<\/tr>\n<tr data-start=\"2738\" data-end=\"2762\">\n<td data-start=\"2738\" data-end=\"2754\" data-col-size=\"sm\">Materi\u00e1l \u010depele<\/td>\n<td data-start=\"2754\" data-end=\"2762\" data-col-size=\"sm\">M390<\/td>\n<\/tr>\n<tr data-start=\"2763\" data-end=\"2794\">\n<td data-start=\"2763\" data-end=\"2777\" data-col-size=\"sm\">Tvrdost oceli<\/td>\n<td data-start=\"2777\" data-end=\"2794\" data-col-size=\"sm\">cca 60\u201362 HRC<\/td>\n<\/tr>\n<tr data-start=\"2795\" data-end=\"2816\">\n<td data-start=\"2795\" data-end=\"2807\" data-col-size=\"sm\">Tvar \u010depele<\/td>\n<td data-start=\"2807\" data-end=\"2816\" data-col-size=\"sm\">Bowie<\/td>\n<\/tr>\n<tr data-start=\"2817\" data-end=\"2834\">\n<td data-start=\"2817\" data-end=\"2824\" data-col-size=\"sm\">V\u00fdbrus<\/td>\n<td data-start=\"2824\" data-end=\"2834\" data-col-size=\"sm\">Ploch\u00fd<\/td>\n<\/tr>\n<tr data-start=\"2835\" data-end=\"2871\">\n<td data-start=\"2835\" data-end=\"2853\" data-col-size=\"sm\">Materi\u00e1l rukojeti<\/td>\n<td data-start=\"2853\" data-end=\"2871\" data-col-size=\"sm\">Hlin\u00edk 6061-T6<\/td>\n<\/tr>\n<tr data-start=\"2872\" data-end=\"2915\">\n<td data-start=\"2872\" data-end=\"2884\" data-col-size=\"sm\">Mechanismus<\/td>\n<td data-start=\"2884\" data-end=\"2915\" data-col-size=\"sm\">OTF automat (double action)<\/td>\n<\/tr>\n<tr data-start=\"2916\" data-end=\"2944\">\n<td data-start=\"2916\" data-end=\"2926\" data-col-size=\"sm\">Otev\u00edr\u00e1n\u00ed<\/td>\n<td data-start=\"2926\" data-end=\"2944\" data-col-size=\"sm\">Posuvn\u00fd jezdec<\/td>\n<\/tr>\n<tr data-start=\"2945\" data-end=\"2957\">\n<td data-start=\"2945\" data-end=\"2950\" data-col-size=\"sm\">Klip<\/td>\n<td data-start=\"2950\" data-end=\"2957\" data-col-size=\"sm\">Ano<\/td>\n<\/tr>\n<tr data-start=\"2958\" data-end=\"2984\">\n<td data-start=\"2958\" data-end=\"2967\" data-col-size=\"sm\">Hmotnost<\/td>\n<td data-start=\"2967\" data-end=\"2984\" data-col-size=\"sm\">cca 140\u2013155 g<\/td>\n<\/tr>\n<tr data-start=\"2985\" data-end=\"2999\">\n<td data-start=\"2985\" data-end=\"2992\" data-col-size=\"sm\">V\u00fdroba<\/td>\n<td data-start=\"2992\" data-end=\"2999\" data-col-size=\"sm\">USA<\/td>\n<\/tr>\n<\/tbody>\n<\/table>\n<\/div>\n<\/div>\n<hr data-start=\"3001\" data-end=\"3004\" \/>\n<h2 data-section-id=\"14b0e0x\" data-start=\"3006\" data-end=\"3024\">\u2705 Hlavn\u00ed v\u00fdhody<\/h2>\n<p data-start=\"3025\" data-end=\"3045\">Pr\u00e9miov\u00e1 ocel M390<\/p>\n<p data-start=\"3047\" data-end=\"3077\">Extr\u00e9mn\u011b robustn\u00ed konstrukce<\/p>\n<p data-start=\"3079\" data-end=\"3115\">\u0160pi\u010dkov\u00fd OTF mechanismus (Gen III)<\/p>\n<p data-start=\"3117\" data-end=\"3142\">Univerz\u00e1ln\u00ed Bowie \u010depel<\/p>\n<p data-start=\"3144\" data-end=\"3181\">Odoln\u00e1 povrchov\u00e1 \u00faprava Apocalyptic<\/p>\n<hr data-start=\"3183\" data-end=\"3186\" \/>\n<h2 data-section-id=\"1p6p4te\" data-start=\"3188\" data-end=\"3207\">\u26a0\ufe0f Mo\u017en\u00e1 omezen\u00ed<\/h2>\n<p data-start=\"3208\" data-end=\"3231\">Vy\u0161\u0161\u00ed po\u0159izovac\u00ed cena<\/p>\n<p data-start=\"3233\" data-end=\"3259\">V\u011bt\u0161\u00ed rozm\u011bry a hmotnost<\/p>\n<p data-start=\"3261\" data-end=\"3302\">OTF konstrukce je mechanicky slo\u017eit\u011bj\u0161\u00ed<\/p>\n<p data-start=\"3304\" data-end=\"3345\">Legislativn\u00ed omezen\u00ed v n\u011bkter\u00fdch zem\u00edch<\/p>\n<hr data-start=\"3347\" data-end=\"3350\" \/>\n<h2 data-section-id=\"1fc2qpi\" data-start=\"3352\" data-end=\"3372\">\ud83d\udee0\ufe0f \u00dadr\u017eba a p\u00e9\u010de<\/h2>\n<p data-start=\"3373\" data-end=\"3434\">Udr\u017eovat mechanismus \u010dist\u00fd (OTF je citliv\u011bj\u0161\u00ed na ne\u010distoty)<\/p>\n<p data-start=\"3436\" data-end=\"3483\">Pravideln\u011b lehce promazat vnit\u0159n\u00ed mechanismus<\/p>\n<p data-start=\"3485\" data-end=\"3528\">Nevystavovat nadm\u011brn\u00e9mu prachu a vlhkosti<\/p>\n<p data-start=\"3530\" data-end=\"3576\">Nepou\u017e\u00edvat k p\u00e1\u010den\u00ed nebo extr\u00e9mn\u00edmu zat\u00ed\u017een\u00ed<\/p>\n<hr data-start=\"3578\" data-end=\"3581\" \/>\n<h2 data-section-id=\"74672s\" data-start=\"3583\" data-end=\"3619\">\ud83d\udd2a Pro udr\u017een\u00ed ost\u0159\u00ed doporu\u010dujeme<\/h2>\n<p data-start=\"3620\" data-end=\"3753\">Pro ocel M390 je ide\u00e1ln\u00ed kvalitn\u00ed brusn\u00fd syst\u00e9m s diamantov\u00fdmi kameny, kter\u00fd zajist\u00ed p\u0159esn\u00e9 a efektivn\u00ed brou\u0161en\u00ed i u tvrd\u0161\u00edch ocel\u00ed<\/p>\n<hr data-start=\"3755\" data-end=\"3758\" \/>\n<h2 data-section-id=\"4dnjoh\" data-start=\"3760\" data-end=\"3780\">\ud83c\udfaf Doporu\u010deno pro<\/h2>\n<p data-start=\"3781\" data-end=\"3800\">N\u00e1ro\u010dn\u00e9 u\u017eivatele<\/p>\n<p data-start=\"3802\" data-end=\"3820\">Taktick\u00e9 pou\u017eit\u00ed<\/p>\n<p data-start=\"3822\" data-end=\"3849\">Sb\u011bratele pr\u00e9miov\u00fdch no\u017e\u016f<\/p>\n<p data-start=\"3851\" data-end=\"3874\">Fanou\u0161ky OTF automat\u016f<\/p>\n<hr data-start=\"3876\" data-end=\"3879\" \/>\n<h2 data-section-id=\"1b63n2x\" data-start=\"3881\" data-end=\"3905\">\u2b50 Z\u00e1v\u011bre\u010dn\u00e9 hodnocen\u00ed<\/h2>\n<p data-start=\"3906\" data-end=\"4044\">Microtech Combat Troodon Gen III Bowie Apocalyptic je \u0161pi\u010dkov\u00fd OTF n\u016f\u017e, kter\u00fd nab\u00edz\u00ed maxim\u00e1ln\u00ed v\u00fdkon, odolnost a technologickou vysp\u011blost.<\/p>\n<p data-start=\"4046\" data-end=\"4112\" data-is-last-node=\"\" data-is-only-node=\"\">Combat Troodon \u2013 s\u00edla, dominance a preciznost bez kompromis\u016f. \u2699\ufe0f\ud83d\udd2a<\/p>\n<\/div>\n<\/div>\n<\/div>\n<\/div>\n<div class=\"z-0 flex min-h-[46px] justify-start\"><\/div>\n<\/div>\n<\/div>\n<\/section>\n","protected":false},"excerpt":{"rendered":"<p data-start=\"3906\" data-end=\"4044\"><strong>Microtech Combat Troodon Gen III Bowie Apocalyptic je \u0161pi\u010dkov\u00fd OTF n\u016f\u017e, kter\u00fd nab\u00edz\u00ed maxim\u00e1ln\u00ed v\u00fdkon, odolnost a technologickou vysp\u011blost.<\/strong><\/p>\n<p data-start=\"4046\" data-end=\"4112\" data-is-last-node=\"\" data-is-only-node=\"\"><strong>Combat Troodon \u2013 s\u00edla, dominance a preciznost bez kompromis\u016f. \u2699\ufe0f\ud83d\udd2a<\/strong><\/p>\n<p data-start=\"4046\" data-end=\"4112\" data-is-last-node=\"\" data-is-only-node=\"\"><strong>Do\u017eivotn\u00ed z\u00e1ruka, doprava zdarma.<\/strong><\/p>\n","protected":false},"featured_media":441899,"comment_status":"open","ping_status":"closed","template":"","meta":[],"pwb-brand":[431],"product_brand":[],"product_cat":[2019,17],"product_tag":[3990],"class_list":{"0":"post-441898","1":"product","2":"type-product","3":"status-publish","4":"has-post-thumbnail","6":"pwb-brand-microtech","7":"product_cat-vystrelovaci-noze","8":"product_cat-noze","9":"product_tag-new","11":"first","12":"instock","13":"taxable","14":"shipping-taxable","15":"purchasable","16":"product-type-simple"},"brands":[{"id":431,"name":"Microtech","slug":"microtech"}],"_links":{"self":[{"href":"https:\/\/www.moskito.cz\/pl\/wp-json\/wp\/v2\/product\/441898","targetHints":{"allow":["GET"]}}],"collection":[{"href":"https:\/\/www.moskito.cz\/pl\/wp-json\/wp\/v2\/product"}],"about":[{"href":"https:\/\/www.moskito.cz\/pl\/wp-json\/wp\/v2\/types\/product"}],"replies":[{"embeddable":true,"href":"https:\/\/www.moskito.cz\/pl\/wp-json\/wp\/v2\/comments?post=441898"}],"wp:featuredmedia":[{"embeddable":true,"href":"https:\/\/www.moskito.cz\/pl\/wp-json\/wp\/v2\/media\/441899"}],"wp:attachment":[{"href":"https:\/\/www.moskito.cz\/pl\/wp-json\/wp\/v2\/media?parent=441898"}],"wp:term":[{"taxonomy":"pwb-brand","embeddable":true,"href":"https:\/\/www.moskito.cz\/pl\/wp-json\/wp\/v2\/pwb-brand?post=441898"},{"taxonomy":"product_brand","embeddable":true,"href":"https:\/\/www.moskito.cz\/pl\/wp-json\/wp\/v2\/product_brand?post=441898"},{"taxonomy":"product_cat","embeddable":true,"href":"https:\/\/www.moskito.cz\/pl\/wp-json\/wp\/v2\/product_cat?post=441898"},{"taxonomy":"product_tag","embeddable":true,"href":"https:\/\/www.moskito.cz\/pl\/wp-json\/wp\/v2\/product_tag?post=441898"}],"curies":[{"name":"wp","href":"https:\/\/api.w.org\/{rel}","templated":true}]}}