{"id":264345,"date":"2024-02-02T21:36:34","date_gmt":"2024-02-02T20:36:34","guid":{"rendered":"https:\/\/www.moskito.cz\/stovka\/"},"modified":"2024-02-02T21:36:37","modified_gmt":"2024-02-02T20:36:37","slug":"stovka","status":"publish","type":"page","link":"https:\/\/www.moskito.cz\/sk\/stovka\/","title":{"rendered":"Stovka"},"content":{"rendered":"\t\t<div data-elementor-type=\"wp-page\" data-elementor-id=\"264345\" class=\"elementor elementor-264345 elementor-190162\" data-elementor-post-type=\"page\">\n\t\t\t\t\t\t<section data-particle_enable=\"false\" data-particle-mobile-disabled=\"false\" class=\"elementor-section elementor-top-section elementor-element elementor-element-4c709c4 elementor-section-boxed elementor-section-height-default elementor-section-height-default\" data-id=\"4c709c4\" data-element_type=\"section\" data-e-type=\"section\">\n\t\t\t\t\t\t<div class=\"elementor-container elementor-column-gap-default\">\n\t\t\t\t\t<div class=\"elementor-column elementor-col-100 elementor-top-column elementor-element elementor-element-b16fe01\" data-id=\"b16fe01\" data-element_type=\"column\" data-e-type=\"column\">\n\t\t\t<div class=\"elementor-widget-wrap elementor-element-populated\">\n\t\t\t\t\t\t<div class=\"elementor-element elementor-element-d076392 elementor-widget elementor-widget-heading\" data-id=\"d076392\" data-element_type=\"widget\" data-e-type=\"widget\" data-widget_type=\"heading.default\">\n\t\t\t\t\t<h1 class=\"elementor-heading-title elementor-size-default\">Gratulujeme,  \n<br>Z\u00edskali ste z\u013eavu 100 K\u010d<\/h1>\t\t\t\t<\/div>\n\t\t\t\t<div class=\"elementor-element elementor-element-d758d56 elementor-widget elementor-widget-heading\" data-id=\"d758d56\" data-element_type=\"widget\" data-e-type=\"widget\" data-widget_type=\"heading.default\">\n\t\t\t\t\t<h3 class=\"elementor-heading-title elementor-size-default\">na v\u00e1\u0161 \u010fal\u0161\u00ed n\u00e1kup v hodnote min. 1000 Sk<\/h3>\t\t\t\t<\/div>\n\t\t\t\t<div class=\"elementor-element elementor-element-bb54177 elementor-widget elementor-widget-text-editor\" data-id=\"bb54177\" data-element_type=\"widget\" data-e-type=\"widget\" data-widget_type=\"text-editor.default\">\n\t\t\t\t\t\t\t\t\t<p>V pokladni zadajte<\/p>\n<p>z\u013eavov\u00fd k\u00f3d s n\u00e1zvom<\/p>\n\t\t\t\t\t\t\t\t<\/div>\n\t\t\t\t<div class=\"elementor-element elementor-element-5f6d00f elementor-widget__width-auto elementor-widget elementor-widget-heading\" data-id=\"5f6d00f\" data-element_type=\"widget\" data-e-type=\"widget\" data-widget_type=\"heading.default\">\n\t\t\t\t\t<h2 class=\"elementor-heading-title elementor-size-default\">STOVKA<\/h2>\t\t\t\t<\/div>\n\t\t\t\t<div class=\"elementor-element elementor-element-610a74a elementor-align-center elementor-widget elementor-widget-button\" data-id=\"610a74a\" data-element_type=\"widget\" data-e-type=\"widget\" data-widget_type=\"button.default\">\n\t\t\t\t\t\t\t\t\t\t<a class=\"elementor-button elementor-button-link elementor-size-md\" href=\"\/obchod\/\">\n\t\t\t\t\t\t<span class=\"elementor-button-content-wrapper\">\n\t\t\t\t\t\t\t\t\t<span class=\"elementor-button-text\">POKRA\u010cOVA\u0164 DO OBCHODU<\/span>\n\t\t\t\t\t<\/span>\n\t\t\t\t\t<\/a>\n\t\t\t\t\t\t\t\t<\/div>\n\t\t\t\t\t<\/div>\n\t\t<\/div>\n\t\t\t\t\t<\/div>\n\t\t<\/section>\n\t\t\t\t<\/div>\n\t\t","protected":false},"excerpt":{"rendered":"<p>Gratulujeme, Z\u00edskali ste z\u013eavu 100 K\u010d na v\u00e1\u0161 \u010fal\u0161\u00ed n\u00e1kup v hodnote min. 1000 Sk V pokladni zadajte z\u013eavov\u00fd k\u00f3d s n\u00e1zvom STOVKA POKRA\u010cOVA\u0164 DO OBCHODU<\/p>\n","protected":false},"author":93,"featured_media":0,"parent":0,"menu_order":0,"comment_status":"closed","ping_status":"closed","template":"elementor_header_footer","meta":{"footnotes":""},"class_list":["post-264345","page","type-page","status-publish","hentry"],"_links":{"self":[{"href":"https:\/\/www.moskito.cz\/sk\/wp-json\/wp\/v2\/pages\/264345","targetHints":{"allow":["GET"]}}],"collection":[{"href":"https:\/\/www.moskito.cz\/sk\/wp-json\/wp\/v2\/pages"}],"about":[{"href":"https:\/\/www.moskito.cz\/sk\/wp-json\/wp\/v2\/types\/page"}],"author":[{"embeddable":true,"href":"https:\/\/www.moskito.cz\/sk\/wp-json\/wp\/v2\/users\/93"}],"replies":[{"embeddable":true,"href":"https:\/\/www.moskito.cz\/sk\/wp-json\/wp\/v2\/comments?post=264345"}],"version-history":[{"count":0,"href":"https:\/\/www.moskito.cz\/sk\/wp-json\/wp\/v2\/pages\/264345\/revisions"}],"wp:attachment":[{"href":"https:\/\/www.moskito.cz\/sk\/wp-json\/wp\/v2\/media?parent=264345"}],"curies":[{"name":"wp","href":"https:\/\/api.w.org\/{rel}","templated":true}]}}