{"id":165139,"date":"2019-08-18T13:45:36","date_gmt":"2019-08-18T12:45:36","guid":{"rendered":"https:\/\/www.moskito.cz\/?post_type=product&#038;p=165139"},"modified":"2025-07-11T07:49:38","modified_gmt":"2025-07-11T06:49:38","slug":"zaviraci-nuz-joker-jkr0563","status":"publish","type":"product","link":"https:\/\/www.moskito.cz\/sk\/produkt\/zaviraci-nuz-joker-jkr0563\/","title":{"rendered":"Zav\u00edrac\u00ed z\u00e1chran\u00e1\u0159sk\u00fd n\u016f\u017e Joker JKR0563"},"content":{"rendered":"<p>Zav\u00edrac\u00ed z\u00e1chran\u00e1\u0159sk\u00fd n\u016f\u017e Joker JKR0563.<\/p>\n<p>No\u017ee <strong>Joker<\/strong> poch\u00e1zej\u00ed ze \u0160pan\u011blsk\u00e9ho m\u011bsta Albacete, kter\u00e9 je zn\u00e1m\u00e9 v\u00fdrobou no\u017e\u016f.<br \/>\nD\u00e9lka no\u017ee v zav\u0159en\u00e9m stavu je 12 cm. \u010cepel je \u010derno st\u0159\u00edbrn\u00e1, dlouh\u00e1 8.5 cm. N\u016f\u017e m\u00e1 asistovan\u00e9 otev\u00edr\u00e1n\u00ed.Rukoje\u0165 je z ABS plastu s modrou hlin\u00edkovou vlo\u017ekou. N\u016f\u017e m\u00e1 kapesn\u00ed klip,pouzdro, \u0159eza\u010dku p\u00e1s\u016f a hrot na rozbit\u00ed skla.<\/p>\n","protected":false},"excerpt":{"rendered":"<p>No\u017ee <strong>Joker<\/strong> poch\u00e1zej\u00ed ze \u0160pan\u011blsk\u00e9ho m\u011bsta Albacete, kter\u00e9 je zn\u00e1m\u00e9 tradi\u010dn\u00ed v\u00fdrobou no\u017e\u016f a d\u00fdk.<br \/>\nNavr\u017eeno a vyrobeno ve \u0160pan\u011blsku (Albacete)<\/p>\n","protected":false},"featured_media":192853,"comment_status":"open","ping_status":"closed","template":"","meta":[],"pwb-brand":[359],"product_brand":[],"product_cat":[22,17],"product_tag":[],"class_list":{"0":"post-165139","1":"product","2":"type-product","3":"status-publish","4":"has-post-thumbnail","6":"pwb-brand-joker","7":"product_cat-zaviraci-noze","8":"product_cat-noze","10":"first","11":"instock","12":"taxable","13":"shipping-taxable","14":"purchasable","15":"product-type-simple"},"brands":[{"id":359,"name":"Joker","slug":"joker"}],"_links":{"self":[{"href":"https:\/\/www.moskito.cz\/sk\/wp-json\/wp\/v2\/product\/165139","targetHints":{"allow":["GET"]}}],"collection":[{"href":"https:\/\/www.moskito.cz\/sk\/wp-json\/wp\/v2\/product"}],"about":[{"href":"https:\/\/www.moskito.cz\/sk\/wp-json\/wp\/v2\/types\/product"}],"replies":[{"embeddable":true,"href":"https:\/\/www.moskito.cz\/sk\/wp-json\/wp\/v2\/comments?post=165139"}],"wp:featuredmedia":[{"embeddable":true,"href":"https:\/\/www.moskito.cz\/sk\/wp-json\/wp\/v2\/media\/192853"}],"wp:attachment":[{"href":"https:\/\/www.moskito.cz\/sk\/wp-json\/wp\/v2\/media?parent=165139"}],"wp:term":[{"taxonomy":"pwb-brand","embeddable":true,"href":"https:\/\/www.moskito.cz\/sk\/wp-json\/wp\/v2\/pwb-brand?post=165139"},{"taxonomy":"product_brand","embeddable":true,"href":"https:\/\/www.moskito.cz\/sk\/wp-json\/wp\/v2\/product_brand?post=165139"},{"taxonomy":"product_cat","embeddable":true,"href":"https:\/\/www.moskito.cz\/sk\/wp-json\/wp\/v2\/product_cat?post=165139"},{"taxonomy":"product_tag","embeddable":true,"href":"https:\/\/www.moskito.cz\/sk\/wp-json\/wp\/v2\/product_tag?post=165139"}],"curies":[{"name":"wp","href":"https:\/\/api.w.org\/{rel}","templated":true}]}}