{"id":167583,"date":"2020-02-26T19:57:28","date_gmt":"2020-02-26T18:57:28","guid":{"rendered":"https:\/\/www.moskito.cz\/?post_type=product&#038;p=167583"},"modified":"2025-07-11T07:50:54","modified_gmt":"2025-07-11T06:50:54","slug":"vystrelovaci-nuz-microtech-ultratech-122-10-dbk","status":"publish","type":"product","link":"https:\/\/www.moskito.cz\/sk\/produkt\/vystrelovaci-nuz-microtech-ultratech-122-10-dbk\/","title":{"rendered":"Vyst\u0159elovac\u00ed N\u016f\u017e Microtech Ultratech 122-10 DBK"},"content":{"rendered":"<p>Vyst\u0159elovac\u00ed N\u016f\u017e <strong>Microtech Ultratech <\/strong>122-10 DBK.<\/p>\n<p><span lang=\"cs\">V pr\u016fb\u011bhu let <strong>Microtech\u00ae Knives<\/strong> naplnil v\u00e1\u0161n\u00ed a dovednost\u00ed v\u00fdrobu no\u017e\u016f, a\u017e z nich vytvo\u0159il t\u00e9m\u011b\u0159 um\u011bleck\u00e1 d\u00edla,kter\u00e9 jsou vrcholem funk\u010dnosti. I nad\u00e1le posouv\u00e1 hranice a zlep\u0161uje to,<br \/>\nco ji\u017e v\u00ed, \u017ee funguje. V roce 2020 se Microtech\u00ae Knives rozrostl na p\u0159edn\u00ed no\u017e\u00ed\u0159skou<br \/>\nzna\u010dku, kter\u00e1 se neust\u00e1le vyv\u00edj\u00ed a pohybuje vp\u0159ed pomoc\u00ed nejnov\u011bj\u0161\u00edch technologi\u00ed,<br \/>\nstarod\u00e1vn\u00fdch z\u00e1sad p\u0159i v\u00fdrob\u011b \u010depel\u00ed a maxim\u00e1ln\u00edho testov\u00e1n\u00ed v ter\u00e9nu, tak aby nekompromitovali kvalitu. <\/span><\/p>\n<p><span class=\"tlid-translation translation\"><span class=\"\" title=\"\">Z p\u0159edu vyst\u0159elovac\u00ed n\u016f\u017e.<br \/>\n<\/span><\/span><\/p>\n<p><span class=\"tlid-translation translation\"><span class=\"\" title=\"\">Vyst\u0159elovac\u00ed N\u016f\u017e <strong>Microtech Ultratech<\/strong> 122-10 DBK je vybaven dvojitou \u010depel\u00ed s\u00a0 jednoduch\u00fdmi \u0159ezn\u00fdmi hranami.<\/span> N\u016f\u017e m<span class=\"\" title=\"\">\u00e1 tvarovanou hlin\u00edkovou rukoje\u0165 z eloxovan\u00e9ho hlin\u00edku 6061-T6 s kuli\u010dkov\u00fdm hrotem na rozb\u00edjen\u00ed skla kter\u00fd je z u\u0161lechtil\u00e9 oceli.<\/span><\/span><\/p>\n<p><span title=\"\">Microtech vybavil tuto verzi st\u00e1le popul\u00e1rn\u00edho Ultratech D \/ A OTF n\u016f\u017e s hladk\u00fdm konturovan\u00fdm designem rukojeti, kter\u00fd zvy\u0161uje komfort p\u0159i pou\u017e\u00edv\u00e1n\u00ed.<\/span> <span title=\"\">Tento aktualizovan\u00fd model poskytuje stejn\u00e9 rozm\u011bry, hardware a trvanlivost nab\u00edzen\u00e9 variantou \u201eTri-Grip\u201c, ale jde jednodu\u0161eji do ruky a do kapsy.<\/span><\/p>\n<p><span title=\"\">Pro ty, kte\u0159\u00ed nejsou obezn\u00e1meni s technologi\u00ed Ultratech, je to pln\u011b automatick\u00fd n\u016f\u017e s dvojit\u00fdm mechanismem mimo p\u0159edn\u00ed stranu, co\u017e znamen\u00e1, \u017ee \u010depel se pomoc\u00ed palce se\u00a0 sklop\u00ed\u00a0 a zasune.<\/span> <span title=\"\">N\u016f\u017e Ultratech spole\u010dnosti <strong>Microtech<\/strong> nastavil la\u0165ku pro v\u0161echny no\u017ee OTF.<\/span><\/p>\n<p><span class=\"tlid-translation translation\"><span class=\"\" title=\"\">Celkov\u00e1 d\u00e9lka: 22 cm<\/span><br \/>\n<span class=\"\" title=\"\">D\u00e9lka \u010depele: 8.6 cm<\/span><br \/>\n<span title=\"\">Materi\u00e1l \u010depele: Bohler M390<\/span><br \/>\n<span class=\"\" title=\"\">Styl \u010depele: D\u00fdka<\/span><br \/>\n<span class=\"\" title=\"\">B\u0159itov\u00e9 desti\u010dky: Ploch\u00e9<\/span><br \/>\n<span title=\"\">Barva: \u010cern\u00e1<\/span><br \/>\n<span title=\"\">Typ okraje: oby\u010dejn\u00fd<\/span><br \/>\n<span title=\"\">Materi\u00e1l rukojeti: hlin\u00edk<\/span><br \/>\n<span title=\"\">Hmotnost: 3,60 oz.<\/span><br \/>\n<span title=\"\">U\u017eivatel: Prav\u00e1 ruka<\/span><br \/>\n<span title=\"\">Pocket Clip: Tip-Down<\/span><br \/>\n<span title=\"\">Typ no\u017ee: Double-Action OTF Automatic<\/span><br \/>\n<span title=\"\">Otv\u00edra\u010d: Thumb Slide<\/span><br \/>\n<span title=\"\">Zna\u010dka: Microtech<\/span><br \/>\n<span title=\"\">Model: Ultratech<\/span><br \/>\n<span title=\"\">\u010c\u00edslo modelu: <\/span>122-10 DBK<br \/>\n<span title=\"\">Zem\u011b p\u016fvodu: USA<\/span><br \/>\n<span title=\"\">Nejlep\u0161\u00ed pou\u017eit\u00ed: Ka\u017edodenn\u00ed<\/span><\/span><\/p>\n<p>Through the years, <strong>Microtech\u00ae Knives<\/strong> has infused passion and skill into making works of art that are an apex of functionality and form. We continue to push boundaries and improve on what we already know works. In 2020 <strong>Microtech\u00ae Knives<\/strong> has grown into a leading cutlery brand, always evolving and moving forward using the latest technology, ancient blade principles, and maximum field testing to ensure we never compromise.<\/p>\n<div class=\"description\">\n<p>The Ultratech, will forever set the standard for all out-the-front knives. Ultratech is <strong>Microtech\u2019s<\/strong> original dual action out-the-front knife and has been the foundation of their entire OTF line. Over the years, it has gone through several modifications, each time becoming more efficient and reliable. This version has an improved contoured handle with the textured thumb-slide for more positive purchase. The Ultratech&#8217;s spring remains in an &#8222;at rest&#8220; position at all times except when deployed. This ensures that the compressed spring will not become fatigued, assuring users that when the knife is fired, it will operate effectively. Ultratech can take many different forms; it can be topped with a standard machined aluminum top or a piece of carbon fiber. All the hardware of this knife including the actuation button and pocket clip is black, dubbing this the Tactical Ultratech model. The Ultratech&#8217;s lightweight, one-handed open and close action, slim shape, and scalpel-sharp blade make it a one of a kind knife, only available through <strong>Microtech<\/strong>. This knife has proven time and again that it can withstand any obstacle. Only time will tell what the next step will be for the Ultratech series.<\/p>\n<div class=\"clearfix\"><\/div>\n<\/div>\n<div class=\"specifications\">\n<div class=\"features\"><\/div>\n<div class=\"specs\">\n<p><strong>Specifications<\/strong><\/p>\n<ul>\n<li>Automatic Opening\/Closing &#8211; Front Opener<\/li>\n<li>Action: Duel Action &#8211; Auto Fire\/Retract<\/li>\n<li>Blade: 0.125&#8243; Thick<\/li>\n<li>Blade Length: 3.46&#8243;<\/li>\n<li>Blade Style: Apocolyptic Double Edge Dagger<\/li>\n<li>Handle Thickness: 0.640&#8243;<\/li>\n<li>Handle Material: 6061-T6 Aluminum Distressed Black Mil-Spec Hard Coat Anodize<\/li>\n<li>Length Closed: 4.84&#8243;<\/li>\n<li>Length Open: 8.30&#8243;<\/li>\n<li>Pocket Clip Material: 301 Stainless Full Hard<\/li>\n<li>Standard Top: 6061-T6 AL Alloy<\/li>\n<li>Trigger: 303 Stainless<\/li>\n<li>Please note, blade steel cannot be specified as it can change depending on availability (information from <strong>Microtech<\/strong>)<\/li>\n<li>Made in the USA<\/li>\n<\/ul>\n<\/div>\n<\/div>\n","protected":false},"excerpt":{"rendered":"<p>V pr\u016fb\u011bhu let <strong>Microtech\u00ae Knives <\/strong>naplnil v\u00e1\u0161n\u00ed a dovednost\u00ed v\u00fdrobu no\u017e\u016f, a\u017e z nich vytvo\u0159il t\u00e9m\u011b\u0159 um\u011bleck\u00e1 d\u00edla,kter\u00e9 jsou vrcholem funk\u010dnosti. V\u0161echny d\u00edly jsou vyrodeny v USA.<br \/>\n<strong>Na v\u0161echny no\u017ee Microtech je do\u017eivotn\u00ed z\u00e1ruka.<\/strong><\/p>\n","protected":false},"featured_media":177537,"comment_status":"open","ping_status":"closed","template":"","meta":[],"pwb-brand":[431],"product_brand":[],"product_cat":[22,17],"product_tag":[],"class_list":{"0":"post-167583","1":"product","2":"type-product","3":"status-publish","4":"has-post-thumbnail","6":"pwb-brand-microtech","7":"product_cat-zaviraci-noze","8":"product_cat-noze","10":"first","11":"outofstock","12":"taxable","13":"shipping-taxable","14":"purchasable","15":"product-type-simple"},"brands":[{"id":431,"name":"Microtech","slug":"microtech"}],"_links":{"self":[{"href":"https:\/\/www.moskito.cz\/sk\/wp-json\/wp\/v2\/product\/167583","targetHints":{"allow":["GET"]}}],"collection":[{"href":"https:\/\/www.moskito.cz\/sk\/wp-json\/wp\/v2\/product"}],"about":[{"href":"https:\/\/www.moskito.cz\/sk\/wp-json\/wp\/v2\/types\/product"}],"replies":[{"embeddable":true,"href":"https:\/\/www.moskito.cz\/sk\/wp-json\/wp\/v2\/comments?post=167583"}],"wp:featuredmedia":[{"embeddable":true,"href":"https:\/\/www.moskito.cz\/sk\/wp-json\/wp\/v2\/media\/177537"}],"wp:attachment":[{"href":"https:\/\/www.moskito.cz\/sk\/wp-json\/wp\/v2\/media?parent=167583"}],"wp:term":[{"taxonomy":"pwb-brand","embeddable":true,"href":"https:\/\/www.moskito.cz\/sk\/wp-json\/wp\/v2\/pwb-brand?post=167583"},{"taxonomy":"product_brand","embeddable":true,"href":"https:\/\/www.moskito.cz\/sk\/wp-json\/wp\/v2\/product_brand?post=167583"},{"taxonomy":"product_cat","embeddable":true,"href":"https:\/\/www.moskito.cz\/sk\/wp-json\/wp\/v2\/product_cat?post=167583"},{"taxonomy":"product_tag","embeddable":true,"href":"https:\/\/www.moskito.cz\/sk\/wp-json\/wp\/v2\/product_tag?post=167583"}],"curies":[{"name":"wp","href":"https:\/\/api.w.org\/{rel}","templated":true}]}}