{"id":170781,"date":"2020-11-04T16:55:06","date_gmt":"2020-11-04T15:55:06","guid":{"rendered":"https:\/\/www.moskito.cz\/?post_type=product&#038;p=170781"},"modified":"2025-09-13T13:00:55","modified_gmt":"2025-09-13T12:00:55","slug":"multifunkcni-kleste-leatherman-wingman","status":"publish","type":"product","link":"https:\/\/www.moskito.cz\/sk\/produkt\/multifunkcni-kleste-leatherman-wingman\/","title":{"rendered":"Multitool Leatherman Wingman 832523"},"content":{"rendered":"<p data-start=\"142\" data-end=\"506\">Kdy\u017e vezme\u0161 do ruky <strong data-start=\"162\" data-end=\"191\">Leatherman Wingman 832523<\/strong>, hned c\u00edt\u00ed\u0161, \u017ee jde o kompaktn\u00ed a praktick\u00fd multitool, kter\u00fd se hod\u00ed pro ka\u017edodenn\u00ed pou\u017eit\u00ed. Je navr\u017een tak, aby byl lehk\u00fd, snadno p\u0159enosn\u00fd a pln\u011b funk\u010dn\u00ed \u2013 ide\u00e1ln\u00ed pro drobn\u00e9 opravy, kempov\u00e1n\u00ed nebo b\u011b\u017en\u00e9 dom\u00e1c\u00ed \u00fakoly. S 14 n\u00e1stroji a kvalitn\u00ed nerezovou ocel\u00ed 420HC nab\u00edz\u00ed Wingman v\u0161e pot\u0159ebn\u00e9 v elegantn\u00edm balen\u00ed.<\/p>\n<hr data-start=\"508\" data-end=\"511\" \/>\n<p data-start=\"513\" data-end=\"569\">\ud83d\udd27 <strong data-start=\"516\" data-end=\"569\">Technick\u00e9 specifikace (Leatherman Wingman 832523)<\/strong><\/p>\n<ul data-start=\"571\" data-end=\"1168\">\n<li data-start=\"571\" data-end=\"596\">\n<p data-start=\"573\" data-end=\"596\"><strong data-start=\"573\" data-end=\"586\">Hmotnost:<\/strong> cca 198 g<\/p>\n<\/li>\n<li data-start=\"597\" data-end=\"637\">\n<p data-start=\"599\" data-end=\"637\"><strong data-start=\"599\" data-end=\"630\">D\u00e9lka zav\u0159en\u00e9ho multitoolu:<\/strong> 9,7 cm<\/p>\n<\/li>\n<li data-start=\"638\" data-end=\"680\">\n<p data-start=\"640\" data-end=\"680\"><strong data-start=\"640\" data-end=\"672\">D\u00e9lka otev\u0159en\u00e9ho multitoolu:<\/strong> 15,2 cm<\/p>\n<\/li>\n<li data-start=\"681\" data-end=\"716\">\n<p data-start=\"683\" data-end=\"716\"><strong data-start=\"683\" data-end=\"696\">Materi\u00e1l:<\/strong> nerezov\u00e1 ocel 420HC<\/p>\n<\/li>\n<li data-start=\"717\" data-end=\"741\">\n<p data-start=\"719\" data-end=\"741\"><strong data-start=\"719\" data-end=\"738\">Po\u010det n\u00e1stroj\u016f:<\/strong> 14<\/p>\n<\/li>\n<li data-start=\"742\" data-end=\"1079\">\n<p data-start=\"744\" data-end=\"757\"><strong data-start=\"744\" data-end=\"757\">N\u00e1stroje:<\/strong><\/p>\n<ul data-start=\"760\" data-end=\"1079\">\n<li data-start=\"760\" data-end=\"793\">\n<p data-start=\"762\" data-end=\"793\">Kle\u0161t\u011b s pru\u017einov\u00fdm mechanismem<\/p>\n<\/li>\n<li data-start=\"796\" data-end=\"812\">\n<p data-start=\"798\" data-end=\"812\">\u0160t\u00edpac\u00ed kle\u0161t\u011b<\/p>\n<\/li>\n<li data-start=\"815\" data-end=\"833\">\n<p data-start=\"817\" data-end=\"833\">Odizolova\u010d dr\u00e1t\u016f<\/p>\n<\/li>\n<li data-start=\"836\" data-end=\"863\">\n<p data-start=\"838\" data-end=\"863\">N\u016f\u017e s kombinovan\u00fdm ost\u0159\u00edm<\/p>\n<\/li>\n<li data-start=\"866\" data-end=\"898\">\n<p data-start=\"868\" data-end=\"898\">N\u016f\u017eky s pru\u017einov\u00fdm mechanismem<\/p>\n<\/li>\n<li data-start=\"901\" data-end=\"921\">\n<p data-start=\"903\" data-end=\"921\">Otev\u00edr\u00e1k na ob\u00e1lky<\/p>\n<\/li>\n<li data-start=\"924\" data-end=\"947\">\n<p data-start=\"926\" data-end=\"947\">Ruler (1,5\u2033 \/ 3,8 cm)<\/p>\n<\/li>\n<li data-start=\"950\" data-end=\"971\">\n<p data-start=\"952\" data-end=\"971\">Otv\u00edr\u00e1k na konzervy<\/p>\n<\/li>\n<li data-start=\"974\" data-end=\"992\">\n<p data-start=\"976\" data-end=\"992\">Otv\u00edr\u00e1k na lahve<\/p>\n<\/li>\n<li data-start=\"995\" data-end=\"1016\">\n<p data-start=\"997\" data-end=\"1016\">Piln\u00edk na d\u0159evo\/kov<\/p>\n<\/li>\n<li data-start=\"1019\" data-end=\"1038\">\n<p data-start=\"1021\" data-end=\"1038\">K\u0159\u00ed\u017eov\u00fd \u0161roubov\u00e1k<\/p>\n<\/li>\n<li data-start=\"1041\" data-end=\"1060\">\n<p data-start=\"1043\" data-end=\"1060\">St\u0159edn\u00ed \u0161roubov\u00e1k<\/p>\n<\/li>\n<li data-start=\"1063\" data-end=\"1079\">\n<p data-start=\"1065\" data-end=\"1079\">Mal\u00fd \u0161roubov\u00e1k<\/p>\n<\/li>\n<\/ul>\n<\/li>\n<li data-start=\"1080\" data-end=\"1104\">\n<p data-start=\"1082\" data-end=\"1104\"><strong data-start=\"1082\" data-end=\"1100\">Klip na kapsu:<\/strong> ano<\/p>\n<\/li>\n<li data-start=\"1105\" data-end=\"1168\">\n<p data-start=\"1107\" data-end=\"1168\"><strong data-start=\"1107\" data-end=\"1133\">Ovl\u00e1d\u00e1n\u00ed jednou rukou:<\/strong> ano \u2013 n\u016f\u017e lze otev\u0159\u00edt jednou rukou<\/p>\n<\/li>\n<\/ul>\n<hr data-start=\"1170\" data-end=\"1173\" \/>\n<p data-start=\"1175\" data-end=\"1194\">\u2705 <strong data-start=\"1177\" data-end=\"1194\">Hlavn\u00ed v\u00fdhody<\/strong><\/p>\n<ul data-start=\"1196\" data-end=\"1454\">\n<li data-start=\"1196\" data-end=\"1253\">\n<p data-start=\"1198\" data-end=\"1253\">Lehk\u00fd a kompaktn\u00ed \u2013 ide\u00e1ln\u00ed pro ka\u017edodenn\u00ed no\u0161en\u00ed (EDC)<\/p>\n<\/li>\n<li data-start=\"1254\" data-end=\"1305\">\n<p data-start=\"1256\" data-end=\"1305\">14 n\u00e1stroj\u016f pokr\u00fdv\u00e1 \u0161irok\u00e9 spektrum b\u011b\u017en\u00fdch \u00fakol\u016f<\/p>\n<\/li>\n<li data-start=\"1306\" data-end=\"1364\">\n<p data-start=\"1308\" data-end=\"1364\">Pru\u017einov\u00e9 mechanismy u kle\u0161t\u00ed a n\u016f\u017eek pro snadn\u00e9 pou\u017eit\u00ed<\/p>\n<\/li>\n<li data-start=\"1365\" data-end=\"1401\">\n<p data-start=\"1367\" data-end=\"1401\">Klip na kapsu pro snadn\u00e9 p\u0159en\u00e1\u0161en\u00ed<\/p>\n<\/li>\n<li data-start=\"1402\" data-end=\"1454\">\n<p data-start=\"1404\" data-end=\"1454\">Kvalitn\u00ed nerezov\u00e1 ocel 420HC pro dlouhou \u017eivotnost<\/p>\n<\/li>\n<\/ul>\n<hr data-start=\"1456\" data-end=\"1459\" \/>\n<p data-start=\"1461\" data-end=\"1481\">\u26a0\ufe0f <strong data-start=\"1464\" data-end=\"1481\">Mo\u017en\u00e1 omezen\u00ed<\/strong><\/p>\n<ul data-start=\"1483\" data-end=\"1679\">\n<li data-start=\"1483\" data-end=\"1570\">\n<p data-start=\"1485\" data-end=\"1570\">Nen\u00ed vhodn\u00fd pro t\u011b\u017ek\u00e9 pr\u016fmyslov\u00e9 pou\u017eit\u00ed \u2013 sp\u00ed\u0161e pro drobn\u00e9 opravy a ka\u017edodenn\u00ed \u00fakoly<\/p>\n<\/li>\n<li data-start=\"1571\" data-end=\"1637\">\n<p data-start=\"1573\" data-end=\"1637\">N\u011bkter\u00e9 n\u00e1stroje jsou men\u0161\u00ed a m\u00e9n\u011b robustn\u00ed ne\u017e u v\u011bt\u0161\u00edch model\u016f<\/p>\n<\/li>\n<li data-start=\"1638\" data-end=\"1679\">\n<p data-start=\"1640\" data-end=\"1679\">Bez pouzdra \u2013 nutno dokoupit samostatn\u011b<\/p>\n<\/li>\n<\/ul>\n<hr data-start=\"1681\" data-end=\"1684\" \/>\n<p data-start=\"1686\" data-end=\"1707\">\ud83d\udee0\ufe0f <strong data-start=\"1690\" data-end=\"1707\">\u00dadr\u017eba a p\u00e9\u010de<\/strong><\/p>\n<ul data-start=\"1709\" data-end=\"1913\">\n<li data-start=\"1709\" data-end=\"1759\">\n<p data-start=\"1711\" data-end=\"1759\">Po pou\u017eit\u00ed ot\u0159i such\u00fdm had\u0159\u00edkem a udr\u017euj v suchu<\/p>\n<\/li>\n<li data-start=\"1760\" data-end=\"1834\">\n<p data-start=\"1762\" data-end=\"1834\">Pohybuj\u00edc\u00ed se \u010d\u00e1sti pravideln\u011b promaz\u00e1vej vhodn\u00fdm olejem pro hladk\u00fd chod<\/p>\n<\/li>\n<li data-start=\"1835\" data-end=\"1875\">\n<p data-start=\"1837\" data-end=\"1875\">N\u016f\u017e pravideln\u011b brous pro udr\u017een\u00ed ost\u0159\u00ed<\/p>\n<\/li>\n<li data-start=\"1876\" data-end=\"1913\">\n<p data-start=\"1878\" data-end=\"1913\">Skladuj v suchu a chra\u0148 p\u0159ed koroz\u00ed<\/p>\n<\/li>\n<\/ul>\n<hr data-start=\"1915\" data-end=\"1918\" \/>\n<p data-start=\"1920\" data-end=\"1941\">\ud83c\udfaf <strong data-start=\"1923\" data-end=\"1941\">Doporu\u010deno pro<\/strong><\/p>\n<ul data-start=\"1943\" data-end=\"2178\">\n<li data-start=\"1943\" data-end=\"2004\">\n<p data-start=\"1945\" data-end=\"2004\">Ka\u017edodenn\u00ed no\u0161en\u00ed (EDC) \u2013 ide\u00e1ln\u00ed pro drobn\u00e9 opravy a \u00fakoly<\/p>\n<\/li>\n<li data-start=\"2005\" data-end=\"2065\">\n<p data-start=\"2007\" data-end=\"2065\">Kempov\u00e1n\u00ed a outdoorov\u00e9 aktivity \u2013 kompaktn\u00ed a lehk\u00fd design<\/p>\n<\/li>\n<li data-start=\"2066\" data-end=\"2121\">\n<p data-start=\"2068\" data-end=\"2121\">Dom\u00e1c\u00ed \u00fadr\u017ebu \u2013 \u0161irok\u00e1 \u0161k\u00e1la n\u00e1stroj\u016f pro b\u011b\u017en\u00e9 \u00fakoly<\/p>\n<\/li>\n<li data-start=\"2122\" data-end=\"2178\">\n<p data-start=\"2124\" data-end=\"2178\">Ka\u017ed\u00e9ho, kdo hled\u00e1 kvalitn\u00ed multitool za rozumnou cenu<\/p>\n<\/li>\n<\/ul>\n<hr data-start=\"2180\" data-end=\"2183\" \/>\n<p data-start=\"2185\" data-end=\"2210\">\u2b50 <strong data-start=\"2187\" data-end=\"2210\">Z\u00e1v\u011bre\u010dn\u00e9 hodnocen\u00ed<\/strong><\/p>\n<p data-start=\"2212\" data-end=\"2598\"><strong data-start=\"2212\" data-end=\"2241\">Leatherman Wingman 832523<\/strong> je skv\u011blou volbou pro ty, kte\u0159\u00ed hledaj\u00ed spolehliv\u00fd a cenov\u011b dostupn\u00fd multitool pro ka\u017edodenn\u00ed pou\u017eit\u00ed. S 14 n\u00e1stroji, kvalitn\u00ed nerezovou ocel\u00ed a kompaktn\u00edm designem nab\u00edz\u00ed v\u0161e, co pot\u0159ebujete pro drobn\u00e9 opravy, kempov\u00e1n\u00ed nebo dom\u00e1c\u00ed \u00fadr\u017ebu. Pokud hled\u00e1te multitool, kter\u00fd nezat\u00ed\u017e\u00ed kapsu a p\u0159itom zvl\u00e1dne \u0161irokou \u0161k\u00e1lu \u00fakol\u016f, Wingman je tou spr\u00e1vnou volbou.<\/p>\n","protected":false},"excerpt":{"rendered":"<p><strong>Leatherman Wingman 832523 je skv\u011blou volbou pro ty, kte\u0159\u00ed hledaj\u00ed spolehliv\u00fd a cenov\u011b dostupn\u00fd multitool pro ka\u017edodenn\u00ed pou\u017eit\u00ed. S 14 n\u00e1stroji, kvalitn\u00ed nerezovou ocel\u00ed a kompaktn\u00edm designem nab\u00edz\u00ed v\u0161e, co pot\u0159ebujete pro drobn\u00e9 opravy, kempov\u00e1n\u00ed nebo dom\u00e1c\u00ed \u00fadr\u017ebu. <\/strong><\/p>\n","protected":false},"featured_media":423266,"comment_status":"open","ping_status":"closed","template":"","meta":[],"pwb-brand":[404],"product_brand":[],"product_cat":[50],"product_tag":[],"class_list":{"0":"post-170781","1":"product","2":"type-product","3":"status-publish","4":"has-post-thumbnail","6":"pwb-brand-leatherman","7":"product_cat-multi-tool","9":"first","10":"instock","11":"taxable","12":"shipping-taxable","13":"purchasable","14":"product-type-simple"},"brands":[{"id":404,"name":"Leatherman","slug":"leatherman"}],"_links":{"self":[{"href":"https:\/\/www.moskito.cz\/sk\/wp-json\/wp\/v2\/product\/170781","targetHints":{"allow":["GET"]}}],"collection":[{"href":"https:\/\/www.moskito.cz\/sk\/wp-json\/wp\/v2\/product"}],"about":[{"href":"https:\/\/www.moskito.cz\/sk\/wp-json\/wp\/v2\/types\/product"}],"replies":[{"embeddable":true,"href":"https:\/\/www.moskito.cz\/sk\/wp-json\/wp\/v2\/comments?post=170781"}],"wp:featuredmedia":[{"embeddable":true,"href":"https:\/\/www.moskito.cz\/sk\/wp-json\/wp\/v2\/media\/423266"}],"wp:attachment":[{"href":"https:\/\/www.moskito.cz\/sk\/wp-json\/wp\/v2\/media?parent=170781"}],"wp:term":[{"taxonomy":"pwb-brand","embeddable":true,"href":"https:\/\/www.moskito.cz\/sk\/wp-json\/wp\/v2\/pwb-brand?post=170781"},{"taxonomy":"product_brand","embeddable":true,"href":"https:\/\/www.moskito.cz\/sk\/wp-json\/wp\/v2\/product_brand?post=170781"},{"taxonomy":"product_cat","embeddable":true,"href":"https:\/\/www.moskito.cz\/sk\/wp-json\/wp\/v2\/product_cat?post=170781"},{"taxonomy":"product_tag","embeddable":true,"href":"https:\/\/www.moskito.cz\/sk\/wp-json\/wp\/v2\/product_tag?post=170781"}],"curies":[{"name":"wp","href":"https:\/\/api.w.org\/{rel}","templated":true}]}}