{"id":175726,"date":"2020-12-03T22:20:58","date_gmt":"2020-12-03T21:20:58","guid":{"rendered":"https:\/\/www.moskito.cz\/?post_type=product&#038;p=175726"},"modified":"2025-07-11T07:53:05","modified_gmt":"2025-07-11T06:53:05","slug":"luxusni-manikura-pfeilring-solingen-13","status":"publish","type":"product","link":"https:\/\/www.moskito.cz\/sk\/produkt\/luxusni-manikura-pfeilring-solingen-13\/","title":{"rendered":"Luxusn\u00ed manik\u00fara PFEILRING SOLINGEN"},"content":{"rendered":"<p>Luxusn\u00ed manik\u00fara PFEILRING SOLINGEN.<br \/>\nLuxusn\u00ed 5 d\u00edln\u00e1 manik\u00fara n\u011bmeck\u00e9 zna\u010dky Pfeilring original Solingen v kvalitn\u00edm ko\u017een\u00e9m \u010derven\u00e9m pouzdru. Manik\u00fary Solingen jsou proslul\u00e9 svou dlouhou \u017eivotnost\u00ed a sv\u00fdm \u0161pi\u010dkov\u00fdm zpracov\u00e1n\u00edm. Pouzdro je velmi prakticky \u0159e\u0161eno a uzav\u00edr\u00e1 se na patent. N\u00e1stroje obsa\u017een\u00e9 v manik\u016f\u0159e maj\u00ed celo\u017eivotn\u00ed z\u00e1ruku, kter\u00e1 se nevztahuje na po\u0161kozen\u00ed zavin\u011bn\u00e9 nespr\u00e1vn\u00fdm pou\u017eit\u00edm nebo ponech\u00e1n\u00edm ve vlhk\u00e9m prost\u0159ed\u00ed.<\/p>\n<p>Solingen je zn\u00e1mka t\u00e9 nejvy\u0161\u0161\u00ed kvality, jej\u00edm n\u00e1kupem vs\u00e1z\u00edte na kvalitu a zaru\u010denou spokojenost!<\/p>\n<p>Pouzdro obsahuje n\u00e1stroje vyroben\u00e9 z niklu:<br \/>\nN\u016f\u017eky na nehty a n\u016f\u017eky na k\u016f\u017ei\u010dku<br \/>\nSaf\u00edrov\u00fd piln\u00edk<br \/>\nPinzeta \u0161ikm\u00e1<br \/>\nJednostrann\u00fd manik\u00farov\u00fd n\u00e1stroj<\/p>\n<p>Pouzdro:<br \/>\nMateri\u00e1l prav\u00e1 k\u016f\u017ee<\/p>\n<p>Barva pouzdra:<br \/>\n\u010cerven\u00e1<\/p>\n<p>Povrchov\u00e1 \u00faprava n\u00e1stroj\u016f:<br \/>\nLeskl\u00fd nikl<\/p>\n","protected":false},"excerpt":{"rendered":"<p>Luxusn\u00ed 5 d\u00edln\u00e1 manik\u00fara n\u011bmeck\u00e9 zna\u010dky Pfeilring original Solingen v kvalitn\u00edm ko\u017een\u00e9m \u010dern\u00e9m r\u00e1mov\u00e9m pouzdru.<br \/>\n<strong>Vyrobeno v Solingenu,do\u017eivotn\u00ed z\u00e1ruka.<\/strong><\/p>\n","protected":false},"featured_media":175727,"comment_status":"open","ping_status":"closed","template":"","meta":[],"pwb-brand":[2122],"product_brand":[],"product_cat":[33],"product_tag":[],"class_list":{"0":"post-175726","1":"product","2":"type-product","3":"status-publish","4":"has-post-thumbnail","6":"pwb-brand-pfeilring-solingen","7":"product_cat-manikury","9":"first","10":"outofstock","11":"taxable","12":"shipping-taxable","13":"purchasable","14":"product-type-simple"},"brands":[{"id":2122,"name":"PFEILRING SOLINGEN","slug":"pfeilring-solingen"}],"_links":{"self":[{"href":"https:\/\/www.moskito.cz\/sk\/wp-json\/wp\/v2\/product\/175726","targetHints":{"allow":["GET"]}}],"collection":[{"href":"https:\/\/www.moskito.cz\/sk\/wp-json\/wp\/v2\/product"}],"about":[{"href":"https:\/\/www.moskito.cz\/sk\/wp-json\/wp\/v2\/types\/product"}],"replies":[{"embeddable":true,"href":"https:\/\/www.moskito.cz\/sk\/wp-json\/wp\/v2\/comments?post=175726"}],"wp:featuredmedia":[{"embeddable":true,"href":"https:\/\/www.moskito.cz\/sk\/wp-json\/wp\/v2\/media\/175727"}],"wp:attachment":[{"href":"https:\/\/www.moskito.cz\/sk\/wp-json\/wp\/v2\/media?parent=175726"}],"wp:term":[{"taxonomy":"pwb-brand","embeddable":true,"href":"https:\/\/www.moskito.cz\/sk\/wp-json\/wp\/v2\/pwb-brand?post=175726"},{"taxonomy":"product_brand","embeddable":true,"href":"https:\/\/www.moskito.cz\/sk\/wp-json\/wp\/v2\/product_brand?post=175726"},{"taxonomy":"product_cat","embeddable":true,"href":"https:\/\/www.moskito.cz\/sk\/wp-json\/wp\/v2\/product_cat?post=175726"},{"taxonomy":"product_tag","embeddable":true,"href":"https:\/\/www.moskito.cz\/sk\/wp-json\/wp\/v2\/product_tag?post=175726"}],"curies":[{"name":"wp","href":"https:\/\/api.w.org\/{rel}","templated":true}]}}