{"id":182426,"date":"2021-01-31T14:18:26","date_gmt":"2021-01-31T13:18:26","guid":{"rendered":"https:\/\/www.moskito.cz\/produkt\/ocilka-300-mm-13-mm\/"},"modified":"2025-07-11T07:53:32","modified_gmt":"2025-07-11T06:53:32","slug":"ocilka-300-mm-13-mm","status":"publish","type":"product","link":"https:\/\/www.moskito.cz\/sk\/produkt\/ocilka-300-mm-13-mm\/","title":{"rendered":"OC\u00cdLKA 300 mm \/ 13 mm"},"content":{"rendered":"<p>Oc\u00edlka je vyrobena z vysoce kvalitn\u00ed brus\u00ed\u0159sk\u00e9 oceli s p\u0159id\u00e1n\u00edm uhl\u00edku. S pochromovan\u00fdm pl\u00e1\u0161\u0165em zaru\u010duje ty nejlep\u0161\u00ed vlastnosti.\u00a0<\/p>\n","protected":false},"excerpt":{"rendered":"<p>Materi\u00e1l \u010depele: \u00a0uhl\u00edkov\u00e1 ocel s pochromovan\u00fdm pl\u00e1\u0161t\u011bm Materi\u00e1l rukojeti: \u00a0polypropylen Pou\u017eit\u00ed: \u00a0oc\u00edlky Barva: \u00a0modr\u00e1 D\u00e9lka brusn\u00e9 \u010d\u00e1sti: \u00a0300 mm Pr\u016fm\u011br: 13 mm V\u00e1ha: \u00a0459 g<\/p>\n","protected":false},"featured_media":182427,"comment_status":"closed","ping_status":"open","template":"","meta":[],"pwb-brand":[1950],"product_brand":[],"product_cat":[26],"product_tag":[],"class_list":{"0":"post-182426","1":"product","2":"type-product","3":"status-publish","4":"has-post-thumbnail","6":"pwb-brand-arcos","7":"product_cat-brousky-a-ocilky","9":"first","10":"instock","11":"purchasable","12":"product-type-simple"},"brands":[{"id":1950,"name":"Arcos","slug":"arcos"}],"_links":{"self":[{"href":"https:\/\/www.moskito.cz\/sk\/wp-json\/wp\/v2\/product\/182426","targetHints":{"allow":["GET"]}}],"collection":[{"href":"https:\/\/www.moskito.cz\/sk\/wp-json\/wp\/v2\/product"}],"about":[{"href":"https:\/\/www.moskito.cz\/sk\/wp-json\/wp\/v2\/types\/product"}],"replies":[{"embeddable":true,"href":"https:\/\/www.moskito.cz\/sk\/wp-json\/wp\/v2\/comments?post=182426"}],"wp:featuredmedia":[{"embeddable":true,"href":"https:\/\/www.moskito.cz\/sk\/wp-json\/wp\/v2\/media\/182427"}],"wp:attachment":[{"href":"https:\/\/www.moskito.cz\/sk\/wp-json\/wp\/v2\/media?parent=182426"}],"wp:term":[{"taxonomy":"pwb-brand","embeddable":true,"href":"https:\/\/www.moskito.cz\/sk\/wp-json\/wp\/v2\/pwb-brand?post=182426"},{"taxonomy":"product_brand","embeddable":true,"href":"https:\/\/www.moskito.cz\/sk\/wp-json\/wp\/v2\/product_brand?post=182426"},{"taxonomy":"product_cat","embeddable":true,"href":"https:\/\/www.moskito.cz\/sk\/wp-json\/wp\/v2\/product_cat?post=182426"},{"taxonomy":"product_tag","embeddable":true,"href":"https:\/\/www.moskito.cz\/sk\/wp-json\/wp\/v2\/product_tag?post=182426"}],"curies":[{"name":"wp","href":"https:\/\/api.w.org\/{rel}","templated":true}]}}