{"id":189979,"date":"2021-02-13T15:34:58","date_gmt":"2021-02-13T14:34:58","guid":{"rendered":"https:\/\/www.moskito.cz\/?post_type=product&#038;p=189979"},"modified":"2025-07-11T07:53:34","modified_gmt":"2025-07-11T06:53:34","slug":"motylek-bear-son-2","status":"publish","type":"product","link":"https:\/\/www.moskito.cz\/sk\/produkt\/motylek-bear-son-2\/","title":{"rendered":"Mot\u00fdlek BEAR &#038; SON"},"content":{"rendered":"<p>Mot\u00fdlek <strong>BEAR &#038; SON<\/strong>.<br \/>\nD\u00e9lka zav\u0159en\u00e9ho no\u017ee je 13 cm, d\u00e9lka \u010depele z oclele 440 je 10 cm. Rukoje\u0165 je z modr\u00e9ho tlakov\u011b lit\u00e9ho kovu s otvory.<\/p>\n<p>5.25&#8243; (13.34cm) closed. 3.25&#8243; (8.26cm) satin finish stainless blade. Blue powder coated zinc handle. Boxed.<br \/>\nWeight:0.38lbsCountry of Origin:USA<\/p>\n","protected":false},"excerpt":{"rendered":"<p>Klasick\u00fd mot\u00fdlek <strong>BEAR &#038; SON<\/strong>.<\/p>\n","protected":false},"featured_media":189980,"comment_status":"open","ping_status":"closed","template":"","meta":[],"pwb-brand":[116],"product_brand":[],"product_cat":[2030,17],"product_tag":[],"class_list":{"0":"post-189979","1":"product","2":"type-product","3":"status-publish","4":"has-post-thumbnail","6":"pwb-brand-bear-son","7":"product_cat-motylky","8":"product_cat-noze","10":"first","11":"instock","12":"taxable","13":"shipping-taxable","14":"purchasable","15":"product-type-simple"},"brands":[{"id":116,"name":"Bear &amp; Son","slug":"bear-son"}],"_links":{"self":[{"href":"https:\/\/www.moskito.cz\/sk\/wp-json\/wp\/v2\/product\/189979","targetHints":{"allow":["GET"]}}],"collection":[{"href":"https:\/\/www.moskito.cz\/sk\/wp-json\/wp\/v2\/product"}],"about":[{"href":"https:\/\/www.moskito.cz\/sk\/wp-json\/wp\/v2\/types\/product"}],"replies":[{"embeddable":true,"href":"https:\/\/www.moskito.cz\/sk\/wp-json\/wp\/v2\/comments?post=189979"}],"wp:featuredmedia":[{"embeddable":true,"href":"https:\/\/www.moskito.cz\/sk\/wp-json\/wp\/v2\/media\/189980"}],"wp:attachment":[{"href":"https:\/\/www.moskito.cz\/sk\/wp-json\/wp\/v2\/media?parent=189979"}],"wp:term":[{"taxonomy":"pwb-brand","embeddable":true,"href":"https:\/\/www.moskito.cz\/sk\/wp-json\/wp\/v2\/pwb-brand?post=189979"},{"taxonomy":"product_brand","embeddable":true,"href":"https:\/\/www.moskito.cz\/sk\/wp-json\/wp\/v2\/product_brand?post=189979"},{"taxonomy":"product_cat","embeddable":true,"href":"https:\/\/www.moskito.cz\/sk\/wp-json\/wp\/v2\/product_cat?post=189979"},{"taxonomy":"product_tag","embeddable":true,"href":"https:\/\/www.moskito.cz\/sk\/wp-json\/wp\/v2\/product_tag?post=189979"}],"curies":[{"name":"wp","href":"https:\/\/api.w.org\/{rel}","templated":true}]}}