{"id":190015,"date":"2021-02-14T16:07:03","date_gmt":"2021-02-14T15:07:03","guid":{"rendered":"https:\/\/www.moskito.cz\/?post_type=product&#038;p=190015"},"modified":"2025-07-11T07:53:35","modified_gmt":"2025-07-11T06:53:35","slug":"pevny-nuz-bowie-wood-handle-damascus","status":"publish","type":"product","link":"https:\/\/www.moskito.cz\/sk\/produkt\/pevny-nuz-bowie-wood-handle-damascus\/","title":{"rendered":"Pevn\u00fd N\u016f\u017e Bowie Wood Handle Damascus"},"content":{"rendered":"<p>Pevn\u00fd N\u016f\u017e Bowie Wood Handle Damascus.<br \/>\nCelkov\u00e1 d\u00e9lka no\u017ee je 40 cm, \u010depel m\u011b\u0159\u00ed 25 cm a je vyrobena z dama\u0161kov\u00e9 oceli. Full tang. Rukoje\u0165 je vyrobena z Palisandru se zelen\u00fdm lemov\u00e1n\u00edm. Pouzdro na opasek je z hn\u011bd\u00e9 k\u016f\u017ee a je sou\u010d\u00e1st\u00ed no\u017ee.<br \/>\nZem\u011b p\u016fvodu: P\u00e1kist\u00e1n<\/p>\n<p>16&#8243; overall. 10&#8243; Damascus steel blade. Full tang. Rosewood handles with green pakkawood trim. Fileworked Damascus steel curved hilt. Brown leather belt sheath.<br \/>\nWeight:1.75lbs<br \/>\nCountry of Origin:Pakistan<\/p>\n","protected":false},"excerpt":{"rendered":"<p>Velk\u00e9 <strong>Bowie<\/strong> vyroen\u00e9 z dama\u0161ku.<br \/>\n<strong>Doprava zdarma<\/strong>.<\/p>\n","protected":false},"featured_media":190016,"comment_status":"open","ping_status":"closed","template":"","meta":[],"pwb-brand":[133],"product_brand":[],"product_cat":[25,17],"product_tag":[],"class_list":{"0":"post-190015","1":"product","2":"type-product","3":"status-publish","4":"has-post-thumbnail","6":"pwb-brand-damascus","7":"product_cat-damascenske-noze","8":"product_cat-noze","10":"first","11":"instock","12":"taxable","13":"shipping-taxable","14":"purchasable","15":"product-type-simple"},"brands":[{"id":133,"name":"Damascus","slug":"damascus"}],"_links":{"self":[{"href":"https:\/\/www.moskito.cz\/sk\/wp-json\/wp\/v2\/product\/190015","targetHints":{"allow":["GET"]}}],"collection":[{"href":"https:\/\/www.moskito.cz\/sk\/wp-json\/wp\/v2\/product"}],"about":[{"href":"https:\/\/www.moskito.cz\/sk\/wp-json\/wp\/v2\/types\/product"}],"replies":[{"embeddable":true,"href":"https:\/\/www.moskito.cz\/sk\/wp-json\/wp\/v2\/comments?post=190015"}],"wp:featuredmedia":[{"embeddable":true,"href":"https:\/\/www.moskito.cz\/sk\/wp-json\/wp\/v2\/media\/190016"}],"wp:attachment":[{"href":"https:\/\/www.moskito.cz\/sk\/wp-json\/wp\/v2\/media?parent=190015"}],"wp:term":[{"taxonomy":"pwb-brand","embeddable":true,"href":"https:\/\/www.moskito.cz\/sk\/wp-json\/wp\/v2\/pwb-brand?post=190015"},{"taxonomy":"product_brand","embeddable":true,"href":"https:\/\/www.moskito.cz\/sk\/wp-json\/wp\/v2\/product_brand?post=190015"},{"taxonomy":"product_cat","embeddable":true,"href":"https:\/\/www.moskito.cz\/sk\/wp-json\/wp\/v2\/product_cat?post=190015"},{"taxonomy":"product_tag","embeddable":true,"href":"https:\/\/www.moskito.cz\/sk\/wp-json\/wp\/v2\/product_tag?post=190015"}],"curies":[{"name":"wp","href":"https:\/\/api.w.org\/{rel}","templated":true}]}}