{"id":190201,"date":"2021-02-15T20:50:43","date_gmt":"2021-02-15T19:50:43","guid":{"rendered":"https:\/\/www.moskito.cz\/?post_type=product&#038;p=190201"},"modified":"2025-07-11T07:53:35","modified_gmt":"2025-07-11T06:53:35","slug":"pevny-nuz-bowie-rosewood","status":"publish","type":"product","link":"https:\/\/www.moskito.cz\/sk\/produkt\/pevny-nuz-bowie-rosewood\/","title":{"rendered":"Pevn\u00fd N\u016f\u017e Bowie Rosewood"},"content":{"rendered":"<p>Pevn\u00fd N\u016f\u017e <strong>Bowie <\/strong>Rosewood.<br \/>\nCelkov\u00e1 d\u00e9lka no\u017ee je 28 cm. 16 cm \u010depel z dama\u0161kov\u00e9 oceli. Rukoje\u0165 je vyrobena z r\u016f\u017eov\u00e9ho d\u0159eva. Nerezov\u00fd kryt. Sou\u010d\u00e1st\u00ed je pouzdro na opasek z hn\u011bd\u00e9 k\u016f\u017ee.<br \/>\nHmotnost: 1,04 liber Zem\u011b p\u016fvodu: P\u00e1kist\u00e1n<\/p>\n<p>11&#8243; overall. 6.25&#8243; Damascus steel clip point blade. Rosewood handle. Stainless guard. Brown leather belt sheath. Boxed.<br \/>\nWeight:1.04lbs<br \/>\nCountry of Origin:Pakistan<\/p>\n","protected":false},"excerpt":{"rendered":"<p><strong>Bowie <\/strong>n\u016f\u017e.<\/p>\n","protected":false},"featured_media":190202,"comment_status":"open","ping_status":"closed","template":"","meta":[],"pwb-brand":[133],"product_brand":[],"product_cat":[25,17],"product_tag":[],"class_list":{"0":"post-190201","1":"product","2":"type-product","3":"status-publish","4":"has-post-thumbnail","6":"pwb-brand-damascus","7":"product_cat-damascenske-noze","8":"product_cat-noze","10":"first","11":"outofstock","12":"taxable","13":"shipping-taxable","14":"purchasable","15":"product-type-simple"},"brands":[{"id":133,"name":"Damascus","slug":"damascus"}],"_links":{"self":[{"href":"https:\/\/www.moskito.cz\/sk\/wp-json\/wp\/v2\/product\/190201","targetHints":{"allow":["GET"]}}],"collection":[{"href":"https:\/\/www.moskito.cz\/sk\/wp-json\/wp\/v2\/product"}],"about":[{"href":"https:\/\/www.moskito.cz\/sk\/wp-json\/wp\/v2\/types\/product"}],"replies":[{"embeddable":true,"href":"https:\/\/www.moskito.cz\/sk\/wp-json\/wp\/v2\/comments?post=190201"}],"wp:featuredmedia":[{"embeddable":true,"href":"https:\/\/www.moskito.cz\/sk\/wp-json\/wp\/v2\/media\/190202"}],"wp:attachment":[{"href":"https:\/\/www.moskito.cz\/sk\/wp-json\/wp\/v2\/media?parent=190201"}],"wp:term":[{"taxonomy":"pwb-brand","embeddable":true,"href":"https:\/\/www.moskito.cz\/sk\/wp-json\/wp\/v2\/pwb-brand?post=190201"},{"taxonomy":"product_brand","embeddable":true,"href":"https:\/\/www.moskito.cz\/sk\/wp-json\/wp\/v2\/product_brand?post=190201"},{"taxonomy":"product_cat","embeddable":true,"href":"https:\/\/www.moskito.cz\/sk\/wp-json\/wp\/v2\/product_cat?post=190201"},{"taxonomy":"product_tag","embeddable":true,"href":"https:\/\/www.moskito.cz\/sk\/wp-json\/wp\/v2\/product_tag?post=190201"}],"curies":[{"name":"wp","href":"https:\/\/api.w.org\/{rel}","templated":true}]}}