{"id":190262,"date":"2021-02-16T20:19:20","date_gmt":"2021-02-16T19:19:20","guid":{"rendered":"https:\/\/www.moskito.cz\/?post_type=product&#038;p=190262"},"modified":"2025-07-11T07:53:36","modified_gmt":"2025-07-11T06:53:36","slug":"pevny-damaskovy-nuz-kukri-bowie-rosewood","status":"publish","type":"product","link":"https:\/\/www.moskito.cz\/sk\/produkt\/pevny-damaskovy-nuz-kukri-bowie-rosewood\/","title":{"rendered":"Pevn\u00fd Dama\u0161kov\u00fd N\u016f\u017e Kukri Bowie Rosewood"},"content":{"rendered":"<p>Pevn\u00fd<strong> Dama\u0161kov\u00fd <\/strong>N\u016f\u017e Kukri Bowie Rosewood.<br \/>\nCelkov\u00e1 d\u00e9lka no\u017ee je 31,75 cm. 20,32 cm dlouh\u00e1 \u010depel je z dama\u0161kov\u00e9 oceli. Rukoje\u0165 je vyrobena z r\u016f\u017eov\u00e9ho d\u0159eva a \u010dern\u00e9ho pakkawoodu. Pouzdro na opasek z hn\u011bd\u00e9 k\u016f\u017ee je sou\u010d\u00e1st\u00ed no\u017ee.<br \/>\nZem\u011b p\u016fvodu: P\u00e1kist\u00e1n<\/p>\n<p>12.5&#8243; (31.75cm) overall. 8&#8243; (20.32cm) <strong>Damascus <\/strong>steel blade. Damascus guard and pommel. Rosewood and black pakkawood finger grooved handle. Brown leather belt sheath. Boxed.<br \/>\nWeight:1.32lbs<br \/>\nCountry of Origin:Pakistan<\/p>\n","protected":false},"excerpt":{"rendered":"<p><strong>Dama\u0161kov\u00e9<\/strong> kukri s pouzdrem.<br \/>\n<strong>Doprava zdrama<\/strong>.<\/p>\n","protected":false},"featured_media":190263,"comment_status":"open","ping_status":"closed","template":"","meta":[],"pwb-brand":[133],"product_brand":[],"product_cat":[25,17],"product_tag":[],"class_list":{"0":"post-190262","1":"product","2":"type-product","3":"status-publish","4":"has-post-thumbnail","6":"pwb-brand-damascus","7":"product_cat-damascenske-noze","8":"product_cat-noze","10":"first","11":"outofstock","12":"taxable","13":"shipping-taxable","14":"purchasable","15":"product-type-simple"},"brands":[{"id":133,"name":"Damascus","slug":"damascus"}],"_links":{"self":[{"href":"https:\/\/www.moskito.cz\/sk\/wp-json\/wp\/v2\/product\/190262","targetHints":{"allow":["GET"]}}],"collection":[{"href":"https:\/\/www.moskito.cz\/sk\/wp-json\/wp\/v2\/product"}],"about":[{"href":"https:\/\/www.moskito.cz\/sk\/wp-json\/wp\/v2\/types\/product"}],"replies":[{"embeddable":true,"href":"https:\/\/www.moskito.cz\/sk\/wp-json\/wp\/v2\/comments?post=190262"}],"wp:featuredmedia":[{"embeddable":true,"href":"https:\/\/www.moskito.cz\/sk\/wp-json\/wp\/v2\/media\/190263"}],"wp:attachment":[{"href":"https:\/\/www.moskito.cz\/sk\/wp-json\/wp\/v2\/media?parent=190262"}],"wp:term":[{"taxonomy":"pwb-brand","embeddable":true,"href":"https:\/\/www.moskito.cz\/sk\/wp-json\/wp\/v2\/pwb-brand?post=190262"},{"taxonomy":"product_brand","embeddable":true,"href":"https:\/\/www.moskito.cz\/sk\/wp-json\/wp\/v2\/product_brand?post=190262"},{"taxonomy":"product_cat","embeddable":true,"href":"https:\/\/www.moskito.cz\/sk\/wp-json\/wp\/v2\/product_cat?post=190262"},{"taxonomy":"product_tag","embeddable":true,"href":"https:\/\/www.moskito.cz\/sk\/wp-json\/wp\/v2\/product_tag?post=190262"}],"curies":[{"name":"wp","href":"https:\/\/api.w.org\/{rel}","templated":true}]}}