{"id":196694,"date":"2021-04-13T18:17:21","date_gmt":"2021-04-13T17:17:21","guid":{"rendered":"https:\/\/www.moskito.cz\/produkt\/kanetsune-tanzaku-tou-kb-561\/"},"modified":"2025-07-11T07:54:15","modified_gmt":"2025-07-11T06:54:15","slug":"kanetsune-tanzaku-tou-kb-561","status":"publish","type":"product","link":"https:\/\/www.moskito.cz\/sk\/produkt\/kanetsune-tanzaku-tou-kb-561\/","title":{"rendered":"Kanetsune Tanzaku-Tou KB-561"},"content":{"rendered":"<p>Zatv\u00e1rac\u00ed N\u00f4\u017e <strong>Kanetsune<\/strong> Tanzaku-Tou KB-561<\/p>\n<p>No\u017ee <strong>Kanetsune<\/strong>, ktore sa nach\u00e1dzaj\u00fa v Seki City, meste v 800 rokov Klub starom hlavnom meste Orientu, \u0160\u00da \u0161pi\u010dkovej kvality. &#8222;Seki-de\u0148&#8220; je tajn\u00e1 met\u00f3da v\u00fdroby japonsk\u00fdch me\u010dov, ktora bola odovzdan\u00e1 do nasej s\u00fa\u010dasnej doby. Kanetsune Seki, jeden z najlep\u0161\u00edch majstrov v Japonsku, zachov\u00e1va starod\u00e1vnu trad\u00edcie. V\u0161etky uveden\u00e9 no\u017ea bol\u00ed vyroben\u00e9 v Japonsku.<\/p>\n<p>Celkov\u00e1 d\u013a\u017eka: 16,6 cm<\/p>\n<p>D\u013a\u017eka \u010depele. 7,2 cm<\/p>\n<p>Sila \u010depele: 2,8 mm<\/p>\n<p>Oce\u013e: AUS-8<\/p>\n<p>Tvrdos\u0165: 58 &#8211; 59 HRC<\/p>\n<p>Rukov\u00e4\u0165: mosadz<\/p>\n<p>Poistka: liner lock vreckov\u00fd klip<\/p>\n<p>V\u00e1ha: 95 g<\/p>\n","protected":false},"excerpt":{"rendered":"<p>Japonsk\u00fd n\u00f4\u017e\u00a0<strong>Kanetsune<\/strong> \u00a0s kr\u00e1snou mosaznou rukojet\u00ed se sponou..<\/p>\n<p><strong>Doprava zdarma.<\/strong><\/p>\n","protected":false},"featured_media":196692,"comment_status":"open","ping_status":"closed","template":"","meta":[],"pwb-brand":[3188],"product_brand":[],"product_cat":[3186,3187],"product_tag":[],"class_list":{"0":"post-196694","1":"product","2":"type-product","3":"status-publish","4":"has-post-thumbnail","6":"pwb-brand-kanetsune-sk","7":"product_cat-noze-sk","8":"product_cat-pevne-noze-sk","10":"first","11":"instock","12":"taxable","13":"shipping-taxable","14":"purchasable","15":"product-type-simple"},"brands":[{"id":3188,"name":"Kanetsune","slug":"kanetsune-sk"}],"_links":{"self":[{"href":"https:\/\/www.moskito.cz\/sk\/wp-json\/wp\/v2\/product\/196694","targetHints":{"allow":["GET"]}}],"collection":[{"href":"https:\/\/www.moskito.cz\/sk\/wp-json\/wp\/v2\/product"}],"about":[{"href":"https:\/\/www.moskito.cz\/sk\/wp-json\/wp\/v2\/types\/product"}],"replies":[{"embeddable":true,"href":"https:\/\/www.moskito.cz\/sk\/wp-json\/wp\/v2\/comments?post=196694"}],"wp:featuredmedia":[{"embeddable":true,"href":"https:\/\/www.moskito.cz\/sk\/wp-json\/wp\/v2\/media\/196692"}],"wp:attachment":[{"href":"https:\/\/www.moskito.cz\/sk\/wp-json\/wp\/v2\/media?parent=196694"}],"wp:term":[{"taxonomy":"pwb-brand","embeddable":true,"href":"https:\/\/www.moskito.cz\/sk\/wp-json\/wp\/v2\/pwb-brand?post=196694"},{"taxonomy":"product_brand","embeddable":true,"href":"https:\/\/www.moskito.cz\/sk\/wp-json\/wp\/v2\/product_brand?post=196694"},{"taxonomy":"product_cat","embeddable":true,"href":"https:\/\/www.moskito.cz\/sk\/wp-json\/wp\/v2\/product_cat?post=196694"},{"taxonomy":"product_tag","embeddable":true,"href":"https:\/\/www.moskito.cz\/sk\/wp-json\/wp\/v2\/product_tag?post=196694"}],"curies":[{"name":"wp","href":"https:\/\/api.w.org\/{rel}","templated":true}]}}