{"id":196703,"date":"2021-04-13T20:28:44","date_gmt":"2021-04-13T19:28:44","guid":{"rendered":"https:\/\/www.moskito.cz\/produkt\/kanetsune-subaru-skinner-kb-552\/"},"modified":"2025-07-11T07:54:16","modified_gmt":"2025-07-11T06:54:16","slug":"kanetsune-subaru-skinner-kb-552","status":"publish","type":"product","link":"https:\/\/www.moskito.cz\/sk\/produkt\/kanetsune-subaru-skinner-kb-552\/","title":{"rendered":"Kanetsune SUBARU-Skinner KB-552"},"content":{"rendered":"<p>Pevn\u00fd N\u00f4\u017e <strong>Kanetsune<\/strong> SUBARU-Skinner KB-552.<\/p>\n<p>Luxusn\u00e9 japonsk\u00fd dama\u0161kov\u00fd n\u00f4\u017e s oce\u013eou VG10. Dod\u00e1van\u00e9 vr\u00e1tane ko\u017een\u00e9ho p\u00fazdra.<\/p>\n<p>No\u017ee <strong>Kanetsune<\/strong>, ktor\u00e9 sa nach\u00e1dzaj\u00fa v Seki City, meste v 800 rokov starom hlavnom meste Orientu, s\u00fa \u0161pi\u010dkovej kvality. &#8222;Seki-de\u0148&#8220; je tajn\u00e1 met\u00f3da v\u00fdroby japonsk\u00fdch me\u010dov, ktor\u00e1 bola odovzdan\u00e1 do na\u0161ej s\u00fa\u010dasnej doby. Kanetsune Seki, jeden z najlep\u0161\u00edch majstrov v Japonsku, zachov\u00e1va starod\u00e1vne trad\u00edcie. V\u0161etky uveden\u00e9 no\u017ee boli vyroben\u00e9 v Japonsku.<\/p>\n<p>Celkov\u00e1 d\u013a\u017eka: 21,8 cm<br \/>\nD\u013a\u017eka \u010depele: 11,2 cm<br \/>\nOce\u013e: VG-10 \/ Damask 31 vrstiev<br \/>\nTvrdos\u0165: 60-61HRC<br \/>\nRukov\u00e4\u0165: Micarta Mahagon<br \/>\nPuzdro: ko\u017een\u00e9<\/p>\n","protected":false},"excerpt":{"rendered":"<p>Japonsk\u00fd n\u00f4\u017e <strong>Kanetsune<\/strong> z dama\u0161kov\u00e9 ocele.<\/p>\n<p><strong>Doprava zdarma.<\/strong><\/p>\n","protected":false},"featured_media":196701,"comment_status":"open","ping_status":"closed","template":"","meta":[],"pwb-brand":[3188],"product_brand":[],"product_cat":[3186,3187],"product_tag":[],"class_list":{"0":"post-196703","1":"product","2":"type-product","3":"status-publish","4":"has-post-thumbnail","6":"pwb-brand-kanetsune-sk","7":"product_cat-noze-sk","8":"product_cat-pevne-noze-sk","10":"first","11":"outofstock","12":"taxable","13":"shipping-taxable","14":"purchasable","15":"product-type-simple"},"brands":[{"id":3188,"name":"Kanetsune","slug":"kanetsune-sk"}],"_links":{"self":[{"href":"https:\/\/www.moskito.cz\/sk\/wp-json\/wp\/v2\/product\/196703","targetHints":{"allow":["GET"]}}],"collection":[{"href":"https:\/\/www.moskito.cz\/sk\/wp-json\/wp\/v2\/product"}],"about":[{"href":"https:\/\/www.moskito.cz\/sk\/wp-json\/wp\/v2\/types\/product"}],"replies":[{"embeddable":true,"href":"https:\/\/www.moskito.cz\/sk\/wp-json\/wp\/v2\/comments?post=196703"}],"wp:featuredmedia":[{"embeddable":true,"href":"https:\/\/www.moskito.cz\/sk\/wp-json\/wp\/v2\/media\/196701"}],"wp:attachment":[{"href":"https:\/\/www.moskito.cz\/sk\/wp-json\/wp\/v2\/media?parent=196703"}],"wp:term":[{"taxonomy":"pwb-brand","embeddable":true,"href":"https:\/\/www.moskito.cz\/sk\/wp-json\/wp\/v2\/pwb-brand?post=196703"},{"taxonomy":"product_brand","embeddable":true,"href":"https:\/\/www.moskito.cz\/sk\/wp-json\/wp\/v2\/product_brand?post=196703"},{"taxonomy":"product_cat","embeddable":true,"href":"https:\/\/www.moskito.cz\/sk\/wp-json\/wp\/v2\/product_cat?post=196703"},{"taxonomy":"product_tag","embeddable":true,"href":"https:\/\/www.moskito.cz\/sk\/wp-json\/wp\/v2\/product_tag?post=196703"}],"curies":[{"name":"wp","href":"https:\/\/api.w.org\/{rel}","templated":true}]}}