{"id":196749,"date":"2021-04-14T20:50:38","date_gmt":"2021-04-14T19:50:38","guid":{"rendered":"https:\/\/www.moskito.cz\/produkt\/kanetsune-seseragi-skinner-kb-267\/"},"modified":"2025-07-11T07:54:18","modified_gmt":"2025-07-11T06:54:18","slug":"kanetsune-seseragi-skinner-kb-267","status":"publish","type":"product","link":"https:\/\/www.moskito.cz\/sk\/produkt\/kanetsune-seseragi-skinner-kb-267\/","title":{"rendered":"Kanetsune Seseragi-Skinner KB-267"},"content":{"rendered":"<p>Pevn\u00fd N\u00f4\u017e <strong>Kanetsune<\/strong> Seseragi-Skinner KB-267.<\/p>\n<p>No\u017ee Kanetsune, ktor\u00e9 sa nach\u00e1dzaj\u00fa v Seki City, meste v 800 rokov starom hlavnom meste Orientu, s\u00fa \u0161pi\u010dkovej kvality. &#8222;Seki-de\u0148&#8220; je tajn\u00e1 met\u00f3da v\u00fdroby japonsk\u00fdch me\u010dov, ktor\u00e1 bola odovzdan\u00e1 do na\u0161ej s\u00fa\u010dasnej doby. Kanetsune Seki, jeden z najlep\u0161\u00edch majstrov v Japonsku, zachov\u00e1va starod\u00e1vne trad\u00edcie. V\u0161etky uveden\u00e9 no\u017ee boli vyroben\u00e9 v Japonsku.<\/p>\n<p>Celkov\u00e1 d\u013a\u017eka: 18,5 cm<br \/>\nD\u013a\u017eka \u010depele: 6,5 cm<br \/>\nOce\u013e: Blue Steel \/ damask 15 vrstiev<br \/>\nTvrdos\u0165: 61 &#8211; 62 HRC<br \/>\nRukov\u00e4\u0165: drevo<br \/>\nHmotnos\u0165: 140 g<br \/>\nPuzdro: ko\u017een\u00e9<br \/>\nMade in Japan<\/p>\n","protected":false},"excerpt":{"rendered":"<p>Japonsk\u00fd n\u016f\u017e\u00a0<strong>Kanetsune<\/strong>\u00a0z dama\u0161kov\u00e9 ocele.<\/p>\n<p><strong>Doprava zdarma.<\/strong><\/p>\n","protected":false},"featured_media":196747,"comment_status":"open","ping_status":"closed","template":"","meta":[],"pwb-brand":[3188],"product_brand":[],"product_cat":[3186,3187],"product_tag":[],"class_list":{"0":"post-196749","1":"product","2":"type-product","3":"status-publish","4":"has-post-thumbnail","6":"pwb-brand-kanetsune-sk","7":"product_cat-noze-sk","8":"product_cat-pevne-noze-sk","10":"first","11":"instock","12":"taxable","13":"shipping-taxable","14":"purchasable","15":"product-type-simple"},"brands":[{"id":3188,"name":"Kanetsune","slug":"kanetsune-sk"}],"_links":{"self":[{"href":"https:\/\/www.moskito.cz\/sk\/wp-json\/wp\/v2\/product\/196749","targetHints":{"allow":["GET"]}}],"collection":[{"href":"https:\/\/www.moskito.cz\/sk\/wp-json\/wp\/v2\/product"}],"about":[{"href":"https:\/\/www.moskito.cz\/sk\/wp-json\/wp\/v2\/types\/product"}],"replies":[{"embeddable":true,"href":"https:\/\/www.moskito.cz\/sk\/wp-json\/wp\/v2\/comments?post=196749"}],"wp:featuredmedia":[{"embeddable":true,"href":"https:\/\/www.moskito.cz\/sk\/wp-json\/wp\/v2\/media\/196747"}],"wp:attachment":[{"href":"https:\/\/www.moskito.cz\/sk\/wp-json\/wp\/v2\/media?parent=196749"}],"wp:term":[{"taxonomy":"pwb-brand","embeddable":true,"href":"https:\/\/www.moskito.cz\/sk\/wp-json\/wp\/v2\/pwb-brand?post=196749"},{"taxonomy":"product_brand","embeddable":true,"href":"https:\/\/www.moskito.cz\/sk\/wp-json\/wp\/v2\/product_brand?post=196749"},{"taxonomy":"product_cat","embeddable":true,"href":"https:\/\/www.moskito.cz\/sk\/wp-json\/wp\/v2\/product_cat?post=196749"},{"taxonomy":"product_tag","embeddable":true,"href":"https:\/\/www.moskito.cz\/sk\/wp-json\/wp\/v2\/product_tag?post=196749"}],"curies":[{"name":"wp","href":"https:\/\/api.w.org\/{rel}","templated":true}]}}