{"id":196755,"date":"2021-04-14T21:09:07","date_gmt":"2021-04-14T20:09:07","guid":{"rendered":"https:\/\/www.moskito.cz\/produkt\/kanetsune-karasu-kb-254\/"},"modified":"2025-07-11T07:54:18","modified_gmt":"2025-07-11T06:54:18","slug":"kanetsune-karasu-kb-254","status":"publish","type":"product","link":"https:\/\/www.moskito.cz\/sk\/produkt\/kanetsune-karasu-kb-254\/","title":{"rendered":"Kanetsune Karasu KB-254"},"content":{"rendered":"<p><strong>Kanetsune<\/strong> Karasu KB-254.<\/p>\n<p>No\u017ee <strong>Kanetsune<\/strong>, ktor\u00e9 sa nach\u00e1dzaj\u00fa v Seki City, meste v 800 rokov starom hlavnom meste Orientu, s\u00fa \u0161pi\u010dkovej kvality. &#8222;Seki-de\u0148&#8220; je tajn\u00e1 met\u00f3da v\u00fdroby japonsk\u00fdch me\u010dov, ktor\u00e1 bola odovzdan\u00e1 do na\u0161ej s\u00fa\u010dasnej doby. Kanetsune Seki, jeden z najlep\u0161\u00edch majstrov v Japonsku, zachov\u00e1va starod\u00e1vne trad\u00edcie. V\u0161etky uveden\u00e9 no\u017ee boli vyroben\u00e9 v Japonsku.<\/p>\n<p>Celkov\u00e1 d\u013a\u017eka: 26,5 cm<br \/>\nD\u013a\u017eka \u010depele: 12,5 cm<br \/>\nOce\u013e: Modr\u00e1 oce\u013e \/ 15-vrstiev Damascus<br \/>\nTvrdos\u0165: HRC: 61-62<br \/>\nRukov\u00e4\u0165: obalen\u00e1 paracord \u0161n\u00farou<br \/>\nPuzdro: nylon<\/p>\n","protected":false},"excerpt":{"rendered":"<p>Japonsk\u00fd n\u00f4\u017e <strong>Kanetsune<\/strong> z dama\u0161kov\u00e9 ocele.<\/p>\n<p>Doprava zdarma.<\/p>\n","protected":false},"featured_media":196753,"comment_status":"open","ping_status":"closed","template":"","meta":[],"pwb-brand":[3188],"product_brand":[],"product_cat":[3186,3187],"product_tag":[],"class_list":{"0":"post-196755","1":"product","2":"type-product","3":"status-publish","4":"has-post-thumbnail","6":"pwb-brand-kanetsune-sk","7":"product_cat-noze-sk","8":"product_cat-pevne-noze-sk","10":"first","11":"outofstock","12":"taxable","13":"shipping-taxable","14":"purchasable","15":"product-type-simple"},"brands":[{"id":3188,"name":"Kanetsune","slug":"kanetsune-sk"}],"_links":{"self":[{"href":"https:\/\/www.moskito.cz\/sk\/wp-json\/wp\/v2\/product\/196755","targetHints":{"allow":["GET"]}}],"collection":[{"href":"https:\/\/www.moskito.cz\/sk\/wp-json\/wp\/v2\/product"}],"about":[{"href":"https:\/\/www.moskito.cz\/sk\/wp-json\/wp\/v2\/types\/product"}],"replies":[{"embeddable":true,"href":"https:\/\/www.moskito.cz\/sk\/wp-json\/wp\/v2\/comments?post=196755"}],"wp:featuredmedia":[{"embeddable":true,"href":"https:\/\/www.moskito.cz\/sk\/wp-json\/wp\/v2\/media\/196753"}],"wp:attachment":[{"href":"https:\/\/www.moskito.cz\/sk\/wp-json\/wp\/v2\/media?parent=196755"}],"wp:term":[{"taxonomy":"pwb-brand","embeddable":true,"href":"https:\/\/www.moskito.cz\/sk\/wp-json\/wp\/v2\/pwb-brand?post=196755"},{"taxonomy":"product_brand","embeddable":true,"href":"https:\/\/www.moskito.cz\/sk\/wp-json\/wp\/v2\/product_brand?post=196755"},{"taxonomy":"product_cat","embeddable":true,"href":"https:\/\/www.moskito.cz\/sk\/wp-json\/wp\/v2\/product_cat?post=196755"},{"taxonomy":"product_tag","embeddable":true,"href":"https:\/\/www.moskito.cz\/sk\/wp-json\/wp\/v2\/product_tag?post=196755"}],"curies":[{"name":"wp","href":"https:\/\/api.w.org\/{rel}","templated":true}]}}