{"id":196783,"date":"2021-04-15T21:11:40","date_gmt":"2021-04-15T20:11:40","guid":{"rendered":"https:\/\/www.moskito.cz\/produkt\/kanetsune-kb-157\/"},"modified":"2025-07-11T07:54:19","modified_gmt":"2025-07-11T06:54:19","slug":"kanetsune-kb-157","status":"publish","type":"product","link":"https:\/\/www.moskito.cz\/sk\/produkt\/kanetsune-kb-157\/","title":{"rendered":"Kanetsune KB-157"},"content":{"rendered":"<p>Sekera <strong>Kanetsune<\/strong> KB-157.<\/p>\n<p>No\u017ee <strong>Kanetsune<\/strong>, ktor\u00e9 sa nach\u00e1dzaj\u00fa v Seki City, meste v 800 rokov starom hlavnom meste Orientu, s\u00fa \u0161pi\u010dkovej kvality. &#8222;Seki-de\u0148&#8220; je tajn\u00e1 met\u00f3da v\u00fdroby japonsk\u00fdch me\u010dov, ktor\u00e1 bola odovzdan\u00e1 do na\u0161ej s\u00fa\u010dasnej doby. Kanetsune Seki, jeden z najlep\u0161\u00edch majstrov v Japonsku, zachov\u00e1va starod\u00e1vne trad\u00edcie. V\u0161etky uveden\u00e9 no\u017ee boli vyroben\u00e9 v Japonsku.<\/p>\n<p>Krbov\u00e9 ru\u010dn\u00e9 sekera, dubov\u00e1 rukov\u00e4\u0165 s ko\u017een\u00fdm puzdrom KB-157<\/p>\n<p>Celkov\u00e1 d\u013a\u017eka: 36 cm<br \/>\nD\u013a\u017eka ostria: 8,5 cm<br \/>\nOce\u013e: SC Steel core (sandwiched)<br \/>\nRukov\u00e4\u0165: dubov\u00e9 drevo<br \/>\nHmotnos\u0165: 690 g<br \/>\nPuzdro: ko\u017ea<\/p>\n<p>Made in Japan<\/p>\n","protected":false},"excerpt":{"rendered":"<p>Japonsk\u00e1 sekera <strong>Kanetsune.<\/strong><\/p>\n<p><strong>Doprava zdarma.<\/strong><\/p>\n<p>&nbsp;<\/p>\n","protected":false},"featured_media":196995,"comment_status":"open","ping_status":"closed","template":"","meta":[],"pwb-brand":[3188],"product_brand":[],"product_cat":[3190],"product_tag":[],"class_list":{"0":"post-196783","1":"product","2":"type-product","3":"status-publish","4":"has-post-thumbnail","6":"pwb-brand-kanetsune-sk","7":"product_cat-sekery-sk","9":"first","10":"outofstock","11":"taxable","12":"shipping-taxable","13":"purchasable","14":"product-type-simple"},"brands":[{"id":3188,"name":"Kanetsune","slug":"kanetsune-sk"}],"_links":{"self":[{"href":"https:\/\/www.moskito.cz\/sk\/wp-json\/wp\/v2\/product\/196783","targetHints":{"allow":["GET"]}}],"collection":[{"href":"https:\/\/www.moskito.cz\/sk\/wp-json\/wp\/v2\/product"}],"about":[{"href":"https:\/\/www.moskito.cz\/sk\/wp-json\/wp\/v2\/types\/product"}],"replies":[{"embeddable":true,"href":"https:\/\/www.moskito.cz\/sk\/wp-json\/wp\/v2\/comments?post=196783"}],"wp:featuredmedia":[{"embeddable":true,"href":"https:\/\/www.moskito.cz\/sk\/wp-json\/wp\/v2\/media\/196995"}],"wp:attachment":[{"href":"https:\/\/www.moskito.cz\/sk\/wp-json\/wp\/v2\/media?parent=196783"}],"wp:term":[{"taxonomy":"pwb-brand","embeddable":true,"href":"https:\/\/www.moskito.cz\/sk\/wp-json\/wp\/v2\/pwb-brand?post=196783"},{"taxonomy":"product_brand","embeddable":true,"href":"https:\/\/www.moskito.cz\/sk\/wp-json\/wp\/v2\/product_brand?post=196783"},{"taxonomy":"product_cat","embeddable":true,"href":"https:\/\/www.moskito.cz\/sk\/wp-json\/wp\/v2\/product_cat?post=196783"},{"taxonomy":"product_tag","embeddable":true,"href":"https:\/\/www.moskito.cz\/sk\/wp-json\/wp\/v2\/product_tag?post=196783"}],"curies":[{"name":"wp","href":"https:\/\/api.w.org\/{rel}","templated":true}]}}