{"id":196934,"date":"2021-04-17T08:40:21","date_gmt":"2021-04-17T07:40:21","guid":{"rendered":"https:\/\/www.moskito.cz\/produkt\/kanetsune-petty-kc-944\/"},"modified":"2025-07-11T07:54:21","modified_gmt":"2025-07-11T06:54:21","slug":"kanetsune-petty-kc-944","status":"publish","type":"product","link":"https:\/\/www.moskito.cz\/sk\/produkt\/kanetsune-petty-kc-944\/","title":{"rendered":"Kanetsune Petty KC-944"},"content":{"rendered":"<p>Kuchynsk\u00fd N\u00f4\u017e <strong>Kanetsune<\/strong> Petty KC-944.<\/p>\n<p>No\u017ee <strong>Kanetsune<\/strong>, ktor\u00e9 sa nach\u00e1dzaj\u00fa v Seki City, meste v 800 rokov starom hlavnom meste Orientu, s\u00fa \u0161pi\u010dkovej kvality. &#8222;Seki-de\u0148&#8220; je tajn\u00e1 met\u00f3da v\u00fdroby japonsk\u00fdch me\u010dov, ktor\u00e1 bola odovzdan\u00e1 do na\u0161ej s\u00fa\u010dasnej doby. Kanetsune Seki, jeden z najlep\u0161\u00edch majstrov v Japonsku, zachov\u00e1va starod\u00e1vne trad\u00edcie. V\u0161etky uveden\u00e9 no\u017ee boli vyroben\u00e9 v Japonsku.<\/p>\n<p>Celkov\u00e1 d\u013a\u017eka: 24 cm<br \/>\nD\u013a\u017eka \u010depele: 13,5 cm<br \/>\nOce\u013e: VG-1 Nerezov\u00e1 oce\u013e \/ SUS410 nerez oce\u013e, &#8222;Tsuchime (kladivom) povrchov\u00e1 \u00faprava&#8220;, &#8222;Mirror&#8220; le\u0161ten\u00fd<br \/>\nTvrdos\u0165: 59-60 HRC<br \/>\nRukov\u00e4\u0165: dyha drevo \/ nerezov\u00e1 oce\u013e<br \/>\nHmotnos\u0165: 72 g<br \/>\nMade in Japan, Seki City<\/p>\n","protected":false},"excerpt":{"rendered":"<p>Japonsk\u00fd n\u00f4\u017e <strong>Kanetsune<\/strong>.<\/p>\n<p><strong>Doprava zdarma.<\/strong><\/p>\n","protected":false},"featured_media":196982,"comment_status":"open","ping_status":"closed","template":"","meta":[],"pwb-brand":[3188],"product_brand":[],"product_cat":[3194,3193],"product_tag":[],"class_list":{"0":"post-196934","1":"product","2":"type-product","3":"status-publish","4":"has-post-thumbnail","6":"pwb-brand-kanetsune-sk","7":"product_cat-kanetsune-sk","8":"product_cat-kuchynske-noze-sk","10":"first","11":"outofstock","12":"taxable","13":"shipping-taxable","14":"purchasable","15":"product-type-simple"},"brands":[{"id":3188,"name":"Kanetsune","slug":"kanetsune-sk"}],"_links":{"self":[{"href":"https:\/\/www.moskito.cz\/sk\/wp-json\/wp\/v2\/product\/196934","targetHints":{"allow":["GET"]}}],"collection":[{"href":"https:\/\/www.moskito.cz\/sk\/wp-json\/wp\/v2\/product"}],"about":[{"href":"https:\/\/www.moskito.cz\/sk\/wp-json\/wp\/v2\/types\/product"}],"replies":[{"embeddable":true,"href":"https:\/\/www.moskito.cz\/sk\/wp-json\/wp\/v2\/comments?post=196934"}],"wp:featuredmedia":[{"embeddable":true,"href":"https:\/\/www.moskito.cz\/sk\/wp-json\/wp\/v2\/media\/196982"}],"wp:attachment":[{"href":"https:\/\/www.moskito.cz\/sk\/wp-json\/wp\/v2\/media?parent=196934"}],"wp:term":[{"taxonomy":"pwb-brand","embeddable":true,"href":"https:\/\/www.moskito.cz\/sk\/wp-json\/wp\/v2\/pwb-brand?post=196934"},{"taxonomy":"product_brand","embeddable":true,"href":"https:\/\/www.moskito.cz\/sk\/wp-json\/wp\/v2\/product_brand?post=196934"},{"taxonomy":"product_cat","embeddable":true,"href":"https:\/\/www.moskito.cz\/sk\/wp-json\/wp\/v2\/product_cat?post=196934"},{"taxonomy":"product_tag","embeddable":true,"href":"https:\/\/www.moskito.cz\/sk\/wp-json\/wp\/v2\/product_tag?post=196934"}],"curies":[{"name":"wp","href":"https:\/\/api.w.org\/{rel}","templated":true}]}}