{"id":197023,"date":"2021-04-19T21:09:55","date_gmt":"2021-04-19T20:09:55","guid":{"rendered":"https:\/\/www.moskito.cz\/produkt\/heretic-h023-5a-manticore-s\/"},"modified":"2025-07-11T07:54:23","modified_gmt":"2025-07-11T06:54:23","slug":"heretic-h023-5a-manticore-s","status":"publish","type":"product","link":"https:\/\/www.moskito.cz\/sk\/produkt\/heretic-h023-5a-manticore-s\/","title":{"rendered":"Heretic H023-5A Manticore S"},"content":{"rendered":"<p>Vystre\u013eovacie N\u00f4\u017e <strong>Heretic<\/strong> H023-5A Manticore S.<\/p>\n<p><strong>Manticore<\/strong> S je najmen\u0161\u00ed ponuka OTF spolo\u010dnosti Heretic Knives zo s\u00e9rie Manticore. Tento n\u00f4\u017e je 100% vyroben\u00fd a zostaven\u00fd v USA, kryt\u00fd do\u017eivotnou z\u00e1rukou, tak\u017ee si m\u00f4\u017eete by\u0165 ist\u00ed, \u017ee tento OTF vydr\u017e\u00ed. Vyzna\u010duje sa hodv\u00e1bne plynul\u00fdm vystre\u013eovan\u00edm a za\u0165ahovan\u00edm jednou rukou, \u010do je u rady Manticore \u0161tandardn\u00e9. Variant S je kompaktn\u00fd n\u00f4\u017e, integrovan\u00fd otvor na \u0161n\u00farku, l\u00e1ma\u010d skla z tvrdenej ocele a hlbok\u00fd klip. Jeho \u0161t\u00edhly profil a \u013eahk\u00e1 v\u00e1ha umo\u017e\u0148uj\u00fa \u013eahk\u00e9 nosenie a okam\u017eit\u00fa pripravenos\u0165. Akcia je n\u00e1vykov\u00e1, ergon\u00f3mia je na mieste a kvalita zostavenie je \u0161pi\u010dkov\u00e1. Nebudete sklaman\u00ed.<\/p>\n<p>D\u013a\u017eka \u010depele: 6.2 cm<br \/>\nCelkov\u00e1 d\u013a\u017eka: 16.2 cm<br \/>\nMateri\u00e1l \u010depele: CPM-S35VN nerezov\u00e1 oce\u013e<br \/>\nBlade Grind: ploch\u00fd<br \/>\nPovrch \u010depele: Stonewash<br \/>\nMateri\u00e1l rukov\u00e4te: hlin\u00edk<br \/>\nHr\u00fabka rukov\u00e4te: 0,33 &#8220;<br \/>\nUzamykac\u00ed mechanizmus: Sklz<br \/>\nVreckov\u00fd klip: Nerezov\u00e1 oce\u013e Deep Carry (sklopn\u00e1, prav\u00e1)<br \/>\nHmotnos\u0165: 1,8 oz.<br \/>\nN\u00e1vrh\u00e1r: Tony Marfione Jr.<br \/>\nVyroben\u00e9 v USA<\/p>\n","protected":false},"excerpt":{"rendered":"<p>Vystre\u013eovacie N\u00f4\u017e <strong>Heretic<\/strong> H023-5A Manticore S<br \/>\nV\u0161etky no\u017ee s\u00fa vyr\u00e1ban\u00e9 v USA a bude to tak aj na\u010falej. Ka\u017ed\u00fd n\u00f4\u017e, ktor\u00fd opust\u00ed v\u00fdrob\u0148u, je bezchybn\u00fdm umeleck\u00fdm dielom, ktor\u00fd ur\u010dite zap\u00f4sob\u00ed!<\/p>\n<p>Doprava zdarma.<\/p>\n","protected":false},"featured_media":197021,"comment_status":"open","ping_status":"closed","template":"","meta":[],"pwb-brand":[3196],"product_brand":[],"product_cat":[3186,3197],"product_tag":[],"class_list":{"0":"post-197023","1":"product","2":"type-product","3":"status-publish","4":"has-post-thumbnail","6":"pwb-brand-heretic-knives-sk","7":"product_cat-noze-sk","8":"product_cat-vystrelovacie-noze-sk","10":"first","11":"outofstock","12":"taxable","13":"shipping-taxable","14":"purchasable","15":"product-type-simple"},"brands":[{"id":3196,"name":"Heretic Knives","slug":"heretic-knives-sk"}],"_links":{"self":[{"href":"https:\/\/www.moskito.cz\/sk\/wp-json\/wp\/v2\/product\/197023","targetHints":{"allow":["GET"]}}],"collection":[{"href":"https:\/\/www.moskito.cz\/sk\/wp-json\/wp\/v2\/product"}],"about":[{"href":"https:\/\/www.moskito.cz\/sk\/wp-json\/wp\/v2\/types\/product"}],"replies":[{"embeddable":true,"href":"https:\/\/www.moskito.cz\/sk\/wp-json\/wp\/v2\/comments?post=197023"}],"wp:featuredmedia":[{"embeddable":true,"href":"https:\/\/www.moskito.cz\/sk\/wp-json\/wp\/v2\/media\/197021"}],"wp:attachment":[{"href":"https:\/\/www.moskito.cz\/sk\/wp-json\/wp\/v2\/media?parent=197023"}],"wp:term":[{"taxonomy":"pwb-brand","embeddable":true,"href":"https:\/\/www.moskito.cz\/sk\/wp-json\/wp\/v2\/pwb-brand?post=197023"},{"taxonomy":"product_brand","embeddable":true,"href":"https:\/\/www.moskito.cz\/sk\/wp-json\/wp\/v2\/product_brand?post=197023"},{"taxonomy":"product_cat","embeddable":true,"href":"https:\/\/www.moskito.cz\/sk\/wp-json\/wp\/v2\/product_cat?post=197023"},{"taxonomy":"product_tag","embeddable":true,"href":"https:\/\/www.moskito.cz\/sk\/wp-json\/wp\/v2\/product_tag?post=197023"}],"curies":[{"name":"wp","href":"https:\/\/api.w.org\/{rel}","templated":true}]}}