{"id":197081,"date":"2021-04-20T21:52:13","date_gmt":"2021-04-20T20:52:13","guid":{"rendered":"https:\/\/www.moskito.cz\/produkt\/heretic-hydra-tactical-h006-11-at\/"},"modified":"2025-07-11T07:54:25","modified_gmt":"2025-07-11T06:54:25","slug":"heretic-hydra-tactical-h006-11-at","status":"publish","type":"product","link":"https:\/\/www.moskito.cz\/sk\/produkt\/heretic-hydra-tactical-h006-11-at\/","title":{"rendered":"Heretic Hydra Tactical H006-11-AT"},"content":{"rendered":"<p>Vystre\u013eovacie N\u00f4\u017e <strong>Heretic Hydra<\/strong> Tactical H006-11-AT.<\/p>\n<p><strong>Hydra<\/strong> je jedno\u010dinn\u00fd OTF (spredu) automatick\u00fd n\u00f4\u017e a je prvou svojho druhu, ktor\u00fd m\u00e1 gomb\u00edkovou poistku a dvojitou vreckov\u00e9 sponu. Ak chcete n\u00f4\u017e ovl\u00e1da\u0165, jednoducho presu\u0148te poistku gomb\u00edka palcom a potom stla\u010dte tla\u010didlo. Ak chcete \u010depe\u013e zavrie\u0165, stla\u010dte tla\u010didlo a s\u00fa\u010dasne vytiahnite nab\u00edjacie rukov\u00e4\u0165 zo spodnej \u010dasti no\u017ea. T\u00fdm sa dobije pru\u017eina vn\u00fatri a RESET sa mechanizmus, pripraven\u00fd na \u010fal\u0161ie p\u00f4sobiv\u00e9 aktiv\u00e1cii. Hrdo vyroben\u00e9 v USA.<\/p>\n<p>\u0160pecifik\u00e1cia:<br \/>\nD\u013a\u017eka \u010depele: 9 cm<br \/>\nCelkov\u00e1 d\u013a\u017eka: 23 cm<br \/>\nMateri\u00e1l \u010depele: ELMAX<br \/>\n\u0160t\u00fdl \u010depele: Tanto<br \/>\nBlade Grind: Dut\u00fd<br \/>\nMateri\u00e1l rukov\u00e4te: hlin\u00edk<br \/>\nUzamykac\u00ed mechanizmus: Tla\u010didlo<br \/>\nVreckov\u00fd klip: Nerezov\u00e1 oce\u013e Deep Carry (sklopn\u00e1, prav\u00e1)<br \/>\nHmotnos\u0165: 5,2 oz.<br \/>\nN\u00e1vrh\u00e1r: Tony Marfione Jr.<br \/>\nVyroben\u00e9 v USA<\/p>\n","protected":false},"excerpt":{"rendered":"<p>V\u0161etky no\u017ee s\u00fa vyr\u00e1ban\u00e9 v<strong> USA<\/strong> a bude to tak aj na\u010falej. Ka\u017ed\u00fd n\u00f4\u017e, ktor\u00fd opust\u00ed v\u00fdrob\u0148u, je bezchybn\u00fdm umeleck\u00fdm dielom, ktor\u00fd ur\u010dite zap\u00f4sob\u00ed!<\/p>\n<p>Doprava zdarma.<\/p>\n","protected":false},"featured_media":197080,"comment_status":"open","ping_status":"closed","template":"","meta":[],"pwb-brand":[3196],"product_brand":[],"product_cat":[3186,3197],"product_tag":[],"class_list":{"0":"post-197081","1":"product","2":"type-product","3":"status-publish","4":"has-post-thumbnail","6":"pwb-brand-heretic-knives-sk","7":"product_cat-noze-sk","8":"product_cat-vystrelovacie-noze-sk","10":"first","11":"outofstock","12":"taxable","13":"shipping-taxable","14":"purchasable","15":"product-type-simple"},"brands":[{"id":3196,"name":"Heretic Knives","slug":"heretic-knives-sk"}],"_links":{"self":[{"href":"https:\/\/www.moskito.cz\/sk\/wp-json\/wp\/v2\/product\/197081","targetHints":{"allow":["GET"]}}],"collection":[{"href":"https:\/\/www.moskito.cz\/sk\/wp-json\/wp\/v2\/product"}],"about":[{"href":"https:\/\/www.moskito.cz\/sk\/wp-json\/wp\/v2\/types\/product"}],"replies":[{"embeddable":true,"href":"https:\/\/www.moskito.cz\/sk\/wp-json\/wp\/v2\/comments?post=197081"}],"wp:featuredmedia":[{"embeddable":true,"href":"https:\/\/www.moskito.cz\/sk\/wp-json\/wp\/v2\/media\/197080"}],"wp:attachment":[{"href":"https:\/\/www.moskito.cz\/sk\/wp-json\/wp\/v2\/media?parent=197081"}],"wp:term":[{"taxonomy":"pwb-brand","embeddable":true,"href":"https:\/\/www.moskito.cz\/sk\/wp-json\/wp\/v2\/pwb-brand?post=197081"},{"taxonomy":"product_brand","embeddable":true,"href":"https:\/\/www.moskito.cz\/sk\/wp-json\/wp\/v2\/product_brand?post=197081"},{"taxonomy":"product_cat","embeddable":true,"href":"https:\/\/www.moskito.cz\/sk\/wp-json\/wp\/v2\/product_cat?post=197081"},{"taxonomy":"product_tag","embeddable":true,"href":"https:\/\/www.moskito.cz\/sk\/wp-json\/wp\/v2\/product_tag?post=197081"}],"curies":[{"name":"wp","href":"https:\/\/api.w.org\/{rel}","templated":true}]}}