{"id":197149,"date":"2021-04-21T20:57:11","date_gmt":"2021-04-21T19:57:11","guid":{"rendered":"https:\/\/www.moskito.cz\/produkt\/heretic-hydra-carbon-h007-11a-cf-fti\/"},"modified":"2025-07-11T07:54:28","modified_gmt":"2025-07-11T06:54:28","slug":"heretic-hydra-carbon-h007-11a-cf-fti","status":"publish","type":"product","link":"https:\/\/www.moskito.cz\/sk\/produkt\/heretic-hydra-carbon-h007-11a-cf-fti\/","title":{"rendered":"Heretic Hydra Carbon H007-11A-CF\/FTI"},"content":{"rendered":"<p>Vystre\u013eovacie N\u00f4\u017e <strong>Heretic Hydra<\/strong> Carbon H007-11A-CF \/ FTI.<\/p>\n<p>V\u0161etky no\u017ee s\u00fa vyr\u00e1ban\u00e9 v USA a bude to tak aj na\u010falej. Ke\u010f si k\u00fapite jeden z t\u00fdchto no\u017eov, m\u00f4\u017eete ma\u0165 istotu, \u017ee je podporovan\u00fd americkou spolo\u010dnos\u0165ou. No\u017ee s\u00fa vyr\u00e1ban\u00e9 v mal\u00fdch v\u00fdrobn\u00fdch s\u00e9ri\u00e1ch, aby sa zabezpe\u010dilo, \u017ee z\u00edskate kvalitn\u00fd n\u00f4\u017e, ktor\u00e9mu bola venovan\u00e1 pozornos\u0165, ktor\u00fa ostatn\u00ed no\u017ee hromadnej v\u00fdroby nedost\u00e1vaj\u00fa.<\/p>\n<p>Nespo\u010det hod\u00edn sa venuje navrhovaniu, kon\u0161trukcii a v\u00fdrobe no\u017eov, aby kone\u010dn\u00fd produkt mal dlhodob\u00fd a nad\u010dasov\u00fd dizajn. S\u013eubujeme, \u017ee ka\u017ed\u00fd n\u00f4\u017e, ktor\u00fd opust\u00ed v\u00fdrob\u0148u, je bezchybn\u00fdm umeleck\u00fdm dielom, ktor\u00fd ur\u010dite zap\u00f4sob\u00ed!<\/p>\n<p>Fantastick\u00fd n\u00f4\u017e Heretic Hydra Single Action OTF m\u00e1 \u0161peci\u00e1lnu rukov\u00e4\u0165 s uhl\u00edkov\u00fdmi vl\u00e1knami, na ktorej je oto\u010dn\u00fd gomb\u00edk z plamenn\u00e9ho tit\u00e1nu, rovnako aj klip. Ka\u017ed\u00fd vzor plame\u0148a je in\u00fd, v\u010faka \u010domu je ka\u017ed\u00fd n\u00f4\u017e jedine\u010dn\u00fd.<\/p>\n<p>Model: H006-11A-CF \/ FTI<br \/>\nCelkov\u00e1 d\u013a\u017eka: 22 cm<br \/>\nD\u013a\u017eka \u010depele: 9 cm<br \/>\nMateri\u00e1l \u010depele: ELMAX<br \/>\nFinish: Black DLC<br \/>\n\u010dierna farba<\/p>\n","protected":false},"excerpt":{"rendered":"<p>V\u0161etky no\u017ee s\u00fa vyr\u00e1ban\u00e9 v USA a bude to tak aj na\u010falej. Ka\u017ed\u00fd n\u00f4\u017e, ktor\u00fd opust\u00ed v\u00fdrob\u0148u, je bezchybn\u00fdm umeleck\u00fdm dielom, ktor\u00fd ur\u010dite zap\u00f4sob\u00ed!<\/p>\n<p><strong>Doprava zdarma.<\/strong><\/p>\n","protected":false},"featured_media":197148,"comment_status":"open","ping_status":"closed","template":"","meta":[],"pwb-brand":[3196],"product_brand":[],"product_cat":[3186,3197],"product_tag":[],"class_list":{"0":"post-197149","1":"product","2":"type-product","3":"status-publish","4":"has-post-thumbnail","6":"pwb-brand-heretic-knives-sk","7":"product_cat-noze-sk","8":"product_cat-vystrelovacie-noze-sk","10":"first","11":"instock","12":"taxable","13":"shipping-taxable","14":"purchasable","15":"product-type-simple"},"brands":[{"id":3196,"name":"Heretic Knives","slug":"heretic-knives-sk"}],"_links":{"self":[{"href":"https:\/\/www.moskito.cz\/sk\/wp-json\/wp\/v2\/product\/197149","targetHints":{"allow":["GET"]}}],"collection":[{"href":"https:\/\/www.moskito.cz\/sk\/wp-json\/wp\/v2\/product"}],"about":[{"href":"https:\/\/www.moskito.cz\/sk\/wp-json\/wp\/v2\/types\/product"}],"replies":[{"embeddable":true,"href":"https:\/\/www.moskito.cz\/sk\/wp-json\/wp\/v2\/comments?post=197149"}],"wp:featuredmedia":[{"embeddable":true,"href":"https:\/\/www.moskito.cz\/sk\/wp-json\/wp\/v2\/media\/197148"}],"wp:attachment":[{"href":"https:\/\/www.moskito.cz\/sk\/wp-json\/wp\/v2\/media?parent=197149"}],"wp:term":[{"taxonomy":"pwb-brand","embeddable":true,"href":"https:\/\/www.moskito.cz\/sk\/wp-json\/wp\/v2\/pwb-brand?post=197149"},{"taxonomy":"product_brand","embeddable":true,"href":"https:\/\/www.moskito.cz\/sk\/wp-json\/wp\/v2\/product_brand?post=197149"},{"taxonomy":"product_cat","embeddable":true,"href":"https:\/\/www.moskito.cz\/sk\/wp-json\/wp\/v2\/product_cat?post=197149"},{"taxonomy":"product_tag","embeddable":true,"href":"https:\/\/www.moskito.cz\/sk\/wp-json\/wp\/v2\/product_tag?post=197149"}],"curies":[{"name":"wp","href":"https:\/\/api.w.org\/{rel}","templated":true}]}}