{"id":197175,"date":"2021-04-22T20:40:35","date_gmt":"2021-04-22T19:40:35","guid":{"rendered":"https:\/\/www.moskito.cz\/produkt\/heretic-olej-na-noze-h999-otf\/"},"modified":"2025-07-11T07:54:28","modified_gmt":"2025-07-11T06:54:28","slug":"heretic-olej-na-noze-h999-otf","status":"publish","type":"product","link":"https:\/\/www.moskito.cz\/sk\/produkt\/heretic-olej-na-noze-h999-otf\/","title":{"rendered":"Heretic Olej na No\u017ee H999-OTF"},"content":{"rendered":"<p>Tento olej bol vyvinut\u00fd pre no\u017ee OTF a pou\u017e\u00edvaj\u00fa sa v\u00fdhradne na v\u0161etky no\u017ee <strong>Heretic<\/strong>. Jedn\u00e1 sa o syntetick\u00fd olej s inhib\u00edtorom kor\u00f3zie, pr\u00edsadou proti opotrebeniu a obohaten\u00fd o PTFE. Toto mazivo mo\u017eno pou\u017ei\u0165 na ak\u00fdko\u013evek typ no\u017ea, ale bolo \u0161peci\u00e1lne ur\u010den\u00e9 pre komunitu OTF, preto\u017ee viskozita je jedn\u00fdm z najv\u00e4\u010d\u0161\u00edch faktorov, pokia\u013e ide o mazanie pou\u017e\u00edvan\u00e9 na no\u017ee OTF. OTF Lube \u2122 je balen\u00fd do f\u013ea\u0161ti\u010dky s objemom jednej unce s ihlov\u00fdm aplik\u00e1torom.<br \/>\n<strong>Kto ma\u017ee jede<\/strong>!<\/p>\n","protected":false},"excerpt":{"rendered":"<p>V\u0161etky produkty s\u00fa vyr\u00e1ban\u00e9 v <strong>USA<\/strong> a bude to tak aj na\u010falej. Ka\u017ed\u00fd v\u00fdrobok, ktor\u00fd opust\u00ed v\u00fdrob\u0148u, je bezchybn\u00fdm umeleck\u00fdm dielom, ktor\u00fd ur\u010dite zap\u00f4sob\u00ed!<\/p>\n","protected":false},"featured_media":197174,"comment_status":"open","ping_status":"closed","template":"","meta":[],"pwb-brand":[3196],"product_brand":[],"product_cat":[3186,3197],"product_tag":[],"class_list":{"0":"post-197175","1":"product","2":"type-product","3":"status-publish","4":"has-post-thumbnail","6":"pwb-brand-heretic-knives-sk","7":"product_cat-noze-sk","8":"product_cat-vystrelovacie-noze-sk","10":"first","11":"outofstock","12":"taxable","13":"shipping-taxable","14":"purchasable","15":"product-type-simple"},"brands":[{"id":3196,"name":"Heretic Knives","slug":"heretic-knives-sk"}],"_links":{"self":[{"href":"https:\/\/www.moskito.cz\/sk\/wp-json\/wp\/v2\/product\/197175","targetHints":{"allow":["GET"]}}],"collection":[{"href":"https:\/\/www.moskito.cz\/sk\/wp-json\/wp\/v2\/product"}],"about":[{"href":"https:\/\/www.moskito.cz\/sk\/wp-json\/wp\/v2\/types\/product"}],"replies":[{"embeddable":true,"href":"https:\/\/www.moskito.cz\/sk\/wp-json\/wp\/v2\/comments?post=197175"}],"wp:featuredmedia":[{"embeddable":true,"href":"https:\/\/www.moskito.cz\/sk\/wp-json\/wp\/v2\/media\/197174"}],"wp:attachment":[{"href":"https:\/\/www.moskito.cz\/sk\/wp-json\/wp\/v2\/media?parent=197175"}],"wp:term":[{"taxonomy":"pwb-brand","embeddable":true,"href":"https:\/\/www.moskito.cz\/sk\/wp-json\/wp\/v2\/pwb-brand?post=197175"},{"taxonomy":"product_brand","embeddable":true,"href":"https:\/\/www.moskito.cz\/sk\/wp-json\/wp\/v2\/product_brand?post=197175"},{"taxonomy":"product_cat","embeddable":true,"href":"https:\/\/www.moskito.cz\/sk\/wp-json\/wp\/v2\/product_cat?post=197175"},{"taxonomy":"product_tag","embeddable":true,"href":"https:\/\/www.moskito.cz\/sk\/wp-json\/wp\/v2\/product_tag?post=197175"}],"curies":[{"name":"wp","href":"https:\/\/api.w.org\/{rel}","templated":true}]}}